{"id":342906,"date":"2023-07-03T18:02:25","date_gmt":"2023-07-03T17:02:25","guid":{"rendered":"https:\/\/mah.6bdv.ws\/product\/halloween-ends-2022-michael-myers-ultimate-7-action-figure-pre-order\/"},"modified":"2026-04-03T19:01:49","modified_gmt":"2026-04-03T18:01:49","slug":"halloween-ends-2022-michael-myers-ultimate-7-action-figure","status":"publish","type":"product","link":"https:\/\/madabouthorror.co.uk\/fr\/product\/halloween-ends-2022-michael-myers-ultimate-7-action-figure\/","title":{"rendered":"NECA Halloween Ends (2022) - Michael Myers Ultimate 7\u2033 Scale Action Figure"},"content":{"rendered":"<div class=\"fusion-title title fusion-title-3 fusion-title-text fusion-title-size-one\">\n<div class=\"title-sep-container\">\n<p style=\"font-weight: 400;\">La figurine ultime de Michael Myers par NECA, issue de Halloween Ends, la suite palpitante de Halloween Kills !<\/p>\n<p style=\"font-weight: 400;\">Quatre ans plus tard, Laurie vit avec sa petite-fille et \u00e9crit ses m\u00e9moires. Un jeune homme du coin, autrefois accus\u00e9 d'avoir tu\u00e9 l'enfant dont il avait la garde, entame une relation avec sa petite-fille, et une s\u00e9rie d'\u00e9v\u00e9nements commence \u00e0 se d\u00e9rouler\u2026 Une s\u00e9rie d'\u00e9v\u00e9nements qui forcera Laurie \u00e0 affronter le mal qu'elle ne peut contr\u00f4ler, une fois pour toutes.<\/p>\n<p style=\"font-weight: 400;\">Cette figurine de Michael Myers fid\u00e8le \u00e0 l'\u00e9cran mesure 7 pouces et est livr\u00e9e avec une tonne d'accessoires, dont des couteaux, une citrouille, une t\u00eate et des mains interchangeables. Comme d'habitude, cette figurine est livr\u00e9e dans une bo\u00eete respectueuse des collectionneurs avec un couvercle frontal ouvrant et une superbe illustration.<\/p>\n<p style=\"font-weight: 400;\">\n<\/div>\n<\/div>\n<h4><\/h4>","protected":false},"excerpt":{"rendered":"<p>La figurine d'action ultime de Michael Myers de NECA, tir\u00e9e de *Halloween Ends*, la suite passionnante de *Halloween Kills* ! Quatre ans plus tard, Laurie vit avec sa petite-fille et \u00e9crit ses m\u00e9moires. Un gar\u00e7on de la r\u00e9gion, accus\u00e9 autrefois d'avoir tu\u00e9 un enfant dont il avait la garde, noue une relation avec sa petite-fille, et une s\u00e9rie d'\u00e9v\u00e9nements commence \u00e0 se d\u00e9rouler\u2026 \\[...]<\/p>","protected":false},"featured_media":342897,"comment_status":"closed","ping_status":"closed","template":"","meta":{"_acf_changed":false},"product_brand":[],"product_cat":[6538,10132,10041,6537,10038,6784,9935,6780,6627,6793,6660],"product_tag":[],"class_list":{"0":"post-342906","1":"product","2":"type-product","3":"status-publish","4":"has-post-thumbnail","6":"product_cat-figures","7":"product_cat-masks-collectibles","8":"product_cat-gifts-under-50","9":"product_cat-collectibles","10":"product_cat-horror-gifts","11":"product_cat-michael-myers","12":"product_cat-neca-ultimates","13":"product_cat-brand","14":"product_cat-movie","15":"product_cat-neca","16":"product_cat-halloweenmichaelmyers","17":"product_shipping_class-small-parcel-economy-3-5-business-days","18":"pa_brand-neca","19":"pa_character-halloweenmichaelmyers","20":"pa_google_tax-ba-artsentertainmenthobbiescr","22":"first","23":"outofstock","24":"taxable","25":"shipping-taxable","26":"purchasable","27":"product-type-simple"},"supplier_id":467442,"supplier_sku":"60651","barcode":"634483000000","atum_controlled":true,"out_stock_date":"2025-07-24 23:47:43","out_stock_threshold":null,"inheritable":false,"inbound_stock":0,"stock_on_hold":0,"sold_today":0,"sales_last_days":0,"reserved_stock":0,"customer_returns":0,"warehouse_damage":0,"lost_in_post":0,"other_logs":0,"out_stock_days":279,"lost_sales":1871,"has_location":false,"update_date":"2026-04-30T01:15:07","atum_locations":[],"atum_stock_status":"outofstock","restock_status":false,"low_stock_amount":1,"sales_update_date":"2026-04-30T01:15:05","calc_backorders":null,"acf":[],"yoast_head":"<!-- This site is optimized with the Yoast SEO plugin v27.5 - https:\/\/yoast.com\/product\/yoast-seo-wordpress\/ -->\n<title>NECA Halloween Ends - Michael Myers Ultimate 7&quot; Action Figure<\/title>\n<meta name=\"description\" content=\"NEW Halloween Ends Michael Myers Ultimate figure from NECA. Shipped by Mad About Horror. Officially licensed Horror Masks &amp; Collectibles.\" \/>\n<meta name=\"robots\" content=\"index, follow, max-snippet:-1, max-image-preview:large, max-video-preview:-1\" \/>\n<link rel=\"canonical\" href=\"https:\/\/madabouthorror.co.uk\/fr\/product\/halloween-ends-2022-michael-myers-ultimate-7-action-figure\/\" \/>\n<meta property=\"og:locale\" content=\"fr_FR\" \/>\n<meta property=\"og:type\" content=\"article\" \/>\n<meta property=\"og:title\" content=\"NECA Halloween Ends - Michael Myers Ultimate 7&quot; Action Figure\" \/>\n<meta property=\"og:description\" content=\"NEW Halloween Ends Michael Myers Ultimate figure from NECA. Shipped by Mad About Horror. Officially licensed Horror Masks &amp; Collectibles.\" \/>\n<meta property=\"og:url\" content=\"https:\/\/madabouthorror.co.uk\/fr\/product\/halloween-ends-2022-michael-myers-ultimate-7-action-figure\/\" \/>\n<meta property=\"og:site_name\" content=\"Mad About Horror\" \/>\n<meta property=\"article:publisher\" content=\"https:\/\/www.facebook.com\/madabouthorror\/\" \/>\n<meta property=\"article:modified_time\" content=\"2026-04-03T18:01:49+00:00\" \/>\n<meta property=\"og:image\" content=\"https:\/\/madabouthorror.co.uk\/wp-content\/uploads\/2023\/07\/7_neca_michael_myers_halloween_ends_ultimate_action_figure.jpg\" \/>\n\t<meta property=\"og:image:width\" content=\"670\" \/>\n\t<meta property=\"og:image:height\" content=\"670\" \/>\n\t<meta property=\"og:image:type\" content=\"image\/jpeg\" \/>\n<meta name=\"twitter:card\" content=\"summary_large_image\" \/>\n<meta name=\"twitter:label1\" content=\"Dur\u00e9e de lecture estim\u00e9e\" \/>\n\t<meta name=\"twitter:data1\" content=\"1 minute\" \/>\n<script type=\"application\/ld+json\" class=\"yoast-schema-graph\">{\"@context\":\"https:\\\/\\\/schema.org\",\"@graph\":[{\"@type\":[\"WebPage\",\"ItemPage\"],\"@id\":\"https:\\\/\\\/madabouthorror.co.uk\\\/product\\\/halloween-ends-2022-michael-myers-ultimate-7-action-figure\\\/\",\"url\":\"https:\\\/\\\/madabouthorror.co.uk\\\/product\\\/halloween-ends-2022-michael-myers-ultimate-7-action-figure\\\/\",\"name\":\"NECA Halloween Ends - Michael Myers Ultimate 7\\\" Action Figure\",\"isPartOf\":{\"@id\":\"https:\\\/\\\/madabouthorror.co.uk\\\/#website\"},\"primaryImageOfPage\":{\"@id\":\"https:\\\/\\\/madabouthorror.co.uk\\\/product\\\/halloween-ends-2022-michael-myers-ultimate-7-action-figure\\\/#primaryimage\"},\"image\":{\"@id\":\"https:\\\/\\\/madabouthorror.co.uk\\\/product\\\/halloween-ends-2022-michael-myers-ultimate-7-action-figure\\\/#primaryimage\"},\"thumbnailUrl\":\"https:\\\/\\\/madabouthorror.co.uk\\\/wp-content\\\/uploads\\\/2023\\\/07\\\/7_neca_michael_myers_halloween_ends_ultimate_action_figure.jpg\",\"datePublished\":\"2023-07-03T17:02:25+00:00\",\"dateModified\":\"2026-04-03T18:01:49+00:00\",\"description\":\"NEW Halloween Ends Michael Myers Ultimate figure from NECA. Shipped by Mad About Horror. Officially licensed Horror Masks & Collectibles.\",\"breadcrumb\":{\"@id\":\"https:\\\/\\\/madabouthorror.co.uk\\\/product\\\/halloween-ends-2022-michael-myers-ultimate-7-action-figure\\\/#breadcrumb\"},\"inLanguage\":\"fr-FR\",\"potentialAction\":[{\"@type\":\"ReadAction\",\"target\":[\"https:\\\/\\\/madabouthorror.co.uk\\\/product\\\/halloween-ends-2022-michael-myers-ultimate-7-action-figure\\\/\"]}]},{\"@type\":\"ImageObject\",\"inLanguage\":\"fr-FR\",\"@id\":\"https:\\\/\\\/madabouthorror.co.uk\\\/product\\\/halloween-ends-2022-michael-myers-ultimate-7-action-figure\\\/#primaryimage\",\"url\":\"https:\\\/\\\/madabouthorror.co.uk\\\/wp-content\\\/uploads\\\/2023\\\/07\\\/7_neca_michael_myers_halloween_ends_ultimate_action_figure.jpg\",\"contentUrl\":\"https:\\\/\\\/madabouthorror.co.uk\\\/wp-content\\\/uploads\\\/2023\\\/07\\\/7_neca_michael_myers_halloween_ends_ultimate_action_figure.jpg\",\"width\":670,\"height\":670,\"caption\":\"Halloween Ends (2022) Michael Myers Ultimate 7\\\" Action Figure\"},{\"@type\":\"BreadcrumbList\",\"@id\":\"https:\\\/\\\/madabouthorror.co.uk\\\/product\\\/halloween-ends-2022-michael-myers-ultimate-7-action-figure\\\/#breadcrumb\",\"itemListElement\":[{\"@type\":\"ListItem\",\"position\":1,\"name\":\"Shop\",\"item\":\"https:\\\/\\\/madabouthorror.co.uk\\\/shop\\\/\"},{\"@type\":\"ListItem\",\"position\":2,\"name\":\"NECA Halloween Ends (2022) &#8211; Michael Myers Ultimate 7&#8243; Scale Action Figure\"}]},{\"@type\":\"WebSite\",\"@id\":\"https:\\\/\\\/madabouthorror.co.uk\\\/#website\",\"url\":\"https:\\\/\\\/madabouthorror.co.uk\\\/\",\"name\":\"Mad About Horror\",\"description\":\"\",\"publisher\":{\"@id\":\"https:\\\/\\\/madabouthorror.co.uk\\\/#organization\"},\"alternateName\":\"Mad About Horror Limited\",\"potentialAction\":[{\"@type\":\"SearchAction\",\"target\":{\"@type\":\"EntryPoint\",\"urlTemplate\":\"https:\\\/\\\/madabouthorror.co.uk\\\/?s={search_term_string}\"},\"query-input\":{\"@type\":\"PropertyValueSpecification\",\"valueRequired\":true,\"valueName\":\"search_term_string\"}}],\"inLanguage\":\"fr-FR\"},{\"@type\":\"Organization\",\"@id\":\"https:\\\/\\\/madabouthorror.co.uk\\\/#organization\",\"name\":\"Mad About Horror\",\"url\":\"https:\\\/\\\/madabouthorror.co.uk\\\/\",\"logo\":{\"@type\":\"ImageObject\",\"inLanguage\":\"fr-FR\",\"@id\":\"https:\\\/\\\/madabouthorror.co.uk\\\/#\\\/schema\\\/logo\\\/image\\\/\",\"url\":\"https:\\\/\\\/madabouthorror.co.uk\\\/wp-content\\\/uploads\\\/2024\\\/02\\\/cropped-Logo.png\",\"contentUrl\":\"https:\\\/\\\/madabouthorror.co.uk\\\/wp-content\\\/uploads\\\/2024\\\/02\\\/cropped-Logo.png\",\"width\":240,\"height\":88,\"caption\":\"Mad About Horror\"},\"image\":{\"@id\":\"https:\\\/\\\/madabouthorror.co.uk\\\/#\\\/schema\\\/logo\\\/image\\\/\"},\"sameAs\":[\"https:\\\/\\\/www.facebook.com\\\/madabouthorror\\\/\",\"https:\\\/\\\/www.instagram.com\\\/madabouthorror\\\/\",\"https:\\\/\\\/www.pinterest.co.uk\\\/madabouthorror\\\/\",\"https:\\\/\\\/www.youtube.com\\\/channel\\\/UCBooLOIxjoQ89dj6T5lWm_w\",\"https:\\\/\\\/www.tiktok.com\\\/@weremadabouthorror\"]}]}<\/script>\n<!-- \/ Yoast SEO plugin. -->","yoast_head_json":{"title":"NECA Halloween Ends - Figurine articul\u00e9e Ultimate Michael Myers 18 cm","description":"NOUVELLE figurine Ultimate Michael Myers Halloween Ends de NECA. Exp\u00e9di\u00e9 par Mad About Horror. Masques d'horreur et objets de collection sous licence officielle.","robots":{"index":"index","follow":"follow","max-snippet":"max-snippet:-1","max-image-preview":"max-image-preview:large","max-video-preview":"max-video-preview:-1"},"canonical":"https:\/\/madabouthorror.co.uk\/fr\/product\/halloween-ends-2022-michael-myers-ultimate-7-action-figure\/","og_locale":"fr_FR","og_type":"article","og_title":"NECA Halloween Ends - Michael Myers Ultimate 7\" Action Figure","og_description":"NEW Halloween Ends Michael Myers Ultimate figure from NECA. Shipped by Mad About Horror. Officially licensed Horror Masks & Collectibles.","og_url":"https:\/\/madabouthorror.co.uk\/fr\/product\/halloween-ends-2022-michael-myers-ultimate-7-action-figure\/","og_site_name":"Mad About Horror","article_publisher":"https:\/\/www.facebook.com\/madabouthorror\/","article_modified_time":"2026-04-03T18:01:49+00:00","og_image":[{"width":670,"height":670,"url":"https:\/\/madabouthorror.co.uk\/wp-content\/uploads\/2023\/07\/7_neca_michael_myers_halloween_ends_ultimate_action_figure.jpg","type":"image\/jpeg"}],"twitter_card":"summary_large_image","twitter_misc":{"Dur\u00e9e de lecture estim\u00e9e":"1 minute"},"schema":{"@context":"https:\/\/schema.org","@graph":[{"@type":["WebPage","ItemPage"],"@id":"https:\/\/madabouthorror.co.uk\/product\/halloween-ends-2022-michael-myers-ultimate-7-action-figure\/","url":"https:\/\/madabouthorror.co.uk\/product\/halloween-ends-2022-michael-myers-ultimate-7-action-figure\/","name":"NECA Halloween Ends - Figurine articul\u00e9e Ultimate Michael Myers 18 cm","isPartOf":{"@id":"https:\/\/madabouthorror.co.uk\/#website"},"primaryImageOfPage":{"@id":"https:\/\/madabouthorror.co.uk\/product\/halloween-ends-2022-michael-myers-ultimate-7-action-figure\/#primaryimage"},"image":{"@id":"https:\/\/madabouthorror.co.uk\/product\/halloween-ends-2022-michael-myers-ultimate-7-action-figure\/#primaryimage"},"thumbnailUrl":"https:\/\/madabouthorror.co.uk\/wp-content\/uploads\/2023\/07\/7_neca_michael_myers_halloween_ends_ultimate_action_figure.jpg","datePublished":"2023-07-03T17:02:25+00:00","dateModified":"2026-04-03T18:01:49+00:00","description":"NOUVELLE figurine Ultimate Michael Myers Halloween Ends de NECA. Exp\u00e9di\u00e9 par Mad About Horror. Masques d'horreur et objets de collection sous licence officielle.","breadcrumb":{"@id":"https:\/\/madabouthorror.co.uk\/product\/halloween-ends-2022-michael-myers-ultimate-7-action-figure\/#breadcrumb"},"inLanguage":"fr-FR","potentialAction":[{"@type":"ReadAction","target":["https:\/\/madabouthorror.co.uk\/product\/halloween-ends-2022-michael-myers-ultimate-7-action-figure\/"]}]},{"@type":"ImageObject","inLanguage":"fr-FR","@id":"https:\/\/madabouthorror.co.uk\/product\/halloween-ends-2022-michael-myers-ultimate-7-action-figure\/#primaryimage","url":"https:\/\/madabouthorror.co.uk\/wp-content\/uploads\/2023\/07\/7_neca_michael_myers_halloween_ends_ultimate_action_figure.jpg","contentUrl":"https:\/\/madabouthorror.co.uk\/wp-content\/uploads\/2023\/07\/7_neca_michael_myers_halloween_ends_ultimate_action_figure.jpg","width":670,"height":670,"caption":"Halloween Ends (2022) Michael Myers Ultimate 7\" Action Figure"},{"@type":"BreadcrumbList","@id":"https:\/\/madabouthorror.co.uk\/product\/halloween-ends-2022-michael-myers-ultimate-7-action-figure\/#breadcrumb","itemListElement":[{"@type":"ListItem","position":1,"name":"Shop","item":"https:\/\/madabouthorror.co.uk\/shop\/"},{"@type":"ListItem","position":2,"name":"NECA Halloween Ends (2022) &#8211; Michael Myers Ultimate 7&#8243; Scale Action Figure"}]},{"@type":"WebSite","@id":"https:\/\/madabouthorror.co.uk\/#website","url":"https:\/\/madabouthorror.co.uk\/","name":"L'horreur en folie","description":"","publisher":{"@id":"https:\/\/madabouthorror.co.uk\/#organization"},"alternateName":"Mad About Horror Limited","potentialAction":[{"@type":"SearchAction","target":{"@type":"EntryPoint","urlTemplate":"https:\/\/madabouthorror.co.uk\/?s={search_term_string}"},"query-input":{"@type":"PropertyValueSpecification","valueRequired":true,"valueName":"search_term_string"}}],"inLanguage":"fr-FR"},{"@type":"Organization","@id":"https:\/\/madabouthorror.co.uk\/#organization","name":"L'horreur en folie","url":"https:\/\/madabouthorror.co.uk\/","logo":{"@type":"ImageObject","inLanguage":"fr-FR","@id":"https:\/\/madabouthorror.co.uk\/#\/schema\/logo\/image\/","url":"https:\/\/madabouthorror.co.uk\/wp-content\/uploads\/2024\/02\/cropped-Logo.png","contentUrl":"https:\/\/madabouthorror.co.uk\/wp-content\/uploads\/2024\/02\/cropped-Logo.png","width":240,"height":88,"caption":"Mad About Horror"},"image":{"@id":"https:\/\/madabouthorror.co.uk\/#\/schema\/logo\/image\/"},"sameAs":["https:\/\/www.facebook.com\/madabouthorror\/","https:\/\/www.instagram.com\/madabouthorror\/","https:\/\/www.pinterest.co.uk\/madabouthorror\/","https:\/\/www.youtube.com\/channel\/UCBooLOIxjoQ89dj6T5lWm_w","https:\/\/www.tiktok.com\/@weremadabouthorror"]}]}},"df_price":46.95,"df_sale_price":"","df_regular_price":46.95,"df_image_link":"https:\/\/madabouthorror.co.uk\/wp-content\/uploads\/2023\/07\/7_neca_michael_myers_halloween_ends_ultimate_action_figure-300x300.jpg","_links":{"self":[{"href":"https:\/\/madabouthorror.co.uk\/fr\/wp-json\/wp\/v2\/product\/342906","targetHints":{"allow":["GET"]}}],"collection":[{"href":"https:\/\/madabouthorror.co.uk\/fr\/wp-json\/wp\/v2\/product"}],"about":[{"href":"https:\/\/madabouthorror.co.uk\/fr\/wp-json\/wp\/v2\/types\/product"}],"replies":[{"embeddable":true,"href":"https:\/\/madabouthorror.co.uk\/fr\/wp-json\/wp\/v2\/comments?post=342906"}],"wp:featuredmedia":[{"embeddable":true,"href":"https:\/\/madabouthorror.co.uk\/fr\/wp-json\/wp\/v2\/media\/342897"}],"wp:attachment":[{"href":"https:\/\/madabouthorror.co.uk\/fr\/wp-json\/wp\/v2\/media?parent=342906"}],"wp:term":[{"taxonomy":"product_brand","embeddable":true,"href":"https:\/\/madabouthorror.co.uk\/fr\/wp-json\/wp\/v2\/product_brand?post=342906"},{"taxonomy":"product_cat","embeddable":true,"href":"https:\/\/madabouthorror.co.uk\/fr\/wp-json\/wp\/v2\/product_cat?post=342906"},{"taxonomy":"product_tag","embeddable":true,"href":"https:\/\/madabouthorror.co.uk\/fr\/wp-json\/wp\/v2\/product_tag?post=342906"}],"curies":[{"name":"wp","href":"https:\/\/api.w.org\/{rel}","templated":true}]}}