{"id":343843,"date":"2023-07-20T11:21:09","date_gmt":"2023-07-20T10:21:09","guid":{"rendered":"https:\/\/mah.6bdv.ws\/product\/scream-greats-candy-corn-jacob-atkins-8-figure\/"},"modified":"2026-04-02T09:40:46","modified_gmt":"2026-04-02T08:40:46","slug":"scream-greats-candy-corn-jacob-atkins-8-figure","status":"publish","type":"product","link":"https:\/\/madabouthorror.co.uk\/fr\/product\/scream-greats-candy-corn-jacob-atkins-8-figure\/","title":{"rendered":"Scream Greats - Candy Corn - Jacob Atkins 8\u2033 Figure"},"content":{"rendered":"<div class=\"light-inner-row not-in-quickbuy\"><\/div>\n<div class=\"light-inner-row not-in-quickbuy\">Sculpt\u00e9 par Alexander Ray et Justin Mabry.<\/div>\n<div class=\"light-inner-row not-in-quickbuy\"><\/div>\n<div class=\"light-inner-row not-in-quickbuy\">Les studios Trick or Treat ont ajout\u00e9 la figurine Candy Corn, Jacob Atkins dans la collection Scream Greats Series 1 !<\/div>\n<div class=\"rte cf light-inner-row not-in-quickbuy\">\n<div class=\"description rte section cf not-in-quickbuy\">\n<p>Chaque figurine tr\u00e8s d\u00e9taill\u00e9e est \u00e0 l'\u00e9chelle 8 pouces et sera parfaite pour \u00eatre expos\u00e9e dans n'importe quelle collection. Achetez notre collection Scream Greats Series 1 pour Jacob Atkins et plus encore !<\/p>\n<p>Comprend : Figurine Jacob Atkins \u00e0 l'\u00e9chelle 8\u2033 avec accessoire seau \u00e0 citrouille.<\/p>\n<p>Emball\u00e9 - carte au dos avec un blister en plastique.<\/p>\n<\/div>\n<div class=\"rte cf light-inner-row not-in-quickbuy\">\n<p>2023 Candy Corn LLC. Tous droits r\u00e9serv\u00e9s.<\/p>\n<\/div>\n<div class=\"rte cf light-inner-row not-in-quickbuy\">\n<p>\u00c9chelle de 8\u2033.<\/p>\n<\/div>\n<\/div>","protected":false},"excerpt":{"rendered":"<p>Sculpt\u00e9 par Alexander Ray et Justin Mabry. Les studios Trick or Treat ont ajout\u00e9 la figurine Candy Corn, Jacob Atkins dans la collection Scream Greats Series 1 ! Chaque figurine tr\u00e8s d\u00e9taill\u00e9e est \u00e0 l'\u00e9chelle 8 pouces et sera parfaite pour \u00eatre expos\u00e9e dans n'importe quelle collection. Magasinez notre collection Scream Greats Series 1 pour Jacob Atkins [...]<\/p>","protected":false},"featured_media":343837,"comment_status":"closed","ping_status":"closed","template":"","meta":{"_acf_changed":false},"product_brand":[],"product_cat":[10075,6538,10126,10039,10041,6537,10038,8802,6636,6792],"product_tag":[],"class_list":{"0":"post-343843","1":"product","2":"type-product","3":"status-publish","4":"has-post-thumbnail","6":"product_cat-action-figures","7":"product_cat-figures","8":"product_cat-scream-greats","9":"product_cat-stocking-fillers","10":"product_cat-gifts-under-50","11":"product_cat-collectibles","12":"product_cat-horror-gifts","13":"product_cat-sale","14":"product_cat-candycorn","15":"product_cat-trick-or-treat-studios","16":"product_shipping_class-small-parcel-economy-3-5-business-days","17":"pa_brand-trickortreatstudios","18":"pa_character-candycorn","19":"pa_google_tax-ba-artsentertainmenthobbiescr","21":"first","22":"instock","23":"sale","24":"taxable","25":"shipping-taxable","26":"purchasable","27":"product-type-simple"},"supplier_id":471029,"supplier_sku":"TTCC106","barcode":"811501038368","atum_controlled":true,"out_stock_date":null,"out_stock_threshold":null,"inheritable":false,"inbound_stock":0,"stock_on_hold":0,"sold_today":0,"sales_last_days":0,"reserved_stock":0,"customer_returns":0,"warehouse_damage":0,"lost_in_post":0,"other_logs":0,"out_stock_days":0,"lost_sales":0,"has_location":false,"update_date":"2026-04-03T01:42:44","atum_locations":[],"atum_stock_status":"instock","restock_status":false,"low_stock_amount":0,"sales_update_date":"2026-04-03T01:42:43","calc_backorders":null,"acf":[],"yoast_head":"<!-- This site is optimized with the Yoast SEO plugin v27.3 - https:\/\/yoast.com\/product\/yoast-seo-wordpress\/ -->\n<title>Scream Greats - Candy Corn - Jacob Atkins 8&quot; Figure<\/title>\n<meta name=\"description\" content=\"Scream Greats 8&quot; collectible action figures by Trick or Treat Studios including Halloween 1978 Michael Myers, Killer Klowns, Candyman and many more. Shop at the UK&#039;s leading horror collectibles specialist. 8&quot; Scale\" \/>\n<meta name=\"robots\" content=\"index, follow, max-snippet:-1, max-image-preview:large, max-video-preview:-1\" \/>\n<link rel=\"canonical\" href=\"https:\/\/madabouthorror.co.uk\/fr\/product\/scream-greats-candy-corn-jacob-atkins-8-figure\/\" \/>\n<meta property=\"og:locale\" content=\"fr_FR\" \/>\n<meta property=\"og:type\" content=\"article\" \/>\n<meta property=\"og:title\" content=\"Scream Greats - Candy Corn - Jacob Atkins 8&quot; Figure\" \/>\n<meta property=\"og:description\" content=\"Scream Greats 8&quot; collectible action figures by Trick or Treat Studios including Halloween 1978 Michael Myers, Killer Klowns, Candyman and many more. Shop at the UK&#039;s leading horror collectibles specialist. 8&quot; Scale\" \/>\n<meta property=\"og:url\" content=\"https:\/\/madabouthorror.co.uk\/fr\/product\/scream-greats-candy-corn-jacob-atkins-8-figure\/\" \/>\n<meta property=\"og:site_name\" content=\"Mad About Horror\" \/>\n<meta property=\"article:publisher\" content=\"https:\/\/www.facebook.com\/madabouthorror\/\" \/>\n<meta property=\"article:modified_time\" content=\"2026-04-02T08:40:46+00:00\" \/>\n<meta property=\"og:image\" content=\"https:\/\/madabouthorror.co.uk\/wp-content\/uploads\/2023\/07\/scream_greats_candy_corn_jacob_.jpg\" \/>\n\t<meta property=\"og:image:width\" content=\"650\" \/>\n\t<meta property=\"og:image:height\" content=\"650\" \/>\n\t<meta property=\"og:image:type\" content=\"image\/jpeg\" \/>\n<meta name=\"twitter:card\" content=\"summary_large_image\" \/>\n<meta name=\"twitter:label1\" content=\"Dur\u00e9e de lecture estim\u00e9e\" \/>\n\t<meta name=\"twitter:data1\" content=\"1 minute\" \/>\n<script type=\"application\/ld+json\" class=\"yoast-schema-graph\">{\"@context\":\"https:\\\/\\\/schema.org\",\"@graph\":[{\"@type\":[\"WebPage\",\"ItemPage\"],\"@id\":\"https:\\\/\\\/madabouthorror.co.uk\\\/product\\\/scream-greats-candy-corn-jacob-atkins-8-figure\\\/\",\"url\":\"https:\\\/\\\/madabouthorror.co.uk\\\/product\\\/scream-greats-candy-corn-jacob-atkins-8-figure\\\/\",\"name\":\"Scream Greats - Candy Corn - Jacob Atkins 8\\\" Figure\",\"isPartOf\":{\"@id\":\"https:\\\/\\\/madabouthorror.co.uk\\\/#website\"},\"primaryImageOfPage\":{\"@id\":\"https:\\\/\\\/madabouthorror.co.uk\\\/product\\\/scream-greats-candy-corn-jacob-atkins-8-figure\\\/#primaryimage\"},\"image\":{\"@id\":\"https:\\\/\\\/madabouthorror.co.uk\\\/product\\\/scream-greats-candy-corn-jacob-atkins-8-figure\\\/#primaryimage\"},\"thumbnailUrl\":\"https:\\\/\\\/madabouthorror.co.uk\\\/wp-content\\\/uploads\\\/2023\\\/07\\\/scream_greats_candy_corn_jacob_.jpg\",\"datePublished\":\"2023-07-20T10:21:09+00:00\",\"dateModified\":\"2026-04-02T08:40:46+00:00\",\"description\":\"Scream Greats 8\\\" collectible action figures by Trick or Treat Studios including Halloween 1978 Michael Myers, Killer Klowns, Candyman and many more. Shop at the UK's leading horror collectibles specialist. 8\\\" Scale\",\"breadcrumb\":{\"@id\":\"https:\\\/\\\/madabouthorror.co.uk\\\/product\\\/scream-greats-candy-corn-jacob-atkins-8-figure\\\/#breadcrumb\"},\"inLanguage\":\"fr-FR\",\"potentialAction\":[{\"@type\":\"ReadAction\",\"target\":[\"https:\\\/\\\/madabouthorror.co.uk\\\/product\\\/scream-greats-candy-corn-jacob-atkins-8-figure\\\/\"]}]},{\"@type\":\"ImageObject\",\"inLanguage\":\"fr-FR\",\"@id\":\"https:\\\/\\\/madabouthorror.co.uk\\\/product\\\/scream-greats-candy-corn-jacob-atkins-8-figure\\\/#primaryimage\",\"url\":\"https:\\\/\\\/madabouthorror.co.uk\\\/wp-content\\\/uploads\\\/2023\\\/07\\\/scream_greats_candy_corn_jacob_.jpg\",\"contentUrl\":\"https:\\\/\\\/madabouthorror.co.uk\\\/wp-content\\\/uploads\\\/2023\\\/07\\\/scream_greats_candy_corn_jacob_.jpg\",\"width\":650,\"height\":650,\"caption\":\"Scream Greats - Candy Corn - Jacob Atkins 8\\\" Figure\"},{\"@type\":\"BreadcrumbList\",\"@id\":\"https:\\\/\\\/madabouthorror.co.uk\\\/product\\\/scream-greats-candy-corn-jacob-atkins-8-figure\\\/#breadcrumb\",\"itemListElement\":[{\"@type\":\"ListItem\",\"position\":1,\"name\":\"Shop\",\"item\":\"https:\\\/\\\/madabouthorror.co.uk\\\/shop\\\/\"},{\"@type\":\"ListItem\",\"position\":2,\"name\":\"Scream Greats &#8211; Candy Corn &#8211; Jacob Atkins 8&#8243; Figure\"}]},{\"@type\":\"WebSite\",\"@id\":\"https:\\\/\\\/madabouthorror.co.uk\\\/#website\",\"url\":\"https:\\\/\\\/madabouthorror.co.uk\\\/\",\"name\":\"Mad About Horror\",\"description\":\"\",\"publisher\":{\"@id\":\"https:\\\/\\\/madabouthorror.co.uk\\\/#organization\"},\"alternateName\":\"Mad About Horror Limited\",\"potentialAction\":[{\"@type\":\"SearchAction\",\"target\":{\"@type\":\"EntryPoint\",\"urlTemplate\":\"https:\\\/\\\/madabouthorror.co.uk\\\/?s={search_term_string}\"},\"query-input\":{\"@type\":\"PropertyValueSpecification\",\"valueRequired\":true,\"valueName\":\"search_term_string\"}}],\"inLanguage\":\"fr-FR\"},{\"@type\":\"Organization\",\"@id\":\"https:\\\/\\\/madabouthorror.co.uk\\\/#organization\",\"name\":\"Mad About Horror\",\"url\":\"https:\\\/\\\/madabouthorror.co.uk\\\/\",\"logo\":{\"@type\":\"ImageObject\",\"inLanguage\":\"fr-FR\",\"@id\":\"https:\\\/\\\/madabouthorror.co.uk\\\/#\\\/schema\\\/logo\\\/image\\\/\",\"url\":\"https:\\\/\\\/madabouthorror.co.uk\\\/wp-content\\\/uploads\\\/2024\\\/02\\\/cropped-Logo.png\",\"contentUrl\":\"https:\\\/\\\/madabouthorror.co.uk\\\/wp-content\\\/uploads\\\/2024\\\/02\\\/cropped-Logo.png\",\"width\":240,\"height\":88,\"caption\":\"Mad About Horror\"},\"image\":{\"@id\":\"https:\\\/\\\/madabouthorror.co.uk\\\/#\\\/schema\\\/logo\\\/image\\\/\"},\"sameAs\":[\"https:\\\/\\\/www.facebook.com\\\/madabouthorror\\\/\",\"https:\\\/\\\/www.instagram.com\\\/madabouthorror\\\/\",\"https:\\\/\\\/www.pinterest.co.uk\\\/madabouthorror\\\/\",\"https:\\\/\\\/www.youtube.com\\\/channel\\\/UCBooLOIxjoQ89dj6T5lWm_w\",\"https:\\\/\\\/www.tiktok.com\\\/@weremadabouthorror\"]}]}<\/script>\n<!-- \/ Yoast SEO plugin. -->","yoast_head_json":{"title":"Scream Greats - Candy Corn - Jacob Atkins 8\" Figure","description":"Figurines de collection Scream Greats 8\" par Trick or Treat Studios incluant Halloween 1978 Michael Myers, Killer Klowns, Candyman et bien d'autres. Faites vos achats chez le sp\u00e9cialiste britannique des objets de collection d'horreur. \u00c9chelle 8","robots":{"index":"index","follow":"follow","max-snippet":"max-snippet:-1","max-image-preview":"max-image-preview:large","max-video-preview":"max-video-preview:-1"},"canonical":"https:\/\/madabouthorror.co.uk\/fr\/product\/scream-greats-candy-corn-jacob-atkins-8-figure\/","og_locale":"fr_FR","og_type":"article","og_title":"Scream Greats - Candy Corn - Jacob Atkins 8\" Figure","og_description":"Scream Greats 8\" collectible action figures by Trick or Treat Studios including Halloween 1978 Michael Myers, Killer Klowns, Candyman and many more. Shop at the UK's leading horror collectibles specialist. 8\" Scale","og_url":"https:\/\/madabouthorror.co.uk\/fr\/product\/scream-greats-candy-corn-jacob-atkins-8-figure\/","og_site_name":"Mad About Horror","article_publisher":"https:\/\/www.facebook.com\/madabouthorror\/","article_modified_time":"2026-04-02T08:40:46+00:00","og_image":[{"width":650,"height":650,"url":"https:\/\/madabouthorror.co.uk\/wp-content\/uploads\/2023\/07\/scream_greats_candy_corn_jacob_.jpg","type":"image\/jpeg"}],"twitter_card":"summary_large_image","twitter_misc":{"Dur\u00e9e de lecture estim\u00e9e":"1 minute"},"schema":{"@context":"https:\/\/schema.org","@graph":[{"@type":["WebPage","ItemPage"],"@id":"https:\/\/madabouthorror.co.uk\/product\/scream-greats-candy-corn-jacob-atkins-8-figure\/","url":"https:\/\/madabouthorror.co.uk\/product\/scream-greats-candy-corn-jacob-atkins-8-figure\/","name":"Scream Greats - Candy Corn - Jacob Atkins 8\" Figure","isPartOf":{"@id":"https:\/\/madabouthorror.co.uk\/#website"},"primaryImageOfPage":{"@id":"https:\/\/madabouthorror.co.uk\/product\/scream-greats-candy-corn-jacob-atkins-8-figure\/#primaryimage"},"image":{"@id":"https:\/\/madabouthorror.co.uk\/product\/scream-greats-candy-corn-jacob-atkins-8-figure\/#primaryimage"},"thumbnailUrl":"https:\/\/madabouthorror.co.uk\/wp-content\/uploads\/2023\/07\/scream_greats_candy_corn_jacob_.jpg","datePublished":"2023-07-20T10:21:09+00:00","dateModified":"2026-04-02T08:40:46+00:00","description":"Figurines de collection Scream Greats 8\" par Trick or Treat Studios incluant Halloween 1978 Michael Myers, Killer Klowns, Candyman et bien d'autres. Faites vos achats chez le sp\u00e9cialiste britannique des objets de collection d'horreur. \u00c9chelle 8","breadcrumb":{"@id":"https:\/\/madabouthorror.co.uk\/product\/scream-greats-candy-corn-jacob-atkins-8-figure\/#breadcrumb"},"inLanguage":"fr-FR","potentialAction":[{"@type":"ReadAction","target":["https:\/\/madabouthorror.co.uk\/product\/scream-greats-candy-corn-jacob-atkins-8-figure\/"]}]},{"@type":"ImageObject","inLanguage":"fr-FR","@id":"https:\/\/madabouthorror.co.uk\/product\/scream-greats-candy-corn-jacob-atkins-8-figure\/#primaryimage","url":"https:\/\/madabouthorror.co.uk\/wp-content\/uploads\/2023\/07\/scream_greats_candy_corn_jacob_.jpg","contentUrl":"https:\/\/madabouthorror.co.uk\/wp-content\/uploads\/2023\/07\/scream_greats_candy_corn_jacob_.jpg","width":650,"height":650,"caption":"Scream Greats - Candy Corn - Jacob Atkins 8\" Figure"},{"@type":"BreadcrumbList","@id":"https:\/\/madabouthorror.co.uk\/product\/scream-greats-candy-corn-jacob-atkins-8-figure\/#breadcrumb","itemListElement":[{"@type":"ListItem","position":1,"name":"Shop","item":"https:\/\/madabouthorror.co.uk\/shop\/"},{"@type":"ListItem","position":2,"name":"Scream Greats &#8211; Candy Corn &#8211; Jacob Atkins 8&#8243; Figure"}]},{"@type":"WebSite","@id":"https:\/\/madabouthorror.co.uk\/#website","url":"https:\/\/madabouthorror.co.uk\/","name":"L'horreur en folie","description":"","publisher":{"@id":"https:\/\/madabouthorror.co.uk\/#organization"},"alternateName":"Mad About Horror Limited","potentialAction":[{"@type":"SearchAction","target":{"@type":"EntryPoint","urlTemplate":"https:\/\/madabouthorror.co.uk\/?s={search_term_string}"},"query-input":{"@type":"PropertyValueSpecification","valueRequired":true,"valueName":"search_term_string"}}],"inLanguage":"fr-FR"},{"@type":"Organization","@id":"https:\/\/madabouthorror.co.uk\/#organization","name":"L'horreur en folie","url":"https:\/\/madabouthorror.co.uk\/","logo":{"@type":"ImageObject","inLanguage":"fr-FR","@id":"https:\/\/madabouthorror.co.uk\/#\/schema\/logo\/image\/","url":"https:\/\/madabouthorror.co.uk\/wp-content\/uploads\/2024\/02\/cropped-Logo.png","contentUrl":"https:\/\/madabouthorror.co.uk\/wp-content\/uploads\/2024\/02\/cropped-Logo.png","width":240,"height":88,"caption":"Mad About Horror"},"image":{"@id":"https:\/\/madabouthorror.co.uk\/#\/schema\/logo\/image\/"},"sameAs":["https:\/\/www.facebook.com\/madabouthorror\/","https:\/\/www.instagram.com\/madabouthorror\/","https:\/\/www.pinterest.co.uk\/madabouthorror\/","https:\/\/www.youtube.com\/channel\/UCBooLOIxjoQ89dj6T5lWm_w","https:\/\/www.tiktok.com\/@weremadabouthorror"]}]}},"df_price":20.78,"df_sale_price":20.78,"df_regular_price":31.2,"df_image_link":"https:\/\/madabouthorror.co.uk\/wp-content\/uploads\/2023\/07\/scream_greats_candy_corn_jacob_-300x300.jpg","_links":{"self":[{"href":"https:\/\/madabouthorror.co.uk\/fr\/wp-json\/wp\/v2\/product\/343843","targetHints":{"allow":["GET"]}}],"collection":[{"href":"https:\/\/madabouthorror.co.uk\/fr\/wp-json\/wp\/v2\/product"}],"about":[{"href":"https:\/\/madabouthorror.co.uk\/fr\/wp-json\/wp\/v2\/types\/product"}],"replies":[{"embeddable":true,"href":"https:\/\/madabouthorror.co.uk\/fr\/wp-json\/wp\/v2\/comments?post=343843"}],"wp:featuredmedia":[{"embeddable":true,"href":"https:\/\/madabouthorror.co.uk\/fr\/wp-json\/wp\/v2\/media\/343837"}],"wp:attachment":[{"href":"https:\/\/madabouthorror.co.uk\/fr\/wp-json\/wp\/v2\/media?parent=343843"}],"wp:term":[{"taxonomy":"product_brand","embeddable":true,"href":"https:\/\/madabouthorror.co.uk\/fr\/wp-json\/wp\/v2\/product_brand?post=343843"},{"taxonomy":"product_cat","embeddable":true,"href":"https:\/\/madabouthorror.co.uk\/fr\/wp-json\/wp\/v2\/product_cat?post=343843"},{"taxonomy":"product_tag","embeddable":true,"href":"https:\/\/madabouthorror.co.uk\/fr\/wp-json\/wp\/v2\/product_tag?post=343843"}],"curies":[{"name":"wp","href":"https:\/\/api.w.org\/{rel}","templated":true}]}}