{"id":344257,"date":"2021-07-13T11:13:26","date_gmt":"2021-07-13T10:13:26","guid":{"rendered":"https:\/\/mah.6bdv.ws\/product\/jack-fibreglass-mask-wicked-orange\/"},"modified":"2024-12-06T12:46:05","modified_gmt":"2024-12-06T12:46:05","slug":"jack-fibreglass-mask-wicked-orange","status":"publish","type":"product","link":"https:\/\/madabouthorror.co.uk\/fr\/product\/jack-fibreglass-mask-wicked-orange\/","title":{"rendered":"Masque en fibre de verre Jack (Motionless in White), Wicked Orange"},"content":{"rendered":"<h4>Masque en fibre de verre Jack, Wicked Orange<\/h4>\n<p>Par Brocksmith Designs.<\/p>\n<p>Comme on peut le voir dans <em>Motionless in White<\/em> morts-vivants en avant 2 !<\/p>\n<p>Il s'agit d'un masque de hockey d'une qualit\u00e9 incroyable, fabriqu\u00e9 en fibre de verre et peint \u00e0 la main \u00e0 la perfection. Ce masque a \u00e9t\u00e9 sculpt\u00e9 \u00e0 la main et comporte des lani\u00e8res en cuir v\u00e9ritable avec des pointes en m\u00e9tal, un cache-\u0153il en filet et des boucles de haute qualit\u00e9.<\/p>\n<p>Cr\u00e9\u00e9 pour les collectionneurs, les hanteurs et les cosplayers, ce masque est parfait pour Halloween et les \u00e9v\u00e9nements d'horreur. Il est durable et confortable \u00e0 porter, donc parfait pour les acteurs d'\u00e9pouvante.<\/p>\n<p>Exclusivement disponible au Royaume-Uni et en Europe aupr\u00e8s de Mad About Horror.<\/p>","protected":false},"excerpt":{"rendered":"<p>Masque Jack en fibre de verre, Wicked Orange By Brocksmith Designs. Vu dans Motionless in White's undead ahead 2 ! Il s'agit d'un masque de hockey d'une qualit\u00e9 incroyable, fabriqu\u00e9 en fibre de verre et peint \u00e0 la main \u00e0 la perfection. Ce masque a \u00e9t\u00e9 sculpt\u00e9 \u00e0 la main, a des sangles en cuir v\u00e9ritable avec des pointes en m\u00e9tal, un cache-\u0153il en maille et des boucles de haute qualit\u00e9. Cr\u00e9\u00e9 pour les collectionneurs, les hanteurs et les cosplayers [...]<\/p>","protected":false},"featured_media":48893,"comment_status":"closed","ping_status":"closed","template":"","meta":{"_acf_changed":false},"product_brand":[],"product_cat":[6542,7096,6541,6543,6824,6601,6816],"product_tag":[],"class_list":{"0":"post-344257","1":"product","2":"type-product","3":"status-publish","4":"has-post-thumbnail","6":"product_cat-premium-masks","7":"product_cat-dystopia-anarchy","8":"product_cat-masks","9":"product_cat-professional","10":"product_cat-professional-masks","11":"product_cat-music-bands","12":"product_cat-masks-killers","14":"first","15":"instock","16":"taxable","17":"shipping-taxable","18":"purchasable","19":"product-type-simple"},"supplier_id":467460,"supplier_sku":"","barcode":"","atum_controlled":true,"out_stock_date":null,"out_stock_threshold":null,"inheritable":false,"inbound_stock":0,"stock_on_hold":0,"sold_today":0,"sales_last_days":0,"reserved_stock":0,"customer_returns":0,"warehouse_damage":0,"lost_in_post":0,"other_logs":0,"out_stock_days":0,"lost_sales":0,"has_location":false,"update_date":"2026-04-15T00:25:38","atum_locations":[],"atum_stock_status":"instock","restock_status":false,"low_stock_amount":"","sales_update_date":"2026-04-15T00:25:36","calc_backorders":null,"acf":[],"yoast_head":"<!-- This site is optimized with the Yoast SEO plugin v27.4 - https:\/\/yoast.com\/product\/yoast-seo-wordpress\/ -->\n<title>Brocksmith Designs - Jack Fibreglass Mask, Wicked Orange<\/title>\n<meta name=\"description\" content=\"Motionless in White Jack Fibreglass Mask by Brocksmith Designs. UK &amp; Europe exclusive stockist. High quality horror &amp; Halloween masks for events, professional scare actors and cosplayers.\" \/>\n<meta name=\"robots\" content=\"index, follow, max-snippet:-1, max-image-preview:large, max-video-preview:-1\" \/>\n<link rel=\"canonical\" href=\"https:\/\/madabouthorror.co.uk\/fr\/product\/jack-fibreglass-mask-wicked-orange\/\" \/>\n<meta property=\"og:locale\" content=\"fr_FR\" \/>\n<meta property=\"og:type\" content=\"article\" \/>\n<meta property=\"og:title\" content=\"Brocksmith Designs - Jack Fibreglass Mask, Wicked Orange\" \/>\n<meta property=\"og:description\" content=\"Motionless in White Jack Fibreglass Mask by Brocksmith Designs. UK &amp; Europe exclusive stockist. High quality horror &amp; Halloween masks for events, professional scare actors and cosplayers.\" \/>\n<meta property=\"og:url\" content=\"https:\/\/madabouthorror.co.uk\/fr\/product\/jack-fibreglass-mask-wicked-orange\/\" \/>\n<meta property=\"og:site_name\" content=\"Mad About Horror\" \/>\n<meta property=\"article:publisher\" content=\"https:\/\/www.facebook.com\/madabouthorror\/\" \/>\n<meta property=\"article:modified_time\" content=\"2024-12-06T12:46:05+00:00\" \/>\n<meta property=\"og:image\" content=\"https:\/\/madabouthorror.co.uk\/wp-content\/uploads\/2021\/07\/brocksmith_designs_jack_motionless_in_white_fibreglass_mask.jpg\" \/>\n\t<meta property=\"og:image:width\" content=\"670\" \/>\n\t<meta property=\"og:image:height\" content=\"670\" \/>\n\t<meta property=\"og:image:type\" content=\"image\/jpeg\" \/>\n<meta name=\"twitter:card\" content=\"summary_large_image\" \/>\n<meta name=\"twitter:label1\" content=\"Dur\u00e9e de lecture estim\u00e9e\" \/>\n\t<meta name=\"twitter:data1\" content=\"1 minute\" \/>\n<script type=\"application\/ld+json\" class=\"yoast-schema-graph\">{\"@context\":\"https:\\\/\\\/schema.org\",\"@graph\":[{\"@type\":[\"WebPage\",\"ItemPage\"],\"@id\":\"https:\\\/\\\/madabouthorror.co.uk\\\/product\\\/jack-fibreglass-mask-wicked-orange\\\/\",\"url\":\"https:\\\/\\\/madabouthorror.co.uk\\\/product\\\/jack-fibreglass-mask-wicked-orange\\\/\",\"name\":\"Brocksmith Designs - Jack Fibreglass Mask, Wicked Orange\",\"isPartOf\":{\"@id\":\"https:\\\/\\\/madabouthorror.co.uk\\\/#website\"},\"primaryImageOfPage\":{\"@id\":\"https:\\\/\\\/madabouthorror.co.uk\\\/product\\\/jack-fibreglass-mask-wicked-orange\\\/#primaryimage\"},\"image\":{\"@id\":\"https:\\\/\\\/madabouthorror.co.uk\\\/product\\\/jack-fibreglass-mask-wicked-orange\\\/#primaryimage\"},\"thumbnailUrl\":\"https:\\\/\\\/madabouthorror.co.uk\\\/wp-content\\\/uploads\\\/2021\\\/07\\\/brocksmith_designs_jack_motionless_in_white_fibreglass_mask.jpg\",\"datePublished\":\"2021-07-13T10:13:26+00:00\",\"dateModified\":\"2024-12-06T12:46:05+00:00\",\"description\":\"Motionless in White Jack Fibreglass Mask by Brocksmith Designs. UK & Europe exclusive stockist. High quality horror & Halloween masks for events, professional scare actors and cosplayers.\",\"breadcrumb\":{\"@id\":\"https:\\\/\\\/madabouthorror.co.uk\\\/product\\\/jack-fibreglass-mask-wicked-orange\\\/#breadcrumb\"},\"inLanguage\":\"fr-FR\",\"potentialAction\":[{\"@type\":\"ReadAction\",\"target\":[\"https:\\\/\\\/madabouthorror.co.uk\\\/product\\\/jack-fibreglass-mask-wicked-orange\\\/\"]}]},{\"@type\":\"ImageObject\",\"inLanguage\":\"fr-FR\",\"@id\":\"https:\\\/\\\/madabouthorror.co.uk\\\/product\\\/jack-fibreglass-mask-wicked-orange\\\/#primaryimage\",\"url\":\"https:\\\/\\\/madabouthorror.co.uk\\\/wp-content\\\/uploads\\\/2021\\\/07\\\/brocksmith_designs_jack_motionless_in_white_fibreglass_mask.jpg\",\"contentUrl\":\"https:\\\/\\\/madabouthorror.co.uk\\\/wp-content\\\/uploads\\\/2021\\\/07\\\/brocksmith_designs_jack_motionless_in_white_fibreglass_mask.jpg\",\"width\":670,\"height\":670,\"caption\":\"Jack Fibreglass Mask (Motionless in White), Wicked Orange-0\"},{\"@type\":\"BreadcrumbList\",\"@id\":\"https:\\\/\\\/madabouthorror.co.uk\\\/product\\\/jack-fibreglass-mask-wicked-orange\\\/#breadcrumb\",\"itemListElement\":[{\"@type\":\"ListItem\",\"position\":1,\"name\":\"Shop\",\"item\":\"https:\\\/\\\/madabouthorror.co.uk\\\/shop\\\/\"},{\"@type\":\"ListItem\",\"position\":2,\"name\":\"Jack Fibreglass Mask (Motionless in White), Wicked Orange\"}]},{\"@type\":\"WebSite\",\"@id\":\"https:\\\/\\\/madabouthorror.co.uk\\\/#website\",\"url\":\"https:\\\/\\\/madabouthorror.co.uk\\\/\",\"name\":\"Mad About Horror\",\"description\":\"\",\"publisher\":{\"@id\":\"https:\\\/\\\/madabouthorror.co.uk\\\/#organization\"},\"alternateName\":\"Mad About Horror Limited\",\"potentialAction\":[{\"@type\":\"SearchAction\",\"target\":{\"@type\":\"EntryPoint\",\"urlTemplate\":\"https:\\\/\\\/madabouthorror.co.uk\\\/?s={search_term_string}\"},\"query-input\":{\"@type\":\"PropertyValueSpecification\",\"valueRequired\":true,\"valueName\":\"search_term_string\"}}],\"inLanguage\":\"fr-FR\"},{\"@type\":\"Organization\",\"@id\":\"https:\\\/\\\/madabouthorror.co.uk\\\/#organization\",\"name\":\"Mad About Horror\",\"url\":\"https:\\\/\\\/madabouthorror.co.uk\\\/\",\"logo\":{\"@type\":\"ImageObject\",\"inLanguage\":\"fr-FR\",\"@id\":\"https:\\\/\\\/madabouthorror.co.uk\\\/#\\\/schema\\\/logo\\\/image\\\/\",\"url\":\"https:\\\/\\\/madabouthorror.co.uk\\\/wp-content\\\/uploads\\\/2024\\\/02\\\/cropped-Logo.png\",\"contentUrl\":\"https:\\\/\\\/madabouthorror.co.uk\\\/wp-content\\\/uploads\\\/2024\\\/02\\\/cropped-Logo.png\",\"width\":240,\"height\":88,\"caption\":\"Mad About Horror\"},\"image\":{\"@id\":\"https:\\\/\\\/madabouthorror.co.uk\\\/#\\\/schema\\\/logo\\\/image\\\/\"},\"sameAs\":[\"https:\\\/\\\/www.facebook.com\\\/madabouthorror\\\/\",\"https:\\\/\\\/www.instagram.com\\\/madabouthorror\\\/\",\"https:\\\/\\\/www.pinterest.co.uk\\\/madabouthorror\\\/\",\"https:\\\/\\\/www.youtube.com\\\/channel\\\/UCBooLOIxjoQ89dj6T5lWm_w\",\"https:\\\/\\\/www.tiktok.com\\\/@weremadabouthorror\"]}]}<\/script>\n<!-- \/ Yoast SEO plugin. -->","yoast_head_json":{"title":"Brocksmith Designs - Masque en fibre de verre Jack, Wicked Orange","description":"Masque en fibre de verre de Jack, immobile et blanc, Brocksmith Designs. Stockiste exclusif pour le Royaume-Uni et l'Europe. Masques d'horreur et d'Halloween de haute qualit\u00e9 pour les \u00e9v\u00e9nements, les acteurs professionnels de l'\u00e9pouvante et les cosplayers.","robots":{"index":"index","follow":"follow","max-snippet":"max-snippet:-1","max-image-preview":"max-image-preview:large","max-video-preview":"max-video-preview:-1"},"canonical":"https:\/\/madabouthorror.co.uk\/fr\/product\/jack-fibreglass-mask-wicked-orange\/","og_locale":"fr_FR","og_type":"article","og_title":"Brocksmith Designs - Jack Fibreglass Mask, Wicked Orange","og_description":"Motionless in White Jack Fibreglass Mask by Brocksmith Designs. UK & Europe exclusive stockist. High quality horror & Halloween masks for events, professional scare actors and cosplayers.","og_url":"https:\/\/madabouthorror.co.uk\/fr\/product\/jack-fibreglass-mask-wicked-orange\/","og_site_name":"Mad About Horror","article_publisher":"https:\/\/www.facebook.com\/madabouthorror\/","article_modified_time":"2024-12-06T12:46:05+00:00","og_image":[{"width":670,"height":670,"url":"https:\/\/madabouthorror.co.uk\/wp-content\/uploads\/2021\/07\/brocksmith_designs_jack_motionless_in_white_fibreglass_mask.jpg","type":"image\/jpeg"}],"twitter_card":"summary_large_image","twitter_misc":{"Dur\u00e9e de lecture estim\u00e9e":"1 minute"},"schema":{"@context":"https:\/\/schema.org","@graph":[{"@type":["WebPage","ItemPage"],"@id":"https:\/\/madabouthorror.co.uk\/product\/jack-fibreglass-mask-wicked-orange\/","url":"https:\/\/madabouthorror.co.uk\/product\/jack-fibreglass-mask-wicked-orange\/","name":"Brocksmith Designs - Masque en fibre de verre Jack, Wicked Orange","isPartOf":{"@id":"https:\/\/madabouthorror.co.uk\/#website"},"primaryImageOfPage":{"@id":"https:\/\/madabouthorror.co.uk\/product\/jack-fibreglass-mask-wicked-orange\/#primaryimage"},"image":{"@id":"https:\/\/madabouthorror.co.uk\/product\/jack-fibreglass-mask-wicked-orange\/#primaryimage"},"thumbnailUrl":"https:\/\/madabouthorror.co.uk\/wp-content\/uploads\/2021\/07\/brocksmith_designs_jack_motionless_in_white_fibreglass_mask.jpg","datePublished":"2021-07-13T10:13:26+00:00","dateModified":"2024-12-06T12:46:05+00:00","description":"Masque en fibre de verre de Jack, immobile et blanc, Brocksmith Designs. Stockiste exclusif pour le Royaume-Uni et l'Europe. Masques d'horreur et d'Halloween de haute qualit\u00e9 pour les \u00e9v\u00e9nements, les acteurs professionnels de l'\u00e9pouvante et les cosplayers.","breadcrumb":{"@id":"https:\/\/madabouthorror.co.uk\/product\/jack-fibreglass-mask-wicked-orange\/#breadcrumb"},"inLanguage":"fr-FR","potentialAction":[{"@type":"ReadAction","target":["https:\/\/madabouthorror.co.uk\/product\/jack-fibreglass-mask-wicked-orange\/"]}]},{"@type":"ImageObject","inLanguage":"fr-FR","@id":"https:\/\/madabouthorror.co.uk\/product\/jack-fibreglass-mask-wicked-orange\/#primaryimage","url":"https:\/\/madabouthorror.co.uk\/wp-content\/uploads\/2021\/07\/brocksmith_designs_jack_motionless_in_white_fibreglass_mask.jpg","contentUrl":"https:\/\/madabouthorror.co.uk\/wp-content\/uploads\/2021\/07\/brocksmith_designs_jack_motionless_in_white_fibreglass_mask.jpg","width":670,"height":670,"caption":"Jack Fibreglass Mask (Motionless in White), Wicked Orange-0"},{"@type":"BreadcrumbList","@id":"https:\/\/madabouthorror.co.uk\/product\/jack-fibreglass-mask-wicked-orange\/#breadcrumb","itemListElement":[{"@type":"ListItem","position":1,"name":"Shop","item":"https:\/\/madabouthorror.co.uk\/shop\/"},{"@type":"ListItem","position":2,"name":"Jack Fibreglass Mask (Motionless in White), Wicked Orange"}]},{"@type":"WebSite","@id":"https:\/\/madabouthorror.co.uk\/#website","url":"https:\/\/madabouthorror.co.uk\/","name":"L'horreur en folie","description":"","publisher":{"@id":"https:\/\/madabouthorror.co.uk\/#organization"},"alternateName":"Mad About Horror Limited","potentialAction":[{"@type":"SearchAction","target":{"@type":"EntryPoint","urlTemplate":"https:\/\/madabouthorror.co.uk\/?s={search_term_string}"},"query-input":{"@type":"PropertyValueSpecification","valueRequired":true,"valueName":"search_term_string"}}],"inLanguage":"fr-FR"},{"@type":"Organization","@id":"https:\/\/madabouthorror.co.uk\/#organization","name":"L'horreur en folie","url":"https:\/\/madabouthorror.co.uk\/","logo":{"@type":"ImageObject","inLanguage":"fr-FR","@id":"https:\/\/madabouthorror.co.uk\/#\/schema\/logo\/image\/","url":"https:\/\/madabouthorror.co.uk\/wp-content\/uploads\/2024\/02\/cropped-Logo.png","contentUrl":"https:\/\/madabouthorror.co.uk\/wp-content\/uploads\/2024\/02\/cropped-Logo.png","width":240,"height":88,"caption":"Mad About Horror"},"image":{"@id":"https:\/\/madabouthorror.co.uk\/#\/schema\/logo\/image\/"},"sameAs":["https:\/\/www.facebook.com\/madabouthorror\/","https:\/\/www.instagram.com\/madabouthorror\/","https:\/\/www.pinterest.co.uk\/madabouthorror\/","https:\/\/www.youtube.com\/channel\/UCBooLOIxjoQ89dj6T5lWm_w","https:\/\/www.tiktok.com\/@weremadabouthorror"]}]}},"df_price":187.45,"df_sale_price":"","df_regular_price":187.45,"df_image_link":"https:\/\/madabouthorror.co.uk\/wp-content\/uploads\/2021\/07\/brocksmith_designs_jack_motionless_in_white_fibreglass_mask-300x300.jpg","_links":{"self":[{"href":"https:\/\/madabouthorror.co.uk\/fr\/wp-json\/wp\/v2\/product\/344257","targetHints":{"allow":["GET"]}}],"collection":[{"href":"https:\/\/madabouthorror.co.uk\/fr\/wp-json\/wp\/v2\/product"}],"about":[{"href":"https:\/\/madabouthorror.co.uk\/fr\/wp-json\/wp\/v2\/types\/product"}],"replies":[{"embeddable":true,"href":"https:\/\/madabouthorror.co.uk\/fr\/wp-json\/wp\/v2\/comments?post=344257"}],"wp:featuredmedia":[{"embeddable":true,"href":"https:\/\/madabouthorror.co.uk\/fr\/wp-json\/wp\/v2\/media\/48893"}],"wp:attachment":[{"href":"https:\/\/madabouthorror.co.uk\/fr\/wp-json\/wp\/v2\/media?parent=344257"}],"wp:term":[{"taxonomy":"product_brand","embeddable":true,"href":"https:\/\/madabouthorror.co.uk\/fr\/wp-json\/wp\/v2\/product_brand?post=344257"},{"taxonomy":"product_cat","embeddable":true,"href":"https:\/\/madabouthorror.co.uk\/fr\/wp-json\/wp\/v2\/product_cat?post=344257"},{"taxonomy":"product_tag","embeddable":true,"href":"https:\/\/madabouthorror.co.uk\/fr\/wp-json\/wp\/v2\/product_tag?post=344257"}],"curies":[{"name":"wp","href":"https:\/\/api.w.org\/{rel}","templated":true}]}}