{"id":345041,"date":"2023-08-08T10:53:48","date_gmt":"2023-08-08T09:53:48","guid":{"rendered":"https:\/\/mah.6bdv.ws\/?post_type=product&#038;p=345041"},"modified":"2025-06-26T12:27:13","modified_gmt":"2025-06-26T11:27:13","slug":"60-wooden-look-brown-coffin-with-opening-lid","status":"publish","type":"product","link":"https:\/\/madabouthorror.co.uk\/fr\/product\/60-wooden-look-brown-coffin-with-opening-lid\/","title":{"rendered":"60\u2033 Wooden-Look Brown Coffin With Opening Lid (Cercueil brun en bois avec couvercle ouvrant)"},"content":{"rendered":"<p>Ce cercueil marron \u00e0 l'aspect bois effrayant est parfait pour les vampires en visite ! Effet bois r\u00e9aliste imprim\u00e9 sur un polyester r\u00e9sistant aux intemp\u00e9ries. Le cercueil est dot\u00e9 d'un cadre m\u00e9tallique flexible en fil de fer \u00e0 ressort et d'un couvercle qui s'ouvre. Cr\u00e9ez et maintenez la forme du cercueil en pla\u00e7ant les six tubes de support en PVC dans des poches situ\u00e9es \u00e0 chacun des six coins du cercueil. Comprend un sac rond \u00e0 fermeture \u00e9clair avec des poign\u00e9es et une \u00e9tiquette en papier de couleur. Facile \u00e0 plier et \u00e0 ranger pour la saison suivante !<\/p>\n<p>60 pouces\/5 pieds de hauteur<\/p>\n<p>La vid\u00e9o montre une autre version de RIP - ce cercueil n'a pas de RIP imprim\u00e9 sur le devant.<\/p>","protected":false},"excerpt":{"rendered":"<p>Ce cercueil marron \u00e0 l'aspect bois effrayant est parfait pour les vampires en visite ! Effet bois r\u00e9aliste imprim\u00e9 sur un polyester r\u00e9sistant aux intemp\u00e9ries. Le cercueil est dot\u00e9 d'un cadre m\u00e9tallique \u00e0 ressort flexible et d'un couvercle qui s'ouvre. Cr\u00e9ez et maintenez la forme du cercueil en pla\u00e7ant les six tubes de support en PVC dans des poches \u00e0 chacun des 6 coins de [...]<\/p>","protected":false},"featured_media":345042,"comment_status":"closed","ping_status":"closed","template":"","meta":{"_acf_changed":false},"product_brand":[],"product_cat":[6550,6547,6549],"product_tag":[],"class_list":{"0":"post-345041","1":"product","2":"type-product","3":"status-publish","4":"has-post-thumbnail","6":"product_cat-graveyard-decorations","7":"product_cat-decorations","8":"product_cat-haunted-house","9":"product_shipping_class-small-parcel-economy-3-5-business-days","11":"first","12":"outofstock","13":"taxable","14":"shipping-taxable","15":"purchasable","16":"product-type-simple"},"supplier_id":467908,"supplier_sku":"","barcode":"071765090483","atum_controlled":true,"out_stock_date":"2025-06-04 19:52:02","out_stock_threshold":null,"inheritable":false,"inbound_stock":0,"stock_on_hold":0,"sold_today":0,"sales_last_days":0,"reserved_stock":0,"customer_returns":0,"warehouse_damage":0,"lost_in_post":0,"other_logs":0,"out_stock_days":331,"lost_sales":1321,"has_location":false,"update_date":"2026-05-02T00:43:50","atum_locations":[],"atum_stock_status":"outofstock","restock_status":false,"low_stock_amount":"","sales_update_date":"2026-05-02T00:43:48","calc_backorders":null,"acf":[],"yoast_head":"<!-- This site is optimized with the Yoast SEO plugin v27.5 - https:\/\/yoast.com\/product\/yoast-seo-wordpress\/ -->\n<title>60&quot; Wooden-Look Brown Coffin With Opening Lid | Mad About Horror<\/title>\n<meta name=\"robots\" content=\"index, follow, max-snippet:-1, max-image-preview:large, max-video-preview:-1\" \/>\n<link rel=\"canonical\" href=\"https:\/\/madabouthorror.co.uk\/fr\/product\/60-wooden-look-brown-coffin-with-opening-lid\/\" \/>\n<meta property=\"og:locale\" content=\"fr_FR\" \/>\n<meta property=\"og:type\" content=\"article\" \/>\n<meta property=\"og:title\" content=\"60&quot; Wooden-Look Brown Coffin With Opening Lid | Mad About Horror\" \/>\n<meta property=\"og:description\" content=\"This creepy wood-look brown coffin is perfect for visiting vampire guests! Realistic wood effect printed onto weather resistant polyester. The coffin features a flexible spring wire metal frame with a lid that opens. Create and maintain the coffin shape by placing the six PVC support tubes into pockets at each of the 6 corners of [&hellip;]\" \/>\n<meta property=\"og:url\" content=\"https:\/\/madabouthorror.co.uk\/fr\/product\/60-wooden-look-brown-coffin-with-opening-lid\/\" \/>\n<meta property=\"og:site_name\" content=\"Mad About Horror\" \/>\n<meta property=\"article:publisher\" content=\"https:\/\/www.facebook.com\/madabouthorror\/\" \/>\n<meta property=\"article:modified_time\" content=\"2025-06-26T11:27:13+00:00\" \/>\n<meta property=\"og:image\" content=\"https:\/\/madabouthorror.co.uk\/wp-content\/uploads\/2023\/08\/60-wooden-look-brown-coffin-with-lid-halloween-decorationmr124539.jpeg\" \/>\n\t<meta property=\"og:image:width\" content=\"1500\" \/>\n\t<meta property=\"og:image:height\" content=\"1500\" \/>\n\t<meta property=\"og:image:type\" content=\"image\/jpeg\" \/>\n<meta name=\"twitter:card\" content=\"summary_large_image\" \/>\n<meta name=\"twitter:label1\" content=\"Dur\u00e9e de lecture estim\u00e9e\" \/>\n\t<meta name=\"twitter:data1\" content=\"1 minute\" \/>\n<script type=\"application\/ld+json\" class=\"yoast-schema-graph\">{\"@context\":\"https:\\\/\\\/schema.org\",\"@graph\":[{\"@type\":[\"WebPage\",\"ItemPage\"],\"@id\":\"https:\\\/\\\/madabouthorror.co.uk\\\/product\\\/60-wooden-look-brown-coffin-with-opening-lid\\\/\",\"url\":\"https:\\\/\\\/madabouthorror.co.uk\\\/product\\\/60-wooden-look-brown-coffin-with-opening-lid\\\/\",\"name\":\"60\\\" Wooden-Look Brown Coffin With Opening Lid | Mad About Horror\",\"isPartOf\":{\"@id\":\"https:\\\/\\\/madabouthorror.co.uk\\\/#website\"},\"primaryImageOfPage\":{\"@id\":\"https:\\\/\\\/madabouthorror.co.uk\\\/product\\\/60-wooden-look-brown-coffin-with-opening-lid\\\/#primaryimage\"},\"image\":{\"@id\":\"https:\\\/\\\/madabouthorror.co.uk\\\/product\\\/60-wooden-look-brown-coffin-with-opening-lid\\\/#primaryimage\"},\"thumbnailUrl\":\"https:\\\/\\\/madabouthorror.co.uk\\\/wp-content\\\/uploads\\\/2023\\\/08\\\/60-wooden-look-brown-coffin-with-lid-halloween-decorationmr124539.jpeg\",\"datePublished\":\"2023-08-08T09:53:48+00:00\",\"dateModified\":\"2025-06-26T11:27:13+00:00\",\"breadcrumb\":{\"@id\":\"https:\\\/\\\/madabouthorror.co.uk\\\/product\\\/60-wooden-look-brown-coffin-with-opening-lid\\\/#breadcrumb\"},\"inLanguage\":\"fr-FR\",\"potentialAction\":[{\"@type\":\"ReadAction\",\"target\":[\"https:\\\/\\\/madabouthorror.co.uk\\\/product\\\/60-wooden-look-brown-coffin-with-opening-lid\\\/\"]}]},{\"@type\":\"ImageObject\",\"inLanguage\":\"fr-FR\",\"@id\":\"https:\\\/\\\/madabouthorror.co.uk\\\/product\\\/60-wooden-look-brown-coffin-with-opening-lid\\\/#primaryimage\",\"url\":\"https:\\\/\\\/madabouthorror.co.uk\\\/wp-content\\\/uploads\\\/2023\\\/08\\\/60-wooden-look-brown-coffin-with-lid-halloween-decorationmr124539.jpeg\",\"contentUrl\":\"https:\\\/\\\/madabouthorror.co.uk\\\/wp-content\\\/uploads\\\/2023\\\/08\\\/60-wooden-look-brown-coffin-with-lid-halloween-decorationmr124539.jpeg\",\"width\":1500,\"height\":1500,\"caption\":\"Halloween decoration life-size coffin\"},{\"@type\":\"BreadcrumbList\",\"@id\":\"https:\\\/\\\/madabouthorror.co.uk\\\/product\\\/60-wooden-look-brown-coffin-with-opening-lid\\\/#breadcrumb\",\"itemListElement\":[{\"@type\":\"ListItem\",\"position\":1,\"name\":\"Shop\",\"item\":\"https:\\\/\\\/madabouthorror.co.uk\\\/shop\\\/\"},{\"@type\":\"ListItem\",\"position\":2,\"name\":\"60&#8243; Wooden-Look Brown Coffin With Opening Lid\"}]},{\"@type\":\"WebSite\",\"@id\":\"https:\\\/\\\/madabouthorror.co.uk\\\/#website\",\"url\":\"https:\\\/\\\/madabouthorror.co.uk\\\/\",\"name\":\"Mad About Horror\",\"description\":\"\",\"publisher\":{\"@id\":\"https:\\\/\\\/madabouthorror.co.uk\\\/#organization\"},\"alternateName\":\"Mad About Horror Limited\",\"potentialAction\":[{\"@type\":\"SearchAction\",\"target\":{\"@type\":\"EntryPoint\",\"urlTemplate\":\"https:\\\/\\\/madabouthorror.co.uk\\\/?s={search_term_string}\"},\"query-input\":{\"@type\":\"PropertyValueSpecification\",\"valueRequired\":true,\"valueName\":\"search_term_string\"}}],\"inLanguage\":\"fr-FR\"},{\"@type\":\"Organization\",\"@id\":\"https:\\\/\\\/madabouthorror.co.uk\\\/#organization\",\"name\":\"Mad About Horror\",\"url\":\"https:\\\/\\\/madabouthorror.co.uk\\\/\",\"logo\":{\"@type\":\"ImageObject\",\"inLanguage\":\"fr-FR\",\"@id\":\"https:\\\/\\\/madabouthorror.co.uk\\\/#\\\/schema\\\/logo\\\/image\\\/\",\"url\":\"https:\\\/\\\/madabouthorror.co.uk\\\/wp-content\\\/uploads\\\/2024\\\/02\\\/cropped-Logo.png\",\"contentUrl\":\"https:\\\/\\\/madabouthorror.co.uk\\\/wp-content\\\/uploads\\\/2024\\\/02\\\/cropped-Logo.png\",\"width\":240,\"height\":88,\"caption\":\"Mad About Horror\"},\"image\":{\"@id\":\"https:\\\/\\\/madabouthorror.co.uk\\\/#\\\/schema\\\/logo\\\/image\\\/\"},\"sameAs\":[\"https:\\\/\\\/www.facebook.com\\\/madabouthorror\\\/\",\"https:\\\/\\\/www.instagram.com\\\/madabouthorror\\\/\",\"https:\\\/\\\/www.pinterest.co.uk\\\/madabouthorror\\\/\",\"https:\\\/\\\/www.youtube.com\\\/channel\\\/UCBooLOIxjoQ89dj6T5lWm_w\",\"https:\\\/\\\/www.tiktok.com\\\/@weremadabouthorror\"]}]}<\/script>\n<!-- \/ Yoast SEO plugin. -->","yoast_head_json":{"title":"60\" Wooden-Look Brown Coffin With Opening Lid | Mad About Horror","robots":{"index":"index","follow":"follow","max-snippet":"max-snippet:-1","max-image-preview":"max-image-preview:large","max-video-preview":"max-video-preview:-1"},"canonical":"https:\/\/madabouthorror.co.uk\/fr\/product\/60-wooden-look-brown-coffin-with-opening-lid\/","og_locale":"fr_FR","og_type":"article","og_title":"60\" Wooden-Look Brown Coffin With Opening Lid | Mad About Horror","og_description":"This creepy wood-look brown coffin is perfect for visiting vampire guests! Realistic wood effect printed onto weather resistant polyester. The coffin features a flexible spring wire metal frame with a lid that opens. Create and maintain the coffin shape by placing the six PVC support tubes into pockets at each of the 6 corners of [&hellip;]","og_url":"https:\/\/madabouthorror.co.uk\/fr\/product\/60-wooden-look-brown-coffin-with-opening-lid\/","og_site_name":"Mad About Horror","article_publisher":"https:\/\/www.facebook.com\/madabouthorror\/","article_modified_time":"2025-06-26T11:27:13+00:00","og_image":[{"width":1500,"height":1500,"url":"https:\/\/madabouthorror.co.uk\/wp-content\/uploads\/2023\/08\/60-wooden-look-brown-coffin-with-lid-halloween-decorationmr124539.jpeg","type":"image\/jpeg"}],"twitter_card":"summary_large_image","twitter_misc":{"Dur\u00e9e de lecture estim\u00e9e":"1 minute"},"schema":{"@context":"https:\/\/schema.org","@graph":[{"@type":["WebPage","ItemPage"],"@id":"https:\/\/madabouthorror.co.uk\/product\/60-wooden-look-brown-coffin-with-opening-lid\/","url":"https:\/\/madabouthorror.co.uk\/product\/60-wooden-look-brown-coffin-with-opening-lid\/","name":"60\" Wooden-Look Brown Coffin With Opening Lid | Mad About Horror","isPartOf":{"@id":"https:\/\/madabouthorror.co.uk\/#website"},"primaryImageOfPage":{"@id":"https:\/\/madabouthorror.co.uk\/product\/60-wooden-look-brown-coffin-with-opening-lid\/#primaryimage"},"image":{"@id":"https:\/\/madabouthorror.co.uk\/product\/60-wooden-look-brown-coffin-with-opening-lid\/#primaryimage"},"thumbnailUrl":"https:\/\/madabouthorror.co.uk\/wp-content\/uploads\/2023\/08\/60-wooden-look-brown-coffin-with-lid-halloween-decorationmr124539.jpeg","datePublished":"2023-08-08T09:53:48+00:00","dateModified":"2025-06-26T11:27:13+00:00","breadcrumb":{"@id":"https:\/\/madabouthorror.co.uk\/product\/60-wooden-look-brown-coffin-with-opening-lid\/#breadcrumb"},"inLanguage":"fr-FR","potentialAction":[{"@type":"ReadAction","target":["https:\/\/madabouthorror.co.uk\/product\/60-wooden-look-brown-coffin-with-opening-lid\/"]}]},{"@type":"ImageObject","inLanguage":"fr-FR","@id":"https:\/\/madabouthorror.co.uk\/product\/60-wooden-look-brown-coffin-with-opening-lid\/#primaryimage","url":"https:\/\/madabouthorror.co.uk\/wp-content\/uploads\/2023\/08\/60-wooden-look-brown-coffin-with-lid-halloween-decorationmr124539.jpeg","contentUrl":"https:\/\/madabouthorror.co.uk\/wp-content\/uploads\/2023\/08\/60-wooden-look-brown-coffin-with-lid-halloween-decorationmr124539.jpeg","width":1500,"height":1500,"caption":"Halloween decoration life-size coffin"},{"@type":"BreadcrumbList","@id":"https:\/\/madabouthorror.co.uk\/product\/60-wooden-look-brown-coffin-with-opening-lid\/#breadcrumb","itemListElement":[{"@type":"ListItem","position":1,"name":"Shop","item":"https:\/\/madabouthorror.co.uk\/shop\/"},{"@type":"ListItem","position":2,"name":"60&#8243; Wooden-Look Brown Coffin With Opening Lid"}]},{"@type":"WebSite","@id":"https:\/\/madabouthorror.co.uk\/#website","url":"https:\/\/madabouthorror.co.uk\/","name":"L'horreur en folie","description":"","publisher":{"@id":"https:\/\/madabouthorror.co.uk\/#organization"},"alternateName":"Mad About Horror Limited","potentialAction":[{"@type":"SearchAction","target":{"@type":"EntryPoint","urlTemplate":"https:\/\/madabouthorror.co.uk\/?s={search_term_string}"},"query-input":{"@type":"PropertyValueSpecification","valueRequired":true,"valueName":"search_term_string"}}],"inLanguage":"fr-FR"},{"@type":"Organization","@id":"https:\/\/madabouthorror.co.uk\/#organization","name":"L'horreur en folie","url":"https:\/\/madabouthorror.co.uk\/","logo":{"@type":"ImageObject","inLanguage":"fr-FR","@id":"https:\/\/madabouthorror.co.uk\/#\/schema\/logo\/image\/","url":"https:\/\/madabouthorror.co.uk\/wp-content\/uploads\/2024\/02\/cropped-Logo.png","contentUrl":"https:\/\/madabouthorror.co.uk\/wp-content\/uploads\/2024\/02\/cropped-Logo.png","width":240,"height":88,"caption":"Mad About Horror"},"image":{"@id":"https:\/\/madabouthorror.co.uk\/#\/schema\/logo\/image\/"},"sameAs":["https:\/\/www.facebook.com\/madabouthorror\/","https:\/\/www.instagram.com\/madabouthorror\/","https:\/\/www.pinterest.co.uk\/madabouthorror\/","https:\/\/www.youtube.com\/channel\/UCBooLOIxjoQ89dj6T5lWm_w","https:\/\/www.tiktok.com\/@weremadabouthorror"]}]}},"df_price":27.95,"df_sale_price":"","df_regular_price":27.95,"df_image_link":"https:\/\/madabouthorror.co.uk\/wp-content\/uploads\/2023\/08\/60-wooden-look-brown-coffin-with-lid-halloween-decorationmr124539-300x300.jpeg","_links":{"self":[{"href":"https:\/\/madabouthorror.co.uk\/fr\/wp-json\/wp\/v2\/product\/345041","targetHints":{"allow":["GET"]}}],"collection":[{"href":"https:\/\/madabouthorror.co.uk\/fr\/wp-json\/wp\/v2\/product"}],"about":[{"href":"https:\/\/madabouthorror.co.uk\/fr\/wp-json\/wp\/v2\/types\/product"}],"replies":[{"embeddable":true,"href":"https:\/\/madabouthorror.co.uk\/fr\/wp-json\/wp\/v2\/comments?post=345041"}],"wp:featuredmedia":[{"embeddable":true,"href":"https:\/\/madabouthorror.co.uk\/fr\/wp-json\/wp\/v2\/media\/345042"}],"wp:attachment":[{"href":"https:\/\/madabouthorror.co.uk\/fr\/wp-json\/wp\/v2\/media?parent=345041"}],"wp:term":[{"taxonomy":"product_brand","embeddable":true,"href":"https:\/\/madabouthorror.co.uk\/fr\/wp-json\/wp\/v2\/product_brand?post=345041"},{"taxonomy":"product_cat","embeddable":true,"href":"https:\/\/madabouthorror.co.uk\/fr\/wp-json\/wp\/v2\/product_cat?post=345041"},{"taxonomy":"product_tag","embeddable":true,"href":"https:\/\/madabouthorror.co.uk\/fr\/wp-json\/wp\/v2\/product_tag?post=345041"}],"curies":[{"name":"wp","href":"https:\/\/api.w.org\/{rel}","templated":true}]}}