{"id":345080,"date":"2023-08-08T12:46:19","date_gmt":"2023-08-08T11:46:19","guid":{"rendered":"https:\/\/mah.6bdv.ws\/?post_type=product&#038;p=345080"},"modified":"2026-04-30T11:13:13","modified_gmt":"2026-04-30T10:13:13","slug":"7-animated-whimsical-witch","status":"publish","type":"product","link":"https:\/\/madabouthorror.co.uk\/fr\/product\/7-animated-whimsical-witch\/","title":{"rendered":"Sorci\u00e8re anim\u00e9e de 7 pieds"},"content":{"rendered":"<p>Invitez cette sorci\u00e8re fantaisiste \u00e0 votre f\u00eate ! Amusez-vous avec elle lorsque sa t\u00eate et son torse tournent d'un c\u00f4t\u00e9 \u00e0 l'autre, que sa m\u00e2choire bouge et que des diodes \u00e9lectroluminescentes illuminent ses yeux et sa baguette. Elle ne jette que des sorts fantaisistes pendant la saison d'Halloween pour que vous et vos invit\u00e9s passiez un moment inoubliable.<\/p>\n<p>Environ 2,5 m\u00e8tres de haut.<\/p>\n<p><b>Fourni avec un adaptateur secteur britannique<\/b>. <i>N'utilisez que l'adaptateur d'alimentation fourni, car les adaptateurs d'alimentation incorrects peuvent causer des dommages.<\/i><\/p>\n<div>\n<div><b>Pour le porche couvert ou l'int\u00e9rieur.<\/b> <i>Prot\u00e9ger des intemp\u00e9ries en cas d'utilisation \u00e0 l'ext\u00e9rieur et ne pas laisser \u00e0 l'ext\u00e9rieur pendant des p\u00e9riodes prolong\u00e9es.<\/i><\/div>\n<div><\/div>\n<div><b>A noter :<\/b><i> Ces accessoires ne sont pas recommand\u00e9s pour un usage commercial intensif, c'est-\u00e0-dire qu'ils ne doivent pas \u00eatre utilis\u00e9s pendant des p\u00e9riodes prolong\u00e9es, c'est-\u00e0-dire plusieurs jours d'affil\u00e9e. Ils sont con\u00e7us pour \u00eatre utilis\u00e9s \u00e0 l'occasion d'Halloween. Si vous avez des questions \u00e0 ce sujet, n'h\u00e9sitez pas \u00e0 les poser.<\/i><\/div>\n<\/div>","protected":false},"excerpt":{"rendered":"<p>Invitez cette sorci\u00e8re fantaisiste \u00e0 votre f\u00eate ! Amusez-vous avec elle lorsque sa t\u00eate et son torse tournent d'un c\u00f4t\u00e9 \u00e0 l'autre, que sa m\u00e2choire bouge et que des diodes \u00e9lectroluminescentes illuminent ses yeux et sa baguette. Elle ne jette que des sorts fantaisistes pendant la saison d'Halloween pour s'assurer que vous et vos invit\u00e9s fassiez une f\u00eate diabolique. Approx [...]<\/p>","protected":false},"featured_media":345082,"comment_status":"closed","ping_status":"closed","template":"","meta":{"_acf_changed":false},"product_brand":[],"product_cat":[10068,10131,10108,10034,10093,10094,6547,6549,6963,6596,7050,7055,8919],"product_tag":[],"class_list":{"0":"post-345080","1":"product","2":"type-product","3":"status-publish","4":"has-post-thumbnail","6":"product_cat-halloween-decorations-2025","7":"product_cat-halloween-gifts","8":"product_cat-light-up-halloween-decorations","9":"product_cat-family-friendly","10":"product_cat-indoor-halloween-decorations","11":"product_cat-outdoor-halloween-decorations","12":"product_cat-decorations","13":"product_cat-haunted-house","14":"product_cat-animatronics","15":"product_cat-witch-decorations","16":"product_cat-haunted-house-animatronics","17":"product_cat-animated-props-witches","18":"product_cat-pre-order-animatronics","19":"product_shipping_class-props","21":"first","22":"onbackorder","23":"taxable","24":"shipping-taxable","25":"purchasable","26":"product-type-simple"},"supplier_id":467908,"supplier_sku":"MR125067","barcode":"842445151493","atum_controlled":true,"out_stock_date":"2025-10-20 18:51:59","out_stock_threshold":null,"inheritable":false,"inbound_stock":7,"stock_on_hold":0,"sold_today":0,"sales_last_days":0,"reserved_stock":0,"customer_returns":0,"warehouse_damage":0,"lost_in_post":0,"other_logs":0,"out_stock_days":191,"lost_sales":7911,"has_location":false,"update_date":"2026-04-30T10:13:14","atum_locations":[],"atum_stock_status":"onbackorder","restock_status":false,"low_stock_amount":"","sales_update_date":"2026-04-30T02:07:07","calc_backorders":null,"acf":[],"yoast_head":"<!-- This site is optimized with the Yoast SEO plugin v27.5 - https:\/\/yoast.com\/product\/yoast-seo-wordpress\/ -->\n<title>7ft Animated Whimsical Witch | Mad About Horror<\/title>\n<meta name=\"description\" content=\"Animated Whimsical Witch Halloween decor. Shop Horror collectibles and Halloween props. Europe\u2019s leading Horror Specialist. Uk Stock. Fast delivery.\" \/>\n<meta name=\"robots\" content=\"index, follow, max-snippet:-1, max-image-preview:large, max-video-preview:-1\" \/>\n<link rel=\"canonical\" href=\"https:\/\/madabouthorror.co.uk\/fr\/product\/7-animated-whimsical-witch\/\" \/>\n<meta property=\"og:locale\" content=\"fr_FR\" \/>\n<meta property=\"og:type\" content=\"article\" \/>\n<meta property=\"og:title\" content=\"7ft Animated Whimsical Witch | Mad About Horror\" \/>\n<meta property=\"og:description\" content=\"Animated Whimsical Witch Halloween decor. Shop Horror collectibles and Halloween props. Europe\u2019s leading Horror Specialist. Uk Stock. Fast delivery.\" \/>\n<meta property=\"og:url\" content=\"https:\/\/madabouthorror.co.uk\/fr\/product\/7-animated-whimsical-witch\/\" \/>\n<meta property=\"og:site_name\" content=\"Mad About Horror\" \/>\n<meta property=\"article:publisher\" content=\"https:\/\/www.facebook.com\/madabouthorror\/\" \/>\n<meta property=\"article:modified_time\" content=\"2026-04-30T10:13:13+00:00\" \/>\n<meta property=\"og:image\" content=\"https:\/\/madabouthorror.co.uk\/wp-content\/uploads\/2023\/08\/7-animated-whimsical-witchmr125067.jpeg\" \/>\n\t<meta property=\"og:image:width\" content=\"1500\" \/>\n\t<meta property=\"og:image:height\" content=\"1500\" \/>\n\t<meta property=\"og:image:type\" content=\"image\/jpeg\" \/>\n<meta name=\"twitter:card\" content=\"summary_large_image\" \/>\n<meta name=\"twitter:label1\" content=\"Dur\u00e9e de lecture estim\u00e9e\" \/>\n\t<meta name=\"twitter:data1\" content=\"1 minute\" \/>\n<script type=\"application\/ld+json\" class=\"yoast-schema-graph\">{\"@context\":\"https:\\\/\\\/schema.org\",\"@graph\":[{\"@type\":[\"WebPage\",\"ItemPage\"],\"@id\":\"https:\\\/\\\/madabouthorror.co.uk\\\/product\\\/7-animated-whimsical-witch\\\/\",\"url\":\"https:\\\/\\\/madabouthorror.co.uk\\\/product\\\/7-animated-whimsical-witch\\\/\",\"name\":\"7ft Animated Whimsical Witch | Mad About Horror\",\"isPartOf\":{\"@id\":\"https:\\\/\\\/madabouthorror.co.uk\\\/#website\"},\"primaryImageOfPage\":{\"@id\":\"https:\\\/\\\/madabouthorror.co.uk\\\/product\\\/7-animated-whimsical-witch\\\/#primaryimage\"},\"image\":{\"@id\":\"https:\\\/\\\/madabouthorror.co.uk\\\/product\\\/7-animated-whimsical-witch\\\/#primaryimage\"},\"thumbnailUrl\":\"https:\\\/\\\/madabouthorror.co.uk\\\/wp-content\\\/uploads\\\/2023\\\/08\\\/7-animated-whimsical-witchmr125067.jpeg\",\"datePublished\":\"2023-08-08T11:46:19+00:00\",\"dateModified\":\"2026-04-30T10:13:13+00:00\",\"description\":\"Animated Whimsical Witch Halloween decor. Shop Horror collectibles and Halloween props. Europe\u2019s leading Horror Specialist. Uk Stock. Fast delivery.\",\"breadcrumb\":{\"@id\":\"https:\\\/\\\/madabouthorror.co.uk\\\/product\\\/7-animated-whimsical-witch\\\/#breadcrumb\"},\"inLanguage\":\"fr-FR\",\"potentialAction\":[{\"@type\":\"ReadAction\",\"target\":[\"https:\\\/\\\/madabouthorror.co.uk\\\/product\\\/7-animated-whimsical-witch\\\/\"]}]},{\"@type\":\"ImageObject\",\"inLanguage\":\"fr-FR\",\"@id\":\"https:\\\/\\\/madabouthorror.co.uk\\\/product\\\/7-animated-whimsical-witch\\\/#primaryimage\",\"url\":\"https:\\\/\\\/madabouthorror.co.uk\\\/wp-content\\\/uploads\\\/2023\\\/08\\\/7-animated-whimsical-witchmr125067.jpeg\",\"contentUrl\":\"https:\\\/\\\/madabouthorror.co.uk\\\/wp-content\\\/uploads\\\/2023\\\/08\\\/7-animated-whimsical-witchmr125067.jpeg\",\"width\":1500,\"height\":1500,\"caption\":\"Animated witch halloween prop\"},{\"@type\":\"BreadcrumbList\",\"@id\":\"https:\\\/\\\/madabouthorror.co.uk\\\/product\\\/7-animated-whimsical-witch\\\/#breadcrumb\",\"itemListElement\":[{\"@type\":\"ListItem\",\"position\":1,\"name\":\"Shop\",\"item\":\"https:\\\/\\\/madabouthorror.co.uk\\\/shop\\\/\"},{\"@type\":\"ListItem\",\"position\":2,\"name\":\"7ft Animated Whimsical Witch\"}]},{\"@type\":\"WebSite\",\"@id\":\"https:\\\/\\\/madabouthorror.co.uk\\\/#website\",\"url\":\"https:\\\/\\\/madabouthorror.co.uk\\\/\",\"name\":\"Mad About Horror\",\"description\":\"\",\"publisher\":{\"@id\":\"https:\\\/\\\/madabouthorror.co.uk\\\/#organization\"},\"alternateName\":\"Mad About Horror Limited\",\"potentialAction\":[{\"@type\":\"SearchAction\",\"target\":{\"@type\":\"EntryPoint\",\"urlTemplate\":\"https:\\\/\\\/madabouthorror.co.uk\\\/?s={search_term_string}\"},\"query-input\":{\"@type\":\"PropertyValueSpecification\",\"valueRequired\":true,\"valueName\":\"search_term_string\"}}],\"inLanguage\":\"fr-FR\"},{\"@type\":\"Organization\",\"@id\":\"https:\\\/\\\/madabouthorror.co.uk\\\/#organization\",\"name\":\"Mad About Horror\",\"url\":\"https:\\\/\\\/madabouthorror.co.uk\\\/\",\"logo\":{\"@type\":\"ImageObject\",\"inLanguage\":\"fr-FR\",\"@id\":\"https:\\\/\\\/madabouthorror.co.uk\\\/#\\\/schema\\\/logo\\\/image\\\/\",\"url\":\"https:\\\/\\\/madabouthorror.co.uk\\\/wp-content\\\/uploads\\\/2024\\\/02\\\/cropped-Logo.png\",\"contentUrl\":\"https:\\\/\\\/madabouthorror.co.uk\\\/wp-content\\\/uploads\\\/2024\\\/02\\\/cropped-Logo.png\",\"width\":240,\"height\":88,\"caption\":\"Mad About Horror\"},\"image\":{\"@id\":\"https:\\\/\\\/madabouthorror.co.uk\\\/#\\\/schema\\\/logo\\\/image\\\/\"},\"sameAs\":[\"https:\\\/\\\/www.facebook.com\\\/madabouthorror\\\/\",\"https:\\\/\\\/www.instagram.com\\\/madabouthorror\\\/\",\"https:\\\/\\\/www.pinterest.co.uk\\\/madabouthorror\\\/\",\"https:\\\/\\\/www.youtube.com\\\/channel\\\/UCBooLOIxjoQ89dj6T5lWm_w\",\"https:\\\/\\\/www.tiktok.com\\\/@weremadabouthorror\"]}]}<\/script>\n<!-- \/ Yoast SEO plugin. -->","yoast_head_json":{"title":"7ft Animated Whimsical Witch | Mad About Horror","description":"D\u00e9coration anim\u00e9e de sorci\u00e8re fantaisiste pour Halloween. Boutique d'objets de collection d'horreur et d'accessoires d'Halloween. Le plus grand sp\u00e9cialiste europ\u00e9en de l'horreur. Stock britannique. Livraison rapide.","robots":{"index":"index","follow":"follow","max-snippet":"max-snippet:-1","max-image-preview":"max-image-preview:large","max-video-preview":"max-video-preview:-1"},"canonical":"https:\/\/madabouthorror.co.uk\/fr\/product\/7-animated-whimsical-witch\/","og_locale":"fr_FR","og_type":"article","og_title":"7ft Animated Whimsical Witch | Mad About Horror","og_description":"Animated Whimsical Witch Halloween decor. Shop Horror collectibles and Halloween props. Europe\u2019s leading Horror Specialist. Uk Stock. Fast delivery.","og_url":"https:\/\/madabouthorror.co.uk\/fr\/product\/7-animated-whimsical-witch\/","og_site_name":"Mad About Horror","article_publisher":"https:\/\/www.facebook.com\/madabouthorror\/","article_modified_time":"2026-04-30T10:13:13+00:00","og_image":[{"width":1500,"height":1500,"url":"https:\/\/madabouthorror.co.uk\/wp-content\/uploads\/2023\/08\/7-animated-whimsical-witchmr125067.jpeg","type":"image\/jpeg"}],"twitter_card":"summary_large_image","twitter_misc":{"Dur\u00e9e de lecture estim\u00e9e":"1 minute"},"schema":{"@context":"https:\/\/schema.org","@graph":[{"@type":["WebPage","ItemPage"],"@id":"https:\/\/madabouthorror.co.uk\/product\/7-animated-whimsical-witch\/","url":"https:\/\/madabouthorror.co.uk\/product\/7-animated-whimsical-witch\/","name":"7ft Animated Whimsical Witch | Mad About Horror","isPartOf":{"@id":"https:\/\/madabouthorror.co.uk\/#website"},"primaryImageOfPage":{"@id":"https:\/\/madabouthorror.co.uk\/product\/7-animated-whimsical-witch\/#primaryimage"},"image":{"@id":"https:\/\/madabouthorror.co.uk\/product\/7-animated-whimsical-witch\/#primaryimage"},"thumbnailUrl":"https:\/\/madabouthorror.co.uk\/wp-content\/uploads\/2023\/08\/7-animated-whimsical-witchmr125067.jpeg","datePublished":"2023-08-08T11:46:19+00:00","dateModified":"2026-04-30T10:13:13+00:00","description":"D\u00e9coration anim\u00e9e de sorci\u00e8re fantaisiste pour Halloween. Boutique d'objets de collection d'horreur et d'accessoires d'Halloween. Le plus grand sp\u00e9cialiste europ\u00e9en de l'horreur. Stock britannique. Livraison rapide.","breadcrumb":{"@id":"https:\/\/madabouthorror.co.uk\/product\/7-animated-whimsical-witch\/#breadcrumb"},"inLanguage":"fr-FR","potentialAction":[{"@type":"ReadAction","target":["https:\/\/madabouthorror.co.uk\/product\/7-animated-whimsical-witch\/"]}]},{"@type":"ImageObject","inLanguage":"fr-FR","@id":"https:\/\/madabouthorror.co.uk\/product\/7-animated-whimsical-witch\/#primaryimage","url":"https:\/\/madabouthorror.co.uk\/wp-content\/uploads\/2023\/08\/7-animated-whimsical-witchmr125067.jpeg","contentUrl":"https:\/\/madabouthorror.co.uk\/wp-content\/uploads\/2023\/08\/7-animated-whimsical-witchmr125067.jpeg","width":1500,"height":1500,"caption":"Animated witch halloween prop"},{"@type":"BreadcrumbList","@id":"https:\/\/madabouthorror.co.uk\/product\/7-animated-whimsical-witch\/#breadcrumb","itemListElement":[{"@type":"ListItem","position":1,"name":"Shop","item":"https:\/\/madabouthorror.co.uk\/shop\/"},{"@type":"ListItem","position":2,"name":"7ft Animated Whimsical Witch"}]},{"@type":"WebSite","@id":"https:\/\/madabouthorror.co.uk\/#website","url":"https:\/\/madabouthorror.co.uk\/","name":"L'horreur en folie","description":"","publisher":{"@id":"https:\/\/madabouthorror.co.uk\/#organization"},"alternateName":"Mad About Horror Limited","potentialAction":[{"@type":"SearchAction","target":{"@type":"EntryPoint","urlTemplate":"https:\/\/madabouthorror.co.uk\/?s={search_term_string}"},"query-input":{"@type":"PropertyValueSpecification","valueRequired":true,"valueName":"search_term_string"}}],"inLanguage":"fr-FR"},{"@type":"Organization","@id":"https:\/\/madabouthorror.co.uk\/#organization","name":"L'horreur en folie","url":"https:\/\/madabouthorror.co.uk\/","logo":{"@type":"ImageObject","inLanguage":"fr-FR","@id":"https:\/\/madabouthorror.co.uk\/#\/schema\/logo\/image\/","url":"https:\/\/madabouthorror.co.uk\/wp-content\/uploads\/2024\/02\/cropped-Logo.png","contentUrl":"https:\/\/madabouthorror.co.uk\/wp-content\/uploads\/2024\/02\/cropped-Logo.png","width":240,"height":88,"caption":"Mad About Horror"},"image":{"@id":"https:\/\/madabouthorror.co.uk\/#\/schema\/logo\/image\/"},"sameAs":["https:\/\/www.facebook.com\/madabouthorror\/","https:\/\/www.instagram.com\/madabouthorror\/","https:\/\/www.pinterest.co.uk\/madabouthorror\/","https:\/\/www.youtube.com\/channel\/UCBooLOIxjoQ89dj6T5lWm_w","https:\/\/www.tiktok.com\/@weremadabouthorror"]}]}},"df_price":289.95,"df_sale_price":"","df_regular_price":289.95,"df_image_link":"https:\/\/madabouthorror.co.uk\/wp-content\/uploads\/2023\/08\/7-animated-whimsical-witchmr125067-300x300.jpeg","_links":{"self":[{"href":"https:\/\/madabouthorror.co.uk\/fr\/wp-json\/wp\/v2\/product\/345080","targetHints":{"allow":["GET"]}}],"collection":[{"href":"https:\/\/madabouthorror.co.uk\/fr\/wp-json\/wp\/v2\/product"}],"about":[{"href":"https:\/\/madabouthorror.co.uk\/fr\/wp-json\/wp\/v2\/types\/product"}],"replies":[{"embeddable":true,"href":"https:\/\/madabouthorror.co.uk\/fr\/wp-json\/wp\/v2\/comments?post=345080"}],"wp:featuredmedia":[{"embeddable":true,"href":"https:\/\/madabouthorror.co.uk\/fr\/wp-json\/wp\/v2\/media\/345082"}],"wp:attachment":[{"href":"https:\/\/madabouthorror.co.uk\/fr\/wp-json\/wp\/v2\/media?parent=345080"}],"wp:term":[{"taxonomy":"product_brand","embeddable":true,"href":"https:\/\/madabouthorror.co.uk\/fr\/wp-json\/wp\/v2\/product_brand?post=345080"},{"taxonomy":"product_cat","embeddable":true,"href":"https:\/\/madabouthorror.co.uk\/fr\/wp-json\/wp\/v2\/product_cat?post=345080"},{"taxonomy":"product_tag","embeddable":true,"href":"https:\/\/madabouthorror.co.uk\/fr\/wp-json\/wp\/v2\/product_tag?post=345080"}],"curies":[{"name":"wp","href":"https:\/\/api.w.org\/{rel}","templated":true}]}}