{"id":345913,"date":"2023-08-16T14:07:12","date_gmt":"2023-08-16T13:07:12","guid":{"rendered":"https:\/\/mah.6bdv.ws\/?post_type=product&#038;p=345913"},"modified":"2026-04-07T09:52:35","modified_gmt":"2026-04-07T08:52:35","slug":"spirit-halloween-krampus-animatronic","status":"publish","type":"product","link":"https:\/\/madabouthorror.co.uk\/fr\/product\/spirit-halloween-krampus-animatronic\/","title":{"rendered":"Spirit Halloween - Krampus Animatronic"},"content":{"rendered":"<p>Cet \u00eatre mi-ch\u00e8vre, mi-d\u00e9mon est l\u00e0 pour surveiller le comportement de tous ceux qui font la f\u00eate. Ne vous laissez pas faire, car Krampus est toujours \u00e0 l'aff\u00fbt. Si vous d\u00e9cidez de mal vous comporter, vous risquez d'\u00eatre puni !<\/p>\n<p>Cet animatronic Krampus grandeur nature a des yeux qui s'illuminent, des sons de hurlement et se d\u00e9place d'un c\u00f4t\u00e9 \u00e0 l'autre pour une frayeur sans pareille.<\/p>\n<p>Comprend :<\/p>\n<ul>\n<li>Animatronique<\/li>\n<li>Manuel d'instruction<\/li>\n<li>R\u00e9glage du volume<\/li>\n<li>Prise pour haut-parleur externe<\/li>\n<li>Les bruits de hurlements<\/li>\n<li>Anim\u00e9<\/li>\n<li>Capteur IR activ\u00e9<\/li>\n<li>Compatible avec les marchepieds<\/li>\n<li>Compatible avec les activateurs \u00e0 distance multiprop<\/li>\n<li>Compatible avec le bouton \"Try-me<\/li>\n<\/ul>\n<p>Dimensions : 78\u2033 H x 36\u2033 W x 49\u2033 D<\/p>\n<div><b>Fourni avec un adaptateur secteur britannique<\/b>. <i>N'utilisez que l'adaptateur d'alimentation fourni, car les adaptateurs d'alimentation incorrects peuvent causer des dommages.<\/i><i><\/i><\/div>\n<div><\/div>\n<div><b>Pour le porche couvert ou l'int\u00e9rieur.<\/b> <i>Prot\u00e9ger des intemp\u00e9ries en cas d'utilisation \u00e0 l'ext\u00e9rieur et ne pas laisser \u00e0 l'ext\u00e9rieur pendant des p\u00e9riodes prolong\u00e9es.<\/i><\/div>\n<div><\/div>\n<div><b>A noter :<\/b><i> Ces accessoires ne sont pas recommand\u00e9s pour un usage commercial intensif, c'est-\u00e0-dire qu'ils ne doivent pas \u00eatre utilis\u00e9s pendant des p\u00e9riodes prolong\u00e9es, c'est-\u00e0-dire plusieurs jours d'affil\u00e9e. Ils sont con\u00e7us pour \u00eatre utilis\u00e9s \u00e0 l'occasion d'Halloween. Si vous avez des questions \u00e0 ce sujet, n'h\u00e9sitez pas \u00e0 les poser.<\/i><\/div>","protected":false},"excerpt":{"rendered":"<p>Cet \u00eatre mi-ch\u00e8vre, mi-d\u00e9mon est l\u00e0 pour surveiller le comportement de tous ceux qui font la f\u00eate. Ne vous laissez pas faire, car Krampus est toujours \u00e0 l'aff\u00fbt. Si vous d\u00e9cidez de mal vous comporter, vous risquez d'\u00eatre puni ! Cet animatronic de Krampus grandeur nature est dot\u00e9 d'yeux lumineux, de sons de hurlements et se d\u00e9place d'un c\u00f4t\u00e9 \u00e0 l'autre pour une [...]<\/p>","protected":false},"featured_media":345921,"comment_status":"closed","ping_status":"closed","template":"","meta":{"_acf_changed":false},"product_brand":[],"product_cat":[9892,10068,10131,10108,10110,9893,10093,10094,6547,6963,9839,7054,9919,6797,6674],"product_tag":[9993],"class_list":{"0":"post-345913","1":"product","2":"type-product","3":"status-publish","4":"has-post-thumbnail","6":"product_cat-christmas-animatronics","7":"product_cat-halloween-decorations-2025","8":"product_cat-halloween-gifts","9":"product_cat-light-up-halloween-decorations","10":"product_cat-us-imports","11":"product_cat-christmas-decorations","12":"product_cat-indoor-halloween-decorations","13":"product_cat-outdoor-halloween-decorations","14":"product_cat-decorations","15":"product_cat-animatronics","16":"product_cat-spirit-halloween-animatronics","17":"product_cat-movie-tv-props","18":"product_cat-christmas","19":"product_cat-spirit-halloween-uk-stockist","20":"product_cat-krampus","21":"product_tag-animatronics-imports","22":"product_shipping_class-eu-bulky-prop","24":"first","25":"outofstock","26":"taxable","27":"shipping-taxable","28":"purchasable","29":"product-type-simple"},"supplier_id":471382,"supplier_sku":"","barcode":"","atum_controlled":true,"out_stock_date":"2025-12-22 13:52:10","out_stock_threshold":null,"inheritable":false,"inbound_stock":0,"stock_on_hold":0,"sold_today":0,"sales_last_days":0,"reserved_stock":0,"customer_returns":0,"warehouse_damage":0,"lost_in_post":0,"other_logs":0,"out_stock_days":117,"lost_sales":13303,"has_location":false,"update_date":"2026-04-19T01:51:35","atum_locations":[],"atum_stock_status":"outofstock","restock_status":false,"low_stock_amount":"","sales_update_date":"2026-04-19T01:51:34","calc_backorders":null,"acf":[],"yoast_head":"<!-- This site is optimized with the Yoast SEO plugin v27.4 - https:\/\/yoast.com\/product\/yoast-seo-wordpress\/ -->\n<title>Spirit Halloween - Krampus Animatronic | Mad About Horror<\/title>\n<meta name=\"robots\" content=\"index, follow, max-snippet:-1, max-image-preview:large, max-video-preview:-1\" \/>\n<link rel=\"canonical\" href=\"https:\/\/madabouthorror.co.uk\/fr\/product\/spirit-halloween-krampus-animatronic\/\" \/>\n<meta property=\"og:locale\" content=\"fr_FR\" \/>\n<meta property=\"og:type\" content=\"article\" \/>\n<meta property=\"og:title\" content=\"Spirit Halloween - Krampus Animatronic | Mad About Horror\" \/>\n<meta property=\"og:description\" content=\"This half-goat, half-demon is here to keep an eye on the behavior of all who celebrate. Watch your back because Krampus is always watching. Should you decide to misbehave, you may be in for a punishment! This life-sized Krampus animatronic features light-up eyes, howling sounds, and moves from side to side for a scare that [&hellip;]\" \/>\n<meta property=\"og:url\" content=\"https:\/\/madabouthorror.co.uk\/fr\/product\/spirit-halloween-krampus-animatronic\/\" \/>\n<meta property=\"og:site_name\" content=\"Mad About Horror\" \/>\n<meta property=\"article:publisher\" content=\"https:\/\/www.facebook.com\/madabouthorror\/\" \/>\n<meta property=\"article:modified_time\" content=\"2026-04-07T08:52:35+00:00\" \/>\n<meta property=\"og:image\" content=\"https:\/\/madabouthorror.co.uk\/wp-content\/uploads\/2023\/08\/Spirit-Halloween-krampus-animatronic-Halloween.jpg\" \/>\n\t<meta property=\"og:image:width\" content=\"1500\" \/>\n\t<meta property=\"og:image:height\" content=\"1500\" \/>\n\t<meta property=\"og:image:type\" content=\"image\/jpeg\" \/>\n<meta name=\"twitter:card\" content=\"summary_large_image\" \/>\n<meta name=\"twitter:label1\" content=\"Dur\u00e9e de lecture estim\u00e9e\" \/>\n\t<meta name=\"twitter:data1\" content=\"1 minute\" \/>\n<script type=\"application\/ld+json\" class=\"yoast-schema-graph\">{\"@context\":\"https:\\\/\\\/schema.org\",\"@graph\":[{\"@type\":[\"WebPage\",\"ItemPage\"],\"@id\":\"https:\\\/\\\/madabouthorror.co.uk\\\/product\\\/spirit-halloween-krampus-animatronic\\\/\",\"url\":\"https:\\\/\\\/madabouthorror.co.uk\\\/product\\\/spirit-halloween-krampus-animatronic\\\/\",\"name\":\"Spirit Halloween - Krampus Animatronic | Mad About Horror\",\"isPartOf\":{\"@id\":\"https:\\\/\\\/madabouthorror.co.uk\\\/#website\"},\"primaryImageOfPage\":{\"@id\":\"https:\\\/\\\/madabouthorror.co.uk\\\/product\\\/spirit-halloween-krampus-animatronic\\\/#primaryimage\"},\"image\":{\"@id\":\"https:\\\/\\\/madabouthorror.co.uk\\\/product\\\/spirit-halloween-krampus-animatronic\\\/#primaryimage\"},\"thumbnailUrl\":\"https:\\\/\\\/madabouthorror.co.uk\\\/wp-content\\\/uploads\\\/2023\\\/08\\\/Spirit-Halloween-krampus-animatronic-Halloween.jpg\",\"datePublished\":\"2023-08-16T13:07:12+00:00\",\"dateModified\":\"2026-04-07T08:52:35+00:00\",\"breadcrumb\":{\"@id\":\"https:\\\/\\\/madabouthorror.co.uk\\\/product\\\/spirit-halloween-krampus-animatronic\\\/#breadcrumb\"},\"inLanguage\":\"fr-FR\",\"potentialAction\":[{\"@type\":\"ReadAction\",\"target\":[\"https:\\\/\\\/madabouthorror.co.uk\\\/product\\\/spirit-halloween-krampus-animatronic\\\/\"]}]},{\"@type\":\"ImageObject\",\"inLanguage\":\"fr-FR\",\"@id\":\"https:\\\/\\\/madabouthorror.co.uk\\\/product\\\/spirit-halloween-krampus-animatronic\\\/#primaryimage\",\"url\":\"https:\\\/\\\/madabouthorror.co.uk\\\/wp-content\\\/uploads\\\/2023\\\/08\\\/Spirit-Halloween-krampus-animatronic-Halloween.jpg\",\"contentUrl\":\"https:\\\/\\\/madabouthorror.co.uk\\\/wp-content\\\/uploads\\\/2023\\\/08\\\/Spirit-Halloween-krampus-animatronic-Halloween.jpg\",\"width\":1500,\"height\":1500,\"caption\":\"Spirit Halloween Krampus Animatronic\"},{\"@type\":\"BreadcrumbList\",\"@id\":\"https:\\\/\\\/madabouthorror.co.uk\\\/product\\\/spirit-halloween-krampus-animatronic\\\/#breadcrumb\",\"itemListElement\":[{\"@type\":\"ListItem\",\"position\":1,\"name\":\"Shop\",\"item\":\"https:\\\/\\\/madabouthorror.co.uk\\\/shop\\\/\"},{\"@type\":\"ListItem\",\"position\":2,\"name\":\"Spirit Halloween &#8211; Krampus Animatronic\"}]},{\"@type\":\"WebSite\",\"@id\":\"https:\\\/\\\/madabouthorror.co.uk\\\/#website\",\"url\":\"https:\\\/\\\/madabouthorror.co.uk\\\/\",\"name\":\"Mad About Horror\",\"description\":\"\",\"publisher\":{\"@id\":\"https:\\\/\\\/madabouthorror.co.uk\\\/#organization\"},\"alternateName\":\"Mad About Horror Limited\",\"potentialAction\":[{\"@type\":\"SearchAction\",\"target\":{\"@type\":\"EntryPoint\",\"urlTemplate\":\"https:\\\/\\\/madabouthorror.co.uk\\\/?s={search_term_string}\"},\"query-input\":{\"@type\":\"PropertyValueSpecification\",\"valueRequired\":true,\"valueName\":\"search_term_string\"}}],\"inLanguage\":\"fr-FR\"},{\"@type\":\"Organization\",\"@id\":\"https:\\\/\\\/madabouthorror.co.uk\\\/#organization\",\"name\":\"Mad About Horror\",\"url\":\"https:\\\/\\\/madabouthorror.co.uk\\\/\",\"logo\":{\"@type\":\"ImageObject\",\"inLanguage\":\"fr-FR\",\"@id\":\"https:\\\/\\\/madabouthorror.co.uk\\\/#\\\/schema\\\/logo\\\/image\\\/\",\"url\":\"https:\\\/\\\/madabouthorror.co.uk\\\/wp-content\\\/uploads\\\/2024\\\/02\\\/cropped-Logo.png\",\"contentUrl\":\"https:\\\/\\\/madabouthorror.co.uk\\\/wp-content\\\/uploads\\\/2024\\\/02\\\/cropped-Logo.png\",\"width\":240,\"height\":88,\"caption\":\"Mad About Horror\"},\"image\":{\"@id\":\"https:\\\/\\\/madabouthorror.co.uk\\\/#\\\/schema\\\/logo\\\/image\\\/\"},\"sameAs\":[\"https:\\\/\\\/www.facebook.com\\\/madabouthorror\\\/\",\"https:\\\/\\\/www.instagram.com\\\/madabouthorror\\\/\",\"https:\\\/\\\/www.pinterest.co.uk\\\/madabouthorror\\\/\",\"https:\\\/\\\/www.youtube.com\\\/channel\\\/UCBooLOIxjoQ89dj6T5lWm_w\",\"https:\\\/\\\/www.tiktok.com\\\/@weremadabouthorror\"]}]}<\/script>\n<!-- \/ Yoast SEO plugin. -->","yoast_head_json":{"title":"Spirit Halloween - Krampus Animatronic | Mad About Horror","robots":{"index":"index","follow":"follow","max-snippet":"max-snippet:-1","max-image-preview":"max-image-preview:large","max-video-preview":"max-video-preview:-1"},"canonical":"https:\/\/madabouthorror.co.uk\/fr\/product\/spirit-halloween-krampus-animatronic\/","og_locale":"fr_FR","og_type":"article","og_title":"Spirit Halloween - Krampus Animatronic | Mad About Horror","og_description":"This half-goat, half-demon is here to keep an eye on the behavior of all who celebrate. Watch your back because Krampus is always watching. Should you decide to misbehave, you may be in for a punishment! This life-sized Krampus animatronic features light-up eyes, howling sounds, and moves from side to side for a scare that [&hellip;]","og_url":"https:\/\/madabouthorror.co.uk\/fr\/product\/spirit-halloween-krampus-animatronic\/","og_site_name":"Mad About Horror","article_publisher":"https:\/\/www.facebook.com\/madabouthorror\/","article_modified_time":"2026-04-07T08:52:35+00:00","og_image":[{"width":1500,"height":1500,"url":"https:\/\/madabouthorror.co.uk\/wp-content\/uploads\/2023\/08\/Spirit-Halloween-krampus-animatronic-Halloween.jpg","type":"image\/jpeg"}],"twitter_card":"summary_large_image","twitter_misc":{"Dur\u00e9e de lecture estim\u00e9e":"1 minute"},"schema":{"@context":"https:\/\/schema.org","@graph":[{"@type":["WebPage","ItemPage"],"@id":"https:\/\/madabouthorror.co.uk\/product\/spirit-halloween-krampus-animatronic\/","url":"https:\/\/madabouthorror.co.uk\/product\/spirit-halloween-krampus-animatronic\/","name":"Spirit Halloween - Krampus Animatronic | Mad About Horror","isPartOf":{"@id":"https:\/\/madabouthorror.co.uk\/#website"},"primaryImageOfPage":{"@id":"https:\/\/madabouthorror.co.uk\/product\/spirit-halloween-krampus-animatronic\/#primaryimage"},"image":{"@id":"https:\/\/madabouthorror.co.uk\/product\/spirit-halloween-krampus-animatronic\/#primaryimage"},"thumbnailUrl":"https:\/\/madabouthorror.co.uk\/wp-content\/uploads\/2023\/08\/Spirit-Halloween-krampus-animatronic-Halloween.jpg","datePublished":"2023-08-16T13:07:12+00:00","dateModified":"2026-04-07T08:52:35+00:00","breadcrumb":{"@id":"https:\/\/madabouthorror.co.uk\/product\/spirit-halloween-krampus-animatronic\/#breadcrumb"},"inLanguage":"fr-FR","potentialAction":[{"@type":"ReadAction","target":["https:\/\/madabouthorror.co.uk\/product\/spirit-halloween-krampus-animatronic\/"]}]},{"@type":"ImageObject","inLanguage":"fr-FR","@id":"https:\/\/madabouthorror.co.uk\/product\/spirit-halloween-krampus-animatronic\/#primaryimage","url":"https:\/\/madabouthorror.co.uk\/wp-content\/uploads\/2023\/08\/Spirit-Halloween-krampus-animatronic-Halloween.jpg","contentUrl":"https:\/\/madabouthorror.co.uk\/wp-content\/uploads\/2023\/08\/Spirit-Halloween-krampus-animatronic-Halloween.jpg","width":1500,"height":1500,"caption":"Spirit Halloween Krampus Animatronic"},{"@type":"BreadcrumbList","@id":"https:\/\/madabouthorror.co.uk\/product\/spirit-halloween-krampus-animatronic\/#breadcrumb","itemListElement":[{"@type":"ListItem","position":1,"name":"Shop","item":"https:\/\/madabouthorror.co.uk\/shop\/"},{"@type":"ListItem","position":2,"name":"Spirit Halloween &#8211; Krampus Animatronic"}]},{"@type":"WebSite","@id":"https:\/\/madabouthorror.co.uk\/#website","url":"https:\/\/madabouthorror.co.uk\/","name":"L'horreur en folie","description":"","publisher":{"@id":"https:\/\/madabouthorror.co.uk\/#organization"},"alternateName":"Mad About Horror Limited","potentialAction":[{"@type":"SearchAction","target":{"@type":"EntryPoint","urlTemplate":"https:\/\/madabouthorror.co.uk\/?s={search_term_string}"},"query-input":{"@type":"PropertyValueSpecification","valueRequired":true,"valueName":"search_term_string"}}],"inLanguage":"fr-FR"},{"@type":"Organization","@id":"https:\/\/madabouthorror.co.uk\/#organization","name":"L'horreur en folie","url":"https:\/\/madabouthorror.co.uk\/","logo":{"@type":"ImageObject","inLanguage":"fr-FR","@id":"https:\/\/madabouthorror.co.uk\/#\/schema\/logo\/image\/","url":"https:\/\/madabouthorror.co.uk\/wp-content\/uploads\/2024\/02\/cropped-Logo.png","contentUrl":"https:\/\/madabouthorror.co.uk\/wp-content\/uploads\/2024\/02\/cropped-Logo.png","width":240,"height":88,"caption":"Mad About Horror"},"image":{"@id":"https:\/\/madabouthorror.co.uk\/#\/schema\/logo\/image\/"},"sameAs":["https:\/\/www.facebook.com\/madabouthorror\/","https:\/\/www.instagram.com\/madabouthorror\/","https:\/\/www.pinterest.co.uk\/madabouthorror\/","https:\/\/www.youtube.com\/channel\/UCBooLOIxjoQ89dj6T5lWm_w","https:\/\/www.tiktok.com\/@weremadabouthorror"]}]}},"df_price":829.12,"df_sale_price":"","df_regular_price":829.12,"df_image_link":"https:\/\/madabouthorror.co.uk\/wp-content\/uploads\/2023\/08\/Spirit-Halloween-krampus-animatronic-Halloween-300x300.jpg","_links":{"self":[{"href":"https:\/\/madabouthorror.co.uk\/fr\/wp-json\/wp\/v2\/product\/345913","targetHints":{"allow":["GET"]}}],"collection":[{"href":"https:\/\/madabouthorror.co.uk\/fr\/wp-json\/wp\/v2\/product"}],"about":[{"href":"https:\/\/madabouthorror.co.uk\/fr\/wp-json\/wp\/v2\/types\/product"}],"replies":[{"embeddable":true,"href":"https:\/\/madabouthorror.co.uk\/fr\/wp-json\/wp\/v2\/comments?post=345913"}],"wp:featuredmedia":[{"embeddable":true,"href":"https:\/\/madabouthorror.co.uk\/fr\/wp-json\/wp\/v2\/media\/345921"}],"wp:attachment":[{"href":"https:\/\/madabouthorror.co.uk\/fr\/wp-json\/wp\/v2\/media?parent=345913"}],"wp:term":[{"taxonomy":"product_brand","embeddable":true,"href":"https:\/\/madabouthorror.co.uk\/fr\/wp-json\/wp\/v2\/product_brand?post=345913"},{"taxonomy":"product_cat","embeddable":true,"href":"https:\/\/madabouthorror.co.uk\/fr\/wp-json\/wp\/v2\/product_cat?post=345913"},{"taxonomy":"product_tag","embeddable":true,"href":"https:\/\/madabouthorror.co.uk\/fr\/wp-json\/wp\/v2\/product_tag?post=345913"}],"curies":[{"name":"wp","href":"https:\/\/api.w.org\/{rel}","templated":true}]}}