{"id":38127,"date":"2019-05-08T15:38:38","date_gmt":"2019-05-08T14:38:38","guid":{"rendered":"https:\/\/mah.6bdv.ws\/product\/killer-klowns-from-outer-space-slim-mask\/"},"modified":"2026-04-20T14:53:48","modified_gmt":"2026-04-20T13:53:48","slug":"killer-klowns-from-outer-space-slim-mask","status":"publish","type":"product","link":"https:\/\/madabouthorror.co.uk\/fr\/product\/killer-klowns-from-outer-space-slim-mask\/","title":{"rendered":"Masque Slim Killer Klowns from Outer Space"},"content":{"rendered":"<p>Plongez dans les frayeurs extraterrestres de \"Killer Klowns From Outer Space\" avec le masque d'Halloween officiel Slim de Trick or Treat Studios, sculpt\u00e9 par le directeur artistique Justin Mabry. Ce masque est fabriqu\u00e9 avec une pr\u00e9cision impressionnante, capturant l'essence de l'embl\u00e9matique Killer Klowns Slim. Ce masque incorpore des d\u00e9tails provenant de nombreuses captures d'\u00e9cran et de photos des masques r\u00e9els, garantissant une repr\u00e9sentation authentique.<\/p>\n<p>Lorsqu'une petite ville est envahie par des extraterrestres venus de l'espace qui capturent et tuent les habitants, personne ne les prend au s\u00e9rieux. Pourquoi ? Les extraterrestres ressemblent tous \u00e0 des clowns de cirque, utilisent des armes qui ressemblent \u00e0 celles des clowns et ont tous des sourires peints. Seuls quelques jeunes de la ville se rendent compte du danger et, bien s\u00fbr, personne ne les croit. Arm\u00e9s d'un camion de glace, ils tentent de sauver leurs amis.<\/p>\n<p>Rejoignez le chaos cosmique et commandez d\u00e8s maintenant votre masque Slim officiel. Pr\u00e9parez-vous \u00e0 lib\u00e9rer l'aura gla\u00e7ante de \"Killer Klowns From Outer Space\" avec style !<\/p>\n<p>&nbsp;<\/p>","protected":false},"excerpt":{"rendered":"<p>Plongez dans les frayeurs extraterrestres de \"Killer Klowns From Outer Space\" avec le masque d'Halloween officiel Slim de Trick or Treat Studios, sculpt\u00e9 par le directeur artistique Justin Mabry. Ce masque est fabriqu\u00e9 avec une pr\u00e9cision impressionnante, capturant l'essence de l'embl\u00e9matique Killer Klowns Slim. Ce masque incorpore des d\u00e9tails provenant de nombreuses captures d'\u00e9cran et d'images [...]<\/p>","protected":false},"featured_media":38123,"comment_status":"closed","ping_status":"closed","template":"","meta":{"_acf_changed":false},"product_brand":[],"product_cat":[10099,6580,10100,10040,10038,9962,6546,6541,6792,6673],"product_tag":[],"class_list":{"0":"post-38127","1":"product","2":"type-product","3":"status-publish","4":"has-post-thumbnail","6":"product_cat-alien-masks","7":"product_cat-movie-tv","8":"product_cat-latex-masks","9":"product_cat-gifts-under-100","10":"product_cat-horror-gifts","11":"product_cat-trick-or-treat-studios-masks","12":"product_cat-masks-clown","13":"product_cat-masks","14":"product_cat-trick-or-treat-studios","15":"product_cat-killerklownsfromouterspace","17":"first","18":"instock","19":"taxable","20":"shipping-taxable","21":"purchasable","22":"product-type-simple"},"supplier_id":471030,"supplier_sku":"JMMGM100","barcode":"854146005326","atum_controlled":true,"out_stock_date":null,"out_stock_threshold":null,"inheritable":false,"inbound_stock":5,"stock_on_hold":0,"sold_today":0,"sales_last_days":0,"reserved_stock":0,"customer_returns":0,"warehouse_damage":0,"lost_in_post":0,"other_logs":0,"out_stock_days":0,"lost_sales":0,"has_location":false,"update_date":"2026-04-21T02:02:00","atum_locations":[],"atum_stock_status":"instock","restock_status":false,"low_stock_amount":5,"sales_update_date":"2026-04-21T02:01:59","calc_backorders":null,"acf":[],"yoast_head":"<!-- This site is optimized with the Yoast SEO plugin v27.4 - https:\/\/yoast.com\/product\/yoast-seo-wordpress\/ -->\n<title>Killer Klowns from Outer Space - Slim Mask - Mad About Horror<\/title>\n<meta name=\"description\" content=\"Officially licensed Killer Klowns from Outer Space Slim Mask - by Trick or Treat Studios. Available to buy in the UK from Mad About Horror.\" \/>\n<meta name=\"robots\" content=\"index, follow, max-snippet:-1, max-image-preview:large, max-video-preview:-1\" \/>\n<link rel=\"canonical\" href=\"https:\/\/madabouthorror.co.uk\/fr\/product\/killer-klowns-from-outer-space-slim-mask\/\" \/>\n<meta property=\"og:locale\" content=\"fr_FR\" \/>\n<meta property=\"og:type\" content=\"article\" \/>\n<meta property=\"og:title\" content=\"Killer Klowns from Outer Space - Slim Mask - Mad About Horror\" \/>\n<meta property=\"og:description\" content=\"Officially licensed Killer Klowns from Outer Space Slim Mask - by Trick or Treat Studios. Available to buy in the UK from Mad About Horror.\" \/>\n<meta property=\"og:url\" content=\"https:\/\/madabouthorror.co.uk\/fr\/product\/killer-klowns-from-outer-space-slim-mask\/\" \/>\n<meta property=\"og:site_name\" content=\"Mad About Horror\" \/>\n<meta property=\"article:publisher\" content=\"https:\/\/www.facebook.com\/madabouthorror\/\" \/>\n<meta property=\"article:modified_time\" content=\"2026-04-20T13:53:48+00:00\" \/>\n<meta property=\"og:image\" content=\"https:\/\/madabouthorror.co.uk\/wp-content\/uploads\/2019\/05\/killer_klowns_from_outer_space_slim_mask.jpg\" \/>\n\t<meta property=\"og:image:width\" content=\"1000\" \/>\n\t<meta property=\"og:image:height\" content=\"1000\" \/>\n\t<meta property=\"og:image:type\" content=\"image\/jpeg\" \/>\n<meta name=\"twitter:card\" content=\"summary_large_image\" \/>\n<meta name=\"twitter:label1\" content=\"Dur\u00e9e de lecture estim\u00e9e\" \/>\n\t<meta name=\"twitter:data1\" content=\"1 minute\" \/>\n<script type=\"application\/ld+json\" class=\"yoast-schema-graph\">{\"@context\":\"https:\\\/\\\/schema.org\",\"@graph\":[{\"@type\":[\"WebPage\",\"ItemPage\"],\"@id\":\"https:\\\/\\\/madabouthorror.co.uk\\\/product\\\/killer-klowns-from-outer-space-slim-mask\\\/\",\"url\":\"https:\\\/\\\/madabouthorror.co.uk\\\/product\\\/killer-klowns-from-outer-space-slim-mask\\\/\",\"name\":\"Killer Klowns from Outer Space - Slim Mask - Mad About Horror\",\"isPartOf\":{\"@id\":\"https:\\\/\\\/madabouthorror.co.uk\\\/#website\"},\"primaryImageOfPage\":{\"@id\":\"https:\\\/\\\/madabouthorror.co.uk\\\/product\\\/killer-klowns-from-outer-space-slim-mask\\\/#primaryimage\"},\"image\":{\"@id\":\"https:\\\/\\\/madabouthorror.co.uk\\\/product\\\/killer-klowns-from-outer-space-slim-mask\\\/#primaryimage\"},\"thumbnailUrl\":\"https:\\\/\\\/madabouthorror.co.uk\\\/wp-content\\\/uploads\\\/2019\\\/05\\\/killer_klowns_from_outer_space_slim_mask.jpg\",\"datePublished\":\"2019-05-08T14:38:38+00:00\",\"dateModified\":\"2026-04-20T13:53:48+00:00\",\"description\":\"Officially licensed Killer Klowns from Outer Space Slim Mask - by Trick or Treat Studios. Available to buy in the UK from Mad About Horror.\",\"breadcrumb\":{\"@id\":\"https:\\\/\\\/madabouthorror.co.uk\\\/product\\\/killer-klowns-from-outer-space-slim-mask\\\/#breadcrumb\"},\"inLanguage\":\"fr-FR\",\"potentialAction\":[{\"@type\":\"ReadAction\",\"target\":[\"https:\\\/\\\/madabouthorror.co.uk\\\/product\\\/killer-klowns-from-outer-space-slim-mask\\\/\"]}]},{\"@type\":\"ImageObject\",\"inLanguage\":\"fr-FR\",\"@id\":\"https:\\\/\\\/madabouthorror.co.uk\\\/product\\\/killer-klowns-from-outer-space-slim-mask\\\/#primaryimage\",\"url\":\"https:\\\/\\\/madabouthorror.co.uk\\\/wp-content\\\/uploads\\\/2019\\\/05\\\/killer_klowns_from_outer_space_slim_mask.jpg\",\"contentUrl\":\"https:\\\/\\\/madabouthorror.co.uk\\\/wp-content\\\/uploads\\\/2019\\\/05\\\/killer_klowns_from_outer_space_slim_mask.jpg\",\"width\":1000,\"height\":1000,\"caption\":\"Killer Klowns from Outer Space - Slim Mask-0\"},{\"@type\":\"BreadcrumbList\",\"@id\":\"https:\\\/\\\/madabouthorror.co.uk\\\/product\\\/killer-klowns-from-outer-space-slim-mask\\\/#breadcrumb\",\"itemListElement\":[{\"@type\":\"ListItem\",\"position\":1,\"name\":\"Shop\",\"item\":\"https:\\\/\\\/madabouthorror.co.uk\\\/shop\\\/\"},{\"@type\":\"ListItem\",\"position\":2,\"name\":\"Killer Klowns from Outer Space Slim Mask\"}]},{\"@type\":\"WebSite\",\"@id\":\"https:\\\/\\\/madabouthorror.co.uk\\\/#website\",\"url\":\"https:\\\/\\\/madabouthorror.co.uk\\\/\",\"name\":\"Mad About Horror\",\"description\":\"\",\"publisher\":{\"@id\":\"https:\\\/\\\/madabouthorror.co.uk\\\/#organization\"},\"alternateName\":\"Mad About Horror Limited\",\"potentialAction\":[{\"@type\":\"SearchAction\",\"target\":{\"@type\":\"EntryPoint\",\"urlTemplate\":\"https:\\\/\\\/madabouthorror.co.uk\\\/?s={search_term_string}\"},\"query-input\":{\"@type\":\"PropertyValueSpecification\",\"valueRequired\":true,\"valueName\":\"search_term_string\"}}],\"inLanguage\":\"fr-FR\"},{\"@type\":\"Organization\",\"@id\":\"https:\\\/\\\/madabouthorror.co.uk\\\/#organization\",\"name\":\"Mad About Horror\",\"url\":\"https:\\\/\\\/madabouthorror.co.uk\\\/\",\"logo\":{\"@type\":\"ImageObject\",\"inLanguage\":\"fr-FR\",\"@id\":\"https:\\\/\\\/madabouthorror.co.uk\\\/#\\\/schema\\\/logo\\\/image\\\/\",\"url\":\"https:\\\/\\\/madabouthorror.co.uk\\\/wp-content\\\/uploads\\\/2024\\\/02\\\/cropped-Logo.png\",\"contentUrl\":\"https:\\\/\\\/madabouthorror.co.uk\\\/wp-content\\\/uploads\\\/2024\\\/02\\\/cropped-Logo.png\",\"width\":240,\"height\":88,\"caption\":\"Mad About Horror\"},\"image\":{\"@id\":\"https:\\\/\\\/madabouthorror.co.uk\\\/#\\\/schema\\\/logo\\\/image\\\/\"},\"sameAs\":[\"https:\\\/\\\/www.facebook.com\\\/madabouthorror\\\/\",\"https:\\\/\\\/www.instagram.com\\\/madabouthorror\\\/\",\"https:\\\/\\\/www.pinterest.co.uk\\\/madabouthorror\\\/\",\"https:\\\/\\\/www.youtube.com\\\/channel\\\/UCBooLOIxjoQ89dj6T5lWm_w\",\"https:\\\/\\\/www.tiktok.com\\\/@weremadabouthorror\"]}]}<\/script>\n<!-- \/ Yoast SEO plugin. -->","yoast_head_json":{"title":"Killer Klowns from Outer Space - Masque Slim - Mad About Horror","description":"Masque Killer Klowns from Outer Space sous licence officielle - par Trick or Treat Studios. Disponible au Royaume-Uni aupr\u00e8s de Mad About Horror.","robots":{"index":"index","follow":"follow","max-snippet":"max-snippet:-1","max-image-preview":"max-image-preview:large","max-video-preview":"max-video-preview:-1"},"canonical":"https:\/\/madabouthorror.co.uk\/fr\/product\/killer-klowns-from-outer-space-slim-mask\/","og_locale":"fr_FR","og_type":"article","og_title":"Killer Klowns from Outer Space - Slim Mask - Mad About Horror","og_description":"Officially licensed Killer Klowns from Outer Space Slim Mask - by Trick or Treat Studios. Available to buy in the UK from Mad About Horror.","og_url":"https:\/\/madabouthorror.co.uk\/fr\/product\/killer-klowns-from-outer-space-slim-mask\/","og_site_name":"Mad About Horror","article_publisher":"https:\/\/www.facebook.com\/madabouthorror\/","article_modified_time":"2026-04-20T13:53:48+00:00","og_image":[{"width":1000,"height":1000,"url":"https:\/\/madabouthorror.co.uk\/wp-content\/uploads\/2019\/05\/killer_klowns_from_outer_space_slim_mask.jpg","type":"image\/jpeg"}],"twitter_card":"summary_large_image","twitter_misc":{"Dur\u00e9e de lecture estim\u00e9e":"1 minute"},"schema":{"@context":"https:\/\/schema.org","@graph":[{"@type":["WebPage","ItemPage"],"@id":"https:\/\/madabouthorror.co.uk\/product\/killer-klowns-from-outer-space-slim-mask\/","url":"https:\/\/madabouthorror.co.uk\/product\/killer-klowns-from-outer-space-slim-mask\/","name":"Killer Klowns from Outer Space - Masque Slim - Mad About Horror","isPartOf":{"@id":"https:\/\/madabouthorror.co.uk\/#website"},"primaryImageOfPage":{"@id":"https:\/\/madabouthorror.co.uk\/product\/killer-klowns-from-outer-space-slim-mask\/#primaryimage"},"image":{"@id":"https:\/\/madabouthorror.co.uk\/product\/killer-klowns-from-outer-space-slim-mask\/#primaryimage"},"thumbnailUrl":"https:\/\/madabouthorror.co.uk\/wp-content\/uploads\/2019\/05\/killer_klowns_from_outer_space_slim_mask.jpg","datePublished":"2019-05-08T14:38:38+00:00","dateModified":"2026-04-20T13:53:48+00:00","description":"Masque Killer Klowns from Outer Space sous licence officielle - par Trick or Treat Studios. Disponible au Royaume-Uni aupr\u00e8s de Mad About Horror.","breadcrumb":{"@id":"https:\/\/madabouthorror.co.uk\/product\/killer-klowns-from-outer-space-slim-mask\/#breadcrumb"},"inLanguage":"fr-FR","potentialAction":[{"@type":"ReadAction","target":["https:\/\/madabouthorror.co.uk\/product\/killer-klowns-from-outer-space-slim-mask\/"]}]},{"@type":"ImageObject","inLanguage":"fr-FR","@id":"https:\/\/madabouthorror.co.uk\/product\/killer-klowns-from-outer-space-slim-mask\/#primaryimage","url":"https:\/\/madabouthorror.co.uk\/wp-content\/uploads\/2019\/05\/killer_klowns_from_outer_space_slim_mask.jpg","contentUrl":"https:\/\/madabouthorror.co.uk\/wp-content\/uploads\/2019\/05\/killer_klowns_from_outer_space_slim_mask.jpg","width":1000,"height":1000,"caption":"Killer Klowns from Outer Space - Slim Mask-0"},{"@type":"BreadcrumbList","@id":"https:\/\/madabouthorror.co.uk\/product\/killer-klowns-from-outer-space-slim-mask\/#breadcrumb","itemListElement":[{"@type":"ListItem","position":1,"name":"Shop","item":"https:\/\/madabouthorror.co.uk\/shop\/"},{"@type":"ListItem","position":2,"name":"Killer Klowns from Outer Space Slim Mask"}]},{"@type":"WebSite","@id":"https:\/\/madabouthorror.co.uk\/#website","url":"https:\/\/madabouthorror.co.uk\/","name":"L'horreur en folie","description":"","publisher":{"@id":"https:\/\/madabouthorror.co.uk\/#organization"},"alternateName":"Mad About Horror Limited","potentialAction":[{"@type":"SearchAction","target":{"@type":"EntryPoint","urlTemplate":"https:\/\/madabouthorror.co.uk\/?s={search_term_string}"},"query-input":{"@type":"PropertyValueSpecification","valueRequired":true,"valueName":"search_term_string"}}],"inLanguage":"fr-FR"},{"@type":"Organization","@id":"https:\/\/madabouthorror.co.uk\/#organization","name":"L'horreur en folie","url":"https:\/\/madabouthorror.co.uk\/","logo":{"@type":"ImageObject","inLanguage":"fr-FR","@id":"https:\/\/madabouthorror.co.uk\/#\/schema\/logo\/image\/","url":"https:\/\/madabouthorror.co.uk\/wp-content\/uploads\/2024\/02\/cropped-Logo.png","contentUrl":"https:\/\/madabouthorror.co.uk\/wp-content\/uploads\/2024\/02\/cropped-Logo.png","width":240,"height":88,"caption":"Mad About Horror"},"image":{"@id":"https:\/\/madabouthorror.co.uk\/#\/schema\/logo\/image\/"},"sameAs":["https:\/\/www.facebook.com\/madabouthorror\/","https:\/\/www.instagram.com\/madabouthorror\/","https:\/\/www.pinterest.co.uk\/madabouthorror\/","https:\/\/www.youtube.com\/channel\/UCBooLOIxjoQ89dj6T5lWm_w","https:\/\/www.tiktok.com\/@weremadabouthorror"]}]}},"df_price":98.91,"df_sale_price":"","df_regular_price":98.91,"df_image_link":"https:\/\/madabouthorror.co.uk\/wp-content\/uploads\/2019\/05\/killer_klowns_from_outer_space_slim_mask-300x300.jpg","_links":{"self":[{"href":"https:\/\/madabouthorror.co.uk\/fr\/wp-json\/wp\/v2\/product\/38127","targetHints":{"allow":["GET"]}}],"collection":[{"href":"https:\/\/madabouthorror.co.uk\/fr\/wp-json\/wp\/v2\/product"}],"about":[{"href":"https:\/\/madabouthorror.co.uk\/fr\/wp-json\/wp\/v2\/types\/product"}],"replies":[{"embeddable":true,"href":"https:\/\/madabouthorror.co.uk\/fr\/wp-json\/wp\/v2\/comments?post=38127"}],"wp:featuredmedia":[{"embeddable":true,"href":"https:\/\/madabouthorror.co.uk\/fr\/wp-json\/wp\/v2\/media\/38123"}],"wp:attachment":[{"href":"https:\/\/madabouthorror.co.uk\/fr\/wp-json\/wp\/v2\/media?parent=38127"}],"wp:term":[{"taxonomy":"product_brand","embeddable":true,"href":"https:\/\/madabouthorror.co.uk\/fr\/wp-json\/wp\/v2\/product_brand?post=38127"},{"taxonomy":"product_cat","embeddable":true,"href":"https:\/\/madabouthorror.co.uk\/fr\/wp-json\/wp\/v2\/product_cat?post=38127"},{"taxonomy":"product_tag","embeddable":true,"href":"https:\/\/madabouthorror.co.uk\/fr\/wp-json\/wp\/v2\/product_tag?post=38127"}],"curies":[{"name":"wp","href":"https:\/\/api.w.org\/{rel}","templated":true}]}}