{"id":38253,"date":"2019-05-08T15:38:38","date_gmt":"2019-05-08T14:38:38","guid":{"rendered":"https:\/\/mah.6bdv.ws\/product\/official-licensed-saw-billy-puppet-prop\/"},"modified":"2026-04-03T01:22:41","modified_gmt":"2026-04-03T00:22:41","slug":"official-licensed-saw-billy-puppet-prop","status":"publish","type":"product","link":"https:\/\/madabouthorror.co.uk\/fr\/product\/official-licensed-saw-billy-puppet-prop\/","title":{"rendered":"Propulseur de marionnettes Billy de Saw sous licence officielle"},"content":{"rendered":"<p>Voici l'accessoire de la marionnette Billy de SAW sous licence officielle de Trick or Treat Studios. Ce superbe accessoire, sculpt\u00e9 par le ma\u00eetre Mark Anthony de The Scary Closet, recr\u00e9e fid\u00e8lement la marionnette embl\u00e9matique utilis\u00e9e par Jigsaw dans la franchise Saw. Chaque d\u00e9tail m\u00e9ticuleux, du costume et des chaussures de Billy \u00e0 ses gants, est fid\u00e8lement reproduit dans cet accessoire. La marionnette, qui peut \u00eatre pos\u00e9e, est compos\u00e9e d'un cadre en fil de fer entour\u00e9 d'un corps en polyfoam, ce qui lui conf\u00e8re une pr\u00e9sence authentique et mena\u00e7ante.<\/p>\n<p>La marionnette Billy Puppet Prop de SAW est un accessoire indispensable pour tout amateur de films d'horreur. Elle apporte l'essence gla\u00e7ante des jeux de Jigsaw dans votre collection.<\/p>\n<p><strong>D\u00e9tails :<\/strong><\/p>\n<ul>\n<li>Environ 40\u2033 pouces de la t\u00eate aux pieds.<\/li>\n<li>Enti\u00e8rement posable<\/li>\n<li>Studios Trick or Treat<\/li>\n<\/ul>\n<p>Consultez notre <a href=\"https:\/\/madabouthorror.co.uk\/fr\/c\/character\/billy-the-puppet\/\">Gamme Saw Billy<\/a>.<\/p>","protected":false},"excerpt":{"rendered":"<p>Voici l'accessoire de la marionnette Billy de SAW sous licence officielle de Trick or Treat Studios. Ce superbe accessoire, sculpt\u00e9 par le ma\u00eetre Mark Anthony de The Scary Closet, recr\u00e9e fid\u00e8lement la marionnette embl\u00e9matique utilis\u00e9e par Jigsaw dans la franchise Saw. Chaque d\u00e9tail m\u00e9ticuleux, du costume et des chaussures de Billy \u00e0 ses gants, est fid\u00e8lement reproduit dans ce [...]<\/p>","protected":false},"featured_media":38250,"comment_status":"closed","ping_status":"closed","template":"","meta":{"_acf_changed":false},"product_brand":[],"product_cat":[10129,10136,10076,10135,10093,9946,6537,10107,10038,6547,6728,6790,6792],"product_tag":[],"class_list":{"0":"post-38253","1":"product","2":"type-product","3":"status-publish","4":"has-post-thumbnail","6":"product_cat-main-gift","7":"product_cat-official-replica-dolls-props","8":"product_cat-replica-dolls-props","9":"product_cat-saw-jigsaw","10":"product_cat-indoor-halloween-decorations","11":"product_cat-replica-dolls","12":"product_cat-collectibles","13":"product_cat-licensed-halloween-decorations","14":"product_cat-horror-gifts","15":"product_cat-decorations","16":"product_cat-premium","17":"product_cat-billy-the-puppet","18":"product_cat-trick-or-treat-studios","19":"product_shipping_class-props","21":"first","22":"instock","23":"taxable","24":"shipping-taxable","25":"purchasable","26":"product-type-simple"},"supplier_id":471029,"supplier_sku":"MALG100","barcode":"855640006802","atum_controlled":true,"out_stock_date":null,"out_stock_threshold":null,"inheritable":false,"inbound_stock":12,"stock_on_hold":1,"sold_today":0,"sales_last_days":2,"reserved_stock":0,"customer_returns":0,"warehouse_damage":0,"lost_in_post":0,"other_logs":0,"out_stock_days":0,"lost_sales":0,"has_location":false,"update_date":"2026-04-05T00:08:40","atum_locations":[],"atum_stock_status":"instock","restock_status":false,"low_stock_amount":7,"sales_update_date":"2026-04-05T00:08:39","calc_backorders":null,"acf":[],"yoast_head":"<!-- This site is optimized with the Yoast SEO plugin v27.3 - https:\/\/yoast.com\/product\/yoast-seo-wordpress\/ -->\n<title>Saw Billy Puppet Prop | Mad About Horror<\/title>\n<meta name=\"description\" content=\"Official Licensed Saw Billy Puppet Prop by Trick or Treat Studios. A fantastic fully poseable prop. Available to buy from Mad About Horror.\" \/>\n<meta name=\"robots\" content=\"index, follow, max-snippet:-1, max-image-preview:large, max-video-preview:-1\" \/>\n<link rel=\"canonical\" href=\"https:\/\/madabouthorror.co.uk\/fr\/product\/official-licensed-saw-billy-puppet-prop\/\" \/>\n<meta property=\"og:locale\" content=\"fr_FR\" \/>\n<meta property=\"og:type\" content=\"article\" \/>\n<meta property=\"og:title\" content=\"Saw Billy Puppet Prop | Mad About Horror\" \/>\n<meta property=\"og:description\" content=\"Official Licensed Saw Billy Puppet Prop by Trick or Treat Studios. A fantastic fully poseable prop. Available to buy from Mad About Horror.\" \/>\n<meta property=\"og:url\" content=\"https:\/\/madabouthorror.co.uk\/fr\/product\/official-licensed-saw-billy-puppet-prop\/\" \/>\n<meta property=\"og:site_name\" content=\"Mad About Horror\" \/>\n<meta property=\"article:publisher\" content=\"https:\/\/www.facebook.com\/madabouthorror\/\" \/>\n<meta property=\"article:modified_time\" content=\"2026-04-03T00:22:41+00:00\" \/>\n<meta property=\"og:image\" content=\"https:\/\/madabouthorror.co.uk\/wp-content\/uploads\/2019\/05\/66239974_3.jpg\" \/>\n\t<meta property=\"og:image:width\" content=\"1000\" \/>\n\t<meta property=\"og:image:height\" content=\"1000\" \/>\n\t<meta property=\"og:image:type\" content=\"image\/jpeg\" \/>\n<meta name=\"twitter:card\" content=\"summary_large_image\" \/>\n<meta name=\"twitter:label1\" content=\"Dur\u00e9e de lecture estim\u00e9e\" \/>\n\t<meta name=\"twitter:data1\" content=\"1 minute\" \/>\n<script type=\"application\/ld+json\" class=\"yoast-schema-graph\">{\"@context\":\"https:\\\/\\\/schema.org\",\"@graph\":[{\"@type\":[\"WebPage\",\"ItemPage\"],\"@id\":\"https:\\\/\\\/madabouthorror.co.uk\\\/product\\\/official-licensed-saw-billy-puppet-prop\\\/\",\"url\":\"https:\\\/\\\/madabouthorror.co.uk\\\/product\\\/official-licensed-saw-billy-puppet-prop\\\/\",\"name\":\"Saw Billy Puppet Prop | Mad About Horror\",\"isPartOf\":{\"@id\":\"https:\\\/\\\/madabouthorror.co.uk\\\/#website\"},\"primaryImageOfPage\":{\"@id\":\"https:\\\/\\\/madabouthorror.co.uk\\\/product\\\/official-licensed-saw-billy-puppet-prop\\\/#primaryimage\"},\"image\":{\"@id\":\"https:\\\/\\\/madabouthorror.co.uk\\\/product\\\/official-licensed-saw-billy-puppet-prop\\\/#primaryimage\"},\"thumbnailUrl\":\"https:\\\/\\\/madabouthorror.co.uk\\\/wp-content\\\/uploads\\\/2019\\\/05\\\/66239974_3.jpg\",\"datePublished\":\"2019-05-08T14:38:38+00:00\",\"dateModified\":\"2026-04-03T00:22:41+00:00\",\"description\":\"Official Licensed Saw Billy Puppet Prop by Trick or Treat Studios. A fantastic fully poseable prop. Available to buy from Mad About Horror.\",\"breadcrumb\":{\"@id\":\"https:\\\/\\\/madabouthorror.co.uk\\\/product\\\/official-licensed-saw-billy-puppet-prop\\\/#breadcrumb\"},\"inLanguage\":\"fr-FR\",\"potentialAction\":[{\"@type\":\"ReadAction\",\"target\":[\"https:\\\/\\\/madabouthorror.co.uk\\\/product\\\/official-licensed-saw-billy-puppet-prop\\\/\"]}]},{\"@type\":\"ImageObject\",\"inLanguage\":\"fr-FR\",\"@id\":\"https:\\\/\\\/madabouthorror.co.uk\\\/product\\\/official-licensed-saw-billy-puppet-prop\\\/#primaryimage\",\"url\":\"https:\\\/\\\/madabouthorror.co.uk\\\/wp-content\\\/uploads\\\/2019\\\/05\\\/66239974_3.jpg\",\"contentUrl\":\"https:\\\/\\\/madabouthorror.co.uk\\\/wp-content\\\/uploads\\\/2019\\\/05\\\/66239974_3.jpg\",\"width\":1000,\"height\":1000,\"caption\":\"Trick or Treat Studios - SAW - Billy Puppet Prop-0\"},{\"@type\":\"BreadcrumbList\",\"@id\":\"https:\\\/\\\/madabouthorror.co.uk\\\/product\\\/official-licensed-saw-billy-puppet-prop\\\/#breadcrumb\",\"itemListElement\":[{\"@type\":\"ListItem\",\"position\":1,\"name\":\"Shop\",\"item\":\"https:\\\/\\\/madabouthorror.co.uk\\\/shop\\\/\"},{\"@type\":\"ListItem\",\"position\":2,\"name\":\"Official Licensed Saw Billy Puppet Prop\"}]},{\"@type\":\"WebSite\",\"@id\":\"https:\\\/\\\/madabouthorror.co.uk\\\/#website\",\"url\":\"https:\\\/\\\/madabouthorror.co.uk\\\/\",\"name\":\"Mad About Horror\",\"description\":\"\",\"publisher\":{\"@id\":\"https:\\\/\\\/madabouthorror.co.uk\\\/#organization\"},\"alternateName\":\"Mad About Horror Limited\",\"potentialAction\":[{\"@type\":\"SearchAction\",\"target\":{\"@type\":\"EntryPoint\",\"urlTemplate\":\"https:\\\/\\\/madabouthorror.co.uk\\\/?s={search_term_string}\"},\"query-input\":{\"@type\":\"PropertyValueSpecification\",\"valueRequired\":true,\"valueName\":\"search_term_string\"}}],\"inLanguage\":\"fr-FR\"},{\"@type\":\"Organization\",\"@id\":\"https:\\\/\\\/madabouthorror.co.uk\\\/#organization\",\"name\":\"Mad About Horror\",\"url\":\"https:\\\/\\\/madabouthorror.co.uk\\\/\",\"logo\":{\"@type\":\"ImageObject\",\"inLanguage\":\"fr-FR\",\"@id\":\"https:\\\/\\\/madabouthorror.co.uk\\\/#\\\/schema\\\/logo\\\/image\\\/\",\"url\":\"https:\\\/\\\/madabouthorror.co.uk\\\/wp-content\\\/uploads\\\/2024\\\/02\\\/cropped-Logo.png\",\"contentUrl\":\"https:\\\/\\\/madabouthorror.co.uk\\\/wp-content\\\/uploads\\\/2024\\\/02\\\/cropped-Logo.png\",\"width\":240,\"height\":88,\"caption\":\"Mad About Horror\"},\"image\":{\"@id\":\"https:\\\/\\\/madabouthorror.co.uk\\\/#\\\/schema\\\/logo\\\/image\\\/\"},\"sameAs\":[\"https:\\\/\\\/www.facebook.com\\\/madabouthorror\\\/\",\"https:\\\/\\\/www.instagram.com\\\/madabouthorror\\\/\",\"https:\\\/\\\/www.pinterest.co.uk\\\/madabouthorror\\\/\",\"https:\\\/\\\/www.youtube.com\\\/channel\\\/UCBooLOIxjoQ89dj6T5lWm_w\",\"https:\\\/\\\/www.tiktok.com\\\/@weremadabouthorror\"]}]}<\/script>\n<!-- \/ Yoast SEO plugin. -->","yoast_head_json":{"title":"Saw Billy Puppet Propet | Mad About Horror","description":"Marionnette officielle de Saw Billy, sous licence, par Trick or Treat Studios. Un accessoire fantastique enti\u00e8rement posable. Disponible \u00e0 l'achat chez Mad About Horror.","robots":{"index":"index","follow":"follow","max-snippet":"max-snippet:-1","max-image-preview":"max-image-preview:large","max-video-preview":"max-video-preview:-1"},"canonical":"https:\/\/madabouthorror.co.uk\/fr\/product\/official-licensed-saw-billy-puppet-prop\/","og_locale":"fr_FR","og_type":"article","og_title":"Saw Billy Puppet Prop | Mad About Horror","og_description":"Official Licensed Saw Billy Puppet Prop by Trick or Treat Studios. A fantastic fully poseable prop. Available to buy from Mad About Horror.","og_url":"https:\/\/madabouthorror.co.uk\/fr\/product\/official-licensed-saw-billy-puppet-prop\/","og_site_name":"Mad About Horror","article_publisher":"https:\/\/www.facebook.com\/madabouthorror\/","article_modified_time":"2026-04-03T00:22:41+00:00","og_image":[{"width":1000,"height":1000,"url":"https:\/\/madabouthorror.co.uk\/wp-content\/uploads\/2019\/05\/66239974_3.jpg","type":"image\/jpeg"}],"twitter_card":"summary_large_image","twitter_misc":{"Dur\u00e9e de lecture estim\u00e9e":"1 minute"},"schema":{"@context":"https:\/\/schema.org","@graph":[{"@type":["WebPage","ItemPage"],"@id":"https:\/\/madabouthorror.co.uk\/product\/official-licensed-saw-billy-puppet-prop\/","url":"https:\/\/madabouthorror.co.uk\/product\/official-licensed-saw-billy-puppet-prop\/","name":"Saw Billy Puppet Propet | Mad About Horror","isPartOf":{"@id":"https:\/\/madabouthorror.co.uk\/#website"},"primaryImageOfPage":{"@id":"https:\/\/madabouthorror.co.uk\/product\/official-licensed-saw-billy-puppet-prop\/#primaryimage"},"image":{"@id":"https:\/\/madabouthorror.co.uk\/product\/official-licensed-saw-billy-puppet-prop\/#primaryimage"},"thumbnailUrl":"https:\/\/madabouthorror.co.uk\/wp-content\/uploads\/2019\/05\/66239974_3.jpg","datePublished":"2019-05-08T14:38:38+00:00","dateModified":"2026-04-03T00:22:41+00:00","description":"Marionnette officielle de Saw Billy, sous licence, par Trick or Treat Studios. Un accessoire fantastique enti\u00e8rement posable. Disponible \u00e0 l'achat chez Mad About Horror.","breadcrumb":{"@id":"https:\/\/madabouthorror.co.uk\/product\/official-licensed-saw-billy-puppet-prop\/#breadcrumb"},"inLanguage":"fr-FR","potentialAction":[{"@type":"ReadAction","target":["https:\/\/madabouthorror.co.uk\/product\/official-licensed-saw-billy-puppet-prop\/"]}]},{"@type":"ImageObject","inLanguage":"fr-FR","@id":"https:\/\/madabouthorror.co.uk\/product\/official-licensed-saw-billy-puppet-prop\/#primaryimage","url":"https:\/\/madabouthorror.co.uk\/wp-content\/uploads\/2019\/05\/66239974_3.jpg","contentUrl":"https:\/\/madabouthorror.co.uk\/wp-content\/uploads\/2019\/05\/66239974_3.jpg","width":1000,"height":1000,"caption":"Trick or Treat Studios - SAW - Billy Puppet Prop-0"},{"@type":"BreadcrumbList","@id":"https:\/\/madabouthorror.co.uk\/product\/official-licensed-saw-billy-puppet-prop\/#breadcrumb","itemListElement":[{"@type":"ListItem","position":1,"name":"Shop","item":"https:\/\/madabouthorror.co.uk\/shop\/"},{"@type":"ListItem","position":2,"name":"Official Licensed Saw Billy Puppet Prop"}]},{"@type":"WebSite","@id":"https:\/\/madabouthorror.co.uk\/#website","url":"https:\/\/madabouthorror.co.uk\/","name":"L'horreur en folie","description":"","publisher":{"@id":"https:\/\/madabouthorror.co.uk\/#organization"},"alternateName":"Mad About Horror Limited","potentialAction":[{"@type":"SearchAction","target":{"@type":"EntryPoint","urlTemplate":"https:\/\/madabouthorror.co.uk\/?s={search_term_string}"},"query-input":{"@type":"PropertyValueSpecification","valueRequired":true,"valueName":"search_term_string"}}],"inLanguage":"fr-FR"},{"@type":"Organization","@id":"https:\/\/madabouthorror.co.uk\/#organization","name":"L'horreur en folie","url":"https:\/\/madabouthorror.co.uk\/","logo":{"@type":"ImageObject","inLanguage":"fr-FR","@id":"https:\/\/madabouthorror.co.uk\/#\/schema\/logo\/image\/","url":"https:\/\/madabouthorror.co.uk\/wp-content\/uploads\/2024\/02\/cropped-Logo.png","contentUrl":"https:\/\/madabouthorror.co.uk\/wp-content\/uploads\/2024\/02\/cropped-Logo.png","width":240,"height":88,"caption":"Mad About Horror"},"image":{"@id":"https:\/\/madabouthorror.co.uk\/#\/schema\/logo\/image\/"},"sameAs":["https:\/\/www.facebook.com\/madabouthorror\/","https:\/\/www.instagram.com\/madabouthorror\/","https:\/\/www.pinterest.co.uk\/madabouthorror\/","https:\/\/www.youtube.com\/channel\/UCBooLOIxjoQ89dj6T5lWm_w","https:\/\/www.tiktok.com\/@weremadabouthorror"]}]}},"df_price":249.95,"df_sale_price":"","df_regular_price":249.95,"df_image_link":"https:\/\/madabouthorror.co.uk\/wp-content\/uploads\/2019\/05\/66239974_3-300x300.jpg","_links":{"self":[{"href":"https:\/\/madabouthorror.co.uk\/fr\/wp-json\/wp\/v2\/product\/38253","targetHints":{"allow":["GET"]}}],"collection":[{"href":"https:\/\/madabouthorror.co.uk\/fr\/wp-json\/wp\/v2\/product"}],"about":[{"href":"https:\/\/madabouthorror.co.uk\/fr\/wp-json\/wp\/v2\/types\/product"}],"replies":[{"embeddable":true,"href":"https:\/\/madabouthorror.co.uk\/fr\/wp-json\/wp\/v2\/comments?post=38253"}],"wp:featuredmedia":[{"embeddable":true,"href":"https:\/\/madabouthorror.co.uk\/fr\/wp-json\/wp\/v2\/media\/38250"}],"wp:attachment":[{"href":"https:\/\/madabouthorror.co.uk\/fr\/wp-json\/wp\/v2\/media?parent=38253"}],"wp:term":[{"taxonomy":"product_brand","embeddable":true,"href":"https:\/\/madabouthorror.co.uk\/fr\/wp-json\/wp\/v2\/product_brand?post=38253"},{"taxonomy":"product_cat","embeddable":true,"href":"https:\/\/madabouthorror.co.uk\/fr\/wp-json\/wp\/v2\/product_cat?post=38253"},{"taxonomy":"product_tag","embeddable":true,"href":"https:\/\/madabouthorror.co.uk\/fr\/wp-json\/wp\/v2\/product_tag?post=38253"}],"curies":[{"name":"wp","href":"https:\/\/api.w.org\/{rel}","templated":true}]}}