{"id":38585,"date":"2019-05-08T15:38:40","date_gmt":"2019-05-08T14:38:40","guid":{"rendered":"https:\/\/mah.6bdv.ws\/product\/house-of-1-000-corpses-doctor-satan-mask\/"},"modified":"2026-04-02T16:27:59","modified_gmt":"2026-04-02T15:27:59","slug":"house-of-1-000-corpses-doctor-satan-mask","status":"publish","type":"product","link":"https:\/\/madabouthorror.co.uk\/fr\/product\/house-of-1-000-corpses-doctor-satan-mask\/","title":{"rendered":"Maison des 1 000 cadavres : Masque d'Halloween du Docteur Satan"},"content":{"rendered":"<h4>House of 1,000 Corpses - Masque du docteur Satan<\/h4>\n<p>Sculpt\u00e9 par Rich Krusell<\/p>\n<p>Trick or Treat Studios, Global Merchandising Services et Rob Zombie sont fiers de pr\u00e9senter le masque officiel du Docteur Satan, tir\u00e9 du classique culte de Rob Zombie House of 1,000 Corpses.<\/p>\n<p>En se basant sur des centaines de photos prises dans les coulisses, Rich Krusell a sculpt\u00e9 le masque du Docteur Satan le plus fid\u00e8le \u00e0 l'\u00e9cran jamais produit. Le masque du docteur Satan est livr\u00e9 avec un masque respiratoire amovible.<\/p>\n<p>Alors, procurez-vous notre masque du docteur Satan sous licence officielle et devenez le chef terrifiant de la famille Firefly pour Halloween.<\/p>\n<p><em>Rob Zombie \u00a9 2014 Global Merchandising Services. Tous droits r\u00e9serv\u00e9s.<\/em><\/p>\n<p>&nbsp;<\/p>","protected":false},"excerpt":{"rendered":"<p>House of 1,000 Corpses - Masque du Docteur Satan Sculpt\u00e9 par Rich Krusell Trick or Treat Studios, Global Merchandising Services et Rob Zombie sont fiers de pr\u00e9senter le masque officiel du Docteur Satan, tir\u00e9 du classique culte House of 1,000 Corpses de Rob Zombie. En se basant sur des centaines de photos prises dans les coulisses, Rich Krusell a sculpt\u00e9 le masque le plus [...]<\/p>","protected":false},"featured_media":38580,"comment_status":"closed","ping_status":"closed","template":"","meta":{"_acf_changed":false},"product_brand":[],"product_cat":[6580,10100,10098,10038,9962,6541,6792,6667],"product_tag":[],"class_list":{"0":"post-38585","1":"product","2":"type-product","3":"status-publish","4":"has-post-thumbnail","6":"product_cat-movie-tv","7":"product_cat-latex-masks","8":"product_cat-old-man-masks","9":"product_cat-horror-gifts","10":"product_cat-trick-or-treat-studios-masks","11":"product_cat-masks","12":"product_cat-trick-or-treat-studios","13":"product_cat-houseof1000corpses","14":"pa_brand-trickortreatstudios","15":"pa_character-6c-houseof1_000corpsesthedevi","16":"pa_google_tax-e4-clothingaccessoriescostume","17":"pa_material-containslatex","19":"first","20":"instock","21":"taxable","22":"shipping-taxable","23":"purchasable","24":"product-type-simple"},"supplier_id":467429,"supplier_sku":"RKGM100","barcode":"854146005975","atum_controlled":true,"out_stock_date":null,"out_stock_threshold":null,"inheritable":false,"inbound_stock":0,"stock_on_hold":0,"sold_today":0,"sales_last_days":0,"reserved_stock":0,"customer_returns":0,"warehouse_damage":0,"lost_in_post":0,"other_logs":0,"out_stock_days":0,"lost_sales":0,"has_location":false,"update_date":"2026-04-03T01:55:01","atum_locations":[],"atum_stock_status":"instock","restock_status":false,"low_stock_amount":0,"sales_update_date":"2026-04-03T01:55:00","calc_backorders":null,"acf":[],"yoast_head":"<!-- This site is optimized with the Yoast SEO plugin v27.3 - https:\/\/yoast.com\/product\/yoast-seo-wordpress\/ -->\n<title>House of 1,000 Corpses - Doctor Satan Mask - Mad About Horror<\/title>\n<meta name=\"description\" content=\"Official House of 1000 Corpses: Doctor Satan Halloween Mask by Trick or Treat Studios. Available to buy in the UK from Mad About Horror. Call 01482 935936.\" \/>\n<meta name=\"robots\" content=\"index, follow, max-snippet:-1, max-image-preview:large, max-video-preview:-1\" \/>\n<link rel=\"canonical\" href=\"https:\/\/madabouthorror.co.uk\/fr\/product\/house-of-1-000-corpses-doctor-satan-mask\/\" \/>\n<meta property=\"og:locale\" content=\"fr_FR\" \/>\n<meta property=\"og:type\" content=\"article\" \/>\n<meta property=\"og:title\" content=\"House of 1,000 Corpses - Doctor Satan Mask - Mad About Horror\" \/>\n<meta property=\"og:description\" content=\"Official House of 1000 Corpses: Doctor Satan Halloween Mask by Trick or Treat Studios. Available to buy in the UK from Mad About Horror. Call 01482 935936.\" \/>\n<meta property=\"og:url\" content=\"https:\/\/madabouthorror.co.uk\/fr\/product\/house-of-1-000-corpses-doctor-satan-mask\/\" \/>\n<meta property=\"og:site_name\" content=\"Mad About Horror\" \/>\n<meta property=\"article:publisher\" content=\"https:\/\/www.facebook.com\/madabouthorror\/\" \/>\n<meta property=\"article:modified_time\" content=\"2026-04-02T15:27:59+00:00\" \/>\n<meta property=\"og:image\" content=\"https:\/\/madabouthorror.co.uk\/wp-content\/uploads\/2019\/05\/tots_house_of_1000_corpses_doctor_satan_mask.jpg\" \/>\n\t<meta property=\"og:image:width\" content=\"670\" \/>\n\t<meta property=\"og:image:height\" content=\"670\" \/>\n\t<meta property=\"og:image:type\" content=\"image\/jpeg\" \/>\n<meta name=\"twitter:card\" content=\"summary_large_image\" \/>\n<meta name=\"twitter:label1\" content=\"Dur\u00e9e de lecture estim\u00e9e\" \/>\n\t<meta name=\"twitter:data1\" content=\"1 minute\" \/>\n<script type=\"application\/ld+json\" class=\"yoast-schema-graph\">{\"@context\":\"https:\\\/\\\/schema.org\",\"@graph\":[{\"@type\":[\"WebPage\",\"ItemPage\"],\"@id\":\"https:\\\/\\\/madabouthorror.co.uk\\\/product\\\/house-of-1-000-corpses-doctor-satan-mask\\\/\",\"url\":\"https:\\\/\\\/madabouthorror.co.uk\\\/product\\\/house-of-1-000-corpses-doctor-satan-mask\\\/\",\"name\":\"House of 1,000 Corpses - Doctor Satan Mask - Mad About Horror\",\"isPartOf\":{\"@id\":\"https:\\\/\\\/madabouthorror.co.uk\\\/#website\"},\"primaryImageOfPage\":{\"@id\":\"https:\\\/\\\/madabouthorror.co.uk\\\/product\\\/house-of-1-000-corpses-doctor-satan-mask\\\/#primaryimage\"},\"image\":{\"@id\":\"https:\\\/\\\/madabouthorror.co.uk\\\/product\\\/house-of-1-000-corpses-doctor-satan-mask\\\/#primaryimage\"},\"thumbnailUrl\":\"https:\\\/\\\/madabouthorror.co.uk\\\/wp-content\\\/uploads\\\/2019\\\/05\\\/tots_house_of_1000_corpses_doctor_satan_mask.jpg\",\"datePublished\":\"2019-05-08T14:38:40+00:00\",\"dateModified\":\"2026-04-02T15:27:59+00:00\",\"description\":\"Official House of 1000 Corpses: Doctor Satan Halloween Mask by Trick or Treat Studios. Available to buy in the UK from Mad About Horror. Call 01482 935936.\",\"breadcrumb\":{\"@id\":\"https:\\\/\\\/madabouthorror.co.uk\\\/product\\\/house-of-1-000-corpses-doctor-satan-mask\\\/#breadcrumb\"},\"inLanguage\":\"fr-FR\",\"potentialAction\":[{\"@type\":\"ReadAction\",\"target\":[\"https:\\\/\\\/madabouthorror.co.uk\\\/product\\\/house-of-1-000-corpses-doctor-satan-mask\\\/\"]}]},{\"@type\":\"ImageObject\",\"inLanguage\":\"fr-FR\",\"@id\":\"https:\\\/\\\/madabouthorror.co.uk\\\/product\\\/house-of-1-000-corpses-doctor-satan-mask\\\/#primaryimage\",\"url\":\"https:\\\/\\\/madabouthorror.co.uk\\\/wp-content\\\/uploads\\\/2019\\\/05\\\/tots_house_of_1000_corpses_doctor_satan_mask.jpg\",\"contentUrl\":\"https:\\\/\\\/madabouthorror.co.uk\\\/wp-content\\\/uploads\\\/2019\\\/05\\\/tots_house_of_1000_corpses_doctor_satan_mask.jpg\",\"width\":670,\"height\":670,\"caption\":\"House of 1,000 Corpses - Doctor Satan Mask\"},{\"@type\":\"BreadcrumbList\",\"@id\":\"https:\\\/\\\/madabouthorror.co.uk\\\/product\\\/house-of-1-000-corpses-doctor-satan-mask\\\/#breadcrumb\",\"itemListElement\":[{\"@type\":\"ListItem\",\"position\":1,\"name\":\"Shop\",\"item\":\"https:\\\/\\\/madabouthorror.co.uk\\\/shop\\\/\"},{\"@type\":\"ListItem\",\"position\":2,\"name\":\"House of 1,000 Corpses: Doctor Satan Halloween Mask\"}]},{\"@type\":\"WebSite\",\"@id\":\"https:\\\/\\\/madabouthorror.co.uk\\\/#website\",\"url\":\"https:\\\/\\\/madabouthorror.co.uk\\\/\",\"name\":\"Mad About Horror\",\"description\":\"\",\"publisher\":{\"@id\":\"https:\\\/\\\/madabouthorror.co.uk\\\/#organization\"},\"alternateName\":\"Mad About Horror Limited\",\"potentialAction\":[{\"@type\":\"SearchAction\",\"target\":{\"@type\":\"EntryPoint\",\"urlTemplate\":\"https:\\\/\\\/madabouthorror.co.uk\\\/?s={search_term_string}\"},\"query-input\":{\"@type\":\"PropertyValueSpecification\",\"valueRequired\":true,\"valueName\":\"search_term_string\"}}],\"inLanguage\":\"fr-FR\"},{\"@type\":\"Organization\",\"@id\":\"https:\\\/\\\/madabouthorror.co.uk\\\/#organization\",\"name\":\"Mad About Horror\",\"url\":\"https:\\\/\\\/madabouthorror.co.uk\\\/\",\"logo\":{\"@type\":\"ImageObject\",\"inLanguage\":\"fr-FR\",\"@id\":\"https:\\\/\\\/madabouthorror.co.uk\\\/#\\\/schema\\\/logo\\\/image\\\/\",\"url\":\"https:\\\/\\\/madabouthorror.co.uk\\\/wp-content\\\/uploads\\\/2024\\\/02\\\/cropped-Logo.png\",\"contentUrl\":\"https:\\\/\\\/madabouthorror.co.uk\\\/wp-content\\\/uploads\\\/2024\\\/02\\\/cropped-Logo.png\",\"width\":240,\"height\":88,\"caption\":\"Mad About Horror\"},\"image\":{\"@id\":\"https:\\\/\\\/madabouthorror.co.uk\\\/#\\\/schema\\\/logo\\\/image\\\/\"},\"sameAs\":[\"https:\\\/\\\/www.facebook.com\\\/madabouthorror\\\/\",\"https:\\\/\\\/www.instagram.com\\\/madabouthorror\\\/\",\"https:\\\/\\\/www.pinterest.co.uk\\\/madabouthorror\\\/\",\"https:\\\/\\\/www.youtube.com\\\/channel\\\/UCBooLOIxjoQ89dj6T5lWm_w\",\"https:\\\/\\\/www.tiktok.com\\\/@weremadabouthorror\"]}]}<\/script>\n<!-- \/ Yoast SEO plugin. -->","yoast_head_json":{"title":"House of 1,000 Corpses - Masque du docteur Satan - Mad About Horror","description":"Masque d'Halloween officiel House of 1000 Corpses : Masque d'Halloween du Docteur Satan par Trick or Treat Studios. Disponible au Royaume-Uni aupr\u00e8s de Mad About Horror. Appelez le 01482 935936.","robots":{"index":"index","follow":"follow","max-snippet":"max-snippet:-1","max-image-preview":"max-image-preview:large","max-video-preview":"max-video-preview:-1"},"canonical":"https:\/\/madabouthorror.co.uk\/fr\/product\/house-of-1-000-corpses-doctor-satan-mask\/","og_locale":"fr_FR","og_type":"article","og_title":"House of 1,000 Corpses - Doctor Satan Mask - Mad About Horror","og_description":"Official House of 1000 Corpses: Doctor Satan Halloween Mask by Trick or Treat Studios. Available to buy in the UK from Mad About Horror. Call 01482 935936.","og_url":"https:\/\/madabouthorror.co.uk\/fr\/product\/house-of-1-000-corpses-doctor-satan-mask\/","og_site_name":"Mad About Horror","article_publisher":"https:\/\/www.facebook.com\/madabouthorror\/","article_modified_time":"2026-04-02T15:27:59+00:00","og_image":[{"width":670,"height":670,"url":"https:\/\/madabouthorror.co.uk\/wp-content\/uploads\/2019\/05\/tots_house_of_1000_corpses_doctor_satan_mask.jpg","type":"image\/jpeg"}],"twitter_card":"summary_large_image","twitter_misc":{"Dur\u00e9e de lecture estim\u00e9e":"1 minute"},"schema":{"@context":"https:\/\/schema.org","@graph":[{"@type":["WebPage","ItemPage"],"@id":"https:\/\/madabouthorror.co.uk\/product\/house-of-1-000-corpses-doctor-satan-mask\/","url":"https:\/\/madabouthorror.co.uk\/product\/house-of-1-000-corpses-doctor-satan-mask\/","name":"House of 1,000 Corpses - Masque du docteur Satan - Mad About Horror","isPartOf":{"@id":"https:\/\/madabouthorror.co.uk\/#website"},"primaryImageOfPage":{"@id":"https:\/\/madabouthorror.co.uk\/product\/house-of-1-000-corpses-doctor-satan-mask\/#primaryimage"},"image":{"@id":"https:\/\/madabouthorror.co.uk\/product\/house-of-1-000-corpses-doctor-satan-mask\/#primaryimage"},"thumbnailUrl":"https:\/\/madabouthorror.co.uk\/wp-content\/uploads\/2019\/05\/tots_house_of_1000_corpses_doctor_satan_mask.jpg","datePublished":"2019-05-08T14:38:40+00:00","dateModified":"2026-04-02T15:27:59+00:00","description":"Masque d'Halloween officiel House of 1000 Corpses : Masque d'Halloween du Docteur Satan par Trick or Treat Studios. Disponible au Royaume-Uni aupr\u00e8s de Mad About Horror. Appelez le 01482 935936.","breadcrumb":{"@id":"https:\/\/madabouthorror.co.uk\/product\/house-of-1-000-corpses-doctor-satan-mask\/#breadcrumb"},"inLanguage":"fr-FR","potentialAction":[{"@type":"ReadAction","target":["https:\/\/madabouthorror.co.uk\/product\/house-of-1-000-corpses-doctor-satan-mask\/"]}]},{"@type":"ImageObject","inLanguage":"fr-FR","@id":"https:\/\/madabouthorror.co.uk\/product\/house-of-1-000-corpses-doctor-satan-mask\/#primaryimage","url":"https:\/\/madabouthorror.co.uk\/wp-content\/uploads\/2019\/05\/tots_house_of_1000_corpses_doctor_satan_mask.jpg","contentUrl":"https:\/\/madabouthorror.co.uk\/wp-content\/uploads\/2019\/05\/tots_house_of_1000_corpses_doctor_satan_mask.jpg","width":670,"height":670,"caption":"House of 1,000 Corpses - Doctor Satan Mask"},{"@type":"BreadcrumbList","@id":"https:\/\/madabouthorror.co.uk\/product\/house-of-1-000-corpses-doctor-satan-mask\/#breadcrumb","itemListElement":[{"@type":"ListItem","position":1,"name":"Shop","item":"https:\/\/madabouthorror.co.uk\/shop\/"},{"@type":"ListItem","position":2,"name":"House of 1,000 Corpses: Doctor Satan Halloween Mask"}]},{"@type":"WebSite","@id":"https:\/\/madabouthorror.co.uk\/#website","url":"https:\/\/madabouthorror.co.uk\/","name":"L'horreur en folie","description":"","publisher":{"@id":"https:\/\/madabouthorror.co.uk\/#organization"},"alternateName":"Mad About Horror Limited","potentialAction":[{"@type":"SearchAction","target":{"@type":"EntryPoint","urlTemplate":"https:\/\/madabouthorror.co.uk\/?s={search_term_string}"},"query-input":{"@type":"PropertyValueSpecification","valueRequired":true,"valueName":"search_term_string"}}],"inLanguage":"fr-FR"},{"@type":"Organization","@id":"https:\/\/madabouthorror.co.uk\/#organization","name":"L'horreur en folie","url":"https:\/\/madabouthorror.co.uk\/","logo":{"@type":"ImageObject","inLanguage":"fr-FR","@id":"https:\/\/madabouthorror.co.uk\/#\/schema\/logo\/image\/","url":"https:\/\/madabouthorror.co.uk\/wp-content\/uploads\/2024\/02\/cropped-Logo.png","contentUrl":"https:\/\/madabouthorror.co.uk\/wp-content\/uploads\/2024\/02\/cropped-Logo.png","width":240,"height":88,"caption":"Mad About Horror"},"image":{"@id":"https:\/\/madabouthorror.co.uk\/#\/schema\/logo\/image\/"},"sameAs":["https:\/\/www.facebook.com\/madabouthorror\/","https:\/\/www.instagram.com\/madabouthorror\/","https:\/\/www.pinterest.co.uk\/madabouthorror\/","https:\/\/www.youtube.com\/channel\/UCBooLOIxjoQ89dj6T5lWm_w","https:\/\/www.tiktok.com\/@weremadabouthorror"]}]}},"df_price":67.66,"df_sale_price":"","df_regular_price":67.66,"df_image_link":"https:\/\/madabouthorror.co.uk\/wp-content\/uploads\/2019\/05\/tots_house_of_1000_corpses_doctor_satan_mask-300x300.jpg","_links":{"self":[{"href":"https:\/\/madabouthorror.co.uk\/fr\/wp-json\/wp\/v2\/product\/38585","targetHints":{"allow":["GET"]}}],"collection":[{"href":"https:\/\/madabouthorror.co.uk\/fr\/wp-json\/wp\/v2\/product"}],"about":[{"href":"https:\/\/madabouthorror.co.uk\/fr\/wp-json\/wp\/v2\/types\/product"}],"replies":[{"embeddable":true,"href":"https:\/\/madabouthorror.co.uk\/fr\/wp-json\/wp\/v2\/comments?post=38585"}],"wp:featuredmedia":[{"embeddable":true,"href":"https:\/\/madabouthorror.co.uk\/fr\/wp-json\/wp\/v2\/media\/38580"}],"wp:attachment":[{"href":"https:\/\/madabouthorror.co.uk\/fr\/wp-json\/wp\/v2\/media?parent=38585"}],"wp:term":[{"taxonomy":"product_brand","embeddable":true,"href":"https:\/\/madabouthorror.co.uk\/fr\/wp-json\/wp\/v2\/product_brand?post=38585"},{"taxonomy":"product_cat","embeddable":true,"href":"https:\/\/madabouthorror.co.uk\/fr\/wp-json\/wp\/v2\/product_cat?post=38585"},{"taxonomy":"product_tag","embeddable":true,"href":"https:\/\/madabouthorror.co.uk\/fr\/wp-json\/wp\/v2\/product_tag?post=38585"}],"curies":[{"name":"wp","href":"https:\/\/api.w.org\/{rel}","templated":true}]}}