{"id":38628,"date":"2023-02-23T09:23:27","date_gmt":"2023-02-23T09:23:27","guid":{"rendered":"https:\/\/mah.6bdv.ws\/?post_type=product&#038;p=38628"},"modified":"2026-04-02T09:33:01","modified_gmt":"2026-04-02T08:33:01","slug":"texas-chainsaw-massacre-1974-leatherface-pretty-woman-mask","status":"publish","type":"product","link":"https:\/\/madabouthorror.co.uk\/fr\/product\/texas-chainsaw-massacre-1974-leatherface-pretty-woman-mask\/","title":{"rendered":"Massacre \u00e0 la tron\u00e7onneuse 1974 Masque Leatherface Pretty Woman"},"content":{"rendered":"<p>En collaboration avec Trick or Treat Studios et Radar Licensing, nous sommes fiers de vous pr\u00e9senter le masque sous licence officielle Massacre \u00e0 la tron\u00e7onneuse - Leatherface 1974 Pretty Woman Mask. Sculpt\u00e9 par Connor Deless, ce masque est bas\u00e9 sur la derni\u00e8re bobine du classique d'horreur de 1974, Massacre \u00e0 la tron\u00e7onneuse, lorsque Leatherface et sa famille invitent Sally \u00e0 d\u00eener. Chaque d\u00e9tail de Leatherface est captur\u00e9 dans ce masque en latex de qualit\u00e9 collectionneur.<\/p>\n<p>Alors, procurez-vous le masque officiel Leatherface 1974 Pretty Women et terrorisez votre voisinage lors de cette soir\u00e9e d'Halloween ! <em>Massacre \u00e0 la tron\u00e7onneuse \u00a9 2017 Radar Licensing. Tous droits r\u00e9serv\u00e9s.<\/em> Taille adulte (ne convient pas aux enfants de moins de 14 ans)<\/p>","protected":false},"excerpt":{"rendered":"<p>En collaboration avec Trick or Treat Studios et Radar Licensing, nous sommes fiers de vous pr\u00e9senter le masque sous licence officielle Massacre \u00e0 la tron\u00e7onneuse - Leatherface 1974 Pretty Woman Mask. Sculpt\u00e9 par Connor Deless, ce masque est bas\u00e9 sur la derni\u00e8re bobine du classique d'horreur de 1974, Massacre \u00e0 la tron\u00e7onneuse, lorsque Leatherface et sa famille accueillent Sally [...]<\/p>","protected":false},"featured_media":489875,"comment_status":"closed","ping_status":"closed","template":"","meta":{"_acf_changed":false},"product_brand":[],"product_cat":[6580,10100,10017,10084,10040,10038,9962,6541,6789,6792,6675],"product_tag":[],"class_list":{"0":"post-38628","1":"product","2":"type-product","3":"status-publish","4":"has-post-thumbnail","6":"product_cat-movie-tv","7":"product_cat-latex-masks","8":"product_cat-leatherface-masks-horror-movie-and-tv","9":"product_cat-pretty-woman-leatherface-collectibles","10":"product_cat-gifts-under-100","11":"product_cat-horror-gifts","12":"product_cat-trick-or-treat-studios-masks","13":"product_cat-masks","14":"product_cat-leatherface","15":"product_cat-trick-or-treat-studios","16":"product_cat-texaschainsawmassacre","17":"product_shipping_class-small-parcel-economy-3-5-business-days","19":"first","20":"instock","21":"taxable","22":"shipping-taxable","23":"purchasable","24":"product-type-simple"},"supplier_id":467429,"supplier_sku":"CDRL101","barcode":"853230007017","atum_controlled":true,"out_stock_date":null,"out_stock_threshold":null,"inheritable":false,"inbound_stock":70,"stock_on_hold":0,"sold_today":0,"sales_last_days":3,"reserved_stock":0,"customer_returns":0,"warehouse_damage":0,"lost_in_post":0,"other_logs":0,"out_stock_days":0,"lost_sales":0,"has_location":false,"update_date":"2026-04-06T01:29:36","atum_locations":[],"atum_stock_status":"instock","restock_status":false,"low_stock_amount":5,"sales_update_date":"2026-04-06T01:29:34","calc_backorders":null,"acf":[],"yoast_head":"<!-- This site is optimized with the Yoast SEO plugin v27.3 - https:\/\/yoast.com\/product\/yoast-seo-wordpress\/ -->\n<title>Texas Chainsaw Massacre 1974 - Leatherface - Pretty Woman Mask<\/title>\n<meta name=\"description\" content=\"Official Texas Chainsaw Massacre 1974 Leatherface Pretty Woman Mask by Trick or Treat Studios. Available in the UK from Mad About Horror. Call 01482 935936.\" \/>\n<meta name=\"robots\" content=\"index, follow, max-snippet:-1, max-image-preview:large, max-video-preview:-1\" \/>\n<link rel=\"canonical\" href=\"https:\/\/madabouthorror.co.uk\/fr\/product\/texas-chainsaw-massacre-1974-leatherface-pretty-woman-mask\/\" \/>\n<meta property=\"og:locale\" content=\"fr_FR\" \/>\n<meta property=\"og:type\" content=\"article\" \/>\n<meta property=\"og:title\" content=\"Texas Chainsaw Massacre 1974 - Leatherface - Pretty Woman Mask\" \/>\n<meta property=\"og:description\" content=\"Official Texas Chainsaw Massacre 1974 Leatherface Pretty Woman Mask by Trick or Treat Studios. Available in the UK from Mad About Horror. Call 01482 935936.\" \/>\n<meta property=\"og:url\" content=\"https:\/\/madabouthorror.co.uk\/fr\/product\/texas-chainsaw-massacre-1974-leatherface-pretty-woman-mask\/\" \/>\n<meta property=\"og:site_name\" content=\"Mad About Horror\" \/>\n<meta property=\"article:publisher\" content=\"https:\/\/www.facebook.com\/madabouthorror\/\" \/>\n<meta property=\"article:modified_time\" content=\"2026-04-02T08:33:01+00:00\" \/>\n<meta property=\"og:image\" content=\"https:\/\/madabouthorror.co.uk\/wp-content\/uploads\/2023\/02\/texas-chainsaw-massacre-pretty-woman-mask.jpg\" \/>\n\t<meta property=\"og:image:width\" content=\"1500\" \/>\n\t<meta property=\"og:image:height\" content=\"1500\" \/>\n\t<meta property=\"og:image:type\" content=\"image\/jpeg\" \/>\n<meta name=\"twitter:card\" content=\"summary_large_image\" \/>\n<meta name=\"twitter:label1\" content=\"Dur\u00e9e de lecture estim\u00e9e\" \/>\n\t<meta name=\"twitter:data1\" content=\"1 minute\" \/>\n<script type=\"application\/ld+json\" class=\"yoast-schema-graph\">{\"@context\":\"https:\\\/\\\/schema.org\",\"@graph\":[{\"@type\":[\"WebPage\",\"ItemPage\"],\"@id\":\"https:\\\/\\\/madabouthorror.co.uk\\\/product\\\/texas-chainsaw-massacre-1974-leatherface-pretty-woman-mask\\\/\",\"url\":\"https:\\\/\\\/madabouthorror.co.uk\\\/product\\\/texas-chainsaw-massacre-1974-leatherface-pretty-woman-mask\\\/\",\"name\":\"Texas Chainsaw Massacre 1974 - Leatherface - Pretty Woman Mask\",\"isPartOf\":{\"@id\":\"https:\\\/\\\/madabouthorror.co.uk\\\/#website\"},\"primaryImageOfPage\":{\"@id\":\"https:\\\/\\\/madabouthorror.co.uk\\\/product\\\/texas-chainsaw-massacre-1974-leatherface-pretty-woman-mask\\\/#primaryimage\"},\"image\":{\"@id\":\"https:\\\/\\\/madabouthorror.co.uk\\\/product\\\/texas-chainsaw-massacre-1974-leatherface-pretty-woman-mask\\\/#primaryimage\"},\"thumbnailUrl\":\"https:\\\/\\\/madabouthorror.co.uk\\\/wp-content\\\/uploads\\\/2023\\\/02\\\/texas-chainsaw-massacre-pretty-woman-mask.jpg\",\"datePublished\":\"2023-02-23T09:23:27+00:00\",\"dateModified\":\"2026-04-02T08:33:01+00:00\",\"description\":\"Official Texas Chainsaw Massacre 1974 Leatherface Pretty Woman Mask by Trick or Treat Studios. Available in the UK from Mad About Horror. Call 01482 935936.\",\"breadcrumb\":{\"@id\":\"https:\\\/\\\/madabouthorror.co.uk\\\/product\\\/texas-chainsaw-massacre-1974-leatherface-pretty-woman-mask\\\/#breadcrumb\"},\"inLanguage\":\"fr-FR\",\"potentialAction\":[{\"@type\":\"ReadAction\",\"target\":[\"https:\\\/\\\/madabouthorror.co.uk\\\/product\\\/texas-chainsaw-massacre-1974-leatherface-pretty-woman-mask\\\/\"]}]},{\"@type\":\"ImageObject\",\"inLanguage\":\"fr-FR\",\"@id\":\"https:\\\/\\\/madabouthorror.co.uk\\\/product\\\/texas-chainsaw-massacre-1974-leatherface-pretty-woman-mask\\\/#primaryimage\",\"url\":\"https:\\\/\\\/madabouthorror.co.uk\\\/wp-content\\\/uploads\\\/2023\\\/02\\\/texas-chainsaw-massacre-pretty-woman-mask.jpg\",\"contentUrl\":\"https:\\\/\\\/madabouthorror.co.uk\\\/wp-content\\\/uploads\\\/2023\\\/02\\\/texas-chainsaw-massacre-pretty-woman-mask.jpg\",\"width\":1500,\"height\":1500,\"caption\":\"texas chainsaw massacre pretty woman mask tots\"},{\"@type\":\"BreadcrumbList\",\"@id\":\"https:\\\/\\\/madabouthorror.co.uk\\\/product\\\/texas-chainsaw-massacre-1974-leatherface-pretty-woman-mask\\\/#breadcrumb\",\"itemListElement\":[{\"@type\":\"ListItem\",\"position\":1,\"name\":\"Shop\",\"item\":\"https:\\\/\\\/madabouthorror.co.uk\\\/shop\\\/\"},{\"@type\":\"ListItem\",\"position\":2,\"name\":\"Texas Chainsaw Massacre 1974 Leatherface Pretty Woman Mask\"}]},{\"@type\":\"WebSite\",\"@id\":\"https:\\\/\\\/madabouthorror.co.uk\\\/#website\",\"url\":\"https:\\\/\\\/madabouthorror.co.uk\\\/\",\"name\":\"Mad About Horror\",\"description\":\"\",\"publisher\":{\"@id\":\"https:\\\/\\\/madabouthorror.co.uk\\\/#organization\"},\"alternateName\":\"Mad About Horror Limited\",\"potentialAction\":[{\"@type\":\"SearchAction\",\"target\":{\"@type\":\"EntryPoint\",\"urlTemplate\":\"https:\\\/\\\/madabouthorror.co.uk\\\/?s={search_term_string}\"},\"query-input\":{\"@type\":\"PropertyValueSpecification\",\"valueRequired\":true,\"valueName\":\"search_term_string\"}}],\"inLanguage\":\"fr-FR\"},{\"@type\":\"Organization\",\"@id\":\"https:\\\/\\\/madabouthorror.co.uk\\\/#organization\",\"name\":\"Mad About Horror\",\"url\":\"https:\\\/\\\/madabouthorror.co.uk\\\/\",\"logo\":{\"@type\":\"ImageObject\",\"inLanguage\":\"fr-FR\",\"@id\":\"https:\\\/\\\/madabouthorror.co.uk\\\/#\\\/schema\\\/logo\\\/image\\\/\",\"url\":\"https:\\\/\\\/madabouthorror.co.uk\\\/wp-content\\\/uploads\\\/2024\\\/02\\\/cropped-Logo.png\",\"contentUrl\":\"https:\\\/\\\/madabouthorror.co.uk\\\/wp-content\\\/uploads\\\/2024\\\/02\\\/cropped-Logo.png\",\"width\":240,\"height\":88,\"caption\":\"Mad About Horror\"},\"image\":{\"@id\":\"https:\\\/\\\/madabouthorror.co.uk\\\/#\\\/schema\\\/logo\\\/image\\\/\"},\"sameAs\":[\"https:\\\/\\\/www.facebook.com\\\/madabouthorror\\\/\",\"https:\\\/\\\/www.instagram.com\\\/madabouthorror\\\/\",\"https:\\\/\\\/www.pinterest.co.uk\\\/madabouthorror\\\/\",\"https:\\\/\\\/www.youtube.com\\\/channel\\\/UCBooLOIxjoQ89dj6T5lWm_w\",\"https:\\\/\\\/www.tiktok.com\\\/@weremadabouthorror\"]}]}<\/script>\n<!-- \/ Yoast SEO plugin. -->","yoast_head_json":{"title":"Massacre \u00e0 la tron\u00e7onneuse 1974 - Leatherface - Masque de Pretty Woman","description":"Masque officiel Leatherface Pretty Woman de Massacre \u00e0 la tron\u00e7onneuse 1974 par Trick or Treat Studios. Disponible au Royaume-Uni aupr\u00e8s de Mad About Horror. Appelez le 01482 935936.","robots":{"index":"index","follow":"follow","max-snippet":"max-snippet:-1","max-image-preview":"max-image-preview:large","max-video-preview":"max-video-preview:-1"},"canonical":"https:\/\/madabouthorror.co.uk\/fr\/product\/texas-chainsaw-massacre-1974-leatherface-pretty-woman-mask\/","og_locale":"fr_FR","og_type":"article","og_title":"Texas Chainsaw Massacre 1974 - Leatherface - Pretty Woman Mask","og_description":"Official Texas Chainsaw Massacre 1974 Leatherface Pretty Woman Mask by Trick or Treat Studios. Available in the UK from Mad About Horror. Call 01482 935936.","og_url":"https:\/\/madabouthorror.co.uk\/fr\/product\/texas-chainsaw-massacre-1974-leatherface-pretty-woman-mask\/","og_site_name":"Mad About Horror","article_publisher":"https:\/\/www.facebook.com\/madabouthorror\/","article_modified_time":"2026-04-02T08:33:01+00:00","og_image":[{"width":1500,"height":1500,"url":"https:\/\/madabouthorror.co.uk\/wp-content\/uploads\/2023\/02\/texas-chainsaw-massacre-pretty-woman-mask.jpg","type":"image\/jpeg"}],"twitter_card":"summary_large_image","twitter_misc":{"Dur\u00e9e de lecture estim\u00e9e":"1 minute"},"schema":{"@context":"https:\/\/schema.org","@graph":[{"@type":["WebPage","ItemPage"],"@id":"https:\/\/madabouthorror.co.uk\/product\/texas-chainsaw-massacre-1974-leatherface-pretty-woman-mask\/","url":"https:\/\/madabouthorror.co.uk\/product\/texas-chainsaw-massacre-1974-leatherface-pretty-woman-mask\/","name":"Massacre \u00e0 la tron\u00e7onneuse 1974 - Leatherface - Masque de Pretty Woman","isPartOf":{"@id":"https:\/\/madabouthorror.co.uk\/#website"},"primaryImageOfPage":{"@id":"https:\/\/madabouthorror.co.uk\/product\/texas-chainsaw-massacre-1974-leatherface-pretty-woman-mask\/#primaryimage"},"image":{"@id":"https:\/\/madabouthorror.co.uk\/product\/texas-chainsaw-massacre-1974-leatherface-pretty-woman-mask\/#primaryimage"},"thumbnailUrl":"https:\/\/madabouthorror.co.uk\/wp-content\/uploads\/2023\/02\/texas-chainsaw-massacre-pretty-woman-mask.jpg","datePublished":"2023-02-23T09:23:27+00:00","dateModified":"2026-04-02T08:33:01+00:00","description":"Masque officiel Leatherface Pretty Woman de Massacre \u00e0 la tron\u00e7onneuse 1974 par Trick or Treat Studios. Disponible au Royaume-Uni aupr\u00e8s de Mad About Horror. Appelez le 01482 935936.","breadcrumb":{"@id":"https:\/\/madabouthorror.co.uk\/product\/texas-chainsaw-massacre-1974-leatherface-pretty-woman-mask\/#breadcrumb"},"inLanguage":"fr-FR","potentialAction":[{"@type":"ReadAction","target":["https:\/\/madabouthorror.co.uk\/product\/texas-chainsaw-massacre-1974-leatherface-pretty-woman-mask\/"]}]},{"@type":"ImageObject","inLanguage":"fr-FR","@id":"https:\/\/madabouthorror.co.uk\/product\/texas-chainsaw-massacre-1974-leatherface-pretty-woman-mask\/#primaryimage","url":"https:\/\/madabouthorror.co.uk\/wp-content\/uploads\/2023\/02\/texas-chainsaw-massacre-pretty-woman-mask.jpg","contentUrl":"https:\/\/madabouthorror.co.uk\/wp-content\/uploads\/2023\/02\/texas-chainsaw-massacre-pretty-woman-mask.jpg","width":1500,"height":1500,"caption":"texas chainsaw massacre pretty woman mask tots"},{"@type":"BreadcrumbList","@id":"https:\/\/madabouthorror.co.uk\/product\/texas-chainsaw-massacre-1974-leatherface-pretty-woman-mask\/#breadcrumb","itemListElement":[{"@type":"ListItem","position":1,"name":"Shop","item":"https:\/\/madabouthorror.co.uk\/shop\/"},{"@type":"ListItem","position":2,"name":"Texas Chainsaw Massacre 1974 Leatherface Pretty Woman Mask"}]},{"@type":"WebSite","@id":"https:\/\/madabouthorror.co.uk\/#website","url":"https:\/\/madabouthorror.co.uk\/","name":"L'horreur en folie","description":"","publisher":{"@id":"https:\/\/madabouthorror.co.uk\/#organization"},"alternateName":"Mad About Horror Limited","potentialAction":[{"@type":"SearchAction","target":{"@type":"EntryPoint","urlTemplate":"https:\/\/madabouthorror.co.uk\/?s={search_term_string}"},"query-input":{"@type":"PropertyValueSpecification","valueRequired":true,"valueName":"search_term_string"}}],"inLanguage":"fr-FR"},{"@type":"Organization","@id":"https:\/\/madabouthorror.co.uk\/#organization","name":"L'horreur en folie","url":"https:\/\/madabouthorror.co.uk\/","logo":{"@type":"ImageObject","inLanguage":"fr-FR","@id":"https:\/\/madabouthorror.co.uk\/#\/schema\/logo\/image\/","url":"https:\/\/madabouthorror.co.uk\/wp-content\/uploads\/2024\/02\/cropped-Logo.png","contentUrl":"https:\/\/madabouthorror.co.uk\/wp-content\/uploads\/2024\/02\/cropped-Logo.png","width":240,"height":88,"caption":"Mad About Horror"},"image":{"@id":"https:\/\/madabouthorror.co.uk\/#\/schema\/logo\/image\/"},"sameAs":["https:\/\/www.facebook.com\/madabouthorror\/","https:\/\/www.instagram.com\/madabouthorror\/","https:\/\/www.pinterest.co.uk\/madabouthorror\/","https:\/\/www.youtube.com\/channel\/UCBooLOIxjoQ89dj6T5lWm_w","https:\/\/www.tiktok.com\/@weremadabouthorror"]}]}},"df_price":67.66,"df_sale_price":"","df_regular_price":67.66,"df_image_link":"https:\/\/madabouthorror.co.uk\/wp-content\/uploads\/2023\/02\/texas-chainsaw-massacre-pretty-woman-mask-300x300.jpg","_links":{"self":[{"href":"https:\/\/madabouthorror.co.uk\/fr\/wp-json\/wp\/v2\/product\/38628","targetHints":{"allow":["GET"]}}],"collection":[{"href":"https:\/\/madabouthorror.co.uk\/fr\/wp-json\/wp\/v2\/product"}],"about":[{"href":"https:\/\/madabouthorror.co.uk\/fr\/wp-json\/wp\/v2\/types\/product"}],"replies":[{"embeddable":true,"href":"https:\/\/madabouthorror.co.uk\/fr\/wp-json\/wp\/v2\/comments?post=38628"}],"wp:featuredmedia":[{"embeddable":true,"href":"https:\/\/madabouthorror.co.uk\/fr\/wp-json\/wp\/v2\/media\/489875"}],"wp:attachment":[{"href":"https:\/\/madabouthorror.co.uk\/fr\/wp-json\/wp\/v2\/media?parent=38628"}],"wp:term":[{"taxonomy":"product_brand","embeddable":true,"href":"https:\/\/madabouthorror.co.uk\/fr\/wp-json\/wp\/v2\/product_brand?post=38628"},{"taxonomy":"product_cat","embeddable":true,"href":"https:\/\/madabouthorror.co.uk\/fr\/wp-json\/wp\/v2\/product_cat?post=38628"},{"taxonomy":"product_tag","embeddable":true,"href":"https:\/\/madabouthorror.co.uk\/fr\/wp-json\/wp\/v2\/product_tag?post=38628"}],"curies":[{"name":"wp","href":"https:\/\/api.w.org\/{rel}","templated":true}]}}