{"id":39014,"date":"2019-05-08T15:38:41","date_gmt":"2019-05-08T14:38:41","guid":{"rendered":"https:\/\/mah.6bdv.ws\/product\/gremlins-evil-gremlin-puppet-prop\/"},"modified":"2026-04-20T14:53:50","modified_gmt":"2026-04-20T13:53:50","slug":"gremlins-evil-gremlin-puppet-prop","status":"publish","type":"product","link":"https:\/\/madabouthorror.co.uk\/fr\/product\/gremlins-evil-gremlin-puppet-prop\/","title":{"rendered":"Gremlins Gremlin mal\u00e9fique Marionnette Prop."},"content":{"rendered":"<p>Plongez dans l'univers malicieux des Gremlins avec la marionnette sous licence officielle Evil Gremlin Puppet Prop de Trick or Treat Studios. Fabriqu\u00e9e par Russ Lukich, cette remarquable marionnette a \u00e9t\u00e9 con\u00e7ue avec une attention m\u00e9ticuleuse aux d\u00e9tails, en se r\u00e9f\u00e9rant \u00e0 une forme originale de Gremlin pour plus d'authenticit\u00e9. Chaque aspect de ce Gremlin mal\u00e9fique, de ses dimensions \u00e0 ses pointes distinctives, est fid\u00e8lement recr\u00e9\u00e9 dans cette incroyable marionnette.<\/p>\n<p>La marionnette est facile \u00e0 manipuler gr\u00e2ce \u00e0 un trou \u00e0 l'arri\u00e8re, qui vous permet de bouger la t\u00eate et la bouche pour plus d'interactivit\u00e9. Mettez la main sur cette marionnette Evil Stripe Puppet Prop, la plus proche des vrais Gremlins espi\u00e8gles. Commandez d\u00e8s maintenant et apportez une touche de chaos \u00e0 votre collection.<\/p>\n<p><strong>D\u00e9tails :<\/strong><\/p>\n<ul>\n<li>Hauteur (du haut des oreilles aux orteils) : 28 pouces<\/li>\n<li>Largeur (d'une main \u00e0 l'autre) : 24 pouces<\/li>\n<li>Profondeur : (de la poitrine au dos) 10 pouces<\/li>\n<\/ul>\n<p><em>GREMLINS et tous les personnages et \u00e9l\u00e9ments associ\u00e9s \u00a9 &amp; TM Warner Bros. Entertainment Inc.<\/em><\/p>\n<p>&nbsp;<\/p>\n<p>&nbsp;<\/p>","protected":false},"excerpt":{"rendered":"<p>Entrez dans le monde espi\u00e8gle des Gremlins avec la marionnette de Gremlin mal\u00e9fique sous licence officielle de Trick or Treat Studios. Con\u00e7ue par Russ Lukich, cette remarquable marionnette est cr\u00e9\u00e9e avec une attention m\u00e9ticuleuse aux d\u00e9tails, se r\u00e9f\u00e9rant \u00e0 la forme originale d'un Gremlin pour plus d'authenticit\u00e9. Chaque aspect de ce Gremlin mal\u00e9fique, de ses dimensions \u00e0 ses pointes distinctives, est [\u2026]<\/p>","protected":false},"featured_media":39006,"comment_status":"closed","ping_status":"closed","template":"","meta":{"_acf_changed":false},"product_brand":[],"product_cat":[10076,10151,10093,9946,6537,10107,6547,6728,6792,6659],"product_tag":[],"class_list":{"0":"post-39014","1":"product","2":"type-product","3":"status-publish","4":"has-post-thumbnail","6":"product_cat-replica-dolls-props","7":"product_cat-trick-or-treat-studios-props-neca-figures","8":"product_cat-indoor-halloween-decorations","9":"product_cat-replica-dolls","10":"product_cat-collectibles","11":"product_cat-licensed-halloween-decorations","12":"product_cat-decorations","13":"product_cat-premium","14":"product_cat-trick-or-treat-studios","15":"product_cat-gremlins","17":"first","18":"outofstock","19":"taxable","20":"shipping-taxable","21":"purchasable","22":"product-type-simple"},"supplier_id":471030,"supplier_sku":"RLWB103","barcode":"853230007895","atum_controlled":true,"out_stock_date":"2025-11-03 13:04:35","out_stock_threshold":null,"inheritable":false,"inbound_stock":30,"stock_on_hold":0,"sold_today":0,"sales_last_days":0,"reserved_stock":0,"customer_returns":0,"warehouse_damage":0,"lost_in_post":0,"other_logs":0,"out_stock_days":177,"lost_sales":6320,"has_location":false,"update_date":"2026-04-30T01:31:51","atum_locations":[],"atum_stock_status":"outofstock","restock_status":false,"low_stock_amount":6,"sales_update_date":"2026-04-30T01:31:50","calc_backorders":null,"acf":[],"yoast_head":"<!-- This site is optimized with the Yoast SEO plugin v27.5 - https:\/\/yoast.com\/product\/yoast-seo-wordpress\/ -->\n<title>Gremlins - Evil Gremlin - Puppet Prop | Mad About Horror<\/title>\n<meta name=\"description\" content=\"Officially licensed Gremlins Evil Gremlin Puppet Prop by Trick or Treat Studios. Available to buy now in the UK from Mad About Horror. Call 01482 935936.\" \/>\n<meta name=\"robots\" content=\"index, follow, max-snippet:-1, max-image-preview:large, max-video-preview:-1\" \/>\n<link rel=\"canonical\" href=\"https:\/\/madabouthorror.co.uk\/fr\/product\/gremlins-evil-gremlin-puppet-prop\/\" \/>\n<meta property=\"og:locale\" content=\"fr_FR\" \/>\n<meta property=\"og:type\" content=\"article\" \/>\n<meta property=\"og:title\" content=\"Gremlins - Evil Gremlin - Puppet Prop | Mad About Horror\" \/>\n<meta property=\"og:description\" content=\"Officially licensed Gremlins Evil Gremlin Puppet Prop by Trick or Treat Studios. Available to buy now in the UK from Mad About Horror. Call 01482 935936.\" \/>\n<meta property=\"og:url\" content=\"https:\/\/madabouthorror.co.uk\/fr\/product\/gremlins-evil-gremlin-puppet-prop\/\" \/>\n<meta property=\"og:site_name\" content=\"Mad About Horror\" \/>\n<meta property=\"article:publisher\" content=\"https:\/\/www.facebook.com\/madabouthorror\/\" \/>\n<meta property=\"article:modified_time\" content=\"2026-04-20T13:53:50+00:00\" \/>\n<meta property=\"og:image\" content=\"https:\/\/madabouthorror.co.uk\/wp-content\/uploads\/2019\/05\/trick_or_treat_studios_evil_gremlin_puppet_prop.jpg\" \/>\n\t<meta property=\"og:image:width\" content=\"670\" \/>\n\t<meta property=\"og:image:height\" content=\"670\" \/>\n\t<meta property=\"og:image:type\" content=\"image\/jpeg\" \/>\n<meta name=\"twitter:card\" content=\"summary_large_image\" \/>\n<meta name=\"twitter:label1\" content=\"Dur\u00e9e de lecture estim\u00e9e\" \/>\n\t<meta name=\"twitter:data1\" content=\"1 minute\" \/>\n<script type=\"application\/ld+json\" class=\"yoast-schema-graph\">{\"@context\":\"https:\\\/\\\/schema.org\",\"@graph\":[{\"@type\":[\"WebPage\",\"ItemPage\"],\"@id\":\"https:\\\/\\\/madabouthorror.co.uk\\\/product\\\/gremlins-evil-gremlin-puppet-prop\\\/\",\"url\":\"https:\\\/\\\/madabouthorror.co.uk\\\/product\\\/gremlins-evil-gremlin-puppet-prop\\\/\",\"name\":\"Gremlins - Evil Gremlin - Puppet Prop | Mad About Horror\",\"isPartOf\":{\"@id\":\"https:\\\/\\\/madabouthorror.co.uk\\\/#website\"},\"primaryImageOfPage\":{\"@id\":\"https:\\\/\\\/madabouthorror.co.uk\\\/product\\\/gremlins-evil-gremlin-puppet-prop\\\/#primaryimage\"},\"image\":{\"@id\":\"https:\\\/\\\/madabouthorror.co.uk\\\/product\\\/gremlins-evil-gremlin-puppet-prop\\\/#primaryimage\"},\"thumbnailUrl\":\"https:\\\/\\\/madabouthorror.co.uk\\\/wp-content\\\/uploads\\\/2019\\\/05\\\/trick_or_treat_studios_evil_gremlin_puppet_prop.jpg\",\"datePublished\":\"2019-05-08T14:38:41+00:00\",\"dateModified\":\"2026-04-20T13:53:50+00:00\",\"description\":\"Officially licensed Gremlins Evil Gremlin Puppet Prop by Trick or Treat Studios. Available to buy now in the UK from Mad About Horror. Call 01482 935936.\",\"breadcrumb\":{\"@id\":\"https:\\\/\\\/madabouthorror.co.uk\\\/product\\\/gremlins-evil-gremlin-puppet-prop\\\/#breadcrumb\"},\"inLanguage\":\"fr-FR\",\"potentialAction\":[{\"@type\":\"ReadAction\",\"target\":[\"https:\\\/\\\/madabouthorror.co.uk\\\/product\\\/gremlins-evil-gremlin-puppet-prop\\\/\"]}]},{\"@type\":\"ImageObject\",\"inLanguage\":\"fr-FR\",\"@id\":\"https:\\\/\\\/madabouthorror.co.uk\\\/product\\\/gremlins-evil-gremlin-puppet-prop\\\/#primaryimage\",\"url\":\"https:\\\/\\\/madabouthorror.co.uk\\\/wp-content\\\/uploads\\\/2019\\\/05\\\/trick_or_treat_studios_evil_gremlin_puppet_prop.jpg\",\"contentUrl\":\"https:\\\/\\\/madabouthorror.co.uk\\\/wp-content\\\/uploads\\\/2019\\\/05\\\/trick_or_treat_studios_evil_gremlin_puppet_prop.jpg\",\"width\":670,\"height\":670,\"caption\":\"Gremlins - Evil Gremlin - Puppet Prop\"},{\"@type\":\"BreadcrumbList\",\"@id\":\"https:\\\/\\\/madabouthorror.co.uk\\\/product\\\/gremlins-evil-gremlin-puppet-prop\\\/#breadcrumb\",\"itemListElement\":[{\"@type\":\"ListItem\",\"position\":1,\"name\":\"Shop\",\"item\":\"https:\\\/\\\/madabouthorror.co.uk\\\/shop\\\/\"},{\"@type\":\"ListItem\",\"position\":2,\"name\":\"Gremlins Evil Gremlin Puppet Prop\"}]},{\"@type\":\"WebSite\",\"@id\":\"https:\\\/\\\/madabouthorror.co.uk\\\/#website\",\"url\":\"https:\\\/\\\/madabouthorror.co.uk\\\/\",\"name\":\"Mad About Horror\",\"description\":\"\",\"publisher\":{\"@id\":\"https:\\\/\\\/madabouthorror.co.uk\\\/#organization\"},\"alternateName\":\"Mad About Horror Limited\",\"potentialAction\":[{\"@type\":\"SearchAction\",\"target\":{\"@type\":\"EntryPoint\",\"urlTemplate\":\"https:\\\/\\\/madabouthorror.co.uk\\\/?s={search_term_string}\"},\"query-input\":{\"@type\":\"PropertyValueSpecification\",\"valueRequired\":true,\"valueName\":\"search_term_string\"}}],\"inLanguage\":\"fr-FR\"},{\"@type\":\"Organization\",\"@id\":\"https:\\\/\\\/madabouthorror.co.uk\\\/#organization\",\"name\":\"Mad About Horror\",\"url\":\"https:\\\/\\\/madabouthorror.co.uk\\\/\",\"logo\":{\"@type\":\"ImageObject\",\"inLanguage\":\"fr-FR\",\"@id\":\"https:\\\/\\\/madabouthorror.co.uk\\\/#\\\/schema\\\/logo\\\/image\\\/\",\"url\":\"https:\\\/\\\/madabouthorror.co.uk\\\/wp-content\\\/uploads\\\/2024\\\/02\\\/cropped-Logo.png\",\"contentUrl\":\"https:\\\/\\\/madabouthorror.co.uk\\\/wp-content\\\/uploads\\\/2024\\\/02\\\/cropped-Logo.png\",\"width\":240,\"height\":88,\"caption\":\"Mad About Horror\"},\"image\":{\"@id\":\"https:\\\/\\\/madabouthorror.co.uk\\\/#\\\/schema\\\/logo\\\/image\\\/\"},\"sameAs\":[\"https:\\\/\\\/www.facebook.com\\\/madabouthorror\\\/\",\"https:\\\/\\\/www.instagram.com\\\/madabouthorror\\\/\",\"https:\\\/\\\/www.pinterest.co.uk\\\/madabouthorror\\\/\",\"https:\\\/\\\/www.youtube.com\\\/channel\\\/UCBooLOIxjoQ89dj6T5lWm_w\",\"https:\\\/\\\/www.tiktok.com\\\/@weremadabouthorror\"]}]}<\/script>\n<!-- \/ Yoast SEO plugin. -->","yoast_head_json":{"title":"Gremlins - Evil Gremlin - Puppet Prop | Mad About Horror","description":"Marionnette Gremlins Evil Gremlin Puppet sous licence officielle par Trick or Treat Studios. Disponible \u00e0 l'achat au Royaume-Uni aupr\u00e8s de Mad About Horror. Appelez le 01482 935936.","robots":{"index":"index","follow":"follow","max-snippet":"max-snippet:-1","max-image-preview":"max-image-preview:large","max-video-preview":"max-video-preview:-1"},"canonical":"https:\/\/madabouthorror.co.uk\/fr\/product\/gremlins-evil-gremlin-puppet-prop\/","og_locale":"fr_FR","og_type":"article","og_title":"Gremlins - Evil Gremlin - Puppet Prop | Mad About Horror","og_description":"Officially licensed Gremlins Evil Gremlin Puppet Prop by Trick or Treat Studios. Available to buy now in the UK from Mad About Horror. Call 01482 935936.","og_url":"https:\/\/madabouthorror.co.uk\/fr\/product\/gremlins-evil-gremlin-puppet-prop\/","og_site_name":"Mad About Horror","article_publisher":"https:\/\/www.facebook.com\/madabouthorror\/","article_modified_time":"2026-04-20T13:53:50+00:00","og_image":[{"width":670,"height":670,"url":"https:\/\/madabouthorror.co.uk\/wp-content\/uploads\/2019\/05\/trick_or_treat_studios_evil_gremlin_puppet_prop.jpg","type":"image\/jpeg"}],"twitter_card":"summary_large_image","twitter_misc":{"Dur\u00e9e de lecture estim\u00e9e":"1 minute"},"schema":{"@context":"https:\/\/schema.org","@graph":[{"@type":["WebPage","ItemPage"],"@id":"https:\/\/madabouthorror.co.uk\/product\/gremlins-evil-gremlin-puppet-prop\/","url":"https:\/\/madabouthorror.co.uk\/product\/gremlins-evil-gremlin-puppet-prop\/","name":"Gremlins - Evil Gremlin - Puppet Prop | Mad About Horror","isPartOf":{"@id":"https:\/\/madabouthorror.co.uk\/#website"},"primaryImageOfPage":{"@id":"https:\/\/madabouthorror.co.uk\/product\/gremlins-evil-gremlin-puppet-prop\/#primaryimage"},"image":{"@id":"https:\/\/madabouthorror.co.uk\/product\/gremlins-evil-gremlin-puppet-prop\/#primaryimage"},"thumbnailUrl":"https:\/\/madabouthorror.co.uk\/wp-content\/uploads\/2019\/05\/trick_or_treat_studios_evil_gremlin_puppet_prop.jpg","datePublished":"2019-05-08T14:38:41+00:00","dateModified":"2026-04-20T13:53:50+00:00","description":"Marionnette Gremlins Evil Gremlin Puppet sous licence officielle par Trick or Treat Studios. Disponible \u00e0 l'achat au Royaume-Uni aupr\u00e8s de Mad About Horror. Appelez le 01482 935936.","breadcrumb":{"@id":"https:\/\/madabouthorror.co.uk\/product\/gremlins-evil-gremlin-puppet-prop\/#breadcrumb"},"inLanguage":"fr-FR","potentialAction":[{"@type":"ReadAction","target":["https:\/\/madabouthorror.co.uk\/product\/gremlins-evil-gremlin-puppet-prop\/"]}]},{"@type":"ImageObject","inLanguage":"fr-FR","@id":"https:\/\/madabouthorror.co.uk\/product\/gremlins-evil-gremlin-puppet-prop\/#primaryimage","url":"https:\/\/madabouthorror.co.uk\/wp-content\/uploads\/2019\/05\/trick_or_treat_studios_evil_gremlin_puppet_prop.jpg","contentUrl":"https:\/\/madabouthorror.co.uk\/wp-content\/uploads\/2019\/05\/trick_or_treat_studios_evil_gremlin_puppet_prop.jpg","width":670,"height":670,"caption":"Gremlins - Evil Gremlin - Puppet Prop"},{"@type":"BreadcrumbList","@id":"https:\/\/madabouthorror.co.uk\/product\/gremlins-evil-gremlin-puppet-prop\/#breadcrumb","itemListElement":[{"@type":"ListItem","position":1,"name":"Shop","item":"https:\/\/madabouthorror.co.uk\/shop\/"},{"@type":"ListItem","position":2,"name":"Gremlins Evil Gremlin Puppet Prop"}]},{"@type":"WebSite","@id":"https:\/\/madabouthorror.co.uk\/#website","url":"https:\/\/madabouthorror.co.uk\/","name":"L'horreur en folie","description":"","publisher":{"@id":"https:\/\/madabouthorror.co.uk\/#organization"},"alternateName":"Mad About Horror Limited","potentialAction":[{"@type":"SearchAction","target":{"@type":"EntryPoint","urlTemplate":"https:\/\/madabouthorror.co.uk\/?s={search_term_string}"},"query-input":{"@type":"PropertyValueSpecification","valueRequired":true,"valueName":"search_term_string"}}],"inLanguage":"fr-FR"},{"@type":"Organization","@id":"https:\/\/madabouthorror.co.uk\/#organization","name":"L'horreur en folie","url":"https:\/\/madabouthorror.co.uk\/","logo":{"@type":"ImageObject","inLanguage":"fr-FR","@id":"https:\/\/madabouthorror.co.uk\/#\/schema\/logo\/image\/","url":"https:\/\/madabouthorror.co.uk\/wp-content\/uploads\/2024\/02\/cropped-Logo.png","contentUrl":"https:\/\/madabouthorror.co.uk\/wp-content\/uploads\/2024\/02\/cropped-Logo.png","width":240,"height":88,"caption":"Mad About Horror"},"image":{"@id":"https:\/\/madabouthorror.co.uk\/#\/schema\/logo\/image\/"},"sameAs":["https:\/\/www.facebook.com\/madabouthorror\/","https:\/\/www.instagram.com\/madabouthorror\/","https:\/\/www.pinterest.co.uk\/madabouthorror\/","https:\/\/www.youtube.com\/channel\/UCBooLOIxjoQ89dj6T5lWm_w","https:\/\/www.tiktok.com\/@weremadabouthorror"]}]}},"df_price":249.95,"df_sale_price":"","df_regular_price":249.95,"df_image_link":"https:\/\/madabouthorror.co.uk\/wp-content\/uploads\/2019\/05\/trick_or_treat_studios_evil_gremlin_puppet_prop-300x300.jpg","_links":{"self":[{"href":"https:\/\/madabouthorror.co.uk\/fr\/wp-json\/wp\/v2\/product\/39014","targetHints":{"allow":["GET"]}}],"collection":[{"href":"https:\/\/madabouthorror.co.uk\/fr\/wp-json\/wp\/v2\/product"}],"about":[{"href":"https:\/\/madabouthorror.co.uk\/fr\/wp-json\/wp\/v2\/types\/product"}],"replies":[{"embeddable":true,"href":"https:\/\/madabouthorror.co.uk\/fr\/wp-json\/wp\/v2\/comments?post=39014"}],"wp:featuredmedia":[{"embeddable":true,"href":"https:\/\/madabouthorror.co.uk\/fr\/wp-json\/wp\/v2\/media\/39006"}],"wp:attachment":[{"href":"https:\/\/madabouthorror.co.uk\/fr\/wp-json\/wp\/v2\/media?parent=39014"}],"wp:term":[{"taxonomy":"product_brand","embeddable":true,"href":"https:\/\/madabouthorror.co.uk\/fr\/wp-json\/wp\/v2\/product_brand?post=39014"},{"taxonomy":"product_cat","embeddable":true,"href":"https:\/\/madabouthorror.co.uk\/fr\/wp-json\/wp\/v2\/product_cat?post=39014"},{"taxonomy":"product_tag","embeddable":true,"href":"https:\/\/madabouthorror.co.uk\/fr\/wp-json\/wp\/v2\/product_tag?post=39014"}],"curies":[{"name":"wp","href":"https:\/\/api.w.org\/{rel}","templated":true}]}}