{"id":39162,"date":"2019-05-08T15:38:41","date_gmt":"2019-05-08T14:38:41","guid":{"rendered":"https:\/\/mah.6bdv.ws\/product\/cauldron-cat-tastrophe-animated-prop\/"},"modified":"2025-11-20T12:45:32","modified_gmt":"2025-11-20T12:45:32","slug":"cauldron-cat-tastrophe-animated-prop","status":"publish","type":"product","link":"https:\/\/madabouthorror.co.uk\/fr\/product\/cauldron-cat-tastrophe-animated-prop\/","title":{"rendered":"Chaudron Cat-tastrophe Prop Anim\u00e9"},"content":{"rendered":"<p>Effrayez vos invit\u00e9s d'Halloween avec notre accessoire anim\u00e9 Chaudron Cat-tastrophe ! Cr\u00e9ez une ambiance effrayante avec votre d\u00e9cor d'Halloween en ajoutant cette sorci\u00e8re anim\u00e9e et son pauvre chat ! Cette sinistre sorci\u00e8re se tient devant son chaudron noir bouillonnant avec des \"charbons ardents\" vacillants tout en tenant un chat galeux par les pattes.<\/p>\n<p>Une fois activ\u00e9e, les yeux de la sorci\u00e8re s'allument, la t\u00eate et le torse tournent d'un c\u00f4t\u00e9 \u00e0 l'autre, la bouche bouge, le chat siffle et s'agite au-dessus du chaudron vert bouillonnant. Il est m\u00eame possible d'attacher une machine \u00e0 brouillard \u00e0 la bo\u00eete de contr\u00f4le de l'accessoire (machine \u00e0 brouillard non incluse).<\/p>\n<p style=\"padding-left: 30px;\">Lorsqu'il est activ\u00e9, le Prop \u00e9met les phrases suivantes :<\/p>\n<p style=\"padding-left: 30px;\"><em>\"Eh heh heh heh vous ferez un repas savoureux - mon plat pr\u00e9f\u00e9r\u00e9 est la chair d'un chat noir, mais vous ferez l'affaire ! Eh heheheheh !\"; <\/em><\/p>\n<p style=\"padding-left: 30px;\"><em>\"Tu vois ce qui se passe quand tu croises mon chemin ? Que ce soit une le\u00e7on pour vous - et un repas pour moi ! Eh heheheh !\" <\/em><\/p>\n<p>Taille : 80\u2033H x 40\u2033W x 45\u2033D, animation de droite \u00e0 gauche 36\u2033.<\/p>\n<p>Branchez l'adaptateur \u00e9lectrique dans n'importe quelle prise de courant standard et choisissez entre les options d'activation Steady-On, Infra-Red Sensor ou Step-Here Pad (inclus) pour fonctionner. Le capteur infrarouge fonctionne jusqu'\u00e0 une distance de 6,5\u2032 pieds et fonctionne dans toutes les conditions d'\u00e9clairage - lumi\u00e8re vive ou absence de lumi\u00e8re ! L'article comprend une commande de volume. Assemblage requis.<\/p>\n<p>L'ultime d\u00e9coration d'Halloween, qui ne manquera pas de faire parler d'elle !<\/p>\n<p><b>Fourni avec un adaptateur secteur britannique<\/b>. <i>N'utilisez que l'adaptateur d'alimentation fourni, car les adaptateurs d'alimentation incorrects peuvent causer des dommages.<\/i><\/p>\n<div>\n<div><b>Pour le porche couvert ou l'int\u00e9rieur.<\/b> <i>Prot\u00e9ger des intemp\u00e9ries en cas d'utilisation \u00e0 l'ext\u00e9rieur et ne pas laisser \u00e0 l'ext\u00e9rieur pendant des p\u00e9riodes prolong\u00e9es.<\/i><\/div>\n<div><\/div>\n<div><b>A noter :<\/b><i> Ces accessoires ne sont pas recommand\u00e9s pour un usage commercial intensif, c'est-\u00e0-dire qu'ils ne doivent pas \u00eatre utilis\u00e9s pendant des p\u00e9riodes prolong\u00e9es, c'est-\u00e0-dire plusieurs jours d'affil\u00e9e. Ils sont con\u00e7us pour \u00eatre utilis\u00e9s \u00e0 l'occasion d'Halloween. Si vous avez des questions \u00e0 ce sujet, n'h\u00e9sitez pas \u00e0 les poser.<\/i><\/div>\n<\/div>","protected":false},"excerpt":{"rendered":"<p>Effrayez vos invit\u00e9s d'Halloween avec notre accessoire anim\u00e9 Chaudron Cat-tastrophe ! Cr\u00e9ez une ambiance effrayante avec votre d\u00e9cor d'Halloween en ajoutant cette sorci\u00e8re anim\u00e9e et son pauvre chat ! Cette sinistre sorci\u00e8re se tient devant son chaudron noir bouillonnant avec des \"charbons ardents\" vacillants tout en tenant un chat galeux par les pattes. Une fois activ\u00e9s, les yeux de la sorci\u00e8re s'allument [...]<\/p>","protected":false},"featured_media":456295,"comment_status":"closed","ping_status":"closed","template":"","meta":{"_acf_changed":false},"product_brand":[],"product_cat":[10068,10131,10108,10093,10094,6547,6963,6596,7055],"product_tag":[],"class_list":{"0":"post-39162","1":"product","2":"type-product","3":"status-publish","4":"has-post-thumbnail","6":"product_cat-halloween-decorations-2025","7":"product_cat-halloween-gifts","8":"product_cat-light-up-halloween-decorations","9":"product_cat-indoor-halloween-decorations","10":"product_cat-outdoor-halloween-decorations","11":"product_cat-decorations","12":"product_cat-animatronics","13":"product_cat-witch-decorations","14":"product_cat-animated-props-witches","15":"product_shipping_class-props","17":"first","18":"outofstock","19":"taxable","20":"shipping-taxable","21":"purchasable","22":"product-type-simple"},"supplier_id":467908,"supplier_sku":"MR124457","barcode":"842445116157","atum_controlled":true,"out_stock_date":"2025-05-10 19:43:34","out_stock_threshold":null,"inheritable":false,"inbound_stock":0,"stock_on_hold":0,"sold_today":0,"sales_last_days":0,"reserved_stock":0,"customer_returns":0,"warehouse_damage":0,"lost_in_post":0,"other_logs":0,"out_stock_days":335,"lost_sales":18661,"has_location":false,"update_date":"2026-04-11T00:25:27","atum_locations":[],"atum_stock_status":"outofstock","restock_status":false,"low_stock_amount":"","sales_update_date":"2026-04-11T00:25:26","calc_backorders":null,"acf":[],"yoast_head":"<!-- This site is optimized with the Yoast SEO plugin v27.3 - https:\/\/yoast.com\/product\/yoast-seo-wordpress\/ -->\n<title>Cauldron Cat-tastrophe - Animated Prop - Halloween<\/title>\n<meta name=\"description\" content=\"Cauldron Witch Animated Prop. Available in the UK from Mad About Horror. Shop Horror collectibles and Halloween props. Europe\u2019s leading Horror Specialist.\" \/>\n<meta name=\"robots\" content=\"index, follow, max-snippet:-1, max-image-preview:large, max-video-preview:-1\" \/>\n<link rel=\"canonical\" href=\"https:\/\/madabouthorror.co.uk\/fr\/product\/cauldron-cat-tastrophe-animated-prop\/\" \/>\n<meta property=\"og:locale\" content=\"fr_FR\" \/>\n<meta property=\"og:type\" content=\"article\" \/>\n<meta property=\"og:title\" content=\"Cauldron Cat-tastrophe - Animated Prop - Halloween\" \/>\n<meta property=\"og:description\" content=\"Cauldron Witch Animated Prop. Available in the UK from Mad About Horror. Shop Horror collectibles and Halloween props. Europe\u2019s leading Horror Specialist.\" \/>\n<meta property=\"og:url\" content=\"https:\/\/madabouthorror.co.uk\/fr\/product\/cauldron-cat-tastrophe-animated-prop\/\" \/>\n<meta property=\"og:site_name\" content=\"Mad About Horror\" \/>\n<meta property=\"article:publisher\" content=\"https:\/\/www.facebook.com\/madabouthorror\/\" \/>\n<meta property=\"article:modified_time\" content=\"2025-11-20T12:45:32+00:00\" \/>\n<meta property=\"og:image\" content=\"https:\/\/madabouthorror.co.uk\/wp-content\/uploads\/2019\/05\/7-cauldron-cat-tastrophe-animated-prop-decorationmr124457-a03.jpg\" \/>\n\t<meta property=\"og:image:width\" content=\"1500\" \/>\n\t<meta property=\"og:image:height\" content=\"1500\" \/>\n\t<meta property=\"og:image:type\" content=\"image\/jpeg\" \/>\n<meta name=\"twitter:card\" content=\"summary_large_image\" \/>\n<meta name=\"twitter:label1\" content=\"Dur\u00e9e de lecture estim\u00e9e\" \/>\n\t<meta name=\"twitter:data1\" content=\"2 minutes\" \/>\n<script type=\"application\/ld+json\" class=\"yoast-schema-graph\">{\"@context\":\"https:\\\/\\\/schema.org\",\"@graph\":[{\"@type\":[\"WebPage\",\"ItemPage\"],\"@id\":\"https:\\\/\\\/madabouthorror.co.uk\\\/product\\\/cauldron-cat-tastrophe-animated-prop\\\/\",\"url\":\"https:\\\/\\\/madabouthorror.co.uk\\\/product\\\/cauldron-cat-tastrophe-animated-prop\\\/\",\"name\":\"Cauldron Cat-tastrophe - Animated Prop - Halloween\",\"isPartOf\":{\"@id\":\"https:\\\/\\\/madabouthorror.co.uk\\\/#website\"},\"primaryImageOfPage\":{\"@id\":\"https:\\\/\\\/madabouthorror.co.uk\\\/product\\\/cauldron-cat-tastrophe-animated-prop\\\/#primaryimage\"},\"image\":{\"@id\":\"https:\\\/\\\/madabouthorror.co.uk\\\/product\\\/cauldron-cat-tastrophe-animated-prop\\\/#primaryimage\"},\"thumbnailUrl\":\"https:\\\/\\\/madabouthorror.co.uk\\\/wp-content\\\/uploads\\\/2019\\\/05\\\/7-cauldron-cat-tastrophe-animated-prop-decorationmr124457-a03.jpg\",\"datePublished\":\"2019-05-08T14:38:41+00:00\",\"dateModified\":\"2025-11-20T12:45:32+00:00\",\"description\":\"Cauldron Witch Animated Prop. Available in the UK from Mad About Horror. Shop Horror collectibles and Halloween props. Europe\u2019s leading Horror Specialist.\",\"breadcrumb\":{\"@id\":\"https:\\\/\\\/madabouthorror.co.uk\\\/product\\\/cauldron-cat-tastrophe-animated-prop\\\/#breadcrumb\"},\"inLanguage\":\"fr-FR\",\"potentialAction\":[{\"@type\":\"ReadAction\",\"target\":[\"https:\\\/\\\/madabouthorror.co.uk\\\/product\\\/cauldron-cat-tastrophe-animated-prop\\\/\"]}]},{\"@type\":\"ImageObject\",\"inLanguage\":\"fr-FR\",\"@id\":\"https:\\\/\\\/madabouthorror.co.uk\\\/product\\\/cauldron-cat-tastrophe-animated-prop\\\/#primaryimage\",\"url\":\"https:\\\/\\\/madabouthorror.co.uk\\\/wp-content\\\/uploads\\\/2019\\\/05\\\/7-cauldron-cat-tastrophe-animated-prop-decorationmr124457-a03.jpg\",\"contentUrl\":\"https:\\\/\\\/madabouthorror.co.uk\\\/wp-content\\\/uploads\\\/2019\\\/05\\\/7-cauldron-cat-tastrophe-animated-prop-decorationmr124457-a03.jpg\",\"width\":1500,\"height\":1500,\"caption\":\"Cauldron Cat-tastrophe animated Halloween prop\"},{\"@type\":\"BreadcrumbList\",\"@id\":\"https:\\\/\\\/madabouthorror.co.uk\\\/product\\\/cauldron-cat-tastrophe-animated-prop\\\/#breadcrumb\",\"itemListElement\":[{\"@type\":\"ListItem\",\"position\":1,\"name\":\"Shop\",\"item\":\"https:\\\/\\\/madabouthorror.co.uk\\\/shop\\\/\"},{\"@type\":\"ListItem\",\"position\":2,\"name\":\"Cauldron Cat-tastrophe Animated Prop\"}]},{\"@type\":\"WebSite\",\"@id\":\"https:\\\/\\\/madabouthorror.co.uk\\\/#website\",\"url\":\"https:\\\/\\\/madabouthorror.co.uk\\\/\",\"name\":\"Mad About Horror\",\"description\":\"\",\"publisher\":{\"@id\":\"https:\\\/\\\/madabouthorror.co.uk\\\/#organization\"},\"alternateName\":\"Mad About Horror Limited\",\"potentialAction\":[{\"@type\":\"SearchAction\",\"target\":{\"@type\":\"EntryPoint\",\"urlTemplate\":\"https:\\\/\\\/madabouthorror.co.uk\\\/?s={search_term_string}\"},\"query-input\":{\"@type\":\"PropertyValueSpecification\",\"valueRequired\":true,\"valueName\":\"search_term_string\"}}],\"inLanguage\":\"fr-FR\"},{\"@type\":\"Organization\",\"@id\":\"https:\\\/\\\/madabouthorror.co.uk\\\/#organization\",\"name\":\"Mad About Horror\",\"url\":\"https:\\\/\\\/madabouthorror.co.uk\\\/\",\"logo\":{\"@type\":\"ImageObject\",\"inLanguage\":\"fr-FR\",\"@id\":\"https:\\\/\\\/madabouthorror.co.uk\\\/#\\\/schema\\\/logo\\\/image\\\/\",\"url\":\"https:\\\/\\\/madabouthorror.co.uk\\\/wp-content\\\/uploads\\\/2024\\\/02\\\/cropped-Logo.png\",\"contentUrl\":\"https:\\\/\\\/madabouthorror.co.uk\\\/wp-content\\\/uploads\\\/2024\\\/02\\\/cropped-Logo.png\",\"width\":240,\"height\":88,\"caption\":\"Mad About Horror\"},\"image\":{\"@id\":\"https:\\\/\\\/madabouthorror.co.uk\\\/#\\\/schema\\\/logo\\\/image\\\/\"},\"sameAs\":[\"https:\\\/\\\/www.facebook.com\\\/madabouthorror\\\/\",\"https:\\\/\\\/www.instagram.com\\\/madabouthorror\\\/\",\"https:\\\/\\\/www.pinterest.co.uk\\\/madabouthorror\\\/\",\"https:\\\/\\\/www.youtube.com\\\/channel\\\/UCBooLOIxjoQ89dj6T5lWm_w\",\"https:\\\/\\\/www.tiktok.com\\\/@weremadabouthorror\"]}]}<\/script>\n<!-- \/ Yoast SEO plugin. -->","yoast_head_json":{"title":"Chaudron Cat-tastrophe - Accessoire anim\u00e9 - Halloween","description":"Accessoire anim\u00e9 de la sorci\u00e8re du chaudron, disponible au Royaume-Uni aupr\u00e8s de Mad About Horror. Boutique d'objets de collection d'horreur et d'accessoires d'Halloween. Le plus grand sp\u00e9cialiste europ\u00e9en de l'horreur.","robots":{"index":"index","follow":"follow","max-snippet":"max-snippet:-1","max-image-preview":"max-image-preview:large","max-video-preview":"max-video-preview:-1"},"canonical":"https:\/\/madabouthorror.co.uk\/fr\/product\/cauldron-cat-tastrophe-animated-prop\/","og_locale":"fr_FR","og_type":"article","og_title":"Cauldron Cat-tastrophe - Animated Prop - Halloween","og_description":"Cauldron Witch Animated Prop. Available in the UK from Mad About Horror. Shop Horror collectibles and Halloween props. Europe\u2019s leading Horror Specialist.","og_url":"https:\/\/madabouthorror.co.uk\/fr\/product\/cauldron-cat-tastrophe-animated-prop\/","og_site_name":"Mad About Horror","article_publisher":"https:\/\/www.facebook.com\/madabouthorror\/","article_modified_time":"2025-11-20T12:45:32+00:00","og_image":[{"width":1500,"height":1500,"url":"https:\/\/madabouthorror.co.uk\/wp-content\/uploads\/2019\/05\/7-cauldron-cat-tastrophe-animated-prop-decorationmr124457-a03.jpg","type":"image\/jpeg"}],"twitter_card":"summary_large_image","twitter_misc":{"Dur\u00e9e de lecture estim\u00e9e":"2 minutes"},"schema":{"@context":"https:\/\/schema.org","@graph":[{"@type":["WebPage","ItemPage"],"@id":"https:\/\/madabouthorror.co.uk\/product\/cauldron-cat-tastrophe-animated-prop\/","url":"https:\/\/madabouthorror.co.uk\/product\/cauldron-cat-tastrophe-animated-prop\/","name":"Chaudron Cat-tastrophe - Accessoire anim\u00e9 - Halloween","isPartOf":{"@id":"https:\/\/madabouthorror.co.uk\/#website"},"primaryImageOfPage":{"@id":"https:\/\/madabouthorror.co.uk\/product\/cauldron-cat-tastrophe-animated-prop\/#primaryimage"},"image":{"@id":"https:\/\/madabouthorror.co.uk\/product\/cauldron-cat-tastrophe-animated-prop\/#primaryimage"},"thumbnailUrl":"https:\/\/madabouthorror.co.uk\/wp-content\/uploads\/2019\/05\/7-cauldron-cat-tastrophe-animated-prop-decorationmr124457-a03.jpg","datePublished":"2019-05-08T14:38:41+00:00","dateModified":"2025-11-20T12:45:32+00:00","description":"Accessoire anim\u00e9 de la sorci\u00e8re du chaudron, disponible au Royaume-Uni aupr\u00e8s de Mad About Horror. Boutique d'objets de collection d'horreur et d'accessoires d'Halloween. Le plus grand sp\u00e9cialiste europ\u00e9en de l'horreur.","breadcrumb":{"@id":"https:\/\/madabouthorror.co.uk\/product\/cauldron-cat-tastrophe-animated-prop\/#breadcrumb"},"inLanguage":"fr-FR","potentialAction":[{"@type":"ReadAction","target":["https:\/\/madabouthorror.co.uk\/product\/cauldron-cat-tastrophe-animated-prop\/"]}]},{"@type":"ImageObject","inLanguage":"fr-FR","@id":"https:\/\/madabouthorror.co.uk\/product\/cauldron-cat-tastrophe-animated-prop\/#primaryimage","url":"https:\/\/madabouthorror.co.uk\/wp-content\/uploads\/2019\/05\/7-cauldron-cat-tastrophe-animated-prop-decorationmr124457-a03.jpg","contentUrl":"https:\/\/madabouthorror.co.uk\/wp-content\/uploads\/2019\/05\/7-cauldron-cat-tastrophe-animated-prop-decorationmr124457-a03.jpg","width":1500,"height":1500,"caption":"Cauldron Cat-tastrophe animated Halloween prop"},{"@type":"BreadcrumbList","@id":"https:\/\/madabouthorror.co.uk\/product\/cauldron-cat-tastrophe-animated-prop\/#breadcrumb","itemListElement":[{"@type":"ListItem","position":1,"name":"Shop","item":"https:\/\/madabouthorror.co.uk\/shop\/"},{"@type":"ListItem","position":2,"name":"Cauldron Cat-tastrophe Animated Prop"}]},{"@type":"WebSite","@id":"https:\/\/madabouthorror.co.uk\/#website","url":"https:\/\/madabouthorror.co.uk\/","name":"L'horreur en folie","description":"","publisher":{"@id":"https:\/\/madabouthorror.co.uk\/#organization"},"alternateName":"Mad About Horror Limited","potentialAction":[{"@type":"SearchAction","target":{"@type":"EntryPoint","urlTemplate":"https:\/\/madabouthorror.co.uk\/?s={search_term_string}"},"query-input":{"@type":"PropertyValueSpecification","valueRequired":true,"valueName":"search_term_string"}}],"inLanguage":"fr-FR"},{"@type":"Organization","@id":"https:\/\/madabouthorror.co.uk\/#organization","name":"L'horreur en folie","url":"https:\/\/madabouthorror.co.uk\/","logo":{"@type":"ImageObject","inLanguage":"fr-FR","@id":"https:\/\/madabouthorror.co.uk\/#\/schema\/logo\/image\/","url":"https:\/\/madabouthorror.co.uk\/wp-content\/uploads\/2024\/02\/cropped-Logo.png","contentUrl":"https:\/\/madabouthorror.co.uk\/wp-content\/uploads\/2024\/02\/cropped-Logo.png","width":240,"height":88,"caption":"Mad About Horror"},"image":{"@id":"https:\/\/madabouthorror.co.uk\/#\/schema\/logo\/image\/"},"sameAs":["https:\/\/www.facebook.com\/madabouthorror\/","https:\/\/www.instagram.com\/madabouthorror\/","https:\/\/www.pinterest.co.uk\/madabouthorror\/","https:\/\/www.youtube.com\/channel\/UCBooLOIxjoQ89dj6T5lWm_w","https:\/\/www.tiktok.com\/@weremadabouthorror"]}]}},"df_price":406.2,"df_sale_price":"","df_regular_price":406.2,"df_image_link":"https:\/\/madabouthorror.co.uk\/wp-content\/uploads\/2019\/05\/7-cauldron-cat-tastrophe-animated-prop-decorationmr124457-a03-300x300.jpg","_links":{"self":[{"href":"https:\/\/madabouthorror.co.uk\/fr\/wp-json\/wp\/v2\/product\/39162","targetHints":{"allow":["GET"]}}],"collection":[{"href":"https:\/\/madabouthorror.co.uk\/fr\/wp-json\/wp\/v2\/product"}],"about":[{"href":"https:\/\/madabouthorror.co.uk\/fr\/wp-json\/wp\/v2\/types\/product"}],"replies":[{"embeddable":true,"href":"https:\/\/madabouthorror.co.uk\/fr\/wp-json\/wp\/v2\/comments?post=39162"}],"wp:featuredmedia":[{"embeddable":true,"href":"https:\/\/madabouthorror.co.uk\/fr\/wp-json\/wp\/v2\/media\/456295"}],"wp:attachment":[{"href":"https:\/\/madabouthorror.co.uk\/fr\/wp-json\/wp\/v2\/media?parent=39162"}],"wp:term":[{"taxonomy":"product_brand","embeddable":true,"href":"https:\/\/madabouthorror.co.uk\/fr\/wp-json\/wp\/v2\/product_brand?post=39162"},{"taxonomy":"product_cat","embeddable":true,"href":"https:\/\/madabouthorror.co.uk\/fr\/wp-json\/wp\/v2\/product_cat?post=39162"},{"taxonomy":"product_tag","embeddable":true,"href":"https:\/\/madabouthorror.co.uk\/fr\/wp-json\/wp\/v2\/product_tag?post=39162"}],"curies":[{"name":"wp","href":"https:\/\/api.w.org\/{rel}","templated":true}]}}