{"id":39826,"date":"2019-05-08T15:38:44","date_gmt":"2019-05-08T14:38:44","guid":{"rendered":"https:\/\/mah.6bdv.ws\/product\/return-of-the-living-dead-tarman-mask\/"},"modified":"2026-04-15T16:28:19","modified_gmt":"2026-04-15T15:28:19","slug":"return-of-the-living-dead-tarman-mask","status":"publish","type":"product","link":"https:\/\/madabouthorror.co.uk\/fr\/product\/return-of-the-living-dead-tarman-mask\/","title":{"rendered":"Le retour des morts-vivants - Masque de Tarman"},"content":{"rendered":"<h4>Le retour des morts-vivants - Masque de Tarman<\/h4>\n<p>Trick or Treat Studios et Living Dead Media sont fiers de pr\u00e9senter, pour la premi\u00e8re fois, Le retour des morts-vivants - Tarman Mask.<\/p>\n<p>Ce masque \u00e9tonnant a \u00e9t\u00e9 sculpt\u00e9 par Justin Mabry, vice-pr\u00e9sident de la direction artistique de Tots, et repr\u00e9sente une combinaison parfaite de l'\u0153uvre de William Stout et de Tarman tel qu'il appara\u00eet dans la c\u00e9l\u00e8bre sc\u00e8ne du sous-sol, lorsqu'il crie \"Brains\" et commence \u00e0 manger les punks. Alors, procurez-vous le masque Tarman du Retour des morts-vivants pour Halloween et faites savoir \u00e0 tout le monde que vous voulez des cerveaux !<\/p>\n<p><em>Le retour des morts-vivants est une marque d\u00e9pos\u00e9e et \u00a9 2018 Living Dead Media. Tous droits r\u00e9serv\u00e9s.<\/em><\/p>","protected":false},"excerpt":{"rendered":"<p>Return of the Living Dead - Tarman Mask Trick or Treat Studios et Living Dead Media sont fiers de pr\u00e9senter, pour la toute premi\u00e8re fois, The Return of the Living Dead - Tarman Mask. Ce masque \u00e9tonnant a \u00e9t\u00e9 sculpt\u00e9 par le vice-pr\u00e9sident de la direction artistique de Tots, Justin Mabry, et est une combinaison parfaite de l'\u0153uvre [...]<\/p>","protected":false},"featured_media":39823,"comment_status":"closed","ping_status":"closed","template":"","meta":{"_acf_changed":false},"product_brand":[],"product_cat":[6580,10100,10038,9962,6541,6588,6792,6689],"product_tag":[],"class_list":{"0":"post-39826","1":"product","2":"type-product","3":"status-publish","4":"has-post-thumbnail","6":"product_cat-movie-tv","7":"product_cat-latex-masks","8":"product_cat-horror-gifts","9":"product_cat-trick-or-treat-studios-masks","10":"product_cat-masks","11":"product_cat-masks-zombies","12":"product_cat-trick-or-treat-studios","13":"product_cat-returnofthelivingdead","15":"first","16":"onbackorder","17":"taxable","18":"shipping-taxable","19":"purchasable","20":"product-type-simple"},"supplier_id":467429,"supplier_sku":"TTEM100","barcode":"850946008635","atum_controlled":true,"out_stock_date":null,"out_stock_threshold":null,"inheritable":false,"inbound_stock":12,"stock_on_hold":0,"sold_today":0,"sales_last_days":0,"reserved_stock":0,"customer_returns":0,"warehouse_damage":0,"lost_in_post":0,"other_logs":0,"out_stock_days":0,"lost_sales":0,"has_location":false,"update_date":"2026-04-16T02:02:58","atum_locations":[],"atum_stock_status":"onbackorder","restock_status":false,"low_stock_amount":1,"sales_update_date":"2026-04-16T02:02:57","calc_backorders":-1,"acf":[],"yoast_head":"<!-- This site is optimized with the Yoast SEO plugin v27.4 - https:\/\/yoast.com\/product\/yoast-seo-wordpress\/ -->\n<title>Return of the Living Dead, Tarman Mask - Mad About Horror<\/title>\n<meta name=\"description\" content=\"Official Return of the Living Dead - Tarman halloween mask by Trick or Treat Studios. Available to buy in the UK from Mad About Horror. Call 01482 935936.\" \/>\n<meta name=\"robots\" content=\"index, follow, max-snippet:-1, max-image-preview:large, max-video-preview:-1\" \/>\n<link rel=\"canonical\" href=\"https:\/\/madabouthorror.co.uk\/fr\/product\/return-of-the-living-dead-tarman-mask\/\" \/>\n<meta property=\"og:locale\" content=\"fr_FR\" \/>\n<meta property=\"og:type\" content=\"article\" \/>\n<meta property=\"og:title\" content=\"Return of the Living Dead, Tarman Mask - Mad About Horror\" \/>\n<meta property=\"og:description\" content=\"Official Return of the Living Dead - Tarman halloween mask by Trick or Treat Studios. Available to buy in the UK from Mad About Horror. Call 01482 935936.\" \/>\n<meta property=\"og:url\" content=\"https:\/\/madabouthorror.co.uk\/fr\/product\/return-of-the-living-dead-tarman-mask\/\" \/>\n<meta property=\"og:site_name\" content=\"Mad About Horror\" \/>\n<meta property=\"article:publisher\" content=\"https:\/\/www.facebook.com\/madabouthorror\/\" \/>\n<meta property=\"article:modified_time\" content=\"2026-04-15T15:28:19+00:00\" \/>\n<meta property=\"og:image\" content=\"https:\/\/madabouthorror.co.uk\/wp-content\/uploads\/2019\/05\/70404502_3.jpg\" \/>\n\t<meta property=\"og:image:width\" content=\"1000\" \/>\n\t<meta property=\"og:image:height\" content=\"1000\" \/>\n\t<meta property=\"og:image:type\" content=\"image\/jpeg\" \/>\n<meta name=\"twitter:card\" content=\"summary_large_image\" \/>\n<meta name=\"twitter:label1\" content=\"Dur\u00e9e de lecture estim\u00e9e\" \/>\n\t<meta name=\"twitter:data1\" content=\"1 minute\" \/>\n<script type=\"application\/ld+json\" class=\"yoast-schema-graph\">{\"@context\":\"https:\\\/\\\/schema.org\",\"@graph\":[{\"@type\":[\"WebPage\",\"ItemPage\"],\"@id\":\"https:\\\/\\\/madabouthorror.co.uk\\\/product\\\/return-of-the-living-dead-tarman-mask\\\/\",\"url\":\"https:\\\/\\\/madabouthorror.co.uk\\\/product\\\/return-of-the-living-dead-tarman-mask\\\/\",\"name\":\"Return of the Living Dead, Tarman Mask - Mad About Horror\",\"isPartOf\":{\"@id\":\"https:\\\/\\\/madabouthorror.co.uk\\\/#website\"},\"primaryImageOfPage\":{\"@id\":\"https:\\\/\\\/madabouthorror.co.uk\\\/product\\\/return-of-the-living-dead-tarman-mask\\\/#primaryimage\"},\"image\":{\"@id\":\"https:\\\/\\\/madabouthorror.co.uk\\\/product\\\/return-of-the-living-dead-tarman-mask\\\/#primaryimage\"},\"thumbnailUrl\":\"https:\\\/\\\/madabouthorror.co.uk\\\/wp-content\\\/uploads\\\/2019\\\/05\\\/70404502_3.jpg\",\"datePublished\":\"2019-05-08T14:38:44+00:00\",\"dateModified\":\"2026-04-15T15:28:19+00:00\",\"description\":\"Official Return of the Living Dead - Tarman halloween mask by Trick or Treat Studios. Available to buy in the UK from Mad About Horror. Call 01482 935936.\",\"breadcrumb\":{\"@id\":\"https:\\\/\\\/madabouthorror.co.uk\\\/product\\\/return-of-the-living-dead-tarman-mask\\\/#breadcrumb\"},\"inLanguage\":\"fr-FR\",\"potentialAction\":[{\"@type\":\"ReadAction\",\"target\":[\"https:\\\/\\\/madabouthorror.co.uk\\\/product\\\/return-of-the-living-dead-tarman-mask\\\/\"]}]},{\"@type\":\"ImageObject\",\"inLanguage\":\"fr-FR\",\"@id\":\"https:\\\/\\\/madabouthorror.co.uk\\\/product\\\/return-of-the-living-dead-tarman-mask\\\/#primaryimage\",\"url\":\"https:\\\/\\\/madabouthorror.co.uk\\\/wp-content\\\/uploads\\\/2019\\\/05\\\/70404502_3.jpg\",\"contentUrl\":\"https:\\\/\\\/madabouthorror.co.uk\\\/wp-content\\\/uploads\\\/2019\\\/05\\\/70404502_3.jpg\",\"width\":1000,\"height\":1000,\"caption\":\"Return of the Living Dead - Tarman Mask\"},{\"@type\":\"BreadcrumbList\",\"@id\":\"https:\\\/\\\/madabouthorror.co.uk\\\/product\\\/return-of-the-living-dead-tarman-mask\\\/#breadcrumb\",\"itemListElement\":[{\"@type\":\"ListItem\",\"position\":1,\"name\":\"Shop\",\"item\":\"https:\\\/\\\/madabouthorror.co.uk\\\/shop\\\/\"},{\"@type\":\"ListItem\",\"position\":2,\"name\":\"Return of the Living Dead &#8211; Tarman Mask\"}]},{\"@type\":\"WebSite\",\"@id\":\"https:\\\/\\\/madabouthorror.co.uk\\\/#website\",\"url\":\"https:\\\/\\\/madabouthorror.co.uk\\\/\",\"name\":\"Mad About Horror\",\"description\":\"\",\"publisher\":{\"@id\":\"https:\\\/\\\/madabouthorror.co.uk\\\/#organization\"},\"alternateName\":\"Mad About Horror Limited\",\"potentialAction\":[{\"@type\":\"SearchAction\",\"target\":{\"@type\":\"EntryPoint\",\"urlTemplate\":\"https:\\\/\\\/madabouthorror.co.uk\\\/?s={search_term_string}\"},\"query-input\":{\"@type\":\"PropertyValueSpecification\",\"valueRequired\":true,\"valueName\":\"search_term_string\"}}],\"inLanguage\":\"fr-FR\"},{\"@type\":\"Organization\",\"@id\":\"https:\\\/\\\/madabouthorror.co.uk\\\/#organization\",\"name\":\"Mad About Horror\",\"url\":\"https:\\\/\\\/madabouthorror.co.uk\\\/\",\"logo\":{\"@type\":\"ImageObject\",\"inLanguage\":\"fr-FR\",\"@id\":\"https:\\\/\\\/madabouthorror.co.uk\\\/#\\\/schema\\\/logo\\\/image\\\/\",\"url\":\"https:\\\/\\\/madabouthorror.co.uk\\\/wp-content\\\/uploads\\\/2024\\\/02\\\/cropped-Logo.png\",\"contentUrl\":\"https:\\\/\\\/madabouthorror.co.uk\\\/wp-content\\\/uploads\\\/2024\\\/02\\\/cropped-Logo.png\",\"width\":240,\"height\":88,\"caption\":\"Mad About Horror\"},\"image\":{\"@id\":\"https:\\\/\\\/madabouthorror.co.uk\\\/#\\\/schema\\\/logo\\\/image\\\/\"},\"sameAs\":[\"https:\\\/\\\/www.facebook.com\\\/madabouthorror\\\/\",\"https:\\\/\\\/www.instagram.com\\\/madabouthorror\\\/\",\"https:\\\/\\\/www.pinterest.co.uk\\\/madabouthorror\\\/\",\"https:\\\/\\\/www.youtube.com\\\/channel\\\/UCBooLOIxjoQ89dj6T5lWm_w\",\"https:\\\/\\\/www.tiktok.com\\\/@weremadabouthorror\"]}]}<\/script>\n<!-- \/ Yoast SEO plugin. -->","yoast_head_json":{"title":"Le retour des morts-vivants, masque de Tarman - Mad About Horror","description":"Masque officiel d'Halloween Return of the Living Dead - Tarman par Trick or Treat Studios. Disponible au Royaume-Uni aupr\u00e8s de Mad About Horror. Appelez le 01482 935936.","robots":{"index":"index","follow":"follow","max-snippet":"max-snippet:-1","max-image-preview":"max-image-preview:large","max-video-preview":"max-video-preview:-1"},"canonical":"https:\/\/madabouthorror.co.uk\/fr\/product\/return-of-the-living-dead-tarman-mask\/","og_locale":"fr_FR","og_type":"article","og_title":"Return of the Living Dead, Tarman Mask - Mad About Horror","og_description":"Official Return of the Living Dead - Tarman halloween mask by Trick or Treat Studios. Available to buy in the UK from Mad About Horror. Call 01482 935936.","og_url":"https:\/\/madabouthorror.co.uk\/fr\/product\/return-of-the-living-dead-tarman-mask\/","og_site_name":"Mad About Horror","article_publisher":"https:\/\/www.facebook.com\/madabouthorror\/","article_modified_time":"2026-04-15T15:28:19+00:00","og_image":[{"width":1000,"height":1000,"url":"https:\/\/madabouthorror.co.uk\/wp-content\/uploads\/2019\/05\/70404502_3.jpg","type":"image\/jpeg"}],"twitter_card":"summary_large_image","twitter_misc":{"Dur\u00e9e de lecture estim\u00e9e":"1 minute"},"schema":{"@context":"https:\/\/schema.org","@graph":[{"@type":["WebPage","ItemPage"],"@id":"https:\/\/madabouthorror.co.uk\/product\/return-of-the-living-dead-tarman-mask\/","url":"https:\/\/madabouthorror.co.uk\/product\/return-of-the-living-dead-tarman-mask\/","name":"Le retour des morts-vivants, masque de Tarman - Mad About Horror","isPartOf":{"@id":"https:\/\/madabouthorror.co.uk\/#website"},"primaryImageOfPage":{"@id":"https:\/\/madabouthorror.co.uk\/product\/return-of-the-living-dead-tarman-mask\/#primaryimage"},"image":{"@id":"https:\/\/madabouthorror.co.uk\/product\/return-of-the-living-dead-tarman-mask\/#primaryimage"},"thumbnailUrl":"https:\/\/madabouthorror.co.uk\/wp-content\/uploads\/2019\/05\/70404502_3.jpg","datePublished":"2019-05-08T14:38:44+00:00","dateModified":"2026-04-15T15:28:19+00:00","description":"Masque officiel d'Halloween Return of the Living Dead - Tarman par Trick or Treat Studios. Disponible au Royaume-Uni aupr\u00e8s de Mad About Horror. Appelez le 01482 935936.","breadcrumb":{"@id":"https:\/\/madabouthorror.co.uk\/product\/return-of-the-living-dead-tarman-mask\/#breadcrumb"},"inLanguage":"fr-FR","potentialAction":[{"@type":"ReadAction","target":["https:\/\/madabouthorror.co.uk\/product\/return-of-the-living-dead-tarman-mask\/"]}]},{"@type":"ImageObject","inLanguage":"fr-FR","@id":"https:\/\/madabouthorror.co.uk\/product\/return-of-the-living-dead-tarman-mask\/#primaryimage","url":"https:\/\/madabouthorror.co.uk\/wp-content\/uploads\/2019\/05\/70404502_3.jpg","contentUrl":"https:\/\/madabouthorror.co.uk\/wp-content\/uploads\/2019\/05\/70404502_3.jpg","width":1000,"height":1000,"caption":"Return of the Living Dead - Tarman Mask"},{"@type":"BreadcrumbList","@id":"https:\/\/madabouthorror.co.uk\/product\/return-of-the-living-dead-tarman-mask\/#breadcrumb","itemListElement":[{"@type":"ListItem","position":1,"name":"Shop","item":"https:\/\/madabouthorror.co.uk\/shop\/"},{"@type":"ListItem","position":2,"name":"Return of the Living Dead &#8211; Tarman Mask"}]},{"@type":"WebSite","@id":"https:\/\/madabouthorror.co.uk\/#website","url":"https:\/\/madabouthorror.co.uk\/","name":"L'horreur en folie","description":"","publisher":{"@id":"https:\/\/madabouthorror.co.uk\/#organization"},"alternateName":"Mad About Horror Limited","potentialAction":[{"@type":"SearchAction","target":{"@type":"EntryPoint","urlTemplate":"https:\/\/madabouthorror.co.uk\/?s={search_term_string}"},"query-input":{"@type":"PropertyValueSpecification","valueRequired":true,"valueName":"search_term_string"}}],"inLanguage":"fr-FR"},{"@type":"Organization","@id":"https:\/\/madabouthorror.co.uk\/#organization","name":"L'horreur en folie","url":"https:\/\/madabouthorror.co.uk\/","logo":{"@type":"ImageObject","inLanguage":"fr-FR","@id":"https:\/\/madabouthorror.co.uk\/#\/schema\/logo\/image\/","url":"https:\/\/madabouthorror.co.uk\/wp-content\/uploads\/2024\/02\/cropped-Logo.png","contentUrl":"https:\/\/madabouthorror.co.uk\/wp-content\/uploads\/2024\/02\/cropped-Logo.png","width":240,"height":88,"caption":"Mad About Horror"},"image":{"@id":"https:\/\/madabouthorror.co.uk\/#\/schema\/logo\/image\/"},"sameAs":["https:\/\/www.facebook.com\/madabouthorror\/","https:\/\/www.instagram.com\/madabouthorror\/","https:\/\/www.pinterest.co.uk\/madabouthorror\/","https:\/\/www.youtube.com\/channel\/UCBooLOIxjoQ89dj6T5lWm_w","https:\/\/www.tiktok.com\/@weremadabouthorror"]}]}},"df_price":62.45,"df_sale_price":"","df_regular_price":62.45,"df_image_link":"https:\/\/madabouthorror.co.uk\/wp-content\/uploads\/2019\/05\/70404502_3-300x300.jpg","_links":{"self":[{"href":"https:\/\/madabouthorror.co.uk\/fr\/wp-json\/wp\/v2\/product\/39826","targetHints":{"allow":["GET"]}}],"collection":[{"href":"https:\/\/madabouthorror.co.uk\/fr\/wp-json\/wp\/v2\/product"}],"about":[{"href":"https:\/\/madabouthorror.co.uk\/fr\/wp-json\/wp\/v2\/types\/product"}],"replies":[{"embeddable":true,"href":"https:\/\/madabouthorror.co.uk\/fr\/wp-json\/wp\/v2\/comments?post=39826"}],"wp:featuredmedia":[{"embeddable":true,"href":"https:\/\/madabouthorror.co.uk\/fr\/wp-json\/wp\/v2\/media\/39823"}],"wp:attachment":[{"href":"https:\/\/madabouthorror.co.uk\/fr\/wp-json\/wp\/v2\/media?parent=39826"}],"wp:term":[{"taxonomy":"product_brand","embeddable":true,"href":"https:\/\/madabouthorror.co.uk\/fr\/wp-json\/wp\/v2\/product_brand?post=39826"},{"taxonomy":"product_cat","embeddable":true,"href":"https:\/\/madabouthorror.co.uk\/fr\/wp-json\/wp\/v2\/product_cat?post=39826"},{"taxonomy":"product_tag","embeddable":true,"href":"https:\/\/madabouthorror.co.uk\/fr\/wp-json\/wp\/v2\/product_tag?post=39826"}],"curies":[{"name":"wp","href":"https:\/\/api.w.org\/{rel}","templated":true}]}}