{"id":40685,"date":"2019-05-08T15:38:48","date_gmt":"2019-05-08T14:38:48","guid":{"rendered":"https:\/\/mah.6bdv.ws\/product\/deluxe-gritty-kitty-mask\/"},"modified":"2026-03-02T14:13:19","modified_gmt":"2026-03-02T14:13:19","slug":"deluxe-gritty-kitty-mask","status":"publish","type":"product","link":"https:\/\/madabouthorror.co.uk\/fr\/product\/deluxe-gritty-kitty-mask\/","title":{"rendered":"Masque Deluxe Gritty Kitty"},"content":{"rendered":"<p>Nous sommes ravis de proposer cette incroyable gamme de masques d'horreur qui ont \u00e9t\u00e9 sculpt\u00e9s et peints \u00e0 la main par Brian Blair de Pumpkin Pulp, un talentueux artiste am\u00e9ricain de l'horreur. Le cr\u00e9ateur de ces incroyables \u0153uvres d'art d'horreur a produit certains des masques et accessoires les plus uniques de l'industrie de la hantise. Ses cr\u00e9ations sont d\u00e9sormais achet\u00e9es par des c\u00e9l\u00e9brit\u00e9s, des collectionneurs et des propri\u00e9taires d'entreprises du monde entier. Il a \u00e9galement cr\u00e9\u00e9 de nombreux maquillages et effets sp\u00e9ciaux pour le cin\u00e9ma et la sc\u00e8ne.<\/p>\n<p>C'est un chat tr\u00e8s mignon !<\/p>\n<p>Ces masques sont tr\u00e8s appr\u00e9ci\u00e9s par le secteur des attractions hant\u00e9es. Ils sont incroyablement d\u00e9taill\u00e9s, r\u00e9alistes et tr\u00e8s faciles \u00e0 porter : ils sont dot\u00e9s de sangles r\u00e9glables tr\u00e8s r\u00e9sistantes qui s'adaptent confortablement \u00e0 votre t\u00eate et compl\u00e8tent le design du masque tout en permettant \u00e0 votre t\u00eate de respirer.<\/p>\n<p>Voir la vid\u00e9o pour les diff\u00e9rents masques, y compris Gritty Kitty qui est le deuxi\u00e8me de la gamme.<\/p>\n<p>Voir la vid\u00e9o - Kitty est le deuxi\u00e8me masque de la gamme<\/p>","protected":false},"excerpt":{"rendered":"<p>Nous sommes ravis de proposer cette incroyable gamme de masques d'horreur qui ont \u00e9t\u00e9 sculpt\u00e9s et peints \u00e0 la main par Brian Blair de Pumpkin Pulp, un talentueux artiste am\u00e9ricain de l'horreur. Le cr\u00e9ateur de ces incroyables \u0153uvres d'art d'horreur a produit certains des masques et accessoires les plus uniques de l'industrie de la hantise. Ses [...]<\/p>","protected":false},"featured_media":40678,"comment_status":"closed","ping_status":"closed","template":"","meta":{"_acf_changed":false},"product_brand":[],"product_cat":[10111,10100,6535,6542,6541,7101,6543,6824,6805],"product_tag":[],"class_list":{"0":"post-40685","1":"product","2":"type-product","3":"status-publish","4":"has-post-thumbnail","6":"product_cat-animal-masks","7":"product_cat-latex-masks","8":"product_cat-default-category","9":"product_cat-premium-masks","10":"product_cat-masks","11":"product_cat-hillbilly","12":"product_cat-professional","13":"product_cat-professional-masks","14":"product_cat-pumpkin-pulp","15":"pa_brand-pumpkinpulp","16":"pa_character-other","17":"pa_google_tax-e4-clothingaccessoriescostume","18":"pa_material-containslatex","20":"first","21":"instock","22":"taxable","23":"shipping-taxable","24":"purchasable","25":"product-type-simple"},"supplier_id":467905,"supplier_sku":"","barcode":"","atum_controlled":true,"out_stock_date":null,"out_stock_threshold":null,"inheritable":false,"inbound_stock":1,"stock_on_hold":0,"sold_today":0,"sales_last_days":0,"reserved_stock":0,"customer_returns":0,"warehouse_damage":0,"lost_in_post":0,"other_logs":0,"out_stock_days":0,"lost_sales":0,"has_location":false,"update_date":"2026-04-24T01:28:17","atum_locations":[],"atum_stock_status":"instock","restock_status":false,"low_stock_amount":"","sales_update_date":"2026-04-24T01:28:16","calc_backorders":null,"acf":[],"yoast_head":"<!-- This site is optimized with the Yoast SEO plugin v27.4 - https:\/\/yoast.com\/product\/yoast-seo-wordpress\/ -->\n<title>Pumpkin Pulp - Deluxe Gritty Kitty Mask - Mad About Horror<\/title>\n<meta name=\"description\" content=\"Deluxe Gritty Kitty Mask by Pumpkin Pulp. Available in the UK from Mad About Horror. Buy online or call 01482 935936.\" \/>\n<meta name=\"robots\" content=\"index, follow, max-snippet:-1, max-image-preview:large, max-video-preview:-1\" \/>\n<link rel=\"canonical\" href=\"https:\/\/madabouthorror.co.uk\/fr\/product\/deluxe-gritty-kitty-mask\/\" \/>\n<meta property=\"og:locale\" content=\"fr_FR\" \/>\n<meta property=\"og:type\" content=\"article\" \/>\n<meta property=\"og:title\" content=\"Pumpkin Pulp - Deluxe Gritty Kitty Mask - Mad About Horror\" \/>\n<meta property=\"og:description\" content=\"Deluxe Gritty Kitty Mask by Pumpkin Pulp. Available in the UK from Mad About Horror. Buy online or call 01482 935936.\" \/>\n<meta property=\"og:url\" content=\"https:\/\/madabouthorror.co.uk\/fr\/product\/deluxe-gritty-kitty-mask\/\" \/>\n<meta property=\"og:site_name\" content=\"Mad About Horror\" \/>\n<meta property=\"article:publisher\" content=\"https:\/\/www.facebook.com\/madabouthorror\/\" \/>\n<meta property=\"article:modified_time\" content=\"2026-03-02T14:13:19+00:00\" \/>\n<meta property=\"og:image\" content=\"https:\/\/madabouthorror.co.uk\/wp-content\/uploads\/2019\/05\/102518738_3.jpg\" \/>\n\t<meta property=\"og:image:width\" content=\"1000\" \/>\n\t<meta property=\"og:image:height\" content=\"1000\" \/>\n\t<meta property=\"og:image:type\" content=\"image\/jpeg\" \/>\n<meta name=\"twitter:card\" content=\"summary_large_image\" \/>\n<meta name=\"twitter:label1\" content=\"Dur\u00e9e de lecture estim\u00e9e\" \/>\n\t<meta name=\"twitter:data1\" content=\"1 minute\" \/>\n<script type=\"application\/ld+json\" class=\"yoast-schema-graph\">{\"@context\":\"https:\\\/\\\/schema.org\",\"@graph\":[{\"@type\":[\"WebPage\",\"ItemPage\"],\"@id\":\"https:\\\/\\\/madabouthorror.co.uk\\\/product\\\/deluxe-gritty-kitty-mask\\\/\",\"url\":\"https:\\\/\\\/madabouthorror.co.uk\\\/product\\\/deluxe-gritty-kitty-mask\\\/\",\"name\":\"Pumpkin Pulp - Deluxe Gritty Kitty Mask - Mad About Horror\",\"isPartOf\":{\"@id\":\"https:\\\/\\\/madabouthorror.co.uk\\\/#website\"},\"primaryImageOfPage\":{\"@id\":\"https:\\\/\\\/madabouthorror.co.uk\\\/product\\\/deluxe-gritty-kitty-mask\\\/#primaryimage\"},\"image\":{\"@id\":\"https:\\\/\\\/madabouthorror.co.uk\\\/product\\\/deluxe-gritty-kitty-mask\\\/#primaryimage\"},\"thumbnailUrl\":\"https:\\\/\\\/madabouthorror.co.uk\\\/wp-content\\\/uploads\\\/2019\\\/05\\\/102518738_3.jpg\",\"datePublished\":\"2019-05-08T14:38:48+00:00\",\"dateModified\":\"2026-03-02T14:13:19+00:00\",\"description\":\"Deluxe Gritty Kitty Mask by Pumpkin Pulp. Available in the UK from Mad About Horror. Buy online or call 01482 935936.\",\"breadcrumb\":{\"@id\":\"https:\\\/\\\/madabouthorror.co.uk\\\/product\\\/deluxe-gritty-kitty-mask\\\/#breadcrumb\"},\"inLanguage\":\"fr-FR\",\"potentialAction\":[{\"@type\":\"ReadAction\",\"target\":[\"https:\\\/\\\/madabouthorror.co.uk\\\/product\\\/deluxe-gritty-kitty-mask\\\/\"]}]},{\"@type\":\"ImageObject\",\"inLanguage\":\"fr-FR\",\"@id\":\"https:\\\/\\\/madabouthorror.co.uk\\\/product\\\/deluxe-gritty-kitty-mask\\\/#primaryimage\",\"url\":\"https:\\\/\\\/madabouthorror.co.uk\\\/wp-content\\\/uploads\\\/2019\\\/05\\\/102518738_3.jpg\",\"contentUrl\":\"https:\\\/\\\/madabouthorror.co.uk\\\/wp-content\\\/uploads\\\/2019\\\/05\\\/102518738_3.jpg\",\"width\":1000,\"height\":1000,\"caption\":\"Deluxe Gritty Kitty Mask-0\"},{\"@type\":\"BreadcrumbList\",\"@id\":\"https:\\\/\\\/madabouthorror.co.uk\\\/product\\\/deluxe-gritty-kitty-mask\\\/#breadcrumb\",\"itemListElement\":[{\"@type\":\"ListItem\",\"position\":1,\"name\":\"Shop\",\"item\":\"https:\\\/\\\/madabouthorror.co.uk\\\/shop\\\/\"},{\"@type\":\"ListItem\",\"position\":2,\"name\":\"Deluxe Gritty Kitty Mask\"}]},{\"@type\":\"WebSite\",\"@id\":\"https:\\\/\\\/madabouthorror.co.uk\\\/#website\",\"url\":\"https:\\\/\\\/madabouthorror.co.uk\\\/\",\"name\":\"Mad About Horror\",\"description\":\"\",\"publisher\":{\"@id\":\"https:\\\/\\\/madabouthorror.co.uk\\\/#organization\"},\"alternateName\":\"Mad About Horror Limited\",\"potentialAction\":[{\"@type\":\"SearchAction\",\"target\":{\"@type\":\"EntryPoint\",\"urlTemplate\":\"https:\\\/\\\/madabouthorror.co.uk\\\/?s={search_term_string}\"},\"query-input\":{\"@type\":\"PropertyValueSpecification\",\"valueRequired\":true,\"valueName\":\"search_term_string\"}}],\"inLanguage\":\"fr-FR\"},{\"@type\":\"Organization\",\"@id\":\"https:\\\/\\\/madabouthorror.co.uk\\\/#organization\",\"name\":\"Mad About Horror\",\"url\":\"https:\\\/\\\/madabouthorror.co.uk\\\/\",\"logo\":{\"@type\":\"ImageObject\",\"inLanguage\":\"fr-FR\",\"@id\":\"https:\\\/\\\/madabouthorror.co.uk\\\/#\\\/schema\\\/logo\\\/image\\\/\",\"url\":\"https:\\\/\\\/madabouthorror.co.uk\\\/wp-content\\\/uploads\\\/2024\\\/02\\\/cropped-Logo.png\",\"contentUrl\":\"https:\\\/\\\/madabouthorror.co.uk\\\/wp-content\\\/uploads\\\/2024\\\/02\\\/cropped-Logo.png\",\"width\":240,\"height\":88,\"caption\":\"Mad About Horror\"},\"image\":{\"@id\":\"https:\\\/\\\/madabouthorror.co.uk\\\/#\\\/schema\\\/logo\\\/image\\\/\"},\"sameAs\":[\"https:\\\/\\\/www.facebook.com\\\/madabouthorror\\\/\",\"https:\\\/\\\/www.instagram.com\\\/madabouthorror\\\/\",\"https:\\\/\\\/www.pinterest.co.uk\\\/madabouthorror\\\/\",\"https:\\\/\\\/www.youtube.com\\\/channel\\\/UCBooLOIxjoQ89dj6T5lWm_w\",\"https:\\\/\\\/www.tiktok.com\\\/@weremadabouthorror\"]}]}<\/script>\n<!-- \/ Yoast SEO plugin. -->","yoast_head_json":{"title":"Pumpkin Pulp - Masque Deluxe Gritty Kitty - Mad About Horror","description":"Masque Deluxe Gritty Kitty par Pumpkin Pulp. Disponible au Royaume-Uni aupr\u00e8s de Mad About Horror. Achetez en ligne ou appelez le 01482 935936.","robots":{"index":"index","follow":"follow","max-snippet":"max-snippet:-1","max-image-preview":"max-image-preview:large","max-video-preview":"max-video-preview:-1"},"canonical":"https:\/\/madabouthorror.co.uk\/fr\/product\/deluxe-gritty-kitty-mask\/","og_locale":"fr_FR","og_type":"article","og_title":"Pumpkin Pulp - Deluxe Gritty Kitty Mask - Mad About Horror","og_description":"Deluxe Gritty Kitty Mask by Pumpkin Pulp. Available in the UK from Mad About Horror. Buy online or call 01482 935936.","og_url":"https:\/\/madabouthorror.co.uk\/fr\/product\/deluxe-gritty-kitty-mask\/","og_site_name":"Mad About Horror","article_publisher":"https:\/\/www.facebook.com\/madabouthorror\/","article_modified_time":"2026-03-02T14:13:19+00:00","og_image":[{"width":1000,"height":1000,"url":"https:\/\/madabouthorror.co.uk\/wp-content\/uploads\/2019\/05\/102518738_3.jpg","type":"image\/jpeg"}],"twitter_card":"summary_large_image","twitter_misc":{"Dur\u00e9e de lecture estim\u00e9e":"1 minute"},"schema":{"@context":"https:\/\/schema.org","@graph":[{"@type":["WebPage","ItemPage"],"@id":"https:\/\/madabouthorror.co.uk\/product\/deluxe-gritty-kitty-mask\/","url":"https:\/\/madabouthorror.co.uk\/product\/deluxe-gritty-kitty-mask\/","name":"Pumpkin Pulp - Masque Deluxe Gritty Kitty - Mad About Horror","isPartOf":{"@id":"https:\/\/madabouthorror.co.uk\/#website"},"primaryImageOfPage":{"@id":"https:\/\/madabouthorror.co.uk\/product\/deluxe-gritty-kitty-mask\/#primaryimage"},"image":{"@id":"https:\/\/madabouthorror.co.uk\/product\/deluxe-gritty-kitty-mask\/#primaryimage"},"thumbnailUrl":"https:\/\/madabouthorror.co.uk\/wp-content\/uploads\/2019\/05\/102518738_3.jpg","datePublished":"2019-05-08T14:38:48+00:00","dateModified":"2026-03-02T14:13:19+00:00","description":"Masque Deluxe Gritty Kitty par Pumpkin Pulp. Disponible au Royaume-Uni aupr\u00e8s de Mad About Horror. Achetez en ligne ou appelez le 01482 935936.","breadcrumb":{"@id":"https:\/\/madabouthorror.co.uk\/product\/deluxe-gritty-kitty-mask\/#breadcrumb"},"inLanguage":"fr-FR","potentialAction":[{"@type":"ReadAction","target":["https:\/\/madabouthorror.co.uk\/product\/deluxe-gritty-kitty-mask\/"]}]},{"@type":"ImageObject","inLanguage":"fr-FR","@id":"https:\/\/madabouthorror.co.uk\/product\/deluxe-gritty-kitty-mask\/#primaryimage","url":"https:\/\/madabouthorror.co.uk\/wp-content\/uploads\/2019\/05\/102518738_3.jpg","contentUrl":"https:\/\/madabouthorror.co.uk\/wp-content\/uploads\/2019\/05\/102518738_3.jpg","width":1000,"height":1000,"caption":"Deluxe Gritty Kitty Mask-0"},{"@type":"BreadcrumbList","@id":"https:\/\/madabouthorror.co.uk\/product\/deluxe-gritty-kitty-mask\/#breadcrumb","itemListElement":[{"@type":"ListItem","position":1,"name":"Shop","item":"https:\/\/madabouthorror.co.uk\/shop\/"},{"@type":"ListItem","position":2,"name":"Deluxe Gritty Kitty Mask"}]},{"@type":"WebSite","@id":"https:\/\/madabouthorror.co.uk\/#website","url":"https:\/\/madabouthorror.co.uk\/","name":"L'horreur en folie","description":"","publisher":{"@id":"https:\/\/madabouthorror.co.uk\/#organization"},"alternateName":"Mad About Horror Limited","potentialAction":[{"@type":"SearchAction","target":{"@type":"EntryPoint","urlTemplate":"https:\/\/madabouthorror.co.uk\/?s={search_term_string}"},"query-input":{"@type":"PropertyValueSpecification","valueRequired":true,"valueName":"search_term_string"}}],"inLanguage":"fr-FR"},{"@type":"Organization","@id":"https:\/\/madabouthorror.co.uk\/#organization","name":"L'horreur en folie","url":"https:\/\/madabouthorror.co.uk\/","logo":{"@type":"ImageObject","inLanguage":"fr-FR","@id":"https:\/\/madabouthorror.co.uk\/#\/schema\/logo\/image\/","url":"https:\/\/madabouthorror.co.uk\/wp-content\/uploads\/2024\/02\/cropped-Logo.png","contentUrl":"https:\/\/madabouthorror.co.uk\/wp-content\/uploads\/2024\/02\/cropped-Logo.png","width":240,"height":88,"caption":"Mad About Horror"},"image":{"@id":"https:\/\/madabouthorror.co.uk\/#\/schema\/logo\/image\/"},"sameAs":["https:\/\/www.facebook.com\/madabouthorror\/","https:\/\/www.instagram.com\/madabouthorror\/","https:\/\/www.pinterest.co.uk\/madabouthorror\/","https:\/\/www.youtube.com\/channel\/UCBooLOIxjoQ89dj6T5lWm_w","https:\/\/www.tiktok.com\/@weremadabouthorror"]}]}},"df_price":130.21,"df_sale_price":"","df_regular_price":130.21,"df_image_link":"https:\/\/madabouthorror.co.uk\/wp-content\/uploads\/2019\/05\/102518738_3-300x300.jpg","_links":{"self":[{"href":"https:\/\/madabouthorror.co.uk\/fr\/wp-json\/wp\/v2\/product\/40685","targetHints":{"allow":["GET"]}}],"collection":[{"href":"https:\/\/madabouthorror.co.uk\/fr\/wp-json\/wp\/v2\/product"}],"about":[{"href":"https:\/\/madabouthorror.co.uk\/fr\/wp-json\/wp\/v2\/types\/product"}],"replies":[{"embeddable":true,"href":"https:\/\/madabouthorror.co.uk\/fr\/wp-json\/wp\/v2\/comments?post=40685"}],"wp:featuredmedia":[{"embeddable":true,"href":"https:\/\/madabouthorror.co.uk\/fr\/wp-json\/wp\/v2\/media\/40678"}],"wp:attachment":[{"href":"https:\/\/madabouthorror.co.uk\/fr\/wp-json\/wp\/v2\/media?parent=40685"}],"wp:term":[{"taxonomy":"product_brand","embeddable":true,"href":"https:\/\/madabouthorror.co.uk\/fr\/wp-json\/wp\/v2\/product_brand?post=40685"},{"taxonomy":"product_cat","embeddable":true,"href":"https:\/\/madabouthorror.co.uk\/fr\/wp-json\/wp\/v2\/product_cat?post=40685"},{"taxonomy":"product_tag","embeddable":true,"href":"https:\/\/madabouthorror.co.uk\/fr\/wp-json\/wp\/v2\/product_tag?post=40685"}],"curies":[{"name":"wp","href":"https:\/\/api.w.org\/{rel}","templated":true}]}}