{"id":40856,"date":"2019-05-08T15:38:48","date_gmt":"2019-05-08T14:38:48","guid":{"rendered":"https:\/\/mah.6bdv.ws\/product\/deluxe-child-s-play-2-costume-child\/"},"modified":"2026-04-02T16:27:15","modified_gmt":"2026-04-02T15:27:15","slug":"deluxe-child-s-play-2-costume-child","status":"publish","type":"product","link":"https:\/\/madabouthorror.co.uk\/fr\/product\/deluxe-child-s-play-2-costume-child\/","title":{"rendered":"Costume Deluxe Child's Play 2 Enfant"},"content":{"rendered":"<h4>Costume de luxe Play 2 Enfant \/ Petit<\/h4>\n<p><em><strong>Con\u00e7u par Garrett Zima<\/strong><\/em><\/p>\n<p>Les studios Trick or Treat et Universal Studios sont fiers de pr\u00e9senter le costume officiel des Bons Gars de Child's Play 2 Deluxe pour enfants \/ petits !<\/p>\n<p>Ce costume a \u00e9t\u00e9 con\u00e7u en scannant au laser des \u00e9chantillons de la poup\u00e9e Good Guys, ce qui en fait le costume Child's Play le plus pr\u00e9cis jamais produit. Et pour la premi\u00e8re fois, la salopette est fabriqu\u00e9e en v\u00e9ritable velours c\u00f4tel\u00e9, tout comme la salopette de la vraie poup\u00e9e du film !<\/p>\n<p>Le costume de bon gar\u00e7on de Child's Play 2 Deluxe pour enfants \/ petits est de taille unique.<\/p>\n<p>Poitrine = 33\u2033.<\/p>\n<p>Taille = 27\u2033 avec un \u00e9lastique qui s'\u00e9tire jusqu'\u00e0 30\u2033.<\/p>\n<p>Entrejambe = 30 1\/2\u2033.<\/p>\n<p>Le costume comprend une chemise \u00e0 rayures et une combinaison en velours c\u00f4tel\u00e9. <span style=\"color: #ff0000;\">Le masque n'est pas inclus.<\/span><\/p>\n<p>Alors, procurez-vous notre costume de bon gar\u00e7on Child's Play 2 Deluxe pour enfants \/ petits sous licence officielle et sortez jouer.<\/p>\n<p><em>Child's Play 2 est une marque d\u00e9pos\u00e9e et un copyright d'Universal Studios. Sous licence d'Universal Studios LLC. Tous droits r\u00e9serv\u00e9s.<\/em><\/p>","protected":false},"excerpt":{"rendered":"<p>Costume Deluxe Child's Play 2 Enfant \/ Petit Con\u00e7u par Garrett Zima Les studios Trick or Treat et Universal Studios sont fiers de pr\u00e9senter le costume officiel Child's Play 2 Deluxe Enfant \/ Petit des Bons Gars ! Ce costume a \u00e9t\u00e9 con\u00e7u en scannant au laser des \u00e9chantillons de la poup\u00e9e des Bons Gars, ce qui en fait le plus [...]<\/p>","protected":false},"featured_media":40854,"comment_status":"closed","ping_status":"closed","template":"","meta":{"_acf_changed":false},"product_brand":[],"product_cat":[10133,10072,10074,10121,10134,10041,7091,6551,10038,8802,6792],"product_tag":[],"class_list":{"0":"post-40856","1":"product","2":"type-product","3":"status-publish","4":"has-post-thumbnail","6":"product_cat-chucky-dolls-childs-play","7":"product_cat-clearance","8":"product_cat-costumes-trick-or-treat-studios","9":"product_cat-halloween-sale","10":"product_cat-official-replica-dolls-accessories","11":"product_cat-gifts-under-50","12":"product_cat-tv-movie","13":"product_cat-costumes","14":"product_cat-horror-gifts","15":"product_cat-sale","16":"product_cat-trick-or-treat-studios","18":"first","19":"instock","20":"sale","21":"taxable","22":"shipping-taxable","23":"purchasable","24":"product-type-simple"},"supplier_id":471029,"supplier_sku":"","barcode":"850946008758","atum_controlled":true,"out_stock_date":null,"out_stock_threshold":null,"inheritable":false,"inbound_stock":0,"stock_on_hold":0,"sold_today":0,"sales_last_days":0,"reserved_stock":0,"customer_returns":0,"warehouse_damage":0,"lost_in_post":0,"other_logs":0,"out_stock_days":0,"lost_sales":0,"has_location":false,"update_date":"2026-04-15T01:26:49","atum_locations":[],"atum_stock_status":"instock","restock_status":false,"low_stock_amount":0,"sales_update_date":"2026-04-15T01:26:48","calc_backorders":null,"acf":[],"yoast_head":"<!-- This site is optimized with the Yoast SEO plugin v27.4 - https:\/\/yoast.com\/product\/yoast-seo-wordpress\/ -->\n<title>Deluxe Child&#039;s Play 2 Costume Child - Mad About Horror<\/title>\n<meta name=\"description\" content=\"Official Deluxe Child&#039;s Play 2 Costume in Child size by Trick or Treat Studios. Next day delivery available in the UK from Mad About Horror - Call 01482 935936\" \/>\n<meta name=\"robots\" content=\"index, follow, max-snippet:-1, max-image-preview:large, max-video-preview:-1\" \/>\n<link rel=\"canonical\" href=\"https:\/\/madabouthorror.co.uk\/fr\/product\/deluxe-child-s-play-2-costume-child\/\" \/>\n<meta property=\"og:locale\" content=\"fr_FR\" \/>\n<meta property=\"og:type\" content=\"article\" \/>\n<meta property=\"og:title\" content=\"Deluxe Child&#039;s Play 2 Costume Child - Mad About Horror\" \/>\n<meta property=\"og:description\" content=\"Official Deluxe Child&#039;s Play 2 Costume in Child size by Trick or Treat Studios. Next day delivery available in the UK from Mad About Horror - Call 01482 935936\" \/>\n<meta property=\"og:url\" content=\"https:\/\/madabouthorror.co.uk\/fr\/product\/deluxe-child-s-play-2-costume-child\/\" \/>\n<meta property=\"og:site_name\" content=\"Mad About Horror\" \/>\n<meta property=\"article:publisher\" content=\"https:\/\/www.facebook.com\/madabouthorror\/\" \/>\n<meta property=\"article:modified_time\" content=\"2026-04-02T15:27:15+00:00\" \/>\n<meta property=\"og:image\" content=\"https:\/\/madabouthorror.co.uk\/wp-content\/uploads\/2019\/05\/102295112_3.jpg\" \/>\n\t<meta property=\"og:image:width\" content=\"1000\" \/>\n\t<meta property=\"og:image:height\" content=\"1000\" \/>\n\t<meta property=\"og:image:type\" content=\"image\/jpeg\" \/>\n<meta name=\"twitter:card\" content=\"summary_large_image\" \/>\n<meta name=\"twitter:label1\" content=\"Dur\u00e9e de lecture estim\u00e9e\" \/>\n\t<meta name=\"twitter:data1\" content=\"1 minute\" \/>\n<script type=\"application\/ld+json\" class=\"yoast-schema-graph\">{\"@context\":\"https:\\\/\\\/schema.org\",\"@graph\":[{\"@type\":[\"WebPage\",\"ItemPage\"],\"@id\":\"https:\\\/\\\/madabouthorror.co.uk\\\/product\\\/deluxe-child-s-play-2-costume-child\\\/\",\"url\":\"https:\\\/\\\/madabouthorror.co.uk\\\/product\\\/deluxe-child-s-play-2-costume-child\\\/\",\"name\":\"Deluxe Child's Play 2 Costume Child - Mad About Horror\",\"isPartOf\":{\"@id\":\"https:\\\/\\\/madabouthorror.co.uk\\\/#website\"},\"primaryImageOfPage\":{\"@id\":\"https:\\\/\\\/madabouthorror.co.uk\\\/product\\\/deluxe-child-s-play-2-costume-child\\\/#primaryimage\"},\"image\":{\"@id\":\"https:\\\/\\\/madabouthorror.co.uk\\\/product\\\/deluxe-child-s-play-2-costume-child\\\/#primaryimage\"},\"thumbnailUrl\":\"https:\\\/\\\/madabouthorror.co.uk\\\/wp-content\\\/uploads\\\/2019\\\/05\\\/102295112_3.jpg\",\"datePublished\":\"2019-05-08T14:38:48+00:00\",\"dateModified\":\"2026-04-02T15:27:15+00:00\",\"description\":\"Official Deluxe Child's Play 2 Costume in Child size by Trick or Treat Studios. Next day delivery available in the UK from Mad About Horror - Call 01482 935936\",\"breadcrumb\":{\"@id\":\"https:\\\/\\\/madabouthorror.co.uk\\\/product\\\/deluxe-child-s-play-2-costume-child\\\/#breadcrumb\"},\"inLanguage\":\"fr-FR\",\"potentialAction\":[{\"@type\":\"ReadAction\",\"target\":[\"https:\\\/\\\/madabouthorror.co.uk\\\/product\\\/deluxe-child-s-play-2-costume-child\\\/\"]}]},{\"@type\":\"ImageObject\",\"inLanguage\":\"fr-FR\",\"@id\":\"https:\\\/\\\/madabouthorror.co.uk\\\/product\\\/deluxe-child-s-play-2-costume-child\\\/#primaryimage\",\"url\":\"https:\\\/\\\/madabouthorror.co.uk\\\/wp-content\\\/uploads\\\/2019\\\/05\\\/102295112_3.jpg\",\"contentUrl\":\"https:\\\/\\\/madabouthorror.co.uk\\\/wp-content\\\/uploads\\\/2019\\\/05\\\/102295112_3.jpg\",\"width\":1000,\"height\":1000,\"caption\":\"Deluxe Child's Play 2 Costume Child-0\"},{\"@type\":\"BreadcrumbList\",\"@id\":\"https:\\\/\\\/madabouthorror.co.uk\\\/product\\\/deluxe-child-s-play-2-costume-child\\\/#breadcrumb\",\"itemListElement\":[{\"@type\":\"ListItem\",\"position\":1,\"name\":\"Shop\",\"item\":\"https:\\\/\\\/madabouthorror.co.uk\\\/shop\\\/\"},{\"@type\":\"ListItem\",\"position\":2,\"name\":\"Deluxe Child&#8217;s Play 2 Costume Child\"}]},{\"@type\":\"WebSite\",\"@id\":\"https:\\\/\\\/madabouthorror.co.uk\\\/#website\",\"url\":\"https:\\\/\\\/madabouthorror.co.uk\\\/\",\"name\":\"Mad About Horror\",\"description\":\"\",\"publisher\":{\"@id\":\"https:\\\/\\\/madabouthorror.co.uk\\\/#organization\"},\"alternateName\":\"Mad About Horror Limited\",\"potentialAction\":[{\"@type\":\"SearchAction\",\"target\":{\"@type\":\"EntryPoint\",\"urlTemplate\":\"https:\\\/\\\/madabouthorror.co.uk\\\/?s={search_term_string}\"},\"query-input\":{\"@type\":\"PropertyValueSpecification\",\"valueRequired\":true,\"valueName\":\"search_term_string\"}}],\"inLanguage\":\"fr-FR\"},{\"@type\":\"Organization\",\"@id\":\"https:\\\/\\\/madabouthorror.co.uk\\\/#organization\",\"name\":\"Mad About Horror\",\"url\":\"https:\\\/\\\/madabouthorror.co.uk\\\/\",\"logo\":{\"@type\":\"ImageObject\",\"inLanguage\":\"fr-FR\",\"@id\":\"https:\\\/\\\/madabouthorror.co.uk\\\/#\\\/schema\\\/logo\\\/image\\\/\",\"url\":\"https:\\\/\\\/madabouthorror.co.uk\\\/wp-content\\\/uploads\\\/2024\\\/02\\\/cropped-Logo.png\",\"contentUrl\":\"https:\\\/\\\/madabouthorror.co.uk\\\/wp-content\\\/uploads\\\/2024\\\/02\\\/cropped-Logo.png\",\"width\":240,\"height\":88,\"caption\":\"Mad About Horror\"},\"image\":{\"@id\":\"https:\\\/\\\/madabouthorror.co.uk\\\/#\\\/schema\\\/logo\\\/image\\\/\"},\"sameAs\":[\"https:\\\/\\\/www.facebook.com\\\/madabouthorror\\\/\",\"https:\\\/\\\/www.instagram.com\\\/madabouthorror\\\/\",\"https:\\\/\\\/www.pinterest.co.uk\\\/madabouthorror\\\/\",\"https:\\\/\\\/www.youtube.com\\\/channel\\\/UCBooLOIxjoQ89dj6T5lWm_w\",\"https:\\\/\\\/www.tiktok.com\\\/@weremadabouthorror\"]}]}<\/script>\n<!-- \/ Yoast SEO plugin. -->","yoast_head_json":{"title":"Costume Deluxe Child's Play 2 Enfant - Mad About Horror","description":"Costume officiel Deluxe Child's Play 2 en taille enfant par Trick or Treat Studios. Livraison le lendemain au Royaume-Uni par Mad About Horror - Appelez le 01482 935936","robots":{"index":"index","follow":"follow","max-snippet":"max-snippet:-1","max-image-preview":"max-image-preview:large","max-video-preview":"max-video-preview:-1"},"canonical":"https:\/\/madabouthorror.co.uk\/fr\/product\/deluxe-child-s-play-2-costume-child\/","og_locale":"fr_FR","og_type":"article","og_title":"Deluxe Child's Play 2 Costume Child - Mad About Horror","og_description":"Official Deluxe Child's Play 2 Costume in Child size by Trick or Treat Studios. Next day delivery available in the UK from Mad About Horror - Call 01482 935936","og_url":"https:\/\/madabouthorror.co.uk\/fr\/product\/deluxe-child-s-play-2-costume-child\/","og_site_name":"Mad About Horror","article_publisher":"https:\/\/www.facebook.com\/madabouthorror\/","article_modified_time":"2026-04-02T15:27:15+00:00","og_image":[{"width":1000,"height":1000,"url":"https:\/\/madabouthorror.co.uk\/wp-content\/uploads\/2019\/05\/102295112_3.jpg","type":"image\/jpeg"}],"twitter_card":"summary_large_image","twitter_misc":{"Dur\u00e9e de lecture estim\u00e9e":"1 minute"},"schema":{"@context":"https:\/\/schema.org","@graph":[{"@type":["WebPage","ItemPage"],"@id":"https:\/\/madabouthorror.co.uk\/product\/deluxe-child-s-play-2-costume-child\/","url":"https:\/\/madabouthorror.co.uk\/product\/deluxe-child-s-play-2-costume-child\/","name":"Costume Deluxe Child's Play 2 Enfant - Mad About Horror","isPartOf":{"@id":"https:\/\/madabouthorror.co.uk\/#website"},"primaryImageOfPage":{"@id":"https:\/\/madabouthorror.co.uk\/product\/deluxe-child-s-play-2-costume-child\/#primaryimage"},"image":{"@id":"https:\/\/madabouthorror.co.uk\/product\/deluxe-child-s-play-2-costume-child\/#primaryimage"},"thumbnailUrl":"https:\/\/madabouthorror.co.uk\/wp-content\/uploads\/2019\/05\/102295112_3.jpg","datePublished":"2019-05-08T14:38:48+00:00","dateModified":"2026-04-02T15:27:15+00:00","description":"Costume officiel Deluxe Child's Play 2 en taille enfant par Trick or Treat Studios. Livraison le lendemain au Royaume-Uni par Mad About Horror - Appelez le 01482 935936","breadcrumb":{"@id":"https:\/\/madabouthorror.co.uk\/product\/deluxe-child-s-play-2-costume-child\/#breadcrumb"},"inLanguage":"fr-FR","potentialAction":[{"@type":"ReadAction","target":["https:\/\/madabouthorror.co.uk\/product\/deluxe-child-s-play-2-costume-child\/"]}]},{"@type":"ImageObject","inLanguage":"fr-FR","@id":"https:\/\/madabouthorror.co.uk\/product\/deluxe-child-s-play-2-costume-child\/#primaryimage","url":"https:\/\/madabouthorror.co.uk\/wp-content\/uploads\/2019\/05\/102295112_3.jpg","contentUrl":"https:\/\/madabouthorror.co.uk\/wp-content\/uploads\/2019\/05\/102295112_3.jpg","width":1000,"height":1000,"caption":"Deluxe Child's Play 2 Costume Child-0"},{"@type":"BreadcrumbList","@id":"https:\/\/madabouthorror.co.uk\/product\/deluxe-child-s-play-2-costume-child\/#breadcrumb","itemListElement":[{"@type":"ListItem","position":1,"name":"Shop","item":"https:\/\/madabouthorror.co.uk\/shop\/"},{"@type":"ListItem","position":2,"name":"Deluxe Child&#8217;s Play 2 Costume Child"}]},{"@type":"WebSite","@id":"https:\/\/madabouthorror.co.uk\/#website","url":"https:\/\/madabouthorror.co.uk\/","name":"L'horreur en folie","description":"","publisher":{"@id":"https:\/\/madabouthorror.co.uk\/#organization"},"alternateName":"Mad About Horror Limited","potentialAction":[{"@type":"SearchAction","target":{"@type":"EntryPoint","urlTemplate":"https:\/\/madabouthorror.co.uk\/?s={search_term_string}"},"query-input":{"@type":"PropertyValueSpecification","valueRequired":true,"valueName":"search_term_string"}}],"inLanguage":"fr-FR"},{"@type":"Organization","@id":"https:\/\/madabouthorror.co.uk\/#organization","name":"L'horreur en folie","url":"https:\/\/madabouthorror.co.uk\/","logo":{"@type":"ImageObject","inLanguage":"fr-FR","@id":"https:\/\/madabouthorror.co.uk\/#\/schema\/logo\/image\/","url":"https:\/\/madabouthorror.co.uk\/wp-content\/uploads\/2024\/02\/cropped-Logo.png","contentUrl":"https:\/\/madabouthorror.co.uk\/wp-content\/uploads\/2024\/02\/cropped-Logo.png","width":240,"height":88,"caption":"Mad About Horror"},"image":{"@id":"https:\/\/madabouthorror.co.uk\/#\/schema\/logo\/image\/"},"sameAs":["https:\/\/www.facebook.com\/madabouthorror\/","https:\/\/www.instagram.com\/madabouthorror\/","https:\/\/www.pinterest.co.uk\/madabouthorror\/","https:\/\/www.youtube.com\/channel\/UCBooLOIxjoQ89dj6T5lWm_w","https:\/\/www.tiktok.com\/@weremadabouthorror"]}]}},"df_price":52.03,"df_sale_price":52.03,"df_regular_price":62.45,"df_image_link":"https:\/\/madabouthorror.co.uk\/wp-content\/uploads\/2019\/05\/102295112_3-300x300.jpg","_links":{"self":[{"href":"https:\/\/madabouthorror.co.uk\/fr\/wp-json\/wp\/v2\/product\/40856","targetHints":{"allow":["GET"]}}],"collection":[{"href":"https:\/\/madabouthorror.co.uk\/fr\/wp-json\/wp\/v2\/product"}],"about":[{"href":"https:\/\/madabouthorror.co.uk\/fr\/wp-json\/wp\/v2\/types\/product"}],"replies":[{"embeddable":true,"href":"https:\/\/madabouthorror.co.uk\/fr\/wp-json\/wp\/v2\/comments?post=40856"}],"wp:featuredmedia":[{"embeddable":true,"href":"https:\/\/madabouthorror.co.uk\/fr\/wp-json\/wp\/v2\/media\/40854"}],"wp:attachment":[{"href":"https:\/\/madabouthorror.co.uk\/fr\/wp-json\/wp\/v2\/media?parent=40856"}],"wp:term":[{"taxonomy":"product_brand","embeddable":true,"href":"https:\/\/madabouthorror.co.uk\/fr\/wp-json\/wp\/v2\/product_brand?post=40856"},{"taxonomy":"product_cat","embeddable":true,"href":"https:\/\/madabouthorror.co.uk\/fr\/wp-json\/wp\/v2\/product_cat?post=40856"},{"taxonomy":"product_tag","embeddable":true,"href":"https:\/\/madabouthorror.co.uk\/fr\/wp-json\/wp\/v2\/product_tag?post=40856"}],"curies":[{"name":"wp","href":"https:\/\/api.w.org\/{rel}","templated":true}]}}