{"id":41014,"date":"2019-05-08T15:38:49","date_gmt":"2019-05-08T14:38:49","guid":{"rendered":"https:\/\/mah.6bdv.ws\/product\/bitemares-horror-teeth-demon\/"},"modified":"2026-04-20T13:42:29","modified_gmt":"2026-04-20T12:42:29","slug":"bitemares-horror-teeth-demon","status":"publish","type":"product","link":"https:\/\/madabouthorror.co.uk\/fr\/product\/bitemares-horror-teeth-demon\/","title":{"rendered":"Dents d'horreur Bitemares - D\u00e9mon"},"content":{"rendered":"<p>Trick or Treat Studios est fier de pr\u00e9senter notre nouvelle gamme de dents de costume flexibles sculpt\u00e9es par le sp\u00e9cialiste hollywoodien des effets sp\u00e9ciaux, Chris Gallaher. Les dents d'horreur Bitemares - Dents de d\u00e9mon comprennent des dents du haut et du bas et sont fabriqu\u00e9es en plastique souple et flexible.<\/p>\n<p>Chaque jeu de dents est m\u00e9ticuleusement peint pour montrer tous les d\u00e9tails monstrueux et horribles. L'application des dents est facile, gr\u00e2ce \u00e0 nos granul\u00e9s Friendly Plastic qui sont livr\u00e9s avec chaque jeu de dents. Il suffit de chauffer le Friendly Plastic dans de l'eau chaude, de placer le Friendly Plastic dans les dents et de les ajuster sur vos propres dents.<\/p>\n<p>&nbsp;<\/p>","protected":false},"excerpt":{"rendered":"<p>Trick or Treat Studios est fier de pr\u00e9senter sa nouvelle gamme de dents de costume flexibles sculpt\u00e9es par le sp\u00e9cialiste des effets sp\u00e9ciaux d'Hollywood, Chris Gallaher. Les Bitemares Horror Teeth \u2013 Demon Teeth comprennent des dents sup\u00e9rieures et inf\u00e9rieures et sont fabriqu\u00e9es en plastique souple et flexible. Chaque ensemble de dents est m\u00e9ticuleusement peint pour montrer tous les horribles monstrueux [\u2026]<\/p>","protected":false},"featured_media":41013,"comment_status":"closed","ping_status":"closed","template":"","meta":{"_acf_changed":false},"product_brand":[],"product_cat":[6552,6602,6792],"product_tag":[],"class_list":{"0":"post-41014","1":"product","2":"type-product","3":"status-publish","4":"has-post-thumbnail","6":"product_cat-accessories","7":"product_cat-teeth","8":"product_cat-trick-or-treat-studios","9":"product_shipping_class-small-parcel-economy-3-5-business-days","11":"first","12":"outofstock","13":"taxable","14":"shipping-taxable","15":"purchasable","16":"product-type-simple"},"supplier_id":471029,"supplier_sku":"CG102","barcode":"850946008864","atum_controlled":true,"out_stock_date":"2026-04-17 15:16:35","out_stock_threshold":null,"inheritable":false,"inbound_stock":6,"stock_on_hold":0,"sold_today":0,"sales_last_days":1,"reserved_stock":0,"customer_returns":0,"warehouse_damage":0,"lost_in_post":0,"other_logs":0,"out_stock_days":17,"lost_sales":72,"has_location":false,"update_date":"2026-05-05T02:11:41","atum_locations":[],"atum_stock_status":"outofstock","restock_status":false,"low_stock_amount":4,"sales_update_date":"2026-05-05T02:11:40","calc_backorders":null,"acf":[],"yoast_head":"<!-- This site is optimized with the Yoast SEO plugin v27.5 - https:\/\/yoast.com\/product\/yoast-seo-wordpress\/ -->\n<title>Bitemares Horror Teeth - Demon - Mad About Horror<\/title>\n<meta name=\"description\" content=\"Bitemares Horror Teeth - Demon flexible halloween costume teeth by Trick or Treat Studios. Available to buy in the UK from Mad About Horror - Call 01482 935936\" \/>\n<meta name=\"robots\" content=\"index, follow, max-snippet:-1, max-image-preview:large, max-video-preview:-1\" \/>\n<link rel=\"canonical\" href=\"https:\/\/madabouthorror.co.uk\/fr\/product\/bitemares-horror-teeth-demon\/\" \/>\n<meta property=\"og:locale\" content=\"fr_FR\" \/>\n<meta property=\"og:type\" content=\"article\" \/>\n<meta property=\"og:title\" content=\"Bitemares Horror Teeth - Demon - Mad About Horror\" \/>\n<meta property=\"og:description\" content=\"Bitemares Horror Teeth - Demon flexible halloween costume teeth by Trick or Treat Studios. Available to buy in the UK from Mad About Horror - Call 01482 935936\" \/>\n<meta property=\"og:url\" content=\"https:\/\/madabouthorror.co.uk\/fr\/product\/bitemares-horror-teeth-demon\/\" \/>\n<meta property=\"og:site_name\" content=\"Mad About Horror\" \/>\n<meta property=\"article:publisher\" content=\"https:\/\/www.facebook.com\/madabouthorror\/\" \/>\n<meta property=\"article:modified_time\" content=\"2026-04-20T12:42:29+00:00\" \/>\n<meta property=\"og:image\" content=\"https:\/\/madabouthorror.co.uk\/wp-content\/uploads\/2019\/05\/105578833_3.jpg\" \/>\n\t<meta property=\"og:image:width\" content=\"1000\" \/>\n\t<meta property=\"og:image:height\" content=\"1000\" \/>\n\t<meta property=\"og:image:type\" content=\"image\/jpeg\" \/>\n<meta name=\"twitter:card\" content=\"summary_large_image\" \/>\n<meta name=\"twitter:label1\" content=\"Dur\u00e9e de lecture estim\u00e9e\" \/>\n\t<meta name=\"twitter:data1\" content=\"1 minute\" \/>\n<script type=\"application\/ld+json\" class=\"yoast-schema-graph\">{\"@context\":\"https:\\\/\\\/schema.org\",\"@graph\":[{\"@type\":[\"WebPage\",\"ItemPage\"],\"@id\":\"https:\\\/\\\/madabouthorror.co.uk\\\/product\\\/bitemares-horror-teeth-demon\\\/\",\"url\":\"https:\\\/\\\/madabouthorror.co.uk\\\/product\\\/bitemares-horror-teeth-demon\\\/\",\"name\":\"Bitemares Horror Teeth - Demon - Mad About Horror\",\"isPartOf\":{\"@id\":\"https:\\\/\\\/madabouthorror.co.uk\\\/#website\"},\"primaryImageOfPage\":{\"@id\":\"https:\\\/\\\/madabouthorror.co.uk\\\/product\\\/bitemares-horror-teeth-demon\\\/#primaryimage\"},\"image\":{\"@id\":\"https:\\\/\\\/madabouthorror.co.uk\\\/product\\\/bitemares-horror-teeth-demon\\\/#primaryimage\"},\"thumbnailUrl\":\"https:\\\/\\\/madabouthorror.co.uk\\\/wp-content\\\/uploads\\\/2019\\\/05\\\/105578833_3.jpg\",\"datePublished\":\"2019-05-08T14:38:49+00:00\",\"dateModified\":\"2026-04-20T12:42:29+00:00\",\"description\":\"Bitemares Horror Teeth - Demon flexible halloween costume teeth by Trick or Treat Studios. Available to buy in the UK from Mad About Horror - Call 01482 935936\",\"breadcrumb\":{\"@id\":\"https:\\\/\\\/madabouthorror.co.uk\\\/product\\\/bitemares-horror-teeth-demon\\\/#breadcrumb\"},\"inLanguage\":\"fr-FR\",\"potentialAction\":[{\"@type\":\"ReadAction\",\"target\":[\"https:\\\/\\\/madabouthorror.co.uk\\\/product\\\/bitemares-horror-teeth-demon\\\/\"]}]},{\"@type\":\"ImageObject\",\"inLanguage\":\"fr-FR\",\"@id\":\"https:\\\/\\\/madabouthorror.co.uk\\\/product\\\/bitemares-horror-teeth-demon\\\/#primaryimage\",\"url\":\"https:\\\/\\\/madabouthorror.co.uk\\\/wp-content\\\/uploads\\\/2019\\\/05\\\/105578833_3.jpg\",\"contentUrl\":\"https:\\\/\\\/madabouthorror.co.uk\\\/wp-content\\\/uploads\\\/2019\\\/05\\\/105578833_3.jpg\",\"width\":1000,\"height\":1000,\"caption\":\"Bitemares Horror Teeth - Demon-0\"},{\"@type\":\"BreadcrumbList\",\"@id\":\"https:\\\/\\\/madabouthorror.co.uk\\\/product\\\/bitemares-horror-teeth-demon\\\/#breadcrumb\",\"itemListElement\":[{\"@type\":\"ListItem\",\"position\":1,\"name\":\"Shop\",\"item\":\"https:\\\/\\\/madabouthorror.co.uk\\\/shop\\\/\"},{\"@type\":\"ListItem\",\"position\":2,\"name\":\"Bitemares Horror Teeth &#8211; Demon\"}]},{\"@type\":\"WebSite\",\"@id\":\"https:\\\/\\\/madabouthorror.co.uk\\\/#website\",\"url\":\"https:\\\/\\\/madabouthorror.co.uk\\\/\",\"name\":\"Mad About Horror\",\"description\":\"\",\"publisher\":{\"@id\":\"https:\\\/\\\/madabouthorror.co.uk\\\/#organization\"},\"alternateName\":\"Mad About Horror Limited\",\"potentialAction\":[{\"@type\":\"SearchAction\",\"target\":{\"@type\":\"EntryPoint\",\"urlTemplate\":\"https:\\\/\\\/madabouthorror.co.uk\\\/?s={search_term_string}\"},\"query-input\":{\"@type\":\"PropertyValueSpecification\",\"valueRequired\":true,\"valueName\":\"search_term_string\"}}],\"inLanguage\":\"fr-FR\"},{\"@type\":\"Organization\",\"@id\":\"https:\\\/\\\/madabouthorror.co.uk\\\/#organization\",\"name\":\"Mad About Horror\",\"url\":\"https:\\\/\\\/madabouthorror.co.uk\\\/\",\"logo\":{\"@type\":\"ImageObject\",\"inLanguage\":\"fr-FR\",\"@id\":\"https:\\\/\\\/madabouthorror.co.uk\\\/#\\\/schema\\\/logo\\\/image\\\/\",\"url\":\"https:\\\/\\\/madabouthorror.co.uk\\\/wp-content\\\/uploads\\\/2024\\\/02\\\/cropped-Logo.png\",\"contentUrl\":\"https:\\\/\\\/madabouthorror.co.uk\\\/wp-content\\\/uploads\\\/2024\\\/02\\\/cropped-Logo.png\",\"width\":240,\"height\":88,\"caption\":\"Mad About Horror\"},\"image\":{\"@id\":\"https:\\\/\\\/madabouthorror.co.uk\\\/#\\\/schema\\\/logo\\\/image\\\/\"},\"sameAs\":[\"https:\\\/\\\/www.facebook.com\\\/madabouthorror\\\/\",\"https:\\\/\\\/www.instagram.com\\\/madabouthorror\\\/\",\"https:\\\/\\\/www.pinterest.co.uk\\\/madabouthorror\\\/\",\"https:\\\/\\\/www.youtube.com\\\/channel\\\/UCBooLOIxjoQ89dj6T5lWm_w\",\"https:\\\/\\\/www.tiktok.com\\\/@weremadabouthorror\"]}]}<\/script>\n<!-- \/ Yoast SEO plugin. -->","yoast_head_json":{"title":"Dents d'horreur Bitemares - D\u00e9mon - Fou de la peur","description":"Dents d'horreur souples de d\u00e9mon pour costume d'Halloween Bitemares de Trick or Treat Studios. Disponible \u00e0 l'achat au Royaume-Uni chez Mad About Horror - Appelez le 01482 935936","robots":{"index":"index","follow":"follow","max-snippet":"max-snippet:-1","max-image-preview":"max-image-preview:large","max-video-preview":"max-video-preview:-1"},"canonical":"https:\/\/madabouthorror.co.uk\/fr\/product\/bitemares-horror-teeth-demon\/","og_locale":"fr_FR","og_type":"article","og_title":"Bitemares Horror Teeth - Demon - Mad About Horror","og_description":"Bitemares Horror Teeth - Demon flexible halloween costume teeth by Trick or Treat Studios. Available to buy in the UK from Mad About Horror - Call 01482 935936","og_url":"https:\/\/madabouthorror.co.uk\/fr\/product\/bitemares-horror-teeth-demon\/","og_site_name":"Mad About Horror","article_publisher":"https:\/\/www.facebook.com\/madabouthorror\/","article_modified_time":"2026-04-20T12:42:29+00:00","og_image":[{"width":1000,"height":1000,"url":"https:\/\/madabouthorror.co.uk\/wp-content\/uploads\/2019\/05\/105578833_3.jpg","type":"image\/jpeg"}],"twitter_card":"summary_large_image","twitter_misc":{"Dur\u00e9e de lecture estim\u00e9e":"1 minute"},"schema":{"@context":"https:\/\/schema.org","@graph":[{"@type":["WebPage","ItemPage"],"@id":"https:\/\/madabouthorror.co.uk\/product\/bitemares-horror-teeth-demon\/","url":"https:\/\/madabouthorror.co.uk\/product\/bitemares-horror-teeth-demon\/","name":"Dents d'horreur Bitemares - D\u00e9mon - Fou de la peur","isPartOf":{"@id":"https:\/\/madabouthorror.co.uk\/#website"},"primaryImageOfPage":{"@id":"https:\/\/madabouthorror.co.uk\/product\/bitemares-horror-teeth-demon\/#primaryimage"},"image":{"@id":"https:\/\/madabouthorror.co.uk\/product\/bitemares-horror-teeth-demon\/#primaryimage"},"thumbnailUrl":"https:\/\/madabouthorror.co.uk\/wp-content\/uploads\/2019\/05\/105578833_3.jpg","datePublished":"2019-05-08T14:38:49+00:00","dateModified":"2026-04-20T12:42:29+00:00","description":"Dents d'horreur souples de d\u00e9mon pour costume d'Halloween Bitemares de Trick or Treat Studios. Disponible \u00e0 l'achat au Royaume-Uni chez Mad About Horror - Appelez le 01482 935936","breadcrumb":{"@id":"https:\/\/madabouthorror.co.uk\/product\/bitemares-horror-teeth-demon\/#breadcrumb"},"inLanguage":"fr-FR","potentialAction":[{"@type":"ReadAction","target":["https:\/\/madabouthorror.co.uk\/product\/bitemares-horror-teeth-demon\/"]}]},{"@type":"ImageObject","inLanguage":"fr-FR","@id":"https:\/\/madabouthorror.co.uk\/product\/bitemares-horror-teeth-demon\/#primaryimage","url":"https:\/\/madabouthorror.co.uk\/wp-content\/uploads\/2019\/05\/105578833_3.jpg","contentUrl":"https:\/\/madabouthorror.co.uk\/wp-content\/uploads\/2019\/05\/105578833_3.jpg","width":1000,"height":1000,"caption":"Bitemares Horror Teeth - Demon-0"},{"@type":"BreadcrumbList","@id":"https:\/\/madabouthorror.co.uk\/product\/bitemares-horror-teeth-demon\/#breadcrumb","itemListElement":[{"@type":"ListItem","position":1,"name":"Shop","item":"https:\/\/madabouthorror.co.uk\/shop\/"},{"@type":"ListItem","position":2,"name":"Bitemares Horror Teeth &#8211; Demon"}]},{"@type":"WebSite","@id":"https:\/\/madabouthorror.co.uk\/#website","url":"https:\/\/madabouthorror.co.uk\/","name":"L'horreur en folie","description":"","publisher":{"@id":"https:\/\/madabouthorror.co.uk\/#organization"},"alternateName":"Mad About Horror Limited","potentialAction":[{"@type":"SearchAction","target":{"@type":"EntryPoint","urlTemplate":"https:\/\/madabouthorror.co.uk\/?s={search_term_string}"},"query-input":{"@type":"PropertyValueSpecification","valueRequired":true,"valueName":"search_term_string"}}],"inLanguage":"fr-FR"},{"@type":"Organization","@id":"https:\/\/madabouthorror.co.uk\/#organization","name":"L'horreur en folie","url":"https:\/\/madabouthorror.co.uk\/","logo":{"@type":"ImageObject","inLanguage":"fr-FR","@id":"https:\/\/madabouthorror.co.uk\/#\/schema\/logo\/image\/","url":"https:\/\/madabouthorror.co.uk\/wp-content\/uploads\/2024\/02\/cropped-Logo.png","contentUrl":"https:\/\/madabouthorror.co.uk\/wp-content\/uploads\/2024\/02\/cropped-Logo.png","width":240,"height":88,"caption":"Mad About Horror"},"image":{"@id":"https:\/\/madabouthorror.co.uk\/#\/schema\/logo\/image\/"},"sameAs":["https:\/\/www.facebook.com\/madabouthorror\/","https:\/\/www.instagram.com\/madabouthorror\/","https:\/\/www.pinterest.co.uk\/madabouthorror\/","https:\/\/www.youtube.com\/channel\/UCBooLOIxjoQ89dj6T5lWm_w","https:\/\/www.tiktok.com\/@weremadabouthorror"]}]}},"df_price":29.95,"df_sale_price":"","df_regular_price":29.95,"df_image_link":"https:\/\/madabouthorror.co.uk\/wp-content\/uploads\/2019\/05\/105578833_3-300x300.jpg","_links":{"self":[{"href":"https:\/\/madabouthorror.co.uk\/fr\/wp-json\/wp\/v2\/product\/41014","targetHints":{"allow":["GET"]}}],"collection":[{"href":"https:\/\/madabouthorror.co.uk\/fr\/wp-json\/wp\/v2\/product"}],"about":[{"href":"https:\/\/madabouthorror.co.uk\/fr\/wp-json\/wp\/v2\/types\/product"}],"replies":[{"embeddable":true,"href":"https:\/\/madabouthorror.co.uk\/fr\/wp-json\/wp\/v2\/comments?post=41014"}],"wp:featuredmedia":[{"embeddable":true,"href":"https:\/\/madabouthorror.co.uk\/fr\/wp-json\/wp\/v2\/media\/41013"}],"wp:attachment":[{"href":"https:\/\/madabouthorror.co.uk\/fr\/wp-json\/wp\/v2\/media?parent=41014"}],"wp:term":[{"taxonomy":"product_brand","embeddable":true,"href":"https:\/\/madabouthorror.co.uk\/fr\/wp-json\/wp\/v2\/product_brand?post=41014"},{"taxonomy":"product_cat","embeddable":true,"href":"https:\/\/madabouthorror.co.uk\/fr\/wp-json\/wp\/v2\/product_cat?post=41014"},{"taxonomy":"product_tag","embeddable":true,"href":"https:\/\/madabouthorror.co.uk\/fr\/wp-json\/wp\/v2\/product_tag?post=41014"}],"curies":[{"name":"wp","href":"https:\/\/api.w.org\/{rel}","templated":true}]}}