{"id":41515,"date":"2019-05-08T15:38:51","date_gmt":"2019-05-08T14:38:51","guid":{"rendered":"https:\/\/mah.6bdv.ws\/product\/halloween-4-the-return-of-michael-myers-mask\/"},"modified":"2026-04-20T15:40:03","modified_gmt":"2026-04-20T14:40:03","slug":"halloween-4-the-return-of-michael-myers-mask","status":"publish","type":"product","link":"https:\/\/madabouthorror.co.uk\/fr\/product\/halloween-4-the-return-of-michael-myers-mask\/","title":{"rendered":"Halloween 4 : Le retour de Michael Myers - Masque de Michael Myers"},"content":{"rendered":"<p>Trick or Treat Studios et Trancas International Films sont fiers de vous pr\u00e9senter le masque officiel Halloween 4 : Le Retour de Michael Myers \u2013 Michael Myers !<\/p>\n<p>Ce masque est une r\u00e9plique incroyable du masque port\u00e9 par Michael Myers dans Halloween 4 : Le Retour de Michael Myers.<\/p>\n<p>Le masque officiel d'Halloween 4 : Le Retour de Michael Myers \u2013 Michael Myers Mask a \u00e9t\u00e9 sculpt\u00e9 par notre propre VP Direction Artistique Justin Mabry et est bas\u00e9 sur de nombreuses captures d'\u00e9cran et images d'Halloween 4. Tout ce que vous voyez \u00e0 l'\u00e9cran est repr\u00e9sent\u00e9 dans cette incroyable r\u00e9plique, y compris l'extension du cou.<\/p>\n<p>Alors procurez-vous le masque officiel de Halloween 4 : Le Retour de Michael Myers \u2013 Michael Myers et c\u00e9l\u00e9brez le retour de Michael Myers !<\/p>\n<p>Besoin d'aide pour la coiffure ? Consultez notre <a href=\"https:\/\/www.youtube.com\/watch?v=pzCUkb0Wn68\">tutoriel<\/a><\/p>\n<p>Besoin d'aide pour la taille ? Consultez notre <a href=\"https:\/\/www.youtube.com\/watch?v=HzLa4zcB3J4&amp;t=3s\">guide<\/a><\/p>\n<p>&nbsp;<\/p>","protected":false},"excerpt":{"rendered":"<p>Trick or Treat Studios et Trancas International Films sont fiers de pr\u00e9senter le masque officiel de Halloween 4 : Le Retour de Michael Myers \u2013 Michael Myers ! Ce masque est une r\u00e9plique incroyable du masque port\u00e9 par Michael Myers dans Halloween 4 : Le Retour de Michael Myers. Le masque officiel de Halloween 4 : Le Retour de Michael Myers [\u2026]<\/p>","protected":false},"featured_media":41510,"comment_status":"closed","ping_status":"closed","template":"","meta":{"_acf_changed":false},"product_brand":[],"product_cat":[6580,10100,10132,9978,10040,7091,6551,10038,6784,9962,6541,6792,6660],"product_tag":[],"class_list":{"0":"post-41515","1":"product","2":"type-product","3":"status-publish","4":"has-post-thumbnail","6":"product_cat-movie-tv","7":"product_cat-latex-masks","8":"product_cat-masks-collectibles","9":"product_cat-michael-myers-costumes","10":"product_cat-gifts-under-100","11":"product_cat-tv-movie","12":"product_cat-costumes","13":"product_cat-horror-gifts","14":"product_cat-michael-myers","15":"product_cat-trick-or-treat-studios-masks","16":"product_cat-masks","17":"product_cat-trick-or-treat-studios","18":"product_cat-halloweenmichaelmyers","20":"first","21":"instock","22":"taxable","23":"shipping-taxable","24":"purchasable","25":"product-type-simple"},"supplier_id":467429,"supplier_sku":"TTTI101","barcode":"811501031062","atum_controlled":true,"out_stock_date":null,"out_stock_threshold":null,"inheritable":false,"inbound_stock":17,"stock_on_hold":0,"sold_today":0,"sales_last_days":0,"reserved_stock":0,"customer_returns":0,"warehouse_damage":0,"lost_in_post":0,"other_logs":0,"out_stock_days":0,"lost_sales":0,"has_location":false,"update_date":"2026-04-30T02:03:59","atum_locations":[],"atum_stock_status":"instock","restock_status":false,"low_stock_amount":10,"sales_update_date":"2026-04-30T02:03:58","calc_backorders":null,"acf":[],"yoast_head":"<!-- This site is optimized with the Yoast SEO plugin v27.5 - https:\/\/yoast.com\/product\/yoast-seo-wordpress\/ -->\n<title>Halloween 4 : The Return of Michael Myers Mask | UK Stock<\/title>\n<meta name=\"description\" content=\"Officially licensed Halloween 4 The Return of Michael Myers Mask by Trick or Treat Studios. Shop Horror collectibles and Halloween props. UK Stock\" \/>\n<meta name=\"robots\" content=\"index, follow, max-snippet:-1, max-image-preview:large, max-video-preview:-1\" \/>\n<link rel=\"canonical\" href=\"https:\/\/madabouthorror.co.uk\/fr\/product\/halloween-4-the-return-of-michael-myers-mask\/\" \/>\n<meta property=\"og:locale\" content=\"fr_FR\" \/>\n<meta property=\"og:type\" content=\"article\" \/>\n<meta property=\"og:title\" content=\"Halloween 4 : The Return of Michael Myers Mask | UK Stock\" \/>\n<meta property=\"og:description\" content=\"Officially licensed Halloween 4 The Return of Michael Myers Mask by Trick or Treat Studios. Shop Horror collectibles and Halloween props. UK Stock\" \/>\n<meta property=\"og:url\" content=\"https:\/\/madabouthorror.co.uk\/fr\/product\/halloween-4-the-return-of-michael-myers-mask\/\" \/>\n<meta property=\"og:site_name\" content=\"Mad About Horror\" \/>\n<meta property=\"article:publisher\" content=\"https:\/\/www.facebook.com\/madabouthorror\/\" \/>\n<meta property=\"article:modified_time\" content=\"2026-04-20T14:40:03+00:00\" \/>\n<meta property=\"og:image\" content=\"https:\/\/madabouthorror.co.uk\/wp-content\/uploads\/2019\/05\/112950938_3.jpg\" \/>\n\t<meta property=\"og:image:width\" content=\"1000\" \/>\n\t<meta property=\"og:image:height\" content=\"1000\" \/>\n\t<meta property=\"og:image:type\" content=\"image\/jpeg\" \/>\n<meta name=\"twitter:card\" content=\"summary_large_image\" \/>\n<meta name=\"twitter:label1\" content=\"Dur\u00e9e de lecture estim\u00e9e\" \/>\n\t<meta name=\"twitter:data1\" content=\"1 minute\" \/>\n<script type=\"application\/ld+json\" class=\"yoast-schema-graph\">{\"@context\":\"https:\\\/\\\/schema.org\",\"@graph\":[{\"@type\":[\"WebPage\",\"ItemPage\"],\"@id\":\"https:\\\/\\\/madabouthorror.co.uk\\\/product\\\/halloween-4-the-return-of-michael-myers-mask\\\/\",\"url\":\"https:\\\/\\\/madabouthorror.co.uk\\\/product\\\/halloween-4-the-return-of-michael-myers-mask\\\/\",\"name\":\"Halloween 4 : The Return of Michael Myers Mask | UK Stock\",\"isPartOf\":{\"@id\":\"https:\\\/\\\/madabouthorror.co.uk\\\/#website\"},\"primaryImageOfPage\":{\"@id\":\"https:\\\/\\\/madabouthorror.co.uk\\\/product\\\/halloween-4-the-return-of-michael-myers-mask\\\/#primaryimage\"},\"image\":{\"@id\":\"https:\\\/\\\/madabouthorror.co.uk\\\/product\\\/halloween-4-the-return-of-michael-myers-mask\\\/#primaryimage\"},\"thumbnailUrl\":\"https:\\\/\\\/madabouthorror.co.uk\\\/wp-content\\\/uploads\\\/2019\\\/05\\\/112950938_3.jpg\",\"datePublished\":\"2019-05-08T14:38:51+00:00\",\"dateModified\":\"2026-04-20T14:40:03+00:00\",\"description\":\"Officially licensed Halloween 4 The Return of Michael Myers Mask by Trick or Treat Studios. Shop Horror collectibles and Halloween props. UK Stock\",\"breadcrumb\":{\"@id\":\"https:\\\/\\\/madabouthorror.co.uk\\\/product\\\/halloween-4-the-return-of-michael-myers-mask\\\/#breadcrumb\"},\"inLanguage\":\"fr-FR\",\"potentialAction\":[{\"@type\":\"ReadAction\",\"target\":[\"https:\\\/\\\/madabouthorror.co.uk\\\/product\\\/halloween-4-the-return-of-michael-myers-mask\\\/\"]}]},{\"@type\":\"ImageObject\",\"inLanguage\":\"fr-FR\",\"@id\":\"https:\\\/\\\/madabouthorror.co.uk\\\/product\\\/halloween-4-the-return-of-michael-myers-mask\\\/#primaryimage\",\"url\":\"https:\\\/\\\/madabouthorror.co.uk\\\/wp-content\\\/uploads\\\/2019\\\/05\\\/112950938_3.jpg\",\"contentUrl\":\"https:\\\/\\\/madabouthorror.co.uk\\\/wp-content\\\/uploads\\\/2019\\\/05\\\/112950938_3.jpg\",\"width\":1000,\"height\":1000,\"caption\":\"Halloween 4 : The Return of Michael Myers Mask-0\"},{\"@type\":\"BreadcrumbList\",\"@id\":\"https:\\\/\\\/madabouthorror.co.uk\\\/product\\\/halloween-4-the-return-of-michael-myers-mask\\\/#breadcrumb\",\"itemListElement\":[{\"@type\":\"ListItem\",\"position\":1,\"name\":\"Shop\",\"item\":\"https:\\\/\\\/madabouthorror.co.uk\\\/shop\\\/\"},{\"@type\":\"ListItem\",\"position\":2,\"name\":\"Halloween 4 : The Return of Michael Myers &#8211; Michael Myers Mask\"}]},{\"@type\":\"WebSite\",\"@id\":\"https:\\\/\\\/madabouthorror.co.uk\\\/#website\",\"url\":\"https:\\\/\\\/madabouthorror.co.uk\\\/\",\"name\":\"Mad About Horror\",\"description\":\"\",\"publisher\":{\"@id\":\"https:\\\/\\\/madabouthorror.co.uk\\\/#organization\"},\"alternateName\":\"Mad About Horror Limited\",\"potentialAction\":[{\"@type\":\"SearchAction\",\"target\":{\"@type\":\"EntryPoint\",\"urlTemplate\":\"https:\\\/\\\/madabouthorror.co.uk\\\/?s={search_term_string}\"},\"query-input\":{\"@type\":\"PropertyValueSpecification\",\"valueRequired\":true,\"valueName\":\"search_term_string\"}}],\"inLanguage\":\"fr-FR\"},{\"@type\":\"Organization\",\"@id\":\"https:\\\/\\\/madabouthorror.co.uk\\\/#organization\",\"name\":\"Mad About Horror\",\"url\":\"https:\\\/\\\/madabouthorror.co.uk\\\/\",\"logo\":{\"@type\":\"ImageObject\",\"inLanguage\":\"fr-FR\",\"@id\":\"https:\\\/\\\/madabouthorror.co.uk\\\/#\\\/schema\\\/logo\\\/image\\\/\",\"url\":\"https:\\\/\\\/madabouthorror.co.uk\\\/wp-content\\\/uploads\\\/2024\\\/02\\\/cropped-Logo.png\",\"contentUrl\":\"https:\\\/\\\/madabouthorror.co.uk\\\/wp-content\\\/uploads\\\/2024\\\/02\\\/cropped-Logo.png\",\"width\":240,\"height\":88,\"caption\":\"Mad About Horror\"},\"image\":{\"@id\":\"https:\\\/\\\/madabouthorror.co.uk\\\/#\\\/schema\\\/logo\\\/image\\\/\"},\"sameAs\":[\"https:\\\/\\\/www.facebook.com\\\/madabouthorror\\\/\",\"https:\\\/\\\/www.instagram.com\\\/madabouthorror\\\/\",\"https:\\\/\\\/www.pinterest.co.uk\\\/madabouthorror\\\/\",\"https:\\\/\\\/www.youtube.com\\\/channel\\\/UCBooLOIxjoQ89dj6T5lWm_w\",\"https:\\\/\\\/www.tiktok.com\\\/@weremadabouthorror\"]}]}<\/script>\n<!-- \/ Yoast SEO plugin. -->","yoast_head_json":{"title":"Halloween 4 : Le Masque de Michael Myers | Stock UK","description":"Masque sous licence officielle Halloween 4 : Le Retour de Michael Myers par Trick or Treat Studios. Achetez des objets de collection d'horreur et des accessoires d'Halloween. Stock UK","robots":{"index":"index","follow":"follow","max-snippet":"max-snippet:-1","max-image-preview":"max-image-preview:large","max-video-preview":"max-video-preview:-1"},"canonical":"https:\/\/madabouthorror.co.uk\/fr\/product\/halloween-4-the-return-of-michael-myers-mask\/","og_locale":"fr_FR","og_type":"article","og_title":"Halloween 4 : The Return of Michael Myers Mask | UK Stock","og_description":"Officially licensed Halloween 4 The Return of Michael Myers Mask by Trick or Treat Studios. Shop Horror collectibles and Halloween props. UK Stock","og_url":"https:\/\/madabouthorror.co.uk\/fr\/product\/halloween-4-the-return-of-michael-myers-mask\/","og_site_name":"Mad About Horror","article_publisher":"https:\/\/www.facebook.com\/madabouthorror\/","article_modified_time":"2026-04-20T14:40:03+00:00","og_image":[{"width":1000,"height":1000,"url":"https:\/\/madabouthorror.co.uk\/wp-content\/uploads\/2019\/05\/112950938_3.jpg","type":"image\/jpeg"}],"twitter_card":"summary_large_image","twitter_misc":{"Dur\u00e9e de lecture estim\u00e9e":"1 minute"},"schema":{"@context":"https:\/\/schema.org","@graph":[{"@type":["WebPage","ItemPage"],"@id":"https:\/\/madabouthorror.co.uk\/product\/halloween-4-the-return-of-michael-myers-mask\/","url":"https:\/\/madabouthorror.co.uk\/product\/halloween-4-the-return-of-michael-myers-mask\/","name":"Halloween 4 : Le Masque de Michael Myers | Stock UK","isPartOf":{"@id":"https:\/\/madabouthorror.co.uk\/#website"},"primaryImageOfPage":{"@id":"https:\/\/madabouthorror.co.uk\/product\/halloween-4-the-return-of-michael-myers-mask\/#primaryimage"},"image":{"@id":"https:\/\/madabouthorror.co.uk\/product\/halloween-4-the-return-of-michael-myers-mask\/#primaryimage"},"thumbnailUrl":"https:\/\/madabouthorror.co.uk\/wp-content\/uploads\/2019\/05\/112950938_3.jpg","datePublished":"2019-05-08T14:38:51+00:00","dateModified":"2026-04-20T14:40:03+00:00","description":"Masque sous licence officielle Halloween 4 : Le Retour de Michael Myers par Trick or Treat Studios. Achetez des objets de collection d'horreur et des accessoires d'Halloween. Stock UK","breadcrumb":{"@id":"https:\/\/madabouthorror.co.uk\/product\/halloween-4-the-return-of-michael-myers-mask\/#breadcrumb"},"inLanguage":"fr-FR","potentialAction":[{"@type":"ReadAction","target":["https:\/\/madabouthorror.co.uk\/product\/halloween-4-the-return-of-michael-myers-mask\/"]}]},{"@type":"ImageObject","inLanguage":"fr-FR","@id":"https:\/\/madabouthorror.co.uk\/product\/halloween-4-the-return-of-michael-myers-mask\/#primaryimage","url":"https:\/\/madabouthorror.co.uk\/wp-content\/uploads\/2019\/05\/112950938_3.jpg","contentUrl":"https:\/\/madabouthorror.co.uk\/wp-content\/uploads\/2019\/05\/112950938_3.jpg","width":1000,"height":1000,"caption":"Halloween 4 : The Return of Michael Myers Mask-0"},{"@type":"BreadcrumbList","@id":"https:\/\/madabouthorror.co.uk\/product\/halloween-4-the-return-of-michael-myers-mask\/#breadcrumb","itemListElement":[{"@type":"ListItem","position":1,"name":"Shop","item":"https:\/\/madabouthorror.co.uk\/shop\/"},{"@type":"ListItem","position":2,"name":"Halloween 4 : The Return of Michael Myers &#8211; Michael Myers Mask"}]},{"@type":"WebSite","@id":"https:\/\/madabouthorror.co.uk\/#website","url":"https:\/\/madabouthorror.co.uk\/","name":"L'horreur en folie","description":"","publisher":{"@id":"https:\/\/madabouthorror.co.uk\/#organization"},"alternateName":"Mad About Horror Limited","potentialAction":[{"@type":"SearchAction","target":{"@type":"EntryPoint","urlTemplate":"https:\/\/madabouthorror.co.uk\/?s={search_term_string}"},"query-input":{"@type":"PropertyValueSpecification","valueRequired":true,"valueName":"search_term_string"}}],"inLanguage":"fr-FR"},{"@type":"Organization","@id":"https:\/\/madabouthorror.co.uk\/#organization","name":"L'horreur en folie","url":"https:\/\/madabouthorror.co.uk\/","logo":{"@type":"ImageObject","inLanguage":"fr-FR","@id":"https:\/\/madabouthorror.co.uk\/#\/schema\/logo\/image\/","url":"https:\/\/madabouthorror.co.uk\/wp-content\/uploads\/2024\/02\/cropped-Logo.png","contentUrl":"https:\/\/madabouthorror.co.uk\/wp-content\/uploads\/2024\/02\/cropped-Logo.png","width":240,"height":88,"caption":"Mad About Horror"},"image":{"@id":"https:\/\/madabouthorror.co.uk\/#\/schema\/logo\/image\/"},"sameAs":["https:\/\/www.facebook.com\/madabouthorror\/","https:\/\/www.instagram.com\/madabouthorror\/","https:\/\/www.pinterest.co.uk\/madabouthorror\/","https:\/\/www.youtube.com\/channel\/UCBooLOIxjoQ89dj6T5lWm_w","https:\/\/www.tiktok.com\/@weremadabouthorror"]}]}},"df_price":64.95,"df_sale_price":"","df_regular_price":64.95,"df_image_link":"https:\/\/madabouthorror.co.uk\/wp-content\/uploads\/2019\/05\/112950938_3-300x300.jpg","_links":{"self":[{"href":"https:\/\/madabouthorror.co.uk\/fr\/wp-json\/wp\/v2\/product\/41515","targetHints":{"allow":["GET"]}}],"collection":[{"href":"https:\/\/madabouthorror.co.uk\/fr\/wp-json\/wp\/v2\/product"}],"about":[{"href":"https:\/\/madabouthorror.co.uk\/fr\/wp-json\/wp\/v2\/types\/product"}],"replies":[{"embeddable":true,"href":"https:\/\/madabouthorror.co.uk\/fr\/wp-json\/wp\/v2\/comments?post=41515"}],"wp:featuredmedia":[{"embeddable":true,"href":"https:\/\/madabouthorror.co.uk\/fr\/wp-json\/wp\/v2\/media\/41510"}],"wp:attachment":[{"href":"https:\/\/madabouthorror.co.uk\/fr\/wp-json\/wp\/v2\/media?parent=41515"}],"wp:term":[{"taxonomy":"product_brand","embeddable":true,"href":"https:\/\/madabouthorror.co.uk\/fr\/wp-json\/wp\/v2\/product_brand?post=41515"},{"taxonomy":"product_cat","embeddable":true,"href":"https:\/\/madabouthorror.co.uk\/fr\/wp-json\/wp\/v2\/product_cat?post=41515"},{"taxonomy":"product_tag","embeddable":true,"href":"https:\/\/madabouthorror.co.uk\/fr\/wp-json\/wp\/v2\/product_tag?post=41515"}],"curies":[{"name":"wp","href":"https:\/\/api.w.org\/{rel}","templated":true}]}}