{"id":41558,"date":"2019-05-08T15:38:51","date_gmt":"2019-05-08T14:38:51","guid":{"rendered":"https:\/\/mah.6bdv.ws\/product\/mezco-mega-scale-talking-freddy-krueger\/"},"modified":"2026-04-03T18:55:15","modified_gmt":"2026-04-03T17:55:15","slug":"mezco-mega-scale-talking-freddy-krueger","status":"publish","type":"product","link":"https:\/\/madabouthorror.co.uk\/fr\/product\/mezco-mega-scale-talking-freddy-krueger\/","title":{"rendered":"MEZCO MDS A Nightmare on Elm Street - Freddy Krueger Mega Scale With Sound (en anglais)"},"content":{"rendered":"<p><span class=\"s1\">Freddy Krueger, le chasseur de r\u00eaves des films A Nightmare on Elm Street, vient vous chercher !<\/span> <span class=\"s1\">Le MDS Mega Scale Talking Freddy Krueger mesure 15\u2033 et prononce 5 phrases cauchemardesques tir\u00e9es des films originaux, dont You think you was going to get away from me ?!<\/span><\/p>\n<p><span class=\"s1\">Le d\u00e9mon des r\u00eaves est v\u00eatu de son inf\u00e2me pull ray\u00e9 et de son fedora. Il est dot\u00e9 d'une t\u00eate nouvellement sculpt\u00e9e, d'un gant en forme de rasoir et de 11 points d'articulation.<\/span><\/p>\n<p><span class=\"s1\">Le MDS Mega Scale Talking Freddy Krueger est pr\u00e9sent\u00e9 dans une bo\u00eete \u00e0 fen\u00eatre adapt\u00e9e aux collectionneurs, parfaite pour \u00eatre expos\u00e9e.<\/span><\/p>\n<p>&nbsp;<\/p>","protected":false},"excerpt":{"rendered":"<p>Freddy Krueger, le chasseur de r\u00eaves des films A Nightmare on Elm Street, vient vous chercher ! Le MDS Mega Scale Talking Freddy Krueger mesure 15\u2033 et prononce 5 phrases cauchemardesques tir\u00e9es des films originaux, dont Tu pensais que tu allais m'\u00e9chapper ? Le d\u00e9mon des r\u00eaves est [...]<\/p>","protected":false},"featured_media":41551,"comment_status":"closed","ping_status":"closed","template":"","meta":{"_acf_changed":false},"product_brand":[],"product_cat":[6538,6781,6537,10040,10038,9941,6794,6631],"product_tag":[],"class_list":{"0":"post-41558","1":"product","2":"type-product","3":"status-publish","4":"has-post-thumbnail","6":"product_cat-figures","7":"product_cat-freddy-krueger","8":"product_cat-collectibles","9":"product_cat-gifts-under-100","10":"product_cat-horror-gifts","11":"product_cat-mezco-mega-scale","12":"product_cat-mezco","13":"product_cat-nightmareonelmstreet","15":"first","16":"outofstock","17":"taxable","18":"shipping-taxable","19":"purchasable","20":"product-type-simple"},"supplier_id":467442,"supplier_sku":"25890","barcode":"696198000000","atum_controlled":true,"out_stock_date":"2025-10-14 20:12:59","out_stock_threshold":null,"inheritable":false,"inbound_stock":13,"stock_on_hold":0,"sold_today":0,"sales_last_days":0,"reserved_stock":0,"customer_returns":0,"warehouse_damage":0,"lost_in_post":0,"other_logs":0,"out_stock_days":191,"lost_sales":7363,"has_location":false,"update_date":"2026-04-24T01:22:02","atum_locations":[],"atum_stock_status":"outofstock","restock_status":false,"low_stock_amount":2,"sales_update_date":"2026-04-24T01:22:00","calc_backorders":null,"acf":[],"yoast_head":"<!-- This site is optimized with the Yoast SEO plugin v27.4 - https:\/\/yoast.com\/product\/yoast-seo-wordpress\/ -->\n<title>MEZCO A Nightmare on Elm Street Freddy Krueger Mega Scale<\/title>\n<meta name=\"description\" content=\"Official Mezco Mega Scale Talking Freddy Krueger. Available to buy in the UK from horror specialists Mad About Horror. Buy online or call 01482 935936.\" \/>\n<meta name=\"robots\" content=\"index, follow, max-snippet:-1, max-image-preview:large, max-video-preview:-1\" \/>\n<link rel=\"canonical\" href=\"https:\/\/madabouthorror.co.uk\/fr\/product\/mezco-mega-scale-talking-freddy-krueger\/\" \/>\n<meta property=\"og:locale\" content=\"fr_FR\" \/>\n<meta property=\"og:type\" content=\"article\" \/>\n<meta property=\"og:title\" content=\"MEZCO A Nightmare on Elm Street Freddy Krueger Mega Scale\" \/>\n<meta property=\"og:description\" content=\"Official Mezco Mega Scale Talking Freddy Krueger. Available to buy in the UK from horror specialists Mad About Horror. Buy online or call 01482 935936.\" \/>\n<meta property=\"og:url\" content=\"https:\/\/madabouthorror.co.uk\/fr\/product\/mezco-mega-scale-talking-freddy-krueger\/\" \/>\n<meta property=\"og:site_name\" content=\"Mad About Horror\" \/>\n<meta property=\"article:publisher\" content=\"https:\/\/www.facebook.com\/madabouthorror\/\" \/>\n<meta property=\"article:modified_time\" content=\"2026-04-03T17:55:15+00:00\" \/>\n<meta property=\"og:image\" content=\"https:\/\/madabouthorror.co.uk\/wp-content\/uploads\/2019\/05\/113339548_3.jpg\" \/>\n\t<meta property=\"og:image:width\" content=\"1000\" \/>\n\t<meta property=\"og:image:height\" content=\"1000\" \/>\n\t<meta property=\"og:image:type\" content=\"image\/jpeg\" \/>\n<meta name=\"twitter:card\" content=\"summary_large_image\" \/>\n<meta name=\"twitter:label1\" content=\"Dur\u00e9e de lecture estim\u00e9e\" \/>\n\t<meta name=\"twitter:data1\" content=\"1 minute\" \/>\n<script type=\"application\/ld+json\" class=\"yoast-schema-graph\">{\"@context\":\"https:\\\/\\\/schema.org\",\"@graph\":[{\"@type\":[\"WebPage\",\"ItemPage\"],\"@id\":\"https:\\\/\\\/madabouthorror.co.uk\\\/product\\\/mezco-mega-scale-talking-freddy-krueger\\\/\",\"url\":\"https:\\\/\\\/madabouthorror.co.uk\\\/product\\\/mezco-mega-scale-talking-freddy-krueger\\\/\",\"name\":\"MEZCO A Nightmare on Elm Street Freddy Krueger Mega Scale\",\"isPartOf\":{\"@id\":\"https:\\\/\\\/madabouthorror.co.uk\\\/#website\"},\"primaryImageOfPage\":{\"@id\":\"https:\\\/\\\/madabouthorror.co.uk\\\/product\\\/mezco-mega-scale-talking-freddy-krueger\\\/#primaryimage\"},\"image\":{\"@id\":\"https:\\\/\\\/madabouthorror.co.uk\\\/product\\\/mezco-mega-scale-talking-freddy-krueger\\\/#primaryimage\"},\"thumbnailUrl\":\"https:\\\/\\\/madabouthorror.co.uk\\\/wp-content\\\/uploads\\\/2019\\\/05\\\/113339548_3.jpg\",\"datePublished\":\"2019-05-08T14:38:51+00:00\",\"dateModified\":\"2026-04-03T17:55:15+00:00\",\"description\":\"Official Mezco Mega Scale Talking Freddy Krueger. Available to buy in the UK from horror specialists Mad About Horror. Buy online or call 01482 935936.\",\"breadcrumb\":{\"@id\":\"https:\\\/\\\/madabouthorror.co.uk\\\/product\\\/mezco-mega-scale-talking-freddy-krueger\\\/#breadcrumb\"},\"inLanguage\":\"fr-FR\",\"potentialAction\":[{\"@type\":\"ReadAction\",\"target\":[\"https:\\\/\\\/madabouthorror.co.uk\\\/product\\\/mezco-mega-scale-talking-freddy-krueger\\\/\"]}]},{\"@type\":\"ImageObject\",\"inLanguage\":\"fr-FR\",\"@id\":\"https:\\\/\\\/madabouthorror.co.uk\\\/product\\\/mezco-mega-scale-talking-freddy-krueger\\\/#primaryimage\",\"url\":\"https:\\\/\\\/madabouthorror.co.uk\\\/wp-content\\\/uploads\\\/2019\\\/05\\\/113339548_3.jpg\",\"contentUrl\":\"https:\\\/\\\/madabouthorror.co.uk\\\/wp-content\\\/uploads\\\/2019\\\/05\\\/113339548_3.jpg\",\"width\":1000,\"height\":1000,\"caption\":\"MEZCO Mega Scale 15\\\" Talking Freddy Krueger\"},{\"@type\":\"BreadcrumbList\",\"@id\":\"https:\\\/\\\/madabouthorror.co.uk\\\/product\\\/mezco-mega-scale-talking-freddy-krueger\\\/#breadcrumb\",\"itemListElement\":[{\"@type\":\"ListItem\",\"position\":1,\"name\":\"Shop\",\"item\":\"https:\\\/\\\/madabouthorror.co.uk\\\/shop\\\/\"},{\"@type\":\"ListItem\",\"position\":2,\"name\":\"MEZCO MDS A Nightmare on Elm Street &#8211; Freddy Krueger Mega Scale With Sound\"}]},{\"@type\":\"WebSite\",\"@id\":\"https:\\\/\\\/madabouthorror.co.uk\\\/#website\",\"url\":\"https:\\\/\\\/madabouthorror.co.uk\\\/\",\"name\":\"Mad About Horror\",\"description\":\"\",\"publisher\":{\"@id\":\"https:\\\/\\\/madabouthorror.co.uk\\\/#organization\"},\"alternateName\":\"Mad About Horror Limited\",\"potentialAction\":[{\"@type\":\"SearchAction\",\"target\":{\"@type\":\"EntryPoint\",\"urlTemplate\":\"https:\\\/\\\/madabouthorror.co.uk\\\/?s={search_term_string}\"},\"query-input\":{\"@type\":\"PropertyValueSpecification\",\"valueRequired\":true,\"valueName\":\"search_term_string\"}}],\"inLanguage\":\"fr-FR\"},{\"@type\":\"Organization\",\"@id\":\"https:\\\/\\\/madabouthorror.co.uk\\\/#organization\",\"name\":\"Mad About Horror\",\"url\":\"https:\\\/\\\/madabouthorror.co.uk\\\/\",\"logo\":{\"@type\":\"ImageObject\",\"inLanguage\":\"fr-FR\",\"@id\":\"https:\\\/\\\/madabouthorror.co.uk\\\/#\\\/schema\\\/logo\\\/image\\\/\",\"url\":\"https:\\\/\\\/madabouthorror.co.uk\\\/wp-content\\\/uploads\\\/2024\\\/02\\\/cropped-Logo.png\",\"contentUrl\":\"https:\\\/\\\/madabouthorror.co.uk\\\/wp-content\\\/uploads\\\/2024\\\/02\\\/cropped-Logo.png\",\"width\":240,\"height\":88,\"caption\":\"Mad About Horror\"},\"image\":{\"@id\":\"https:\\\/\\\/madabouthorror.co.uk\\\/#\\\/schema\\\/logo\\\/image\\\/\"},\"sameAs\":[\"https:\\\/\\\/www.facebook.com\\\/madabouthorror\\\/\",\"https:\\\/\\\/www.instagram.com\\\/madabouthorror\\\/\",\"https:\\\/\\\/www.pinterest.co.uk\\\/madabouthorror\\\/\",\"https:\\\/\\\/www.youtube.com\\\/channel\\\/UCBooLOIxjoQ89dj6T5lWm_w\",\"https:\\\/\\\/www.tiktok.com\\\/@weremadabouthorror\"]}]}<\/script>\n<!-- \/ Yoast SEO plugin. -->","yoast_head_json":{"title":"MEZCO A Nightmare on Elm Street Freddy Krueger Mega Scale","description":"La figurine officielle Mezco Mega Scale Talking Freddy Krueger. Disponible au Royaume-Uni aupr\u00e8s des sp\u00e9cialistes de l'horreur Mad About Horror. Achetez en ligne ou appelez le 01482 935936.","robots":{"index":"index","follow":"follow","max-snippet":"max-snippet:-1","max-image-preview":"max-image-preview:large","max-video-preview":"max-video-preview:-1"},"canonical":"https:\/\/madabouthorror.co.uk\/fr\/product\/mezco-mega-scale-talking-freddy-krueger\/","og_locale":"fr_FR","og_type":"article","og_title":"MEZCO A Nightmare on Elm Street Freddy Krueger Mega Scale","og_description":"Official Mezco Mega Scale Talking Freddy Krueger. Available to buy in the UK from horror specialists Mad About Horror. Buy online or call 01482 935936.","og_url":"https:\/\/madabouthorror.co.uk\/fr\/product\/mezco-mega-scale-talking-freddy-krueger\/","og_site_name":"Mad About Horror","article_publisher":"https:\/\/www.facebook.com\/madabouthorror\/","article_modified_time":"2026-04-03T17:55:15+00:00","og_image":[{"width":1000,"height":1000,"url":"https:\/\/madabouthorror.co.uk\/wp-content\/uploads\/2019\/05\/113339548_3.jpg","type":"image\/jpeg"}],"twitter_card":"summary_large_image","twitter_misc":{"Dur\u00e9e de lecture estim\u00e9e":"1 minute"},"schema":{"@context":"https:\/\/schema.org","@graph":[{"@type":["WebPage","ItemPage"],"@id":"https:\/\/madabouthorror.co.uk\/product\/mezco-mega-scale-talking-freddy-krueger\/","url":"https:\/\/madabouthorror.co.uk\/product\/mezco-mega-scale-talking-freddy-krueger\/","name":"MEZCO A Nightmare on Elm Street Freddy Krueger Mega Scale","isPartOf":{"@id":"https:\/\/madabouthorror.co.uk\/#website"},"primaryImageOfPage":{"@id":"https:\/\/madabouthorror.co.uk\/product\/mezco-mega-scale-talking-freddy-krueger\/#primaryimage"},"image":{"@id":"https:\/\/madabouthorror.co.uk\/product\/mezco-mega-scale-talking-freddy-krueger\/#primaryimage"},"thumbnailUrl":"https:\/\/madabouthorror.co.uk\/wp-content\/uploads\/2019\/05\/113339548_3.jpg","datePublished":"2019-05-08T14:38:51+00:00","dateModified":"2026-04-03T17:55:15+00:00","description":"La figurine officielle Mezco Mega Scale Talking Freddy Krueger. Disponible au Royaume-Uni aupr\u00e8s des sp\u00e9cialistes de l'horreur Mad About Horror. Achetez en ligne ou appelez le 01482 935936.","breadcrumb":{"@id":"https:\/\/madabouthorror.co.uk\/product\/mezco-mega-scale-talking-freddy-krueger\/#breadcrumb"},"inLanguage":"fr-FR","potentialAction":[{"@type":"ReadAction","target":["https:\/\/madabouthorror.co.uk\/product\/mezco-mega-scale-talking-freddy-krueger\/"]}]},{"@type":"ImageObject","inLanguage":"fr-FR","@id":"https:\/\/madabouthorror.co.uk\/product\/mezco-mega-scale-talking-freddy-krueger\/#primaryimage","url":"https:\/\/madabouthorror.co.uk\/wp-content\/uploads\/2019\/05\/113339548_3.jpg","contentUrl":"https:\/\/madabouthorror.co.uk\/wp-content\/uploads\/2019\/05\/113339548_3.jpg","width":1000,"height":1000,"caption":"MEZCO Mega Scale 15\" Talking Freddy Krueger"},{"@type":"BreadcrumbList","@id":"https:\/\/madabouthorror.co.uk\/product\/mezco-mega-scale-talking-freddy-krueger\/#breadcrumb","itemListElement":[{"@type":"ListItem","position":1,"name":"Shop","item":"https:\/\/madabouthorror.co.uk\/shop\/"},{"@type":"ListItem","position":2,"name":"MEZCO MDS A Nightmare on Elm Street &#8211; Freddy Krueger Mega Scale With Sound"}]},{"@type":"WebSite","@id":"https:\/\/madabouthorror.co.uk\/#website","url":"https:\/\/madabouthorror.co.uk\/","name":"L'horreur en folie","description":"","publisher":{"@id":"https:\/\/madabouthorror.co.uk\/#organization"},"alternateName":"Mad About Horror Limited","potentialAction":[{"@type":"SearchAction","target":{"@type":"EntryPoint","urlTemplate":"https:\/\/madabouthorror.co.uk\/?s={search_term_string}"},"query-input":{"@type":"PropertyValueSpecification","valueRequired":true,"valueName":"search_term_string"}}],"inLanguage":"fr-FR"},{"@type":"Organization","@id":"https:\/\/madabouthorror.co.uk\/#organization","name":"L'horreur en folie","url":"https:\/\/madabouthorror.co.uk\/","logo":{"@type":"ImageObject","inLanguage":"fr-FR","@id":"https:\/\/madabouthorror.co.uk\/#\/schema\/logo\/image\/","url":"https:\/\/madabouthorror.co.uk\/wp-content\/uploads\/2024\/02\/cropped-Logo.png","contentUrl":"https:\/\/madabouthorror.co.uk\/wp-content\/uploads\/2024\/02\/cropped-Logo.png","width":240,"height":88,"caption":"Mad About Horror"},"image":{"@id":"https:\/\/madabouthorror.co.uk\/#\/schema\/logo\/image\/"},"sameAs":["https:\/\/www.facebook.com\/madabouthorror\/","https:\/\/www.instagram.com\/madabouthorror\/","https:\/\/www.pinterest.co.uk\/madabouthorror\/","https:\/\/www.youtube.com\/channel\/UCBooLOIxjoQ89dj6T5lWm_w","https:\/\/www.tiktok.com\/@weremadabouthorror"]}]}},"df_price":93.7,"df_sale_price":"","df_regular_price":93.7,"df_image_link":"https:\/\/madabouthorror.co.uk\/wp-content\/uploads\/2019\/05\/113339548_3-300x300.jpg","_links":{"self":[{"href":"https:\/\/madabouthorror.co.uk\/fr\/wp-json\/wp\/v2\/product\/41558","targetHints":{"allow":["GET"]}}],"collection":[{"href":"https:\/\/madabouthorror.co.uk\/fr\/wp-json\/wp\/v2\/product"}],"about":[{"href":"https:\/\/madabouthorror.co.uk\/fr\/wp-json\/wp\/v2\/types\/product"}],"replies":[{"embeddable":true,"href":"https:\/\/madabouthorror.co.uk\/fr\/wp-json\/wp\/v2\/comments?post=41558"}],"wp:featuredmedia":[{"embeddable":true,"href":"https:\/\/madabouthorror.co.uk\/fr\/wp-json\/wp\/v2\/media\/41551"}],"wp:attachment":[{"href":"https:\/\/madabouthorror.co.uk\/fr\/wp-json\/wp\/v2\/media?parent=41558"}],"wp:term":[{"taxonomy":"product_brand","embeddable":true,"href":"https:\/\/madabouthorror.co.uk\/fr\/wp-json\/wp\/v2\/product_brand?post=41558"},{"taxonomy":"product_cat","embeddable":true,"href":"https:\/\/madabouthorror.co.uk\/fr\/wp-json\/wp\/v2\/product_cat?post=41558"},{"taxonomy":"product_tag","embeddable":true,"href":"https:\/\/madabouthorror.co.uk\/fr\/wp-json\/wp\/v2\/product_tag?post=41558"}],"curies":[{"name":"wp","href":"https:\/\/api.w.org\/{rel}","templated":true}]}}