{"id":41605,"date":"2019-05-08T15:38:51","date_gmt":"2019-05-08T14:38:51","guid":{"rendered":"https:\/\/mah.6bdv.ws\/product\/the-purge-election-year-uncle-sam-mask\/"},"modified":"2026-04-02T16:28:56","modified_gmt":"2026-04-02T15:28:56","slug":"the-purge-election-year-uncle-sam-mask","status":"publish","type":"product","link":"https:\/\/madabouthorror.co.uk\/fr\/product\/the-purge-election-year-uncle-sam-mask\/","title":{"rendered":"La Purge : Election Year Masque de l'Oncle Sam"},"content":{"rendered":"<h4>La Purge : Election Year Masque de l'Oncle Sam<\/h4>\n<p>Sculpt\u00e9 par Russ Lukich, Trick or Treat Studios et Universal Studios sont fiers de pr\u00e9senter le masque sous licence officielle The Purge : Election Year Uncle Sam Mask. Ce masque est une version parfaite du masque embl\u00e9matique port\u00e9 par l'Oncle Sam Purger dans The Purge : Election Year.<\/p>\n<p>Afin de conserver tous les d\u00e9tails de ce masque \u00e9tonnant, les studios Trick or Treat ont d\u00e9cid\u00e9 de le fabriquer en plastique moul\u00e9 par injection. Alors, procurez-vous The Purge : Election Year Uncle Sam et purgez-vous des bonbons \u00e0 l'occasion d'Halloween.<\/p>\n<p><em>The Purge : Election Year et toutes les marques et tous les personnages associ\u00e9s sont des marques d\u00e9pos\u00e9es et des droits d'auteur d'Universal Studios. Sous licence d'Universal Studios. Tous droits r\u00e9serv\u00e9s.<\/em> Masque pour adulte : pas pour les enfants<\/p>\n<p>Consultez notre vaste gamme de <a href=\"https:\/\/madabouthorror.co.uk\/fr\/c\/movie\/thepurge\/purge-masks\/\">Masques d'Halloween Purge<\/a>.<\/p>","protected":false},"excerpt":{"rendered":"<p>Masque de l'Oncle Sam de The Purge : Election Year Uncle Sam Mask Sculpt\u00e9 par Russ Lukich, Trick or Treat Studios et Universal Studios sont fiers de pr\u00e9senter le masque sous licence officielle The Purge : Election Year Masque de l'Oncle Sam sous licence officielle. Ce masque est une version parfaite du masque embl\u00e9matique port\u00e9 par l'Oncle Sam Purger dans The Purge : Election Year. Afin de [...]<\/p>","protected":false},"featured_media":41601,"comment_status":"closed","ping_status":"closed","template":"","meta":{"_acf_changed":false},"product_brand":[],"product_cat":[6580,10103,10038,9962,6541,9924,6792,6707],"product_tag":[],"class_list":{"0":"post-41605","1":"product","2":"type-product","3":"status-publish","4":"has-post-thumbnail","6":"product_cat-movie-tv","7":"product_cat-purge-masks","8":"product_cat-horror-gifts","9":"product_cat-trick-or-treat-studios-masks","10":"product_cat-masks","11":"product_cat-trick-or-treat-studios-last-chance","12":"product_cat-trick-or-treat-studios","13":"product_cat-thepurge","14":"product_shipping_class-small-parcel-economy-3-5-business-days","15":"pa_brand-trickortreatstudios","16":"pa_character-thepurge","17":"pa_childs_hand-left","18":"pa_google_tax-e4-clothingaccessoriescostume","20":"first","21":"instock","22":"taxable","23":"shipping-taxable","24":"purchasable","25":"product-type-simple"},"supplier_id":471029,"supplier_sku":"RLUS105-D","barcode":"811501030782","atum_controlled":true,"out_stock_date":null,"out_stock_threshold":null,"inheritable":false,"inbound_stock":0,"stock_on_hold":0,"sold_today":0,"sales_last_days":0,"reserved_stock":0,"customer_returns":0,"warehouse_damage":0,"lost_in_post":0,"other_logs":0,"out_stock_days":0,"lost_sales":0,"has_location":false,"update_date":"2026-04-04T01:52:46","atum_locations":[],"atum_stock_status":"instock","restock_status":false,"low_stock_amount":0,"sales_update_date":"2026-04-04T01:52:44","calc_backorders":null,"acf":[],"yoast_head":"<!-- This site is optimized with the Yoast SEO plugin v27.3 - https:\/\/yoast.com\/product\/yoast-seo-wordpress\/ -->\n<title>The Purge: Election Year Uncle Sam Mask - Mad About Horror<\/title>\n<meta name=\"description\" content=\"Official The Purge: Election Year Uncle Sam Mask by Trick or Treat Studios. Next day delivery available in the UK from Mad About Horror - Call 01482 935936\" \/>\n<meta name=\"robots\" content=\"index, follow, max-snippet:-1, max-image-preview:large, max-video-preview:-1\" \/>\n<link rel=\"canonical\" href=\"https:\/\/madabouthorror.co.uk\/fr\/product\/the-purge-election-year-uncle-sam-mask\/\" \/>\n<meta property=\"og:locale\" content=\"fr_FR\" \/>\n<meta property=\"og:type\" content=\"article\" \/>\n<meta property=\"og:title\" content=\"The Purge: Election Year Uncle Sam Mask - Mad About Horror\" \/>\n<meta property=\"og:description\" content=\"Official The Purge: Election Year Uncle Sam Mask by Trick or Treat Studios. Next day delivery available in the UK from Mad About Horror - Call 01482 935936\" \/>\n<meta property=\"og:url\" content=\"https:\/\/madabouthorror.co.uk\/fr\/product\/the-purge-election-year-uncle-sam-mask\/\" \/>\n<meta property=\"og:site_name\" content=\"Mad About Horror\" \/>\n<meta property=\"article:publisher\" content=\"https:\/\/www.facebook.com\/madabouthorror\/\" \/>\n<meta property=\"article:modified_time\" content=\"2026-04-02T15:28:56+00:00\" \/>\n<meta property=\"og:image\" content=\"https:\/\/madabouthorror.co.uk\/wp-content\/uploads\/2019\/05\/113683453_3.jpg\" \/>\n\t<meta property=\"og:image:width\" content=\"1000\" \/>\n\t<meta property=\"og:image:height\" content=\"1000\" \/>\n\t<meta property=\"og:image:type\" content=\"image\/jpeg\" \/>\n<meta name=\"twitter:card\" content=\"summary_large_image\" \/>\n<meta name=\"twitter:label1\" content=\"Dur\u00e9e de lecture estim\u00e9e\" \/>\n\t<meta name=\"twitter:data1\" content=\"1 minute\" \/>\n<script type=\"application\/ld+json\" class=\"yoast-schema-graph\">{\"@context\":\"https:\\\/\\\/schema.org\",\"@graph\":[{\"@type\":[\"WebPage\",\"ItemPage\"],\"@id\":\"https:\\\/\\\/madabouthorror.co.uk\\\/product\\\/the-purge-election-year-uncle-sam-mask\\\/\",\"url\":\"https:\\\/\\\/madabouthorror.co.uk\\\/product\\\/the-purge-election-year-uncle-sam-mask\\\/\",\"name\":\"The Purge: Election Year Uncle Sam Mask - Mad About Horror\",\"isPartOf\":{\"@id\":\"https:\\\/\\\/madabouthorror.co.uk\\\/#website\"},\"primaryImageOfPage\":{\"@id\":\"https:\\\/\\\/madabouthorror.co.uk\\\/product\\\/the-purge-election-year-uncle-sam-mask\\\/#primaryimage\"},\"image\":{\"@id\":\"https:\\\/\\\/madabouthorror.co.uk\\\/product\\\/the-purge-election-year-uncle-sam-mask\\\/#primaryimage\"},\"thumbnailUrl\":\"https:\\\/\\\/madabouthorror.co.uk\\\/wp-content\\\/uploads\\\/2019\\\/05\\\/113683453_3.jpg\",\"datePublished\":\"2019-05-08T14:38:51+00:00\",\"dateModified\":\"2026-04-02T15:28:56+00:00\",\"description\":\"Official The Purge: Election Year Uncle Sam Mask by Trick or Treat Studios. Next day delivery available in the UK from Mad About Horror - Call 01482 935936\",\"breadcrumb\":{\"@id\":\"https:\\\/\\\/madabouthorror.co.uk\\\/product\\\/the-purge-election-year-uncle-sam-mask\\\/#breadcrumb\"},\"inLanguage\":\"fr-FR\",\"potentialAction\":[{\"@type\":\"ReadAction\",\"target\":[\"https:\\\/\\\/madabouthorror.co.uk\\\/product\\\/the-purge-election-year-uncle-sam-mask\\\/\"]}]},{\"@type\":\"ImageObject\",\"inLanguage\":\"fr-FR\",\"@id\":\"https:\\\/\\\/madabouthorror.co.uk\\\/product\\\/the-purge-election-year-uncle-sam-mask\\\/#primaryimage\",\"url\":\"https:\\\/\\\/madabouthorror.co.uk\\\/wp-content\\\/uploads\\\/2019\\\/05\\\/113683453_3.jpg\",\"contentUrl\":\"https:\\\/\\\/madabouthorror.co.uk\\\/wp-content\\\/uploads\\\/2019\\\/05\\\/113683453_3.jpg\",\"width\":1000,\"height\":1000,\"caption\":\"The Purge: Election Year Uncle Sam Mask-0\"},{\"@type\":\"BreadcrumbList\",\"@id\":\"https:\\\/\\\/madabouthorror.co.uk\\\/product\\\/the-purge-election-year-uncle-sam-mask\\\/#breadcrumb\",\"itemListElement\":[{\"@type\":\"ListItem\",\"position\":1,\"name\":\"Shop\",\"item\":\"https:\\\/\\\/madabouthorror.co.uk\\\/shop\\\/\"},{\"@type\":\"ListItem\",\"position\":2,\"name\":\"The Purge: Election Year Uncle Sam Mask\"}]},{\"@type\":\"WebSite\",\"@id\":\"https:\\\/\\\/madabouthorror.co.uk\\\/#website\",\"url\":\"https:\\\/\\\/madabouthorror.co.uk\\\/\",\"name\":\"Mad About Horror\",\"description\":\"\",\"publisher\":{\"@id\":\"https:\\\/\\\/madabouthorror.co.uk\\\/#organization\"},\"alternateName\":\"Mad About Horror Limited\",\"potentialAction\":[{\"@type\":\"SearchAction\",\"target\":{\"@type\":\"EntryPoint\",\"urlTemplate\":\"https:\\\/\\\/madabouthorror.co.uk\\\/?s={search_term_string}\"},\"query-input\":{\"@type\":\"PropertyValueSpecification\",\"valueRequired\":true,\"valueName\":\"search_term_string\"}}],\"inLanguage\":\"fr-FR\"},{\"@type\":\"Organization\",\"@id\":\"https:\\\/\\\/madabouthorror.co.uk\\\/#organization\",\"name\":\"Mad About Horror\",\"url\":\"https:\\\/\\\/madabouthorror.co.uk\\\/\",\"logo\":{\"@type\":\"ImageObject\",\"inLanguage\":\"fr-FR\",\"@id\":\"https:\\\/\\\/madabouthorror.co.uk\\\/#\\\/schema\\\/logo\\\/image\\\/\",\"url\":\"https:\\\/\\\/madabouthorror.co.uk\\\/wp-content\\\/uploads\\\/2024\\\/02\\\/cropped-Logo.png\",\"contentUrl\":\"https:\\\/\\\/madabouthorror.co.uk\\\/wp-content\\\/uploads\\\/2024\\\/02\\\/cropped-Logo.png\",\"width\":240,\"height\":88,\"caption\":\"Mad About Horror\"},\"image\":{\"@id\":\"https:\\\/\\\/madabouthorror.co.uk\\\/#\\\/schema\\\/logo\\\/image\\\/\"},\"sameAs\":[\"https:\\\/\\\/www.facebook.com\\\/madabouthorror\\\/\",\"https:\\\/\\\/www.instagram.com\\\/madabouthorror\\\/\",\"https:\\\/\\\/www.pinterest.co.uk\\\/madabouthorror\\\/\",\"https:\\\/\\\/www.youtube.com\\\/channel\\\/UCBooLOIxjoQ89dj6T5lWm_w\",\"https:\\\/\\\/www.tiktok.com\\\/@weremadabouthorror\"]}]}<\/script>\n<!-- \/ Yoast SEO plugin. -->","yoast_head_json":{"title":"The Purge : Election Year Masque de l'Oncle Sam - Mad About Horror","description":"Masque officiel de The Purge : Election Year Uncle Sam Mask by Trick or Treat Studios. Livraison le lendemain disponible au Royaume-Uni par Mad About Horror - Appelez le 01482 935936","robots":{"index":"index","follow":"follow","max-snippet":"max-snippet:-1","max-image-preview":"max-image-preview:large","max-video-preview":"max-video-preview:-1"},"canonical":"https:\/\/madabouthorror.co.uk\/fr\/product\/the-purge-election-year-uncle-sam-mask\/","og_locale":"fr_FR","og_type":"article","og_title":"The Purge: Election Year Uncle Sam Mask - Mad About Horror","og_description":"Official The Purge: Election Year Uncle Sam Mask by Trick or Treat Studios. Next day delivery available in the UK from Mad About Horror - Call 01482 935936","og_url":"https:\/\/madabouthorror.co.uk\/fr\/product\/the-purge-election-year-uncle-sam-mask\/","og_site_name":"Mad About Horror","article_publisher":"https:\/\/www.facebook.com\/madabouthorror\/","article_modified_time":"2026-04-02T15:28:56+00:00","og_image":[{"width":1000,"height":1000,"url":"https:\/\/madabouthorror.co.uk\/wp-content\/uploads\/2019\/05\/113683453_3.jpg","type":"image\/jpeg"}],"twitter_card":"summary_large_image","twitter_misc":{"Dur\u00e9e de lecture estim\u00e9e":"1 minute"},"schema":{"@context":"https:\/\/schema.org","@graph":[{"@type":["WebPage","ItemPage"],"@id":"https:\/\/madabouthorror.co.uk\/product\/the-purge-election-year-uncle-sam-mask\/","url":"https:\/\/madabouthorror.co.uk\/product\/the-purge-election-year-uncle-sam-mask\/","name":"The Purge : Election Year Masque de l'Oncle Sam - Mad About Horror","isPartOf":{"@id":"https:\/\/madabouthorror.co.uk\/#website"},"primaryImageOfPage":{"@id":"https:\/\/madabouthorror.co.uk\/product\/the-purge-election-year-uncle-sam-mask\/#primaryimage"},"image":{"@id":"https:\/\/madabouthorror.co.uk\/product\/the-purge-election-year-uncle-sam-mask\/#primaryimage"},"thumbnailUrl":"https:\/\/madabouthorror.co.uk\/wp-content\/uploads\/2019\/05\/113683453_3.jpg","datePublished":"2019-05-08T14:38:51+00:00","dateModified":"2026-04-02T15:28:56+00:00","description":"Masque officiel de The Purge : Election Year Uncle Sam Mask by Trick or Treat Studios. Livraison le lendemain disponible au Royaume-Uni par Mad About Horror - Appelez le 01482 935936","breadcrumb":{"@id":"https:\/\/madabouthorror.co.uk\/product\/the-purge-election-year-uncle-sam-mask\/#breadcrumb"},"inLanguage":"fr-FR","potentialAction":[{"@type":"ReadAction","target":["https:\/\/madabouthorror.co.uk\/product\/the-purge-election-year-uncle-sam-mask\/"]}]},{"@type":"ImageObject","inLanguage":"fr-FR","@id":"https:\/\/madabouthorror.co.uk\/product\/the-purge-election-year-uncle-sam-mask\/#primaryimage","url":"https:\/\/madabouthorror.co.uk\/wp-content\/uploads\/2019\/05\/113683453_3.jpg","contentUrl":"https:\/\/madabouthorror.co.uk\/wp-content\/uploads\/2019\/05\/113683453_3.jpg","width":1000,"height":1000,"caption":"The Purge: Election Year Uncle Sam Mask-0"},{"@type":"BreadcrumbList","@id":"https:\/\/madabouthorror.co.uk\/product\/the-purge-election-year-uncle-sam-mask\/#breadcrumb","itemListElement":[{"@type":"ListItem","position":1,"name":"Shop","item":"https:\/\/madabouthorror.co.uk\/shop\/"},{"@type":"ListItem","position":2,"name":"The Purge: Election Year Uncle Sam Mask"}]},{"@type":"WebSite","@id":"https:\/\/madabouthorror.co.uk\/#website","url":"https:\/\/madabouthorror.co.uk\/","name":"L'horreur en folie","description":"","publisher":{"@id":"https:\/\/madabouthorror.co.uk\/#organization"},"alternateName":"Mad About Horror Limited","potentialAction":[{"@type":"SearchAction","target":{"@type":"EntryPoint","urlTemplate":"https:\/\/madabouthorror.co.uk\/?s={search_term_string}"},"query-input":{"@type":"PropertyValueSpecification","valueRequired":true,"valueName":"search_term_string"}}],"inLanguage":"fr-FR"},{"@type":"Organization","@id":"https:\/\/madabouthorror.co.uk\/#organization","name":"L'horreur en folie","url":"https:\/\/madabouthorror.co.uk\/","logo":{"@type":"ImageObject","inLanguage":"fr-FR","@id":"https:\/\/madabouthorror.co.uk\/#\/schema\/logo\/image\/","url":"https:\/\/madabouthorror.co.uk\/wp-content\/uploads\/2024\/02\/cropped-Logo.png","contentUrl":"https:\/\/madabouthorror.co.uk\/wp-content\/uploads\/2024\/02\/cropped-Logo.png","width":240,"height":88,"caption":"Mad About Horror"},"image":{"@id":"https:\/\/madabouthorror.co.uk\/#\/schema\/logo\/image\/"},"sameAs":["https:\/\/www.facebook.com\/madabouthorror\/","https:\/\/www.instagram.com\/madabouthorror\/","https:\/\/www.pinterest.co.uk\/madabouthorror\/","https:\/\/www.youtube.com\/channel\/UCBooLOIxjoQ89dj6T5lWm_w","https:\/\/www.tiktok.com\/@weremadabouthorror"]}]}},"df_price":31.2,"df_sale_price":"","df_regular_price":31.2,"df_image_link":"https:\/\/madabouthorror.co.uk\/wp-content\/uploads\/2019\/05\/113683453_3-300x300.jpg","_links":{"self":[{"href":"https:\/\/madabouthorror.co.uk\/fr\/wp-json\/wp\/v2\/product\/41605","targetHints":{"allow":["GET"]}}],"collection":[{"href":"https:\/\/madabouthorror.co.uk\/fr\/wp-json\/wp\/v2\/product"}],"about":[{"href":"https:\/\/madabouthorror.co.uk\/fr\/wp-json\/wp\/v2\/types\/product"}],"replies":[{"embeddable":true,"href":"https:\/\/madabouthorror.co.uk\/fr\/wp-json\/wp\/v2\/comments?post=41605"}],"wp:featuredmedia":[{"embeddable":true,"href":"https:\/\/madabouthorror.co.uk\/fr\/wp-json\/wp\/v2\/media\/41601"}],"wp:attachment":[{"href":"https:\/\/madabouthorror.co.uk\/fr\/wp-json\/wp\/v2\/media?parent=41605"}],"wp:term":[{"taxonomy":"product_brand","embeddable":true,"href":"https:\/\/madabouthorror.co.uk\/fr\/wp-json\/wp\/v2\/product_brand?post=41605"},{"taxonomy":"product_cat","embeddable":true,"href":"https:\/\/madabouthorror.co.uk\/fr\/wp-json\/wp\/v2\/product_cat?post=41605"},{"taxonomy":"product_tag","embeddable":true,"href":"https:\/\/madabouthorror.co.uk\/fr\/wp-json\/wp\/v2\/product_tag?post=41605"}],"curies":[{"name":"wp","href":"https:\/\/api.w.org\/{rel}","templated":true}]}}