{"id":41621,"date":"2019-05-08T15:38:52","date_gmt":"2019-05-08T14:38:52","guid":{"rendered":"https:\/\/mah.6bdv.ws\/product\/halloween-1978-young-michael-myers-clown-mask\/"},"modified":"2026-04-20T13:42:30","modified_gmt":"2026-04-20T12:42:30","slug":"halloween-1978-young-michael-myers-clown-mask","status":"publish","type":"product","link":"https:\/\/madabouthorror.co.uk\/fr\/product\/halloween-1978-young-michael-myers-clown-mask\/","title":{"rendered":"Halloween 1978 Masque de clown du jeune Michael Myers"},"content":{"rendered":"<h4>Halloween 1978 Masque de clown du jeune Michael Myers<\/h4>\n<p class=\"\">Sculpt\u00e9 par Connor Deless &amp; Remerciements \u00e0 Mike Covert.<\/p>\n<p class=\"\">Trick or Treat Studios et Compass International Pictures sont fiers de pr\u00e9senter le masque officiel d'Halloween du jeune clown Michael Myers !<\/p>\n<p class=\"\">Ce masque est une magnifique r\u00e9plique du masque port\u00e9 par le jeune Michael Myers dans la sc\u00e8ne d'ouverture du film Halloween de John Carpenter.<\/p>\n<p class=\"\">Le masque officiel d'Halloween du jeune clown Michael Myers a \u00e9t\u00e9 sculpt\u00e9 par Connor Deless, et est bas\u00e9 sur de nombreuses captures d'\u00e9cran de la sc\u00e8ne d'ouverture d'Halloween. Afin de conserver tous les d\u00e9tails de ce masque \u00e9tonnant, nous avons d\u00e9cid\u00e9 de le fabriquer en plastique moul\u00e9 par injection.<\/p>\n<p class=\"\">Alors, procure-toi le masque officiel d'Halloween du jeune clown Michael Myers et c\u00e9l\u00e8bre la nuit o\u00f9 il est rentr\u00e9 \u00e0 la maison !<\/p>\n<p class=\"\"><em class=\"\">\u00a9 2018 Compass International Pictures, Inc. tous droits r\u00e9serv\u00e9s.<\/em><\/p>","protected":false},"excerpt":{"rendered":"<p>Halloween 1978 Masque du jeune clown Michael Myers Sculpt\u00e9 par Connor Deless &amp; Remerciements sp\u00e9ciaux \u00e0 Mike Covert. Trick or Treat Studios et Compass International Pictures sont fiers de pr\u00e9senter le masque officiel du jeune clown Michael Myers pour Halloween ! Ce masque est une magnifique r\u00e9plique du masque port\u00e9 par le jeune Michael Myers dans la sc\u00e8ne d'ouverture [...]<\/p>","protected":false},"featured_media":41620,"comment_status":"closed","ping_status":"closed","template":"","meta":{"_acf_changed":false},"product_brand":[],"product_cat":[6580,10132,9978,10039,10041,7091,6551,10038,6784,9962,6546,6541,6792,6660],"product_tag":[],"class_list":{"0":"post-41621","1":"product","2":"type-product","3":"status-publish","4":"has-post-thumbnail","6":"product_cat-movie-tv","7":"product_cat-masks-collectibles","8":"product_cat-michael-myers-costumes","9":"product_cat-stocking-fillers","10":"product_cat-gifts-under-50","11":"product_cat-tv-movie","12":"product_cat-costumes","13":"product_cat-horror-gifts","14":"product_cat-michael-myers","15":"product_cat-trick-or-treat-studios-masks","16":"product_cat-masks-clown","17":"product_cat-masks","18":"product_cat-trick-or-treat-studios","19":"product_cat-halloweenmichaelmyers","20":"product_shipping_class-small-parcel-economy-3-5-business-days","22":"first","23":"outofstock","24":"taxable","25":"shipping-taxable","26":"purchasable","27":"product-type-simple"},"supplier_id":471029,"supplier_sku":"CDTI100","barcode":"811501038467","atum_controlled":true,"out_stock_date":"2026-01-12 21:09:48","out_stock_threshold":null,"inheritable":false,"inbound_stock":40,"stock_on_hold":0,"sold_today":0,"sales_last_days":0,"reserved_stock":0,"customer_returns":0,"warehouse_damage":0,"lost_in_post":0,"other_logs":0,"out_stock_days":105,"lost_sales":404,"has_location":false,"update_date":"2026-04-28T01:48:52","atum_locations":[],"atum_stock_status":"outofstock","restock_status":false,"low_stock_amount":15,"sales_update_date":"2026-04-28T01:48:51","calc_backorders":null,"acf":[],"yoast_head":"<!-- This site is optimized with the Yoast SEO plugin v27.4 - https:\/\/yoast.com\/product\/yoast-seo-wordpress\/ -->\n<title>Halloween 1978 Young Michael Myers Clown Mask<\/title>\n<meta name=\"description\" content=\"Officially licensed Halloween 1978 Young Michael Myers Clown Mask by Trick or Treat Studios. Available to buy in the UK from Mad About Horror- Call 01482 935936\" \/>\n<meta name=\"robots\" content=\"index, follow, max-snippet:-1, max-image-preview:large, max-video-preview:-1\" \/>\n<link rel=\"canonical\" href=\"https:\/\/madabouthorror.co.uk\/fr\/product\/halloween-1978-young-michael-myers-clown-mask\/\" \/>\n<meta property=\"og:locale\" content=\"fr_FR\" \/>\n<meta property=\"og:type\" content=\"article\" \/>\n<meta property=\"og:title\" content=\"Halloween 1978 Young Michael Myers Clown Mask\" \/>\n<meta property=\"og:description\" content=\"Officially licensed Halloween 1978 Young Michael Myers Clown Mask by Trick or Treat Studios. Available to buy in the UK from Mad About Horror- Call 01482 935936\" \/>\n<meta property=\"og:url\" content=\"https:\/\/madabouthorror.co.uk\/fr\/product\/halloween-1978-young-michael-myers-clown-mask\/\" \/>\n<meta property=\"og:site_name\" content=\"Mad About Horror\" \/>\n<meta property=\"article:publisher\" content=\"https:\/\/www.facebook.com\/madabouthorror\/\" \/>\n<meta property=\"article:modified_time\" content=\"2026-04-20T12:42:30+00:00\" \/>\n<meta property=\"og:image\" content=\"https:\/\/madabouthorror.co.uk\/wp-content\/uploads\/2019\/05\/tots_young_michael_myers_mask.jpg\" \/>\n\t<meta property=\"og:image:width\" content=\"650\" \/>\n\t<meta property=\"og:image:height\" content=\"650\" \/>\n\t<meta property=\"og:image:type\" content=\"image\/jpeg\" \/>\n<meta name=\"twitter:card\" content=\"summary_large_image\" \/>\n<meta name=\"twitter:label1\" content=\"Dur\u00e9e de lecture estim\u00e9e\" \/>\n\t<meta name=\"twitter:data1\" content=\"1 minute\" \/>\n<script type=\"application\/ld+json\" class=\"yoast-schema-graph\">{\"@context\":\"https:\\\/\\\/schema.org\",\"@graph\":[{\"@type\":[\"WebPage\",\"ItemPage\"],\"@id\":\"https:\\\/\\\/madabouthorror.co.uk\\\/product\\\/halloween-1978-young-michael-myers-clown-mask\\\/\",\"url\":\"https:\\\/\\\/madabouthorror.co.uk\\\/product\\\/halloween-1978-young-michael-myers-clown-mask\\\/\",\"name\":\"Halloween 1978 Young Michael Myers Clown Mask\",\"isPartOf\":{\"@id\":\"https:\\\/\\\/madabouthorror.co.uk\\\/#website\"},\"primaryImageOfPage\":{\"@id\":\"https:\\\/\\\/madabouthorror.co.uk\\\/product\\\/halloween-1978-young-michael-myers-clown-mask\\\/#primaryimage\"},\"image\":{\"@id\":\"https:\\\/\\\/madabouthorror.co.uk\\\/product\\\/halloween-1978-young-michael-myers-clown-mask\\\/#primaryimage\"},\"thumbnailUrl\":\"https:\\\/\\\/madabouthorror.co.uk\\\/wp-content\\\/uploads\\\/2019\\\/05\\\/tots_young_michael_myers_mask.jpg\",\"datePublished\":\"2019-05-08T14:38:52+00:00\",\"dateModified\":\"2026-04-20T12:42:30+00:00\",\"description\":\"Officially licensed Halloween 1978 Young Michael Myers Clown Mask by Trick or Treat Studios. Available to buy in the UK from Mad About Horror- Call 01482 935936\",\"breadcrumb\":{\"@id\":\"https:\\\/\\\/madabouthorror.co.uk\\\/product\\\/halloween-1978-young-michael-myers-clown-mask\\\/#breadcrumb\"},\"inLanguage\":\"fr-FR\",\"potentialAction\":[{\"@type\":\"ReadAction\",\"target\":[\"https:\\\/\\\/madabouthorror.co.uk\\\/product\\\/halloween-1978-young-michael-myers-clown-mask\\\/\"]}]},{\"@type\":\"ImageObject\",\"inLanguage\":\"fr-FR\",\"@id\":\"https:\\\/\\\/madabouthorror.co.uk\\\/product\\\/halloween-1978-young-michael-myers-clown-mask\\\/#primaryimage\",\"url\":\"https:\\\/\\\/madabouthorror.co.uk\\\/wp-content\\\/uploads\\\/2019\\\/05\\\/tots_young_michael_myers_mask.jpg\",\"contentUrl\":\"https:\\\/\\\/madabouthorror.co.uk\\\/wp-content\\\/uploads\\\/2019\\\/05\\\/tots_young_michael_myers_mask.jpg\",\"width\":650,\"height\":650,\"caption\":\"Halloween 1978 - Young Michael Myers Clown Mask-0\"},{\"@type\":\"BreadcrumbList\",\"@id\":\"https:\\\/\\\/madabouthorror.co.uk\\\/product\\\/halloween-1978-young-michael-myers-clown-mask\\\/#breadcrumb\",\"itemListElement\":[{\"@type\":\"ListItem\",\"position\":1,\"name\":\"Shop\",\"item\":\"https:\\\/\\\/madabouthorror.co.uk\\\/shop\\\/\"},{\"@type\":\"ListItem\",\"position\":2,\"name\":\"Halloween 1978 Young Michael Myers Clown Mask\"}]},{\"@type\":\"WebSite\",\"@id\":\"https:\\\/\\\/madabouthorror.co.uk\\\/#website\",\"url\":\"https:\\\/\\\/madabouthorror.co.uk\\\/\",\"name\":\"Mad About Horror\",\"description\":\"\",\"publisher\":{\"@id\":\"https:\\\/\\\/madabouthorror.co.uk\\\/#organization\"},\"alternateName\":\"Mad About Horror Limited\",\"potentialAction\":[{\"@type\":\"SearchAction\",\"target\":{\"@type\":\"EntryPoint\",\"urlTemplate\":\"https:\\\/\\\/madabouthorror.co.uk\\\/?s={search_term_string}\"},\"query-input\":{\"@type\":\"PropertyValueSpecification\",\"valueRequired\":true,\"valueName\":\"search_term_string\"}}],\"inLanguage\":\"fr-FR\"},{\"@type\":\"Organization\",\"@id\":\"https:\\\/\\\/madabouthorror.co.uk\\\/#organization\",\"name\":\"Mad About Horror\",\"url\":\"https:\\\/\\\/madabouthorror.co.uk\\\/\",\"logo\":{\"@type\":\"ImageObject\",\"inLanguage\":\"fr-FR\",\"@id\":\"https:\\\/\\\/madabouthorror.co.uk\\\/#\\\/schema\\\/logo\\\/image\\\/\",\"url\":\"https:\\\/\\\/madabouthorror.co.uk\\\/wp-content\\\/uploads\\\/2024\\\/02\\\/cropped-Logo.png\",\"contentUrl\":\"https:\\\/\\\/madabouthorror.co.uk\\\/wp-content\\\/uploads\\\/2024\\\/02\\\/cropped-Logo.png\",\"width\":240,\"height\":88,\"caption\":\"Mad About Horror\"},\"image\":{\"@id\":\"https:\\\/\\\/madabouthorror.co.uk\\\/#\\\/schema\\\/logo\\\/image\\\/\"},\"sameAs\":[\"https:\\\/\\\/www.facebook.com\\\/madabouthorror\\\/\",\"https:\\\/\\\/www.instagram.com\\\/madabouthorror\\\/\",\"https:\\\/\\\/www.pinterest.co.uk\\\/madabouthorror\\\/\",\"https:\\\/\\\/www.youtube.com\\\/channel\\\/UCBooLOIxjoQ89dj6T5lWm_w\",\"https:\\\/\\\/www.tiktok.com\\\/@weremadabouthorror\"]}]}<\/script>\n<!-- \/ Yoast SEO plugin. -->","yoast_head_json":{"title":"Halloween 1978 Masque de clown du jeune Michael Myers","description":"Masque de clown du jeune Michael Myers pour Halloween 1978, sous licence officielle, par Trick or Treat Studios. Disponible \u00e0 l'achat au Royaume-Uni aupr\u00e8s de Mad About Horror - Appelez le 01482 935936","robots":{"index":"index","follow":"follow","max-snippet":"max-snippet:-1","max-image-preview":"max-image-preview:large","max-video-preview":"max-video-preview:-1"},"canonical":"https:\/\/madabouthorror.co.uk\/fr\/product\/halloween-1978-young-michael-myers-clown-mask\/","og_locale":"fr_FR","og_type":"article","og_title":"Halloween 1978 Young Michael Myers Clown Mask","og_description":"Officially licensed Halloween 1978 Young Michael Myers Clown Mask by Trick or Treat Studios. Available to buy in the UK from Mad About Horror- Call 01482 935936","og_url":"https:\/\/madabouthorror.co.uk\/fr\/product\/halloween-1978-young-michael-myers-clown-mask\/","og_site_name":"Mad About Horror","article_publisher":"https:\/\/www.facebook.com\/madabouthorror\/","article_modified_time":"2026-04-20T12:42:30+00:00","og_image":[{"width":650,"height":650,"url":"https:\/\/madabouthorror.co.uk\/wp-content\/uploads\/2019\/05\/tots_young_michael_myers_mask.jpg","type":"image\/jpeg"}],"twitter_card":"summary_large_image","twitter_misc":{"Dur\u00e9e de lecture estim\u00e9e":"1 minute"},"schema":{"@context":"https:\/\/schema.org","@graph":[{"@type":["WebPage","ItemPage"],"@id":"https:\/\/madabouthorror.co.uk\/product\/halloween-1978-young-michael-myers-clown-mask\/","url":"https:\/\/madabouthorror.co.uk\/product\/halloween-1978-young-michael-myers-clown-mask\/","name":"Halloween 1978 Masque de clown du jeune Michael Myers","isPartOf":{"@id":"https:\/\/madabouthorror.co.uk\/#website"},"primaryImageOfPage":{"@id":"https:\/\/madabouthorror.co.uk\/product\/halloween-1978-young-michael-myers-clown-mask\/#primaryimage"},"image":{"@id":"https:\/\/madabouthorror.co.uk\/product\/halloween-1978-young-michael-myers-clown-mask\/#primaryimage"},"thumbnailUrl":"https:\/\/madabouthorror.co.uk\/wp-content\/uploads\/2019\/05\/tots_young_michael_myers_mask.jpg","datePublished":"2019-05-08T14:38:52+00:00","dateModified":"2026-04-20T12:42:30+00:00","description":"Masque de clown du jeune Michael Myers pour Halloween 1978, sous licence officielle, par Trick or Treat Studios. Disponible \u00e0 l'achat au Royaume-Uni aupr\u00e8s de Mad About Horror - Appelez le 01482 935936","breadcrumb":{"@id":"https:\/\/madabouthorror.co.uk\/product\/halloween-1978-young-michael-myers-clown-mask\/#breadcrumb"},"inLanguage":"fr-FR","potentialAction":[{"@type":"ReadAction","target":["https:\/\/madabouthorror.co.uk\/product\/halloween-1978-young-michael-myers-clown-mask\/"]}]},{"@type":"ImageObject","inLanguage":"fr-FR","@id":"https:\/\/madabouthorror.co.uk\/product\/halloween-1978-young-michael-myers-clown-mask\/#primaryimage","url":"https:\/\/madabouthorror.co.uk\/wp-content\/uploads\/2019\/05\/tots_young_michael_myers_mask.jpg","contentUrl":"https:\/\/madabouthorror.co.uk\/wp-content\/uploads\/2019\/05\/tots_young_michael_myers_mask.jpg","width":650,"height":650,"caption":"Halloween 1978 - Young Michael Myers Clown Mask-0"},{"@type":"BreadcrumbList","@id":"https:\/\/madabouthorror.co.uk\/product\/halloween-1978-young-michael-myers-clown-mask\/#breadcrumb","itemListElement":[{"@type":"ListItem","position":1,"name":"Shop","item":"https:\/\/madabouthorror.co.uk\/shop\/"},{"@type":"ListItem","position":2,"name":"Halloween 1978 Young Michael Myers Clown Mask"}]},{"@type":"WebSite","@id":"https:\/\/madabouthorror.co.uk\/#website","url":"https:\/\/madabouthorror.co.uk\/","name":"L'horreur en folie","description":"","publisher":{"@id":"https:\/\/madabouthorror.co.uk\/#organization"},"alternateName":"Mad About Horror Limited","potentialAction":[{"@type":"SearchAction","target":{"@type":"EntryPoint","urlTemplate":"https:\/\/madabouthorror.co.uk\/?s={search_term_string}"},"query-input":{"@type":"PropertyValueSpecification","valueRequired":true,"valueName":"search_term_string"}}],"inLanguage":"fr-FR"},{"@type":"Organization","@id":"https:\/\/madabouthorror.co.uk\/#organization","name":"L'horreur en folie","url":"https:\/\/madabouthorror.co.uk\/","logo":{"@type":"ImageObject","inLanguage":"fr-FR","@id":"https:\/\/madabouthorror.co.uk\/#\/schema\/logo\/image\/","url":"https:\/\/madabouthorror.co.uk\/wp-content\/uploads\/2024\/02\/cropped-Logo.png","contentUrl":"https:\/\/madabouthorror.co.uk\/wp-content\/uploads\/2024\/02\/cropped-Logo.png","width":240,"height":88,"caption":"Mad About Horror"},"image":{"@id":"https:\/\/madabouthorror.co.uk\/#\/schema\/logo\/image\/"},"sameAs":["https:\/\/www.facebook.com\/madabouthorror\/","https:\/\/www.instagram.com\/madabouthorror\/","https:\/\/www.pinterest.co.uk\/madabouthorror\/","https:\/\/www.youtube.com\/channel\/UCBooLOIxjoQ89dj6T5lWm_w","https:\/\/www.tiktok.com\/@weremadabouthorror"]}]}},"df_price":26.95,"df_sale_price":"","df_regular_price":26.95,"df_image_link":"https:\/\/madabouthorror.co.uk\/wp-content\/uploads\/2019\/05\/tots_young_michael_myers_mask-300x300.jpg","_links":{"self":[{"href":"https:\/\/madabouthorror.co.uk\/fr\/wp-json\/wp\/v2\/product\/41621","targetHints":{"allow":["GET"]}}],"collection":[{"href":"https:\/\/madabouthorror.co.uk\/fr\/wp-json\/wp\/v2\/product"}],"about":[{"href":"https:\/\/madabouthorror.co.uk\/fr\/wp-json\/wp\/v2\/types\/product"}],"replies":[{"embeddable":true,"href":"https:\/\/madabouthorror.co.uk\/fr\/wp-json\/wp\/v2\/comments?post=41621"}],"wp:featuredmedia":[{"embeddable":true,"href":"https:\/\/madabouthorror.co.uk\/fr\/wp-json\/wp\/v2\/media\/41620"}],"wp:attachment":[{"href":"https:\/\/madabouthorror.co.uk\/fr\/wp-json\/wp\/v2\/media?parent=41621"}],"wp:term":[{"taxonomy":"product_brand","embeddable":true,"href":"https:\/\/madabouthorror.co.uk\/fr\/wp-json\/wp\/v2\/product_brand?post=41621"},{"taxonomy":"product_cat","embeddable":true,"href":"https:\/\/madabouthorror.co.uk\/fr\/wp-json\/wp\/v2\/product_cat?post=41621"},{"taxonomy":"product_tag","embeddable":true,"href":"https:\/\/madabouthorror.co.uk\/fr\/wp-json\/wp\/v2\/product_tag?post=41621"}],"curies":[{"name":"wp","href":"https:\/\/api.w.org\/{rel}","templated":true}]}}