{"id":41930,"date":"2019-05-08T15:38:54","date_gmt":"2019-05-08T14:38:54","guid":{"rendered":"https:\/\/mah.6bdv.ws\/product\/evil-dead-2-book-of-the-dead-necronomicon\/"},"modified":"2026-04-22T15:23:34","modified_gmt":"2026-04-22T14:23:34","slug":"evil-dead-2-book-of-the-dead-necronomicon","status":"publish","type":"product","link":"https:\/\/madabouthorror.co.uk\/fr\/product\/evil-dead-2-book-of-the-dead-necronomicon\/","title":{"rendered":"Evil Dead 2 : Livre des Morts Necronomicon Prop avec Pages Imprim\u00e9es"},"content":{"rendered":"<p>Invoquez les forces d'Evil Dead avec l'accessoire officiel Evil Dead 2 : Book of the Dead Necronomicon de Trick or Treat Studios et Studio Canal. Sculpt\u00e9 par Russ Lukich, cet accessoire \u00e0 l'\u00e9chelle 1:1 reproduit fid\u00e8lement le livre embl\u00e9matique vu dans Evil Dead 2. Mesurant 26 x 21 x 4 cm, l'accessoire s'ouvre et se ferme, et comporte 36 pages imprim\u00e9es avec des illustrations identiques \u00e0 celles du v\u00e9ritable Necronomicon.<\/p>\n<p>Fabriqu\u00e9 en latex de haute qualit\u00e9 avec des pages us\u00e9es par le temps, il offre un aspect et une sensation authentiques. Parfait pour compl\u00e9ter votre costume de sorci\u00e8re, de zombie ou d'Evil Ash, cet accessoire du Necronomicon est indispensable pour les amateurs d'Evil Dead.<\/p>\n<p><em>EVIL DEAD 2 : DEAD BY DAWN est une marque d\u00e9pos\u00e9e de StudioCanal S.A. Tous droits r\u00e9serv\u00e9s. \u00ac\u00a8\u00ac\u00a9 2013 StudioCanal S.A. Tous droits r\u00e9serv\u00e9s.<\/em><\/p>\n<p><span style=\"color: #000000;\"><em>Veuillez noter que cet article est livr\u00e9 dans une bo\u00eete d'exposition, mais que la bo\u00eete peut ne pas \u00eatre en parfait \u00e9tat : il peut y avoir quelques plis et bosses. C'est normal pour cet article.<\/em><\/span><\/p>","protected":false},"excerpt":{"rendered":"<p>Invoquez les forces d'Evil Dead avec l'accessoire officiel Evil Dead 2 : Book of the Dead Necronomicon de Trick or Treat Studios et Studio Canal. Sculpt\u00e9 par Russ Lukich, cet accessoire \u00e0 l'\u00e9chelle 1:1 reproduit fid\u00e8lement le livre embl\u00e9matique vu dans Evil Dead 2. Mesurant 26 x 21 x 4 cm, l'accessoire s'ouvre et [...]<\/p>","protected":false},"featured_media":41927,"comment_status":"closed","ping_status":"closed","template":"","meta":{"_acf_changed":false},"product_brand":[],"product_cat":[10076,10093,6537,10107,6547,9967,6650,6792],"product_tag":[],"class_list":{"0":"post-41930","1":"product","2":"type-product","3":"status-publish","4":"has-post-thumbnail","6":"product_cat-replica-dolls-props","7":"product_cat-indoor-halloween-decorations","8":"product_cat-collectibles","9":"product_cat-licensed-halloween-decorations","10":"product_cat-decorations","11":"product_cat-replica-props","12":"product_cat-evildeadashvevildead","13":"product_cat-trick-or-treat-studios","15":"first","16":"onbackorder","17":"taxable","18":"shipping-taxable","19":"purchasable","20":"product-type-simple"},"supplier_id":471029,"supplier_sku":"RLSC102","barcode":"811501031703","atum_controlled":true,"out_stock_date":null,"out_stock_threshold":null,"inheritable":false,"inbound_stock":16,"stock_on_hold":0,"sold_today":0,"sales_last_days":0,"reserved_stock":0,"customer_returns":0,"warehouse_damage":0,"lost_in_post":0,"other_logs":0,"out_stock_days":0,"lost_sales":0,"has_location":false,"update_date":"2026-04-30T02:03:55","atum_locations":[],"atum_stock_status":"onbackorder","restock_status":false,"low_stock_amount":14,"sales_update_date":"2026-04-30T02:03:55","calc_backorders":-4,"acf":[],"yoast_head":"<!-- This site is optimized with the Yoast SEO plugin v27.5 - https:\/\/yoast.com\/product\/yoast-seo-wordpress\/ -->\n<title>Evil Dead 2: Book of the Dead Necronomicon | Mad About Horror<\/title>\n<meta name=\"description\" content=\"Official Evil Dead 2: Book of the Dead Necronomicon Prop by Trick or Treat Studios. Available to buy online from Mad About Horror or call 01482 935936.\" \/>\n<meta name=\"robots\" content=\"index, follow, max-snippet:-1, max-image-preview:large, max-video-preview:-1\" \/>\n<link rel=\"canonical\" href=\"https:\/\/madabouthorror.co.uk\/fr\/product\/evil-dead-2-book-of-the-dead-necronomicon\/\" \/>\n<meta property=\"og:locale\" content=\"fr_FR\" \/>\n<meta property=\"og:type\" content=\"article\" \/>\n<meta property=\"og:title\" content=\"Evil Dead 2: Book of the Dead Necronomicon | Mad About Horror\" \/>\n<meta property=\"og:description\" content=\"Official Evil Dead 2: Book of the Dead Necronomicon Prop by Trick or Treat Studios. Available to buy online from Mad About Horror or call 01482 935936.\" \/>\n<meta property=\"og:url\" content=\"https:\/\/madabouthorror.co.uk\/fr\/product\/evil-dead-2-book-of-the-dead-necronomicon\/\" \/>\n<meta property=\"og:site_name\" content=\"Mad About Horror\" \/>\n<meta property=\"article:publisher\" content=\"https:\/\/www.facebook.com\/madabouthorror\/\" \/>\n<meta property=\"article:modified_time\" content=\"2026-04-22T14:23:34+00:00\" \/>\n<meta property=\"og:image\" content=\"https:\/\/madabouthorror.co.uk\/wp-content\/uploads\/2019\/05\/119002532_3.jpg\" \/>\n\t<meta property=\"og:image:width\" content=\"1000\" \/>\n\t<meta property=\"og:image:height\" content=\"1000\" \/>\n\t<meta property=\"og:image:type\" content=\"image\/jpeg\" \/>\n<meta name=\"twitter:card\" content=\"summary_large_image\" \/>\n<meta name=\"twitter:label1\" content=\"Dur\u00e9e de lecture estim\u00e9e\" \/>\n\t<meta name=\"twitter:data1\" content=\"1 minute\" \/>\n<script type=\"application\/ld+json\" class=\"yoast-schema-graph\">{\"@context\":\"https:\\\/\\\/schema.org\",\"@graph\":[{\"@type\":[\"WebPage\",\"ItemPage\"],\"@id\":\"https:\\\/\\\/madabouthorror.co.uk\\\/product\\\/evil-dead-2-book-of-the-dead-necronomicon\\\/\",\"url\":\"https:\\\/\\\/madabouthorror.co.uk\\\/product\\\/evil-dead-2-book-of-the-dead-necronomicon\\\/\",\"name\":\"Evil Dead 2: Book of the Dead Necronomicon | Mad About Horror\",\"isPartOf\":{\"@id\":\"https:\\\/\\\/madabouthorror.co.uk\\\/#website\"},\"primaryImageOfPage\":{\"@id\":\"https:\\\/\\\/madabouthorror.co.uk\\\/product\\\/evil-dead-2-book-of-the-dead-necronomicon\\\/#primaryimage\"},\"image\":{\"@id\":\"https:\\\/\\\/madabouthorror.co.uk\\\/product\\\/evil-dead-2-book-of-the-dead-necronomicon\\\/#primaryimage\"},\"thumbnailUrl\":\"https:\\\/\\\/madabouthorror.co.uk\\\/wp-content\\\/uploads\\\/2019\\\/05\\\/119002532_3.jpg\",\"datePublished\":\"2019-05-08T14:38:54+00:00\",\"dateModified\":\"2026-04-22T14:23:34+00:00\",\"description\":\"Official Evil Dead 2: Book of the Dead Necronomicon Prop by Trick or Treat Studios. Available to buy online from Mad About Horror or call 01482 935936.\",\"breadcrumb\":{\"@id\":\"https:\\\/\\\/madabouthorror.co.uk\\\/product\\\/evil-dead-2-book-of-the-dead-necronomicon\\\/#breadcrumb\"},\"inLanguage\":\"fr-FR\",\"potentialAction\":[{\"@type\":\"ReadAction\",\"target\":[\"https:\\\/\\\/madabouthorror.co.uk\\\/product\\\/evil-dead-2-book-of-the-dead-necronomicon\\\/\"]}]},{\"@type\":\"ImageObject\",\"inLanguage\":\"fr-FR\",\"@id\":\"https:\\\/\\\/madabouthorror.co.uk\\\/product\\\/evil-dead-2-book-of-the-dead-necronomicon\\\/#primaryimage\",\"url\":\"https:\\\/\\\/madabouthorror.co.uk\\\/wp-content\\\/uploads\\\/2019\\\/05\\\/119002532_3.jpg\",\"contentUrl\":\"https:\\\/\\\/madabouthorror.co.uk\\\/wp-content\\\/uploads\\\/2019\\\/05\\\/119002532_3.jpg\",\"width\":1000,\"height\":1000,\"caption\":\"Evil Dead 2: Book of the Dead Necronomicon -0\"},{\"@type\":\"BreadcrumbList\",\"@id\":\"https:\\\/\\\/madabouthorror.co.uk\\\/product\\\/evil-dead-2-book-of-the-dead-necronomicon\\\/#breadcrumb\",\"itemListElement\":[{\"@type\":\"ListItem\",\"position\":1,\"name\":\"Shop\",\"item\":\"https:\\\/\\\/madabouthorror.co.uk\\\/shop\\\/\"},{\"@type\":\"ListItem\",\"position\":2,\"name\":\"Evil Dead 2: Book of the Dead Necronomicon Prop with Printed Pages\"}]},{\"@type\":\"WebSite\",\"@id\":\"https:\\\/\\\/madabouthorror.co.uk\\\/#website\",\"url\":\"https:\\\/\\\/madabouthorror.co.uk\\\/\",\"name\":\"Mad About Horror\",\"description\":\"\",\"publisher\":{\"@id\":\"https:\\\/\\\/madabouthorror.co.uk\\\/#organization\"},\"alternateName\":\"Mad About Horror Limited\",\"potentialAction\":[{\"@type\":\"SearchAction\",\"target\":{\"@type\":\"EntryPoint\",\"urlTemplate\":\"https:\\\/\\\/madabouthorror.co.uk\\\/?s={search_term_string}\"},\"query-input\":{\"@type\":\"PropertyValueSpecification\",\"valueRequired\":true,\"valueName\":\"search_term_string\"}}],\"inLanguage\":\"fr-FR\"},{\"@type\":\"Organization\",\"@id\":\"https:\\\/\\\/madabouthorror.co.uk\\\/#organization\",\"name\":\"Mad About Horror\",\"url\":\"https:\\\/\\\/madabouthorror.co.uk\\\/\",\"logo\":{\"@type\":\"ImageObject\",\"inLanguage\":\"fr-FR\",\"@id\":\"https:\\\/\\\/madabouthorror.co.uk\\\/#\\\/schema\\\/logo\\\/image\\\/\",\"url\":\"https:\\\/\\\/madabouthorror.co.uk\\\/wp-content\\\/uploads\\\/2024\\\/02\\\/cropped-Logo.png\",\"contentUrl\":\"https:\\\/\\\/madabouthorror.co.uk\\\/wp-content\\\/uploads\\\/2024\\\/02\\\/cropped-Logo.png\",\"width\":240,\"height\":88,\"caption\":\"Mad About Horror\"},\"image\":{\"@id\":\"https:\\\/\\\/madabouthorror.co.uk\\\/#\\\/schema\\\/logo\\\/image\\\/\"},\"sameAs\":[\"https:\\\/\\\/www.facebook.com\\\/madabouthorror\\\/\",\"https:\\\/\\\/www.instagram.com\\\/madabouthorror\\\/\",\"https:\\\/\\\/www.pinterest.co.uk\\\/madabouthorror\\\/\",\"https:\\\/\\\/www.youtube.com\\\/channel\\\/UCBooLOIxjoQ89dj6T5lWm_w\",\"https:\\\/\\\/www.tiktok.com\\\/@weremadabouthorror\"]}]}<\/script>\n<!-- \/ Yoast SEO plugin. -->","yoast_head_json":{"title":"Evil Dead 2 : Le Livre des Morts Necronomicon | Mad About Horror","description":"Accessoire officiel Evil Dead 2 : Book of the Dead Necronomicon par Trick or Treat Studios. Disponible \u00e0 l'achat en ligne aupr\u00e8s de Mad About Horror ou en appelant le 01482 935936.","robots":{"index":"index","follow":"follow","max-snippet":"max-snippet:-1","max-image-preview":"max-image-preview:large","max-video-preview":"max-video-preview:-1"},"canonical":"https:\/\/madabouthorror.co.uk\/fr\/product\/evil-dead-2-book-of-the-dead-necronomicon\/","og_locale":"fr_FR","og_type":"article","og_title":"Evil Dead 2: Book of the Dead Necronomicon | Mad About Horror","og_description":"Official Evil Dead 2: Book of the Dead Necronomicon Prop by Trick or Treat Studios. Available to buy online from Mad About Horror or call 01482 935936.","og_url":"https:\/\/madabouthorror.co.uk\/fr\/product\/evil-dead-2-book-of-the-dead-necronomicon\/","og_site_name":"Mad About Horror","article_publisher":"https:\/\/www.facebook.com\/madabouthorror\/","article_modified_time":"2026-04-22T14:23:34+00:00","og_image":[{"width":1000,"height":1000,"url":"https:\/\/madabouthorror.co.uk\/wp-content\/uploads\/2019\/05\/119002532_3.jpg","type":"image\/jpeg"}],"twitter_card":"summary_large_image","twitter_misc":{"Dur\u00e9e de lecture estim\u00e9e":"1 minute"},"schema":{"@context":"https:\/\/schema.org","@graph":[{"@type":["WebPage","ItemPage"],"@id":"https:\/\/madabouthorror.co.uk\/product\/evil-dead-2-book-of-the-dead-necronomicon\/","url":"https:\/\/madabouthorror.co.uk\/product\/evil-dead-2-book-of-the-dead-necronomicon\/","name":"Evil Dead 2 : Le Livre des Morts Necronomicon | Mad About Horror","isPartOf":{"@id":"https:\/\/madabouthorror.co.uk\/#website"},"primaryImageOfPage":{"@id":"https:\/\/madabouthorror.co.uk\/product\/evil-dead-2-book-of-the-dead-necronomicon\/#primaryimage"},"image":{"@id":"https:\/\/madabouthorror.co.uk\/product\/evil-dead-2-book-of-the-dead-necronomicon\/#primaryimage"},"thumbnailUrl":"https:\/\/madabouthorror.co.uk\/wp-content\/uploads\/2019\/05\/119002532_3.jpg","datePublished":"2019-05-08T14:38:54+00:00","dateModified":"2026-04-22T14:23:34+00:00","description":"Accessoire officiel Evil Dead 2 : Book of the Dead Necronomicon par Trick or Treat Studios. Disponible \u00e0 l'achat en ligne aupr\u00e8s de Mad About Horror ou en appelant le 01482 935936.","breadcrumb":{"@id":"https:\/\/madabouthorror.co.uk\/product\/evil-dead-2-book-of-the-dead-necronomicon\/#breadcrumb"},"inLanguage":"fr-FR","potentialAction":[{"@type":"ReadAction","target":["https:\/\/madabouthorror.co.uk\/product\/evil-dead-2-book-of-the-dead-necronomicon\/"]}]},{"@type":"ImageObject","inLanguage":"fr-FR","@id":"https:\/\/madabouthorror.co.uk\/product\/evil-dead-2-book-of-the-dead-necronomicon\/#primaryimage","url":"https:\/\/madabouthorror.co.uk\/wp-content\/uploads\/2019\/05\/119002532_3.jpg","contentUrl":"https:\/\/madabouthorror.co.uk\/wp-content\/uploads\/2019\/05\/119002532_3.jpg","width":1000,"height":1000,"caption":"Evil Dead 2: Book of the Dead Necronomicon -0"},{"@type":"BreadcrumbList","@id":"https:\/\/madabouthorror.co.uk\/product\/evil-dead-2-book-of-the-dead-necronomicon\/#breadcrumb","itemListElement":[{"@type":"ListItem","position":1,"name":"Shop","item":"https:\/\/madabouthorror.co.uk\/shop\/"},{"@type":"ListItem","position":2,"name":"Evil Dead 2: Book of the Dead Necronomicon Prop with Printed Pages"}]},{"@type":"WebSite","@id":"https:\/\/madabouthorror.co.uk\/#website","url":"https:\/\/madabouthorror.co.uk\/","name":"L'horreur en folie","description":"","publisher":{"@id":"https:\/\/madabouthorror.co.uk\/#organization"},"alternateName":"Mad About Horror Limited","potentialAction":[{"@type":"SearchAction","target":{"@type":"EntryPoint","urlTemplate":"https:\/\/madabouthorror.co.uk\/?s={search_term_string}"},"query-input":{"@type":"PropertyValueSpecification","valueRequired":true,"valueName":"search_term_string"}}],"inLanguage":"fr-FR"},{"@type":"Organization","@id":"https:\/\/madabouthorror.co.uk\/#organization","name":"L'horreur en folie","url":"https:\/\/madabouthorror.co.uk\/","logo":{"@type":"ImageObject","inLanguage":"fr-FR","@id":"https:\/\/madabouthorror.co.uk\/#\/schema\/logo\/image\/","url":"https:\/\/madabouthorror.co.uk\/wp-content\/uploads\/2024\/02\/cropped-Logo.png","contentUrl":"https:\/\/madabouthorror.co.uk\/wp-content\/uploads\/2024\/02\/cropped-Logo.png","width":240,"height":88,"caption":"Mad About Horror"},"image":{"@id":"https:\/\/madabouthorror.co.uk\/#\/schema\/logo\/image\/"},"sameAs":["https:\/\/www.facebook.com\/madabouthorror\/","https:\/\/www.instagram.com\/madabouthorror\/","https:\/\/www.pinterest.co.uk\/madabouthorror\/","https:\/\/www.youtube.com\/channel\/UCBooLOIxjoQ89dj6T5lWm_w","https:\/\/www.tiktok.com\/@weremadabouthorror"]}]}},"df_price":109.95,"df_sale_price":"","df_regular_price":109.95,"df_image_link":"https:\/\/madabouthorror.co.uk\/wp-content\/uploads\/2019\/05\/119002532_3-300x300.jpg","_links":{"self":[{"href":"https:\/\/madabouthorror.co.uk\/fr\/wp-json\/wp\/v2\/product\/41930","targetHints":{"allow":["GET"]}}],"collection":[{"href":"https:\/\/madabouthorror.co.uk\/fr\/wp-json\/wp\/v2\/product"}],"about":[{"href":"https:\/\/madabouthorror.co.uk\/fr\/wp-json\/wp\/v2\/types\/product"}],"replies":[{"embeddable":true,"href":"https:\/\/madabouthorror.co.uk\/fr\/wp-json\/wp\/v2\/comments?post=41930"}],"wp:featuredmedia":[{"embeddable":true,"href":"https:\/\/madabouthorror.co.uk\/fr\/wp-json\/wp\/v2\/media\/41927"}],"wp:attachment":[{"href":"https:\/\/madabouthorror.co.uk\/fr\/wp-json\/wp\/v2\/media?parent=41930"}],"wp:term":[{"taxonomy":"product_brand","embeddable":true,"href":"https:\/\/madabouthorror.co.uk\/fr\/wp-json\/wp\/v2\/product_brand?post=41930"},{"taxonomy":"product_cat","embeddable":true,"href":"https:\/\/madabouthorror.co.uk\/fr\/wp-json\/wp\/v2\/product_cat?post=41930"},{"taxonomy":"product_tag","embeddable":true,"href":"https:\/\/madabouthorror.co.uk\/fr\/wp-json\/wp\/v2\/product_tag?post=41930"}],"curies":[{"name":"wp","href":"https:\/\/api.w.org\/{rel}","templated":true}]}}