{"id":42023,"date":"2025-01-27T11:16:53","date_gmt":"2025-01-27T11:16:53","guid":{"rendered":"https:\/\/mah.6bdv.ws\/product\/animated-cagey-the-clown-with-caged-girl\/"},"modified":"2026-04-29T15:54:57","modified_gmt":"2026-04-29T14:54:57","slug":"animated-cagey-the-clown-with-caged-girl","status":"publish","type":"product","link":"https:\/\/madabouthorror.co.uk\/fr\/product\/animated-cagey-the-clown-with-caged-girl\/","title":{"rendered":"Anim\u00e9 Cagey le clown avec la fille en cage"},"content":{"rendered":"<p>2m13 !<\/p>\n<p>Si votre enfant n'avait pas peur des clowns auparavant, cet individu pourrait faire l'affaire : Cagey le Clown ! Dot\u00e9 d'une structure m\u00e9tallique facile \u00e0 assembler, de cheveux fonc\u00e9s faciles \u00e0 assembler, de cheveux boucl\u00e9s orange fonc\u00e9 et portant un costume sale et ancien avec des accents rouges et de grandes chaussures de clown bordeaux, cette imposante cr\u00e9ature anim\u00e9e de 2 m\u00e8tres de haut tient une grande cage avec un enfant hurlant \u00e0 l'int\u00e9rieur \u2013 il adore rire et manger les enfants !<\/p>\n<p>Branchez l'adaptateur secteur UL dans n'importe quelle prise standard et choisissez parmi les options d'activation : Marche continue, Capteur infrarouge ou P\u00e9dale (incluse) pour le faire fonctionner. Une fois activ\u00e9, les yeux de Cagey le Clown brilleront d'une joie surnaturelle et sa t\u00eate et son torse tourneront de gauche \u00e0 droite tout en pronon\u00e7ant l'une des 6 phrases terrifiantes, pendant que l'enfant crie et se d\u00e9bat.<\/p>\n<p>Le capteur infrarouge fonctionne jusqu'\u00e0 2 m\u00e8tres de distance et fonctionne dans toutes les conditions d'\u00e9clairage, de la lumi\u00e8re vive \u00e0 l'obscurit\u00e9 totale ! L'article comprend un contr\u00f4le du volume.<\/p>\n<p>P\u00f4les faciles \u00e0 assembler \u00e0 connexion rapide. Assemblage requis. Utilisation int\u00e9rieure ou sur un porche couvert uniquement.<\/p>\n<p>Comprend le coussin d'activation Step Here.<\/p>\n<p><b>Fourni avec un adaptateur secteur britannique<\/b>. <i>N'utilisez que l'adaptateur d'alimentation fourni, car les adaptateurs d'alimentation incorrects peuvent causer des dommages.<\/i><\/p>\n<div>\n<div><b>Pour le porche couvert ou l'int\u00e9rieur.<\/b> <i>Prot\u00e9ger des intemp\u00e9ries en cas d'utilisation \u00e0 l'ext\u00e9rieur et ne pas laisser \u00e0 l'ext\u00e9rieur pendant des p\u00e9riodes prolong\u00e9es.<\/i><\/div>\n<div><\/div>\n<div><b>A noter :<\/b><i> Ces accessoires ne sont pas recommand\u00e9s pour un usage commercial intensif, c'est-\u00e0-dire qu'ils ne doivent pas \u00eatre utilis\u00e9s pendant des p\u00e9riodes prolong\u00e9es, c'est-\u00e0-dire plusieurs jours d'affil\u00e9e. Ils sont con\u00e7us pour \u00eatre utilis\u00e9s \u00e0 l'occasion d'Halloween. Si vous avez des questions \u00e0 ce sujet, n'h\u00e9sitez pas \u00e0 les poser.<\/i><\/div>\n<\/div>\n<p>&nbsp;<\/p>","protected":false},"excerpt":{"rendered":"<p>7 pieds de haut ! Si votre enfant n'avait pas peur des clowns avant, celui-ci pourrait bien faire l'affaire : Cagey le Clown ! Dot\u00e9 d'une structure m\u00e9tallique facile \u00e0 assembler, de cheveux ch\u00e2tain fonc\u00e9 en arri\u00e8re et portant un vieux costume sale avec des accents rouges et de grandes chaussures de clown bordeaux, ce terrifiant g\u00e9ant anim\u00e9 de 7 pieds de haut tient une grande cage avec [\u2026]<\/p>","protected":false},"featured_media":456298,"comment_status":"closed","ping_status":"closed","template":"","meta":{"_acf_changed":false},"product_brand":[],"product_cat":[10109,10068,10131,10158,10108,10093,10094,6547,6963,6967],"product_tag":[],"class_list":{"0":"post-42023","1":"product","2":"type-product","3":"status-publish","4":"has-post-thumbnail","6":"product_cat-clown-decorations","7":"product_cat-halloween-decorations-2025","8":"product_cat-halloween-gifts","9":"product_cat-in-stock-animatronics","10":"product_cat-light-up-halloween-decorations","11":"product_cat-indoor-halloween-decorations","12":"product_cat-outdoor-halloween-decorations","13":"product_cat-decorations","14":"product_cat-animatronics","15":"product_cat-clown-animatronics","16":"product_shipping_class-props","18":"first","19":"instock","20":"taxable","21":"shipping-taxable","22":"purchasable","23":"product-type-simple"},"supplier_id":467908,"supplier_sku":"MR124622","barcode":"842445130443","atum_controlled":true,"out_stock_date":null,"out_stock_threshold":null,"inheritable":false,"inbound_stock":12,"stock_on_hold":0,"sold_today":0,"sales_last_days":0,"reserved_stock":0,"customer_returns":0,"warehouse_damage":0,"lost_in_post":0,"other_logs":0,"out_stock_days":0,"lost_sales":0,"has_location":false,"update_date":"2026-05-05T00:25:26","atum_locations":[],"atum_stock_status":"instock","restock_status":false,"low_stock_amount":"","sales_update_date":"2026-05-05T00:25:25","calc_backorders":null,"acf":[],"yoast_head":"<!-- This site is optimized with the Yoast SEO plugin v27.5 - https:\/\/yoast.com\/product\/yoast-seo-wordpress\/ -->\n<title>Animated Clown Life Size Halloween Prop - Mad About Horror<\/title>\n<meta name=\"description\" content=\"Scary clown animated prop. BUY from the UK&#039;s leading Halloween &amp; Horror specialist. UK STOCK, Halloween prop imports from the US. Fast Delivery.\" \/>\n<meta name=\"robots\" content=\"index, follow, max-snippet:-1, max-image-preview:large, max-video-preview:-1\" \/>\n<link rel=\"canonical\" href=\"https:\/\/madabouthorror.co.uk\/fr\/product\/animated-cagey-the-clown-with-caged-girl\/\" \/>\n<meta property=\"og:locale\" content=\"fr_FR\" \/>\n<meta property=\"og:type\" content=\"article\" \/>\n<meta property=\"og:title\" content=\"Animated Clown Life Size Halloween Prop - Mad About Horror\" \/>\n<meta property=\"og:description\" content=\"Scary clown animated prop. BUY from the UK&#039;s leading Halloween &amp; Horror specialist. UK STOCK, Halloween prop imports from the US. Fast Delivery.\" \/>\n<meta property=\"og:url\" content=\"https:\/\/madabouthorror.co.uk\/fr\/product\/animated-cagey-the-clown-with-caged-girl\/\" \/>\n<meta property=\"og:site_name\" content=\"Mad About Horror\" \/>\n<meta property=\"article:publisher\" content=\"https:\/\/www.facebook.com\/madabouthorror\/\" \/>\n<meta property=\"article:modified_time\" content=\"2026-04-29T14:54:57+00:00\" \/>\n<meta property=\"og:image\" content=\"https:\/\/madabouthorror.co.uk\/wp-content\/uploads\/2019\/05\/cagey-the-clown-with-caged-kid.jpg\" \/>\n\t<meta property=\"og:image:width\" content=\"1500\" \/>\n\t<meta property=\"og:image:height\" content=\"1500\" \/>\n\t<meta property=\"og:image:type\" content=\"image\/jpeg\" \/>\n<meta name=\"twitter:card\" content=\"summary_large_image\" \/>\n<meta name=\"twitter:label1\" content=\"Dur\u00e9e de lecture estim\u00e9e\" \/>\n\t<meta name=\"twitter:data1\" content=\"2 minutes\" \/>\n<script type=\"application\/ld+json\" class=\"yoast-schema-graph\">{\"@context\":\"https:\\\/\\\/schema.org\",\"@graph\":[{\"@type\":[\"WebPage\",\"ItemPage\"],\"@id\":\"https:\\\/\\\/madabouthorror.co.uk\\\/product\\\/animated-cagey-the-clown-with-caged-girl\\\/\",\"url\":\"https:\\\/\\\/madabouthorror.co.uk\\\/product\\\/animated-cagey-the-clown-with-caged-girl\\\/\",\"name\":\"Animated Clown Life Size Halloween Prop - Mad About Horror\",\"isPartOf\":{\"@id\":\"https:\\\/\\\/madabouthorror.co.uk\\\/#website\"},\"primaryImageOfPage\":{\"@id\":\"https:\\\/\\\/madabouthorror.co.uk\\\/product\\\/animated-cagey-the-clown-with-caged-girl\\\/#primaryimage\"},\"image\":{\"@id\":\"https:\\\/\\\/madabouthorror.co.uk\\\/product\\\/animated-cagey-the-clown-with-caged-girl\\\/#primaryimage\"},\"thumbnailUrl\":\"https:\\\/\\\/madabouthorror.co.uk\\\/wp-content\\\/uploads\\\/2019\\\/05\\\/cagey-the-clown-with-caged-kid.jpg\",\"datePublished\":\"2025-01-27T11:16:53+00:00\",\"dateModified\":\"2026-04-29T14:54:57+00:00\",\"description\":\"Scary clown animated prop. BUY from the UK's leading Halloween & Horror specialist. UK STOCK, Halloween prop imports from the US. Fast Delivery.\",\"breadcrumb\":{\"@id\":\"https:\\\/\\\/madabouthorror.co.uk\\\/product\\\/animated-cagey-the-clown-with-caged-girl\\\/#breadcrumb\"},\"inLanguage\":\"fr-FR\",\"potentialAction\":[{\"@type\":\"ReadAction\",\"target\":[\"https:\\\/\\\/madabouthorror.co.uk\\\/product\\\/animated-cagey-the-clown-with-caged-girl\\\/\"]}]},{\"@type\":\"ImageObject\",\"inLanguage\":\"fr-FR\",\"@id\":\"https:\\\/\\\/madabouthorror.co.uk\\\/product\\\/animated-cagey-the-clown-with-caged-girl\\\/#primaryimage\",\"url\":\"https:\\\/\\\/madabouthorror.co.uk\\\/wp-content\\\/uploads\\\/2019\\\/05\\\/cagey-the-clown-with-caged-kid.jpg\",\"contentUrl\":\"https:\\\/\\\/madabouthorror.co.uk\\\/wp-content\\\/uploads\\\/2019\\\/05\\\/cagey-the-clown-with-caged-kid.jpg\",\"width\":1500,\"height\":1500,\"caption\":\"Halloween animated prop Cagey the Clown with Kid\"},{\"@type\":\"BreadcrumbList\",\"@id\":\"https:\\\/\\\/madabouthorror.co.uk\\\/product\\\/animated-cagey-the-clown-with-caged-girl\\\/#breadcrumb\",\"itemListElement\":[{\"@type\":\"ListItem\",\"position\":1,\"name\":\"Shop\",\"item\":\"https:\\\/\\\/madabouthorror.co.uk\\\/shop\\\/\"},{\"@type\":\"ListItem\",\"position\":2,\"name\":\"Animated Cagey the Clown with Caged Girl\"}]},{\"@type\":\"WebSite\",\"@id\":\"https:\\\/\\\/madabouthorror.co.uk\\\/#website\",\"url\":\"https:\\\/\\\/madabouthorror.co.uk\\\/\",\"name\":\"Mad About Horror\",\"description\":\"\",\"publisher\":{\"@id\":\"https:\\\/\\\/madabouthorror.co.uk\\\/#organization\"},\"alternateName\":\"Mad About Horror Limited\",\"potentialAction\":[{\"@type\":\"SearchAction\",\"target\":{\"@type\":\"EntryPoint\",\"urlTemplate\":\"https:\\\/\\\/madabouthorror.co.uk\\\/?s={search_term_string}\"},\"query-input\":{\"@type\":\"PropertyValueSpecification\",\"valueRequired\":true,\"valueName\":\"search_term_string\"}}],\"inLanguage\":\"fr-FR\"},{\"@type\":\"Organization\",\"@id\":\"https:\\\/\\\/madabouthorror.co.uk\\\/#organization\",\"name\":\"Mad About Horror\",\"url\":\"https:\\\/\\\/madabouthorror.co.uk\\\/\",\"logo\":{\"@type\":\"ImageObject\",\"inLanguage\":\"fr-FR\",\"@id\":\"https:\\\/\\\/madabouthorror.co.uk\\\/#\\\/schema\\\/logo\\\/image\\\/\",\"url\":\"https:\\\/\\\/madabouthorror.co.uk\\\/wp-content\\\/uploads\\\/2024\\\/02\\\/cropped-Logo.png\",\"contentUrl\":\"https:\\\/\\\/madabouthorror.co.uk\\\/wp-content\\\/uploads\\\/2024\\\/02\\\/cropped-Logo.png\",\"width\":240,\"height\":88,\"caption\":\"Mad About Horror\"},\"image\":{\"@id\":\"https:\\\/\\\/madabouthorror.co.uk\\\/#\\\/schema\\\/logo\\\/image\\\/\"},\"sameAs\":[\"https:\\\/\\\/www.facebook.com\\\/madabouthorror\\\/\",\"https:\\\/\\\/www.instagram.com\\\/madabouthorror\\\/\",\"https:\\\/\\\/www.pinterest.co.uk\\\/madabouthorror\\\/\",\"https:\\\/\\\/www.youtube.com\\\/channel\\\/UCBooLOIxjoQ89dj6T5lWm_w\",\"https:\\\/\\\/www.tiktok.com\\\/@weremadabouthorror\"]}]}<\/script>\n<!-- \/ Yoast SEO plugin. -->","yoast_head_json":{"title":"Accessoire d'Halloween anim\u00e9 grandeur nature de clown - Mad About Horror","description":"Accessoire anim\u00e9 de clown effrayant. ACHETEZ aupr\u00e8s du premier sp\u00e9cialiste britannique de l'Halloween et de l'horreur. STOCK AU ROYAUME-UNI, importations d'accessoires d'Halloween des \u00c9tats-Unis. Livraison rapide.","robots":{"index":"index","follow":"follow","max-snippet":"max-snippet:-1","max-image-preview":"max-image-preview:large","max-video-preview":"max-video-preview:-1"},"canonical":"https:\/\/madabouthorror.co.uk\/fr\/product\/animated-cagey-the-clown-with-caged-girl\/","og_locale":"fr_FR","og_type":"article","og_title":"Animated Clown Life Size Halloween Prop - Mad About Horror","og_description":"Scary clown animated prop. BUY from the UK's leading Halloween & Horror specialist. UK STOCK, Halloween prop imports from the US. Fast Delivery.","og_url":"https:\/\/madabouthorror.co.uk\/fr\/product\/animated-cagey-the-clown-with-caged-girl\/","og_site_name":"Mad About Horror","article_publisher":"https:\/\/www.facebook.com\/madabouthorror\/","article_modified_time":"2026-04-29T14:54:57+00:00","og_image":[{"width":1500,"height":1500,"url":"https:\/\/madabouthorror.co.uk\/wp-content\/uploads\/2019\/05\/cagey-the-clown-with-caged-kid.jpg","type":"image\/jpeg"}],"twitter_card":"summary_large_image","twitter_misc":{"Dur\u00e9e de lecture estim\u00e9e":"2 minutes"},"schema":{"@context":"https:\/\/schema.org","@graph":[{"@type":["WebPage","ItemPage"],"@id":"https:\/\/madabouthorror.co.uk\/product\/animated-cagey-the-clown-with-caged-girl\/","url":"https:\/\/madabouthorror.co.uk\/product\/animated-cagey-the-clown-with-caged-girl\/","name":"Accessoire d'Halloween anim\u00e9 grandeur nature de clown - Mad About Horror","isPartOf":{"@id":"https:\/\/madabouthorror.co.uk\/#website"},"primaryImageOfPage":{"@id":"https:\/\/madabouthorror.co.uk\/product\/animated-cagey-the-clown-with-caged-girl\/#primaryimage"},"image":{"@id":"https:\/\/madabouthorror.co.uk\/product\/animated-cagey-the-clown-with-caged-girl\/#primaryimage"},"thumbnailUrl":"https:\/\/madabouthorror.co.uk\/wp-content\/uploads\/2019\/05\/cagey-the-clown-with-caged-kid.jpg","datePublished":"2025-01-27T11:16:53+00:00","dateModified":"2026-04-29T14:54:57+00:00","description":"Accessoire anim\u00e9 de clown effrayant. ACHETEZ aupr\u00e8s du premier sp\u00e9cialiste britannique de l'Halloween et de l'horreur. STOCK AU ROYAUME-UNI, importations d'accessoires d'Halloween des \u00c9tats-Unis. Livraison rapide.","breadcrumb":{"@id":"https:\/\/madabouthorror.co.uk\/product\/animated-cagey-the-clown-with-caged-girl\/#breadcrumb"},"inLanguage":"fr-FR","potentialAction":[{"@type":"ReadAction","target":["https:\/\/madabouthorror.co.uk\/product\/animated-cagey-the-clown-with-caged-girl\/"]}]},{"@type":"ImageObject","inLanguage":"fr-FR","@id":"https:\/\/madabouthorror.co.uk\/product\/animated-cagey-the-clown-with-caged-girl\/#primaryimage","url":"https:\/\/madabouthorror.co.uk\/wp-content\/uploads\/2019\/05\/cagey-the-clown-with-caged-kid.jpg","contentUrl":"https:\/\/madabouthorror.co.uk\/wp-content\/uploads\/2019\/05\/cagey-the-clown-with-caged-kid.jpg","width":1500,"height":1500,"caption":"Halloween animated prop Cagey the Clown with Kid"},{"@type":"BreadcrumbList","@id":"https:\/\/madabouthorror.co.uk\/product\/animated-cagey-the-clown-with-caged-girl\/#breadcrumb","itemListElement":[{"@type":"ListItem","position":1,"name":"Shop","item":"https:\/\/madabouthorror.co.uk\/shop\/"},{"@type":"ListItem","position":2,"name":"Animated Cagey the Clown with Caged Girl"}]},{"@type":"WebSite","@id":"https:\/\/madabouthorror.co.uk\/#website","url":"https:\/\/madabouthorror.co.uk\/","name":"L'horreur en folie","description":"","publisher":{"@id":"https:\/\/madabouthorror.co.uk\/#organization"},"alternateName":"Mad About Horror Limited","potentialAction":[{"@type":"SearchAction","target":{"@type":"EntryPoint","urlTemplate":"https:\/\/madabouthorror.co.uk\/?s={search_term_string}"},"query-input":{"@type":"PropertyValueSpecification","valueRequired":true,"valueName":"search_term_string"}}],"inLanguage":"fr-FR"},{"@type":"Organization","@id":"https:\/\/madabouthorror.co.uk\/#organization","name":"L'horreur en folie","url":"https:\/\/madabouthorror.co.uk\/","logo":{"@type":"ImageObject","inLanguage":"fr-FR","@id":"https:\/\/madabouthorror.co.uk\/#\/schema\/logo\/image\/","url":"https:\/\/madabouthorror.co.uk\/wp-content\/uploads\/2024\/02\/cropped-Logo.png","contentUrl":"https:\/\/madabouthorror.co.uk\/wp-content\/uploads\/2024\/02\/cropped-Logo.png","width":240,"height":88,"caption":"Mad About Horror"},"image":{"@id":"https:\/\/madabouthorror.co.uk\/#\/schema\/logo\/image\/"},"sameAs":["https:\/\/www.facebook.com\/madabouthorror\/","https:\/\/www.instagram.com\/madabouthorror\/","https:\/\/www.pinterest.co.uk\/madabouthorror\/","https:\/\/www.youtube.com\/channel\/UCBooLOIxjoQ89dj6T5lWm_w","https:\/\/www.tiktok.com\/@weremadabouthorror"]}]}},"df_price":449.95,"df_sale_price":"","df_regular_price":449.95,"df_image_link":"https:\/\/madabouthorror.co.uk\/wp-content\/uploads\/2019\/05\/cagey-the-clown-with-caged-kid-300x300.jpg","_links":{"self":[{"href":"https:\/\/madabouthorror.co.uk\/fr\/wp-json\/wp\/v2\/product\/42023","targetHints":{"allow":["GET"]}}],"collection":[{"href":"https:\/\/madabouthorror.co.uk\/fr\/wp-json\/wp\/v2\/product"}],"about":[{"href":"https:\/\/madabouthorror.co.uk\/fr\/wp-json\/wp\/v2\/types\/product"}],"replies":[{"embeddable":true,"href":"https:\/\/madabouthorror.co.uk\/fr\/wp-json\/wp\/v2\/comments?post=42023"}],"wp:featuredmedia":[{"embeddable":true,"href":"https:\/\/madabouthorror.co.uk\/fr\/wp-json\/wp\/v2\/media\/456298"}],"wp:attachment":[{"href":"https:\/\/madabouthorror.co.uk\/fr\/wp-json\/wp\/v2\/media?parent=42023"}],"wp:term":[{"taxonomy":"product_brand","embeddable":true,"href":"https:\/\/madabouthorror.co.uk\/fr\/wp-json\/wp\/v2\/product_brand?post=42023"},{"taxonomy":"product_cat","embeddable":true,"href":"https:\/\/madabouthorror.co.uk\/fr\/wp-json\/wp\/v2\/product_cat?post=42023"},{"taxonomy":"product_tag","embeddable":true,"href":"https:\/\/madabouthorror.co.uk\/fr\/wp-json\/wp\/v2\/product_tag?post=42023"}],"curies":[{"name":"wp","href":"https:\/\/api.w.org\/{rel}","templated":true}]}}