{"id":42234,"date":"2019-07-10T18:13:24","date_gmt":"2019-07-10T17:13:24","guid":{"rendered":"https:\/\/mah.6bdv.ws\/product\/twilight-zone-talky-tina-doll\/"},"modified":"2026-04-24T18:03:13","modified_gmt":"2026-04-24T17:03:13","slug":"twilight-zone-talky-tina-doll","status":"publish","type":"product","link":"https:\/\/madabouthorror.co.uk\/fr\/product\/twilight-zone-talky-tina-doll\/","title":{"rendered":"Twilight Zone - Talky Tina Doll"},"content":{"rendered":"<p>Les probl\u00e8mes d'une famille dysfonctionnelle s'aggravent lorsque la poup\u00e9e de l'enfant s'av\u00e8re non seulement sensible mais aussi mal\u00e9fique. Living Doll est le 126e \u00e9pisode de The Twilight Zone et sans doute l'\u00e9pisode le plus c\u00e9l\u00e8bre gr\u00e2ce \u00e0 la star de l'\u00e9pisode, la poup\u00e9e vivante, Talky Tina. Vous avez maintenant la possibilit\u00e9 de poss\u00e9der votre propre poup\u00e9e Talky Tina.<\/p>\n<p>Sculpt\u00e9 par Mark Anthony.<\/p>\n<p>La poup\u00e9e Talky Tina de Twilight Zone \u00e0 l'\u00e9chelle 1:1, sous licence officielle, est la poup\u00e9e Talky Tina la plus fid\u00e8le \u00e0 l'\u00e9cran jamais produite. Chaque d\u00e9tail de Talky Tina est inclus dans cette incroyable poup\u00e9e.<\/p>\n<p>La t\u00eate et le corps de la poup\u00e9e sont en vinyle pour une durabilit\u00e9 maximale et des couleurs pr\u00e9cises. Les bras, les jambes et la t\u00eate bougent pour que vous puissiez poser Talky Tina comme vous le souhaitez. Les v\u00eatements sont fabriqu\u00e9s \u00e0 partir d'un m\u00e9lange \u00e9pais de polyester et de coton et sont identiques \u00e0 ceux de la poup\u00e9e utilis\u00e9e \u00e0 l'\u00e9cran. Et tout comme la poup\u00e9e utilis\u00e9e \u00e0 l'\u00e9cran, Talky Tina mesure 21\u2033.<\/p>\n<p>De plus, Talky Tina parle et dit toutes les phrases de l'\u00e9pisode :<\/p>\n<p>Je m'appelle Talky Tina et je t'aime beaucoup.<br \/>\nJe m'appelle Talky Tina et je ne crois pas que je t'aime bien.<br \/>\nJe m'appelle Talky Tina et je pense que je pourrais m\u00eame vous d\u00e9tester.<br \/>\nJe m'appelle Talky Tina et je commence \u00e0 te d\u00e9tester.<br \/>\nJe pourrais te faire du mal.<br \/>\nJe m'appelle Talky Tina et je ne te pardonne pas.<br \/>\nJe t'avais dit que tu le regretterais.<br \/>\nVous mourrez.<br \/>\nJe peux le supporter si vous le pouvez.<br \/>\nJe m'appelle Talky Tina et je vais te tuer.<br \/>\nJe m'appelle Talky Tina et tu ferais mieux d'\u00eatre gentille avec moi.<\/p>\n<p>La poup\u00e9e est livr\u00e9e dans une magnifique bo\u00eete de collection \u00e0 fen\u00eatre.<\/p>\n<p><em>2017 CBS Television. Tous droits r\u00e9serv\u00e9s.<\/em><\/p>\n<p>&nbsp;<\/p>","protected":false},"excerpt":{"rendered":"<p>Les probl\u00e8mes d'une famille dysfonctionnelle s'aggravent lorsque la poup\u00e9e de l'enfant s'av\u00e8re non seulement sensible mais aussi mal\u00e9fique. Living Doll est le 126e \u00e9pisode de The Twilight Zone et sans doute l'\u00e9pisode le plus c\u00e9l\u00e8bre gr\u00e2ce \u00e0 la star de l'\u00e9pisode, la poup\u00e9e vivante, Talky Tina. Vous avez maintenant l'occasion de poss\u00e9der [...]<\/p>","protected":false},"featured_media":492056,"comment_status":"closed","ping_status":"closed","template":"","meta":{"_acf_changed":false},"product_brand":[],"product_cat":[10129,10076,10093,9946,6537,10107,10038,6547,6728,6792,6711],"product_tag":[],"class_list":{"0":"post-42234","1":"product","2":"type-product","3":"status-publish","4":"has-post-thumbnail","6":"product_cat-main-gift","7":"product_cat-replica-dolls-props","8":"product_cat-indoor-halloween-decorations","9":"product_cat-replica-dolls","10":"product_cat-collectibles","11":"product_cat-licensed-halloween-decorations","12":"product_cat-horror-gifts","13":"product_cat-decorations","14":"product_cat-premium","15":"product_cat-trick-or-treat-studios","16":"product_cat-thetwilightzone","17":"product_shipping_class-oversize-for-post","19":"first","20":"outofstock","21":"taxable","22":"shipping-taxable","23":"purchasable","24":"product-type-simple"},"supplier_id":467429,"supplier_sku":"MACBS101","barcode":"811501031086","atum_controlled":true,"out_stock_date":"2026-04-10 10:22:00","out_stock_threshold":null,"inheritable":false,"inbound_stock":1,"stock_on_hold":0,"sold_today":0,"sales_last_days":1,"reserved_stock":0,"customer_returns":0,"warehouse_damage":0,"lost_in_post":0,"other_logs":0,"out_stock_days":21,"lost_sales":809,"has_location":false,"update_date":"2026-05-02T01:58:27","atum_locations":[],"atum_stock_status":"outofstock","restock_status":false,"low_stock_amount":2,"sales_update_date":"2026-05-02T01:58:26","calc_backorders":null,"acf":[],"yoast_head":"<!-- This site is optimized with the Yoast SEO plugin v27.5 - https:\/\/yoast.com\/product\/yoast-seo-wordpress\/ -->\n<title>Twilight Zone - Talky Tina Doll | Mad About Horror<\/title>\n<meta name=\"description\" content=\"Officially licensed Twilight Zone - Talky Tina Doll by Trick or Treat Studios. Available to buy online from Mad About Horror or call 01482 935936.\" \/>\n<meta name=\"robots\" content=\"index, follow, max-snippet:-1, max-image-preview:large, max-video-preview:-1\" \/>\n<link rel=\"canonical\" href=\"https:\/\/madabouthorror.co.uk\/fr\/product\/twilight-zone-talky-tina-doll\/\" \/>\n<meta property=\"og:locale\" content=\"fr_FR\" \/>\n<meta property=\"og:type\" content=\"article\" \/>\n<meta property=\"og:title\" content=\"Twilight Zone - Talky Tina Doll | Mad About Horror\" \/>\n<meta property=\"og:description\" content=\"Officially licensed Twilight Zone - Talky Tina Doll by Trick or Treat Studios. Available to buy online from Mad About Horror or call 01482 935936.\" \/>\n<meta property=\"og:url\" content=\"https:\/\/madabouthorror.co.uk\/fr\/product\/twilight-zone-talky-tina-doll\/\" \/>\n<meta property=\"og:site_name\" content=\"Mad About Horror\" \/>\n<meta property=\"article:publisher\" content=\"https:\/\/www.facebook.com\/madabouthorror\/\" \/>\n<meta property=\"article:modified_time\" content=\"2026-04-24T17:03:13+00:00\" \/>\n<meta property=\"og:image\" content=\"https:\/\/madabouthorror.co.uk\/wp-content\/uploads\/2019\/07\/talky-tina-trick-or-treat-studios-doll.png\" \/>\n\t<meta property=\"og:image:width\" content=\"1500\" \/>\n\t<meta property=\"og:image:height\" content=\"1500\" \/>\n\t<meta property=\"og:image:type\" content=\"image\/png\" \/>\n<meta name=\"twitter:card\" content=\"summary_large_image\" \/>\n<meta name=\"twitter:label1\" content=\"Dur\u00e9e de lecture estim\u00e9e\" \/>\n\t<meta name=\"twitter:data1\" content=\"2 minutes\" \/>\n<script type=\"application\/ld+json\" class=\"yoast-schema-graph\">{\"@context\":\"https:\\\/\\\/schema.org\",\"@graph\":[{\"@type\":[\"WebPage\",\"ItemPage\"],\"@id\":\"https:\\\/\\\/madabouthorror.co.uk\\\/product\\\/twilight-zone-talky-tina-doll\\\/\",\"url\":\"https:\\\/\\\/madabouthorror.co.uk\\\/product\\\/twilight-zone-talky-tina-doll\\\/\",\"name\":\"Twilight Zone - Talky Tina Doll | Mad About Horror\",\"isPartOf\":{\"@id\":\"https:\\\/\\\/madabouthorror.co.uk\\\/#website\"},\"primaryImageOfPage\":{\"@id\":\"https:\\\/\\\/madabouthorror.co.uk\\\/product\\\/twilight-zone-talky-tina-doll\\\/#primaryimage\"},\"image\":{\"@id\":\"https:\\\/\\\/madabouthorror.co.uk\\\/product\\\/twilight-zone-talky-tina-doll\\\/#primaryimage\"},\"thumbnailUrl\":\"https:\\\/\\\/madabouthorror.co.uk\\\/wp-content\\\/uploads\\\/2019\\\/07\\\/talky-tina-trick-or-treat-studios-doll.png\",\"datePublished\":\"2019-07-10T17:13:24+00:00\",\"dateModified\":\"2026-04-24T17:03:13+00:00\",\"description\":\"Officially licensed Twilight Zone - Talky Tina Doll by Trick or Treat Studios. Available to buy online from Mad About Horror or call 01482 935936.\",\"breadcrumb\":{\"@id\":\"https:\\\/\\\/madabouthorror.co.uk\\\/product\\\/twilight-zone-talky-tina-doll\\\/#breadcrumb\"},\"inLanguage\":\"fr-FR\",\"potentialAction\":[{\"@type\":\"ReadAction\",\"target\":[\"https:\\\/\\\/madabouthorror.co.uk\\\/product\\\/twilight-zone-talky-tina-doll\\\/\"]}]},{\"@type\":\"ImageObject\",\"inLanguage\":\"fr-FR\",\"@id\":\"https:\\\/\\\/madabouthorror.co.uk\\\/product\\\/twilight-zone-talky-tina-doll\\\/#primaryimage\",\"url\":\"https:\\\/\\\/madabouthorror.co.uk\\\/wp-content\\\/uploads\\\/2019\\\/07\\\/talky-tina-trick-or-treat-studios-doll.png\",\"contentUrl\":\"https:\\\/\\\/madabouthorror.co.uk\\\/wp-content\\\/uploads\\\/2019\\\/07\\\/talky-tina-trick-or-treat-studios-doll.png\",\"width\":1500,\"height\":1500,\"caption\":\"talky tina trick or treat studios doll\"},{\"@type\":\"BreadcrumbList\",\"@id\":\"https:\\\/\\\/madabouthorror.co.uk\\\/product\\\/twilight-zone-talky-tina-doll\\\/#breadcrumb\",\"itemListElement\":[{\"@type\":\"ListItem\",\"position\":1,\"name\":\"Shop\",\"item\":\"https:\\\/\\\/madabouthorror.co.uk\\\/shop\\\/\"},{\"@type\":\"ListItem\",\"position\":2,\"name\":\"Twilight Zone &#8211; Talky Tina Doll\"}]},{\"@type\":\"WebSite\",\"@id\":\"https:\\\/\\\/madabouthorror.co.uk\\\/#website\",\"url\":\"https:\\\/\\\/madabouthorror.co.uk\\\/\",\"name\":\"Mad About Horror\",\"description\":\"\",\"publisher\":{\"@id\":\"https:\\\/\\\/madabouthorror.co.uk\\\/#organization\"},\"alternateName\":\"Mad About Horror Limited\",\"potentialAction\":[{\"@type\":\"SearchAction\",\"target\":{\"@type\":\"EntryPoint\",\"urlTemplate\":\"https:\\\/\\\/madabouthorror.co.uk\\\/?s={search_term_string}\"},\"query-input\":{\"@type\":\"PropertyValueSpecification\",\"valueRequired\":true,\"valueName\":\"search_term_string\"}}],\"inLanguage\":\"fr-FR\"},{\"@type\":\"Organization\",\"@id\":\"https:\\\/\\\/madabouthorror.co.uk\\\/#organization\",\"name\":\"Mad About Horror\",\"url\":\"https:\\\/\\\/madabouthorror.co.uk\\\/\",\"logo\":{\"@type\":\"ImageObject\",\"inLanguage\":\"fr-FR\",\"@id\":\"https:\\\/\\\/madabouthorror.co.uk\\\/#\\\/schema\\\/logo\\\/image\\\/\",\"url\":\"https:\\\/\\\/madabouthorror.co.uk\\\/wp-content\\\/uploads\\\/2024\\\/02\\\/cropped-Logo.png\",\"contentUrl\":\"https:\\\/\\\/madabouthorror.co.uk\\\/wp-content\\\/uploads\\\/2024\\\/02\\\/cropped-Logo.png\",\"width\":240,\"height\":88,\"caption\":\"Mad About Horror\"},\"image\":{\"@id\":\"https:\\\/\\\/madabouthorror.co.uk\\\/#\\\/schema\\\/logo\\\/image\\\/\"},\"sameAs\":[\"https:\\\/\\\/www.facebook.com\\\/madabouthorror\\\/\",\"https:\\\/\\\/www.instagram.com\\\/madabouthorror\\\/\",\"https:\\\/\\\/www.pinterest.co.uk\\\/madabouthorror\\\/\",\"https:\\\/\\\/www.youtube.com\\\/channel\\\/UCBooLOIxjoQ89dj6T5lWm_w\",\"https:\\\/\\\/www.tiktok.com\\\/@weremadabouthorror\"]}]}<\/script>\n<!-- \/ Yoast SEO plugin. -->","yoast_head_json":{"title":"Twilight Zone - Talky Tina Doll | Mad About Horror","description":"Poup\u00e9e Talky Tina sous licence officielle Twilight Zone par Trick or Treat Studios. Disponible \u00e0 l'achat en ligne aupr\u00e8s de Mad About Horror ou en appelant le 01482 935936.","robots":{"index":"index","follow":"follow","max-snippet":"max-snippet:-1","max-image-preview":"max-image-preview:large","max-video-preview":"max-video-preview:-1"},"canonical":"https:\/\/madabouthorror.co.uk\/fr\/product\/twilight-zone-talky-tina-doll\/","og_locale":"fr_FR","og_type":"article","og_title":"Twilight Zone - Talky Tina Doll | Mad About Horror","og_description":"Officially licensed Twilight Zone - Talky Tina Doll by Trick or Treat Studios. Available to buy online from Mad About Horror or call 01482 935936.","og_url":"https:\/\/madabouthorror.co.uk\/fr\/product\/twilight-zone-talky-tina-doll\/","og_site_name":"Mad About Horror","article_publisher":"https:\/\/www.facebook.com\/madabouthorror\/","article_modified_time":"2026-04-24T17:03:13+00:00","og_image":[{"width":1500,"height":1500,"url":"https:\/\/madabouthorror.co.uk\/wp-content\/uploads\/2019\/07\/talky-tina-trick-or-treat-studios-doll.png","type":"image\/png"}],"twitter_card":"summary_large_image","twitter_misc":{"Dur\u00e9e de lecture estim\u00e9e":"2 minutes"},"schema":{"@context":"https:\/\/schema.org","@graph":[{"@type":["WebPage","ItemPage"],"@id":"https:\/\/madabouthorror.co.uk\/product\/twilight-zone-talky-tina-doll\/","url":"https:\/\/madabouthorror.co.uk\/product\/twilight-zone-talky-tina-doll\/","name":"Twilight Zone - Talky Tina Doll | Mad About Horror","isPartOf":{"@id":"https:\/\/madabouthorror.co.uk\/#website"},"primaryImageOfPage":{"@id":"https:\/\/madabouthorror.co.uk\/product\/twilight-zone-talky-tina-doll\/#primaryimage"},"image":{"@id":"https:\/\/madabouthorror.co.uk\/product\/twilight-zone-talky-tina-doll\/#primaryimage"},"thumbnailUrl":"https:\/\/madabouthorror.co.uk\/wp-content\/uploads\/2019\/07\/talky-tina-trick-or-treat-studios-doll.png","datePublished":"2019-07-10T17:13:24+00:00","dateModified":"2026-04-24T17:03:13+00:00","description":"Poup\u00e9e Talky Tina sous licence officielle Twilight Zone par Trick or Treat Studios. Disponible \u00e0 l'achat en ligne aupr\u00e8s de Mad About Horror ou en appelant le 01482 935936.","breadcrumb":{"@id":"https:\/\/madabouthorror.co.uk\/product\/twilight-zone-talky-tina-doll\/#breadcrumb"},"inLanguage":"fr-FR","potentialAction":[{"@type":"ReadAction","target":["https:\/\/madabouthorror.co.uk\/product\/twilight-zone-talky-tina-doll\/"]}]},{"@type":"ImageObject","inLanguage":"fr-FR","@id":"https:\/\/madabouthorror.co.uk\/product\/twilight-zone-talky-tina-doll\/#primaryimage","url":"https:\/\/madabouthorror.co.uk\/wp-content\/uploads\/2019\/07\/talky-tina-trick-or-treat-studios-doll.png","contentUrl":"https:\/\/madabouthorror.co.uk\/wp-content\/uploads\/2019\/07\/talky-tina-trick-or-treat-studios-doll.png","width":1500,"height":1500,"caption":"talky tina trick or treat studios doll"},{"@type":"BreadcrumbList","@id":"https:\/\/madabouthorror.co.uk\/product\/twilight-zone-talky-tina-doll\/#breadcrumb","itemListElement":[{"@type":"ListItem","position":1,"name":"Shop","item":"https:\/\/madabouthorror.co.uk\/shop\/"},{"@type":"ListItem","position":2,"name":"Twilight Zone &#8211; Talky Tina Doll"}]},{"@type":"WebSite","@id":"https:\/\/madabouthorror.co.uk\/#website","url":"https:\/\/madabouthorror.co.uk\/","name":"L'horreur en folie","description":"","publisher":{"@id":"https:\/\/madabouthorror.co.uk\/#organization"},"alternateName":"Mad About Horror Limited","potentialAction":[{"@type":"SearchAction","target":{"@type":"EntryPoint","urlTemplate":"https:\/\/madabouthorror.co.uk\/?s={search_term_string}"},"query-input":{"@type":"PropertyValueSpecification","valueRequired":true,"valueName":"search_term_string"}}],"inLanguage":"fr-FR"},{"@type":"Organization","@id":"https:\/\/madabouthorror.co.uk\/#organization","name":"L'horreur en folie","url":"https:\/\/madabouthorror.co.uk\/","logo":{"@type":"ImageObject","inLanguage":"fr-FR","@id":"https:\/\/madabouthorror.co.uk\/#\/schema\/logo\/image\/","url":"https:\/\/madabouthorror.co.uk\/wp-content\/uploads\/2024\/02\/cropped-Logo.png","contentUrl":"https:\/\/madabouthorror.co.uk\/wp-content\/uploads\/2024\/02\/cropped-Logo.png","width":240,"height":88,"caption":"Mad About Horror"},"image":{"@id":"https:\/\/madabouthorror.co.uk\/#\/schema\/logo\/image\/"},"sameAs":["https:\/\/www.facebook.com\/madabouthorror\/","https:\/\/www.instagram.com\/madabouthorror\/","https:\/\/www.pinterest.co.uk\/madabouthorror\/","https:\/\/www.youtube.com\/channel\/UCBooLOIxjoQ89dj6T5lWm_w","https:\/\/www.tiktok.com\/@weremadabouthorror"]}]}},"df_price":269.95,"df_sale_price":"","df_regular_price":269.95,"df_image_link":"https:\/\/madabouthorror.co.uk\/wp-content\/uploads\/2019\/07\/talky-tina-trick-or-treat-studios-doll-300x300.png","_links":{"self":[{"href":"https:\/\/madabouthorror.co.uk\/fr\/wp-json\/wp\/v2\/product\/42234","targetHints":{"allow":["GET"]}}],"collection":[{"href":"https:\/\/madabouthorror.co.uk\/fr\/wp-json\/wp\/v2\/product"}],"about":[{"href":"https:\/\/madabouthorror.co.uk\/fr\/wp-json\/wp\/v2\/types\/product"}],"replies":[{"embeddable":true,"href":"https:\/\/madabouthorror.co.uk\/fr\/wp-json\/wp\/v2\/comments?post=42234"}],"wp:featuredmedia":[{"embeddable":true,"href":"https:\/\/madabouthorror.co.uk\/fr\/wp-json\/wp\/v2\/media\/492056"}],"wp:attachment":[{"href":"https:\/\/madabouthorror.co.uk\/fr\/wp-json\/wp\/v2\/media?parent=42234"}],"wp:term":[{"taxonomy":"product_brand","embeddable":true,"href":"https:\/\/madabouthorror.co.uk\/fr\/wp-json\/wp\/v2\/product_brand?post=42234"},{"taxonomy":"product_cat","embeddable":true,"href":"https:\/\/madabouthorror.co.uk\/fr\/wp-json\/wp\/v2\/product_cat?post=42234"},{"taxonomy":"product_tag","embeddable":true,"href":"https:\/\/madabouthorror.co.uk\/fr\/wp-json\/wp\/v2\/product_tag?post=42234"}],"curies":[{"name":"wp","href":"https:\/\/api.w.org\/{rel}","templated":true}]}}