{"id":42436,"date":"2019-07-10T18:13:30","date_gmt":"2019-07-10T17:13:30","guid":{"rendered":"https:\/\/mah.6bdv.ws\/product\/a-nightmare-on-elm-street-deluxe-freddy-krueger-mask\/"},"modified":"2026-04-02T16:31:16","modified_gmt":"2026-04-02T15:31:16","slug":"a-nightmare-on-elm-street-deluxe-freddy-krueger-mask","status":"publish","type":"product","link":"https:\/\/madabouthorror.co.uk\/fr\/product\/a-nightmare-on-elm-street-deluxe-freddy-krueger-mask\/","title":{"rendered":"A Nightmare on Elm Street - Masque de luxe de Freddy Krueger"},"content":{"rendered":"<p>Voici le masque de luxe Freddy Krueger de A Nightmare on Elm Street, sous licence officielle. Sculpt\u00e9 par Russ Lukich et bas\u00e9 sur de nombreuses r\u00e9f\u00e9rences \u00e0 l'\u00e9cran et des photographies des coulisses, ce masque est la repr\u00e9sentation ultime de Freddy Krueger dans le classique original de Wes Craven. Chaque d\u00e9tail de Freddy, tel qu'interpr\u00e9t\u00e9 par le l\u00e9gendaire Robert Englund, est m\u00e9ticuleusement captur\u00e9 dans ce masque.<\/p>\n<p>Procurez-vous le masque de luxe officiel de Freddy de A Nightmare on Elm Street et pr\u00e9sentez le v\u00e9ritable roi des cauchemars \u00e0 Halloween.<\/p>\n<p><em>TM &amp; \u00ac\u00a8\u00ac\u00a9 Warner Bros. Entertainment Inc.<\/em><\/p>\n<p>Fabriqu\u00e9 en latex<\/p>\n<p>&nbsp;<\/p>","protected":false},"excerpt":{"rendered":"<p>Voici le masque Freddy Krueger de luxe de A Nightmare on Elm Street, sous licence officielle. Sculpt\u00e9 par Russ Lukich et bas\u00e9 sur de nombreuses r\u00e9f\u00e9rences \u00e0 l'\u00e9cran et des photographies des coulisses, ce masque est la repr\u00e9sentation ultime de Freddy Krueger dans le classique original de Wes Craven. Chaque d\u00e9tail de Freddy, tel qu'interpr\u00e9t\u00e9 par le l\u00e9gendaire Robert Englund, est m\u00e9ticuleusement [...]<\/p>","protected":false},"featured_media":42432,"comment_status":"closed","ping_status":"closed","template":"","meta":{"_acf_changed":false},"product_brand":[],"product_cat":[6781,10016,6580,10100,10038,9962,6541,6792,6631],"product_tag":[],"class_list":{"0":"post-42436","1":"product","2":"type-product","3":"status-publish","4":"has-post-thumbnail","6":"product_cat-freddy-krueger","7":"product_cat-freddy-krueger-masks","8":"product_cat-movie-tv","9":"product_cat-latex-masks","10":"product_cat-horror-gifts","11":"product_cat-trick-or-treat-studios-masks","12":"product_cat-masks","13":"product_cat-trick-or-treat-studios","14":"product_cat-nightmareonelmstreet","16":"first","17":"outofstock","18":"taxable","19":"shipping-taxable","20":"purchasable","21":"product-type-simple"},"supplier_id":470964,"supplier_sku":"RLWB105","barcode":"811501033288","atum_controlled":true,"out_stock_date":"2025-12-05 20:02:53","out_stock_threshold":null,"inheritable":false,"inbound_stock":30,"stock_on_hold":0,"sold_today":0,"sales_last_days":0,"reserved_stock":0,"customer_returns":0,"warehouse_damage":0,"lost_in_post":0,"other_logs":0,"out_stock_days":121,"lost_sales":1347,"has_location":false,"update_date":"2026-04-06T01:47:12","atum_locations":[],"atum_stock_status":"outofstock","restock_status":false,"low_stock_amount":5,"sales_update_date":"2026-04-06T01:47:10","calc_backorders":null,"acf":[],"yoast_head":"<!-- This site is optimized with the Yoast SEO plugin v27.3 - https:\/\/yoast.com\/product\/yoast-seo-wordpress\/ -->\n<title>A Nightmare on Elm Street - Deluxe Freddy Krueger Mask<\/title>\n<meta name=\"description\" content=\"Official A Nightmare on Elm Street - Deluxe Freddy Krueger Mask by Trick or Treat Studios. Available to buy online from Mad About Horror.\" \/>\n<meta name=\"robots\" content=\"index, follow, max-snippet:-1, max-image-preview:large, max-video-preview:-1\" \/>\n<link rel=\"canonical\" href=\"https:\/\/madabouthorror.co.uk\/fr\/product\/a-nightmare-on-elm-street-deluxe-freddy-krueger-mask\/\" \/>\n<meta property=\"og:locale\" content=\"fr_FR\" \/>\n<meta property=\"og:type\" content=\"article\" \/>\n<meta property=\"og:title\" content=\"A Nightmare on Elm Street - Deluxe Freddy Krueger Mask\" \/>\n<meta property=\"og:description\" content=\"Official A Nightmare on Elm Street - Deluxe Freddy Krueger Mask by Trick or Treat Studios. Available to buy online from Mad About Horror.\" \/>\n<meta property=\"og:url\" content=\"https:\/\/madabouthorror.co.uk\/fr\/product\/a-nightmare-on-elm-street-deluxe-freddy-krueger-mask\/\" \/>\n<meta property=\"og:site_name\" content=\"Mad About Horror\" \/>\n<meta property=\"article:publisher\" content=\"https:\/\/www.facebook.com\/madabouthorror\/\" \/>\n<meta property=\"article:modified_time\" content=\"2026-04-02T15:31:16+00:00\" \/>\n<meta property=\"og:image\" content=\"https:\/\/madabouthorror.co.uk\/wp-content\/uploads\/2019\/07\/126129143_1.jpg\" \/>\n\t<meta property=\"og:image:width\" content=\"1000\" \/>\n\t<meta property=\"og:image:height\" content=\"1000\" \/>\n\t<meta property=\"og:image:type\" content=\"image\/jpeg\" \/>\n<meta name=\"twitter:card\" content=\"summary_large_image\" \/>\n<meta name=\"twitter:label1\" content=\"Dur\u00e9e de lecture estim\u00e9e\" \/>\n\t<meta name=\"twitter:data1\" content=\"1 minute\" \/>\n<script type=\"application\/ld+json\" class=\"yoast-schema-graph\">{\"@context\":\"https:\\\/\\\/schema.org\",\"@graph\":[{\"@type\":[\"WebPage\",\"ItemPage\"],\"@id\":\"https:\\\/\\\/madabouthorror.co.uk\\\/product\\\/a-nightmare-on-elm-street-deluxe-freddy-krueger-mask\\\/\",\"url\":\"https:\\\/\\\/madabouthorror.co.uk\\\/product\\\/a-nightmare-on-elm-street-deluxe-freddy-krueger-mask\\\/\",\"name\":\"A Nightmare on Elm Street - Deluxe Freddy Krueger Mask\",\"isPartOf\":{\"@id\":\"https:\\\/\\\/madabouthorror.co.uk\\\/#website\"},\"primaryImageOfPage\":{\"@id\":\"https:\\\/\\\/madabouthorror.co.uk\\\/product\\\/a-nightmare-on-elm-street-deluxe-freddy-krueger-mask\\\/#primaryimage\"},\"image\":{\"@id\":\"https:\\\/\\\/madabouthorror.co.uk\\\/product\\\/a-nightmare-on-elm-street-deluxe-freddy-krueger-mask\\\/#primaryimage\"},\"thumbnailUrl\":\"https:\\\/\\\/madabouthorror.co.uk\\\/wp-content\\\/uploads\\\/2019\\\/07\\\/126129143_1.jpg\",\"datePublished\":\"2019-07-10T17:13:30+00:00\",\"dateModified\":\"2026-04-02T15:31:16+00:00\",\"description\":\"Official A Nightmare on Elm Street - Deluxe Freddy Krueger Mask by Trick or Treat Studios. Available to buy online from Mad About Horror.\",\"breadcrumb\":{\"@id\":\"https:\\\/\\\/madabouthorror.co.uk\\\/product\\\/a-nightmare-on-elm-street-deluxe-freddy-krueger-mask\\\/#breadcrumb\"},\"inLanguage\":\"fr-FR\",\"potentialAction\":[{\"@type\":\"ReadAction\",\"target\":[\"https:\\\/\\\/madabouthorror.co.uk\\\/product\\\/a-nightmare-on-elm-street-deluxe-freddy-krueger-mask\\\/\"]}]},{\"@type\":\"ImageObject\",\"inLanguage\":\"fr-FR\",\"@id\":\"https:\\\/\\\/madabouthorror.co.uk\\\/product\\\/a-nightmare-on-elm-street-deluxe-freddy-krueger-mask\\\/#primaryimage\",\"url\":\"https:\\\/\\\/madabouthorror.co.uk\\\/wp-content\\\/uploads\\\/2019\\\/07\\\/126129143_1.jpg\",\"contentUrl\":\"https:\\\/\\\/madabouthorror.co.uk\\\/wp-content\\\/uploads\\\/2019\\\/07\\\/126129143_1.jpg\",\"width\":1000,\"height\":1000,\"caption\":\"A Nightmare on Elm Street - Deluxe Freddy Krueger Mask-0\"},{\"@type\":\"BreadcrumbList\",\"@id\":\"https:\\\/\\\/madabouthorror.co.uk\\\/product\\\/a-nightmare-on-elm-street-deluxe-freddy-krueger-mask\\\/#breadcrumb\",\"itemListElement\":[{\"@type\":\"ListItem\",\"position\":1,\"name\":\"Shop\",\"item\":\"https:\\\/\\\/madabouthorror.co.uk\\\/shop\\\/\"},{\"@type\":\"ListItem\",\"position\":2,\"name\":\"A Nightmare on Elm Street &#8211; Deluxe Freddy Krueger Mask\"}]},{\"@type\":\"WebSite\",\"@id\":\"https:\\\/\\\/madabouthorror.co.uk\\\/#website\",\"url\":\"https:\\\/\\\/madabouthorror.co.uk\\\/\",\"name\":\"Mad About Horror\",\"description\":\"\",\"publisher\":{\"@id\":\"https:\\\/\\\/madabouthorror.co.uk\\\/#organization\"},\"alternateName\":\"Mad About Horror Limited\",\"potentialAction\":[{\"@type\":\"SearchAction\",\"target\":{\"@type\":\"EntryPoint\",\"urlTemplate\":\"https:\\\/\\\/madabouthorror.co.uk\\\/?s={search_term_string}\"},\"query-input\":{\"@type\":\"PropertyValueSpecification\",\"valueRequired\":true,\"valueName\":\"search_term_string\"}}],\"inLanguage\":\"fr-FR\"},{\"@type\":\"Organization\",\"@id\":\"https:\\\/\\\/madabouthorror.co.uk\\\/#organization\",\"name\":\"Mad About Horror\",\"url\":\"https:\\\/\\\/madabouthorror.co.uk\\\/\",\"logo\":{\"@type\":\"ImageObject\",\"inLanguage\":\"fr-FR\",\"@id\":\"https:\\\/\\\/madabouthorror.co.uk\\\/#\\\/schema\\\/logo\\\/image\\\/\",\"url\":\"https:\\\/\\\/madabouthorror.co.uk\\\/wp-content\\\/uploads\\\/2024\\\/02\\\/cropped-Logo.png\",\"contentUrl\":\"https:\\\/\\\/madabouthorror.co.uk\\\/wp-content\\\/uploads\\\/2024\\\/02\\\/cropped-Logo.png\",\"width\":240,\"height\":88,\"caption\":\"Mad About Horror\"},\"image\":{\"@id\":\"https:\\\/\\\/madabouthorror.co.uk\\\/#\\\/schema\\\/logo\\\/image\\\/\"},\"sameAs\":[\"https:\\\/\\\/www.facebook.com\\\/madabouthorror\\\/\",\"https:\\\/\\\/www.instagram.com\\\/madabouthorror\\\/\",\"https:\\\/\\\/www.pinterest.co.uk\\\/madabouthorror\\\/\",\"https:\\\/\\\/www.youtube.com\\\/channel\\\/UCBooLOIxjoQ89dj6T5lWm_w\",\"https:\\\/\\\/www.tiktok.com\\\/@weremadabouthorror\"]}]}<\/script>\n<!-- \/ Yoast SEO plugin. -->","yoast_head_json":{"title":"A Nightmare on Elm Street - Masque de luxe de Freddy Krueger","description":"Masque officiel A Nightmare on Elm Street - Deluxe Freddy Krueger par Trick or Treat Studios. Disponible \u00e0 l'achat en ligne sur Mad About Horror.","robots":{"index":"index","follow":"follow","max-snippet":"max-snippet:-1","max-image-preview":"max-image-preview:large","max-video-preview":"max-video-preview:-1"},"canonical":"https:\/\/madabouthorror.co.uk\/fr\/product\/a-nightmare-on-elm-street-deluxe-freddy-krueger-mask\/","og_locale":"fr_FR","og_type":"article","og_title":"A Nightmare on Elm Street - Deluxe Freddy Krueger Mask","og_description":"Official A Nightmare on Elm Street - Deluxe Freddy Krueger Mask by Trick or Treat Studios. Available to buy online from Mad About Horror.","og_url":"https:\/\/madabouthorror.co.uk\/fr\/product\/a-nightmare-on-elm-street-deluxe-freddy-krueger-mask\/","og_site_name":"Mad About Horror","article_publisher":"https:\/\/www.facebook.com\/madabouthorror\/","article_modified_time":"2026-04-02T15:31:16+00:00","og_image":[{"width":1000,"height":1000,"url":"https:\/\/madabouthorror.co.uk\/wp-content\/uploads\/2019\/07\/126129143_1.jpg","type":"image\/jpeg"}],"twitter_card":"summary_large_image","twitter_misc":{"Dur\u00e9e de lecture estim\u00e9e":"1 minute"},"schema":{"@context":"https:\/\/schema.org","@graph":[{"@type":["WebPage","ItemPage"],"@id":"https:\/\/madabouthorror.co.uk\/product\/a-nightmare-on-elm-street-deluxe-freddy-krueger-mask\/","url":"https:\/\/madabouthorror.co.uk\/product\/a-nightmare-on-elm-street-deluxe-freddy-krueger-mask\/","name":"A Nightmare on Elm Street - Masque de luxe de Freddy Krueger","isPartOf":{"@id":"https:\/\/madabouthorror.co.uk\/#website"},"primaryImageOfPage":{"@id":"https:\/\/madabouthorror.co.uk\/product\/a-nightmare-on-elm-street-deluxe-freddy-krueger-mask\/#primaryimage"},"image":{"@id":"https:\/\/madabouthorror.co.uk\/product\/a-nightmare-on-elm-street-deluxe-freddy-krueger-mask\/#primaryimage"},"thumbnailUrl":"https:\/\/madabouthorror.co.uk\/wp-content\/uploads\/2019\/07\/126129143_1.jpg","datePublished":"2019-07-10T17:13:30+00:00","dateModified":"2026-04-02T15:31:16+00:00","description":"Masque officiel A Nightmare on Elm Street - Deluxe Freddy Krueger par Trick or Treat Studios. Disponible \u00e0 l'achat en ligne sur Mad About Horror.","breadcrumb":{"@id":"https:\/\/madabouthorror.co.uk\/product\/a-nightmare-on-elm-street-deluxe-freddy-krueger-mask\/#breadcrumb"},"inLanguage":"fr-FR","potentialAction":[{"@type":"ReadAction","target":["https:\/\/madabouthorror.co.uk\/product\/a-nightmare-on-elm-street-deluxe-freddy-krueger-mask\/"]}]},{"@type":"ImageObject","inLanguage":"fr-FR","@id":"https:\/\/madabouthorror.co.uk\/product\/a-nightmare-on-elm-street-deluxe-freddy-krueger-mask\/#primaryimage","url":"https:\/\/madabouthorror.co.uk\/wp-content\/uploads\/2019\/07\/126129143_1.jpg","contentUrl":"https:\/\/madabouthorror.co.uk\/wp-content\/uploads\/2019\/07\/126129143_1.jpg","width":1000,"height":1000,"caption":"A Nightmare on Elm Street - Deluxe Freddy Krueger Mask-0"},{"@type":"BreadcrumbList","@id":"https:\/\/madabouthorror.co.uk\/product\/a-nightmare-on-elm-street-deluxe-freddy-krueger-mask\/#breadcrumb","itemListElement":[{"@type":"ListItem","position":1,"name":"Shop","item":"https:\/\/madabouthorror.co.uk\/shop\/"},{"@type":"ListItem","position":2,"name":"A Nightmare on Elm Street &#8211; Deluxe Freddy Krueger Mask"}]},{"@type":"WebSite","@id":"https:\/\/madabouthorror.co.uk\/#website","url":"https:\/\/madabouthorror.co.uk\/","name":"L'horreur en folie","description":"","publisher":{"@id":"https:\/\/madabouthorror.co.uk\/#organization"},"alternateName":"Mad About Horror Limited","potentialAction":[{"@type":"SearchAction","target":{"@type":"EntryPoint","urlTemplate":"https:\/\/madabouthorror.co.uk\/?s={search_term_string}"},"query-input":{"@type":"PropertyValueSpecification","valueRequired":true,"valueName":"search_term_string"}}],"inLanguage":"fr-FR"},{"@type":"Organization","@id":"https:\/\/madabouthorror.co.uk\/#organization","name":"L'horreur en folie","url":"https:\/\/madabouthorror.co.uk\/","logo":{"@type":"ImageObject","inLanguage":"fr-FR","@id":"https:\/\/madabouthorror.co.uk\/#\/schema\/logo\/image\/","url":"https:\/\/madabouthorror.co.uk\/wp-content\/uploads\/2024\/02\/cropped-Logo.png","contentUrl":"https:\/\/madabouthorror.co.uk\/wp-content\/uploads\/2024\/02\/cropped-Logo.png","width":240,"height":88,"caption":"Mad About Horror"},"image":{"@id":"https:\/\/madabouthorror.co.uk\/#\/schema\/logo\/image\/"},"sameAs":["https:\/\/www.facebook.com\/madabouthorror\/","https:\/\/www.instagram.com\/madabouthorror\/","https:\/\/www.pinterest.co.uk\/madabouthorror\/","https:\/\/www.youtube.com\/channel\/UCBooLOIxjoQ89dj6T5lWm_w","https:\/\/www.tiktok.com\/@weremadabouthorror"]}]}},"df_price":67.66,"df_sale_price":"","df_regular_price":67.66,"df_image_link":"https:\/\/madabouthorror.co.uk\/wp-content\/uploads\/2019\/07\/126129143_1-300x300.jpg","_links":{"self":[{"href":"https:\/\/madabouthorror.co.uk\/fr\/wp-json\/wp\/v2\/product\/42436","targetHints":{"allow":["GET"]}}],"collection":[{"href":"https:\/\/madabouthorror.co.uk\/fr\/wp-json\/wp\/v2\/product"}],"about":[{"href":"https:\/\/madabouthorror.co.uk\/fr\/wp-json\/wp\/v2\/types\/product"}],"replies":[{"embeddable":true,"href":"https:\/\/madabouthorror.co.uk\/fr\/wp-json\/wp\/v2\/comments?post=42436"}],"wp:featuredmedia":[{"embeddable":true,"href":"https:\/\/madabouthorror.co.uk\/fr\/wp-json\/wp\/v2\/media\/42432"}],"wp:attachment":[{"href":"https:\/\/madabouthorror.co.uk\/fr\/wp-json\/wp\/v2\/media?parent=42436"}],"wp:term":[{"taxonomy":"product_brand","embeddable":true,"href":"https:\/\/madabouthorror.co.uk\/fr\/wp-json\/wp\/v2\/product_brand?post=42436"},{"taxonomy":"product_cat","embeddable":true,"href":"https:\/\/madabouthorror.co.uk\/fr\/wp-json\/wp\/v2\/product_cat?post=42436"},{"taxonomy":"product_tag","embeddable":true,"href":"https:\/\/madabouthorror.co.uk\/fr\/wp-json\/wp\/v2\/product_tag?post=42436"}],"curies":[{"name":"wp","href":"https:\/\/api.w.org\/{rel}","templated":true}]}}