{"id":42472,"date":"2023-02-23T09:11:12","date_gmt":"2023-02-23T09:11:12","guid":{"rendered":"https:\/\/mah.6bdv.ws\/?post_type=product&#038;p=42472"},"modified":"2026-04-29T15:44:13","modified_gmt":"2026-04-29T14:44:13","slug":"7ft-winter-dragon-animated-prop","status":"publish","type":"product","link":"https:\/\/madabouthorror.co.uk\/fr\/product\/7ft-winter-dragon-animated-prop\/","title":{"rendered":"7ft Winter Dragon Animated Prop"},"content":{"rendered":"<p>Attention, l'hiver est arriv\u00e9 et il est vorace ! Voici le dragon d'hiver, une \u00e9tonnante figurine anim\u00e9e de 2,5 m\u00e8tres de haut qui ne manquera pas d'impressionner. Fabriqu\u00e9 avec une t\u00eate, un cou, un torse et des pattes en plastique moul\u00e9, ce dragon est \u00e9galement dot\u00e9 d'ailes en tissu \u00e9l\u00e9gamment drap\u00e9es.<\/p>\n<p>Regardez ses ailes battre, sa t\u00eate pivoter d'un c\u00f4t\u00e9 \u00e0 l'autre et ses yeux bleus glac\u00e9s s'allumer.<\/p>\n<p>Il suffit de brancher l'adaptateur \u00e9lectrique du dragon sur n'importe quelle prise de courant standard et de s\u00e9lectionner l'une des trois options d'activation : Steady-On, le capteur infrarouge ou le coussin Step-Here inclus. Le capteur infrarouge d\u00e9tecte les mouvements jusqu'\u00e0 une distance de 6,5 pieds et fonctionne parfaitement dans toutes les conditions d'\u00e9clairage, de la lumi\u00e8re vive \u00e0 l'obscurit\u00e9 totale !<\/p>\n<p>L'article comprend \u00e9galement un contr\u00f4le du volume.<\/p>\n<p>Assemblage rapide et facile gr\u00e2ce \u00e0 un cadre m\u00e9tallique \u00e0 connexion rapide.<\/p>\n<p>Assemblage n\u00e9cessaire.<\/p>\n<p><b>Fourni avec un adaptateur secteur britannique<\/b>. <i>N'utilisez que l'adaptateur d'alimentation fourni, car les adaptateurs d'alimentation incorrects peuvent causer des dommages.<\/i><\/p>\n<div>\n<div><b>Pour le porche couvert ou l'int\u00e9rieur.<\/b> <i>Prot\u00e9ger des intemp\u00e9ries en cas d'utilisation \u00e0 l'ext\u00e9rieur et ne pas laisser \u00e0 l'ext\u00e9rieur pendant des p\u00e9riodes prolong\u00e9es.<\/i><\/div>\n<div><\/div>\n<div><b>A noter :<\/b><i> Ces accessoires ne sont pas recommand\u00e9s pour un usage commercial intensif, c'est-\u00e0-dire qu'ils ne doivent pas \u00eatre utilis\u00e9s pendant des p\u00e9riodes prolong\u00e9es, c'est-\u00e0-dire plusieurs jours d'affil\u00e9e. Ils sont con\u00e7us pour \u00eatre utilis\u00e9s \u00e0 l'occasion d'Halloween. Si vous avez des questions \u00e0 ce sujet, n'h\u00e9sitez pas \u00e0 les poser.<\/i><\/div>\n<\/div>\n<p><strong>VEUILLEZ NOTER QU'UNE MACHINE \u00c0 FUM\u00c9E EST N\u00c9CESSAIRE POUR FAIRE CRACHER DE LA FUM\u00c9E AU DRAGON. CETTE MACHINE N'EST PAS INCLUSE ET EST <span style=\"text-decoration: underline;\">PAS<\/span> DISPONIBLE \u00c0 L'ACHAT SUR LE SITE MAD ABOUT HORROR. <\/strong><\/p>\n<p><i>Vous trouverez ci-dessous, \u00e0 titre d'information, des indications sur les caract\u00e9ristiques des machines \u00e0 brouillard n\u00e9cessaires.<\/i><\/p>\n<p>Une machine \u00e0 brouillard peut \u00eatre fix\u00e9e \u00e0 l'accessoire \u00e0 l'aide du tuyau de brouillard et de l'adaptateur de g\u00e2chette fournis, mais elle DOIT r\u00e9pondre aux crit\u00e8res suivants.<\/p>\n<ul>\n<li>Puissance maximale de 400 watts.<\/li>\n<li>Diam\u00e8tre de la buse de sortie 40 mm ou 44 mm (le tuyau de brouillard est muni d'un collier int\u00e9rieur amovible)<\/li>\n<li>Entr\u00e9e de d\u00e9clenchement avec connecteur IEC m\u00e2le (connecteur de type Kettle).<\/li>\n<\/ul>\n<p>La machine \u00e0 fum\u00e9e DOIT \u00eatre utilis\u00e9e en mode d\u00e9clench\u00e9 \u00e0 l'aide du c\u00e2ble adaptateur de d\u00e9clenchement fourni avec l'accessoire.<\/p>\n<p>La machine \u00e0 fum\u00e9e NE DOIT PAS \u00eatre utilis\u00e9e en mode continu, car cela pourrait entra\u00eener une accumulation excessive de chaleur au niveau du connecteur du tuyau \u00e0 fum\u00e9e.<\/p>\n<div><\/div>\n<p>&nbsp;<\/p>","protected":false},"excerpt":{"rendered":"<p>Attention, l'hiver est arriv\u00e9 et il est vorace ! Voici le dragon d'hiver, une \u00e9tonnante figurine anim\u00e9e de 2,5 m\u00e8tres de haut qui ne manquera pas d'impressionner. Fabriqu\u00e9 avec une t\u00eate, un cou, un torse et des pattes en plastique moul\u00e9, ce dragon est \u00e9galement dot\u00e9 d'ailes en tissu \u00e9l\u00e9gamment drap\u00e9es. Regardez-le battre des ailes, sa t\u00eate pivoter d'un c\u00f4t\u00e9 \u00e0 l'autre et ses yeux bleus glac\u00e9s s'allumer [...]<\/p>","protected":false},"featured_media":564695,"comment_status":"closed","ping_status":"closed","template":"","meta":{"_acf_changed":false},"product_brand":[],"product_cat":[10068,10131,10158,10108,10034,10093,10094,6550,6547,6963,7051,7053],"product_tag":[],"class_list":{"0":"post-42472","1":"product","2":"type-product","3":"status-publish","4":"has-post-thumbnail","6":"product_cat-halloween-decorations-2025","7":"product_cat-halloween-gifts","8":"product_cat-in-stock-animatronics","9":"product_cat-light-up-halloween-decorations","10":"product_cat-family-friendly","11":"product_cat-indoor-halloween-decorations","12":"product_cat-outdoor-halloween-decorations","13":"product_cat-graveyard-decorations","14":"product_cat-decorations","15":"product_cat-animatronics","16":"product_cat-graveyard-animatronics","17":"product_cat-animated-props-zombies","18":"product_shipping_class-eu-bulky-prop","20":"first","21":"instock","22":"taxable","23":"shipping-taxable","24":"purchasable","25":"product-type-simple"},"supplier_id":467908,"supplier_sku":"MR124527","barcode":"842445125029","atum_controlled":true,"out_stock_date":null,"out_stock_threshold":null,"inheritable":false,"inbound_stock":10,"stock_on_hold":0,"sold_today":0,"sales_last_days":0,"reserved_stock":0,"customer_returns":0,"warehouse_damage":0,"lost_in_post":0,"other_logs":0,"out_stock_days":0,"lost_sales":0,"has_location":false,"update_date":"2026-04-29T01:27:40","atum_locations":[],"atum_stock_status":"instock","restock_status":false,"low_stock_amount":"","sales_update_date":"2026-04-29T01:27:38","calc_backorders":null,"acf":[],"yoast_head":"<!-- This site is optimized with the Yoast SEO plugin v27.5 - https:\/\/yoast.com\/product\/yoast-seo-wordpress\/ -->\n<title>7ft Winter Dragon Animated Prop - Mad About Horror<\/title>\n<meta name=\"description\" content=\"7ft Winter Dragon Animated Prop. Huge range of professional quality horror props, Buy from the UK &amp; Europe&#039;s leading horror and Halloween specialist.\" \/>\n<meta name=\"robots\" content=\"index, follow, max-snippet:-1, max-image-preview:large, max-video-preview:-1\" \/>\n<link rel=\"canonical\" href=\"https:\/\/madabouthorror.co.uk\/fr\/product\/7ft-winter-dragon-animated-prop\/\" \/>\n<meta property=\"og:locale\" content=\"fr_FR\" \/>\n<meta property=\"og:type\" content=\"article\" \/>\n<meta property=\"og:title\" content=\"7ft Winter Dragon Animated Prop - Mad About Horror\" \/>\n<meta property=\"og:description\" content=\"7ft Winter Dragon Animated Prop. Huge range of professional quality horror props, Buy from the UK &amp; Europe&#039;s leading horror and Halloween specialist.\" \/>\n<meta property=\"og:url\" content=\"https:\/\/madabouthorror.co.uk\/fr\/product\/7ft-winter-dragon-animated-prop\/\" \/>\n<meta property=\"og:site_name\" content=\"Mad About Horror\" \/>\n<meta property=\"article:publisher\" content=\"https:\/\/www.facebook.com\/madabouthorror\/\" \/>\n<meta property=\"article:modified_time\" content=\"2026-04-29T14:44:13+00:00\" \/>\n<meta property=\"og:image\" content=\"https:\/\/madabouthorror.co.uk\/wp-content\/uploads\/2023\/02\/7-animated-winter-dragon-halloween-decorationmr124527-a03.jpeg\" \/>\n\t<meta property=\"og:image:width\" content=\"1500\" \/>\n\t<meta property=\"og:image:height\" content=\"1500\" \/>\n\t<meta property=\"og:image:type\" content=\"image\/jpeg\" \/>\n<meta name=\"twitter:card\" content=\"summary_large_image\" \/>\n<meta name=\"twitter:label1\" content=\"Dur\u00e9e de lecture estim\u00e9e\" \/>\n\t<meta name=\"twitter:data1\" content=\"2 minutes\" \/>\n<script type=\"application\/ld+json\" class=\"yoast-schema-graph\">{\"@context\":\"https:\\\/\\\/schema.org\",\"@graph\":[{\"@type\":[\"WebPage\",\"ItemPage\"],\"@id\":\"https:\\\/\\\/madabouthorror.co.uk\\\/product\\\/7ft-winter-dragon-animated-prop\\\/\",\"url\":\"https:\\\/\\\/madabouthorror.co.uk\\\/product\\\/7ft-winter-dragon-animated-prop\\\/\",\"name\":\"7ft Winter Dragon Animated Prop - Mad About Horror\",\"isPartOf\":{\"@id\":\"https:\\\/\\\/madabouthorror.co.uk\\\/#website\"},\"primaryImageOfPage\":{\"@id\":\"https:\\\/\\\/madabouthorror.co.uk\\\/product\\\/7ft-winter-dragon-animated-prop\\\/#primaryimage\"},\"image\":{\"@id\":\"https:\\\/\\\/madabouthorror.co.uk\\\/product\\\/7ft-winter-dragon-animated-prop\\\/#primaryimage\"},\"thumbnailUrl\":\"https:\\\/\\\/madabouthorror.co.uk\\\/wp-content\\\/uploads\\\/2023\\\/02\\\/7-animated-winter-dragon-halloween-decorationmr124527-a03.jpeg\",\"datePublished\":\"2023-02-23T09:11:12+00:00\",\"dateModified\":\"2026-04-29T14:44:13+00:00\",\"description\":\"7ft Winter Dragon Animated Prop. Huge range of professional quality horror props, Buy from the UK & Europe's leading horror and Halloween specialist.\",\"breadcrumb\":{\"@id\":\"https:\\\/\\\/madabouthorror.co.uk\\\/product\\\/7ft-winter-dragon-animated-prop\\\/#breadcrumb\"},\"inLanguage\":\"fr-FR\",\"potentialAction\":[{\"@type\":\"ReadAction\",\"target\":[\"https:\\\/\\\/madabouthorror.co.uk\\\/product\\\/7ft-winter-dragon-animated-prop\\\/\"]}]},{\"@type\":\"ImageObject\",\"inLanguage\":\"fr-FR\",\"@id\":\"https:\\\/\\\/madabouthorror.co.uk\\\/product\\\/7ft-winter-dragon-animated-prop\\\/#primaryimage\",\"url\":\"https:\\\/\\\/madabouthorror.co.uk\\\/wp-content\\\/uploads\\\/2023\\\/02\\\/7-animated-winter-dragon-halloween-decorationmr124527-a03.jpeg\",\"contentUrl\":\"https:\\\/\\\/madabouthorror.co.uk\\\/wp-content\\\/uploads\\\/2023\\\/02\\\/7-animated-winter-dragon-halloween-decorationmr124527-a03.jpeg\",\"width\":1500,\"height\":1500,\"caption\":\"7ft Winter Dragon Animated Prop\"},{\"@type\":\"BreadcrumbList\",\"@id\":\"https:\\\/\\\/madabouthorror.co.uk\\\/product\\\/7ft-winter-dragon-animated-prop\\\/#breadcrumb\",\"itemListElement\":[{\"@type\":\"ListItem\",\"position\":1,\"name\":\"Shop\",\"item\":\"https:\\\/\\\/madabouthorror.co.uk\\\/shop\\\/\"},{\"@type\":\"ListItem\",\"position\":2,\"name\":\"7ft Winter Dragon Animated Prop\"}]},{\"@type\":\"WebSite\",\"@id\":\"https:\\\/\\\/madabouthorror.co.uk\\\/#website\",\"url\":\"https:\\\/\\\/madabouthorror.co.uk\\\/\",\"name\":\"Mad About Horror\",\"description\":\"\",\"publisher\":{\"@id\":\"https:\\\/\\\/madabouthorror.co.uk\\\/#organization\"},\"alternateName\":\"Mad About Horror Limited\",\"potentialAction\":[{\"@type\":\"SearchAction\",\"target\":{\"@type\":\"EntryPoint\",\"urlTemplate\":\"https:\\\/\\\/madabouthorror.co.uk\\\/?s={search_term_string}\"},\"query-input\":{\"@type\":\"PropertyValueSpecification\",\"valueRequired\":true,\"valueName\":\"search_term_string\"}}],\"inLanguage\":\"fr-FR\"},{\"@type\":\"Organization\",\"@id\":\"https:\\\/\\\/madabouthorror.co.uk\\\/#organization\",\"name\":\"Mad About Horror\",\"url\":\"https:\\\/\\\/madabouthorror.co.uk\\\/\",\"logo\":{\"@type\":\"ImageObject\",\"inLanguage\":\"fr-FR\",\"@id\":\"https:\\\/\\\/madabouthorror.co.uk\\\/#\\\/schema\\\/logo\\\/image\\\/\",\"url\":\"https:\\\/\\\/madabouthorror.co.uk\\\/wp-content\\\/uploads\\\/2024\\\/02\\\/cropped-Logo.png\",\"contentUrl\":\"https:\\\/\\\/madabouthorror.co.uk\\\/wp-content\\\/uploads\\\/2024\\\/02\\\/cropped-Logo.png\",\"width\":240,\"height\":88,\"caption\":\"Mad About Horror\"},\"image\":{\"@id\":\"https:\\\/\\\/madabouthorror.co.uk\\\/#\\\/schema\\\/logo\\\/image\\\/\"},\"sameAs\":[\"https:\\\/\\\/www.facebook.com\\\/madabouthorror\\\/\",\"https:\\\/\\\/www.instagram.com\\\/madabouthorror\\\/\",\"https:\\\/\\\/www.pinterest.co.uk\\\/madabouthorror\\\/\",\"https:\\\/\\\/www.youtube.com\\\/channel\\\/UCBooLOIxjoQ89dj6T5lWm_w\",\"https:\\\/\\\/www.tiktok.com\\\/@weremadabouthorror\"]}]}<\/script>\n<!-- \/ Yoast SEO plugin. -->","yoast_head_json":{"title":"7ft Winter Dragon Animated Prop - Mad About Horror","description":"Dragon d'hiver de 7 pieds, accessoire anim\u00e9. Vaste gamme d'accessoires d'horreur de qualit\u00e9 professionnelle, achetez aupr\u00e8s du plus grand sp\u00e9cialiste de l'horreur et de l'Halloween au Royaume-Uni et en Europe.","robots":{"index":"index","follow":"follow","max-snippet":"max-snippet:-1","max-image-preview":"max-image-preview:large","max-video-preview":"max-video-preview:-1"},"canonical":"https:\/\/madabouthorror.co.uk\/fr\/product\/7ft-winter-dragon-animated-prop\/","og_locale":"fr_FR","og_type":"article","og_title":"7ft Winter Dragon Animated Prop - Mad About Horror","og_description":"7ft Winter Dragon Animated Prop. Huge range of professional quality horror props, Buy from the UK & Europe's leading horror and Halloween specialist.","og_url":"https:\/\/madabouthorror.co.uk\/fr\/product\/7ft-winter-dragon-animated-prop\/","og_site_name":"Mad About Horror","article_publisher":"https:\/\/www.facebook.com\/madabouthorror\/","article_modified_time":"2026-04-29T14:44:13+00:00","og_image":[{"width":1500,"height":1500,"url":"https:\/\/madabouthorror.co.uk\/wp-content\/uploads\/2023\/02\/7-animated-winter-dragon-halloween-decorationmr124527-a03.jpeg","type":"image\/jpeg"}],"twitter_card":"summary_large_image","twitter_misc":{"Dur\u00e9e de lecture estim\u00e9e":"2 minutes"},"schema":{"@context":"https:\/\/schema.org","@graph":[{"@type":["WebPage","ItemPage"],"@id":"https:\/\/madabouthorror.co.uk\/product\/7ft-winter-dragon-animated-prop\/","url":"https:\/\/madabouthorror.co.uk\/product\/7ft-winter-dragon-animated-prop\/","name":"7ft Winter Dragon Animated Prop - Mad About Horror","isPartOf":{"@id":"https:\/\/madabouthorror.co.uk\/#website"},"primaryImageOfPage":{"@id":"https:\/\/madabouthorror.co.uk\/product\/7ft-winter-dragon-animated-prop\/#primaryimage"},"image":{"@id":"https:\/\/madabouthorror.co.uk\/product\/7ft-winter-dragon-animated-prop\/#primaryimage"},"thumbnailUrl":"https:\/\/madabouthorror.co.uk\/wp-content\/uploads\/2023\/02\/7-animated-winter-dragon-halloween-decorationmr124527-a03.jpeg","datePublished":"2023-02-23T09:11:12+00:00","dateModified":"2026-04-29T14:44:13+00:00","description":"Dragon d'hiver de 7 pieds, accessoire anim\u00e9. Vaste gamme d'accessoires d'horreur de qualit\u00e9 professionnelle, achetez aupr\u00e8s du plus grand sp\u00e9cialiste de l'horreur et de l'Halloween au Royaume-Uni et en Europe.","breadcrumb":{"@id":"https:\/\/madabouthorror.co.uk\/product\/7ft-winter-dragon-animated-prop\/#breadcrumb"},"inLanguage":"fr-FR","potentialAction":[{"@type":"ReadAction","target":["https:\/\/madabouthorror.co.uk\/product\/7ft-winter-dragon-animated-prop\/"]}]},{"@type":"ImageObject","inLanguage":"fr-FR","@id":"https:\/\/madabouthorror.co.uk\/product\/7ft-winter-dragon-animated-prop\/#primaryimage","url":"https:\/\/madabouthorror.co.uk\/wp-content\/uploads\/2023\/02\/7-animated-winter-dragon-halloween-decorationmr124527-a03.jpeg","contentUrl":"https:\/\/madabouthorror.co.uk\/wp-content\/uploads\/2023\/02\/7-animated-winter-dragon-halloween-decorationmr124527-a03.jpeg","width":1500,"height":1500,"caption":"7ft Winter Dragon Animated Prop"},{"@type":"BreadcrumbList","@id":"https:\/\/madabouthorror.co.uk\/product\/7ft-winter-dragon-animated-prop\/#breadcrumb","itemListElement":[{"@type":"ListItem","position":1,"name":"Shop","item":"https:\/\/madabouthorror.co.uk\/shop\/"},{"@type":"ListItem","position":2,"name":"7ft Winter Dragon Animated Prop"}]},{"@type":"WebSite","@id":"https:\/\/madabouthorror.co.uk\/#website","url":"https:\/\/madabouthorror.co.uk\/","name":"L'horreur en folie","description":"","publisher":{"@id":"https:\/\/madabouthorror.co.uk\/#organization"},"alternateName":"Mad About Horror Limited","potentialAction":[{"@type":"SearchAction","target":{"@type":"EntryPoint","urlTemplate":"https:\/\/madabouthorror.co.uk\/?s={search_term_string}"},"query-input":{"@type":"PropertyValueSpecification","valueRequired":true,"valueName":"search_term_string"}}],"inLanguage":"fr-FR"},{"@type":"Organization","@id":"https:\/\/madabouthorror.co.uk\/#organization","name":"L'horreur en folie","url":"https:\/\/madabouthorror.co.uk\/","logo":{"@type":"ImageObject","inLanguage":"fr-FR","@id":"https:\/\/madabouthorror.co.uk\/#\/schema\/logo\/image\/","url":"https:\/\/madabouthorror.co.uk\/wp-content\/uploads\/2024\/02\/cropped-Logo.png","contentUrl":"https:\/\/madabouthorror.co.uk\/wp-content\/uploads\/2024\/02\/cropped-Logo.png","width":240,"height":88,"caption":"Mad About Horror"},"image":{"@id":"https:\/\/madabouthorror.co.uk\/#\/schema\/logo\/image\/"},"sameAs":["https:\/\/www.facebook.com\/madabouthorror\/","https:\/\/www.instagram.com\/madabouthorror\/","https:\/\/www.pinterest.co.uk\/madabouthorror\/","https:\/\/www.youtube.com\/channel\/UCBooLOIxjoQ89dj6T5lWm_w","https:\/\/www.tiktok.com\/@weremadabouthorror"]}]}},"df_price":599.95,"df_sale_price":"","df_regular_price":599.95,"df_image_link":"https:\/\/madabouthorror.co.uk\/wp-content\/uploads\/2023\/02\/7-animated-winter-dragon-halloween-decorationmr124527-a03-300x300.jpeg","_links":{"self":[{"href":"https:\/\/madabouthorror.co.uk\/fr\/wp-json\/wp\/v2\/product\/42472","targetHints":{"allow":["GET"]}}],"collection":[{"href":"https:\/\/madabouthorror.co.uk\/fr\/wp-json\/wp\/v2\/product"}],"about":[{"href":"https:\/\/madabouthorror.co.uk\/fr\/wp-json\/wp\/v2\/types\/product"}],"replies":[{"embeddable":true,"href":"https:\/\/madabouthorror.co.uk\/fr\/wp-json\/wp\/v2\/comments?post=42472"}],"wp:featuredmedia":[{"embeddable":true,"href":"https:\/\/madabouthorror.co.uk\/fr\/wp-json\/wp\/v2\/media\/564695"}],"wp:attachment":[{"href":"https:\/\/madabouthorror.co.uk\/fr\/wp-json\/wp\/v2\/media?parent=42472"}],"wp:term":[{"taxonomy":"product_brand","embeddable":true,"href":"https:\/\/madabouthorror.co.uk\/fr\/wp-json\/wp\/v2\/product_brand?post=42472"},{"taxonomy":"product_cat","embeddable":true,"href":"https:\/\/madabouthorror.co.uk\/fr\/wp-json\/wp\/v2\/product_cat?post=42472"},{"taxonomy":"product_tag","embeddable":true,"href":"https:\/\/madabouthorror.co.uk\/fr\/wp-json\/wp\/v2\/product_tag?post=42472"}],"curies":[{"name":"wp","href":"https:\/\/api.w.org\/{rel}","templated":true}]}}