{"id":42575,"date":"2019-07-10T18:13:33","date_gmt":"2019-07-10T17:13:33","guid":{"rendered":"https:\/\/mah.6bdv.ws\/product\/rocking-horse-dolly-animated-figure\/"},"modified":"2025-11-20T12:51:01","modified_gmt":"2025-11-20T12:51:01","slug":"rocking-horse-dolly-animated-figure","status":"publish","type":"product","link":"https:\/\/madabouthorror.co.uk\/fr\/product\/rocking-horse-dolly-animated-figure\/","title":{"rendered":"Cheval \u00e0 bascule Dolly Figure anim\u00e9e"},"content":{"rendered":"<p>Cheval \u00e0 bascule et poup\u00e9e anim\u00e9s fonctionnant sur secteur, l'objet parfait pour votre chambre d'enfant hant\u00e9e. Cet accessoire animatronique se balance d'avant en arri\u00e8re tandis que la petite fille mont\u00e9e sur le cheval chante une comptine effrayante.  Les yeux de la poup\u00e9e s'allument m\u00eame.<\/p>\n<p>ON \/ Marchepied activ\u00e9 (marchepied non inclus mais disponible s\u00e9par\u00e9ment).<\/p>\n<p>Id\u00e9al pour une sc\u00e8ne de poup\u00e9e effrayante \u00e0 l'occasion d'Halloween.<\/p>\n<p>Note : l'emballage ext\u00e9rieur mentionne qu'il s'agit d'un capteur, mais ce n'est pas le cas.<\/p>\n<p><b>Fourni avec un adaptateur secteur britannique<\/b>. <i>N'utilisez que l'adaptateur d'alimentation fourni, car les adaptateurs d'alimentation incorrects peuvent causer des dommages.<\/i><\/p>\n<div>\n<div><b>Pour le porche couvert ou l'int\u00e9rieur.<\/b> <i>Prot\u00e9ger des intemp\u00e9ries en cas d'utilisation \u00e0 l'ext\u00e9rieur et ne pas laisser \u00e0 l'ext\u00e9rieur pendant des p\u00e9riodes prolong\u00e9es.<\/i><\/div>\n<div><\/div>\n<div><b>A noter :<\/b><i> Ces accessoires ne sont pas recommand\u00e9s pour un usage commercial intensif, c'est-\u00e0-dire qu'ils ne doivent pas \u00eatre utilis\u00e9s pendant des p\u00e9riodes prolong\u00e9es, c'est-\u00e0-dire plusieurs jours d'affil\u00e9e. Ils sont con\u00e7us pour \u00eatre utilis\u00e9s \u00e0 l'occasion d'Halloween. Si vous avez des questions \u00e0 ce sujet, n'h\u00e9sitez pas \u00e0 les poser.<\/i><\/div>\n<\/div>\n<p>&nbsp;<\/p>","protected":false},"excerpt":{"rendered":"<p>Cheval \u00e0 bascule et poup\u00e9e anim\u00e9s fonctionnant sur secteur, l'objet parfait pour votre chambre d'enfant hant\u00e9e. Cet accessoire animatronique se balance d'avant en arri\u00e8re tandis que la petite fille mont\u00e9e sur le cheval chante une comptine effrayante.  Les yeux de la poup\u00e9e s'allument m\u00eame. ON \/ Marchepied activ\u00e9 (marchepied non inclus mais disponible s\u00e9par\u00e9ment). Id\u00e9al pour une poup\u00e9e effrayante [...]<\/p>","protected":false},"featured_media":456116,"comment_status":"closed","ping_status":"closed","template":"","meta":{"_acf_changed":false},"product_brand":[],"product_cat":[10068,10131,10108,10093,10094,6547,6549,6963,7049,7050],"product_tag":[],"class_list":{"0":"post-42575","1":"product","2":"type-product","3":"status-publish","4":"has-post-thumbnail","6":"product_cat-halloween-decorations-2025","7":"product_cat-halloween-gifts","8":"product_cat-light-up-halloween-decorations","9":"product_cat-indoor-halloween-decorations","10":"product_cat-outdoor-halloween-decorations","11":"product_cat-decorations","12":"product_cat-haunted-house","13":"product_cat-animatronics","14":"product_cat-dolls","15":"product_cat-haunted-house-animatronics","16":"product_shipping_class-props","18":"first","19":"outofstock","20":"taxable","21":"shipping-taxable","22":"purchasable","23":"product-type-simple"},"supplier_id":467907,"supplier_sku":"6650B","barcode":"842445122936","atum_controlled":true,"out_stock_date":"2025-06-04 13:10:57","out_stock_threshold":null,"inheritable":false,"inbound_stock":0,"stock_on_hold":0,"sold_today":0,"sales_last_days":0,"reserved_stock":0,"customer_returns":0,"warehouse_damage":0,"lost_in_post":0,"other_logs":0,"out_stock_days":323,"lost_sales":10149,"has_location":false,"update_date":"2026-04-24T00:44:53","atum_locations":[],"atum_stock_status":"outofstock","restock_status":false,"low_stock_amount":1,"sales_update_date":"2026-04-24T00:44:52","calc_backorders":null,"acf":[],"yoast_head":"<!-- This site is optimized with the Yoast SEO plugin v27.4 - https:\/\/yoast.com\/product\/yoast-seo-wordpress\/ -->\n<title>Rocking Horse Dolly Animated Figure - Mad About Horror<\/title>\n<meta name=\"description\" content=\"Animated Halloween Props - HUGE RANGE - Rocking Horse Dolly. BUY from the UK&#039;s leading Halloween &amp; Horror specialist\" \/>\n<meta name=\"robots\" content=\"index, follow, max-snippet:-1, max-image-preview:large, max-video-preview:-1\" \/>\n<link rel=\"canonical\" href=\"https:\/\/madabouthorror.co.uk\/fr\/product\/rocking-horse-dolly-animated-figure\/\" \/>\n<meta property=\"og:locale\" content=\"fr_FR\" \/>\n<meta property=\"og:type\" content=\"article\" \/>\n<meta property=\"og:title\" content=\"Rocking Horse Dolly Animated Figure - Mad About Horror\" \/>\n<meta property=\"og:description\" content=\"Animated Halloween Props - HUGE RANGE - Rocking Horse Dolly. BUY from the UK&#039;s leading Halloween &amp; Horror specialist\" \/>\n<meta property=\"og:url\" content=\"https:\/\/madabouthorror.co.uk\/fr\/product\/rocking-horse-dolly-animated-figure\/\" \/>\n<meta property=\"og:site_name\" content=\"Mad About Horror\" \/>\n<meta property=\"article:publisher\" content=\"https:\/\/www.facebook.com\/madabouthorror\/\" \/>\n<meta property=\"article:modified_time\" content=\"2025-11-20T12:51:01+00:00\" \/>\n<meta property=\"og:image\" content=\"https:\/\/madabouthorror.co.uk\/wp-content\/uploads\/2019\/07\/rocking-horse-dolly-animatronic.jpg\" \/>\n\t<meta property=\"og:image:width\" content=\"1500\" \/>\n\t<meta property=\"og:image:height\" content=\"1500\" \/>\n\t<meta property=\"og:image:type\" content=\"image\/jpeg\" \/>\n<meta name=\"twitter:card\" content=\"summary_large_image\" \/>\n<meta name=\"twitter:label1\" content=\"Dur\u00e9e de lecture estim\u00e9e\" \/>\n\t<meta name=\"twitter:data1\" content=\"1 minute\" \/>\n<script type=\"application\/ld+json\" class=\"yoast-schema-graph\">{\"@context\":\"https:\\\/\\\/schema.org\",\"@graph\":[{\"@type\":[\"WebPage\",\"ItemPage\"],\"@id\":\"https:\\\/\\\/madabouthorror.co.uk\\\/product\\\/rocking-horse-dolly-animated-figure\\\/\",\"url\":\"https:\\\/\\\/madabouthorror.co.uk\\\/product\\\/rocking-horse-dolly-animated-figure\\\/\",\"name\":\"Rocking Horse Dolly Animated Figure - Mad About Horror\",\"isPartOf\":{\"@id\":\"https:\\\/\\\/madabouthorror.co.uk\\\/#website\"},\"primaryImageOfPage\":{\"@id\":\"https:\\\/\\\/madabouthorror.co.uk\\\/product\\\/rocking-horse-dolly-animated-figure\\\/#primaryimage\"},\"image\":{\"@id\":\"https:\\\/\\\/madabouthorror.co.uk\\\/product\\\/rocking-horse-dolly-animated-figure\\\/#primaryimage\"},\"thumbnailUrl\":\"https:\\\/\\\/madabouthorror.co.uk\\\/wp-content\\\/uploads\\\/2019\\\/07\\\/rocking-horse-dolly-animatronic.jpg\",\"datePublished\":\"2019-07-10T17:13:33+00:00\",\"dateModified\":\"2025-11-20T12:51:01+00:00\",\"description\":\"Animated Halloween Props - HUGE RANGE - Rocking Horse Dolly. BUY from the UK's leading Halloween & Horror specialist\",\"breadcrumb\":{\"@id\":\"https:\\\/\\\/madabouthorror.co.uk\\\/product\\\/rocking-horse-dolly-animated-figure\\\/#breadcrumb\"},\"inLanguage\":\"fr-FR\",\"potentialAction\":[{\"@type\":\"ReadAction\",\"target\":[\"https:\\\/\\\/madabouthorror.co.uk\\\/product\\\/rocking-horse-dolly-animated-figure\\\/\"]}]},{\"@type\":\"ImageObject\",\"inLanguage\":\"fr-FR\",\"@id\":\"https:\\\/\\\/madabouthorror.co.uk\\\/product\\\/rocking-horse-dolly-animated-figure\\\/#primaryimage\",\"url\":\"https:\\\/\\\/madabouthorror.co.uk\\\/wp-content\\\/uploads\\\/2019\\\/07\\\/rocking-horse-dolly-animatronic.jpg\",\"contentUrl\":\"https:\\\/\\\/madabouthorror.co.uk\\\/wp-content\\\/uploads\\\/2019\\\/07\\\/rocking-horse-dolly-animatronic.jpg\",\"width\":1500,\"height\":1500,\"caption\":\"rocking horse dolly animated halloween prop\"},{\"@type\":\"BreadcrumbList\",\"@id\":\"https:\\\/\\\/madabouthorror.co.uk\\\/product\\\/rocking-horse-dolly-animated-figure\\\/#breadcrumb\",\"itemListElement\":[{\"@type\":\"ListItem\",\"position\":1,\"name\":\"Shop\",\"item\":\"https:\\\/\\\/madabouthorror.co.uk\\\/shop\\\/\"},{\"@type\":\"ListItem\",\"position\":2,\"name\":\"Rocking Horse Dolly Animated Figure\"}]},{\"@type\":\"WebSite\",\"@id\":\"https:\\\/\\\/madabouthorror.co.uk\\\/#website\",\"url\":\"https:\\\/\\\/madabouthorror.co.uk\\\/\",\"name\":\"Mad About Horror\",\"description\":\"\",\"publisher\":{\"@id\":\"https:\\\/\\\/madabouthorror.co.uk\\\/#organization\"},\"alternateName\":\"Mad About Horror Limited\",\"potentialAction\":[{\"@type\":\"SearchAction\",\"target\":{\"@type\":\"EntryPoint\",\"urlTemplate\":\"https:\\\/\\\/madabouthorror.co.uk\\\/?s={search_term_string}\"},\"query-input\":{\"@type\":\"PropertyValueSpecification\",\"valueRequired\":true,\"valueName\":\"search_term_string\"}}],\"inLanguage\":\"fr-FR\"},{\"@type\":\"Organization\",\"@id\":\"https:\\\/\\\/madabouthorror.co.uk\\\/#organization\",\"name\":\"Mad About Horror\",\"url\":\"https:\\\/\\\/madabouthorror.co.uk\\\/\",\"logo\":{\"@type\":\"ImageObject\",\"inLanguage\":\"fr-FR\",\"@id\":\"https:\\\/\\\/madabouthorror.co.uk\\\/#\\\/schema\\\/logo\\\/image\\\/\",\"url\":\"https:\\\/\\\/madabouthorror.co.uk\\\/wp-content\\\/uploads\\\/2024\\\/02\\\/cropped-Logo.png\",\"contentUrl\":\"https:\\\/\\\/madabouthorror.co.uk\\\/wp-content\\\/uploads\\\/2024\\\/02\\\/cropped-Logo.png\",\"width\":240,\"height\":88,\"caption\":\"Mad About Horror\"},\"image\":{\"@id\":\"https:\\\/\\\/madabouthorror.co.uk\\\/#\\\/schema\\\/logo\\\/image\\\/\"},\"sameAs\":[\"https:\\\/\\\/www.facebook.com\\\/madabouthorror\\\/\",\"https:\\\/\\\/www.instagram.com\\\/madabouthorror\\\/\",\"https:\\\/\\\/www.pinterest.co.uk\\\/madabouthorror\\\/\",\"https:\\\/\\\/www.youtube.com\\\/channel\\\/UCBooLOIxjoQ89dj6T5lWm_w\",\"https:\\\/\\\/www.tiktok.com\\\/@weremadabouthorror\"]}]}<\/script>\n<!-- \/ Yoast SEO plugin. -->","yoast_head_json":{"title":"Figurine anim\u00e9e Rocking Horse Dolly - Mad About Horror","description":"Accessoires anim\u00e9s pour Halloween - GAMME IMPORTANTE - Cheval \u00e0 bascule Dolly. Achetez aupr\u00e8s du sp\u00e9cialiste britannique de l'Halloween et de l'horreur.","robots":{"index":"index","follow":"follow","max-snippet":"max-snippet:-1","max-image-preview":"max-image-preview:large","max-video-preview":"max-video-preview:-1"},"canonical":"https:\/\/madabouthorror.co.uk\/fr\/product\/rocking-horse-dolly-animated-figure\/","og_locale":"fr_FR","og_type":"article","og_title":"Rocking Horse Dolly Animated Figure - Mad About Horror","og_description":"Animated Halloween Props - HUGE RANGE - Rocking Horse Dolly. BUY from the UK's leading Halloween & Horror specialist","og_url":"https:\/\/madabouthorror.co.uk\/fr\/product\/rocking-horse-dolly-animated-figure\/","og_site_name":"Mad About Horror","article_publisher":"https:\/\/www.facebook.com\/madabouthorror\/","article_modified_time":"2025-11-20T12:51:01+00:00","og_image":[{"width":1500,"height":1500,"url":"https:\/\/madabouthorror.co.uk\/wp-content\/uploads\/2019\/07\/rocking-horse-dolly-animatronic.jpg","type":"image\/jpeg"}],"twitter_card":"summary_large_image","twitter_misc":{"Dur\u00e9e de lecture estim\u00e9e":"1 minute"},"schema":{"@context":"https:\/\/schema.org","@graph":[{"@type":["WebPage","ItemPage"],"@id":"https:\/\/madabouthorror.co.uk\/product\/rocking-horse-dolly-animated-figure\/","url":"https:\/\/madabouthorror.co.uk\/product\/rocking-horse-dolly-animated-figure\/","name":"Figurine anim\u00e9e Rocking Horse Dolly - Mad About Horror","isPartOf":{"@id":"https:\/\/madabouthorror.co.uk\/#website"},"primaryImageOfPage":{"@id":"https:\/\/madabouthorror.co.uk\/product\/rocking-horse-dolly-animated-figure\/#primaryimage"},"image":{"@id":"https:\/\/madabouthorror.co.uk\/product\/rocking-horse-dolly-animated-figure\/#primaryimage"},"thumbnailUrl":"https:\/\/madabouthorror.co.uk\/wp-content\/uploads\/2019\/07\/rocking-horse-dolly-animatronic.jpg","datePublished":"2019-07-10T17:13:33+00:00","dateModified":"2025-11-20T12:51:01+00:00","description":"Accessoires anim\u00e9s pour Halloween - GAMME IMPORTANTE - Cheval \u00e0 bascule Dolly. Achetez aupr\u00e8s du sp\u00e9cialiste britannique de l'Halloween et de l'horreur.","breadcrumb":{"@id":"https:\/\/madabouthorror.co.uk\/product\/rocking-horse-dolly-animated-figure\/#breadcrumb"},"inLanguage":"fr-FR","potentialAction":[{"@type":"ReadAction","target":["https:\/\/madabouthorror.co.uk\/product\/rocking-horse-dolly-animated-figure\/"]}]},{"@type":"ImageObject","inLanguage":"fr-FR","@id":"https:\/\/madabouthorror.co.uk\/product\/rocking-horse-dolly-animated-figure\/#primaryimage","url":"https:\/\/madabouthorror.co.uk\/wp-content\/uploads\/2019\/07\/rocking-horse-dolly-animatronic.jpg","contentUrl":"https:\/\/madabouthorror.co.uk\/wp-content\/uploads\/2019\/07\/rocking-horse-dolly-animatronic.jpg","width":1500,"height":1500,"caption":"rocking horse dolly animated halloween prop"},{"@type":"BreadcrumbList","@id":"https:\/\/madabouthorror.co.uk\/product\/rocking-horse-dolly-animated-figure\/#breadcrumb","itemListElement":[{"@type":"ListItem","position":1,"name":"Shop","item":"https:\/\/madabouthorror.co.uk\/shop\/"},{"@type":"ListItem","position":2,"name":"Rocking Horse Dolly Animated Figure"}]},{"@type":"WebSite","@id":"https:\/\/madabouthorror.co.uk\/#website","url":"https:\/\/madabouthorror.co.uk\/","name":"L'horreur en folie","description":"","publisher":{"@id":"https:\/\/madabouthorror.co.uk\/#organization"},"alternateName":"Mad About Horror Limited","potentialAction":[{"@type":"SearchAction","target":{"@type":"EntryPoint","urlTemplate":"https:\/\/madabouthorror.co.uk\/?s={search_term_string}"},"query-input":{"@type":"PropertyValueSpecification","valueRequired":true,"valueName":"search_term_string"}}],"inLanguage":"fr-FR"},{"@type":"Organization","@id":"https:\/\/madabouthorror.co.uk\/#organization","name":"L'horreur en folie","url":"https:\/\/madabouthorror.co.uk\/","logo":{"@type":"ImageObject","inLanguage":"fr-FR","@id":"https:\/\/madabouthorror.co.uk\/#\/schema\/logo\/image\/","url":"https:\/\/madabouthorror.co.uk\/wp-content\/uploads\/2024\/02\/cropped-Logo.png","contentUrl":"https:\/\/madabouthorror.co.uk\/wp-content\/uploads\/2024\/02\/cropped-Logo.png","width":240,"height":88,"caption":"Mad About Horror"},"image":{"@id":"https:\/\/madabouthorror.co.uk\/#\/schema\/logo\/image\/"},"sameAs":["https:\/\/www.facebook.com\/madabouthorror\/","https:\/\/www.instagram.com\/madabouthorror\/","https:\/\/www.pinterest.co.uk\/madabouthorror\/","https:\/\/www.youtube.com\/channel\/UCBooLOIxjoQ89dj6T5lWm_w","https:\/\/www.tiktok.com\/@weremadabouthorror"]}]}},"df_price":229.12,"df_sale_price":"","df_regular_price":229.12,"df_image_link":"https:\/\/madabouthorror.co.uk\/wp-content\/uploads\/2019\/07\/rocking-horse-dolly-animatronic-300x300.jpg","_links":{"self":[{"href":"https:\/\/madabouthorror.co.uk\/fr\/wp-json\/wp\/v2\/product\/42575","targetHints":{"allow":["GET"]}}],"collection":[{"href":"https:\/\/madabouthorror.co.uk\/fr\/wp-json\/wp\/v2\/product"}],"about":[{"href":"https:\/\/madabouthorror.co.uk\/fr\/wp-json\/wp\/v2\/types\/product"}],"replies":[{"embeddable":true,"href":"https:\/\/madabouthorror.co.uk\/fr\/wp-json\/wp\/v2\/comments?post=42575"}],"wp:featuredmedia":[{"embeddable":true,"href":"https:\/\/madabouthorror.co.uk\/fr\/wp-json\/wp\/v2\/media\/456116"}],"wp:attachment":[{"href":"https:\/\/madabouthorror.co.uk\/fr\/wp-json\/wp\/v2\/media?parent=42575"}],"wp:term":[{"taxonomy":"product_brand","embeddable":true,"href":"https:\/\/madabouthorror.co.uk\/fr\/wp-json\/wp\/v2\/product_brand?post=42575"},{"taxonomy":"product_cat","embeddable":true,"href":"https:\/\/madabouthorror.co.uk\/fr\/wp-json\/wp\/v2\/product_cat?post=42575"},{"taxonomy":"product_tag","embeddable":true,"href":"https:\/\/madabouthorror.co.uk\/fr\/wp-json\/wp\/v2\/product_tag?post=42575"}],"curies":[{"name":"wp","href":"https:\/\/api.w.org\/{rel}","templated":true}]}}