{"id":42732,"date":"2019-07-27T13:49:06","date_gmt":"2019-07-27T12:49:06","guid":{"rendered":"https:\/\/mah.6bdv.ws\/product\/professional-bleeding-knife-prop\/"},"modified":"2026-04-17T17:21:18","modified_gmt":"2026-04-17T16:21:18","slug":"professional-bleeding-knife-prop","status":"publish","type":"product","link":"https:\/\/madabouthorror.co.uk\/fr\/product\/professional-bleeding-knife-prop\/","title":{"rendered":"Accessoire pour couteau de saign\u00e9e professionnel"},"content":{"rendered":"<p>Cet accessoire professionnel standard donne l'impression que le sang a coul\u00e9 lorsqu'il est appliqu\u00e9 sur la chair humaine. Fabriqu\u00e9 \u00e0 la main et de haute qualit\u00e9, ce couteau a un manche en bois et une lame en m\u00e9tal.<\/p>\n<p>Cach\u00e9 sur un c\u00f4t\u00e9 de la lame se trouve un m\u00e9canisme impliquant un flacon pressuris\u00e9 qui peut \u00eatre rempli de sang (faux bien s\u00fbr, \u00e9galement fourni par Mad About Horror, disponible s\u00e9par\u00e9ment).<\/p>\n<p>Dessinez l\u00e9g\u00e8rement sur la peau, tout en pressant la bouteille dans le manche pour cr\u00e9er un effet gore r\u00e9aliste. Bien que la lame ait \u00e9t\u00e9 \u00e9mouss\u00e9e, elle peut encore causer des dommages si elle est utilis\u00e9e de mani\u00e8re trop agressive. N'appuyez pas trop fort sur la chair.<\/p>\n<p>Il s'agit d'un accessoire professionnel et non d'un jouet. Pour les 21 ans et plus<\/p>\n<p>R\u00e9serv\u00e9 \u00e0 un usage professionnel, non destin\u00e9 \u00e0 la vente au grand public. Pour nous conformer \u00e0 la l\u00e9gislation britannique en vigueur, nous devrons v\u00e9rifier que vous \u00eates un utilisateur professionnel et obtenir une preuve que vous avez plus de 18 ans avant de traiter votre commande.<\/p>\n<p>Consultez tous nos <a href=\"https:\/\/madabouthorror.co.uk\/fr\/c\/weapons\/replica-knives\/\">Faux couteaux ici<\/a>.<\/p>","protected":false},"excerpt":{"rendered":"<p>Cet accessoire professionnel standard donne l'impression que le sang a coul\u00e9 lorsqu'il est appliqu\u00e9 sur la chair humaine. Fabriqu\u00e9 \u00e0 la main et de haute qualit\u00e9, ce couteau a un manche en bois et une lame en m\u00e9tal. Sur l'un des c\u00f4t\u00e9s de la lame se trouve un m\u00e9canisme impliquant un flacon pressuris\u00e9 qui peut \u00eatre rempli de sang (faux bien s\u00fbr, \u00e9galement fourni [...]<\/p>","protected":false},"featured_media":42730,"comment_status":"closed","ping_status":"closed","template":"","meta":{"_acf_changed":false},"product_brand":[],"product_cat":[10105,6552,6543,6554],"product_tag":[],"class_list":{"0":"post-42732","1":"product","2":"type-product","3":"status-publish","4":"has-post-thumbnail","6":"product_cat-replica-knives","7":"product_cat-accessories","8":"product_cat-professional","9":"product_cat-weapons","10":"pa_brand-other","11":"pa_character-other","12":"pa_google_tax-3e-businessindustrialretailre","14":"first","15":"outofstock","16":"taxable","17":"shipping-taxable","18":"purchasable","19":"product-type-simple"},"supplier_id":null,"supplier_sku":"","barcode":"","atum_controlled":true,"out_stock_date":"2026-04-17 17:21:18","out_stock_threshold":null,"inheritable":false,"inbound_stock":0,"stock_on_hold":0,"sold_today":0,"sales_last_days":1,"reserved_stock":0,"customer_returns":0,"warehouse_damage":0,"lost_in_post":0,"other_logs":0,"out_stock_days":12,"lost_sales":325,"has_location":false,"update_date":"2026-04-30T01:27:37","atum_locations":[],"atum_stock_status":"outofstock","restock_status":false,"low_stock_amount":"","sales_update_date":"2026-04-30T01:27:35","calc_backorders":null,"acf":[],"yoast_head":"<!-- This site is optimized with the Yoast SEO plugin v27.5 - https:\/\/yoast.com\/product\/yoast-seo-wordpress\/ -->\n<title>Professional Bleeding Knife Prop - Mad About Horror<\/title>\n<meta name=\"description\" content=\"Professional Bleeding Knife Prop from Mad About Horror. Decorations, Animatronics \/ Props for sale. Immediate Despatch from UK stock. Call 01482 935936.\" \/>\n<meta name=\"robots\" content=\"index, follow, max-snippet:-1, max-image-preview:large, max-video-preview:-1\" \/>\n<link rel=\"canonical\" href=\"https:\/\/madabouthorror.co.uk\/fr\/product\/professional-bleeding-knife-prop\/\" \/>\n<meta property=\"og:locale\" content=\"fr_FR\" \/>\n<meta property=\"og:type\" content=\"article\" \/>\n<meta property=\"og:title\" content=\"Professional Bleeding Knife Prop - Mad About Horror\" \/>\n<meta property=\"og:description\" content=\"Professional Bleeding Knife Prop from Mad About Horror. Decorations, Animatronics \/ Props for sale. Immediate Despatch from UK stock. Call 01482 935936.\" \/>\n<meta property=\"og:url\" content=\"https:\/\/madabouthorror.co.uk\/fr\/product\/professional-bleeding-knife-prop\/\" \/>\n<meta property=\"og:site_name\" content=\"Mad About Horror\" \/>\n<meta property=\"article:publisher\" content=\"https:\/\/www.facebook.com\/madabouthorror\/\" \/>\n<meta property=\"article:modified_time\" content=\"2026-04-17T16:21:18+00:00\" \/>\n<meta property=\"og:image\" content=\"https:\/\/madabouthorror.co.uk\/wp-content\/uploads\/2019\/07\/professional_bleeding_knife_prop.jpg\" \/>\n\t<meta property=\"og:image:width\" content=\"1000\" \/>\n\t<meta property=\"og:image:height\" content=\"1000\" \/>\n\t<meta property=\"og:image:type\" content=\"image\/jpeg\" \/>\n<meta name=\"twitter:card\" content=\"summary_large_image\" \/>\n<meta name=\"twitter:label1\" content=\"Dur\u00e9e de lecture estim\u00e9e\" \/>\n\t<meta name=\"twitter:data1\" content=\"1 minute\" \/>\n<script type=\"application\/ld+json\" class=\"yoast-schema-graph\">{\"@context\":\"https:\\\/\\\/schema.org\",\"@graph\":[{\"@type\":[\"WebPage\",\"ItemPage\"],\"@id\":\"https:\\\/\\\/madabouthorror.co.uk\\\/product\\\/professional-bleeding-knife-prop\\\/\",\"url\":\"https:\\\/\\\/madabouthorror.co.uk\\\/product\\\/professional-bleeding-knife-prop\\\/\",\"name\":\"Professional Bleeding Knife Prop - Mad About Horror\",\"isPartOf\":{\"@id\":\"https:\\\/\\\/madabouthorror.co.uk\\\/#website\"},\"primaryImageOfPage\":{\"@id\":\"https:\\\/\\\/madabouthorror.co.uk\\\/product\\\/professional-bleeding-knife-prop\\\/#primaryimage\"},\"image\":{\"@id\":\"https:\\\/\\\/madabouthorror.co.uk\\\/product\\\/professional-bleeding-knife-prop\\\/#primaryimage\"},\"thumbnailUrl\":\"https:\\\/\\\/madabouthorror.co.uk\\\/wp-content\\\/uploads\\\/2019\\\/07\\\/professional_bleeding_knife_prop.jpg\",\"datePublished\":\"2019-07-27T12:49:06+00:00\",\"dateModified\":\"2026-04-17T16:21:18+00:00\",\"description\":\"Professional Bleeding Knife Prop from Mad About Horror. Decorations, Animatronics \\\/ Props for sale. Immediate Despatch from UK stock. Call 01482 935936.\",\"breadcrumb\":{\"@id\":\"https:\\\/\\\/madabouthorror.co.uk\\\/product\\\/professional-bleeding-knife-prop\\\/#breadcrumb\"},\"inLanguage\":\"fr-FR\",\"potentialAction\":[{\"@type\":\"ReadAction\",\"target\":[\"https:\\\/\\\/madabouthorror.co.uk\\\/product\\\/professional-bleeding-knife-prop\\\/\"]}]},{\"@type\":\"ImageObject\",\"inLanguage\":\"fr-FR\",\"@id\":\"https:\\\/\\\/madabouthorror.co.uk\\\/product\\\/professional-bleeding-knife-prop\\\/#primaryimage\",\"url\":\"https:\\\/\\\/madabouthorror.co.uk\\\/wp-content\\\/uploads\\\/2019\\\/07\\\/professional_bleeding_knife_prop.jpg\",\"contentUrl\":\"https:\\\/\\\/madabouthorror.co.uk\\\/wp-content\\\/uploads\\\/2019\\\/07\\\/professional_bleeding_knife_prop.jpg\",\"width\":1000,\"height\":1000,\"caption\":\"Professional Bleeding Knife Prop-0\"},{\"@type\":\"BreadcrumbList\",\"@id\":\"https:\\\/\\\/madabouthorror.co.uk\\\/product\\\/professional-bleeding-knife-prop\\\/#breadcrumb\",\"itemListElement\":[{\"@type\":\"ListItem\",\"position\":1,\"name\":\"Shop\",\"item\":\"https:\\\/\\\/madabouthorror.co.uk\\\/shop\\\/\"},{\"@type\":\"ListItem\",\"position\":2,\"name\":\"Professional Bleeding Knife Prop\"}]},{\"@type\":\"WebSite\",\"@id\":\"https:\\\/\\\/madabouthorror.co.uk\\\/#website\",\"url\":\"https:\\\/\\\/madabouthorror.co.uk\\\/\",\"name\":\"Mad About Horror\",\"description\":\"\",\"publisher\":{\"@id\":\"https:\\\/\\\/madabouthorror.co.uk\\\/#organization\"},\"alternateName\":\"Mad About Horror Limited\",\"potentialAction\":[{\"@type\":\"SearchAction\",\"target\":{\"@type\":\"EntryPoint\",\"urlTemplate\":\"https:\\\/\\\/madabouthorror.co.uk\\\/?s={search_term_string}\"},\"query-input\":{\"@type\":\"PropertyValueSpecification\",\"valueRequired\":true,\"valueName\":\"search_term_string\"}}],\"inLanguage\":\"fr-FR\"},{\"@type\":\"Organization\",\"@id\":\"https:\\\/\\\/madabouthorror.co.uk\\\/#organization\",\"name\":\"Mad About Horror\",\"url\":\"https:\\\/\\\/madabouthorror.co.uk\\\/\",\"logo\":{\"@type\":\"ImageObject\",\"inLanguage\":\"fr-FR\",\"@id\":\"https:\\\/\\\/madabouthorror.co.uk\\\/#\\\/schema\\\/logo\\\/image\\\/\",\"url\":\"https:\\\/\\\/madabouthorror.co.uk\\\/wp-content\\\/uploads\\\/2024\\\/02\\\/cropped-Logo.png\",\"contentUrl\":\"https:\\\/\\\/madabouthorror.co.uk\\\/wp-content\\\/uploads\\\/2024\\\/02\\\/cropped-Logo.png\",\"width\":240,\"height\":88,\"caption\":\"Mad About Horror\"},\"image\":{\"@id\":\"https:\\\/\\\/madabouthorror.co.uk\\\/#\\\/schema\\\/logo\\\/image\\\/\"},\"sameAs\":[\"https:\\\/\\\/www.facebook.com\\\/madabouthorror\\\/\",\"https:\\\/\\\/www.instagram.com\\\/madabouthorror\\\/\",\"https:\\\/\\\/www.pinterest.co.uk\\\/madabouthorror\\\/\",\"https:\\\/\\\/www.youtube.com\\\/channel\\\/UCBooLOIxjoQ89dj6T5lWm_w\",\"https:\\\/\\\/www.tiktok.com\\\/@weremadabouthorror\"]}]}<\/script>\n<!-- \/ Yoast SEO plugin. -->","yoast_head_json":{"title":"Couteau professionnel pour saigner - Mad About Horror","description":"Couteau de saignement professionnel de Mad About Horror. D\u00e9corations, Animatronics \/ Accessoires \u00e0 vendre. Envoi imm\u00e9diat depuis le stock britannique. Appelez le 01482 935936.","robots":{"index":"index","follow":"follow","max-snippet":"max-snippet:-1","max-image-preview":"max-image-preview:large","max-video-preview":"max-video-preview:-1"},"canonical":"https:\/\/madabouthorror.co.uk\/fr\/product\/professional-bleeding-knife-prop\/","og_locale":"fr_FR","og_type":"article","og_title":"Professional Bleeding Knife Prop - Mad About Horror","og_description":"Professional Bleeding Knife Prop from Mad About Horror. Decorations, Animatronics \/ Props for sale. Immediate Despatch from UK stock. Call 01482 935936.","og_url":"https:\/\/madabouthorror.co.uk\/fr\/product\/professional-bleeding-knife-prop\/","og_site_name":"Mad About Horror","article_publisher":"https:\/\/www.facebook.com\/madabouthorror\/","article_modified_time":"2026-04-17T16:21:18+00:00","og_image":[{"width":1000,"height":1000,"url":"https:\/\/madabouthorror.co.uk\/wp-content\/uploads\/2019\/07\/professional_bleeding_knife_prop.jpg","type":"image\/jpeg"}],"twitter_card":"summary_large_image","twitter_misc":{"Dur\u00e9e de lecture estim\u00e9e":"1 minute"},"schema":{"@context":"https:\/\/schema.org","@graph":[{"@type":["WebPage","ItemPage"],"@id":"https:\/\/madabouthorror.co.uk\/product\/professional-bleeding-knife-prop\/","url":"https:\/\/madabouthorror.co.uk\/product\/professional-bleeding-knife-prop\/","name":"Couteau professionnel pour saigner - Mad About Horror","isPartOf":{"@id":"https:\/\/madabouthorror.co.uk\/#website"},"primaryImageOfPage":{"@id":"https:\/\/madabouthorror.co.uk\/product\/professional-bleeding-knife-prop\/#primaryimage"},"image":{"@id":"https:\/\/madabouthorror.co.uk\/product\/professional-bleeding-knife-prop\/#primaryimage"},"thumbnailUrl":"https:\/\/madabouthorror.co.uk\/wp-content\/uploads\/2019\/07\/professional_bleeding_knife_prop.jpg","datePublished":"2019-07-27T12:49:06+00:00","dateModified":"2026-04-17T16:21:18+00:00","description":"Couteau de saignement professionnel de Mad About Horror. D\u00e9corations, Animatronics \/ Accessoires \u00e0 vendre. Envoi imm\u00e9diat depuis le stock britannique. Appelez le 01482 935936.","breadcrumb":{"@id":"https:\/\/madabouthorror.co.uk\/product\/professional-bleeding-knife-prop\/#breadcrumb"},"inLanguage":"fr-FR","potentialAction":[{"@type":"ReadAction","target":["https:\/\/madabouthorror.co.uk\/product\/professional-bleeding-knife-prop\/"]}]},{"@type":"ImageObject","inLanguage":"fr-FR","@id":"https:\/\/madabouthorror.co.uk\/product\/professional-bleeding-knife-prop\/#primaryimage","url":"https:\/\/madabouthorror.co.uk\/wp-content\/uploads\/2019\/07\/professional_bleeding_knife_prop.jpg","contentUrl":"https:\/\/madabouthorror.co.uk\/wp-content\/uploads\/2019\/07\/professional_bleeding_knife_prop.jpg","width":1000,"height":1000,"caption":"Professional Bleeding Knife Prop-0"},{"@type":"BreadcrumbList","@id":"https:\/\/madabouthorror.co.uk\/product\/professional-bleeding-knife-prop\/#breadcrumb","itemListElement":[{"@type":"ListItem","position":1,"name":"Shop","item":"https:\/\/madabouthorror.co.uk\/shop\/"},{"@type":"ListItem","position":2,"name":"Professional Bleeding Knife Prop"}]},{"@type":"WebSite","@id":"https:\/\/madabouthorror.co.uk\/#website","url":"https:\/\/madabouthorror.co.uk\/","name":"L'horreur en folie","description":"","publisher":{"@id":"https:\/\/madabouthorror.co.uk\/#organization"},"alternateName":"Mad About Horror Limited","potentialAction":[{"@type":"SearchAction","target":{"@type":"EntryPoint","urlTemplate":"https:\/\/madabouthorror.co.uk\/?s={search_term_string}"},"query-input":{"@type":"PropertyValueSpecification","valueRequired":true,"valueName":"search_term_string"}}],"inLanguage":"fr-FR"},{"@type":"Organization","@id":"https:\/\/madabouthorror.co.uk\/#organization","name":"L'horreur en folie","url":"https:\/\/madabouthorror.co.uk\/","logo":{"@type":"ImageObject","inLanguage":"fr-FR","@id":"https:\/\/madabouthorror.co.uk\/#\/schema\/logo\/image\/","url":"https:\/\/madabouthorror.co.uk\/wp-content\/uploads\/2024\/02\/cropped-Logo.png","contentUrl":"https:\/\/madabouthorror.co.uk\/wp-content\/uploads\/2024\/02\/cropped-Logo.png","width":240,"height":88,"caption":"Mad About Horror"},"image":{"@id":"https:\/\/madabouthorror.co.uk\/#\/schema\/logo\/image\/"},"sameAs":["https:\/\/www.facebook.com\/madabouthorror\/","https:\/\/www.instagram.com\/madabouthorror\/","https:\/\/www.pinterest.co.uk\/madabouthorror\/","https:\/\/www.youtube.com\/channel\/UCBooLOIxjoQ89dj6T5lWm_w","https:\/\/www.tiktok.com\/@weremadabouthorror"]}]}},"df_price":189.95,"df_sale_price":"","df_regular_price":189.95,"df_image_link":"https:\/\/madabouthorror.co.uk\/wp-content\/uploads\/2019\/07\/professional_bleeding_knife_prop-300x300.jpg","_links":{"self":[{"href":"https:\/\/madabouthorror.co.uk\/fr\/wp-json\/wp\/v2\/product\/42732","targetHints":{"allow":["GET"]}}],"collection":[{"href":"https:\/\/madabouthorror.co.uk\/fr\/wp-json\/wp\/v2\/product"}],"about":[{"href":"https:\/\/madabouthorror.co.uk\/fr\/wp-json\/wp\/v2\/types\/product"}],"replies":[{"embeddable":true,"href":"https:\/\/madabouthorror.co.uk\/fr\/wp-json\/wp\/v2\/comments?post=42732"}],"wp:featuredmedia":[{"embeddable":true,"href":"https:\/\/madabouthorror.co.uk\/fr\/wp-json\/wp\/v2\/media\/42730"}],"wp:attachment":[{"href":"https:\/\/madabouthorror.co.uk\/fr\/wp-json\/wp\/v2\/media?parent=42732"}],"wp:term":[{"taxonomy":"product_brand","embeddable":true,"href":"https:\/\/madabouthorror.co.uk\/fr\/wp-json\/wp\/v2\/product_brand?post=42732"},{"taxonomy":"product_cat","embeddable":true,"href":"https:\/\/madabouthorror.co.uk\/fr\/wp-json\/wp\/v2\/product_cat?post=42732"},{"taxonomy":"product_tag","embeddable":true,"href":"https:\/\/madabouthorror.co.uk\/fr\/wp-json\/wp\/v2\/product_tag?post=42732"}],"curies":[{"name":"wp","href":"https:\/\/api.w.org\/{rel}","templated":true}]}}