{"id":42751,"date":"2019-07-27T16:14:11","date_gmt":"2019-07-27T15:14:11","guid":{"rendered":"https:\/\/mah.6bdv.ws\/product\/evil-dead-2-kandarian-dagger-prop\/"},"modified":"2026-04-02T16:31:48","modified_gmt":"2026-04-02T15:31:48","slug":"evil-dead-2-kandarian-dagger-prop","status":"publish","type":"product","link":"https:\/\/madabouthorror.co.uk\/fr\/product\/evil-dead-2-kandarian-dagger-prop\/","title":{"rendered":"Evil Dead 2 : Dague kandarienne (accessoire)"},"content":{"rendered":"<p>Lib\u00e9rez les forces obscures avec l'accessoire officiel Evil Dead 2 : Kandarian Dagger de Trick or Treat Studios et Studio Canal. Sculpt\u00e9e par Russ Lukich, cette r\u00e9plique \u00e0 l'\u00e9chelle 1:1 reproduit fid\u00e8lement la dague kandarienne originale vue dans le classique culte Evil Dead 2 : Dead by Dawn. Chaque d\u00e9tail, des dents sculpt\u00e9es \u00e0 la moelle \u00e9pini\u00e8re en passant par le cr\u00e2ne et les os des c\u00f4tes, est m\u00e9ticuleusement recr\u00e9\u00e9.<\/p>\n<p>Fabriqu\u00e9e en r\u00e9sine de haute qualit\u00e9, la dague mesure 25\u2033 de la garde \u00e0 la pointe mortelle. Elle est livr\u00e9e avec un support finement sculpt\u00e9 pour une pr\u00e9sentation s\u00fbre, le tout emball\u00e9 dans une magnifique bo\u00eete de collectionneur. La dague kandarienne est le compl\u00e9ment id\u00e9al de votre costume de sorci\u00e8re, de zombie ou d'Ash le mal\u00e9fique !<\/p>\n<p>&nbsp;<\/p>\n<p>&nbsp;<\/p>","protected":false},"excerpt":{"rendered":"<p>Lib\u00e9rez les forces obscures avec l'accessoire officiel Evil Dead 2 : Kandarian Dagger de Trick or Treat Studios et Studio Canal. Sculpt\u00e9e par Russ Lukich, cette r\u00e9plique \u00e0 l'\u00e9chelle 1:1 reproduit fid\u00e8lement la dague kandarienne originale vue dans le classique culte Evil Dead 2 : Dead by Dawn. Chaque d\u00e9tail, des dents sculpt\u00e9es \u00e0 la colonne vert\u00e9brale [...]<\/p>","protected":false},"featured_media":42748,"comment_status":"closed","ping_status":"closed","template":"","meta":{"_acf_changed":false},"product_brand":[],"product_cat":[10129,10076,10078,10093,6537,10107,10038,6547,9967,6650,6792],"product_tag":[],"class_list":{"0":"post-42751","1":"product","2":"type-product","3":"status-publish","4":"has-post-thumbnail","6":"product_cat-main-gift","7":"product_cat-replica-dolls-props","8":"product_cat-weapons-trick-or-treat-studios","9":"product_cat-indoor-halloween-decorations","10":"product_cat-collectibles","11":"product_cat-licensed-halloween-decorations","12":"product_cat-horror-gifts","13":"product_cat-decorations","14":"product_cat-replica-props","15":"product_cat-evildeadashvevildead","16":"product_cat-trick-or-treat-studios","18":"first","19":"onbackorder","20":"taxable","21":"shipping-taxable","22":"purchasable","23":"product-type-simple"},"supplier_id":471029,"supplier_sku":"RLSC103","barcode":"811501031727","atum_controlled":true,"out_stock_date":"2026-02-15 03:51:20","out_stock_threshold":null,"inheritable":false,"inbound_stock":10,"stock_on_hold":0,"sold_today":0,"sales_last_days":0,"reserved_stock":0,"customer_returns":0,"warehouse_damage":0,"lost_in_post":0,"other_logs":0,"out_stock_days":62,"lost_sales":1328,"has_location":false,"update_date":"2026-04-19T01:58:19","atum_locations":[],"atum_stock_status":"onbackorder","restock_status":false,"low_stock_amount":3,"sales_update_date":"2026-04-19T01:58:17","calc_backorders":0,"acf":[],"yoast_head":"<!-- This site is optimized with the Yoast SEO plugin v27.4 - https:\/\/yoast.com\/product\/yoast-seo-wordpress\/ -->\n<title>Evil Dead 2: Kandarian Dagger Prop - Mad About Horror<\/title>\n<meta name=\"description\" content=\"Officially licensed Evil Dead 2 - Kandarian Dagger Prop by Trick or Treat Studios. Available to buy online from Mad About Horror or call 01482 935936.\" \/>\n<meta name=\"robots\" content=\"index, follow, max-snippet:-1, max-image-preview:large, max-video-preview:-1\" \/>\n<link rel=\"canonical\" href=\"https:\/\/madabouthorror.co.uk\/fr\/product\/evil-dead-2-kandarian-dagger-prop\/\" \/>\n<meta property=\"og:locale\" content=\"fr_FR\" \/>\n<meta property=\"og:type\" content=\"article\" \/>\n<meta property=\"og:title\" content=\"Evil Dead 2: Kandarian Dagger Prop - Mad About Horror\" \/>\n<meta property=\"og:description\" content=\"Officially licensed Evil Dead 2 - Kandarian Dagger Prop by Trick or Treat Studios. Available to buy online from Mad About Horror or call 01482 935936.\" \/>\n<meta property=\"og:url\" content=\"https:\/\/madabouthorror.co.uk\/fr\/product\/evil-dead-2-kandarian-dagger-prop\/\" \/>\n<meta property=\"og:site_name\" content=\"Mad About Horror\" \/>\n<meta property=\"article:publisher\" content=\"https:\/\/www.facebook.com\/madabouthorror\/\" \/>\n<meta property=\"article:modified_time\" content=\"2026-04-02T15:31:48+00:00\" \/>\n<meta property=\"og:image\" content=\"https:\/\/madabouthorror.co.uk\/wp-content\/uploads\/2019\/07\/evil_dead_2_kandarian_dagger_prop_trick_or_treat_studios_3.jpg\" \/>\n\t<meta property=\"og:image:width\" content=\"1000\" \/>\n\t<meta property=\"og:image:height\" content=\"1000\" \/>\n\t<meta property=\"og:image:type\" content=\"image\/jpeg\" \/>\n<meta name=\"twitter:card\" content=\"summary_large_image\" \/>\n<meta name=\"twitter:label1\" content=\"Dur\u00e9e de lecture estim\u00e9e\" \/>\n\t<meta name=\"twitter:data1\" content=\"1 minute\" \/>\n<script type=\"application\/ld+json\" class=\"yoast-schema-graph\">{\"@context\":\"https:\\\/\\\/schema.org\",\"@graph\":[{\"@type\":[\"WebPage\",\"ItemPage\"],\"@id\":\"https:\\\/\\\/madabouthorror.co.uk\\\/product\\\/evil-dead-2-kandarian-dagger-prop\\\/\",\"url\":\"https:\\\/\\\/madabouthorror.co.uk\\\/product\\\/evil-dead-2-kandarian-dagger-prop\\\/\",\"name\":\"Evil Dead 2: Kandarian Dagger Prop - Mad About Horror\",\"isPartOf\":{\"@id\":\"https:\\\/\\\/madabouthorror.co.uk\\\/#website\"},\"primaryImageOfPage\":{\"@id\":\"https:\\\/\\\/madabouthorror.co.uk\\\/product\\\/evil-dead-2-kandarian-dagger-prop\\\/#primaryimage\"},\"image\":{\"@id\":\"https:\\\/\\\/madabouthorror.co.uk\\\/product\\\/evil-dead-2-kandarian-dagger-prop\\\/#primaryimage\"},\"thumbnailUrl\":\"https:\\\/\\\/madabouthorror.co.uk\\\/wp-content\\\/uploads\\\/2019\\\/07\\\/evil_dead_2_kandarian_dagger_prop_trick_or_treat_studios_3.jpg\",\"datePublished\":\"2019-07-27T15:14:11+00:00\",\"dateModified\":\"2026-04-02T15:31:48+00:00\",\"description\":\"Officially licensed Evil Dead 2 - Kandarian Dagger Prop by Trick or Treat Studios. Available to buy online from Mad About Horror or call 01482 935936.\",\"breadcrumb\":{\"@id\":\"https:\\\/\\\/madabouthorror.co.uk\\\/product\\\/evil-dead-2-kandarian-dagger-prop\\\/#breadcrumb\"},\"inLanguage\":\"fr-FR\",\"potentialAction\":[{\"@type\":\"ReadAction\",\"target\":[\"https:\\\/\\\/madabouthorror.co.uk\\\/product\\\/evil-dead-2-kandarian-dagger-prop\\\/\"]}]},{\"@type\":\"ImageObject\",\"inLanguage\":\"fr-FR\",\"@id\":\"https:\\\/\\\/madabouthorror.co.uk\\\/product\\\/evil-dead-2-kandarian-dagger-prop\\\/#primaryimage\",\"url\":\"https:\\\/\\\/madabouthorror.co.uk\\\/wp-content\\\/uploads\\\/2019\\\/07\\\/evil_dead_2_kandarian_dagger_prop_trick_or_treat_studios_3.jpg\",\"contentUrl\":\"https:\\\/\\\/madabouthorror.co.uk\\\/wp-content\\\/uploads\\\/2019\\\/07\\\/evil_dead_2_kandarian_dagger_prop_trick_or_treat_studios_3.jpg\",\"width\":1000,\"height\":1000,\"caption\":\"trick or treat studios Evil Dead 2: Kandarian Dagger Prop\"},{\"@type\":\"BreadcrumbList\",\"@id\":\"https:\\\/\\\/madabouthorror.co.uk\\\/product\\\/evil-dead-2-kandarian-dagger-prop\\\/#breadcrumb\",\"itemListElement\":[{\"@type\":\"ListItem\",\"position\":1,\"name\":\"Shop\",\"item\":\"https:\\\/\\\/madabouthorror.co.uk\\\/shop\\\/\"},{\"@type\":\"ListItem\",\"position\":2,\"name\":\"Evil Dead 2: Kandarian Dagger Prop\"}]},{\"@type\":\"WebSite\",\"@id\":\"https:\\\/\\\/madabouthorror.co.uk\\\/#website\",\"url\":\"https:\\\/\\\/madabouthorror.co.uk\\\/\",\"name\":\"Mad About Horror\",\"description\":\"\",\"publisher\":{\"@id\":\"https:\\\/\\\/madabouthorror.co.uk\\\/#organization\"},\"alternateName\":\"Mad About Horror Limited\",\"potentialAction\":[{\"@type\":\"SearchAction\",\"target\":{\"@type\":\"EntryPoint\",\"urlTemplate\":\"https:\\\/\\\/madabouthorror.co.uk\\\/?s={search_term_string}\"},\"query-input\":{\"@type\":\"PropertyValueSpecification\",\"valueRequired\":true,\"valueName\":\"search_term_string\"}}],\"inLanguage\":\"fr-FR\"},{\"@type\":\"Organization\",\"@id\":\"https:\\\/\\\/madabouthorror.co.uk\\\/#organization\",\"name\":\"Mad About Horror\",\"url\":\"https:\\\/\\\/madabouthorror.co.uk\\\/\",\"logo\":{\"@type\":\"ImageObject\",\"inLanguage\":\"fr-FR\",\"@id\":\"https:\\\/\\\/madabouthorror.co.uk\\\/#\\\/schema\\\/logo\\\/image\\\/\",\"url\":\"https:\\\/\\\/madabouthorror.co.uk\\\/wp-content\\\/uploads\\\/2024\\\/02\\\/cropped-Logo.png\",\"contentUrl\":\"https:\\\/\\\/madabouthorror.co.uk\\\/wp-content\\\/uploads\\\/2024\\\/02\\\/cropped-Logo.png\",\"width\":240,\"height\":88,\"caption\":\"Mad About Horror\"},\"image\":{\"@id\":\"https:\\\/\\\/madabouthorror.co.uk\\\/#\\\/schema\\\/logo\\\/image\\\/\"},\"sameAs\":[\"https:\\\/\\\/www.facebook.com\\\/madabouthorror\\\/\",\"https:\\\/\\\/www.instagram.com\\\/madabouthorror\\\/\",\"https:\\\/\\\/www.pinterest.co.uk\\\/madabouthorror\\\/\",\"https:\\\/\\\/www.youtube.com\\\/channel\\\/UCBooLOIxjoQ89dj6T5lWm_w\",\"https:\\\/\\\/www.tiktok.com\\\/@weremadabouthorror\"]}]}<\/script>\n<!-- \/ Yoast SEO plugin. -->","yoast_head_json":{"title":"Evil Dead 2 : Dague Kandarian Prop - Mad About Horror","description":"Licence officielle Evil Dead 2 - Kandarian Dagger Prop by Trick or Treat Studios. Disponible \u00e0 l'achat en ligne aupr\u00e8s de Mad About Horror ou en appelant le 01482 935936.","robots":{"index":"index","follow":"follow","max-snippet":"max-snippet:-1","max-image-preview":"max-image-preview:large","max-video-preview":"max-video-preview:-1"},"canonical":"https:\/\/madabouthorror.co.uk\/fr\/product\/evil-dead-2-kandarian-dagger-prop\/","og_locale":"fr_FR","og_type":"article","og_title":"Evil Dead 2: Kandarian Dagger Prop - Mad About Horror","og_description":"Officially licensed Evil Dead 2 - Kandarian Dagger Prop by Trick or Treat Studios. Available to buy online from Mad About Horror or call 01482 935936.","og_url":"https:\/\/madabouthorror.co.uk\/fr\/product\/evil-dead-2-kandarian-dagger-prop\/","og_site_name":"Mad About Horror","article_publisher":"https:\/\/www.facebook.com\/madabouthorror\/","article_modified_time":"2026-04-02T15:31:48+00:00","og_image":[{"width":1000,"height":1000,"url":"https:\/\/madabouthorror.co.uk\/wp-content\/uploads\/2019\/07\/evil_dead_2_kandarian_dagger_prop_trick_or_treat_studios_3.jpg","type":"image\/jpeg"}],"twitter_card":"summary_large_image","twitter_misc":{"Dur\u00e9e de lecture estim\u00e9e":"1 minute"},"schema":{"@context":"https:\/\/schema.org","@graph":[{"@type":["WebPage","ItemPage"],"@id":"https:\/\/madabouthorror.co.uk\/product\/evil-dead-2-kandarian-dagger-prop\/","url":"https:\/\/madabouthorror.co.uk\/product\/evil-dead-2-kandarian-dagger-prop\/","name":"Evil Dead 2 : Dague Kandarian Prop - Mad About Horror","isPartOf":{"@id":"https:\/\/madabouthorror.co.uk\/#website"},"primaryImageOfPage":{"@id":"https:\/\/madabouthorror.co.uk\/product\/evil-dead-2-kandarian-dagger-prop\/#primaryimage"},"image":{"@id":"https:\/\/madabouthorror.co.uk\/product\/evil-dead-2-kandarian-dagger-prop\/#primaryimage"},"thumbnailUrl":"https:\/\/madabouthorror.co.uk\/wp-content\/uploads\/2019\/07\/evil_dead_2_kandarian_dagger_prop_trick_or_treat_studios_3.jpg","datePublished":"2019-07-27T15:14:11+00:00","dateModified":"2026-04-02T15:31:48+00:00","description":"Licence officielle Evil Dead 2 - Kandarian Dagger Prop by Trick or Treat Studios. Disponible \u00e0 l'achat en ligne aupr\u00e8s de Mad About Horror ou en appelant le 01482 935936.","breadcrumb":{"@id":"https:\/\/madabouthorror.co.uk\/product\/evil-dead-2-kandarian-dagger-prop\/#breadcrumb"},"inLanguage":"fr-FR","potentialAction":[{"@type":"ReadAction","target":["https:\/\/madabouthorror.co.uk\/product\/evil-dead-2-kandarian-dagger-prop\/"]}]},{"@type":"ImageObject","inLanguage":"fr-FR","@id":"https:\/\/madabouthorror.co.uk\/product\/evil-dead-2-kandarian-dagger-prop\/#primaryimage","url":"https:\/\/madabouthorror.co.uk\/wp-content\/uploads\/2019\/07\/evil_dead_2_kandarian_dagger_prop_trick_or_treat_studios_3.jpg","contentUrl":"https:\/\/madabouthorror.co.uk\/wp-content\/uploads\/2019\/07\/evil_dead_2_kandarian_dagger_prop_trick_or_treat_studios_3.jpg","width":1000,"height":1000,"caption":"trick or treat studios Evil Dead 2: Kandarian Dagger Prop"},{"@type":"BreadcrumbList","@id":"https:\/\/madabouthorror.co.uk\/product\/evil-dead-2-kandarian-dagger-prop\/#breadcrumb","itemListElement":[{"@type":"ListItem","position":1,"name":"Shop","item":"https:\/\/madabouthorror.co.uk\/shop\/"},{"@type":"ListItem","position":2,"name":"Evil Dead 2: Kandarian Dagger Prop"}]},{"@type":"WebSite","@id":"https:\/\/madabouthorror.co.uk\/#website","url":"https:\/\/madabouthorror.co.uk\/","name":"L'horreur en folie","description":"","publisher":{"@id":"https:\/\/madabouthorror.co.uk\/#organization"},"alternateName":"Mad About Horror Limited","potentialAction":[{"@type":"SearchAction","target":{"@type":"EntryPoint","urlTemplate":"https:\/\/madabouthorror.co.uk\/?s={search_term_string}"},"query-input":{"@type":"PropertyValueSpecification","valueRequired":true,"valueName":"search_term_string"}}],"inLanguage":"fr-FR"},{"@type":"Organization","@id":"https:\/\/madabouthorror.co.uk\/#organization","name":"L'horreur en folie","url":"https:\/\/madabouthorror.co.uk\/","logo":{"@type":"ImageObject","inLanguage":"fr-FR","@id":"https:\/\/madabouthorror.co.uk\/#\/schema\/logo\/image\/","url":"https:\/\/madabouthorror.co.uk\/wp-content\/uploads\/2024\/02\/cropped-Logo.png","contentUrl":"https:\/\/madabouthorror.co.uk\/wp-content\/uploads\/2024\/02\/cropped-Logo.png","width":240,"height":88,"caption":"Mad About Horror"},"image":{"@id":"https:\/\/madabouthorror.co.uk\/#\/schema\/logo\/image\/"},"sameAs":["https:\/\/www.facebook.com\/madabouthorror\/","https:\/\/www.instagram.com\/madabouthorror\/","https:\/\/www.pinterest.co.uk\/madabouthorror\/","https:\/\/www.youtube.com\/channel\/UCBooLOIxjoQ89dj6T5lWm_w","https:\/\/www.tiktok.com\/@weremadabouthorror"]}]}},"df_price":156.2,"df_sale_price":"","df_regular_price":156.2,"df_image_link":"https:\/\/madabouthorror.co.uk\/wp-content\/uploads\/2019\/07\/evil_dead_2_kandarian_dagger_prop_trick_or_treat_studios_3-300x300.jpg","_links":{"self":[{"href":"https:\/\/madabouthorror.co.uk\/fr\/wp-json\/wp\/v2\/product\/42751","targetHints":{"allow":["GET"]}}],"collection":[{"href":"https:\/\/madabouthorror.co.uk\/fr\/wp-json\/wp\/v2\/product"}],"about":[{"href":"https:\/\/madabouthorror.co.uk\/fr\/wp-json\/wp\/v2\/types\/product"}],"replies":[{"embeddable":true,"href":"https:\/\/madabouthorror.co.uk\/fr\/wp-json\/wp\/v2\/comments?post=42751"}],"wp:featuredmedia":[{"embeddable":true,"href":"https:\/\/madabouthorror.co.uk\/fr\/wp-json\/wp\/v2\/media\/42748"}],"wp:attachment":[{"href":"https:\/\/madabouthorror.co.uk\/fr\/wp-json\/wp\/v2\/media?parent=42751"}],"wp:term":[{"taxonomy":"product_brand","embeddable":true,"href":"https:\/\/madabouthorror.co.uk\/fr\/wp-json\/wp\/v2\/product_brand?post=42751"},{"taxonomy":"product_cat","embeddable":true,"href":"https:\/\/madabouthorror.co.uk\/fr\/wp-json\/wp\/v2\/product_cat?post=42751"},{"taxonomy":"product_tag","embeddable":true,"href":"https:\/\/madabouthorror.co.uk\/fr\/wp-json\/wp\/v2\/product_tag?post=42751"}],"curies":[{"name":"wp","href":"https:\/\/api.w.org\/{rel}","templated":true}]}}