{"id":42792,"date":"2023-08-09T15:23:34","date_gmt":"2023-08-09T14:23:34","guid":{"rendered":"https:\/\/mah.6bdv.ws\/product\/trick-or-treat-studios-seed-of-chucky-one-to-one-scale-tiffany-doll\/"},"modified":"2026-04-02T16:16:41","modified_gmt":"2026-04-02T15:16:41","slug":"trick-or-treat-studios-seed-of-chucky-one-to-one-scale-tiffany-doll","status":"publish","type":"product","link":"https:\/\/madabouthorror.co.uk\/fr\/product\/trick-or-treat-studios-seed-of-chucky-one-to-one-scale-tiffany-doll\/","title":{"rendered":"TOTS Seed of Chucky Poup\u00e9e Tiffany \u00e0 l'\u00e9chelle 1:1"},"content":{"rendered":"<p>La poup\u00e9e Tiffany Seed of Chucky de Trick or Treat Studios, sous licence officielle, est la poup\u00e9e Tiffany la plus fid\u00e8le \u00e0 l'\u00e9cran jamais cr\u00e9\u00e9e. D\u00e9velopp\u00e9e par Tony Gardner et Alterian Inc, la m\u00eame soci\u00e9t\u00e9 responsable de la poup\u00e9e utilis\u00e9e \u00e0 l'\u00e9cran, chaque d\u00e9tail de cette poup\u00e9e est d\u00e9riv\u00e9 directement des moules originaux, y compris les v\u00eatements reproduits \u00e0 partir des \u00e9chantillons utilis\u00e9s \u00e0 l'\u00e9cran. Tiffany arbore un sourire mena\u00e7ant et un tatouage chucky fid\u00e8le au film.<\/p>\n<p>Le corps de la poup\u00e9e est fait de mousse souple et flexible entour\u00e9e d'un cadre en aluminium industriel dense, assurant une durabilit\u00e9 et une stabilit\u00e9 maximales. Cela vous permet de poser la poup\u00e9e comme vous le souhaitez !<\/p>\n<p>Votre commande comprend la poup\u00e9e et une impressionnante bo\u00eete de collection Seed of Chucky. Commandez d\u00e8s aujourd'hui votre poup\u00e9e Seed of Chucky Tiffany Doll pour poss\u00e9der une pi\u00e8ce authentique du film et faire r\u00e9gner la terreur chez vous.<\/p>\n<p>D\u00e9couvrez notre gamme compl\u00e8te de produits <a href=\"https:\/\/madabouthorror.co.uk\/fr\/c\/movie\/childsplaychucky\/\">Chucky et Tiffany<\/a>.<\/p>\n<p><span style=\"text-decoration: underline;\"><strong>CLAUSE DE NON-RESPONSABILIT\u00c9 - \u00c0 LIRE<\/strong><\/span><\/p>\n<p>Bien que nous fassions tout notre possible pour emballer soigneusement les produits, nous ne pouvons pas garantir que la bo\u00eete arrivera intacte pour les envois internationaux. Malheureusement, nous ne sommes pas en mesure de fournir des remplacements ou de traiter les r\u00e9clamations pour des dommages de cette nature. D'apr\u00e8s notre exp\u00e9rience, les poup\u00e9es elles-m\u00eames ne sont g\u00e9n\u00e9ralement pas endommag\u00e9es pendant le transport.<\/p>\n<p>Si l'\u00e9tat de la bo\u00eete est crucial pour vous, r\u00e9fl\u00e9chissez \u00e0 l'opportunit\u00e9 de cet achat.<\/p>\n<p><strong>A noter<\/strong> Ces r\u00e9pliques \u00e0 l'\u00e9chelle 1:1 sont des pi\u00e8ces de collection. Elles sont dot\u00e9es d'un cadre en fil de fer flexible et d'une couche de mousse dense pour le corps, con\u00e7ue pour des poses d\u00e9licates. Des poses r\u00e9p\u00e9t\u00e9es ou extr\u00eames peuvent provoquer des d\u00e9chirures dans la mousse. Ces d\u00e9chirures n'acc\u00e9l\u00e8rent cependant pas la d\u00e9t\u00e9rioration de la mousse et ne sont pas consid\u00e9r\u00e9es comme un probl\u00e8me structurel.<\/p>","protected":false},"excerpt":{"rendered":"<p>La poup\u00e9e Tiffany Seed of Chucky de Trick or Treat Studios, sous licence officielle, est la poup\u00e9e Tiffany la plus fid\u00e8le \u00e0 l'\u00e9cran jamais cr\u00e9\u00e9e. D\u00e9velopp\u00e9e par Tony Gardner et Alterian Inc, la m\u00eame soci\u00e9t\u00e9 responsable de la poup\u00e9e utilis\u00e9e \u00e0 l'\u00e9cran, chaque d\u00e9tail de cette poup\u00e9e est d\u00e9riv\u00e9 directement des moules originaux, y compris les v\u00eatements reproduits \u00e0 partir des \u00e9chantillons utilis\u00e9s \u00e0 l'\u00e9cran. [...]<\/p>","protected":false},"featured_media":42785,"comment_status":"closed","ping_status":"closed","template":"","meta":{"_acf_changed":false},"product_brand":[],"product_cat":[10133,10129,10134,10076,10130,10093,9946,6537,10107,10038,6547,6728,9924,6792],"product_tag":[],"class_list":{"0":"post-42792","1":"product","2":"type-product","3":"status-publish","4":"has-post-thumbnail","6":"product_cat-chucky-dolls-childs-play","7":"product_cat-main-gift","8":"product_cat-official-replica-dolls-accessories","9":"product_cat-replica-dolls-props","10":"product_cat-top-50-gifts","11":"product_cat-indoor-halloween-decorations","12":"product_cat-replica-dolls","13":"product_cat-collectibles","14":"product_cat-licensed-halloween-decorations","15":"product_cat-horror-gifts","16":"product_cat-decorations","17":"product_cat-premium","18":"product_cat-trick-or-treat-studios-last-chance","19":"product_cat-trick-or-treat-studios","20":"product_shipping_class-props","22":"first","23":"instock","24":"taxable","25":"shipping-taxable","26":"purchasable","27":"product-type-simple"},"supplier_id":471029,"supplier_sku":"TGUS113-D","barcode":"811501034087","atum_controlled":true,"out_stock_date":null,"out_stock_threshold":null,"inheritable":false,"inbound_stock":0,"stock_on_hold":0,"sold_today":0,"sales_last_days":0,"reserved_stock":0,"customer_returns":0,"warehouse_damage":0,"lost_in_post":0,"other_logs":0,"out_stock_days":0,"lost_sales":0,"has_location":false,"update_date":"2026-04-05T01:37:31","atum_locations":[],"atum_stock_status":"instock","restock_status":false,"low_stock_amount":"","sales_update_date":"2026-04-05T01:37:29","calc_backorders":null,"acf":[],"yoast_head":"<!-- This site is optimized with the Yoast SEO plugin v27.3 - https:\/\/yoast.com\/product\/yoast-seo-wordpress\/ -->\n<title>Seed of Chucky Tiffany Doll Glen Doll | One to One Scale | Mad About Horror<\/title>\n<meta name=\"description\" content=\"Seed of Chucky Tiffany Doll Glen Doll | One to One Scale - Life Size. UK Stock, Fast Delivery. Shop the Biggest Range of Horror Collectibles in the UK.\" \/>\n<meta name=\"robots\" content=\"index, follow, max-snippet:-1, max-image-preview:large, max-video-preview:-1\" \/>\n<link rel=\"canonical\" href=\"https:\/\/madabouthorror.co.uk\/fr\/product\/trick-or-treat-studios-seed-of-chucky-one-to-one-scale-tiffany-doll\/\" \/>\n<meta property=\"og:locale\" content=\"fr_FR\" \/>\n<meta property=\"og:type\" content=\"article\" \/>\n<meta property=\"og:title\" content=\"Seed of Chucky Tiffany Doll Glen Doll | One to One Scale | Mad About Horror\" \/>\n<meta property=\"og:description\" content=\"Seed of Chucky Tiffany Doll Glen Doll | One to One Scale - Life Size. UK Stock, Fast Delivery. Shop the Biggest Range of Horror Collectibles in the UK.\" \/>\n<meta property=\"og:url\" content=\"https:\/\/madabouthorror.co.uk\/fr\/product\/trick-or-treat-studios-seed-of-chucky-one-to-one-scale-tiffany-doll\/\" \/>\n<meta property=\"og:site_name\" content=\"Mad About Horror\" \/>\n<meta property=\"article:publisher\" content=\"https:\/\/www.facebook.com\/madabouthorror\/\" \/>\n<meta property=\"article:modified_time\" content=\"2026-04-02T15:16:41+00:00\" \/>\n<meta property=\"og:image\" content=\"https:\/\/madabouthorror.co.uk\/wp-content\/uploads\/2019\/08\/2_trick_or_treat_studios_seed_of_chucky_tiffany_doll.jpg\" \/>\n\t<meta property=\"og:image:width\" content=\"650\" \/>\n\t<meta property=\"og:image:height\" content=\"650\" \/>\n\t<meta property=\"og:image:type\" content=\"image\/jpeg\" \/>\n<meta name=\"twitter:card\" content=\"summary_large_image\" \/>\n<meta name=\"twitter:label1\" content=\"Dur\u00e9e de lecture estim\u00e9e\" \/>\n\t<meta name=\"twitter:data1\" content=\"2 minutes\" \/>\n<script type=\"application\/ld+json\" class=\"yoast-schema-graph\">{\"@context\":\"https:\\\/\\\/schema.org\",\"@graph\":[{\"@type\":[\"WebPage\",\"ItemPage\"],\"@id\":\"https:\\\/\\\/madabouthorror.co.uk\\\/product\\\/trick-or-treat-studios-seed-of-chucky-one-to-one-scale-tiffany-doll\\\/\",\"url\":\"https:\\\/\\\/madabouthorror.co.uk\\\/product\\\/trick-or-treat-studios-seed-of-chucky-one-to-one-scale-tiffany-doll\\\/\",\"name\":\"Seed of Chucky Tiffany Doll Glen Doll | One to One Scale | Mad About Horror\",\"isPartOf\":{\"@id\":\"https:\\\/\\\/madabouthorror.co.uk\\\/#website\"},\"primaryImageOfPage\":{\"@id\":\"https:\\\/\\\/madabouthorror.co.uk\\\/product\\\/trick-or-treat-studios-seed-of-chucky-one-to-one-scale-tiffany-doll\\\/#primaryimage\"},\"image\":{\"@id\":\"https:\\\/\\\/madabouthorror.co.uk\\\/product\\\/trick-or-treat-studios-seed-of-chucky-one-to-one-scale-tiffany-doll\\\/#primaryimage\"},\"thumbnailUrl\":\"https:\\\/\\\/madabouthorror.co.uk\\\/wp-content\\\/uploads\\\/2019\\\/08\\\/2_trick_or_treat_studios_seed_of_chucky_tiffany_doll.jpg\",\"datePublished\":\"2023-08-09T14:23:34+00:00\",\"dateModified\":\"2026-04-02T15:16:41+00:00\",\"description\":\"Seed of Chucky Tiffany Doll Glen Doll | One to One Scale - Life Size. UK Stock, Fast Delivery. Shop the Biggest Range of Horror Collectibles in the UK.\",\"breadcrumb\":{\"@id\":\"https:\\\/\\\/madabouthorror.co.uk\\\/product\\\/trick-or-treat-studios-seed-of-chucky-one-to-one-scale-tiffany-doll\\\/#breadcrumb\"},\"inLanguage\":\"fr-FR\",\"potentialAction\":[{\"@type\":\"ReadAction\",\"target\":[\"https:\\\/\\\/madabouthorror.co.uk\\\/product\\\/trick-or-treat-studios-seed-of-chucky-one-to-one-scale-tiffany-doll\\\/\"]}]},{\"@type\":\"ImageObject\",\"inLanguage\":\"fr-FR\",\"@id\":\"https:\\\/\\\/madabouthorror.co.uk\\\/product\\\/trick-or-treat-studios-seed-of-chucky-one-to-one-scale-tiffany-doll\\\/#primaryimage\",\"url\":\"https:\\\/\\\/madabouthorror.co.uk\\\/wp-content\\\/uploads\\\/2019\\\/08\\\/2_trick_or_treat_studios_seed_of_chucky_tiffany_doll.jpg\",\"contentUrl\":\"https:\\\/\\\/madabouthorror.co.uk\\\/wp-content\\\/uploads\\\/2019\\\/08\\\/2_trick_or_treat_studios_seed_of_chucky_tiffany_doll.jpg\",\"width\":650,\"height\":650,\"caption\":\"Seed of Chucky One to One Scale Tiffany Doll -\u00a0Trick or Treat Studios\"},{\"@type\":\"BreadcrumbList\",\"@id\":\"https:\\\/\\\/madabouthorror.co.uk\\\/product\\\/trick-or-treat-studios-seed-of-chucky-one-to-one-scale-tiffany-doll\\\/#breadcrumb\",\"itemListElement\":[{\"@type\":\"ListItem\",\"position\":1,\"name\":\"Shop\",\"item\":\"https:\\\/\\\/madabouthorror.co.uk\\\/shop\\\/\"},{\"@type\":\"ListItem\",\"position\":2,\"name\":\"TOTS Seed of Chucky 1:1 Scale Tiffany Doll\"}]},{\"@type\":\"WebSite\",\"@id\":\"https:\\\/\\\/madabouthorror.co.uk\\\/#website\",\"url\":\"https:\\\/\\\/madabouthorror.co.uk\\\/\",\"name\":\"Mad About Horror\",\"description\":\"\",\"publisher\":{\"@id\":\"https:\\\/\\\/madabouthorror.co.uk\\\/#organization\"},\"alternateName\":\"Mad About Horror Limited\",\"potentialAction\":[{\"@type\":\"SearchAction\",\"target\":{\"@type\":\"EntryPoint\",\"urlTemplate\":\"https:\\\/\\\/madabouthorror.co.uk\\\/?s={search_term_string}\"},\"query-input\":{\"@type\":\"PropertyValueSpecification\",\"valueRequired\":true,\"valueName\":\"search_term_string\"}}],\"inLanguage\":\"fr-FR\"},{\"@type\":\"Organization\",\"@id\":\"https:\\\/\\\/madabouthorror.co.uk\\\/#organization\",\"name\":\"Mad About Horror\",\"url\":\"https:\\\/\\\/madabouthorror.co.uk\\\/\",\"logo\":{\"@type\":\"ImageObject\",\"inLanguage\":\"fr-FR\",\"@id\":\"https:\\\/\\\/madabouthorror.co.uk\\\/#\\\/schema\\\/logo\\\/image\\\/\",\"url\":\"https:\\\/\\\/madabouthorror.co.uk\\\/wp-content\\\/uploads\\\/2024\\\/02\\\/cropped-Logo.png\",\"contentUrl\":\"https:\\\/\\\/madabouthorror.co.uk\\\/wp-content\\\/uploads\\\/2024\\\/02\\\/cropped-Logo.png\",\"width\":240,\"height\":88,\"caption\":\"Mad About Horror\"},\"image\":{\"@id\":\"https:\\\/\\\/madabouthorror.co.uk\\\/#\\\/schema\\\/logo\\\/image\\\/\"},\"sameAs\":[\"https:\\\/\\\/www.facebook.com\\\/madabouthorror\\\/\",\"https:\\\/\\\/www.instagram.com\\\/madabouthorror\\\/\",\"https:\\\/\\\/www.pinterest.co.uk\\\/madabouthorror\\\/\",\"https:\\\/\\\/www.youtube.com\\\/channel\\\/UCBooLOIxjoQ89dj6T5lWm_w\",\"https:\\\/\\\/www.tiktok.com\\\/@weremadabouthorror\"]}]}<\/script>\n<!-- \/ Yoast SEO plugin. -->","yoast_head_json":{"title":"Seed of Chucky Tiffany Doll Glen Doll | One to One Scale | Mad About Horror","description":"Seed of Chucky Tiffany Doll Glen Doll | One to One Scale - Life Size. Livraison rapide. Le plus grand choix d'objets de collection d'horreur au Royaume-Uni.","robots":{"index":"index","follow":"follow","max-snippet":"max-snippet:-1","max-image-preview":"max-image-preview:large","max-video-preview":"max-video-preview:-1"},"canonical":"https:\/\/madabouthorror.co.uk\/fr\/product\/trick-or-treat-studios-seed-of-chucky-one-to-one-scale-tiffany-doll\/","og_locale":"fr_FR","og_type":"article","og_title":"Seed of Chucky Tiffany Doll Glen Doll | One to One Scale | Mad About Horror","og_description":"Seed of Chucky Tiffany Doll Glen Doll | One to One Scale - Life Size. UK Stock, Fast Delivery. Shop the Biggest Range of Horror Collectibles in the UK.","og_url":"https:\/\/madabouthorror.co.uk\/fr\/product\/trick-or-treat-studios-seed-of-chucky-one-to-one-scale-tiffany-doll\/","og_site_name":"Mad About Horror","article_publisher":"https:\/\/www.facebook.com\/madabouthorror\/","article_modified_time":"2026-04-02T15:16:41+00:00","og_image":[{"width":650,"height":650,"url":"https:\/\/madabouthorror.co.uk\/wp-content\/uploads\/2019\/08\/2_trick_or_treat_studios_seed_of_chucky_tiffany_doll.jpg","type":"image\/jpeg"}],"twitter_card":"summary_large_image","twitter_misc":{"Dur\u00e9e de lecture estim\u00e9e":"2 minutes"},"schema":{"@context":"https:\/\/schema.org","@graph":[{"@type":["WebPage","ItemPage"],"@id":"https:\/\/madabouthorror.co.uk\/product\/trick-or-treat-studios-seed-of-chucky-one-to-one-scale-tiffany-doll\/","url":"https:\/\/madabouthorror.co.uk\/product\/trick-or-treat-studios-seed-of-chucky-one-to-one-scale-tiffany-doll\/","name":"Seed of Chucky Tiffany Doll Glen Doll | One to One Scale | Mad About Horror","isPartOf":{"@id":"https:\/\/madabouthorror.co.uk\/#website"},"primaryImageOfPage":{"@id":"https:\/\/madabouthorror.co.uk\/product\/trick-or-treat-studios-seed-of-chucky-one-to-one-scale-tiffany-doll\/#primaryimage"},"image":{"@id":"https:\/\/madabouthorror.co.uk\/product\/trick-or-treat-studios-seed-of-chucky-one-to-one-scale-tiffany-doll\/#primaryimage"},"thumbnailUrl":"https:\/\/madabouthorror.co.uk\/wp-content\/uploads\/2019\/08\/2_trick_or_treat_studios_seed_of_chucky_tiffany_doll.jpg","datePublished":"2023-08-09T14:23:34+00:00","dateModified":"2026-04-02T15:16:41+00:00","description":"Seed of Chucky Tiffany Doll Glen Doll | One to One Scale - Life Size. Livraison rapide. Le plus grand choix d'objets de collection d'horreur au Royaume-Uni.","breadcrumb":{"@id":"https:\/\/madabouthorror.co.uk\/product\/trick-or-treat-studios-seed-of-chucky-one-to-one-scale-tiffany-doll\/#breadcrumb"},"inLanguage":"fr-FR","potentialAction":[{"@type":"ReadAction","target":["https:\/\/madabouthorror.co.uk\/product\/trick-or-treat-studios-seed-of-chucky-one-to-one-scale-tiffany-doll\/"]}]},{"@type":"ImageObject","inLanguage":"fr-FR","@id":"https:\/\/madabouthorror.co.uk\/product\/trick-or-treat-studios-seed-of-chucky-one-to-one-scale-tiffany-doll\/#primaryimage","url":"https:\/\/madabouthorror.co.uk\/wp-content\/uploads\/2019\/08\/2_trick_or_treat_studios_seed_of_chucky_tiffany_doll.jpg","contentUrl":"https:\/\/madabouthorror.co.uk\/wp-content\/uploads\/2019\/08\/2_trick_or_treat_studios_seed_of_chucky_tiffany_doll.jpg","width":650,"height":650,"caption":"Seed of Chucky One to One Scale Tiffany Doll -\u00a0Trick or Treat Studios"},{"@type":"BreadcrumbList","@id":"https:\/\/madabouthorror.co.uk\/product\/trick-or-treat-studios-seed-of-chucky-one-to-one-scale-tiffany-doll\/#breadcrumb","itemListElement":[{"@type":"ListItem","position":1,"name":"Shop","item":"https:\/\/madabouthorror.co.uk\/shop\/"},{"@type":"ListItem","position":2,"name":"TOTS Seed of Chucky 1:1 Scale Tiffany Doll"}]},{"@type":"WebSite","@id":"https:\/\/madabouthorror.co.uk\/#website","url":"https:\/\/madabouthorror.co.uk\/","name":"L'horreur en folie","description":"","publisher":{"@id":"https:\/\/madabouthorror.co.uk\/#organization"},"alternateName":"Mad About Horror Limited","potentialAction":[{"@type":"SearchAction","target":{"@type":"EntryPoint","urlTemplate":"https:\/\/madabouthorror.co.uk\/?s={search_term_string}"},"query-input":{"@type":"PropertyValueSpecification","valueRequired":true,"valueName":"search_term_string"}}],"inLanguage":"fr-FR"},{"@type":"Organization","@id":"https:\/\/madabouthorror.co.uk\/#organization","name":"L'horreur en folie","url":"https:\/\/madabouthorror.co.uk\/","logo":{"@type":"ImageObject","inLanguage":"fr-FR","@id":"https:\/\/madabouthorror.co.uk\/#\/schema\/logo\/image\/","url":"https:\/\/madabouthorror.co.uk\/wp-content\/uploads\/2024\/02\/cropped-Logo.png","contentUrl":"https:\/\/madabouthorror.co.uk\/wp-content\/uploads\/2024\/02\/cropped-Logo.png","width":240,"height":88,"caption":"Mad About Horror"},"image":{"@id":"https:\/\/madabouthorror.co.uk\/#\/schema\/logo\/image\/"},"sameAs":["https:\/\/www.facebook.com\/madabouthorror\/","https:\/\/www.instagram.com\/madabouthorror\/","https:\/\/www.pinterest.co.uk\/madabouthorror\/","https:\/\/www.youtube.com\/channel\/UCBooLOIxjoQ89dj6T5lWm_w","https:\/\/www.tiktok.com\/@weremadabouthorror"]}]}},"df_price":729.12,"df_sale_price":"","df_regular_price":729.12,"df_image_link":"https:\/\/madabouthorror.co.uk\/wp-content\/uploads\/2019\/08\/2_trick_or_treat_studios_seed_of_chucky_tiffany_doll-300x300.jpg","_links":{"self":[{"href":"https:\/\/madabouthorror.co.uk\/fr\/wp-json\/wp\/v2\/product\/42792","targetHints":{"allow":["GET"]}}],"collection":[{"href":"https:\/\/madabouthorror.co.uk\/fr\/wp-json\/wp\/v2\/product"}],"about":[{"href":"https:\/\/madabouthorror.co.uk\/fr\/wp-json\/wp\/v2\/types\/product"}],"replies":[{"embeddable":true,"href":"https:\/\/madabouthorror.co.uk\/fr\/wp-json\/wp\/v2\/comments?post=42792"}],"wp:featuredmedia":[{"embeddable":true,"href":"https:\/\/madabouthorror.co.uk\/fr\/wp-json\/wp\/v2\/media\/42785"}],"wp:attachment":[{"href":"https:\/\/madabouthorror.co.uk\/fr\/wp-json\/wp\/v2\/media?parent=42792"}],"wp:term":[{"taxonomy":"product_brand","embeddable":true,"href":"https:\/\/madabouthorror.co.uk\/fr\/wp-json\/wp\/v2\/product_brand?post=42792"},{"taxonomy":"product_cat","embeddable":true,"href":"https:\/\/madabouthorror.co.uk\/fr\/wp-json\/wp\/v2\/product_cat?post=42792"},{"taxonomy":"product_tag","embeddable":true,"href":"https:\/\/madabouthorror.co.uk\/fr\/wp-json\/wp\/v2\/product_tag?post=42792"}],"curies":[{"name":"wp","href":"https:\/\/api.w.org\/{rel}","templated":true}]}}