{"id":42988,"date":"2019-08-31T20:50:50","date_gmt":"2019-08-31T19:50:50","guid":{"rendered":"https:\/\/mah.6bdv.ws\/product\/po-butchered-mask\/"},"modified":"2025-10-31T11:34:25","modified_gmt":"2025-10-31T11:34:25","slug":"po-butchered-mask","status":"publish","type":"product","link":"https:\/\/madabouthorror.co.uk\/fr\/product\/po-butchered-mask\/","title":{"rendered":"Po Butchered Mask"},"content":{"rendered":"<p>Chaque masque est fabriqu\u00e9 \u00e0 la main en latex RD-407, le latex industriel le plus fiable et le plus durable qui soit. Les masques sont peints dans les moindres d\u00e9tails et sont suffisamment r\u00e9sistants pour survivre \u00e0 n'importe quelle saison de hantise ou d'\u00e9pouvante.<\/p>\n<p>Tous les masques faciaux et les quarts de masque sont r\u00e9glables.<\/p>\n<p>Taille unique.<\/p>","protected":false},"excerpt":{"rendered":"<p>Chaque masque est fabriqu\u00e9 \u00e0 la main en latex RD-407, le latex industriel le plus fiable et le plus durable qui soit. Les masques sont peints dans les moindres d\u00e9tails et sont suffisamment r\u00e9sistants pour survivre \u00e0 n'importe quelle saison de hantise ou d'\u00e9pouvante. Tous les masques et quarts de masques sont ajustables. Une taille unique pour la plupart.<\/p>","protected":false},"featured_media":567236,"comment_status":"closed","ping_status":"closed","template":"","meta":{"_acf_changed":false},"product_brand":[],"product_cat":[6542,6541,7098,6610,6543,6824,6816],"product_tag":[],"class_list":{"0":"post-42988","1":"product","2":"type-product","3":"status-publish","4":"has-post-thumbnail","6":"product_cat-premium-masks","7":"product_cat-masks","8":"product_cat-butchers-shop","9":"product_cat-masks-gory","10":"product_cat-professional","11":"product_cat-professional-masks","12":"product_cat-masks-killers","13":"pa_brand-madabouthorror","14":"pa_character-other","15":"pa_childs_hand-left","16":"pa_google_tax-ba-artsentertainmenthobbiescr","17":"pa_material-containslatex","19":"first","20":"instock","21":"taxable","22":"shipping-taxable","23":"purchasable","24":"product-type-simple"},"supplier_id":467896,"supplier_sku":"","barcode":"","atum_controlled":true,"out_stock_date":null,"out_stock_threshold":null,"inheritable":false,"inbound_stock":0,"stock_on_hold":0,"sold_today":0,"sales_last_days":0,"reserved_stock":0,"customer_returns":0,"warehouse_damage":0,"lost_in_post":0,"other_logs":0,"out_stock_days":0,"lost_sales":0,"has_location":false,"update_date":"2026-04-05T00:28:37","atum_locations":[],"atum_stock_status":"instock","restock_status":false,"low_stock_amount":"","sales_update_date":"2026-04-05T00:28:36","calc_backorders":null,"acf":[],"yoast_head":"<!-- This site is optimized with the Yoast SEO plugin v27.3 - https:\/\/yoast.com\/product\/yoast-seo-wordpress\/ -->\n<title>Po Butchered Mask<\/title>\n<meta name=\"description\" content=\"Po Butchered Mask Po Butchered Mask Each mask is handcrafted in RD-407 latex, the most reliable and durable industry latex out there. Painted to the highest detail and still strong enough to survive any haunt or scaring season. All Face masks and quarte\" \/>\n<meta name=\"robots\" content=\"index, follow, max-snippet:-1, max-image-preview:large, max-video-preview:-1\" \/>\n<link rel=\"canonical\" href=\"https:\/\/madabouthorror.co.uk\/fr\/product\/po-butchered-mask\/\" \/>\n<meta property=\"og:locale\" content=\"fr_FR\" \/>\n<meta property=\"og:type\" content=\"article\" \/>\n<meta property=\"og:title\" content=\"Po Butchered Mask\" \/>\n<meta property=\"og:description\" content=\"Po Butchered Mask Po Butchered Mask Each mask is handcrafted in RD-407 latex, the most reliable and durable industry latex out there. Painted to the highest detail and still strong enough to survive any haunt or scaring season. All Face masks and quarte\" \/>\n<meta property=\"og:url\" content=\"https:\/\/madabouthorror.co.uk\/fr\/product\/po-butchered-mask\/\" \/>\n<meta property=\"og:site_name\" content=\"Mad About Horror\" \/>\n<meta property=\"article:publisher\" content=\"https:\/\/www.facebook.com\/madabouthorror\/\" \/>\n<meta property=\"article:modified_time\" content=\"2025-10-31T11:34:25+00:00\" \/>\n<meta property=\"og:image\" content=\"https:\/\/madabouthorror.co.uk\/wp-content\/uploads\/2019\/08\/Butchered-Po.jpg\" \/>\n\t<meta property=\"og:image:width\" content=\"2000\" \/>\n\t<meta property=\"og:image:height\" content=\"2000\" \/>\n\t<meta property=\"og:image:type\" content=\"image\/jpeg\" \/>\n<meta name=\"twitter:card\" content=\"summary_large_image\" \/>\n<meta name=\"twitter:label1\" content=\"Dur\u00e9e de lecture estim\u00e9e\" \/>\n\t<meta name=\"twitter:data1\" content=\"1 minute\" \/>\n<script type=\"application\/ld+json\" class=\"yoast-schema-graph\">{\"@context\":\"https:\\\/\\\/schema.org\",\"@graph\":[{\"@type\":[\"WebPage\",\"ItemPage\"],\"@id\":\"https:\\\/\\\/madabouthorror.co.uk\\\/product\\\/po-butchered-mask\\\/\",\"url\":\"https:\\\/\\\/madabouthorror.co.uk\\\/product\\\/po-butchered-mask\\\/\",\"name\":\"Po Butchered Mask\",\"isPartOf\":{\"@id\":\"https:\\\/\\\/madabouthorror.co.uk\\\/#website\"},\"primaryImageOfPage\":{\"@id\":\"https:\\\/\\\/madabouthorror.co.uk\\\/product\\\/po-butchered-mask\\\/#primaryimage\"},\"image\":{\"@id\":\"https:\\\/\\\/madabouthorror.co.uk\\\/product\\\/po-butchered-mask\\\/#primaryimage\"},\"thumbnailUrl\":\"https:\\\/\\\/madabouthorror.co.uk\\\/wp-content\\\/uploads\\\/2019\\\/08\\\/Butchered-Po.jpg\",\"datePublished\":\"2019-08-31T19:50:50+00:00\",\"dateModified\":\"2025-10-31T11:34:25+00:00\",\"description\":\"Po Butchered Mask Po Butchered Mask Each mask is handcrafted in RD-407 latex, the most reliable and durable industry latex out there. Painted to the highest detail and still strong enough to survive any haunt or scaring season. All Face masks and quarte\",\"breadcrumb\":{\"@id\":\"https:\\\/\\\/madabouthorror.co.uk\\\/product\\\/po-butchered-mask\\\/#breadcrumb\"},\"inLanguage\":\"fr-FR\",\"potentialAction\":[{\"@type\":\"ReadAction\",\"target\":[\"https:\\\/\\\/madabouthorror.co.uk\\\/product\\\/po-butchered-mask\\\/\"]}]},{\"@type\":\"ImageObject\",\"inLanguage\":\"fr-FR\",\"@id\":\"https:\\\/\\\/madabouthorror.co.uk\\\/product\\\/po-butchered-mask\\\/#primaryimage\",\"url\":\"https:\\\/\\\/madabouthorror.co.uk\\\/wp-content\\\/uploads\\\/2019\\\/08\\\/Butchered-Po.jpg\",\"contentUrl\":\"https:\\\/\\\/madabouthorror.co.uk\\\/wp-content\\\/uploads\\\/2019\\\/08\\\/Butchered-Po.jpg\",\"width\":2000,\"height\":2000,\"caption\":\"Butchered Po\"},{\"@type\":\"BreadcrumbList\",\"@id\":\"https:\\\/\\\/madabouthorror.co.uk\\\/product\\\/po-butchered-mask\\\/#breadcrumb\",\"itemListElement\":[{\"@type\":\"ListItem\",\"position\":1,\"name\":\"Shop\",\"item\":\"https:\\\/\\\/madabouthorror.co.uk\\\/shop\\\/\"},{\"@type\":\"ListItem\",\"position\":2,\"name\":\"Po Butchered Mask\"}]},{\"@type\":\"WebSite\",\"@id\":\"https:\\\/\\\/madabouthorror.co.uk\\\/#website\",\"url\":\"https:\\\/\\\/madabouthorror.co.uk\\\/\",\"name\":\"Mad About Horror\",\"description\":\"\",\"publisher\":{\"@id\":\"https:\\\/\\\/madabouthorror.co.uk\\\/#organization\"},\"alternateName\":\"Mad About Horror Limited\",\"potentialAction\":[{\"@type\":\"SearchAction\",\"target\":{\"@type\":\"EntryPoint\",\"urlTemplate\":\"https:\\\/\\\/madabouthorror.co.uk\\\/?s={search_term_string}\"},\"query-input\":{\"@type\":\"PropertyValueSpecification\",\"valueRequired\":true,\"valueName\":\"search_term_string\"}}],\"inLanguage\":\"fr-FR\"},{\"@type\":\"Organization\",\"@id\":\"https:\\\/\\\/madabouthorror.co.uk\\\/#organization\",\"name\":\"Mad About Horror\",\"url\":\"https:\\\/\\\/madabouthorror.co.uk\\\/\",\"logo\":{\"@type\":\"ImageObject\",\"inLanguage\":\"fr-FR\",\"@id\":\"https:\\\/\\\/madabouthorror.co.uk\\\/#\\\/schema\\\/logo\\\/image\\\/\",\"url\":\"https:\\\/\\\/madabouthorror.co.uk\\\/wp-content\\\/uploads\\\/2024\\\/02\\\/cropped-Logo.png\",\"contentUrl\":\"https:\\\/\\\/madabouthorror.co.uk\\\/wp-content\\\/uploads\\\/2024\\\/02\\\/cropped-Logo.png\",\"width\":240,\"height\":88,\"caption\":\"Mad About Horror\"},\"image\":{\"@id\":\"https:\\\/\\\/madabouthorror.co.uk\\\/#\\\/schema\\\/logo\\\/image\\\/\"},\"sameAs\":[\"https:\\\/\\\/www.facebook.com\\\/madabouthorror\\\/\",\"https:\\\/\\\/www.instagram.com\\\/madabouthorror\\\/\",\"https:\\\/\\\/www.pinterest.co.uk\\\/madabouthorror\\\/\",\"https:\\\/\\\/www.youtube.com\\\/channel\\\/UCBooLOIxjoQ89dj6T5lWm_w\",\"https:\\\/\\\/www.tiktok.com\\\/@weremadabouthorror\"]}]}<\/script>\n<!-- \/ Yoast SEO plugin. -->","yoast_head_json":{"title":"Po Butchered Mask","description":"Po Butchered Mask Po Butchered Mask Chaque masque est fabriqu\u00e9 \u00e0 la main en latex RD-407, le latex industriel le plus fiable et le plus durable qui soit. Les masques sont peints dans les moindres d\u00e9tails et sont suffisamment r\u00e9sistants pour survivre \u00e0 n'importe quelle saison de hantise ou d'\u00e9pouvante. Tous les masques et quarte","robots":{"index":"index","follow":"follow","max-snippet":"max-snippet:-1","max-image-preview":"max-image-preview:large","max-video-preview":"max-video-preview:-1"},"canonical":"https:\/\/madabouthorror.co.uk\/fr\/product\/po-butchered-mask\/","og_locale":"fr_FR","og_type":"article","og_title":"Po Butchered Mask","og_description":"Po Butchered Mask Po Butchered Mask Each mask is handcrafted in RD-407 latex, the most reliable and durable industry latex out there. Painted to the highest detail and still strong enough to survive any haunt or scaring season. All Face masks and quarte","og_url":"https:\/\/madabouthorror.co.uk\/fr\/product\/po-butchered-mask\/","og_site_name":"Mad About Horror","article_publisher":"https:\/\/www.facebook.com\/madabouthorror\/","article_modified_time":"2025-10-31T11:34:25+00:00","og_image":[{"width":2000,"height":2000,"url":"https:\/\/madabouthorror.co.uk\/wp-content\/uploads\/2019\/08\/Butchered-Po.jpg","type":"image\/jpeg"}],"twitter_card":"summary_large_image","twitter_misc":{"Dur\u00e9e de lecture estim\u00e9e":"1 minute"},"schema":{"@context":"https:\/\/schema.org","@graph":[{"@type":["WebPage","ItemPage"],"@id":"https:\/\/madabouthorror.co.uk\/product\/po-butchered-mask\/","url":"https:\/\/madabouthorror.co.uk\/product\/po-butchered-mask\/","name":"Po Butchered Mask","isPartOf":{"@id":"https:\/\/madabouthorror.co.uk\/#website"},"primaryImageOfPage":{"@id":"https:\/\/madabouthorror.co.uk\/product\/po-butchered-mask\/#primaryimage"},"image":{"@id":"https:\/\/madabouthorror.co.uk\/product\/po-butchered-mask\/#primaryimage"},"thumbnailUrl":"https:\/\/madabouthorror.co.uk\/wp-content\/uploads\/2019\/08\/Butchered-Po.jpg","datePublished":"2019-08-31T19:50:50+00:00","dateModified":"2025-10-31T11:34:25+00:00","description":"Po Butchered Mask Po Butchered Mask Chaque masque est fabriqu\u00e9 \u00e0 la main en latex RD-407, le latex industriel le plus fiable et le plus durable qui soit. Les masques sont peints dans les moindres d\u00e9tails et sont suffisamment r\u00e9sistants pour survivre \u00e0 n'importe quelle saison de hantise ou d'\u00e9pouvante. Tous les masques et quarte","breadcrumb":{"@id":"https:\/\/madabouthorror.co.uk\/product\/po-butchered-mask\/#breadcrumb"},"inLanguage":"fr-FR","potentialAction":[{"@type":"ReadAction","target":["https:\/\/madabouthorror.co.uk\/product\/po-butchered-mask\/"]}]},{"@type":"ImageObject","inLanguage":"fr-FR","@id":"https:\/\/madabouthorror.co.uk\/product\/po-butchered-mask\/#primaryimage","url":"https:\/\/madabouthorror.co.uk\/wp-content\/uploads\/2019\/08\/Butchered-Po.jpg","contentUrl":"https:\/\/madabouthorror.co.uk\/wp-content\/uploads\/2019\/08\/Butchered-Po.jpg","width":2000,"height":2000,"caption":"Butchered Po"},{"@type":"BreadcrumbList","@id":"https:\/\/madabouthorror.co.uk\/product\/po-butchered-mask\/#breadcrumb","itemListElement":[{"@type":"ListItem","position":1,"name":"Shop","item":"https:\/\/madabouthorror.co.uk\/shop\/"},{"@type":"ListItem","position":2,"name":"Po Butchered Mask"}]},{"@type":"WebSite","@id":"https:\/\/madabouthorror.co.uk\/#website","url":"https:\/\/madabouthorror.co.uk\/","name":"L'horreur en folie","description":"","publisher":{"@id":"https:\/\/madabouthorror.co.uk\/#organization"},"alternateName":"Mad About Horror Limited","potentialAction":[{"@type":"SearchAction","target":{"@type":"EntryPoint","urlTemplate":"https:\/\/madabouthorror.co.uk\/?s={search_term_string}"},"query-input":{"@type":"PropertyValueSpecification","valueRequired":true,"valueName":"search_term_string"}}],"inLanguage":"fr-FR"},{"@type":"Organization","@id":"https:\/\/madabouthorror.co.uk\/#organization","name":"L'horreur en folie","url":"https:\/\/madabouthorror.co.uk\/","logo":{"@type":"ImageObject","inLanguage":"fr-FR","@id":"https:\/\/madabouthorror.co.uk\/#\/schema\/logo\/image\/","url":"https:\/\/madabouthorror.co.uk\/wp-content\/uploads\/2024\/02\/cropped-Logo.png","contentUrl":"https:\/\/madabouthorror.co.uk\/wp-content\/uploads\/2024\/02\/cropped-Logo.png","width":240,"height":88,"caption":"Mad About Horror"},"image":{"@id":"https:\/\/madabouthorror.co.uk\/#\/schema\/logo\/image\/"},"sameAs":["https:\/\/www.facebook.com\/madabouthorror\/","https:\/\/www.instagram.com\/madabouthorror\/","https:\/\/www.pinterest.co.uk\/madabouthorror\/","https:\/\/www.youtube.com\/channel\/UCBooLOIxjoQ89dj6T5lWm_w","https:\/\/www.tiktok.com\/@weremadabouthorror"]}]}},"df_price":166.62,"df_sale_price":"","df_regular_price":166.62,"df_image_link":"https:\/\/madabouthorror.co.uk\/wp-content\/uploads\/2019\/08\/Butchered-Po-300x300.jpg","_links":{"self":[{"href":"https:\/\/madabouthorror.co.uk\/fr\/wp-json\/wp\/v2\/product\/42988","targetHints":{"allow":["GET"]}}],"collection":[{"href":"https:\/\/madabouthorror.co.uk\/fr\/wp-json\/wp\/v2\/product"}],"about":[{"href":"https:\/\/madabouthorror.co.uk\/fr\/wp-json\/wp\/v2\/types\/product"}],"replies":[{"embeddable":true,"href":"https:\/\/madabouthorror.co.uk\/fr\/wp-json\/wp\/v2\/comments?post=42988"}],"wp:featuredmedia":[{"embeddable":true,"href":"https:\/\/madabouthorror.co.uk\/fr\/wp-json\/wp\/v2\/media\/567236"}],"wp:attachment":[{"href":"https:\/\/madabouthorror.co.uk\/fr\/wp-json\/wp\/v2\/media?parent=42988"}],"wp:term":[{"taxonomy":"product_brand","embeddable":true,"href":"https:\/\/madabouthorror.co.uk\/fr\/wp-json\/wp\/v2\/product_brand?post=42988"},{"taxonomy":"product_cat","embeddable":true,"href":"https:\/\/madabouthorror.co.uk\/fr\/wp-json\/wp\/v2\/product_cat?post=42988"},{"taxonomy":"product_tag","embeddable":true,"href":"https:\/\/madabouthorror.co.uk\/fr\/wp-json\/wp\/v2\/product_tag?post=42988"}],"curies":[{"name":"wp","href":"https:\/\/api.w.org\/{rel}","templated":true}]}}