{"id":43877,"date":"2020-02-05T14:56:32","date_gmt":"2020-02-05T14:56:32","guid":{"rendered":"https:\/\/mah.6bdv.ws\/product\/mezco-living-dead-dolls-ghostface\/"},"modified":"2026-04-03T18:56:37","modified_gmt":"2026-04-03T17:56:37","slug":"mezco-living-dead-dolls-ghostface","status":"publish","type":"product","link":"https:\/\/madabouthorror.co.uk\/fr\/product\/mezco-living-dead-dolls-ghostface\/","title":{"rendered":"MEZCO Poup\u00e9es mortes vivantes GhostFace"},"content":{"rendered":"<h4>MEZCO Poup\u00e9es mortes vivantes Ghostface<\/h4>\n<p>Connaissez-vous bien les films d'horreur ? Vous feriez mieux de vous rafra\u00eechir la m\u00e9moire, votre vie pourrait en d\u00e9pendre !<\/p>\n<p>Le myst\u00e9rieux tueur connu sous le nom de Ghost Face cible ses victimes adolescentes en utilisant des anecdotes sur les films d'horreur dans le cadre de son jeu mortel.<\/p>\n<p>Ghost Face, dont le look s'inspire du tableau embl\u00e9matique d'Edvard Munch Le Cri, est v\u00eatu de sa c\u00e9l\u00e8bre robe \u00e0 capuche et est muni d'un couteau de chasse qui tient parfaitement dans sa main droite.<\/p>\n<p>LDD Presents Ghost Face mesure 10 m\u00e8tres de haut et dispose de 5 points d'articulation. Il est pr\u00e9sent\u00e9 dans une bo\u00eete \u00e0 fen\u00eatre d\u00e9coup\u00e9e, parfaite pour l'exposition.<\/p>\n<p>&nbsp;<\/p>","protected":false},"excerpt":{"rendered":"<p>MEZCO Living Dead Dolls Ghostface Connaissez-vous bien les films d'horreur ? Vous feriez mieux de vous rafra\u00eechir la m\u00e9moire, votre vie pourrait en d\u00e9pendre ! Le myst\u00e9rieux tueur connu sous le nom de Ghost Face cible ses victimes adolescentes en utilisant des connaissances sur les films d'horreur dans le cadre de son jeu mortel. Ghost Face, dont le look s'inspire de l'iconique Edvard Munch [...]<\/p>","protected":false},"featured_media":43870,"comment_status":"closed","ping_status":"closed","template":"","meta":{"_acf_changed":false},"product_brand":[],"product_cat":[6538,10041,6537,6619,10038,6780,7040,6627,6779,6794,6695],"product_tag":[],"class_list":{"0":"post-43877","1":"product","2":"type-product","3":"status-publish","4":"has-post-thumbnail","6":"product_cat-figures","7":"product_cat-gifts-under-50","8":"product_cat-collectibles","9":"product_cat-mezco-living-dead-dolls","10":"product_cat-horror-gifts","11":"product_cat-brand","12":"product_cat-ghostface","13":"product_cat-movie","14":"product_cat-character","15":"product_cat-mezco","16":"product_cat-scream","18":"first","19":"outofstock","20":"taxable","21":"shipping-taxable","22":"purchasable","23":"product-type-simple"},"supplier_id":467442,"supplier_sku":"99614","barcode":"696199000000","atum_controlled":true,"out_stock_date":"2025-11-28 18:33:43","out_stock_threshold":null,"inheritable":false,"inbound_stock":0,"stock_on_hold":0,"sold_today":0,"sales_last_days":0,"reserved_stock":0,"customer_returns":0,"warehouse_damage":0,"lost_in_post":0,"other_logs":0,"out_stock_days":132,"lost_sales":2656,"has_location":false,"update_date":"2026-04-10T01:28:11","atum_locations":[],"atum_stock_status":"outofstock","restock_status":false,"low_stock_amount":2,"sales_update_date":"2026-04-10T01:28:09","calc_backorders":null,"acf":[],"yoast_head":"<!-- This site is optimized with the Yoast SEO plugin v27.3 - https:\/\/yoast.com\/product\/yoast-seo-wordpress\/ -->\n<title>MEZCO Living Dead Dolls Ghostface - Mad About Horror<\/title>\n<meta name=\"description\" content=\"MEZCO Living Dead Dolls Ghostface. Scream fans. Huge range of Horror collectibles from MEZCO, NECA, Trick or Treat Studios &amp; More.\" \/>\n<meta name=\"robots\" content=\"index, follow, max-snippet:-1, max-image-preview:large, max-video-preview:-1\" \/>\n<link rel=\"canonical\" href=\"https:\/\/madabouthorror.co.uk\/fr\/product\/mezco-living-dead-dolls-ghostface\/\" \/>\n<meta property=\"og:locale\" content=\"fr_FR\" \/>\n<meta property=\"og:type\" content=\"article\" \/>\n<meta property=\"og:title\" content=\"MEZCO Living Dead Dolls Ghostface - Mad About Horror\" \/>\n<meta property=\"og:description\" content=\"MEZCO Living Dead Dolls Ghostface. Scream fans. Huge range of Horror collectibles from MEZCO, NECA, Trick or Treat Studios &amp; More.\" \/>\n<meta property=\"og:url\" content=\"https:\/\/madabouthorror.co.uk\/fr\/product\/mezco-living-dead-dolls-ghostface\/\" \/>\n<meta property=\"og:site_name\" content=\"Mad About Horror\" \/>\n<meta property=\"article:publisher\" content=\"https:\/\/www.facebook.com\/madabouthorror\/\" \/>\n<meta property=\"article:modified_time\" content=\"2026-04-03T17:56:37+00:00\" \/>\n<meta property=\"og:image\" content=\"https:\/\/madabouthorror.co.uk\/wp-content\/uploads\/2020\/02\/ghostface_living_dead_doll_1.jpg\" \/>\n\t<meta property=\"og:image:width\" content=\"1000\" \/>\n\t<meta property=\"og:image:height\" content=\"1000\" \/>\n\t<meta property=\"og:image:type\" content=\"image\/jpeg\" \/>\n<meta name=\"twitter:card\" content=\"summary_large_image\" \/>\n<meta name=\"twitter:label1\" content=\"Dur\u00e9e de lecture estim\u00e9e\" \/>\n\t<meta name=\"twitter:data1\" content=\"1 minute\" \/>\n<script type=\"application\/ld+json\" class=\"yoast-schema-graph\">{\"@context\":\"https:\\\/\\\/schema.org\",\"@graph\":[{\"@type\":[\"WebPage\",\"ItemPage\"],\"@id\":\"https:\\\/\\\/madabouthorror.co.uk\\\/product\\\/mezco-living-dead-dolls-ghostface\\\/\",\"url\":\"https:\\\/\\\/madabouthorror.co.uk\\\/product\\\/mezco-living-dead-dolls-ghostface\\\/\",\"name\":\"MEZCO Living Dead Dolls Ghostface - Mad About Horror\",\"isPartOf\":{\"@id\":\"https:\\\/\\\/madabouthorror.co.uk\\\/#website\"},\"primaryImageOfPage\":{\"@id\":\"https:\\\/\\\/madabouthorror.co.uk\\\/product\\\/mezco-living-dead-dolls-ghostface\\\/#primaryimage\"},\"image\":{\"@id\":\"https:\\\/\\\/madabouthorror.co.uk\\\/product\\\/mezco-living-dead-dolls-ghostface\\\/#primaryimage\"},\"thumbnailUrl\":\"https:\\\/\\\/madabouthorror.co.uk\\\/wp-content\\\/uploads\\\/2020\\\/02\\\/ghostface_living_dead_doll_1.jpg\",\"datePublished\":\"2020-02-05T14:56:32+00:00\",\"dateModified\":\"2026-04-03T17:56:37+00:00\",\"description\":\"MEZCO Living Dead Dolls Ghostface. Scream fans. Huge range of Horror collectibles from MEZCO, NECA, Trick or Treat Studios & More.\",\"breadcrumb\":{\"@id\":\"https:\\\/\\\/madabouthorror.co.uk\\\/product\\\/mezco-living-dead-dolls-ghostface\\\/#breadcrumb\"},\"inLanguage\":\"fr-FR\",\"potentialAction\":[{\"@type\":\"ReadAction\",\"target\":[\"https:\\\/\\\/madabouthorror.co.uk\\\/product\\\/mezco-living-dead-dolls-ghostface\\\/\"]}]},{\"@type\":\"ImageObject\",\"inLanguage\":\"fr-FR\",\"@id\":\"https:\\\/\\\/madabouthorror.co.uk\\\/product\\\/mezco-living-dead-dolls-ghostface\\\/#primaryimage\",\"url\":\"https:\\\/\\\/madabouthorror.co.uk\\\/wp-content\\\/uploads\\\/2020\\\/02\\\/ghostface_living_dead_doll_1.jpg\",\"contentUrl\":\"https:\\\/\\\/madabouthorror.co.uk\\\/wp-content\\\/uploads\\\/2020\\\/02\\\/ghostface_living_dead_doll_1.jpg\",\"width\":1000,\"height\":1000,\"caption\":\"MEZCO Living Dead Dolls - Ghostface -0\"},{\"@type\":\"BreadcrumbList\",\"@id\":\"https:\\\/\\\/madabouthorror.co.uk\\\/product\\\/mezco-living-dead-dolls-ghostface\\\/#breadcrumb\",\"itemListElement\":[{\"@type\":\"ListItem\",\"position\":1,\"name\":\"Shop\",\"item\":\"https:\\\/\\\/madabouthorror.co.uk\\\/shop\\\/\"},{\"@type\":\"ListItem\",\"position\":2,\"name\":\"MEZCO Living Dead Dolls GhostFace\"}]},{\"@type\":\"WebSite\",\"@id\":\"https:\\\/\\\/madabouthorror.co.uk\\\/#website\",\"url\":\"https:\\\/\\\/madabouthorror.co.uk\\\/\",\"name\":\"Mad About Horror\",\"description\":\"\",\"publisher\":{\"@id\":\"https:\\\/\\\/madabouthorror.co.uk\\\/#organization\"},\"alternateName\":\"Mad About Horror Limited\",\"potentialAction\":[{\"@type\":\"SearchAction\",\"target\":{\"@type\":\"EntryPoint\",\"urlTemplate\":\"https:\\\/\\\/madabouthorror.co.uk\\\/?s={search_term_string}\"},\"query-input\":{\"@type\":\"PropertyValueSpecification\",\"valueRequired\":true,\"valueName\":\"search_term_string\"}}],\"inLanguage\":\"fr-FR\"},{\"@type\":\"Organization\",\"@id\":\"https:\\\/\\\/madabouthorror.co.uk\\\/#organization\",\"name\":\"Mad About Horror\",\"url\":\"https:\\\/\\\/madabouthorror.co.uk\\\/\",\"logo\":{\"@type\":\"ImageObject\",\"inLanguage\":\"fr-FR\",\"@id\":\"https:\\\/\\\/madabouthorror.co.uk\\\/#\\\/schema\\\/logo\\\/image\\\/\",\"url\":\"https:\\\/\\\/madabouthorror.co.uk\\\/wp-content\\\/uploads\\\/2024\\\/02\\\/cropped-Logo.png\",\"contentUrl\":\"https:\\\/\\\/madabouthorror.co.uk\\\/wp-content\\\/uploads\\\/2024\\\/02\\\/cropped-Logo.png\",\"width\":240,\"height\":88,\"caption\":\"Mad About Horror\"},\"image\":{\"@id\":\"https:\\\/\\\/madabouthorror.co.uk\\\/#\\\/schema\\\/logo\\\/image\\\/\"},\"sameAs\":[\"https:\\\/\\\/www.facebook.com\\\/madabouthorror\\\/\",\"https:\\\/\\\/www.instagram.com\\\/madabouthorror\\\/\",\"https:\\\/\\\/www.pinterest.co.uk\\\/madabouthorror\\\/\",\"https:\\\/\\\/www.youtube.com\\\/channel\\\/UCBooLOIxjoQ89dj6T5lWm_w\",\"https:\\\/\\\/www.tiktok.com\\\/@weremadabouthorror\"]}]}<\/script>\n<!-- \/ Yoast SEO plugin. -->","yoast_head_json":{"title":"MEZCO Poup\u00e9es mortes vivantes Ghostface - Mad About Horror","description":"MEZCO Poup\u00e9es mortes vivantes Ghostface. Fans de Scream. Vaste gamme d'objets de collection d'horreur de MEZCO, NECA, Trick or Treat Studios et plus encore.","robots":{"index":"index","follow":"follow","max-snippet":"max-snippet:-1","max-image-preview":"max-image-preview:large","max-video-preview":"max-video-preview:-1"},"canonical":"https:\/\/madabouthorror.co.uk\/fr\/product\/mezco-living-dead-dolls-ghostface\/","og_locale":"fr_FR","og_type":"article","og_title":"MEZCO Living Dead Dolls Ghostface - Mad About Horror","og_description":"MEZCO Living Dead Dolls Ghostface. Scream fans. Huge range of Horror collectibles from MEZCO, NECA, Trick or Treat Studios & More.","og_url":"https:\/\/madabouthorror.co.uk\/fr\/product\/mezco-living-dead-dolls-ghostface\/","og_site_name":"Mad About Horror","article_publisher":"https:\/\/www.facebook.com\/madabouthorror\/","article_modified_time":"2026-04-03T17:56:37+00:00","og_image":[{"width":1000,"height":1000,"url":"https:\/\/madabouthorror.co.uk\/wp-content\/uploads\/2020\/02\/ghostface_living_dead_doll_1.jpg","type":"image\/jpeg"}],"twitter_card":"summary_large_image","twitter_misc":{"Dur\u00e9e de lecture estim\u00e9e":"1 minute"},"schema":{"@context":"https:\/\/schema.org","@graph":[{"@type":["WebPage","ItemPage"],"@id":"https:\/\/madabouthorror.co.uk\/product\/mezco-living-dead-dolls-ghostface\/","url":"https:\/\/madabouthorror.co.uk\/product\/mezco-living-dead-dolls-ghostface\/","name":"MEZCO Poup\u00e9es mortes vivantes Ghostface - Mad About Horror","isPartOf":{"@id":"https:\/\/madabouthorror.co.uk\/#website"},"primaryImageOfPage":{"@id":"https:\/\/madabouthorror.co.uk\/product\/mezco-living-dead-dolls-ghostface\/#primaryimage"},"image":{"@id":"https:\/\/madabouthorror.co.uk\/product\/mezco-living-dead-dolls-ghostface\/#primaryimage"},"thumbnailUrl":"https:\/\/madabouthorror.co.uk\/wp-content\/uploads\/2020\/02\/ghostface_living_dead_doll_1.jpg","datePublished":"2020-02-05T14:56:32+00:00","dateModified":"2026-04-03T17:56:37+00:00","description":"MEZCO Poup\u00e9es mortes vivantes Ghostface. Fans de Scream. Vaste gamme d'objets de collection d'horreur de MEZCO, NECA, Trick or Treat Studios et plus encore.","breadcrumb":{"@id":"https:\/\/madabouthorror.co.uk\/product\/mezco-living-dead-dolls-ghostface\/#breadcrumb"},"inLanguage":"fr-FR","potentialAction":[{"@type":"ReadAction","target":["https:\/\/madabouthorror.co.uk\/product\/mezco-living-dead-dolls-ghostface\/"]}]},{"@type":"ImageObject","inLanguage":"fr-FR","@id":"https:\/\/madabouthorror.co.uk\/product\/mezco-living-dead-dolls-ghostface\/#primaryimage","url":"https:\/\/madabouthorror.co.uk\/wp-content\/uploads\/2020\/02\/ghostface_living_dead_doll_1.jpg","contentUrl":"https:\/\/madabouthorror.co.uk\/wp-content\/uploads\/2020\/02\/ghostface_living_dead_doll_1.jpg","width":1000,"height":1000,"caption":"MEZCO Living Dead Dolls - Ghostface -0"},{"@type":"BreadcrumbList","@id":"https:\/\/madabouthorror.co.uk\/product\/mezco-living-dead-dolls-ghostface\/#breadcrumb","itemListElement":[{"@type":"ListItem","position":1,"name":"Shop","item":"https:\/\/madabouthorror.co.uk\/shop\/"},{"@type":"ListItem","position":2,"name":"MEZCO Living Dead Dolls GhostFace"}]},{"@type":"WebSite","@id":"https:\/\/madabouthorror.co.uk\/#website","url":"https:\/\/madabouthorror.co.uk\/","name":"L'horreur en folie","description":"","publisher":{"@id":"https:\/\/madabouthorror.co.uk\/#organization"},"alternateName":"Mad About Horror Limited","potentialAction":[{"@type":"SearchAction","target":{"@type":"EntryPoint","urlTemplate":"https:\/\/madabouthorror.co.uk\/?s={search_term_string}"},"query-input":{"@type":"PropertyValueSpecification","valueRequired":true,"valueName":"search_term_string"}}],"inLanguage":"fr-FR"},{"@type":"Organization","@id":"https:\/\/madabouthorror.co.uk\/#organization","name":"L'horreur en folie","url":"https:\/\/madabouthorror.co.uk\/","logo":{"@type":"ImageObject","inLanguage":"fr-FR","@id":"https:\/\/madabouthorror.co.uk\/#\/schema\/logo\/image\/","url":"https:\/\/madabouthorror.co.uk\/wp-content\/uploads\/2024\/02\/cropped-Logo.png","contentUrl":"https:\/\/madabouthorror.co.uk\/wp-content\/uploads\/2024\/02\/cropped-Logo.png","width":240,"height":88,"caption":"Mad About Horror"},"image":{"@id":"https:\/\/madabouthorror.co.uk\/#\/schema\/logo\/image\/"},"sameAs":["https:\/\/www.facebook.com\/madabouthorror\/","https:\/\/www.instagram.com\/madabouthorror\/","https:\/\/www.pinterest.co.uk\/madabouthorror\/","https:\/\/www.youtube.com\/channel\/UCBooLOIxjoQ89dj6T5lWm_w","https:\/\/www.tiktok.com\/@weremadabouthorror"]}]}},"df_price":48.91,"df_sale_price":"","df_regular_price":48.91,"df_image_link":"https:\/\/madabouthorror.co.uk\/wp-content\/uploads\/2020\/02\/ghostface_living_dead_doll_1-300x300.jpg","_links":{"self":[{"href":"https:\/\/madabouthorror.co.uk\/fr\/wp-json\/wp\/v2\/product\/43877","targetHints":{"allow":["GET"]}}],"collection":[{"href":"https:\/\/madabouthorror.co.uk\/fr\/wp-json\/wp\/v2\/product"}],"about":[{"href":"https:\/\/madabouthorror.co.uk\/fr\/wp-json\/wp\/v2\/types\/product"}],"replies":[{"embeddable":true,"href":"https:\/\/madabouthorror.co.uk\/fr\/wp-json\/wp\/v2\/comments?post=43877"}],"wp:featuredmedia":[{"embeddable":true,"href":"https:\/\/madabouthorror.co.uk\/fr\/wp-json\/wp\/v2\/media\/43870"}],"wp:attachment":[{"href":"https:\/\/madabouthorror.co.uk\/fr\/wp-json\/wp\/v2\/media?parent=43877"}],"wp:term":[{"taxonomy":"product_brand","embeddable":true,"href":"https:\/\/madabouthorror.co.uk\/fr\/wp-json\/wp\/v2\/product_brand?post=43877"},{"taxonomy":"product_cat","embeddable":true,"href":"https:\/\/madabouthorror.co.uk\/fr\/wp-json\/wp\/v2\/product_cat?post=43877"},{"taxonomy":"product_tag","embeddable":true,"href":"https:\/\/madabouthorror.co.uk\/fr\/wp-json\/wp\/v2\/product_tag?post=43877"}],"curies":[{"name":"wp","href":"https:\/\/api.w.org\/{rel}","templated":true}]}}