{"id":44055,"date":"2020-02-28T16:00:30","date_gmt":"2020-02-28T16:00:30","guid":{"rendered":"https:\/\/mah.6bdv.ws\/product\/hammer-horror-frankenstein-the-monster-from-hell-mask\/"},"modified":"2026-04-02T09:32:06","modified_gmt":"2026-04-02T08:32:06","slug":"hammer-horror-frankenstein-the-monster-from-hell-mask","status":"publish","type":"product","link":"https:\/\/madabouthorror.co.uk\/fr\/product\/hammer-horror-frankenstein-the-monster-from-hell-mask\/","title":{"rendered":"Hammer Horror - Masque Frankenstein et le monstre de l'enfer"},"content":{"rendered":"<h4>Hammer Horror - Masque Frankenstein et le monstre de l'enfer&nbsp;&nbsp;<\/h4>\n<p>Sculpt\u00e9e par Erich Lubatti<\/p>\n<p>Trick or Treat Studios et Hammer Horror sont fiers de pr\u00e9senter le masque du monstre tir\u00e9 du classique de Hammer Horror, Frankenstein et le monstre de l'enfer.<\/p>\n<p>Dernier des films de la Hammer Frankenstein, ce chapitre raconte comment le Baron se cache dans un asile d'ali\u00e9n\u00e9s afin de poursuivre ses exp\u00e9riences de r\u00e9animation des morts, en compagnie du Dr Helder, intern\u00e9 pour avoir men\u00e9 de telles exp\u00e9riences.<\/p>\n<p>Ce masque \u00e9tonnant est une magnifique r\u00e9plique du monstre du nouveau film d'horreur classique de la Hammer. Chaque d\u00e9tail du Monstre est pr\u00e9sent dans cette incroyable sculpture, y compris les frayeurs, les cheveux et la crini\u00e8re du Monstre.<\/p>\n<p>Alors, procurez-vous notre masque de reptile d\u00e8s maintenant et traquez vos victimes pour obtenir des bonbons \u00e0 l'occasion d'Halloween !<\/p>\n<p>&nbsp;<\/p>\n<p>&nbsp;<\/p>","protected":false},"excerpt":{"rendered":"<p>Hammer Horror - Frankenstein &amp; The Monster From Hell Mask Sculpted by Erich Lubatti Trick or Treat Studios et Hammer Horror sont fiers de pr\u00e9senter le Monster Mask du classique de la Hammer Horror, Frankenstein and the Monster From Hell. Le dernier des films de la Hammer Frankenstein, ce chapitre traite du Baron se cachant dans un [...]<\/p>","protected":false},"featured_media":44051,"comment_status":"closed","ping_status":"closed","template":"","meta":{"_acf_changed":false},"product_brand":[],"product_cat":[6580,10100,10038,9962,6541,6792,6658],"product_tag":[],"class_list":{"0":"post-44055","1":"product","2":"type-product","3":"status-publish","4":"has-post-thumbnail","6":"product_cat-movie-tv","7":"product_cat-latex-masks","8":"product_cat-horror-gifts","9":"product_cat-trick-or-treat-studios-masks","10":"product_cat-masks","11":"product_cat-trick-or-treat-studios","12":"product_cat-hammerhorror","13":"pa_brand-trickortreatstudios","14":"pa_character-hammerhorror","15":"pa_google_tax-e4-clothingaccessoriescostume","16":"pa_material-latex","18":"first","19":"instock","20":"taxable","21":"shipping-taxable","22":"purchasable","23":"product-type-simple"},"supplier_id":467429,"supplier_sku":"ELRL100","barcode":"811501034476","atum_controlled":true,"out_stock_date":null,"out_stock_threshold":null,"inheritable":false,"inbound_stock":0,"stock_on_hold":0,"sold_today":0,"sales_last_days":0,"reserved_stock":0,"customer_returns":0,"warehouse_damage":0,"lost_in_post":0,"other_logs":0,"out_stock_days":0,"lost_sales":0,"has_location":false,"update_date":"2026-04-04T01:34:08","atum_locations":[],"atum_stock_status":"instock","restock_status":false,"low_stock_amount":0,"sales_update_date":"2026-04-04T01:34:07","calc_backorders":null,"acf":[],"yoast_head":"<!-- This site is optimized with the Yoast SEO plugin v27.3 - https:\/\/yoast.com\/product\/yoast-seo-wordpress\/ -->\n<title>Hammer Horror - Frankenstein and The Monster From Hell Mask<\/title>\n<meta name=\"description\" content=\"Hammer Horror - Frankenstein and The Monster From Hell Mask by Trick or treat Studios - BUY From Mad About Horror\" \/>\n<meta name=\"robots\" content=\"index, follow, max-snippet:-1, max-image-preview:large, max-video-preview:-1\" \/>\n<link rel=\"canonical\" href=\"https:\/\/madabouthorror.co.uk\/fr\/product\/hammer-horror-frankenstein-the-monster-from-hell-mask\/\" \/>\n<meta property=\"og:locale\" content=\"fr_FR\" \/>\n<meta property=\"og:type\" content=\"article\" \/>\n<meta property=\"og:title\" content=\"Hammer Horror - Frankenstein and The Monster From Hell Mask\" \/>\n<meta property=\"og:description\" content=\"Hammer Horror - Frankenstein and The Monster From Hell Mask by Trick or treat Studios - BUY From Mad About Horror\" \/>\n<meta property=\"og:url\" content=\"https:\/\/madabouthorror.co.uk\/fr\/product\/hammer-horror-frankenstein-the-monster-from-hell-mask\/\" \/>\n<meta property=\"og:site_name\" content=\"Mad About Horror\" \/>\n<meta property=\"article:publisher\" content=\"https:\/\/www.facebook.com\/madabouthorror\/\" \/>\n<meta property=\"article:modified_time\" content=\"2026-04-02T08:32:06+00:00\" \/>\n<meta property=\"og:image\" content=\"https:\/\/madabouthorror.co.uk\/wp-content\/uploads\/2020\/02\/hammer_horror_monster_from_hell_mask.jpg\" \/>\n\t<meta property=\"og:image:width\" content=\"1000\" \/>\n\t<meta property=\"og:image:height\" content=\"1000\" \/>\n\t<meta property=\"og:image:type\" content=\"image\/jpeg\" \/>\n<meta name=\"twitter:card\" content=\"summary_large_image\" \/>\n<meta name=\"twitter:label1\" content=\"Dur\u00e9e de lecture estim\u00e9e\" \/>\n\t<meta name=\"twitter:data1\" content=\"1 minute\" \/>\n<script type=\"application\/ld+json\" class=\"yoast-schema-graph\">{\"@context\":\"https:\\\/\\\/schema.org\",\"@graph\":[{\"@type\":[\"WebPage\",\"ItemPage\"],\"@id\":\"https:\\\/\\\/madabouthorror.co.uk\\\/product\\\/hammer-horror-frankenstein-the-monster-from-hell-mask\\\/\",\"url\":\"https:\\\/\\\/madabouthorror.co.uk\\\/product\\\/hammer-horror-frankenstein-the-monster-from-hell-mask\\\/\",\"name\":\"Hammer Horror - Frankenstein and The Monster From Hell Mask\",\"isPartOf\":{\"@id\":\"https:\\\/\\\/madabouthorror.co.uk\\\/#website\"},\"primaryImageOfPage\":{\"@id\":\"https:\\\/\\\/madabouthorror.co.uk\\\/product\\\/hammer-horror-frankenstein-the-monster-from-hell-mask\\\/#primaryimage\"},\"image\":{\"@id\":\"https:\\\/\\\/madabouthorror.co.uk\\\/product\\\/hammer-horror-frankenstein-the-monster-from-hell-mask\\\/#primaryimage\"},\"thumbnailUrl\":\"https:\\\/\\\/madabouthorror.co.uk\\\/wp-content\\\/uploads\\\/2020\\\/02\\\/hammer_horror_monster_from_hell_mask.jpg\",\"datePublished\":\"2020-02-28T16:00:30+00:00\",\"dateModified\":\"2026-04-02T08:32:06+00:00\",\"description\":\"Hammer Horror - Frankenstein and The Monster From Hell Mask by Trick or treat Studios - BUY From Mad About Horror\",\"breadcrumb\":{\"@id\":\"https:\\\/\\\/madabouthorror.co.uk\\\/product\\\/hammer-horror-frankenstein-the-monster-from-hell-mask\\\/#breadcrumb\"},\"inLanguage\":\"fr-FR\",\"potentialAction\":[{\"@type\":\"ReadAction\",\"target\":[\"https:\\\/\\\/madabouthorror.co.uk\\\/product\\\/hammer-horror-frankenstein-the-monster-from-hell-mask\\\/\"]}]},{\"@type\":\"ImageObject\",\"inLanguage\":\"fr-FR\",\"@id\":\"https:\\\/\\\/madabouthorror.co.uk\\\/product\\\/hammer-horror-frankenstein-the-monster-from-hell-mask\\\/#primaryimage\",\"url\":\"https:\\\/\\\/madabouthorror.co.uk\\\/wp-content\\\/uploads\\\/2020\\\/02\\\/hammer_horror_monster_from_hell_mask.jpg\",\"contentUrl\":\"https:\\\/\\\/madabouthorror.co.uk\\\/wp-content\\\/uploads\\\/2020\\\/02\\\/hammer_horror_monster_from_hell_mask.jpg\",\"width\":1000,\"height\":1000,\"caption\":\"Hammer Horror - Frankenstein & The Monster From Hell Mask-0\"},{\"@type\":\"BreadcrumbList\",\"@id\":\"https:\\\/\\\/madabouthorror.co.uk\\\/product\\\/hammer-horror-frankenstein-the-monster-from-hell-mask\\\/#breadcrumb\",\"itemListElement\":[{\"@type\":\"ListItem\",\"position\":1,\"name\":\"Shop\",\"item\":\"https:\\\/\\\/madabouthorror.co.uk\\\/shop\\\/\"},{\"@type\":\"ListItem\",\"position\":2,\"name\":\"Hammer Horror &#8211; Frankenstein &#038; The Monster From Hell Mask\"}]},{\"@type\":\"WebSite\",\"@id\":\"https:\\\/\\\/madabouthorror.co.uk\\\/#website\",\"url\":\"https:\\\/\\\/madabouthorror.co.uk\\\/\",\"name\":\"Mad About Horror\",\"description\":\"\",\"publisher\":{\"@id\":\"https:\\\/\\\/madabouthorror.co.uk\\\/#organization\"},\"alternateName\":\"Mad About Horror Limited\",\"potentialAction\":[{\"@type\":\"SearchAction\",\"target\":{\"@type\":\"EntryPoint\",\"urlTemplate\":\"https:\\\/\\\/madabouthorror.co.uk\\\/?s={search_term_string}\"},\"query-input\":{\"@type\":\"PropertyValueSpecification\",\"valueRequired\":true,\"valueName\":\"search_term_string\"}}],\"inLanguage\":\"fr-FR\"},{\"@type\":\"Organization\",\"@id\":\"https:\\\/\\\/madabouthorror.co.uk\\\/#organization\",\"name\":\"Mad About Horror\",\"url\":\"https:\\\/\\\/madabouthorror.co.uk\\\/\",\"logo\":{\"@type\":\"ImageObject\",\"inLanguage\":\"fr-FR\",\"@id\":\"https:\\\/\\\/madabouthorror.co.uk\\\/#\\\/schema\\\/logo\\\/image\\\/\",\"url\":\"https:\\\/\\\/madabouthorror.co.uk\\\/wp-content\\\/uploads\\\/2024\\\/02\\\/cropped-Logo.png\",\"contentUrl\":\"https:\\\/\\\/madabouthorror.co.uk\\\/wp-content\\\/uploads\\\/2024\\\/02\\\/cropped-Logo.png\",\"width\":240,\"height\":88,\"caption\":\"Mad About Horror\"},\"image\":{\"@id\":\"https:\\\/\\\/madabouthorror.co.uk\\\/#\\\/schema\\\/logo\\\/image\\\/\"},\"sameAs\":[\"https:\\\/\\\/www.facebook.com\\\/madabouthorror\\\/\",\"https:\\\/\\\/www.instagram.com\\\/madabouthorror\\\/\",\"https:\\\/\\\/www.pinterest.co.uk\\\/madabouthorror\\\/\",\"https:\\\/\\\/www.youtube.com\\\/channel\\\/UCBooLOIxjoQ89dj6T5lWm_w\",\"https:\\\/\\\/www.tiktok.com\\\/@weremadabouthorror\"]}]}<\/script>\n<!-- \/ Yoast SEO plugin. -->","yoast_head_json":{"title":"Hammer Horror - Frankenstein et le monstre de l'enfer Masque","description":"Hammer Horror - Frankenstein and The Monster From Hell Mask by Trick or treat Studios - BUY From Mad About Horror","robots":{"index":"index","follow":"follow","max-snippet":"max-snippet:-1","max-image-preview":"max-image-preview:large","max-video-preview":"max-video-preview:-1"},"canonical":"https:\/\/madabouthorror.co.uk\/fr\/product\/hammer-horror-frankenstein-the-monster-from-hell-mask\/","og_locale":"fr_FR","og_type":"article","og_title":"Hammer Horror - Frankenstein and The Monster From Hell Mask","og_description":"Hammer Horror - Frankenstein and The Monster From Hell Mask by Trick or treat Studios - BUY From Mad About Horror","og_url":"https:\/\/madabouthorror.co.uk\/fr\/product\/hammer-horror-frankenstein-the-monster-from-hell-mask\/","og_site_name":"Mad About Horror","article_publisher":"https:\/\/www.facebook.com\/madabouthorror\/","article_modified_time":"2026-04-02T08:32:06+00:00","og_image":[{"width":1000,"height":1000,"url":"https:\/\/madabouthorror.co.uk\/wp-content\/uploads\/2020\/02\/hammer_horror_monster_from_hell_mask.jpg","type":"image\/jpeg"}],"twitter_card":"summary_large_image","twitter_misc":{"Dur\u00e9e de lecture estim\u00e9e":"1 minute"},"schema":{"@context":"https:\/\/schema.org","@graph":[{"@type":["WebPage","ItemPage"],"@id":"https:\/\/madabouthorror.co.uk\/product\/hammer-horror-frankenstein-the-monster-from-hell-mask\/","url":"https:\/\/madabouthorror.co.uk\/product\/hammer-horror-frankenstein-the-monster-from-hell-mask\/","name":"Hammer Horror - Frankenstein et le monstre de l'enfer Masque","isPartOf":{"@id":"https:\/\/madabouthorror.co.uk\/#website"},"primaryImageOfPage":{"@id":"https:\/\/madabouthorror.co.uk\/product\/hammer-horror-frankenstein-the-monster-from-hell-mask\/#primaryimage"},"image":{"@id":"https:\/\/madabouthorror.co.uk\/product\/hammer-horror-frankenstein-the-monster-from-hell-mask\/#primaryimage"},"thumbnailUrl":"https:\/\/madabouthorror.co.uk\/wp-content\/uploads\/2020\/02\/hammer_horror_monster_from_hell_mask.jpg","datePublished":"2020-02-28T16:00:30+00:00","dateModified":"2026-04-02T08:32:06+00:00","description":"Hammer Horror - Frankenstein and The Monster From Hell Mask by Trick or treat Studios - BUY From Mad About Horror","breadcrumb":{"@id":"https:\/\/madabouthorror.co.uk\/product\/hammer-horror-frankenstein-the-monster-from-hell-mask\/#breadcrumb"},"inLanguage":"fr-FR","potentialAction":[{"@type":"ReadAction","target":["https:\/\/madabouthorror.co.uk\/product\/hammer-horror-frankenstein-the-monster-from-hell-mask\/"]}]},{"@type":"ImageObject","inLanguage":"fr-FR","@id":"https:\/\/madabouthorror.co.uk\/product\/hammer-horror-frankenstein-the-monster-from-hell-mask\/#primaryimage","url":"https:\/\/madabouthorror.co.uk\/wp-content\/uploads\/2020\/02\/hammer_horror_monster_from_hell_mask.jpg","contentUrl":"https:\/\/madabouthorror.co.uk\/wp-content\/uploads\/2020\/02\/hammer_horror_monster_from_hell_mask.jpg","width":1000,"height":1000,"caption":"Hammer Horror - Frankenstein & The Monster From Hell Mask-0"},{"@type":"BreadcrumbList","@id":"https:\/\/madabouthorror.co.uk\/product\/hammer-horror-frankenstein-the-monster-from-hell-mask\/#breadcrumb","itemListElement":[{"@type":"ListItem","position":1,"name":"Shop","item":"https:\/\/madabouthorror.co.uk\/shop\/"},{"@type":"ListItem","position":2,"name":"Hammer Horror &#8211; Frankenstein &#038; The Monster From Hell Mask"}]},{"@type":"WebSite","@id":"https:\/\/madabouthorror.co.uk\/#website","url":"https:\/\/madabouthorror.co.uk\/","name":"L'horreur en folie","description":"","publisher":{"@id":"https:\/\/madabouthorror.co.uk\/#organization"},"alternateName":"Mad About Horror Limited","potentialAction":[{"@type":"SearchAction","target":{"@type":"EntryPoint","urlTemplate":"https:\/\/madabouthorror.co.uk\/?s={search_term_string}"},"query-input":{"@type":"PropertyValueSpecification","valueRequired":true,"valueName":"search_term_string"}}],"inLanguage":"fr-FR"},{"@type":"Organization","@id":"https:\/\/madabouthorror.co.uk\/#organization","name":"L'horreur en folie","url":"https:\/\/madabouthorror.co.uk\/","logo":{"@type":"ImageObject","inLanguage":"fr-FR","@id":"https:\/\/madabouthorror.co.uk\/#\/schema\/logo\/image\/","url":"https:\/\/madabouthorror.co.uk\/wp-content\/uploads\/2024\/02\/cropped-Logo.png","contentUrl":"https:\/\/madabouthorror.co.uk\/wp-content\/uploads\/2024\/02\/cropped-Logo.png","width":240,"height":88,"caption":"Mad About Horror"},"image":{"@id":"https:\/\/madabouthorror.co.uk\/#\/schema\/logo\/image\/"},"sameAs":["https:\/\/www.facebook.com\/madabouthorror\/","https:\/\/www.instagram.com\/madabouthorror\/","https:\/\/www.pinterest.co.uk\/madabouthorror\/","https:\/\/www.youtube.com\/channel\/UCBooLOIxjoQ89dj6T5lWm_w","https:\/\/www.tiktok.com\/@weremadabouthorror"]}]}},"df_price":67.66,"df_sale_price":"","df_regular_price":67.66,"df_image_link":"https:\/\/madabouthorror.co.uk\/wp-content\/uploads\/2020\/02\/hammer_horror_monster_from_hell_mask-300x300.jpg","_links":{"self":[{"href":"https:\/\/madabouthorror.co.uk\/fr\/wp-json\/wp\/v2\/product\/44055","targetHints":{"allow":["GET"]}}],"collection":[{"href":"https:\/\/madabouthorror.co.uk\/fr\/wp-json\/wp\/v2\/product"}],"about":[{"href":"https:\/\/madabouthorror.co.uk\/fr\/wp-json\/wp\/v2\/types\/product"}],"replies":[{"embeddable":true,"href":"https:\/\/madabouthorror.co.uk\/fr\/wp-json\/wp\/v2\/comments?post=44055"}],"wp:featuredmedia":[{"embeddable":true,"href":"https:\/\/madabouthorror.co.uk\/fr\/wp-json\/wp\/v2\/media\/44051"}],"wp:attachment":[{"href":"https:\/\/madabouthorror.co.uk\/fr\/wp-json\/wp\/v2\/media?parent=44055"}],"wp:term":[{"taxonomy":"product_brand","embeddable":true,"href":"https:\/\/madabouthorror.co.uk\/fr\/wp-json\/wp\/v2\/product_brand?post=44055"},{"taxonomy":"product_cat","embeddable":true,"href":"https:\/\/madabouthorror.co.uk\/fr\/wp-json\/wp\/v2\/product_cat?post=44055"},{"taxonomy":"product_tag","embeddable":true,"href":"https:\/\/madabouthorror.co.uk\/fr\/wp-json\/wp\/v2\/product_tag?post=44055"}],"curies":[{"name":"wp","href":"https:\/\/api.w.org\/{rel}","templated":true}]}}