{"id":44155,"date":"2020-03-12T15:17:40","date_gmt":"2020-03-12T15:17:40","guid":{"rendered":"https:\/\/mah.6bdv.ws\/product\/terrifier-art-the-clown-killer-mask\/"},"modified":"2026-05-01T13:21:51","modified_gmt":"2026-05-01T12:21:51","slug":"terrifier-art-the-clown-killer-mask","status":"publish","type":"product","link":"https:\/\/madabouthorror.co.uk\/fr\/product\/terrifier-art-the-clown-killer-mask\/","title":{"rendered":"Terrifier - Art the Clown Killer Mask"},"content":{"rendered":"<div class=\"flex-1 overflow-hidden\">\n<div class=\"react-scroll-to-bottom--css-uargv-79elbk h-full\">\n<div class=\"react-scroll-to-bottom--css-uargv-1n7m0yu\">\n<div class=\"flex flex-col text-sm pb-9\">\n<div class=\"w-full text-token-text-primary\" data-testid=\"conversation-turn-463\">\n<div class=\"px-4 py-2 justify-center text-base md:gap-6 m-auto\">\n<div class=\"flex flex-1 text-base mx-auto gap-3 md:px-5 lg:px-1 xl:px-5 md:max-w-3xl lg:max-w-[40rem] xl:max-w-[48rem] group final-completion\">\n<div class=\"relative flex w-full flex-col agent-turn\">\n<div class=\"flex-col gap-1 md:gap-3\">\n<div class=\"flex flex-grow flex-col max-w-full\">\n<div class=\"min-h-[20px] text-message flex flex-col items-start gap-3 whitespace-pre-wrap break-words [.text-message+&amp;]:mt-5 overflow-x-auto\" data-message-author-role=\"assistant\" data-message-id=\"def1133a-b439-49f2-953f-faa74c7a336f\">\n<div class=\"markdown prose w-full break-words dark:prose-invert light\">\n<p>Voici le masque officiel de Killer Art the Clown ! Con\u00e7u par Russ Lukich, ce masque est une r\u00e9plique parfaite du maquillage port\u00e9 par Art le Clown dans le classique culte Terrifier. Il reproduit tous les d\u00e9tails d'Art le Clown, y compris ses yeux fous, son nez pointu, son sourire maniaque et m\u00eame son visage ensanglant\u00e9.<\/p>\n<p>Commandez d\u00e8s aujourd'hui votre masque officiel de Terrifier Art le clown et faites r\u00e9gner la terreur dans votre quartier \u00e0 l'occasion de l'Halloween !<\/p>\n<\/div>\n<\/div>\n<\/div>\n<\/div>\n<\/div>\n<\/div>\n<\/div>\n<\/div>\n<\/div>\n<\/div>\n<\/div>\n<\/div>\n<p><em>Art the Clown et Terrirfer sont des marques d\u00e9pos\u00e9es et des droits d'auteur de Dark Age LLC Tous droits r\u00e9serv\u00e9s.<\/em><\/p>\n<p>&nbsp;<\/p>","protected":false},"excerpt":{"rendered":"<p>Pr\u00e9sentation du masque officiel Killer Art the Clown ! Con\u00e7u par Russ Lukich, ce masque est une r\u00e9plique parfaite du maquillage port\u00e9 par Art the Clown dans le classique culte Terrifier. Il capture chaque d\u00e9tail d'Art the Clown, y compris ses yeux fous, son nez pointu, son sourire d\u00e9moniaque et m\u00eame un visage ensanglant\u00e9. Commandez votre [Official] [\u2026]<\/p>","protected":false},"featured_media":44151,"comment_status":"closed","ping_status":"closed","template":"","meta":{"_acf_changed":false},"product_brand":[],"product_cat":[10079,10152,6580,10100,10040,10038,9962,6546,6541,6787,8802,6792,6701],"product_tag":[],"class_list":{"0":"post-44155","1":"product","2":"type-product","3":"status-publish","4":"has-post-thumbnail","6":"product_cat-art-the-clown-costume","7":"product_cat-art-the-clown-masks","8":"product_cat-movie-tv","9":"product_cat-latex-masks","10":"product_cat-gifts-under-100","11":"product_cat-horror-gifts","12":"product_cat-trick-or-treat-studios-masks","13":"product_cat-masks-clown","14":"product_cat-masks","15":"product_cat-art-the-clown","16":"product_cat-sale","17":"product_cat-trick-or-treat-studios","18":"product_cat-terrifier","20":"first","21":"instock","22":"sale","23":"taxable","24":"shipping-taxable","25":"purchasable","26":"product-type-simple"},"supplier_id":467429,"supplier_sku":"RLDA101","barcode":"811501035473","atum_controlled":true,"out_stock_date":null,"out_stock_threshold":null,"inheritable":false,"inbound_stock":1,"stock_on_hold":0,"sold_today":0,"sales_last_days":1,"reserved_stock":0,"customer_returns":0,"warehouse_damage":0,"lost_in_post":0,"other_logs":0,"out_stock_days":0,"lost_sales":0,"has_location":false,"update_date":"2026-05-03T02:06:43","atum_locations":[],"atum_stock_status":"instock","restock_status":false,"low_stock_amount":15,"sales_update_date":"2026-05-03T02:06:41","calc_backorders":null,"acf":[],"yoast_head":"<!-- This site is optimized with the Yoast SEO plugin v27.5 - https:\/\/yoast.com\/product\/yoast-seo-wordpress\/ -->\n<title>Terrifier - Art the Clown Killer Mask | Mad About Horror<\/title>\n<meta name=\"description\" content=\"Buy your Official Terrifier - Art the Clown Killer Mask - ORDER from Mad About Horror in the UK, the official UK Partner of Trick or Treat Studios\" \/>\n<meta name=\"robots\" content=\"index, follow, max-snippet:-1, max-image-preview:large, max-video-preview:-1\" \/>\n<link rel=\"canonical\" href=\"https:\/\/madabouthorror.co.uk\/fr\/product\/terrifier-art-the-clown-killer-mask\/\" \/>\n<meta property=\"og:locale\" content=\"fr_FR\" \/>\n<meta property=\"og:type\" content=\"article\" \/>\n<meta property=\"og:title\" content=\"Terrifier - Art the Clown Killer Mask | Mad About Horror\" \/>\n<meta property=\"og:description\" content=\"Buy your Official Terrifier - Art the Clown Killer Mask - ORDER from Mad About Horror in the UK, the official UK Partner of Trick or Treat Studios\" \/>\n<meta property=\"og:url\" content=\"https:\/\/madabouthorror.co.uk\/fr\/product\/terrifier-art-the-clown-killer-mask\/\" \/>\n<meta property=\"og:site_name\" content=\"Mad About Horror\" \/>\n<meta property=\"article:publisher\" content=\"https:\/\/www.facebook.com\/madabouthorror\/\" \/>\n<meta property=\"article:modified_time\" content=\"2026-05-01T12:21:51+00:00\" \/>\n<meta property=\"og:image\" content=\"https:\/\/madabouthorror.co.uk\/wp-content\/uploads\/2020\/03\/terrifer_art_the_clown_bloody_mask_tots_1_1.jpg\" \/>\n\t<meta property=\"og:image:width\" content=\"670\" \/>\n\t<meta property=\"og:image:height\" content=\"670\" \/>\n\t<meta property=\"og:image:type\" content=\"image\/jpeg\" \/>\n<meta name=\"twitter:card\" content=\"summary_large_image\" \/>\n<meta name=\"twitter:label1\" content=\"Dur\u00e9e de lecture estim\u00e9e\" \/>\n\t<meta name=\"twitter:data1\" content=\"1 minute\" \/>\n<script type=\"application\/ld+json\" class=\"yoast-schema-graph\">{\"@context\":\"https:\\\/\\\/schema.org\",\"@graph\":[{\"@type\":[\"WebPage\",\"ItemPage\"],\"@id\":\"https:\\\/\\\/madabouthorror.co.uk\\\/product\\\/terrifier-art-the-clown-killer-mask\\\/\",\"url\":\"https:\\\/\\\/madabouthorror.co.uk\\\/product\\\/terrifier-art-the-clown-killer-mask\\\/\",\"name\":\"Terrifier - Art the Clown Killer Mask | Mad About Horror\",\"isPartOf\":{\"@id\":\"https:\\\/\\\/madabouthorror.co.uk\\\/#website\"},\"primaryImageOfPage\":{\"@id\":\"https:\\\/\\\/madabouthorror.co.uk\\\/product\\\/terrifier-art-the-clown-killer-mask\\\/#primaryimage\"},\"image\":{\"@id\":\"https:\\\/\\\/madabouthorror.co.uk\\\/product\\\/terrifier-art-the-clown-killer-mask\\\/#primaryimage\"},\"thumbnailUrl\":\"https:\\\/\\\/madabouthorror.co.uk\\\/wp-content\\\/uploads\\\/2020\\\/03\\\/terrifer_art_the_clown_bloody_mask_tots_1_1.jpg\",\"datePublished\":\"2020-03-12T15:17:40+00:00\",\"dateModified\":\"2026-05-01T12:21:51+00:00\",\"description\":\"Buy your Official Terrifier - Art the Clown Killer Mask - ORDER from Mad About Horror in the UK, the official UK Partner of Trick or Treat Studios\",\"breadcrumb\":{\"@id\":\"https:\\\/\\\/madabouthorror.co.uk\\\/product\\\/terrifier-art-the-clown-killer-mask\\\/#breadcrumb\"},\"inLanguage\":\"fr-FR\",\"potentialAction\":[{\"@type\":\"ReadAction\",\"target\":[\"https:\\\/\\\/madabouthorror.co.uk\\\/product\\\/terrifier-art-the-clown-killer-mask\\\/\"]}]},{\"@type\":\"ImageObject\",\"inLanguage\":\"fr-FR\",\"@id\":\"https:\\\/\\\/madabouthorror.co.uk\\\/product\\\/terrifier-art-the-clown-killer-mask\\\/#primaryimage\",\"url\":\"https:\\\/\\\/madabouthorror.co.uk\\\/wp-content\\\/uploads\\\/2020\\\/03\\\/terrifer_art_the_clown_bloody_mask_tots_1_1.jpg\",\"contentUrl\":\"https:\\\/\\\/madabouthorror.co.uk\\\/wp-content\\\/uploads\\\/2020\\\/03\\\/terrifer_art_the_clown_bloody_mask_tots_1_1.jpg\",\"width\":670,\"height\":670,\"caption\":\"Terrifier - Art the Clown Killer Mask\"},{\"@type\":\"BreadcrumbList\",\"@id\":\"https:\\\/\\\/madabouthorror.co.uk\\\/product\\\/terrifier-art-the-clown-killer-mask\\\/#breadcrumb\",\"itemListElement\":[{\"@type\":\"ListItem\",\"position\":1,\"name\":\"Shop\",\"item\":\"https:\\\/\\\/madabouthorror.co.uk\\\/shop\\\/\"},{\"@type\":\"ListItem\",\"position\":2,\"name\":\"Terrifier &#8211; Art the Clown Killer Mask\"}]},{\"@type\":\"WebSite\",\"@id\":\"https:\\\/\\\/madabouthorror.co.uk\\\/#website\",\"url\":\"https:\\\/\\\/madabouthorror.co.uk\\\/\",\"name\":\"Mad About Horror\",\"description\":\"\",\"publisher\":{\"@id\":\"https:\\\/\\\/madabouthorror.co.uk\\\/#organization\"},\"alternateName\":\"Mad About Horror Limited\",\"potentialAction\":[{\"@type\":\"SearchAction\",\"target\":{\"@type\":\"EntryPoint\",\"urlTemplate\":\"https:\\\/\\\/madabouthorror.co.uk\\\/?s={search_term_string}\"},\"query-input\":{\"@type\":\"PropertyValueSpecification\",\"valueRequired\":true,\"valueName\":\"search_term_string\"}}],\"inLanguage\":\"fr-FR\"},{\"@type\":\"Organization\",\"@id\":\"https:\\\/\\\/madabouthorror.co.uk\\\/#organization\",\"name\":\"Mad About Horror\",\"url\":\"https:\\\/\\\/madabouthorror.co.uk\\\/\",\"logo\":{\"@type\":\"ImageObject\",\"inLanguage\":\"fr-FR\",\"@id\":\"https:\\\/\\\/madabouthorror.co.uk\\\/#\\\/schema\\\/logo\\\/image\\\/\",\"url\":\"https:\\\/\\\/madabouthorror.co.uk\\\/wp-content\\\/uploads\\\/2024\\\/02\\\/cropped-Logo.png\",\"contentUrl\":\"https:\\\/\\\/madabouthorror.co.uk\\\/wp-content\\\/uploads\\\/2024\\\/02\\\/cropped-Logo.png\",\"width\":240,\"height\":88,\"caption\":\"Mad About Horror\"},\"image\":{\"@id\":\"https:\\\/\\\/madabouthorror.co.uk\\\/#\\\/schema\\\/logo\\\/image\\\/\"},\"sameAs\":[\"https:\\\/\\\/www.facebook.com\\\/madabouthorror\\\/\",\"https:\\\/\\\/www.instagram.com\\\/madabouthorror\\\/\",\"https:\\\/\\\/www.pinterest.co.uk\\\/madabouthorror\\\/\",\"https:\\\/\\\/www.youtube.com\\\/channel\\\/UCBooLOIxjoQ89dj6T5lWm_w\",\"https:\\\/\\\/www.tiktok.com\\\/@weremadabouthorror\"]}]}<\/script>\n<!-- \/ Yoast SEO plugin. -->","yoast_head_json":{"title":"Terrifier - Masque de Clown Tueurs [Art the Clown] | Mad About Horror","description":"Achetez votre masque officiel Terrifier - Art the Clown Killer - COMMANDES chez Mad About Horror au Royaume-Uni, le partenaire officiel britannique de Trick or Treat Studios","robots":{"index":"index","follow":"follow","max-snippet":"max-snippet:-1","max-image-preview":"max-image-preview:large","max-video-preview":"max-video-preview:-1"},"canonical":"https:\/\/madabouthorror.co.uk\/fr\/product\/terrifier-art-the-clown-killer-mask\/","og_locale":"fr_FR","og_type":"article","og_title":"Terrifier - Art the Clown Killer Mask | Mad About Horror","og_description":"Buy your Official Terrifier - Art the Clown Killer Mask - ORDER from Mad About Horror in the UK, the official UK Partner of Trick or Treat Studios","og_url":"https:\/\/madabouthorror.co.uk\/fr\/product\/terrifier-art-the-clown-killer-mask\/","og_site_name":"Mad About Horror","article_publisher":"https:\/\/www.facebook.com\/madabouthorror\/","article_modified_time":"2026-05-01T12:21:51+00:00","og_image":[{"width":670,"height":670,"url":"https:\/\/madabouthorror.co.uk\/wp-content\/uploads\/2020\/03\/terrifer_art_the_clown_bloody_mask_tots_1_1.jpg","type":"image\/jpeg"}],"twitter_card":"summary_large_image","twitter_misc":{"Dur\u00e9e de lecture estim\u00e9e":"1 minute"},"schema":{"@context":"https:\/\/schema.org","@graph":[{"@type":["WebPage","ItemPage"],"@id":"https:\/\/madabouthorror.co.uk\/product\/terrifier-art-the-clown-killer-mask\/","url":"https:\/\/madabouthorror.co.uk\/product\/terrifier-art-the-clown-killer-mask\/","name":"Terrifier - Masque de Clown Tueurs [Art the Clown] | Mad About Horror","isPartOf":{"@id":"https:\/\/madabouthorror.co.uk\/#website"},"primaryImageOfPage":{"@id":"https:\/\/madabouthorror.co.uk\/product\/terrifier-art-the-clown-killer-mask\/#primaryimage"},"image":{"@id":"https:\/\/madabouthorror.co.uk\/product\/terrifier-art-the-clown-killer-mask\/#primaryimage"},"thumbnailUrl":"https:\/\/madabouthorror.co.uk\/wp-content\/uploads\/2020\/03\/terrifer_art_the_clown_bloody_mask_tots_1_1.jpg","datePublished":"2020-03-12T15:17:40+00:00","dateModified":"2026-05-01T12:21:51+00:00","description":"Achetez votre masque officiel Terrifier - Art the Clown Killer - COMMANDES chez Mad About Horror au Royaume-Uni, le partenaire officiel britannique de Trick or Treat Studios","breadcrumb":{"@id":"https:\/\/madabouthorror.co.uk\/product\/terrifier-art-the-clown-killer-mask\/#breadcrumb"},"inLanguage":"fr-FR","potentialAction":[{"@type":"ReadAction","target":["https:\/\/madabouthorror.co.uk\/product\/terrifier-art-the-clown-killer-mask\/"]}]},{"@type":"ImageObject","inLanguage":"fr-FR","@id":"https:\/\/madabouthorror.co.uk\/product\/terrifier-art-the-clown-killer-mask\/#primaryimage","url":"https:\/\/madabouthorror.co.uk\/wp-content\/uploads\/2020\/03\/terrifer_art_the_clown_bloody_mask_tots_1_1.jpg","contentUrl":"https:\/\/madabouthorror.co.uk\/wp-content\/uploads\/2020\/03\/terrifer_art_the_clown_bloody_mask_tots_1_1.jpg","width":670,"height":670,"caption":"Terrifier - Art the Clown Killer Mask"},{"@type":"BreadcrumbList","@id":"https:\/\/madabouthorror.co.uk\/product\/terrifier-art-the-clown-killer-mask\/#breadcrumb","itemListElement":[{"@type":"ListItem","position":1,"name":"Shop","item":"https:\/\/madabouthorror.co.uk\/shop\/"},{"@type":"ListItem","position":2,"name":"Terrifier &#8211; Art the Clown Killer Mask"}]},{"@type":"WebSite","@id":"https:\/\/madabouthorror.co.uk\/#website","url":"https:\/\/madabouthorror.co.uk\/","name":"L'horreur en folie","description":"","publisher":{"@id":"https:\/\/madabouthorror.co.uk\/#organization"},"alternateName":"Mad About Horror Limited","potentialAction":[{"@type":"SearchAction","target":{"@type":"EntryPoint","urlTemplate":"https:\/\/madabouthorror.co.uk\/?s={search_term_string}"},"query-input":{"@type":"PropertyValueSpecification","valueRequired":true,"valueName":"search_term_string"}}],"inLanguage":"fr-FR"},{"@type":"Organization","@id":"https:\/\/madabouthorror.co.uk\/#organization","name":"L'horreur en folie","url":"https:\/\/madabouthorror.co.uk\/","logo":{"@type":"ImageObject","inLanguage":"fr-FR","@id":"https:\/\/madabouthorror.co.uk\/#\/schema\/logo\/image\/","url":"https:\/\/madabouthorror.co.uk\/wp-content\/uploads\/2024\/02\/cropped-Logo.png","contentUrl":"https:\/\/madabouthorror.co.uk\/wp-content\/uploads\/2024\/02\/cropped-Logo.png","width":240,"height":88,"caption":"Mad About Horror"},"image":{"@id":"https:\/\/madabouthorror.co.uk\/#\/schema\/logo\/image\/"},"sameAs":["https:\/\/www.facebook.com\/madabouthorror\/","https:\/\/www.instagram.com\/madabouthorror\/","https:\/\/www.pinterest.co.uk\/madabouthorror\/","https:\/\/www.youtube.com\/channel\/UCBooLOIxjoQ89dj6T5lWm_w","https:\/\/www.tiktok.com\/@weremadabouthorror"]}]}},"df_price":39.95,"df_sale_price":39.95,"df_regular_price":64.95,"df_image_link":"https:\/\/madabouthorror.co.uk\/wp-content\/uploads\/2020\/03\/terrifer_art_the_clown_bloody_mask_tots_1_1-300x300.jpg","_links":{"self":[{"href":"https:\/\/madabouthorror.co.uk\/fr\/wp-json\/wp\/v2\/product\/44155","targetHints":{"allow":["GET"]}}],"collection":[{"href":"https:\/\/madabouthorror.co.uk\/fr\/wp-json\/wp\/v2\/product"}],"about":[{"href":"https:\/\/madabouthorror.co.uk\/fr\/wp-json\/wp\/v2\/types\/product"}],"replies":[{"embeddable":true,"href":"https:\/\/madabouthorror.co.uk\/fr\/wp-json\/wp\/v2\/comments?post=44155"}],"wp:featuredmedia":[{"embeddable":true,"href":"https:\/\/madabouthorror.co.uk\/fr\/wp-json\/wp\/v2\/media\/44151"}],"wp:attachment":[{"href":"https:\/\/madabouthorror.co.uk\/fr\/wp-json\/wp\/v2\/media?parent=44155"}],"wp:term":[{"taxonomy":"product_brand","embeddable":true,"href":"https:\/\/madabouthorror.co.uk\/fr\/wp-json\/wp\/v2\/product_brand?post=44155"},{"taxonomy":"product_cat","embeddable":true,"href":"https:\/\/madabouthorror.co.uk\/fr\/wp-json\/wp\/v2\/product_cat?post=44155"},{"taxonomy":"product_tag","embeddable":true,"href":"https:\/\/madabouthorror.co.uk\/fr\/wp-json\/wp\/v2\/product_tag?post=44155"}],"curies":[{"name":"wp","href":"https:\/\/api.w.org\/{rel}","templated":true}]}}