{"id":44406,"date":"2023-02-22T17:01:14","date_gmt":"2023-02-22T17:01:14","guid":{"rendered":"https:\/\/mah.6bdv.ws\/?post_type=product&#038;p=44406"},"modified":"2026-04-29T15:42:24","modified_gmt":"2026-04-29T14:42:24","slug":"animated-forest-dragon","status":"publish","type":"product","link":"https:\/\/madabouthorror.co.uk\/fr\/product\/animated-forest-dragon\/","title":{"rendered":"Dragon de for\u00eat anim\u00e9"},"content":{"rendered":"<p>Attention, l'hiver est arriv\u00e9 \u2013 et il semble affam\u00e9 ! L'animatronique Dragon de la For\u00eat est une magnifique figurine anim\u00e9e de 2,13 m\u00e8tres de haut, dot\u00e9e d'une t\u00eate, d'un cou, d'un torse et de jambes en plastique moul\u00e9, avec des ailes assorties en tissu drap\u00e9. Ses ailes battent d'avant en arri\u00e8re, sa t\u00eate tourne de gauche \u00e0 droite, ses yeux dor\u00e9s gla\u00e7ants s'illuminent, et lorsqu'il est connect\u00e9 \u00e0 votre machine \u00e0 fum\u00e9e, de la fum\u00e9e sort de sa gueule lorsqu'il rugit !<\/p>\n<p>Commandez bient\u00f4t pour ajouter cet effrayant animatronique de dragon des for\u00eats \u00e0 vos plans d'Halloween cette ann\u00e9e !<\/p>\n<p>L'article comprend un contr\u00f4le du volume. Cadre m\u00e9tallique facile \u00e0 assembler avec connexion rapide. L'assemblage est requis. Mesure environ 84 pouces de hauteur, 90 pouces d'envergure et 24 pouces de profondeur.<\/p>\n<p><b>Fourni avec un adaptateur secteur britannique<\/b>. <i>N'utilisez que l'adaptateur d'alimentation fourni, car les adaptateurs d'alimentation incorrects peuvent causer des dommages.<\/i><\/p>\n<div>\n<div><b>Pour le porche couvert ou l'int\u00e9rieur.<\/b> <i>Prot\u00e9ger des intemp\u00e9ries en cas d'utilisation \u00e0 l'ext\u00e9rieur et ne pas laisser \u00e0 l'ext\u00e9rieur pendant des p\u00e9riodes prolong\u00e9es.<\/i><\/div>\n<div><\/div>\n<div><b>A noter :<\/b><i> Ces accessoires ne sont pas recommand\u00e9s pour un usage commercial intensif, c'est-\u00e0-dire qu'ils ne doivent pas \u00eatre utilis\u00e9s pendant des p\u00e9riodes prolong\u00e9es, c'est-\u00e0-dire plusieurs jours d'affil\u00e9e. Ils sont con\u00e7us pour \u00eatre utilis\u00e9s \u00e0 l'occasion d'Halloween. Si vous avez des questions \u00e0 ce sujet, n'h\u00e9sitez pas \u00e0 les poser.<\/i><\/div>\n<\/div>\n<p><strong>VEUILLEZ NOTER QU'UNE MACHINE \u00c0 FUM\u00c9E EST N\u00c9CESSAIRE POUR FAIRE CRACHER DE LA FUM\u00c9E AU DRAGON. CETTE MACHINE N'EST PAS INCLUSE ET EST <span style=\"text-decoration: underline;\">PAS<\/span> DISPONIBLE \u00c0 L'ACHAT SUR LE SITE MAD ABOUT HORROR. <\/strong><\/p>\n<p><i>Vous trouverez ci-dessous, \u00e0 titre d'information, des indications sur les caract\u00e9ristiques des machines \u00e0 brouillard n\u00e9cessaires.<\/i><\/p>\n<p>Une machine \u00e0 brouillard peut \u00eatre fix\u00e9e \u00e0 l'accessoire \u00e0 l'aide du tuyau de brouillard et de l'adaptateur de g\u00e2chette fournis, mais elle DOIT r\u00e9pondre aux crit\u00e8res suivants.<\/p>\n<ul>\n<li>Puissance maximale de 400 watts.<\/li>\n<li>Diam\u00e8tre de la buse de sortie 40 mm ou 44 mm (le tuyau de brouillard est muni d'un collier int\u00e9rieur amovible)<\/li>\n<li>Entr\u00e9e de d\u00e9clenchement avec connecteur IEC m\u00e2le (connecteur de type Kettle).<\/li>\n<\/ul>\n<p>La machine \u00e0 fum\u00e9e DOIT \u00eatre utilis\u00e9e en mode d\u00e9clench\u00e9 \u00e0 l'aide du c\u00e2ble adaptateur de d\u00e9clenchement fourni avec l'accessoire.<\/p>\n<p>La machine \u00e0 fum\u00e9e NE DOIT PAS \u00eatre utilis\u00e9e en mode continu, car cela pourrait entra\u00eener une accumulation excessive de chaleur au niveau du connecteur du tuyau \u00e0 fum\u00e9e.<\/p>\n<div><\/div>\n<p>&nbsp;<\/p>","protected":false},"excerpt":{"rendered":"<p>Attention, l\u2019hiver est arriv\u00e9 \u2013 et il semble affam\u00e9 ! L\u2019animatronique Dragon des For\u00eats est une magnifique figurine anim\u00e9e de 2,13 m\u00e8tres de haut, comprenant une t\u00eate, un cou, un torse et des jambes en plastique moul\u00e9, avec des ailes assorties en tissu drap\u00e9. Ses ailes battent d\u2019avant en arri\u00e8re, sa t\u00eate pivote et ses yeux dor\u00e9s glac\u00e9s s\u2019illuminent, et lorsqu\u2019il est connect\u00e9 \u00e0 votre machine \u00e0 fum\u00e9e, de la fum\u00e9e est projet\u00e9e [\u2026]<\/p>","protected":false},"featured_media":564698,"comment_status":"closed","ping_status":"closed","template":"","meta":{"_acf_changed":false},"product_brand":[],"product_cat":[10068,10131,10158,10108,10034,10093,10094,6550,6547,6963,7051,7053],"product_tag":[],"class_list":{"0":"post-44406","1":"product","2":"type-product","3":"status-publish","4":"has-post-thumbnail","6":"product_cat-halloween-decorations-2025","7":"product_cat-halloween-gifts","8":"product_cat-in-stock-animatronics","9":"product_cat-light-up-halloween-decorations","10":"product_cat-family-friendly","11":"product_cat-indoor-halloween-decorations","12":"product_cat-outdoor-halloween-decorations","13":"product_cat-graveyard-decorations","14":"product_cat-decorations","15":"product_cat-animatronics","16":"product_cat-graveyard-animatronics","17":"product_cat-animated-props-zombies","18":"product_shipping_class-eu-bulky-prop","20":"first","21":"instock","22":"taxable","23":"shipping-taxable","24":"purchasable","25":"product-type-simple"},"supplier_id":467908,"supplier_sku":"MR124633","barcode":"842445130559","atum_controlled":true,"out_stock_date":null,"out_stock_threshold":null,"inheritable":false,"inbound_stock":13,"stock_on_hold":0,"sold_today":0,"sales_last_days":0,"reserved_stock":0,"customer_returns":0,"warehouse_damage":0,"lost_in_post":0,"other_logs":0,"out_stock_days":0,"lost_sales":0,"has_location":false,"update_date":"2026-05-02T00:22:37","atum_locations":[],"atum_stock_status":"instock","restock_status":false,"low_stock_amount":"","sales_update_date":"2026-05-02T00:22:36","calc_backorders":null,"acf":[],"yoast_head":"<!-- This site is optimized with the Yoast SEO plugin v27.5 - https:\/\/yoast.com\/product\/yoast-seo-wordpress\/ -->\n<title>Animated Forest Dragon - Halloween Decorations<\/title>\n<meta name=\"description\" content=\"Huge Animatronic Forest Dragon for Halloween. Browse our website for the best range of Halloween props. UK stock, fast delivery from Mad About Horror.\" \/>\n<meta name=\"robots\" content=\"index, follow, max-snippet:-1, max-image-preview:large, max-video-preview:-1\" \/>\n<link rel=\"canonical\" href=\"https:\/\/madabouthorror.co.uk\/fr\/product\/animated-forest-dragon\/\" \/>\n<meta property=\"og:locale\" content=\"fr_FR\" \/>\n<meta property=\"og:type\" content=\"article\" \/>\n<meta property=\"og:title\" content=\"Animated Forest Dragon - Halloween Decorations\" \/>\n<meta property=\"og:description\" content=\"Huge Animatronic Forest Dragon for Halloween. Browse our website for the best range of Halloween props. UK stock, fast delivery from Mad About Horror.\" \/>\n<meta property=\"og:url\" content=\"https:\/\/madabouthorror.co.uk\/fr\/product\/animated-forest-dragon\/\" \/>\n<meta property=\"og:site_name\" content=\"Mad About Horror\" \/>\n<meta property=\"article:publisher\" content=\"https:\/\/www.facebook.com\/madabouthorror\/\" \/>\n<meta property=\"article:modified_time\" content=\"2026-04-29T14:42:24+00:00\" \/>\n<meta property=\"og:image\" content=\"https:\/\/madabouthorror.co.uk\/wp-content\/uploads\/2023\/02\/animated-7-ft-dark-forest-dragonmr124633-a01.jpeg\" \/>\n\t<meta property=\"og:image:width\" content=\"1500\" \/>\n\t<meta property=\"og:image:height\" content=\"1500\" \/>\n\t<meta property=\"og:image:type\" content=\"image\/jpeg\" \/>\n<meta name=\"twitter:card\" content=\"summary_large_image\" \/>\n<meta name=\"twitter:label1\" content=\"Dur\u00e9e de lecture estim\u00e9e\" \/>\n\t<meta name=\"twitter:data1\" content=\"2 minutes\" \/>\n<script type=\"application\/ld+json\" class=\"yoast-schema-graph\">{\"@context\":\"https:\\\/\\\/schema.org\",\"@graph\":[{\"@type\":[\"WebPage\",\"ItemPage\"],\"@id\":\"https:\\\/\\\/madabouthorror.co.uk\\\/product\\\/animated-forest-dragon\\\/\",\"url\":\"https:\\\/\\\/madabouthorror.co.uk\\\/product\\\/animated-forest-dragon\\\/\",\"name\":\"Animated Forest Dragon - Halloween Decorations\",\"isPartOf\":{\"@id\":\"https:\\\/\\\/madabouthorror.co.uk\\\/#website\"},\"primaryImageOfPage\":{\"@id\":\"https:\\\/\\\/madabouthorror.co.uk\\\/product\\\/animated-forest-dragon\\\/#primaryimage\"},\"image\":{\"@id\":\"https:\\\/\\\/madabouthorror.co.uk\\\/product\\\/animated-forest-dragon\\\/#primaryimage\"},\"thumbnailUrl\":\"https:\\\/\\\/madabouthorror.co.uk\\\/wp-content\\\/uploads\\\/2023\\\/02\\\/animated-7-ft-dark-forest-dragonmr124633-a01.jpeg\",\"datePublished\":\"2023-02-22T17:01:14+00:00\",\"dateModified\":\"2026-04-29T14:42:24+00:00\",\"description\":\"Huge Animatronic Forest Dragon for Halloween. Browse our website for the best range of Halloween props. UK stock, fast delivery from Mad About Horror.\",\"breadcrumb\":{\"@id\":\"https:\\\/\\\/madabouthorror.co.uk\\\/product\\\/animated-forest-dragon\\\/#breadcrumb\"},\"inLanguage\":\"fr-FR\",\"potentialAction\":[{\"@type\":\"ReadAction\",\"target\":[\"https:\\\/\\\/madabouthorror.co.uk\\\/product\\\/animated-forest-dragon\\\/\"]}]},{\"@type\":\"ImageObject\",\"inLanguage\":\"fr-FR\",\"@id\":\"https:\\\/\\\/madabouthorror.co.uk\\\/product\\\/animated-forest-dragon\\\/#primaryimage\",\"url\":\"https:\\\/\\\/madabouthorror.co.uk\\\/wp-content\\\/uploads\\\/2023\\\/02\\\/animated-7-ft-dark-forest-dragonmr124633-a01.jpeg\",\"contentUrl\":\"https:\\\/\\\/madabouthorror.co.uk\\\/wp-content\\\/uploads\\\/2023\\\/02\\\/animated-7-ft-dark-forest-dragonmr124633-a01.jpeg\",\"width\":1500,\"height\":1500,\"caption\":\"Animated Forest Dragon\"},{\"@type\":\"BreadcrumbList\",\"@id\":\"https:\\\/\\\/madabouthorror.co.uk\\\/product\\\/animated-forest-dragon\\\/#breadcrumb\",\"itemListElement\":[{\"@type\":\"ListItem\",\"position\":1,\"name\":\"Shop\",\"item\":\"https:\\\/\\\/madabouthorror.co.uk\\\/shop\\\/\"},{\"@type\":\"ListItem\",\"position\":2,\"name\":\"Animated Forest Dragon\"}]},{\"@type\":\"WebSite\",\"@id\":\"https:\\\/\\\/madabouthorror.co.uk\\\/#website\",\"url\":\"https:\\\/\\\/madabouthorror.co.uk\\\/\",\"name\":\"Mad About Horror\",\"description\":\"\",\"publisher\":{\"@id\":\"https:\\\/\\\/madabouthorror.co.uk\\\/#organization\"},\"alternateName\":\"Mad About Horror Limited\",\"potentialAction\":[{\"@type\":\"SearchAction\",\"target\":{\"@type\":\"EntryPoint\",\"urlTemplate\":\"https:\\\/\\\/madabouthorror.co.uk\\\/?s={search_term_string}\"},\"query-input\":{\"@type\":\"PropertyValueSpecification\",\"valueRequired\":true,\"valueName\":\"search_term_string\"}}],\"inLanguage\":\"fr-FR\"},{\"@type\":\"Organization\",\"@id\":\"https:\\\/\\\/madabouthorror.co.uk\\\/#organization\",\"name\":\"Mad About Horror\",\"url\":\"https:\\\/\\\/madabouthorror.co.uk\\\/\",\"logo\":{\"@type\":\"ImageObject\",\"inLanguage\":\"fr-FR\",\"@id\":\"https:\\\/\\\/madabouthorror.co.uk\\\/#\\\/schema\\\/logo\\\/image\\\/\",\"url\":\"https:\\\/\\\/madabouthorror.co.uk\\\/wp-content\\\/uploads\\\/2024\\\/02\\\/cropped-Logo.png\",\"contentUrl\":\"https:\\\/\\\/madabouthorror.co.uk\\\/wp-content\\\/uploads\\\/2024\\\/02\\\/cropped-Logo.png\",\"width\":240,\"height\":88,\"caption\":\"Mad About Horror\"},\"image\":{\"@id\":\"https:\\\/\\\/madabouthorror.co.uk\\\/#\\\/schema\\\/logo\\\/image\\\/\"},\"sameAs\":[\"https:\\\/\\\/www.facebook.com\\\/madabouthorror\\\/\",\"https:\\\/\\\/www.instagram.com\\\/madabouthorror\\\/\",\"https:\\\/\\\/www.pinterest.co.uk\\\/madabouthorror\\\/\",\"https:\\\/\\\/www.youtube.com\\\/channel\\\/UCBooLOIxjoQ89dj6T5lWm_w\",\"https:\\\/\\\/www.tiktok.com\\\/@weremadabouthorror\"]}]}<\/script>\n<!-- \/ Yoast SEO plugin. -->","yoast_head_json":{"title":"Dragon de for\u00eat anim\u00e9 - D\u00e9corations d'Halloween","description":"\u00c9norme dragon animatronique de la for\u00eat pour Halloween. Parcourez notre site Web pour d\u00e9couvrir la meilleure gamme d'accessoires d'Halloween. Stock au Royaume-Uni, livraison rapide de Mad About Horror.","robots":{"index":"index","follow":"follow","max-snippet":"max-snippet:-1","max-image-preview":"max-image-preview:large","max-video-preview":"max-video-preview:-1"},"canonical":"https:\/\/madabouthorror.co.uk\/fr\/product\/animated-forest-dragon\/","og_locale":"fr_FR","og_type":"article","og_title":"Animated Forest Dragon - Halloween Decorations","og_description":"Huge Animatronic Forest Dragon for Halloween. Browse our website for the best range of Halloween props. UK stock, fast delivery from Mad About Horror.","og_url":"https:\/\/madabouthorror.co.uk\/fr\/product\/animated-forest-dragon\/","og_site_name":"Mad About Horror","article_publisher":"https:\/\/www.facebook.com\/madabouthorror\/","article_modified_time":"2026-04-29T14:42:24+00:00","og_image":[{"width":1500,"height":1500,"url":"https:\/\/madabouthorror.co.uk\/wp-content\/uploads\/2023\/02\/animated-7-ft-dark-forest-dragonmr124633-a01.jpeg","type":"image\/jpeg"}],"twitter_card":"summary_large_image","twitter_misc":{"Dur\u00e9e de lecture estim\u00e9e":"2 minutes"},"schema":{"@context":"https:\/\/schema.org","@graph":[{"@type":["WebPage","ItemPage"],"@id":"https:\/\/madabouthorror.co.uk\/product\/animated-forest-dragon\/","url":"https:\/\/madabouthorror.co.uk\/product\/animated-forest-dragon\/","name":"Dragon de for\u00eat anim\u00e9 - D\u00e9corations d'Halloween","isPartOf":{"@id":"https:\/\/madabouthorror.co.uk\/#website"},"primaryImageOfPage":{"@id":"https:\/\/madabouthorror.co.uk\/product\/animated-forest-dragon\/#primaryimage"},"image":{"@id":"https:\/\/madabouthorror.co.uk\/product\/animated-forest-dragon\/#primaryimage"},"thumbnailUrl":"https:\/\/madabouthorror.co.uk\/wp-content\/uploads\/2023\/02\/animated-7-ft-dark-forest-dragonmr124633-a01.jpeg","datePublished":"2023-02-22T17:01:14+00:00","dateModified":"2026-04-29T14:42:24+00:00","description":"\u00c9norme dragon animatronique de la for\u00eat pour Halloween. Parcourez notre site Web pour d\u00e9couvrir la meilleure gamme d'accessoires d'Halloween. Stock au Royaume-Uni, livraison rapide de Mad About Horror.","breadcrumb":{"@id":"https:\/\/madabouthorror.co.uk\/product\/animated-forest-dragon\/#breadcrumb"},"inLanguage":"fr-FR","potentialAction":[{"@type":"ReadAction","target":["https:\/\/madabouthorror.co.uk\/product\/animated-forest-dragon\/"]}]},{"@type":"ImageObject","inLanguage":"fr-FR","@id":"https:\/\/madabouthorror.co.uk\/product\/animated-forest-dragon\/#primaryimage","url":"https:\/\/madabouthorror.co.uk\/wp-content\/uploads\/2023\/02\/animated-7-ft-dark-forest-dragonmr124633-a01.jpeg","contentUrl":"https:\/\/madabouthorror.co.uk\/wp-content\/uploads\/2023\/02\/animated-7-ft-dark-forest-dragonmr124633-a01.jpeg","width":1500,"height":1500,"caption":"Animated Forest Dragon"},{"@type":"BreadcrumbList","@id":"https:\/\/madabouthorror.co.uk\/product\/animated-forest-dragon\/#breadcrumb","itemListElement":[{"@type":"ListItem","position":1,"name":"Shop","item":"https:\/\/madabouthorror.co.uk\/shop\/"},{"@type":"ListItem","position":2,"name":"Animated Forest Dragon"}]},{"@type":"WebSite","@id":"https:\/\/madabouthorror.co.uk\/#website","url":"https:\/\/madabouthorror.co.uk\/","name":"L'horreur en folie","description":"","publisher":{"@id":"https:\/\/madabouthorror.co.uk\/#organization"},"alternateName":"Mad About Horror Limited","potentialAction":[{"@type":"SearchAction","target":{"@type":"EntryPoint","urlTemplate":"https:\/\/madabouthorror.co.uk\/?s={search_term_string}"},"query-input":{"@type":"PropertyValueSpecification","valueRequired":true,"valueName":"search_term_string"}}],"inLanguage":"fr-FR"},{"@type":"Organization","@id":"https:\/\/madabouthorror.co.uk\/#organization","name":"L'horreur en folie","url":"https:\/\/madabouthorror.co.uk\/","logo":{"@type":"ImageObject","inLanguage":"fr-FR","@id":"https:\/\/madabouthorror.co.uk\/#\/schema\/logo\/image\/","url":"https:\/\/madabouthorror.co.uk\/wp-content\/uploads\/2024\/02\/cropped-Logo.png","contentUrl":"https:\/\/madabouthorror.co.uk\/wp-content\/uploads\/2024\/02\/cropped-Logo.png","width":240,"height":88,"caption":"Mad About Horror"},"image":{"@id":"https:\/\/madabouthorror.co.uk\/#\/schema\/logo\/image\/"},"sameAs":["https:\/\/www.facebook.com\/madabouthorror\/","https:\/\/www.instagram.com\/madabouthorror\/","https:\/\/www.pinterest.co.uk\/madabouthorror\/","https:\/\/www.youtube.com\/channel\/UCBooLOIxjoQ89dj6T5lWm_w","https:\/\/www.tiktok.com\/@weremadabouthorror"]}]}},"df_price":599.95,"df_sale_price":"","df_regular_price":599.95,"df_image_link":"https:\/\/madabouthorror.co.uk\/wp-content\/uploads\/2023\/02\/animated-7-ft-dark-forest-dragonmr124633-a01-300x300.jpeg","_links":{"self":[{"href":"https:\/\/madabouthorror.co.uk\/fr\/wp-json\/wp\/v2\/product\/44406","targetHints":{"allow":["GET"]}}],"collection":[{"href":"https:\/\/madabouthorror.co.uk\/fr\/wp-json\/wp\/v2\/product"}],"about":[{"href":"https:\/\/madabouthorror.co.uk\/fr\/wp-json\/wp\/v2\/types\/product"}],"replies":[{"embeddable":true,"href":"https:\/\/madabouthorror.co.uk\/fr\/wp-json\/wp\/v2\/comments?post=44406"}],"wp:featuredmedia":[{"embeddable":true,"href":"https:\/\/madabouthorror.co.uk\/fr\/wp-json\/wp\/v2\/media\/564698"}],"wp:attachment":[{"href":"https:\/\/madabouthorror.co.uk\/fr\/wp-json\/wp\/v2\/media?parent=44406"}],"wp:term":[{"taxonomy":"product_brand","embeddable":true,"href":"https:\/\/madabouthorror.co.uk\/fr\/wp-json\/wp\/v2\/product_brand?post=44406"},{"taxonomy":"product_cat","embeddable":true,"href":"https:\/\/madabouthorror.co.uk\/fr\/wp-json\/wp\/v2\/product_cat?post=44406"},{"taxonomy":"product_tag","embeddable":true,"href":"https:\/\/madabouthorror.co.uk\/fr\/wp-json\/wp\/v2\/product_tag?post=44406"}],"curies":[{"name":"wp","href":"https:\/\/api.w.org\/{rel}","templated":true}]}}