{"id":44645,"date":"2020-05-09T16:22:03","date_gmt":"2020-05-09T15:22:03","guid":{"rendered":"https:\/\/mah.6bdv.ws\/product\/dawn-of-the-dead-airport-zombie-bust\/"},"modified":"2026-04-02T09:32:50","modified_gmt":"2026-04-02T08:32:50","slug":"dawn-of-the-dead-airport-zombie-bust","status":"publish","type":"product","link":"https:\/\/madabouthorror.co.uk\/fr\/product\/dawn-of-the-dead-airport-zombie-bust\/","title":{"rendered":"Dawn of the Dead - Buste de zombie \u00e0 l'a\u00e9roport"},"content":{"rendered":"<p>Saisissez l'essence du film de zombies classique de George A. Romero, Dawn of the Dead, avec le buste de zombie officiel de l'a\u00e9roport de Trick or Treat Studios.<\/p>\n<p>Ce buste tr\u00e8s d\u00e9taill\u00e9 est enti\u00e8rement peint et sculpt\u00e9 par le ma\u00eetre sculpteur de buste William Paquet. Ce buste incroyable est fabriqu\u00e9 en r\u00e9sine et mesure 9\u2033. Pour couronner le tout, le buste Dawn of the Dead Airport Zombie Bust est livr\u00e9 dans une magnifique bo\u00eete de collection, mettant en valeur l'art qui d\u00e9finit le genre zombie.<\/p>\n<p><em>1978 2018 New Amsterdam Ent\/MKR<\/em><\/p>","protected":false},"excerpt":{"rendered":"<p>Capturez l'essence du film de zombies classique de George A. Romero, Dawn of the Dead, avec le buste officiel de zombie de l'a\u00e9roport de Trick or Treat Studios. Ce buste tr\u00e8s d\u00e9taill\u00e9 est enti\u00e8rement peint et sculpt\u00e9 par le ma\u00eetre sculpteur de bustes William Paquet. Ce buste incroyable est fait en r\u00e9sine et mesure 9\u2033 de haut et pour couronner le tout [...]<\/p>","protected":false},"featured_media":44637,"comment_status":"closed","ping_status":"closed","template":"","meta":{"_acf_changed":false},"product_brand":[],"product_cat":[10077,6537,10040,10038,6654,6792],"product_tag":[],"class_list":{"0":"post-44645","1":"product","2":"type-product","3":"status-publish","4":"has-post-thumbnail","6":"product_cat-statues-trick-or-treat-studios","7":"product_cat-collectibles","8":"product_cat-gifts-under-100","9":"product_cat-horror-gifts","10":"product_cat-dawn-of-the-dead","11":"product_cat-trick-or-treat-studios","13":"first","14":"instock","15":"taxable","16":"shipping-taxable","17":"purchasable","18":"product-type-simple"},"supplier_id":471029,"supplier_sku":"WPRL100-S1","barcode":"811501036296","atum_controlled":true,"out_stock_date":null,"out_stock_threshold":null,"inheritable":false,"inbound_stock":0,"stock_on_hold":0,"sold_today":0,"sales_last_days":1,"reserved_stock":0,"customer_returns":0,"warehouse_damage":0,"lost_in_post":0,"other_logs":0,"out_stock_days":0,"lost_sales":0,"has_location":false,"update_date":"2026-04-04T01:34:37","atum_locations":[],"atum_stock_status":"instock","restock_status":false,"low_stock_amount":2,"sales_update_date":"2026-04-04T01:34:35","calc_backorders":null,"acf":[],"yoast_head":"<!-- This site is optimized with the Yoast SEO plugin v27.3 - https:\/\/yoast.com\/product\/yoast-seo-wordpress\/ -->\n<title>Dawn of the Dead - Airport Zombie Bust - Mad About Horror<\/title>\n<meta name=\"description\" content=\"Officially licensed Dawn of the Dead - Airport Zombie Bust by Trick or Treat - Shop Horror collectibles and Halloween props. UK stockist\" \/>\n<meta name=\"robots\" content=\"index, follow, max-snippet:-1, max-image-preview:large, max-video-preview:-1\" \/>\n<link rel=\"canonical\" href=\"https:\/\/madabouthorror.co.uk\/fr\/product\/dawn-of-the-dead-airport-zombie-bust\/\" \/>\n<meta property=\"og:locale\" content=\"fr_FR\" \/>\n<meta property=\"og:type\" content=\"article\" \/>\n<meta property=\"og:title\" content=\"Dawn of the Dead - Airport Zombie Bust - Mad About Horror\" \/>\n<meta property=\"og:description\" content=\"Officially licensed Dawn of the Dead - Airport Zombie Bust by Trick or Treat - Shop Horror collectibles and Halloween props. UK stockist\" \/>\n<meta property=\"og:url\" content=\"https:\/\/madabouthorror.co.uk\/fr\/product\/dawn-of-the-dead-airport-zombie-bust\/\" \/>\n<meta property=\"og:site_name\" content=\"Mad About Horror\" \/>\n<meta property=\"article:publisher\" content=\"https:\/\/www.facebook.com\/madabouthorror\/\" \/>\n<meta property=\"article:modified_time\" content=\"2026-04-02T08:32:50+00:00\" \/>\n<meta property=\"og:image\" content=\"https:\/\/madabouthorror.co.uk\/wp-content\/uploads\/2020\/05\/trick_or_treat_studios_dawn_of_the_dead_airport_zombie_bust.jpg\" \/>\n\t<meta property=\"og:image:width\" content=\"650\" \/>\n\t<meta property=\"og:image:height\" content=\"650\" \/>\n\t<meta property=\"og:image:type\" content=\"image\/jpeg\" \/>\n<meta name=\"twitter:card\" content=\"summary_large_image\" \/>\n<meta name=\"twitter:label1\" content=\"Dur\u00e9e de lecture estim\u00e9e\" \/>\n\t<meta name=\"twitter:data1\" content=\"1 minute\" \/>\n<script type=\"application\/ld+json\" class=\"yoast-schema-graph\">{\"@context\":\"https:\\\/\\\/schema.org\",\"@graph\":[{\"@type\":[\"WebPage\",\"ItemPage\"],\"@id\":\"https:\\\/\\\/madabouthorror.co.uk\\\/product\\\/dawn-of-the-dead-airport-zombie-bust\\\/\",\"url\":\"https:\\\/\\\/madabouthorror.co.uk\\\/product\\\/dawn-of-the-dead-airport-zombie-bust\\\/\",\"name\":\"Dawn of the Dead - Airport Zombie Bust - Mad About Horror\",\"isPartOf\":{\"@id\":\"https:\\\/\\\/madabouthorror.co.uk\\\/#website\"},\"primaryImageOfPage\":{\"@id\":\"https:\\\/\\\/madabouthorror.co.uk\\\/product\\\/dawn-of-the-dead-airport-zombie-bust\\\/#primaryimage\"},\"image\":{\"@id\":\"https:\\\/\\\/madabouthorror.co.uk\\\/product\\\/dawn-of-the-dead-airport-zombie-bust\\\/#primaryimage\"},\"thumbnailUrl\":\"https:\\\/\\\/madabouthorror.co.uk\\\/wp-content\\\/uploads\\\/2020\\\/05\\\/trick_or_treat_studios_dawn_of_the_dead_airport_zombie_bust.jpg\",\"datePublished\":\"2020-05-09T15:22:03+00:00\",\"dateModified\":\"2026-04-02T08:32:50+00:00\",\"description\":\"Officially licensed Dawn of the Dead - Airport Zombie Bust by Trick or Treat - Shop Horror collectibles and Halloween props. UK stockist\",\"breadcrumb\":{\"@id\":\"https:\\\/\\\/madabouthorror.co.uk\\\/product\\\/dawn-of-the-dead-airport-zombie-bust\\\/#breadcrumb\"},\"inLanguage\":\"fr-FR\",\"potentialAction\":[{\"@type\":\"ReadAction\",\"target\":[\"https:\\\/\\\/madabouthorror.co.uk\\\/product\\\/dawn-of-the-dead-airport-zombie-bust\\\/\"]}]},{\"@type\":\"ImageObject\",\"inLanguage\":\"fr-FR\",\"@id\":\"https:\\\/\\\/madabouthorror.co.uk\\\/product\\\/dawn-of-the-dead-airport-zombie-bust\\\/#primaryimage\",\"url\":\"https:\\\/\\\/madabouthorror.co.uk\\\/wp-content\\\/uploads\\\/2020\\\/05\\\/trick_or_treat_studios_dawn_of_the_dead_airport_zombie_bust.jpg\",\"contentUrl\":\"https:\\\/\\\/madabouthorror.co.uk\\\/wp-content\\\/uploads\\\/2020\\\/05\\\/trick_or_treat_studios_dawn_of_the_dead_airport_zombie_bust.jpg\",\"width\":650,\"height\":650,\"caption\":\"Trick or Treat Studios - Dawn of the Dead - Airport Zombie Bust\"},{\"@type\":\"BreadcrumbList\",\"@id\":\"https:\\\/\\\/madabouthorror.co.uk\\\/product\\\/dawn-of-the-dead-airport-zombie-bust\\\/#breadcrumb\",\"itemListElement\":[{\"@type\":\"ListItem\",\"position\":1,\"name\":\"Shop\",\"item\":\"https:\\\/\\\/madabouthorror.co.uk\\\/shop\\\/\"},{\"@type\":\"ListItem\",\"position\":2,\"name\":\"Dawn of the Dead &#8211; Airport Zombie Bust\"}]},{\"@type\":\"WebSite\",\"@id\":\"https:\\\/\\\/madabouthorror.co.uk\\\/#website\",\"url\":\"https:\\\/\\\/madabouthorror.co.uk\\\/\",\"name\":\"Mad About Horror\",\"description\":\"\",\"publisher\":{\"@id\":\"https:\\\/\\\/madabouthorror.co.uk\\\/#organization\"},\"alternateName\":\"Mad About Horror Limited\",\"potentialAction\":[{\"@type\":\"SearchAction\",\"target\":{\"@type\":\"EntryPoint\",\"urlTemplate\":\"https:\\\/\\\/madabouthorror.co.uk\\\/?s={search_term_string}\"},\"query-input\":{\"@type\":\"PropertyValueSpecification\",\"valueRequired\":true,\"valueName\":\"search_term_string\"}}],\"inLanguage\":\"fr-FR\"},{\"@type\":\"Organization\",\"@id\":\"https:\\\/\\\/madabouthorror.co.uk\\\/#organization\",\"name\":\"Mad About Horror\",\"url\":\"https:\\\/\\\/madabouthorror.co.uk\\\/\",\"logo\":{\"@type\":\"ImageObject\",\"inLanguage\":\"fr-FR\",\"@id\":\"https:\\\/\\\/madabouthorror.co.uk\\\/#\\\/schema\\\/logo\\\/image\\\/\",\"url\":\"https:\\\/\\\/madabouthorror.co.uk\\\/wp-content\\\/uploads\\\/2024\\\/02\\\/cropped-Logo.png\",\"contentUrl\":\"https:\\\/\\\/madabouthorror.co.uk\\\/wp-content\\\/uploads\\\/2024\\\/02\\\/cropped-Logo.png\",\"width\":240,\"height\":88,\"caption\":\"Mad About Horror\"},\"image\":{\"@id\":\"https:\\\/\\\/madabouthorror.co.uk\\\/#\\\/schema\\\/logo\\\/image\\\/\"},\"sameAs\":[\"https:\\\/\\\/www.facebook.com\\\/madabouthorror\\\/\",\"https:\\\/\\\/www.instagram.com\\\/madabouthorror\\\/\",\"https:\\\/\\\/www.pinterest.co.uk\\\/madabouthorror\\\/\",\"https:\\\/\\\/www.youtube.com\\\/channel\\\/UCBooLOIxjoQ89dj6T5lWm_w\",\"https:\\\/\\\/www.tiktok.com\\\/@weremadabouthorror\"]}]}<\/script>\n<!-- \/ Yoast SEO plugin. -->","yoast_head_json":{"title":"Dawn of the Dead - Buste de zombie \u00e0 l'a\u00e9roport - Mad About Horror","description":"Licence officielle Dawn of the Dead - Airport Zombie Bust by Trick or Treat - Boutique d'objets de collection horrifiques et d'accessoires pour Halloween. Distributeur au Royaume-Uni","robots":{"index":"index","follow":"follow","max-snippet":"max-snippet:-1","max-image-preview":"max-image-preview:large","max-video-preview":"max-video-preview:-1"},"canonical":"https:\/\/madabouthorror.co.uk\/fr\/product\/dawn-of-the-dead-airport-zombie-bust\/","og_locale":"fr_FR","og_type":"article","og_title":"Dawn of the Dead - Airport Zombie Bust - Mad About Horror","og_description":"Officially licensed Dawn of the Dead - Airport Zombie Bust by Trick or Treat - Shop Horror collectibles and Halloween props. UK stockist","og_url":"https:\/\/madabouthorror.co.uk\/fr\/product\/dawn-of-the-dead-airport-zombie-bust\/","og_site_name":"Mad About Horror","article_publisher":"https:\/\/www.facebook.com\/madabouthorror\/","article_modified_time":"2026-04-02T08:32:50+00:00","og_image":[{"width":650,"height":650,"url":"https:\/\/madabouthorror.co.uk\/wp-content\/uploads\/2020\/05\/trick_or_treat_studios_dawn_of_the_dead_airport_zombie_bust.jpg","type":"image\/jpeg"}],"twitter_card":"summary_large_image","twitter_misc":{"Dur\u00e9e de lecture estim\u00e9e":"1 minute"},"schema":{"@context":"https:\/\/schema.org","@graph":[{"@type":["WebPage","ItemPage"],"@id":"https:\/\/madabouthorror.co.uk\/product\/dawn-of-the-dead-airport-zombie-bust\/","url":"https:\/\/madabouthorror.co.uk\/product\/dawn-of-the-dead-airport-zombie-bust\/","name":"Dawn of the Dead - Buste de zombie \u00e0 l'a\u00e9roport - Mad About Horror","isPartOf":{"@id":"https:\/\/madabouthorror.co.uk\/#website"},"primaryImageOfPage":{"@id":"https:\/\/madabouthorror.co.uk\/product\/dawn-of-the-dead-airport-zombie-bust\/#primaryimage"},"image":{"@id":"https:\/\/madabouthorror.co.uk\/product\/dawn-of-the-dead-airport-zombie-bust\/#primaryimage"},"thumbnailUrl":"https:\/\/madabouthorror.co.uk\/wp-content\/uploads\/2020\/05\/trick_or_treat_studios_dawn_of_the_dead_airport_zombie_bust.jpg","datePublished":"2020-05-09T15:22:03+00:00","dateModified":"2026-04-02T08:32:50+00:00","description":"Licence officielle Dawn of the Dead - Airport Zombie Bust by Trick or Treat - Boutique d'objets de collection horrifiques et d'accessoires pour Halloween. Distributeur au Royaume-Uni","breadcrumb":{"@id":"https:\/\/madabouthorror.co.uk\/product\/dawn-of-the-dead-airport-zombie-bust\/#breadcrumb"},"inLanguage":"fr-FR","potentialAction":[{"@type":"ReadAction","target":["https:\/\/madabouthorror.co.uk\/product\/dawn-of-the-dead-airport-zombie-bust\/"]}]},{"@type":"ImageObject","inLanguage":"fr-FR","@id":"https:\/\/madabouthorror.co.uk\/product\/dawn-of-the-dead-airport-zombie-bust\/#primaryimage","url":"https:\/\/madabouthorror.co.uk\/wp-content\/uploads\/2020\/05\/trick_or_treat_studios_dawn_of_the_dead_airport_zombie_bust.jpg","contentUrl":"https:\/\/madabouthorror.co.uk\/wp-content\/uploads\/2020\/05\/trick_or_treat_studios_dawn_of_the_dead_airport_zombie_bust.jpg","width":650,"height":650,"caption":"Trick or Treat Studios - Dawn of the Dead - Airport Zombie Bust"},{"@type":"BreadcrumbList","@id":"https:\/\/madabouthorror.co.uk\/product\/dawn-of-the-dead-airport-zombie-bust\/#breadcrumb","itemListElement":[{"@type":"ListItem","position":1,"name":"Shop","item":"https:\/\/madabouthorror.co.uk\/shop\/"},{"@type":"ListItem","position":2,"name":"Dawn of the Dead &#8211; Airport Zombie Bust"}]},{"@type":"WebSite","@id":"https:\/\/madabouthorror.co.uk\/#website","url":"https:\/\/madabouthorror.co.uk\/","name":"L'horreur en folie","description":"","publisher":{"@id":"https:\/\/madabouthorror.co.uk\/#organization"},"alternateName":"Mad About Horror Limited","potentialAction":[{"@type":"SearchAction","target":{"@type":"EntryPoint","urlTemplate":"https:\/\/madabouthorror.co.uk\/?s={search_term_string}"},"query-input":{"@type":"PropertyValueSpecification","valueRequired":true,"valueName":"search_term_string"}}],"inLanguage":"fr-FR"},{"@type":"Organization","@id":"https:\/\/madabouthorror.co.uk\/#organization","name":"L'horreur en folie","url":"https:\/\/madabouthorror.co.uk\/","logo":{"@type":"ImageObject","inLanguage":"fr-FR","@id":"https:\/\/madabouthorror.co.uk\/#\/schema\/logo\/image\/","url":"https:\/\/madabouthorror.co.uk\/wp-content\/uploads\/2024\/02\/cropped-Logo.png","contentUrl":"https:\/\/madabouthorror.co.uk\/wp-content\/uploads\/2024\/02\/cropped-Logo.png","width":240,"height":88,"caption":"Mad About Horror"},"image":{"@id":"https:\/\/madabouthorror.co.uk\/#\/schema\/logo\/image\/"},"sameAs":["https:\/\/www.facebook.com\/madabouthorror\/","https:\/\/www.instagram.com\/madabouthorror\/","https:\/\/www.pinterest.co.uk\/madabouthorror\/","https:\/\/www.youtube.com\/channel\/UCBooLOIxjoQ89dj6T5lWm_w","https:\/\/www.tiktok.com\/@weremadabouthorror"]}]}},"df_price":104.12,"df_sale_price":"","df_regular_price":104.12,"df_image_link":"https:\/\/madabouthorror.co.uk\/wp-content\/uploads\/2020\/05\/trick_or_treat_studios_dawn_of_the_dead_airport_zombie_bust-300x300.jpg","_links":{"self":[{"href":"https:\/\/madabouthorror.co.uk\/fr\/wp-json\/wp\/v2\/product\/44645","targetHints":{"allow":["GET"]}}],"collection":[{"href":"https:\/\/madabouthorror.co.uk\/fr\/wp-json\/wp\/v2\/product"}],"about":[{"href":"https:\/\/madabouthorror.co.uk\/fr\/wp-json\/wp\/v2\/types\/product"}],"replies":[{"embeddable":true,"href":"https:\/\/madabouthorror.co.uk\/fr\/wp-json\/wp\/v2\/comments?post=44645"}],"wp:featuredmedia":[{"embeddable":true,"href":"https:\/\/madabouthorror.co.uk\/fr\/wp-json\/wp\/v2\/media\/44637"}],"wp:attachment":[{"href":"https:\/\/madabouthorror.co.uk\/fr\/wp-json\/wp\/v2\/media?parent=44645"}],"wp:term":[{"taxonomy":"product_brand","embeddable":true,"href":"https:\/\/madabouthorror.co.uk\/fr\/wp-json\/wp\/v2\/product_brand?post=44645"},{"taxonomy":"product_cat","embeddable":true,"href":"https:\/\/madabouthorror.co.uk\/fr\/wp-json\/wp\/v2\/product_cat?post=44645"},{"taxonomy":"product_tag","embeddable":true,"href":"https:\/\/madabouthorror.co.uk\/fr\/wp-json\/wp\/v2\/product_tag?post=44645"}],"curies":[{"name":"wp","href":"https:\/\/api.w.org\/{rel}","templated":true}]}}