{"id":44656,"date":"2020-05-09T16:59:14","date_gmt":"2020-05-09T15:59:14","guid":{"rendered":"https:\/\/mah.6bdv.ws\/product\/fulci-zombie-boat-zombie-bust\/"},"modified":"2026-04-20T14:53:53","modified_gmt":"2026-04-20T13:53:53","slug":"fulci-zombie-boat-zombie-bust","status":"publish","type":"product","link":"https:\/\/madabouthorror.co.uk\/fr\/product\/fulci-zombie-boat-zombie-bust\/","title":{"rendered":"Fulci Zombie - Buste de zombie en bateau"},"content":{"rendered":"<p>Voici le buste officiel du bateau zombie du film classique Zombie de Lucio Fulci, Zombie de Trick or Studios. Ce buste tr\u00e8s d\u00e9taill\u00e9, sculpt\u00e9 par le ma\u00eetre sculpteur de bustes William Paquet, repr\u00e9sente le bateau zombie embl\u00e9matique vu dans la sc\u00e8ne d'ouverture de la trilogie Zombie de Lucio Fulci.<\/p>\n<p>D'une hauteur de 9\u2033, le buste enti\u00e8rement peint est fabriqu\u00e9 en r\u00e9sine et est livr\u00e9 dans une magnifique bo\u00eete de collection. Plongez dans l'histoire du cin\u00e9ma de zombies italien avec le buste du Fulci Zombie Boat Zombie Bust - commandez le v\u00f4tre d\u00e8s aujourd'hui !<\/p>\n<p><em>ZOMBIE : \u00a91979, 2018 JGO Management Company &amp; Blue Underground, Inc. Tous droits r\u00e9serv\u00e9s.<\/em><\/p>","protected":false},"excerpt":{"rendered":"<p>Voici le buste officiel du bateau zombie du film classique Zombie de Lucio Fulci, Zombie de Trick or Studios. Ce buste tr\u00e8s d\u00e9taill\u00e9, sculpt\u00e9 par le ma\u00eetre sculpteur de bustes William Paquet, capture l'embl\u00e9matique bateau zombie tel qu'on le voit dans la sc\u00e8ne d'ouverture de la trilogie Zombie de Lucio Fulci. D'une hauteur de 9\u2033, le buste enti\u00e8rement peint est fait de [...]<\/p>","protected":false},"featured_media":44646,"comment_status":"closed","ping_status":"closed","template":"","meta":{"_acf_changed":false},"product_brand":[],"product_cat":[10077,6537,10040,10038,6651,6792],"product_tag":[],"class_list":{"0":"post-44656","1":"product","2":"type-product","3":"status-publish","4":"has-post-thumbnail","6":"product_cat-statues-trick-or-treat-studios","7":"product_cat-collectibles","8":"product_cat-gifts-under-100","9":"product_cat-horror-gifts","10":"product_cat-fulciszombie","11":"product_cat-trick-or-treat-studios","13":"first","14":"instock","15":"taxable","16":"shipping-taxable","17":"purchasable","18":"product-type-simple"},"supplier_id":471030,"supplier_sku":"WPBU100","barcode":"811501036234","atum_controlled":true,"out_stock_date":null,"out_stock_threshold":null,"inheritable":false,"inbound_stock":1,"stock_on_hold":0,"sold_today":0,"sales_last_days":0,"reserved_stock":0,"customer_returns":0,"warehouse_damage":0,"lost_in_post":0,"other_logs":0,"out_stock_days":0,"lost_sales":0,"has_location":false,"update_date":"2026-04-30T02:09:16","atum_locations":[],"atum_stock_status":"instock","restock_status":false,"low_stock_amount":2,"sales_update_date":"2026-04-30T02:09:14","calc_backorders":null,"acf":[],"yoast_head":"<!-- This site is optimized with the Yoast SEO plugin v27.5 - https:\/\/yoast.com\/product\/yoast-seo-wordpress\/ -->\n<title>Fulci Zombie - Boat Zombie Bust | Mad About Horror<\/title>\n<meta name=\"description\" content=\"Officially licensed Lucio Fulci Zombie Boat Zombie Bust from from Trick or Studios. Available in the UK from Mad About Horror.\" \/>\n<meta name=\"robots\" content=\"index, follow, max-snippet:-1, max-image-preview:large, max-video-preview:-1\" \/>\n<link rel=\"canonical\" href=\"https:\/\/madabouthorror.co.uk\/fr\/product\/fulci-zombie-boat-zombie-bust\/\" \/>\n<meta property=\"og:locale\" content=\"fr_FR\" \/>\n<meta property=\"og:type\" content=\"article\" \/>\n<meta property=\"og:title\" content=\"Fulci Zombie - Boat Zombie Bust | Mad About Horror\" \/>\n<meta property=\"og:description\" content=\"Officially licensed Lucio Fulci Zombie Boat Zombie Bust from from Trick or Studios. Available in the UK from Mad About Horror.\" \/>\n<meta property=\"og:url\" content=\"https:\/\/madabouthorror.co.uk\/fr\/product\/fulci-zombie-boat-zombie-bust\/\" \/>\n<meta property=\"og:site_name\" content=\"Mad About Horror\" \/>\n<meta property=\"article:publisher\" content=\"https:\/\/www.facebook.com\/madabouthorror\/\" \/>\n<meta property=\"article:modified_time\" content=\"2026-04-20T13:53:53+00:00\" \/>\n<meta property=\"og:image\" content=\"https:\/\/madabouthorror.co.uk\/wp-content\/uploads\/2020\/05\/fulci_boat_zombie_collectible_bust_trick_or_treat_studios.jpg\" \/>\n\t<meta property=\"og:image:width\" content=\"1000\" \/>\n\t<meta property=\"og:image:height\" content=\"1000\" \/>\n\t<meta property=\"og:image:type\" content=\"image\/jpeg\" \/>\n<meta name=\"twitter:card\" content=\"summary_large_image\" \/>\n<meta name=\"twitter:label1\" content=\"Dur\u00e9e de lecture estim\u00e9e\" \/>\n\t<meta name=\"twitter:data1\" content=\"1 minute\" \/>\n<script type=\"application\/ld+json\" class=\"yoast-schema-graph\">{\"@context\":\"https:\\\/\\\/schema.org\",\"@graph\":[{\"@type\":[\"WebPage\",\"ItemPage\"],\"@id\":\"https:\\\/\\\/madabouthorror.co.uk\\\/product\\\/fulci-zombie-boat-zombie-bust\\\/\",\"url\":\"https:\\\/\\\/madabouthorror.co.uk\\\/product\\\/fulci-zombie-boat-zombie-bust\\\/\",\"name\":\"Fulci Zombie - Boat Zombie Bust | Mad About Horror\",\"isPartOf\":{\"@id\":\"https:\\\/\\\/madabouthorror.co.uk\\\/#website\"},\"primaryImageOfPage\":{\"@id\":\"https:\\\/\\\/madabouthorror.co.uk\\\/product\\\/fulci-zombie-boat-zombie-bust\\\/#primaryimage\"},\"image\":{\"@id\":\"https:\\\/\\\/madabouthorror.co.uk\\\/product\\\/fulci-zombie-boat-zombie-bust\\\/#primaryimage\"},\"thumbnailUrl\":\"https:\\\/\\\/madabouthorror.co.uk\\\/wp-content\\\/uploads\\\/2020\\\/05\\\/fulci_boat_zombie_collectible_bust_trick_or_treat_studios.jpg\",\"datePublished\":\"2020-05-09T15:59:14+00:00\",\"dateModified\":\"2026-04-20T13:53:53+00:00\",\"description\":\"Officially licensed Lucio Fulci Zombie Boat Zombie Bust from from Trick or Studios. Available in the UK from Mad About Horror.\",\"breadcrumb\":{\"@id\":\"https:\\\/\\\/madabouthorror.co.uk\\\/product\\\/fulci-zombie-boat-zombie-bust\\\/#breadcrumb\"},\"inLanguage\":\"fr-FR\",\"potentialAction\":[{\"@type\":\"ReadAction\",\"target\":[\"https:\\\/\\\/madabouthorror.co.uk\\\/product\\\/fulci-zombie-boat-zombie-bust\\\/\"]}]},{\"@type\":\"ImageObject\",\"inLanguage\":\"fr-FR\",\"@id\":\"https:\\\/\\\/madabouthorror.co.uk\\\/product\\\/fulci-zombie-boat-zombie-bust\\\/#primaryimage\",\"url\":\"https:\\\/\\\/madabouthorror.co.uk\\\/wp-content\\\/uploads\\\/2020\\\/05\\\/fulci_boat_zombie_collectible_bust_trick_or_treat_studios.jpg\",\"contentUrl\":\"https:\\\/\\\/madabouthorror.co.uk\\\/wp-content\\\/uploads\\\/2020\\\/05\\\/fulci_boat_zombie_collectible_bust_trick_or_treat_studios.jpg\",\"width\":1000,\"height\":1000,\"caption\":\"Fulci Zombie - Boat Zombie Bust-0\"},{\"@type\":\"BreadcrumbList\",\"@id\":\"https:\\\/\\\/madabouthorror.co.uk\\\/product\\\/fulci-zombie-boat-zombie-bust\\\/#breadcrumb\",\"itemListElement\":[{\"@type\":\"ListItem\",\"position\":1,\"name\":\"Shop\",\"item\":\"https:\\\/\\\/madabouthorror.co.uk\\\/shop\\\/\"},{\"@type\":\"ListItem\",\"position\":2,\"name\":\"Fulci Zombie &#8211; Boat Zombie Bust\"}]},{\"@type\":\"WebSite\",\"@id\":\"https:\\\/\\\/madabouthorror.co.uk\\\/#website\",\"url\":\"https:\\\/\\\/madabouthorror.co.uk\\\/\",\"name\":\"Mad About Horror\",\"description\":\"\",\"publisher\":{\"@id\":\"https:\\\/\\\/madabouthorror.co.uk\\\/#organization\"},\"alternateName\":\"Mad About Horror Limited\",\"potentialAction\":[{\"@type\":\"SearchAction\",\"target\":{\"@type\":\"EntryPoint\",\"urlTemplate\":\"https:\\\/\\\/madabouthorror.co.uk\\\/?s={search_term_string}\"},\"query-input\":{\"@type\":\"PropertyValueSpecification\",\"valueRequired\":true,\"valueName\":\"search_term_string\"}}],\"inLanguage\":\"fr-FR\"},{\"@type\":\"Organization\",\"@id\":\"https:\\\/\\\/madabouthorror.co.uk\\\/#organization\",\"name\":\"Mad About Horror\",\"url\":\"https:\\\/\\\/madabouthorror.co.uk\\\/\",\"logo\":{\"@type\":\"ImageObject\",\"inLanguage\":\"fr-FR\",\"@id\":\"https:\\\/\\\/madabouthorror.co.uk\\\/#\\\/schema\\\/logo\\\/image\\\/\",\"url\":\"https:\\\/\\\/madabouthorror.co.uk\\\/wp-content\\\/uploads\\\/2024\\\/02\\\/cropped-Logo.png\",\"contentUrl\":\"https:\\\/\\\/madabouthorror.co.uk\\\/wp-content\\\/uploads\\\/2024\\\/02\\\/cropped-Logo.png\",\"width\":240,\"height\":88,\"caption\":\"Mad About Horror\"},\"image\":{\"@id\":\"https:\\\/\\\/madabouthorror.co.uk\\\/#\\\/schema\\\/logo\\\/image\\\/\"},\"sameAs\":[\"https:\\\/\\\/www.facebook.com\\\/madabouthorror\\\/\",\"https:\\\/\\\/www.instagram.com\\\/madabouthorror\\\/\",\"https:\\\/\\\/www.pinterest.co.uk\\\/madabouthorror\\\/\",\"https:\\\/\\\/www.youtube.com\\\/channel\\\/UCBooLOIxjoQ89dj6T5lWm_w\",\"https:\\\/\\\/www.tiktok.com\\\/@weremadabouthorror\"]}]}<\/script>\n<!-- \/ Yoast SEO plugin. -->","yoast_head_json":{"title":"Fulci Zombie - Boat Zombie Bust | Mad About Horror","description":"Buste de zombie Lucio Fulci Zombie Boat sous licence officielle de Trick or Studios. Disponible au Royaume-Uni aupr\u00e8s de Mad About Horror.","robots":{"index":"index","follow":"follow","max-snippet":"max-snippet:-1","max-image-preview":"max-image-preview:large","max-video-preview":"max-video-preview:-1"},"canonical":"https:\/\/madabouthorror.co.uk\/fr\/product\/fulci-zombie-boat-zombie-bust\/","og_locale":"fr_FR","og_type":"article","og_title":"Fulci Zombie - Boat Zombie Bust | Mad About Horror","og_description":"Officially licensed Lucio Fulci Zombie Boat Zombie Bust from from Trick or Studios. Available in the UK from Mad About Horror.","og_url":"https:\/\/madabouthorror.co.uk\/fr\/product\/fulci-zombie-boat-zombie-bust\/","og_site_name":"Mad About Horror","article_publisher":"https:\/\/www.facebook.com\/madabouthorror\/","article_modified_time":"2026-04-20T13:53:53+00:00","og_image":[{"width":1000,"height":1000,"url":"https:\/\/madabouthorror.co.uk\/wp-content\/uploads\/2020\/05\/fulci_boat_zombie_collectible_bust_trick_or_treat_studios.jpg","type":"image\/jpeg"}],"twitter_card":"summary_large_image","twitter_misc":{"Dur\u00e9e de lecture estim\u00e9e":"1 minute"},"schema":{"@context":"https:\/\/schema.org","@graph":[{"@type":["WebPage","ItemPage"],"@id":"https:\/\/madabouthorror.co.uk\/product\/fulci-zombie-boat-zombie-bust\/","url":"https:\/\/madabouthorror.co.uk\/product\/fulci-zombie-boat-zombie-bust\/","name":"Fulci Zombie - Boat Zombie Bust | Mad About Horror","isPartOf":{"@id":"https:\/\/madabouthorror.co.uk\/#website"},"primaryImageOfPage":{"@id":"https:\/\/madabouthorror.co.uk\/product\/fulci-zombie-boat-zombie-bust\/#primaryimage"},"image":{"@id":"https:\/\/madabouthorror.co.uk\/product\/fulci-zombie-boat-zombie-bust\/#primaryimage"},"thumbnailUrl":"https:\/\/madabouthorror.co.uk\/wp-content\/uploads\/2020\/05\/fulci_boat_zombie_collectible_bust_trick_or_treat_studios.jpg","datePublished":"2020-05-09T15:59:14+00:00","dateModified":"2026-04-20T13:53:53+00:00","description":"Buste de zombie Lucio Fulci Zombie Boat sous licence officielle de Trick or Studios. Disponible au Royaume-Uni aupr\u00e8s de Mad About Horror.","breadcrumb":{"@id":"https:\/\/madabouthorror.co.uk\/product\/fulci-zombie-boat-zombie-bust\/#breadcrumb"},"inLanguage":"fr-FR","potentialAction":[{"@type":"ReadAction","target":["https:\/\/madabouthorror.co.uk\/product\/fulci-zombie-boat-zombie-bust\/"]}]},{"@type":"ImageObject","inLanguage":"fr-FR","@id":"https:\/\/madabouthorror.co.uk\/product\/fulci-zombie-boat-zombie-bust\/#primaryimage","url":"https:\/\/madabouthorror.co.uk\/wp-content\/uploads\/2020\/05\/fulci_boat_zombie_collectible_bust_trick_or_treat_studios.jpg","contentUrl":"https:\/\/madabouthorror.co.uk\/wp-content\/uploads\/2020\/05\/fulci_boat_zombie_collectible_bust_trick_or_treat_studios.jpg","width":1000,"height":1000,"caption":"Fulci Zombie - Boat Zombie Bust-0"},{"@type":"BreadcrumbList","@id":"https:\/\/madabouthorror.co.uk\/product\/fulci-zombie-boat-zombie-bust\/#breadcrumb","itemListElement":[{"@type":"ListItem","position":1,"name":"Shop","item":"https:\/\/madabouthorror.co.uk\/shop\/"},{"@type":"ListItem","position":2,"name":"Fulci Zombie &#8211; Boat Zombie Bust"}]},{"@type":"WebSite","@id":"https:\/\/madabouthorror.co.uk\/#website","url":"https:\/\/madabouthorror.co.uk\/","name":"L'horreur en folie","description":"","publisher":{"@id":"https:\/\/madabouthorror.co.uk\/#organization"},"alternateName":"Mad About Horror Limited","potentialAction":[{"@type":"SearchAction","target":{"@type":"EntryPoint","urlTemplate":"https:\/\/madabouthorror.co.uk\/?s={search_term_string}"},"query-input":{"@type":"PropertyValueSpecification","valueRequired":true,"valueName":"search_term_string"}}],"inLanguage":"fr-FR"},{"@type":"Organization","@id":"https:\/\/madabouthorror.co.uk\/#organization","name":"L'horreur en folie","url":"https:\/\/madabouthorror.co.uk\/","logo":{"@type":"ImageObject","inLanguage":"fr-FR","@id":"https:\/\/madabouthorror.co.uk\/#\/schema\/logo\/image\/","url":"https:\/\/madabouthorror.co.uk\/wp-content\/uploads\/2024\/02\/cropped-Logo.png","contentUrl":"https:\/\/madabouthorror.co.uk\/wp-content\/uploads\/2024\/02\/cropped-Logo.png","width":240,"height":88,"caption":"Mad About Horror"},"image":{"@id":"https:\/\/madabouthorror.co.uk\/#\/schema\/logo\/image\/"},"sameAs":["https:\/\/www.facebook.com\/madabouthorror\/","https:\/\/www.instagram.com\/madabouthorror\/","https:\/\/www.pinterest.co.uk\/madabouthorror\/","https:\/\/www.youtube.com\/channel\/UCBooLOIxjoQ89dj6T5lWm_w","https:\/\/www.tiktok.com\/@weremadabouthorror"]}]}},"df_price":99.95,"df_sale_price":"","df_regular_price":99.95,"df_image_link":"https:\/\/madabouthorror.co.uk\/wp-content\/uploads\/2020\/05\/fulci_boat_zombie_collectible_bust_trick_or_treat_studios-300x300.jpg","_links":{"self":[{"href":"https:\/\/madabouthorror.co.uk\/fr\/wp-json\/wp\/v2\/product\/44656","targetHints":{"allow":["GET"]}}],"collection":[{"href":"https:\/\/madabouthorror.co.uk\/fr\/wp-json\/wp\/v2\/product"}],"about":[{"href":"https:\/\/madabouthorror.co.uk\/fr\/wp-json\/wp\/v2\/types\/product"}],"replies":[{"embeddable":true,"href":"https:\/\/madabouthorror.co.uk\/fr\/wp-json\/wp\/v2\/comments?post=44656"}],"wp:featuredmedia":[{"embeddable":true,"href":"https:\/\/madabouthorror.co.uk\/fr\/wp-json\/wp\/v2\/media\/44646"}],"wp:attachment":[{"href":"https:\/\/madabouthorror.co.uk\/fr\/wp-json\/wp\/v2\/media?parent=44656"}],"wp:term":[{"taxonomy":"product_brand","embeddable":true,"href":"https:\/\/madabouthorror.co.uk\/fr\/wp-json\/wp\/v2\/product_brand?post=44656"},{"taxonomy":"product_cat","embeddable":true,"href":"https:\/\/madabouthorror.co.uk\/fr\/wp-json\/wp\/v2\/product_cat?post=44656"},{"taxonomy":"product_tag","embeddable":true,"href":"https:\/\/madabouthorror.co.uk\/fr\/wp-json\/wp\/v2\/product_tag?post=44656"}],"curies":[{"name":"wp","href":"https:\/\/api.w.org\/{rel}","templated":true}]}}