{"id":45026,"date":"2020-06-07T19:30:15","date_gmt":"2020-06-07T18:30:15","guid":{"rendered":"https:\/\/mah.6bdv.ws\/product\/the-exorcist-pazuzu-6in-replica-statue\/"},"modified":"2026-04-15T16:45:10","modified_gmt":"2026-04-15T15:45:10","slug":"the-exorcist-pazuzu-6in-replica-statue","status":"publish","type":"product","link":"https:\/\/madabouthorror.co.uk\/fr\/product\/the-exorcist-pazuzu-6in-replica-statue\/","title":{"rendered":"L'Exorciste - Pazuzu 6in Replica Statue"},"content":{"rendered":"<div class=\"std\">L'Exorciste est devenu un classique culte pour les fans de films d'horreur. Les cin\u00e9philes reconnaissent instantan\u00e9ment les caract\u00e9ristiques effrayantes et d\u00e9moniaques des personnages et des d\u00e9cors. L'un de ces d\u00e9cors est centr\u00e9 sur le roi des d\u00e9mons, Pazuzu.<\/div>\n<div class=\"std\">Cette image est devenue embl\u00e9matique de l'histoire du film et est maintenant symbolis\u00e9e par cette r\u00e9plique de statue.<\/div>\n<div class=\"std\"><\/div>\n<div class=\"std\">Par Loco Ape<\/div>\n<div class=\"std\"><\/div>\n<p>&nbsp;<\/p>","protected":false},"excerpt":{"rendered":"<p>L'Exorciste est devenu un classique culte pour les fans de films d'horreur. Les cin\u00e9philes reconnaissent instantan\u00e9ment les caract\u00e9ristiques effrayantes et d\u00e9moniaques des personnages et des d\u00e9cors. L'un de ces d\u00e9cors est centr\u00e9 sur le roi des d\u00e9mons, Pazuzu. Cette image est devenue embl\u00e9matique de l'histoire du film et est maintenant symbolis\u00e9e par cette r\u00e9plique de statue. Par Loco [...]<\/p>","protected":false},"featured_media":45020,"comment_status":"closed","ping_status":"closed","template":"","meta":{"_acf_changed":false},"product_brand":[],"product_cat":[6538,7042,10041,10093,6537,10107,10038,6547,6704],"product_tag":[],"class_list":{"0":"post-45026","1":"product","2":"type-product","3":"status-publish","4":"has-post-thumbnail","6":"product_cat-figures","7":"product_cat-amoktime","8":"product_cat-gifts-under-50","9":"product_cat-indoor-halloween-decorations","10":"product_cat-collectibles","11":"product_cat-licensed-halloween-decorations","12":"product_cat-horror-gifts","13":"product_cat-decorations","14":"product_cat-theexorcist","15":"product_shipping_class-small-parcel-economy-3-5-business-days","17":"first","18":"onbackorder","19":"taxable","20":"shipping-taxable","21":"purchasable","22":"product-type-simple"},"supplier_id":467900,"supplier_sku":"FCM-1389-C","barcode":"814034013895","atum_controlled":true,"out_stock_date":"2026-02-26 16:34:02","out_stock_threshold":null,"inheritable":false,"inbound_stock":4,"stock_on_hold":0,"sold_today":0,"sales_last_days":0,"reserved_stock":0,"customer_returns":0,"warehouse_damage":0,"lost_in_post":0,"other_logs":0,"out_stock_days":66,"lost_sales":423,"has_location":false,"update_date":"2026-05-04T01:39:51","atum_locations":[],"atum_stock_status":"onbackorder","restock_status":false,"low_stock_amount":"","sales_update_date":"2026-05-04T01:39:49","calc_backorders":0,"acf":[],"yoast_head":"<!-- This site is optimized with the Yoast SEO plugin v27.5 - https:\/\/yoast.com\/product\/yoast-seo-wordpress\/ -->\n<title>The Exorcist - Pazuzu - 6in Replica Statue<\/title>\n<meta name=\"description\" content=\"The Exorcist Pazuzu 6in Replica Statue. Available from Mad About Horror buy online or call 01482 935936.\" \/>\n<meta name=\"robots\" content=\"index, follow, max-snippet:-1, max-image-preview:large, max-video-preview:-1\" \/>\n<link rel=\"canonical\" href=\"https:\/\/madabouthorror.co.uk\/fr\/product\/the-exorcist-pazuzu-6in-replica-statue\/\" \/>\n<meta property=\"og:locale\" content=\"fr_FR\" \/>\n<meta property=\"og:type\" content=\"article\" \/>\n<meta property=\"og:title\" content=\"The Exorcist - Pazuzu - 6in Replica Statue\" \/>\n<meta property=\"og:description\" content=\"The Exorcist Pazuzu 6in Replica Statue. Available from Mad About Horror buy online or call 01482 935936.\" \/>\n<meta property=\"og:url\" content=\"https:\/\/madabouthorror.co.uk\/fr\/product\/the-exorcist-pazuzu-6in-replica-statue\/\" \/>\n<meta property=\"og:site_name\" content=\"Mad About Horror\" \/>\n<meta property=\"article:publisher\" content=\"https:\/\/www.facebook.com\/madabouthorror\/\" \/>\n<meta property=\"article:modified_time\" content=\"2026-04-15T15:45:10+00:00\" \/>\n<meta property=\"og:image\" content=\"https:\/\/madabouthorror.co.uk\/wp-content\/uploads\/2020\/06\/the_exorcist_pazuzu_figure.jpg\" \/>\n\t<meta property=\"og:image:width\" content=\"1000\" \/>\n\t<meta property=\"og:image:height\" content=\"1000\" \/>\n\t<meta property=\"og:image:type\" content=\"image\/jpeg\" \/>\n<meta name=\"twitter:card\" content=\"summary_large_image\" \/>\n<meta name=\"twitter:label1\" content=\"Dur\u00e9e de lecture estim\u00e9e\" \/>\n\t<meta name=\"twitter:data1\" content=\"1 minute\" \/>\n<script type=\"application\/ld+json\" class=\"yoast-schema-graph\">{\"@context\":\"https:\\\/\\\/schema.org\",\"@graph\":[{\"@type\":[\"WebPage\",\"ItemPage\"],\"@id\":\"https:\\\/\\\/madabouthorror.co.uk\\\/product\\\/the-exorcist-pazuzu-6in-replica-statue\\\/\",\"url\":\"https:\\\/\\\/madabouthorror.co.uk\\\/product\\\/the-exorcist-pazuzu-6in-replica-statue\\\/\",\"name\":\"The Exorcist - Pazuzu - 6in Replica Statue\",\"isPartOf\":{\"@id\":\"https:\\\/\\\/madabouthorror.co.uk\\\/#website\"},\"primaryImageOfPage\":{\"@id\":\"https:\\\/\\\/madabouthorror.co.uk\\\/product\\\/the-exorcist-pazuzu-6in-replica-statue\\\/#primaryimage\"},\"image\":{\"@id\":\"https:\\\/\\\/madabouthorror.co.uk\\\/product\\\/the-exorcist-pazuzu-6in-replica-statue\\\/#primaryimage\"},\"thumbnailUrl\":\"https:\\\/\\\/madabouthorror.co.uk\\\/wp-content\\\/uploads\\\/2020\\\/06\\\/the_exorcist_pazuzu_figure.jpg\",\"datePublished\":\"2020-06-07T18:30:15+00:00\",\"dateModified\":\"2026-04-15T15:45:10+00:00\",\"description\":\"The Exorcist Pazuzu 6in Replica Statue. Available from Mad About Horror buy online or call 01482 935936.\",\"breadcrumb\":{\"@id\":\"https:\\\/\\\/madabouthorror.co.uk\\\/product\\\/the-exorcist-pazuzu-6in-replica-statue\\\/#breadcrumb\"},\"inLanguage\":\"fr-FR\",\"potentialAction\":[{\"@type\":\"ReadAction\",\"target\":[\"https:\\\/\\\/madabouthorror.co.uk\\\/product\\\/the-exorcist-pazuzu-6in-replica-statue\\\/\"]}]},{\"@type\":\"ImageObject\",\"inLanguage\":\"fr-FR\",\"@id\":\"https:\\\/\\\/madabouthorror.co.uk\\\/product\\\/the-exorcist-pazuzu-6in-replica-statue\\\/#primaryimage\",\"url\":\"https:\\\/\\\/madabouthorror.co.uk\\\/wp-content\\\/uploads\\\/2020\\\/06\\\/the_exorcist_pazuzu_figure.jpg\",\"contentUrl\":\"https:\\\/\\\/madabouthorror.co.uk\\\/wp-content\\\/uploads\\\/2020\\\/06\\\/the_exorcist_pazuzu_figure.jpg\",\"width\":1000,\"height\":1000,\"caption\":\"The Exorcist - Pazuzu 6in Replica Statue\"},{\"@type\":\"BreadcrumbList\",\"@id\":\"https:\\\/\\\/madabouthorror.co.uk\\\/product\\\/the-exorcist-pazuzu-6in-replica-statue\\\/#breadcrumb\",\"itemListElement\":[{\"@type\":\"ListItem\",\"position\":1,\"name\":\"Shop\",\"item\":\"https:\\\/\\\/madabouthorror.co.uk\\\/shop\\\/\"},{\"@type\":\"ListItem\",\"position\":2,\"name\":\"The Exorcist &#8211; Pazuzu 6in Replica Statue\"}]},{\"@type\":\"WebSite\",\"@id\":\"https:\\\/\\\/madabouthorror.co.uk\\\/#website\",\"url\":\"https:\\\/\\\/madabouthorror.co.uk\\\/\",\"name\":\"Mad About Horror\",\"description\":\"\",\"publisher\":{\"@id\":\"https:\\\/\\\/madabouthorror.co.uk\\\/#organization\"},\"alternateName\":\"Mad About Horror Limited\",\"potentialAction\":[{\"@type\":\"SearchAction\",\"target\":{\"@type\":\"EntryPoint\",\"urlTemplate\":\"https:\\\/\\\/madabouthorror.co.uk\\\/?s={search_term_string}\"},\"query-input\":{\"@type\":\"PropertyValueSpecification\",\"valueRequired\":true,\"valueName\":\"search_term_string\"}}],\"inLanguage\":\"fr-FR\"},{\"@type\":\"Organization\",\"@id\":\"https:\\\/\\\/madabouthorror.co.uk\\\/#organization\",\"name\":\"Mad About Horror\",\"url\":\"https:\\\/\\\/madabouthorror.co.uk\\\/\",\"logo\":{\"@type\":\"ImageObject\",\"inLanguage\":\"fr-FR\",\"@id\":\"https:\\\/\\\/madabouthorror.co.uk\\\/#\\\/schema\\\/logo\\\/image\\\/\",\"url\":\"https:\\\/\\\/madabouthorror.co.uk\\\/wp-content\\\/uploads\\\/2024\\\/02\\\/cropped-Logo.png\",\"contentUrl\":\"https:\\\/\\\/madabouthorror.co.uk\\\/wp-content\\\/uploads\\\/2024\\\/02\\\/cropped-Logo.png\",\"width\":240,\"height\":88,\"caption\":\"Mad About Horror\"},\"image\":{\"@id\":\"https:\\\/\\\/madabouthorror.co.uk\\\/#\\\/schema\\\/logo\\\/image\\\/\"},\"sameAs\":[\"https:\\\/\\\/www.facebook.com\\\/madabouthorror\\\/\",\"https:\\\/\\\/www.instagram.com\\\/madabouthorror\\\/\",\"https:\\\/\\\/www.pinterest.co.uk\\\/madabouthorror\\\/\",\"https:\\\/\\\/www.youtube.com\\\/channel\\\/UCBooLOIxjoQ89dj6T5lWm_w\",\"https:\\\/\\\/www.tiktok.com\\\/@weremadabouthorror\"]}]}<\/script>\n<!-- \/ Yoast SEO plugin. -->","yoast_head_json":{"title":"L'Exorciste - Pazuzu - R\u00e9plique de statue de 6 pouces","description":"The Exorcist Pazuzu 6in Replica Statue. Disponible chez Mad About Horror, achetez en ligne ou appelez le 01482 935936.","robots":{"index":"index","follow":"follow","max-snippet":"max-snippet:-1","max-image-preview":"max-image-preview:large","max-video-preview":"max-video-preview:-1"},"canonical":"https:\/\/madabouthorror.co.uk\/fr\/product\/the-exorcist-pazuzu-6in-replica-statue\/","og_locale":"fr_FR","og_type":"article","og_title":"The Exorcist - Pazuzu - 6in Replica Statue","og_description":"The Exorcist Pazuzu 6in Replica Statue. Available from Mad About Horror buy online or call 01482 935936.","og_url":"https:\/\/madabouthorror.co.uk\/fr\/product\/the-exorcist-pazuzu-6in-replica-statue\/","og_site_name":"Mad About Horror","article_publisher":"https:\/\/www.facebook.com\/madabouthorror\/","article_modified_time":"2026-04-15T15:45:10+00:00","og_image":[{"width":1000,"height":1000,"url":"https:\/\/madabouthorror.co.uk\/wp-content\/uploads\/2020\/06\/the_exorcist_pazuzu_figure.jpg","type":"image\/jpeg"}],"twitter_card":"summary_large_image","twitter_misc":{"Dur\u00e9e de lecture estim\u00e9e":"1 minute"},"schema":{"@context":"https:\/\/schema.org","@graph":[{"@type":["WebPage","ItemPage"],"@id":"https:\/\/madabouthorror.co.uk\/product\/the-exorcist-pazuzu-6in-replica-statue\/","url":"https:\/\/madabouthorror.co.uk\/product\/the-exorcist-pazuzu-6in-replica-statue\/","name":"L'Exorciste - Pazuzu - R\u00e9plique de statue de 6 pouces","isPartOf":{"@id":"https:\/\/madabouthorror.co.uk\/#website"},"primaryImageOfPage":{"@id":"https:\/\/madabouthorror.co.uk\/product\/the-exorcist-pazuzu-6in-replica-statue\/#primaryimage"},"image":{"@id":"https:\/\/madabouthorror.co.uk\/product\/the-exorcist-pazuzu-6in-replica-statue\/#primaryimage"},"thumbnailUrl":"https:\/\/madabouthorror.co.uk\/wp-content\/uploads\/2020\/06\/the_exorcist_pazuzu_figure.jpg","datePublished":"2020-06-07T18:30:15+00:00","dateModified":"2026-04-15T15:45:10+00:00","description":"The Exorcist Pazuzu 6in Replica Statue. Disponible chez Mad About Horror, achetez en ligne ou appelez le 01482 935936.","breadcrumb":{"@id":"https:\/\/madabouthorror.co.uk\/product\/the-exorcist-pazuzu-6in-replica-statue\/#breadcrumb"},"inLanguage":"fr-FR","potentialAction":[{"@type":"ReadAction","target":["https:\/\/madabouthorror.co.uk\/product\/the-exorcist-pazuzu-6in-replica-statue\/"]}]},{"@type":"ImageObject","inLanguage":"fr-FR","@id":"https:\/\/madabouthorror.co.uk\/product\/the-exorcist-pazuzu-6in-replica-statue\/#primaryimage","url":"https:\/\/madabouthorror.co.uk\/wp-content\/uploads\/2020\/06\/the_exorcist_pazuzu_figure.jpg","contentUrl":"https:\/\/madabouthorror.co.uk\/wp-content\/uploads\/2020\/06\/the_exorcist_pazuzu_figure.jpg","width":1000,"height":1000,"caption":"The Exorcist - Pazuzu 6in Replica Statue"},{"@type":"BreadcrumbList","@id":"https:\/\/madabouthorror.co.uk\/product\/the-exorcist-pazuzu-6in-replica-statue\/#breadcrumb","itemListElement":[{"@type":"ListItem","position":1,"name":"Shop","item":"https:\/\/madabouthorror.co.uk\/shop\/"},{"@type":"ListItem","position":2,"name":"The Exorcist &#8211; Pazuzu 6in Replica Statue"}]},{"@type":"WebSite","@id":"https:\/\/madabouthorror.co.uk\/#website","url":"https:\/\/madabouthorror.co.uk\/","name":"L'horreur en folie","description":"","publisher":{"@id":"https:\/\/madabouthorror.co.uk\/#organization"},"alternateName":"Mad About Horror Limited","potentialAction":[{"@type":"SearchAction","target":{"@type":"EntryPoint","urlTemplate":"https:\/\/madabouthorror.co.uk\/?s={search_term_string}"},"query-input":{"@type":"PropertyValueSpecification","valueRequired":true,"valueName":"search_term_string"}}],"inLanguage":"fr-FR"},{"@type":"Organization","@id":"https:\/\/madabouthorror.co.uk\/#organization","name":"L'horreur en folie","url":"https:\/\/madabouthorror.co.uk\/","logo":{"@type":"ImageObject","inLanguage":"fr-FR","@id":"https:\/\/madabouthorror.co.uk\/#\/schema\/logo\/image\/","url":"https:\/\/madabouthorror.co.uk\/wp-content\/uploads\/2024\/02\/cropped-Logo.png","contentUrl":"https:\/\/madabouthorror.co.uk\/wp-content\/uploads\/2024\/02\/cropped-Logo.png","width":240,"height":88,"caption":"Mad About Horror"},"image":{"@id":"https:\/\/madabouthorror.co.uk\/#\/schema\/logo\/image\/"},"sameAs":["https:\/\/www.facebook.com\/madabouthorror\/","https:\/\/www.instagram.com\/madabouthorror\/","https:\/\/www.pinterest.co.uk\/madabouthorror\/","https:\/\/www.youtube.com\/channel\/UCBooLOIxjoQ89dj6T5lWm_w","https:\/\/www.tiktok.com\/@weremadabouthorror"]}]}},"df_price":44.95,"df_sale_price":"","df_regular_price":44.95,"df_image_link":"https:\/\/madabouthorror.co.uk\/wp-content\/uploads\/2020\/06\/the_exorcist_pazuzu_figure-300x300.jpg","_links":{"self":[{"href":"https:\/\/madabouthorror.co.uk\/fr\/wp-json\/wp\/v2\/product\/45026","targetHints":{"allow":["GET"]}}],"collection":[{"href":"https:\/\/madabouthorror.co.uk\/fr\/wp-json\/wp\/v2\/product"}],"about":[{"href":"https:\/\/madabouthorror.co.uk\/fr\/wp-json\/wp\/v2\/types\/product"}],"replies":[{"embeddable":true,"href":"https:\/\/madabouthorror.co.uk\/fr\/wp-json\/wp\/v2\/comments?post=45026"}],"wp:featuredmedia":[{"embeddable":true,"href":"https:\/\/madabouthorror.co.uk\/fr\/wp-json\/wp\/v2\/media\/45020"}],"wp:attachment":[{"href":"https:\/\/madabouthorror.co.uk\/fr\/wp-json\/wp\/v2\/media?parent=45026"}],"wp:term":[{"taxonomy":"product_brand","embeddable":true,"href":"https:\/\/madabouthorror.co.uk\/fr\/wp-json\/wp\/v2\/product_brand?post=45026"},{"taxonomy":"product_cat","embeddable":true,"href":"https:\/\/madabouthorror.co.uk\/fr\/wp-json\/wp\/v2\/product_cat?post=45026"},{"taxonomy":"product_tag","embeddable":true,"href":"https:\/\/madabouthorror.co.uk\/fr\/wp-json\/wp\/v2\/product_tag?post=45026"}],"curies":[{"name":"wp","href":"https:\/\/api.w.org\/{rel}","templated":true}]}}