{"id":45224,"date":"2020-06-26T10:33:47","date_gmt":"2020-06-26T09:33:47","guid":{"rendered":"https:\/\/mah.6bdv.ws\/product\/hell-fest-the-other-devil-mask\/"},"modified":"2026-04-23T14:15:37","modified_gmt":"2026-04-23T13:15:37","slug":"hell-fest-the-other-devil-mask","status":"publish","type":"product","link":"https:\/\/madabouthorror.co.uk\/fr\/product\/hell-fest-the-other-devil-mask\/","title":{"rendered":"Hell Fest - L'autre masque du diable"},"content":{"rendered":"<h4>Hell Fest : L'autre masque du diable<\/h4>\n<p>Sculpt\u00e9 par Tony Gardner.<\/p>\n<p>Trick or Treat Studios et CBS sont fiers de pr\u00e9senter le masque Hell Fest - The Other Devil sous licence officielle.<\/p>\n<p>Le soir d'Halloween, trois jeunes femmes et leurs petits amis respectifs se rendent \u00e0 Hell Fest, un carnaval itin\u00e9rant macabre qui propose un labyrinthe de man\u00e8ges, de jeux et de labyrinthes. Elles sont bient\u00f4t confront\u00e9es \u00e0 une nuit de terreur sanglante lorsqu'un tueur en s\u00e9rie masqu\u00e9 transforme le parc d'attractions en son propre terrain de jeu.<\/p>\n<p>Sculpt\u00e9 par Tony Gardener, ce masque provient directement du master du film Alterian et est une r\u00e9plique parfaite du masque port\u00e9 par The Other dans la sc\u00e8ne d'ouverture de Hell Fest.<\/p>\n<p>Alors, prenez un sweat \u00e0 capuche noir et visitez les hantises cet Halloween !<\/p>\n<p><em>\u00a92019 CBS<\/em><\/p>","protected":false},"excerpt":{"rendered":"<p>Hell Fest : The Other Devil Mask Sculpt\u00e9 par Tony Gardner. Trick or Treat Studios et CBS sont fiers de pr\u00e9senter le masque Hell Fest - The Other Devil Mask sous licence officielle. Le soir d'Halloween, trois jeunes femmes et leurs petits amis respectifs se rendent \u00e0 Hell Fest - un carnaval itin\u00e9rant macabre qui propose un labyrinthe de [...]<\/p>","protected":false},"featured_media":45221,"comment_status":"closed","ping_status":"closed","template":"","meta":{"_acf_changed":false},"product_brand":[],"product_cat":[6580,10039,10041,10038,9962,6541,6587,6792,6663],"product_tag":[],"class_list":{"0":"post-45224","1":"product","2":"type-product","3":"status-publish","4":"has-post-thumbnail","6":"product_cat-movie-tv","7":"product_cat-stocking-fillers","8":"product_cat-gifts-under-50","9":"product_cat-horror-gifts","10":"product_cat-trick-or-treat-studios-masks","11":"product_cat-masks","12":"product_cat-masks-devils-and-demons","13":"product_cat-trick-or-treat-studios","14":"product_cat-hellfest","15":"product_shipping_class-small-parcel-economy-3-5-business-days","17":"first","18":"instock","19":"taxable","20":"shipping-taxable","21":"purchasable","22":"product-type-simple"},"supplier_id":471029,"supplier_sku":"S8","barcode":"811501033103","atum_controlled":true,"out_stock_date":null,"out_stock_threshold":null,"inheritable":false,"inbound_stock":0,"stock_on_hold":0,"sold_today":0,"sales_last_days":0,"reserved_stock":0,"customer_returns":0,"warehouse_damage":0,"lost_in_post":0,"other_logs":0,"out_stock_days":0,"lost_sales":0,"has_location":false,"update_date":"2026-04-30T01:54:39","atum_locations":[],"atum_stock_status":"instock","restock_status":false,"low_stock_amount":6,"sales_update_date":"2026-04-30T01:54:38","calc_backorders":null,"acf":[],"yoast_head":"<!-- This site is optimized with the Yoast SEO plugin v27.5 - https:\/\/yoast.com\/product\/yoast-seo-wordpress\/ -->\n<title>Hell Fest: The Other Devil Mask | Mad About Horror<\/title>\n<meta name=\"description\" content=\"Officially licenced Hell Fest Devil mask from Trick or Treat Studios. Shipped from the UK by Mad About Horror. 01482 935936\" \/>\n<meta name=\"robots\" content=\"index, follow, max-snippet:-1, max-image-preview:large, max-video-preview:-1\" \/>\n<link rel=\"canonical\" href=\"https:\/\/madabouthorror.co.uk\/fr\/product\/hell-fest-the-other-devil-mask\/\" \/>\n<meta property=\"og:locale\" content=\"fr_FR\" \/>\n<meta property=\"og:type\" content=\"article\" \/>\n<meta property=\"og:title\" content=\"Hell Fest: The Other Devil Mask | Mad About Horror\" \/>\n<meta property=\"og:description\" content=\"Officially licenced Hell Fest Devil mask from Trick or Treat Studios. Shipped from the UK by Mad About Horror. 01482 935936\" \/>\n<meta property=\"og:url\" content=\"https:\/\/madabouthorror.co.uk\/fr\/product\/hell-fest-the-other-devil-mask\/\" \/>\n<meta property=\"og:site_name\" content=\"Mad About Horror\" \/>\n<meta property=\"article:publisher\" content=\"https:\/\/www.facebook.com\/madabouthorror\/\" \/>\n<meta property=\"article:modified_time\" content=\"2026-04-23T13:15:37+00:00\" \/>\n<meta property=\"og:image\" content=\"https:\/\/madabouthorror.co.uk\/wp-content\/uploads\/2020\/06\/hell_fest_the_other_devil_mask_tots_1.jpg\" \/>\n\t<meta property=\"og:image:width\" content=\"1000\" \/>\n\t<meta property=\"og:image:height\" content=\"1000\" \/>\n\t<meta property=\"og:image:type\" content=\"image\/jpeg\" \/>\n<meta name=\"twitter:card\" content=\"summary_large_image\" \/>\n<meta name=\"twitter:label1\" content=\"Dur\u00e9e de lecture estim\u00e9e\" \/>\n\t<meta name=\"twitter:data1\" content=\"1 minute\" \/>\n<script type=\"application\/ld+json\" class=\"yoast-schema-graph\">{\"@context\":\"https:\\\/\\\/schema.org\",\"@graph\":[{\"@type\":[\"WebPage\",\"ItemPage\"],\"@id\":\"https:\\\/\\\/madabouthorror.co.uk\\\/product\\\/hell-fest-the-other-devil-mask\\\/\",\"url\":\"https:\\\/\\\/madabouthorror.co.uk\\\/product\\\/hell-fest-the-other-devil-mask\\\/\",\"name\":\"Hell Fest: The Other Devil Mask | Mad About Horror\",\"isPartOf\":{\"@id\":\"https:\\\/\\\/madabouthorror.co.uk\\\/#website\"},\"primaryImageOfPage\":{\"@id\":\"https:\\\/\\\/madabouthorror.co.uk\\\/product\\\/hell-fest-the-other-devil-mask\\\/#primaryimage\"},\"image\":{\"@id\":\"https:\\\/\\\/madabouthorror.co.uk\\\/product\\\/hell-fest-the-other-devil-mask\\\/#primaryimage\"},\"thumbnailUrl\":\"https:\\\/\\\/madabouthorror.co.uk\\\/wp-content\\\/uploads\\\/2020\\\/06\\\/hell_fest_the_other_devil_mask_tots_1.jpg\",\"datePublished\":\"2020-06-26T09:33:47+00:00\",\"dateModified\":\"2026-04-23T13:15:37+00:00\",\"description\":\"Officially licenced Hell Fest Devil mask from Trick or Treat Studios. Shipped from the UK by Mad About Horror. 01482 935936\",\"breadcrumb\":{\"@id\":\"https:\\\/\\\/madabouthorror.co.uk\\\/product\\\/hell-fest-the-other-devil-mask\\\/#breadcrumb\"},\"inLanguage\":\"fr-FR\",\"potentialAction\":[{\"@type\":\"ReadAction\",\"target\":[\"https:\\\/\\\/madabouthorror.co.uk\\\/product\\\/hell-fest-the-other-devil-mask\\\/\"]}]},{\"@type\":\"ImageObject\",\"inLanguage\":\"fr-FR\",\"@id\":\"https:\\\/\\\/madabouthorror.co.uk\\\/product\\\/hell-fest-the-other-devil-mask\\\/#primaryimage\",\"url\":\"https:\\\/\\\/madabouthorror.co.uk\\\/wp-content\\\/uploads\\\/2020\\\/06\\\/hell_fest_the_other_devil_mask_tots_1.jpg\",\"contentUrl\":\"https:\\\/\\\/madabouthorror.co.uk\\\/wp-content\\\/uploads\\\/2020\\\/06\\\/hell_fest_the_other_devil_mask_tots_1.jpg\",\"width\":1000,\"height\":1000,\"caption\":\"Hell Fest - The Other Devil Mask *SALE*-0\"},{\"@type\":\"BreadcrumbList\",\"@id\":\"https:\\\/\\\/madabouthorror.co.uk\\\/product\\\/hell-fest-the-other-devil-mask\\\/#breadcrumb\",\"itemListElement\":[{\"@type\":\"ListItem\",\"position\":1,\"name\":\"Shop\",\"item\":\"https:\\\/\\\/madabouthorror.co.uk\\\/shop\\\/\"},{\"@type\":\"ListItem\",\"position\":2,\"name\":\"Hell Fest &#8211; The Other Devil Mask\"}]},{\"@type\":\"WebSite\",\"@id\":\"https:\\\/\\\/madabouthorror.co.uk\\\/#website\",\"url\":\"https:\\\/\\\/madabouthorror.co.uk\\\/\",\"name\":\"Mad About Horror\",\"description\":\"\",\"publisher\":{\"@id\":\"https:\\\/\\\/madabouthorror.co.uk\\\/#organization\"},\"alternateName\":\"Mad About Horror Limited\",\"potentialAction\":[{\"@type\":\"SearchAction\",\"target\":{\"@type\":\"EntryPoint\",\"urlTemplate\":\"https:\\\/\\\/madabouthorror.co.uk\\\/?s={search_term_string}\"},\"query-input\":{\"@type\":\"PropertyValueSpecification\",\"valueRequired\":true,\"valueName\":\"search_term_string\"}}],\"inLanguage\":\"fr-FR\"},{\"@type\":\"Organization\",\"@id\":\"https:\\\/\\\/madabouthorror.co.uk\\\/#organization\",\"name\":\"Mad About Horror\",\"url\":\"https:\\\/\\\/madabouthorror.co.uk\\\/\",\"logo\":{\"@type\":\"ImageObject\",\"inLanguage\":\"fr-FR\",\"@id\":\"https:\\\/\\\/madabouthorror.co.uk\\\/#\\\/schema\\\/logo\\\/image\\\/\",\"url\":\"https:\\\/\\\/madabouthorror.co.uk\\\/wp-content\\\/uploads\\\/2024\\\/02\\\/cropped-Logo.png\",\"contentUrl\":\"https:\\\/\\\/madabouthorror.co.uk\\\/wp-content\\\/uploads\\\/2024\\\/02\\\/cropped-Logo.png\",\"width\":240,\"height\":88,\"caption\":\"Mad About Horror\"},\"image\":{\"@id\":\"https:\\\/\\\/madabouthorror.co.uk\\\/#\\\/schema\\\/logo\\\/image\\\/\"},\"sameAs\":[\"https:\\\/\\\/www.facebook.com\\\/madabouthorror\\\/\",\"https:\\\/\\\/www.instagram.com\\\/madabouthorror\\\/\",\"https:\\\/\\\/www.pinterest.co.uk\\\/madabouthorror\\\/\",\"https:\\\/\\\/www.youtube.com\\\/channel\\\/UCBooLOIxjoQ89dj6T5lWm_w\",\"https:\\\/\\\/www.tiktok.com\\\/@weremadabouthorror\"]}]}<\/script>\n<!-- \/ Yoast SEO plugin. -->","yoast_head_json":{"title":"Hell Fest : L'autre masque du diable | Mad About Horror","description":"Masque Hell Fest Devil officiellement licenci\u00e9 par Trick or Treat Studios. Exp\u00e9di\u00e9 depuis le Royaume-Uni par Mad About Horror. 01482 935936","robots":{"index":"index","follow":"follow","max-snippet":"max-snippet:-1","max-image-preview":"max-image-preview:large","max-video-preview":"max-video-preview:-1"},"canonical":"https:\/\/madabouthorror.co.uk\/fr\/product\/hell-fest-the-other-devil-mask\/","og_locale":"fr_FR","og_type":"article","og_title":"Hell Fest: The Other Devil Mask | Mad About Horror","og_description":"Officially licenced Hell Fest Devil mask from Trick or Treat Studios. Shipped from the UK by Mad About Horror. 01482 935936","og_url":"https:\/\/madabouthorror.co.uk\/fr\/product\/hell-fest-the-other-devil-mask\/","og_site_name":"Mad About Horror","article_publisher":"https:\/\/www.facebook.com\/madabouthorror\/","article_modified_time":"2026-04-23T13:15:37+00:00","og_image":[{"width":1000,"height":1000,"url":"https:\/\/madabouthorror.co.uk\/wp-content\/uploads\/2020\/06\/hell_fest_the_other_devil_mask_tots_1.jpg","type":"image\/jpeg"}],"twitter_card":"summary_large_image","twitter_misc":{"Dur\u00e9e de lecture estim\u00e9e":"1 minute"},"schema":{"@context":"https:\/\/schema.org","@graph":[{"@type":["WebPage","ItemPage"],"@id":"https:\/\/madabouthorror.co.uk\/product\/hell-fest-the-other-devil-mask\/","url":"https:\/\/madabouthorror.co.uk\/product\/hell-fest-the-other-devil-mask\/","name":"Hell Fest : L'autre masque du diable | Mad About Horror","isPartOf":{"@id":"https:\/\/madabouthorror.co.uk\/#website"},"primaryImageOfPage":{"@id":"https:\/\/madabouthorror.co.uk\/product\/hell-fest-the-other-devil-mask\/#primaryimage"},"image":{"@id":"https:\/\/madabouthorror.co.uk\/product\/hell-fest-the-other-devil-mask\/#primaryimage"},"thumbnailUrl":"https:\/\/madabouthorror.co.uk\/wp-content\/uploads\/2020\/06\/hell_fest_the_other_devil_mask_tots_1.jpg","datePublished":"2020-06-26T09:33:47+00:00","dateModified":"2026-04-23T13:15:37+00:00","description":"Masque Hell Fest Devil officiellement licenci\u00e9 par Trick or Treat Studios. Exp\u00e9di\u00e9 depuis le Royaume-Uni par Mad About Horror. 01482 935936","breadcrumb":{"@id":"https:\/\/madabouthorror.co.uk\/product\/hell-fest-the-other-devil-mask\/#breadcrumb"},"inLanguage":"fr-FR","potentialAction":[{"@type":"ReadAction","target":["https:\/\/madabouthorror.co.uk\/product\/hell-fest-the-other-devil-mask\/"]}]},{"@type":"ImageObject","inLanguage":"fr-FR","@id":"https:\/\/madabouthorror.co.uk\/product\/hell-fest-the-other-devil-mask\/#primaryimage","url":"https:\/\/madabouthorror.co.uk\/wp-content\/uploads\/2020\/06\/hell_fest_the_other_devil_mask_tots_1.jpg","contentUrl":"https:\/\/madabouthorror.co.uk\/wp-content\/uploads\/2020\/06\/hell_fest_the_other_devil_mask_tots_1.jpg","width":1000,"height":1000,"caption":"Hell Fest - The Other Devil Mask *SALE*-0"},{"@type":"BreadcrumbList","@id":"https:\/\/madabouthorror.co.uk\/product\/hell-fest-the-other-devil-mask\/#breadcrumb","itemListElement":[{"@type":"ListItem","position":1,"name":"Shop","item":"https:\/\/madabouthorror.co.uk\/shop\/"},{"@type":"ListItem","position":2,"name":"Hell Fest &#8211; The Other Devil Mask"}]},{"@type":"WebSite","@id":"https:\/\/madabouthorror.co.uk\/#website","url":"https:\/\/madabouthorror.co.uk\/","name":"L'horreur en folie","description":"","publisher":{"@id":"https:\/\/madabouthorror.co.uk\/#organization"},"alternateName":"Mad About Horror Limited","potentialAction":[{"@type":"SearchAction","target":{"@type":"EntryPoint","urlTemplate":"https:\/\/madabouthorror.co.uk\/?s={search_term_string}"},"query-input":{"@type":"PropertyValueSpecification","valueRequired":true,"valueName":"search_term_string"}}],"inLanguage":"fr-FR"},{"@type":"Organization","@id":"https:\/\/madabouthorror.co.uk\/#organization","name":"L'horreur en folie","url":"https:\/\/madabouthorror.co.uk\/","logo":{"@type":"ImageObject","inLanguage":"fr-FR","@id":"https:\/\/madabouthorror.co.uk\/#\/schema\/logo\/image\/","url":"https:\/\/madabouthorror.co.uk\/wp-content\/uploads\/2024\/02\/cropped-Logo.png","contentUrl":"https:\/\/madabouthorror.co.uk\/wp-content\/uploads\/2024\/02\/cropped-Logo.png","width":240,"height":88,"caption":"Mad About Horror"},"image":{"@id":"https:\/\/madabouthorror.co.uk\/#\/schema\/logo\/image\/"},"sameAs":["https:\/\/www.facebook.com\/madabouthorror\/","https:\/\/www.instagram.com\/madabouthorror\/","https:\/\/www.pinterest.co.uk\/madabouthorror\/","https:\/\/www.youtube.com\/channel\/UCBooLOIxjoQ89dj6T5lWm_w","https:\/\/www.tiktok.com\/@weremadabouthorror"]}]}},"df_price":19.95,"df_sale_price":"","df_regular_price":19.95,"df_image_link":"https:\/\/madabouthorror.co.uk\/wp-content\/uploads\/2020\/06\/hell_fest_the_other_devil_mask_tots_1-300x300.jpg","_links":{"self":[{"href":"https:\/\/madabouthorror.co.uk\/fr\/wp-json\/wp\/v2\/product\/45224","targetHints":{"allow":["GET"]}}],"collection":[{"href":"https:\/\/madabouthorror.co.uk\/fr\/wp-json\/wp\/v2\/product"}],"about":[{"href":"https:\/\/madabouthorror.co.uk\/fr\/wp-json\/wp\/v2\/types\/product"}],"replies":[{"embeddable":true,"href":"https:\/\/madabouthorror.co.uk\/fr\/wp-json\/wp\/v2\/comments?post=45224"}],"wp:featuredmedia":[{"embeddable":true,"href":"https:\/\/madabouthorror.co.uk\/fr\/wp-json\/wp\/v2\/media\/45221"}],"wp:attachment":[{"href":"https:\/\/madabouthorror.co.uk\/fr\/wp-json\/wp\/v2\/media?parent=45224"}],"wp:term":[{"taxonomy":"product_brand","embeddable":true,"href":"https:\/\/madabouthorror.co.uk\/fr\/wp-json\/wp\/v2\/product_brand?post=45224"},{"taxonomy":"product_cat","embeddable":true,"href":"https:\/\/madabouthorror.co.uk\/fr\/wp-json\/wp\/v2\/product_cat?post=45224"},{"taxonomy":"product_tag","embeddable":true,"href":"https:\/\/madabouthorror.co.uk\/fr\/wp-json\/wp\/v2\/product_tag?post=45224"}],"curies":[{"name":"wp","href":"https:\/\/api.w.org\/{rel}","templated":true}]}}