{"id":455257,"date":"2023-09-06T12:40:23","date_gmt":"2023-09-06T11:40:23","guid":{"rendered":"https:\/\/madabouthorror.co.uk\/?post_type=product&#038;p=455257"},"modified":"2025-11-24T11:22:39","modified_gmt":"2025-11-24T11:22:39","slug":"psycho-killer-costume","status":"publish","type":"product","link":"https:\/\/madabouthorror.co.uk\/fr\/product\/psycho-killer-costume\/","title":{"rendered":"Salopette de tueur psychopathe"},"content":{"rendered":"<p>Cr\u00e9\u00e9 par notre propre costumier, ce costume comprend une combinaison de haute qualit\u00e9, peinte \u00e0 la main en rayures de prison avec un \u00e9cusson \"psycho ward\" sur le devant et un Smiley peint en jaune sur le dos.<\/p>\n<p>Mad About Horror vous propose une nouvelle gamme de costumes professionnels pour l'industrie de l'\u00e9pouvante, de l'Halloween et des \u00e9v\u00e9nements d'horreur.<\/p>\n<p>Ajoutez notre masque de sac disponible s\u00e9par\u00e9ment comme indiqu\u00e9 sur les photos.<\/p>\n<p>Taille adulte : Standard jusqu'\u00e0 40 de poitrine, XL jusqu'\u00e0 50 de poitrine, 2XL 50+ de poitrine<\/p>\n<p>Retrouvez l'ensemble de nos <a href=\"https:\/\/madabouthorror.co.uk\/fr\/c\/halloween\/costumes\/\">Costumes effrayants<\/a> pour Halloween ici.<\/p>","protected":false},"excerpt":{"rendered":"<p>Cr\u00e9\u00e9 par notre propre costumier, ce costume comprend une combinaison de haute qualit\u00e9, peinte \u00e0 la main en rayures de prison avec un \u00e9cusson 'psycho ward' sur le devant et un Smiley peint en jaune sur le dos. Mad About Horror vous propose une nouvelle gamme de costumes professionnels pour l'industrie de l'\u00e9pouvante, de l'Halloween et des \u00e9v\u00e9nements horrifiques. Ajoutez notre sac [...]<\/p>","protected":false},"featured_media":455259,"comment_status":"closed","ping_status":"closed","template":"","meta":{"_acf_changed":false},"product_brand":[],"product_cat":[6551,6543,6829],"product_tag":[],"class_list":{"0":"post-455257","1":"product","2":"type-product","3":"status-publish","4":"has-post-thumbnail","6":"product_cat-costumes","7":"product_cat-professional","8":"product_cat-professional-range-costumes","9":"pa_brand-madabouthorror","10":"pa_character-other","11":"pa_google_tax-9c-clothingaccessoriescostume","13":"first","14":"instock","15":"taxable","16":"shipping-taxable","17":"purchasable","18":"product-type-variable"},"supplier_id":467463,"supplier_sku":"","barcode":"","atum_controlled":true,"out_stock_date":null,"out_stock_threshold":null,"inheritable":true,"inbound_stock":0,"stock_on_hold":0,"sold_today":0,"sales_last_days":0,"reserved_stock":0,"customer_returns":0,"warehouse_damage":0,"lost_in_post":0,"other_logs":0,"out_stock_days":0,"lost_sales":0,"has_location":false,"update_date":"2026-04-20T00:22:44","atum_locations":[],"atum_stock_status":"instock","restock_status":false,"low_stock_amount":"","sales_update_date":"2026-04-20T00:22:43","calc_backorders":null,"acf":[],"yoast_head":"<!-- This site is optimized with the Yoast SEO plugin v27.4 - https:\/\/yoast.com\/product\/yoast-seo-wordpress\/ -->\n<title>Psycho Killer Halloween Costume<\/title>\n<meta name=\"description\" content=\"Professional range of Scare \/ Haunt Costumes for the entertainment industry. UK stock, fast delivery. Customisation available.\" \/>\n<meta name=\"robots\" content=\"index, follow, max-snippet:-1, max-image-preview:large, max-video-preview:-1\" \/>\n<link rel=\"canonical\" href=\"https:\/\/madabouthorror.co.uk\/fr\/product\/psycho-killer-costume\/\" \/>\n<meta property=\"og:locale\" content=\"fr_FR\" \/>\n<meta property=\"og:type\" content=\"article\" \/>\n<meta property=\"og:title\" content=\"Psycho Killer Halloween Costume\" \/>\n<meta property=\"og:description\" content=\"Professional range of Scare \/ Haunt Costumes for the entertainment industry. UK stock, fast delivery. Customisation available.\" \/>\n<meta property=\"og:url\" content=\"https:\/\/madabouthorror.co.uk\/fr\/product\/psycho-killer-costume\/\" \/>\n<meta property=\"og:site_name\" content=\"Mad About Horror\" \/>\n<meta property=\"article:publisher\" content=\"https:\/\/www.facebook.com\/madabouthorror\/\" \/>\n<meta property=\"article:modified_time\" content=\"2025-11-24T11:22:39+00:00\" \/>\n<meta property=\"og:image\" content=\"https:\/\/madabouthorror.co.uk\/wp-content\/uploads\/2023\/09\/psycho-ward-killer-costume-3.jpg\" \/>\n\t<meta property=\"og:image:width\" content=\"1848\" \/>\n\t<meta property=\"og:image:height\" content=\"2048\" \/>\n\t<meta property=\"og:image:type\" content=\"image\/jpeg\" \/>\n<meta name=\"twitter:card\" content=\"summary_large_image\" \/>\n<meta name=\"twitter:label1\" content=\"Dur\u00e9e de lecture estim\u00e9e\" \/>\n\t<meta name=\"twitter:data1\" content=\"1 minute\" \/>\n<script type=\"application\/ld+json\" class=\"yoast-schema-graph\">{\"@context\":\"https:\\\/\\\/schema.org\",\"@graph\":[{\"@type\":[\"WebPage\",\"ItemPage\"],\"@id\":\"https:\\\/\\\/madabouthorror.co.uk\\\/product\\\/psycho-killer-costume\\\/\",\"url\":\"https:\\\/\\\/madabouthorror.co.uk\\\/product\\\/psycho-killer-costume\\\/\",\"name\":\"Psycho Killer Halloween Costume\",\"isPartOf\":{\"@id\":\"https:\\\/\\\/madabouthorror.co.uk\\\/#website\"},\"primaryImageOfPage\":{\"@id\":\"https:\\\/\\\/madabouthorror.co.uk\\\/product\\\/psycho-killer-costume\\\/#primaryimage\"},\"image\":{\"@id\":\"https:\\\/\\\/madabouthorror.co.uk\\\/product\\\/psycho-killer-costume\\\/#primaryimage\"},\"thumbnailUrl\":\"https:\\\/\\\/madabouthorror.co.uk\\\/wp-content\\\/uploads\\\/2023\\\/09\\\/psycho-ward-killer-costume-3.jpg\",\"datePublished\":\"2023-09-06T11:40:23+00:00\",\"dateModified\":\"2025-11-24T11:22:39+00:00\",\"description\":\"Professional range of Scare \\\/ Haunt Costumes for the entertainment industry. UK stock, fast delivery. Customisation available.\",\"breadcrumb\":{\"@id\":\"https:\\\/\\\/madabouthorror.co.uk\\\/product\\\/psycho-killer-costume\\\/#breadcrumb\"},\"inLanguage\":\"fr-FR\",\"potentialAction\":[{\"@type\":\"ReadAction\",\"target\":[\"https:\\\/\\\/madabouthorror.co.uk\\\/product\\\/psycho-killer-costume\\\/\"]}]},{\"@type\":\"ImageObject\",\"inLanguage\":\"fr-FR\",\"@id\":\"https:\\\/\\\/madabouthorror.co.uk\\\/product\\\/psycho-killer-costume\\\/#primaryimage\",\"url\":\"https:\\\/\\\/madabouthorror.co.uk\\\/wp-content\\\/uploads\\\/2023\\\/09\\\/psycho-ward-killer-costume-3.jpg\",\"contentUrl\":\"https:\\\/\\\/madabouthorror.co.uk\\\/wp-content\\\/uploads\\\/2023\\\/09\\\/psycho-ward-killer-costume-3.jpg\",\"width\":1848,\"height\":2048,\"caption\":\"psycho ward killer halloween costume\"},{\"@type\":\"BreadcrumbList\",\"@id\":\"https:\\\/\\\/madabouthorror.co.uk\\\/product\\\/psycho-killer-costume\\\/#breadcrumb\",\"itemListElement\":[{\"@type\":\"ListItem\",\"position\":1,\"name\":\"Shop\",\"item\":\"https:\\\/\\\/madabouthorror.co.uk\\\/shop\\\/\"},{\"@type\":\"ListItem\",\"position\":2,\"name\":\"Psycho Killer Coveralls\"}]},{\"@type\":\"WebSite\",\"@id\":\"https:\\\/\\\/madabouthorror.co.uk\\\/#website\",\"url\":\"https:\\\/\\\/madabouthorror.co.uk\\\/\",\"name\":\"Mad About Horror\",\"description\":\"\",\"publisher\":{\"@id\":\"https:\\\/\\\/madabouthorror.co.uk\\\/#organization\"},\"alternateName\":\"Mad About Horror Limited\",\"potentialAction\":[{\"@type\":\"SearchAction\",\"target\":{\"@type\":\"EntryPoint\",\"urlTemplate\":\"https:\\\/\\\/madabouthorror.co.uk\\\/?s={search_term_string}\"},\"query-input\":{\"@type\":\"PropertyValueSpecification\",\"valueRequired\":true,\"valueName\":\"search_term_string\"}}],\"inLanguage\":\"fr-FR\"},{\"@type\":\"Organization\",\"@id\":\"https:\\\/\\\/madabouthorror.co.uk\\\/#organization\",\"name\":\"Mad About Horror\",\"url\":\"https:\\\/\\\/madabouthorror.co.uk\\\/\",\"logo\":{\"@type\":\"ImageObject\",\"inLanguage\":\"fr-FR\",\"@id\":\"https:\\\/\\\/madabouthorror.co.uk\\\/#\\\/schema\\\/logo\\\/image\\\/\",\"url\":\"https:\\\/\\\/madabouthorror.co.uk\\\/wp-content\\\/uploads\\\/2024\\\/02\\\/cropped-Logo.png\",\"contentUrl\":\"https:\\\/\\\/madabouthorror.co.uk\\\/wp-content\\\/uploads\\\/2024\\\/02\\\/cropped-Logo.png\",\"width\":240,\"height\":88,\"caption\":\"Mad About Horror\"},\"image\":{\"@id\":\"https:\\\/\\\/madabouthorror.co.uk\\\/#\\\/schema\\\/logo\\\/image\\\/\"},\"sameAs\":[\"https:\\\/\\\/www.facebook.com\\\/madabouthorror\\\/\",\"https:\\\/\\\/www.instagram.com\\\/madabouthorror\\\/\",\"https:\\\/\\\/www.pinterest.co.uk\\\/madabouthorror\\\/\",\"https:\\\/\\\/www.youtube.com\\\/channel\\\/UCBooLOIxjoQ89dj6T5lWm_w\",\"https:\\\/\\\/www.tiktok.com\\\/@weremadabouthorror\"]}]}<\/script>\n<!-- \/ Yoast SEO plugin. -->","yoast_head_json":{"title":"Costume d'Halloween Psycho Killer","description":"Gamme professionnelle de costumes d'\u00e9pouvante et de hantise pour l'industrie du spectacle. Stock britannique, livraison rapide. Personnalisation possible.","robots":{"index":"index","follow":"follow","max-snippet":"max-snippet:-1","max-image-preview":"max-image-preview:large","max-video-preview":"max-video-preview:-1"},"canonical":"https:\/\/madabouthorror.co.uk\/fr\/product\/psycho-killer-costume\/","og_locale":"fr_FR","og_type":"article","og_title":"Psycho Killer Halloween Costume","og_description":"Professional range of Scare \/ Haunt Costumes for the entertainment industry. UK stock, fast delivery. Customisation available.","og_url":"https:\/\/madabouthorror.co.uk\/fr\/product\/psycho-killer-costume\/","og_site_name":"Mad About Horror","article_publisher":"https:\/\/www.facebook.com\/madabouthorror\/","article_modified_time":"2025-11-24T11:22:39+00:00","og_image":[{"width":1848,"height":2048,"url":"https:\/\/madabouthorror.co.uk\/wp-content\/uploads\/2023\/09\/psycho-ward-killer-costume-3.jpg","type":"image\/jpeg"}],"twitter_card":"summary_large_image","twitter_misc":{"Dur\u00e9e de lecture estim\u00e9e":"1 minute"},"schema":{"@context":"https:\/\/schema.org","@graph":[{"@type":["WebPage","ItemPage"],"@id":"https:\/\/madabouthorror.co.uk\/product\/psycho-killer-costume\/","url":"https:\/\/madabouthorror.co.uk\/product\/psycho-killer-costume\/","name":"Costume d'Halloween Psycho Killer","isPartOf":{"@id":"https:\/\/madabouthorror.co.uk\/#website"},"primaryImageOfPage":{"@id":"https:\/\/madabouthorror.co.uk\/product\/psycho-killer-costume\/#primaryimage"},"image":{"@id":"https:\/\/madabouthorror.co.uk\/product\/psycho-killer-costume\/#primaryimage"},"thumbnailUrl":"https:\/\/madabouthorror.co.uk\/wp-content\/uploads\/2023\/09\/psycho-ward-killer-costume-3.jpg","datePublished":"2023-09-06T11:40:23+00:00","dateModified":"2025-11-24T11:22:39+00:00","description":"Gamme professionnelle de costumes d'\u00e9pouvante et de hantise pour l'industrie du spectacle. Stock britannique, livraison rapide. Personnalisation possible.","breadcrumb":{"@id":"https:\/\/madabouthorror.co.uk\/product\/psycho-killer-costume\/#breadcrumb"},"inLanguage":"fr-FR","potentialAction":[{"@type":"ReadAction","target":["https:\/\/madabouthorror.co.uk\/product\/psycho-killer-costume\/"]}]},{"@type":"ImageObject","inLanguage":"fr-FR","@id":"https:\/\/madabouthorror.co.uk\/product\/psycho-killer-costume\/#primaryimage","url":"https:\/\/madabouthorror.co.uk\/wp-content\/uploads\/2023\/09\/psycho-ward-killer-costume-3.jpg","contentUrl":"https:\/\/madabouthorror.co.uk\/wp-content\/uploads\/2023\/09\/psycho-ward-killer-costume-3.jpg","width":1848,"height":2048,"caption":"psycho ward killer halloween costume"},{"@type":"BreadcrumbList","@id":"https:\/\/madabouthorror.co.uk\/product\/psycho-killer-costume\/#breadcrumb","itemListElement":[{"@type":"ListItem","position":1,"name":"Shop","item":"https:\/\/madabouthorror.co.uk\/shop\/"},{"@type":"ListItem","position":2,"name":"Psycho Killer Coveralls"}]},{"@type":"WebSite","@id":"https:\/\/madabouthorror.co.uk\/#website","url":"https:\/\/madabouthorror.co.uk\/","name":"L'horreur en folie","description":"","publisher":{"@id":"https:\/\/madabouthorror.co.uk\/#organization"},"alternateName":"Mad About Horror Limited","potentialAction":[{"@type":"SearchAction","target":{"@type":"EntryPoint","urlTemplate":"https:\/\/madabouthorror.co.uk\/?s={search_term_string}"},"query-input":{"@type":"PropertyValueSpecification","valueRequired":true,"valueName":"search_term_string"}}],"inLanguage":"fr-FR"},{"@type":"Organization","@id":"https:\/\/madabouthorror.co.uk\/#organization","name":"L'horreur en folie","url":"https:\/\/madabouthorror.co.uk\/","logo":{"@type":"ImageObject","inLanguage":"fr-FR","@id":"https:\/\/madabouthorror.co.uk\/#\/schema\/logo\/image\/","url":"https:\/\/madabouthorror.co.uk\/wp-content\/uploads\/2024\/02\/cropped-Logo.png","contentUrl":"https:\/\/madabouthorror.co.uk\/wp-content\/uploads\/2024\/02\/cropped-Logo.png","width":240,"height":88,"caption":"Mad About Horror"},"image":{"@id":"https:\/\/madabouthorror.co.uk\/#\/schema\/logo\/image\/"},"sameAs":["https:\/\/www.facebook.com\/madabouthorror\/","https:\/\/www.instagram.com\/madabouthorror\/","https:\/\/www.pinterest.co.uk\/madabouthorror\/","https:\/\/www.youtube.com\/channel\/UCBooLOIxjoQ89dj6T5lWm_w","https:\/\/www.tiktok.com\/@weremadabouthorror"]}]}},"df_price":98.96,"df_sale_price":"","df_regular_price":98.96,"df_image_link":"https:\/\/madabouthorror.co.uk\/wp-content\/uploads\/2023\/09\/psycho-ward-killer-costume-3-271x300.jpg","_links":{"self":[{"href":"https:\/\/madabouthorror.co.uk\/fr\/wp-json\/wp\/v2\/product\/455257","targetHints":{"allow":["GET"]}}],"collection":[{"href":"https:\/\/madabouthorror.co.uk\/fr\/wp-json\/wp\/v2\/product"}],"about":[{"href":"https:\/\/madabouthorror.co.uk\/fr\/wp-json\/wp\/v2\/types\/product"}],"replies":[{"embeddable":true,"href":"https:\/\/madabouthorror.co.uk\/fr\/wp-json\/wp\/v2\/comments?post=455257"}],"wp:featuredmedia":[{"embeddable":true,"href":"https:\/\/madabouthorror.co.uk\/fr\/wp-json\/wp\/v2\/media\/455259"}],"wp:attachment":[{"href":"https:\/\/madabouthorror.co.uk\/fr\/wp-json\/wp\/v2\/media?parent=455257"}],"wp:term":[{"taxonomy":"product_brand","embeddable":true,"href":"https:\/\/madabouthorror.co.uk\/fr\/wp-json\/wp\/v2\/product_brand?post=455257"},{"taxonomy":"product_cat","embeddable":true,"href":"https:\/\/madabouthorror.co.uk\/fr\/wp-json\/wp\/v2\/product_cat?post=455257"},{"taxonomy":"product_tag","embeddable":true,"href":"https:\/\/madabouthorror.co.uk\/fr\/wp-json\/wp\/v2\/product_tag?post=455257"}],"curies":[{"name":"wp","href":"https:\/\/api.w.org\/{rel}","templated":true}]}}