{"id":455926,"date":"2023-09-18T13:16:38","date_gmt":"2023-09-18T12:16:38","guid":{"rendered":"https:\/\/madabouthorror.co.uk\/?post_type=product&#038;p=455926"},"modified":"2025-11-20T12:38:45","modified_gmt":"2025-11-20T12:38:45","slug":"7-2-ft-slim-animatronic-killer-klowns-from-outer-space","status":"publish","type":"product","link":"https:\/\/madabouthorror.co.uk\/fr\/product\/7-2-ft-slim-animatronic-killer-klowns-from-outer-space\/","title":{"rendered":"7.2 Ft Slim Animatronic - Killer Klowns from Outer Space (Spirit Halloween)"},"content":{"rendered":"<p>Les animatroniques Spirit Halloween sont disponibles aupr\u00e8s de Mad About Horror !<\/p>\n<p style=\"font-weight: 400;\">Si vous voyez des ombres chinoises g\u00e9antes \u00e0 l'occasion d'Halloween, faites attention, car cela ne peut signifier qu'une chose. Les Killer Klowns de l'espace sont de retour et pr\u00eats \u00e0 semer la pagaille \u00e0 l'occasion de cette f\u00eate ! Transformez votre exposition d'Halloween en un cirque des Killer Klowns avec cet animatronic Slim sous licence officielle. Slim, l'un des clowns les plus en vue du film, n'est pas \u00e0 prendre \u00e0 la l\u00e9g\u00e8re. Avec sa combinaison de clown rose vif, sa chevelure orange orn\u00e9e de mini-ballons et son sourire sinistre, Slim est toujours \u00e0 la recherche d'humains sans d\u00e9fense qu'il peut capturer pour nourrir sa bande. \u00c9quip\u00e9 du sac \u00e0 pop-corn vert qu'il porte dans le film, si vous vous approchez trop pr\u00e8s, vous risquez d'\u00eatre r\u00e9tr\u00e9ci et de devenir le prochain casse-cro\u00fbte des Killer Klowns !<\/p>\n<p style=\"font-weight: 400;\">Il est impossible de savoir quel genre de m\u00e9fait Slim causera \u00e0 Halloween une fois qu'il aura pris vie ! Regardez avec terreur son torse se pencher vers l'avant pour ouvrir et fermer son sac de pop-corn et sa bouche bouger en m\u00eame temps que ses rires diaboliques et ses sons intergalactiques. Associez-le \u00e0 Shorty ou \u00e0 tout autre d\u00e9cor de Killer Klowns pour cr\u00e9er l'ultime exposition de Killer Klowns !<\/p>\n<p style=\"font-weight: 400;\">Licence officielle.<\/p>\n<p style=\"font-weight: 400;\">Comprend :<\/p>\n<ul>\n<li style=\"font-weight: 400;\">Animatronique<\/li>\n<li style=\"font-weight: 400;\">Instructions<\/li>\n<li style=\"font-weight: 400;\">R\u00e9glage du volume<\/li>\n<li style=\"font-weight: 400;\">Prise pour haut-parleur externe<\/li>\n<li style=\"font-weight: 400;\">Sons du produit : Rire sur fond de musique de cirque<\/li>\n<li style=\"font-weight: 400;\">Capteur IR activ\u00e9<\/li>\n<\/ul>\n<p style=\"font-weight: 400;\">Dimensions : 86\" H x 41.3\" L x 41\" P<\/p>\n<p style=\"font-weight: 400;\">Dimensions de la bo\u00eete : 15.4\" H x 36.8\" L x 24\" P<\/p>\n<div><b>Fourni avec un adaptateur secteur britannique<\/b>. <i>N'utilisez que l'adaptateur d'alimentation fourni, car les adaptateurs d'alimentation incorrects peuvent causer des dommages.<\/i><i><\/i><\/div>\n<div><\/div>\n<div><b>Pour le porche couvert ou l'int\u00e9rieur.<\/b> <i>Prot\u00e9ger des intemp\u00e9ries en cas d'utilisation \u00e0 l'ext\u00e9rieur et ne pas laisser \u00e0 l'ext\u00e9rieur pendant des p\u00e9riodes prolong\u00e9es.<\/i><\/div>\n<div><\/div>\n<div><b>A noter :<\/b><i> Ces accessoires ne sont pas recommand\u00e9s pour un usage commercial intensif, c'est-\u00e0-dire qu'ils ne doivent pas \u00eatre utilis\u00e9s pendant des p\u00e9riodes prolong\u00e9es, c'est-\u00e0-dire plusieurs jours d'affil\u00e9e. Ils sont con\u00e7us pour \u00eatre utilis\u00e9s \u00e0 l'occasion d'Halloween. Si vous avez des questions \u00e0 ce sujet, n'h\u00e9sitez pas \u00e0 les poser.<\/i><\/div>","protected":false},"excerpt":{"rendered":"<p>Les animatroniques Spirit Halloween sont disponibles chez Mad About Horror ! Si vous apercevez des ombres chinoises g\u00e9antes \u00e0 l'occasion d'Halloween, faites attention, car cela ne peut signifier qu'une chose : les Killer Klowns de l'espace sont de retour. Les Killer Klowns de l'espace sont de retour et pr\u00eats \u00e0 semer la pagaille en cette p\u00e9riode de f\u00eates ! Transformez votre exposition d'Halloween en un cirque de Killer Klowns [...]<\/p>","protected":false},"featured_media":457141,"comment_status":"closed","ping_status":"closed","template":"","meta":{"_acf_changed":false},"product_brand":[],"product_cat":[10109,10068,10131,10129,10110,10093,10094,10038,6547,6963,9839,6967,7054,6797,6673],"product_tag":[9993],"class_list":{"0":"post-455926","1":"product","2":"type-product","3":"status-publish","4":"has-post-thumbnail","6":"product_cat-clown-decorations","7":"product_cat-halloween-decorations-2025","8":"product_cat-halloween-gifts","9":"product_cat-main-gift","10":"product_cat-us-imports","11":"product_cat-indoor-halloween-decorations","12":"product_cat-outdoor-halloween-decorations","13":"product_cat-horror-gifts","14":"product_cat-decorations","15":"product_cat-animatronics","16":"product_cat-spirit-halloween-animatronics","17":"product_cat-clown-animatronics","18":"product_cat-movie-tv-props","19":"product_cat-spirit-halloween-uk-stockist","20":"product_cat-killerklownsfromouterspace","21":"product_tag-animatronics-imports","22":"product_shipping_class-props","24":"first","25":"outofstock","26":"taxable","27":"shipping-taxable","28":"purchasable","29":"product-type-simple"},"supplier_id":471382,"supplier_sku":"","barcode":"","atum_controlled":true,"out_stock_date":"2025-07-15 20:03:22","out_stock_threshold":null,"inheritable":false,"inbound_stock":0,"stock_on_hold":0,"sold_today":0,"sales_last_days":0,"reserved_stock":0,"customer_returns":0,"warehouse_damage":0,"lost_in_post":0,"other_logs":0,"out_stock_days":271,"lost_sales":27098,"has_location":false,"update_date":"2026-04-13T00:36:37","atum_locations":[],"atum_stock_status":"outofstock","restock_status":false,"low_stock_amount":"","sales_update_date":"2026-04-13T00:36:36","calc_backorders":null,"acf":[],"yoast_head":"<!-- This site is optimized with the Yoast SEO plugin v27.3 - https:\/\/yoast.com\/product\/yoast-seo-wordpress\/ -->\n<title>7.2 Ft Slim Animatronic - Killer Klowns from Outer Space (Spirit Halloween) | Mad About Horror<\/title>\n<meta name=\"description\" content=\"Spirit Halloween - UK stockist! Check out our huge range of animated Halloween props including Spirit Halloween, Home Depot, Lowes and much more! All available from Mad About Horror, the UK &amp; Europe&#039;s leading horror &amp; Halloween specialist.\" \/>\n<meta name=\"robots\" content=\"index, follow, max-snippet:-1, max-image-preview:large, max-video-preview:-1\" \/>\n<link rel=\"canonical\" href=\"https:\/\/madabouthorror.co.uk\/fr\/product\/7-2-ft-slim-animatronic-killer-klowns-from-outer-space\/\" \/>\n<meta property=\"og:locale\" content=\"fr_FR\" \/>\n<meta property=\"og:type\" content=\"article\" \/>\n<meta property=\"og:title\" content=\"7.2 Ft Slim Animatronic - Killer Klowns from Outer Space (Spirit Halloween) | Mad About Horror\" \/>\n<meta property=\"og:description\" content=\"Spirit Halloween - UK stockist! Check out our huge range of animated Halloween props including Spirit Halloween, Home Depot, Lowes and much more! All available from Mad About Horror, the UK &amp; Europe&#039;s leading horror &amp; Halloween specialist.\" \/>\n<meta property=\"og:url\" content=\"https:\/\/madabouthorror.co.uk\/fr\/product\/7-2-ft-slim-animatronic-killer-klowns-from-outer-space\/\" \/>\n<meta property=\"og:site_name\" content=\"Mad About Horror\" \/>\n<meta property=\"article:publisher\" content=\"https:\/\/www.facebook.com\/madabouthorror\/\" \/>\n<meta property=\"article:modified_time\" content=\"2025-11-20T12:38:45+00:00\" \/>\n<meta property=\"og:image\" content=\"https:\/\/madabouthorror.co.uk\/wp-content\/uploads\/2023\/09\/spirit-halloween-killer-klowns-from-outer-space-animatronic-Slim.jpg\" \/>\n\t<meta property=\"og:image:width\" content=\"1500\" \/>\n\t<meta property=\"og:image:height\" content=\"1500\" \/>\n\t<meta property=\"og:image:type\" content=\"image\/jpeg\" \/>\n<meta name=\"twitter:card\" content=\"summary_large_image\" \/>\n<meta name=\"twitter:label1\" content=\"Dur\u00e9e de lecture estim\u00e9e\" \/>\n\t<meta name=\"twitter:data1\" content=\"2 minutes\" \/>\n<script type=\"application\/ld+json\" class=\"yoast-schema-graph\">{\"@context\":\"https:\\\/\\\/schema.org\",\"@graph\":[{\"@type\":[\"WebPage\",\"ItemPage\"],\"@id\":\"https:\\\/\\\/madabouthorror.co.uk\\\/product\\\/7-2-ft-slim-animatronic-killer-klowns-from-outer-space\\\/\",\"url\":\"https:\\\/\\\/madabouthorror.co.uk\\\/product\\\/7-2-ft-slim-animatronic-killer-klowns-from-outer-space\\\/\",\"name\":\"7.2 Ft Slim Animatronic - Killer Klowns from Outer Space (Spirit Halloween) | Mad About Horror\",\"isPartOf\":{\"@id\":\"https:\\\/\\\/madabouthorror.co.uk\\\/#website\"},\"primaryImageOfPage\":{\"@id\":\"https:\\\/\\\/madabouthorror.co.uk\\\/product\\\/7-2-ft-slim-animatronic-killer-klowns-from-outer-space\\\/#primaryimage\"},\"image\":{\"@id\":\"https:\\\/\\\/madabouthorror.co.uk\\\/product\\\/7-2-ft-slim-animatronic-killer-klowns-from-outer-space\\\/#primaryimage\"},\"thumbnailUrl\":\"https:\\\/\\\/madabouthorror.co.uk\\\/wp-content\\\/uploads\\\/2023\\\/09\\\/spirit-halloween-killer-klowns-from-outer-space-animatronic-Slim.jpg\",\"datePublished\":\"2023-09-18T12:16:38+00:00\",\"dateModified\":\"2025-11-20T12:38:45+00:00\",\"description\":\"Spirit Halloween - UK stockist! Check out our huge range of animated Halloween props including Spirit Halloween, Home Depot, Lowes and much more! All available from Mad About Horror, the UK & Europe's leading horror & Halloween specialist.\",\"breadcrumb\":{\"@id\":\"https:\\\/\\\/madabouthorror.co.uk\\\/product\\\/7-2-ft-slim-animatronic-killer-klowns-from-outer-space\\\/#breadcrumb\"},\"inLanguage\":\"fr-FR\",\"potentialAction\":[{\"@type\":\"ReadAction\",\"target\":[\"https:\\\/\\\/madabouthorror.co.uk\\\/product\\\/7-2-ft-slim-animatronic-killer-klowns-from-outer-space\\\/\"]}]},{\"@type\":\"ImageObject\",\"inLanguage\":\"fr-FR\",\"@id\":\"https:\\\/\\\/madabouthorror.co.uk\\\/product\\\/7-2-ft-slim-animatronic-killer-klowns-from-outer-space\\\/#primaryimage\",\"url\":\"https:\\\/\\\/madabouthorror.co.uk\\\/wp-content\\\/uploads\\\/2023\\\/09\\\/spirit-halloween-killer-klowns-from-outer-space-animatronic-Slim.jpg\",\"contentUrl\":\"https:\\\/\\\/madabouthorror.co.uk\\\/wp-content\\\/uploads\\\/2023\\\/09\\\/spirit-halloween-killer-klowns-from-outer-space-animatronic-Slim.jpg\",\"width\":1500,\"height\":1500},{\"@type\":\"BreadcrumbList\",\"@id\":\"https:\\\/\\\/madabouthorror.co.uk\\\/product\\\/7-2-ft-slim-animatronic-killer-klowns-from-outer-space\\\/#breadcrumb\",\"itemListElement\":[{\"@type\":\"ListItem\",\"position\":1,\"name\":\"Shop\",\"item\":\"https:\\\/\\\/madabouthorror.co.uk\\\/shop\\\/\"},{\"@type\":\"ListItem\",\"position\":2,\"name\":\"7.2 Ft Slim Animatronic &#8211; Killer Klowns from Outer Space (Spirit Halloween)\"}]},{\"@type\":\"WebSite\",\"@id\":\"https:\\\/\\\/madabouthorror.co.uk\\\/#website\",\"url\":\"https:\\\/\\\/madabouthorror.co.uk\\\/\",\"name\":\"Mad About Horror\",\"description\":\"\",\"publisher\":{\"@id\":\"https:\\\/\\\/madabouthorror.co.uk\\\/#organization\"},\"alternateName\":\"Mad About Horror Limited\",\"potentialAction\":[{\"@type\":\"SearchAction\",\"target\":{\"@type\":\"EntryPoint\",\"urlTemplate\":\"https:\\\/\\\/madabouthorror.co.uk\\\/?s={search_term_string}\"},\"query-input\":{\"@type\":\"PropertyValueSpecification\",\"valueRequired\":true,\"valueName\":\"search_term_string\"}}],\"inLanguage\":\"fr-FR\"},{\"@type\":\"Organization\",\"@id\":\"https:\\\/\\\/madabouthorror.co.uk\\\/#organization\",\"name\":\"Mad About Horror\",\"url\":\"https:\\\/\\\/madabouthorror.co.uk\\\/\",\"logo\":{\"@type\":\"ImageObject\",\"inLanguage\":\"fr-FR\",\"@id\":\"https:\\\/\\\/madabouthorror.co.uk\\\/#\\\/schema\\\/logo\\\/image\\\/\",\"url\":\"https:\\\/\\\/madabouthorror.co.uk\\\/wp-content\\\/uploads\\\/2024\\\/02\\\/cropped-Logo.png\",\"contentUrl\":\"https:\\\/\\\/madabouthorror.co.uk\\\/wp-content\\\/uploads\\\/2024\\\/02\\\/cropped-Logo.png\",\"width\":240,\"height\":88,\"caption\":\"Mad About Horror\"},\"image\":{\"@id\":\"https:\\\/\\\/madabouthorror.co.uk\\\/#\\\/schema\\\/logo\\\/image\\\/\"},\"sameAs\":[\"https:\\\/\\\/www.facebook.com\\\/madabouthorror\\\/\",\"https:\\\/\\\/www.instagram.com\\\/madabouthorror\\\/\",\"https:\\\/\\\/www.pinterest.co.uk\\\/madabouthorror\\\/\",\"https:\\\/\\\/www.youtube.com\\\/channel\\\/UCBooLOIxjoQ89dj6T5lWm_w\",\"https:\\\/\\\/www.tiktok.com\\\/@weremadabouthorror\"]}]}<\/script>\n<!-- \/ Yoast SEO plugin. -->","yoast_head_json":{"title":"7.2 Ft Slim Animatronic - Killer Klowns from Outer Space (Spirit Halloween) | Mad About Horror","description":"Spirit Halloween - Distributeur au Royaume-Uni ! D\u00e9couvrez notre vaste gamme d'accessoires anim\u00e9s pour Halloween, y compris Spirit Halloween, Home Depot, Lowes et bien plus encore ! Tous disponibles chez Mad About Horror, le plus grand sp\u00e9cialiste de l'horreur et de l'Halloween au Royaume-Uni et en Europe.","robots":{"index":"index","follow":"follow","max-snippet":"max-snippet:-1","max-image-preview":"max-image-preview:large","max-video-preview":"max-video-preview:-1"},"canonical":"https:\/\/madabouthorror.co.uk\/fr\/product\/7-2-ft-slim-animatronic-killer-klowns-from-outer-space\/","og_locale":"fr_FR","og_type":"article","og_title":"7.2 Ft Slim Animatronic - Killer Klowns from Outer Space (Spirit Halloween) | Mad About Horror","og_description":"Spirit Halloween - UK stockist! Check out our huge range of animated Halloween props including Spirit Halloween, Home Depot, Lowes and much more! All available from Mad About Horror, the UK & Europe's leading horror & Halloween specialist.","og_url":"https:\/\/madabouthorror.co.uk\/fr\/product\/7-2-ft-slim-animatronic-killer-klowns-from-outer-space\/","og_site_name":"Mad About Horror","article_publisher":"https:\/\/www.facebook.com\/madabouthorror\/","article_modified_time":"2025-11-20T12:38:45+00:00","og_image":[{"width":1500,"height":1500,"url":"https:\/\/madabouthorror.co.uk\/wp-content\/uploads\/2023\/09\/spirit-halloween-killer-klowns-from-outer-space-animatronic-Slim.jpg","type":"image\/jpeg"}],"twitter_card":"summary_large_image","twitter_misc":{"Dur\u00e9e de lecture estim\u00e9e":"2 minutes"},"schema":{"@context":"https:\/\/schema.org","@graph":[{"@type":["WebPage","ItemPage"],"@id":"https:\/\/madabouthorror.co.uk\/product\/7-2-ft-slim-animatronic-killer-klowns-from-outer-space\/","url":"https:\/\/madabouthorror.co.uk\/product\/7-2-ft-slim-animatronic-killer-klowns-from-outer-space\/","name":"7.2 Ft Slim Animatronic - Killer Klowns from Outer Space (Spirit Halloween) | Mad About Horror","isPartOf":{"@id":"https:\/\/madabouthorror.co.uk\/#website"},"primaryImageOfPage":{"@id":"https:\/\/madabouthorror.co.uk\/product\/7-2-ft-slim-animatronic-killer-klowns-from-outer-space\/#primaryimage"},"image":{"@id":"https:\/\/madabouthorror.co.uk\/product\/7-2-ft-slim-animatronic-killer-klowns-from-outer-space\/#primaryimage"},"thumbnailUrl":"https:\/\/madabouthorror.co.uk\/wp-content\/uploads\/2023\/09\/spirit-halloween-killer-klowns-from-outer-space-animatronic-Slim.jpg","datePublished":"2023-09-18T12:16:38+00:00","dateModified":"2025-11-20T12:38:45+00:00","description":"Spirit Halloween - Distributeur au Royaume-Uni ! D\u00e9couvrez notre vaste gamme d'accessoires anim\u00e9s pour Halloween, y compris Spirit Halloween, Home Depot, Lowes et bien plus encore ! Tous disponibles chez Mad About Horror, le plus grand sp\u00e9cialiste de l'horreur et de l'Halloween au Royaume-Uni et en Europe.","breadcrumb":{"@id":"https:\/\/madabouthorror.co.uk\/product\/7-2-ft-slim-animatronic-killer-klowns-from-outer-space\/#breadcrumb"},"inLanguage":"fr-FR","potentialAction":[{"@type":"ReadAction","target":["https:\/\/madabouthorror.co.uk\/product\/7-2-ft-slim-animatronic-killer-klowns-from-outer-space\/"]}]},{"@type":"ImageObject","inLanguage":"fr-FR","@id":"https:\/\/madabouthorror.co.uk\/product\/7-2-ft-slim-animatronic-killer-klowns-from-outer-space\/#primaryimage","url":"https:\/\/madabouthorror.co.uk\/wp-content\/uploads\/2023\/09\/spirit-halloween-killer-klowns-from-outer-space-animatronic-Slim.jpg","contentUrl":"https:\/\/madabouthorror.co.uk\/wp-content\/uploads\/2023\/09\/spirit-halloween-killer-klowns-from-outer-space-animatronic-Slim.jpg","width":1500,"height":1500},{"@type":"BreadcrumbList","@id":"https:\/\/madabouthorror.co.uk\/product\/7-2-ft-slim-animatronic-killer-klowns-from-outer-space\/#breadcrumb","itemListElement":[{"@type":"ListItem","position":1,"name":"Shop","item":"https:\/\/madabouthorror.co.uk\/shop\/"},{"@type":"ListItem","position":2,"name":"7.2 Ft Slim Animatronic &#8211; Killer Klowns from Outer Space (Spirit Halloween)"}]},{"@type":"WebSite","@id":"https:\/\/madabouthorror.co.uk\/#website","url":"https:\/\/madabouthorror.co.uk\/","name":"L'horreur en folie","description":"","publisher":{"@id":"https:\/\/madabouthorror.co.uk\/#organization"},"alternateName":"Mad About Horror Limited","potentialAction":[{"@type":"SearchAction","target":{"@type":"EntryPoint","urlTemplate":"https:\/\/madabouthorror.co.uk\/?s={search_term_string}"},"query-input":{"@type":"PropertyValueSpecification","valueRequired":true,"valueName":"search_term_string"}}],"inLanguage":"fr-FR"},{"@type":"Organization","@id":"https:\/\/madabouthorror.co.uk\/#organization","name":"L'horreur en folie","url":"https:\/\/madabouthorror.co.uk\/","logo":{"@type":"ImageObject","inLanguage":"fr-FR","@id":"https:\/\/madabouthorror.co.uk\/#\/schema\/logo\/image\/","url":"https:\/\/madabouthorror.co.uk\/wp-content\/uploads\/2024\/02\/cropped-Logo.png","contentUrl":"https:\/\/madabouthorror.co.uk\/wp-content\/uploads\/2024\/02\/cropped-Logo.png","width":240,"height":88,"caption":"Mad About Horror"},"image":{"@id":"https:\/\/madabouthorror.co.uk\/#\/schema\/logo\/image\/"},"sameAs":["https:\/\/www.facebook.com\/madabouthorror\/","https:\/\/www.instagram.com\/madabouthorror\/","https:\/\/www.pinterest.co.uk\/madabouthorror\/","https:\/\/www.youtube.com\/channel\/UCBooLOIxjoQ89dj6T5lWm_w","https:\/\/www.tiktok.com\/@weremadabouthorror"]}]}},"df_price":729.12,"df_sale_price":"","df_regular_price":729.12,"df_image_link":"https:\/\/madabouthorror.co.uk\/wp-content\/uploads\/2023\/09\/spirit-halloween-killer-klowns-from-outer-space-animatronic-Slim-300x300.jpg","_links":{"self":[{"href":"https:\/\/madabouthorror.co.uk\/fr\/wp-json\/wp\/v2\/product\/455926","targetHints":{"allow":["GET"]}}],"collection":[{"href":"https:\/\/madabouthorror.co.uk\/fr\/wp-json\/wp\/v2\/product"}],"about":[{"href":"https:\/\/madabouthorror.co.uk\/fr\/wp-json\/wp\/v2\/types\/product"}],"replies":[{"embeddable":true,"href":"https:\/\/madabouthorror.co.uk\/fr\/wp-json\/wp\/v2\/comments?post=455926"}],"wp:featuredmedia":[{"embeddable":true,"href":"https:\/\/madabouthorror.co.uk\/fr\/wp-json\/wp\/v2\/media\/457141"}],"wp:attachment":[{"href":"https:\/\/madabouthorror.co.uk\/fr\/wp-json\/wp\/v2\/media?parent=455926"}],"wp:term":[{"taxonomy":"product_brand","embeddable":true,"href":"https:\/\/madabouthorror.co.uk\/fr\/wp-json\/wp\/v2\/product_brand?post=455926"},{"taxonomy":"product_cat","embeddable":true,"href":"https:\/\/madabouthorror.co.uk\/fr\/wp-json\/wp\/v2\/product_cat?post=455926"},{"taxonomy":"product_tag","embeddable":true,"href":"https:\/\/madabouthorror.co.uk\/fr\/wp-json\/wp\/v2\/product_tag?post=455926"}],"curies":[{"name":"wp","href":"https:\/\/api.w.org\/{rel}","templated":true}]}}