{"id":455986,"date":"2023-10-08T21:30:48","date_gmt":"2023-10-08T20:30:48","guid":{"rendered":"https:\/\/madabouthorror.co.uk\/?post_type=product&#038;p=455986"},"modified":"2025-11-20T12:40:32","modified_gmt":"2025-11-20T12:40:32","slug":"5-ft-regan-animatronic-the-exorcist","status":"publish","type":"product","link":"https:\/\/madabouthorror.co.uk\/fr\/product\/5-ft-regan-animatronic-the-exorcist\/","title":{"rendered":"5 Ft Regan Animatronic - L'Exorciste"},"content":{"rendered":"<p style=\"font-weight: 400;\">Tournant la t\u00eate et l'image du d\u00e9mon se projette du dos de Regan !<\/p>\n<p style=\"font-weight: 400;\">Regan menait une vie normale en tant que jeune fille douce et pure de 12 ans \u00e0 Georgetown avec sa m\u00e8re, Chris. Apr\u00e8s des bruits inqui\u00e9tants venant de la maison et plusieurs \u00e9pisodes violents et bizarres de la part de Regan, Chris a su que quelque chose n'allait pas et \u00e9tait pr\u00eate \u00e0 tout pour trouver des r\u00e9ponses. Apr\u00e8s divers tests m\u00e9dicaux et \u00e9valuations de quiconque pourrait avoir des r\u00e9ponses, une chose \u00e9tait claire\u2026 Regan n'\u00e9tait plus Regan. Poss\u00e9d\u00e9e par un ancien d\u00e9mon, Regan parlait d\u00e9sormais un langage vulgaire, arborait diverses cicatrices et plaies sur son corps et pouvait se tordre de mani\u00e8re troublante. La seule r\u00e9ponse pour sauver cette fille de sa possession ? Un exorcisme.<\/p>\n<p style=\"font-weight: 400;\">L'animatronique de Regan ne manquera pas de faire sursauter tous les fans du film d'horreur L'Exorciste. Avec des mouvements de t\u00eate tournante d\u00e9rangeants, tout comme dans le film, et de v\u00e9ritables r\u00e9pliques audio du film, cet animatronique de Regan est le vrai d\u00e9fi. Mesurant un m\u00e8tre cinquante, vos invit\u00e9s seront tellement impressionn\u00e9s par l'effroi de votre pr\u00e9sentoir animatronique lorsqu'ils verront l'image effrayante illumin\u00e9e du d\u00e9mon qui la poss\u00e8de se projeter du dos de Regan.<\/p>\n<p style=\"font-weight: 400;\">Licence officielle<\/p>\n<p style=\"font-weight: 400;\">Produits Citations<\/p>\n<p style=\"font-weight: 400;\"><em>\u201c Quelle excellente journ\u00e9e pour un exorcisme. Cela nous rapprochera\u2026 toi et nous. (Cris et craquements d'os du cou pendant que la t\u00eate tourne) \u201d<\/em><\/p>\n<p style=\"font-weight: 400;\"><em>\u201c Je ne suis pas Regan\u2026 Je suis le Diable ! \u201d (Divers bruits d\u2019exorcisme) (craquement d\u2019os du cou \u201c \u00c7a br\u00fble, \u00e7a br\u00fble ! \u201d) alors que la t\u00eate se tourne.<\/em><\/p>\n<p style=\"font-weight: 400;\"><em>\u201c(Soupirs du diable) \u2026. Tu as tu\u00e9 ta m\u00e8re, tu l'as laiss\u00e9e mourir seule ! \u00c9loigne-toi, la cochonne est \u00e0 moi ! (Craquement de vert\u00e8bres alors que la t\u00eate tourne)<\/em><\/p>\n<p style=\"font-weight: 400;\"><em>\u201c Ta m\u00e8re est ici avec nous Karras. Veux-tu lui laisser un message ? Je veillerai \u00e0 ce qu'elle le re\u00e7oive \u201d (Le diable g\u00e9mit et on entend un craquement d'os alors que sa t\u00eate tourne)\u201d<\/em><\/p>\n<ul>\n<li style=\"font-weight: 400;\">Anim\u00e9<\/li>\n<li style=\"font-weight: 400;\">Capteur IR activ\u00e9<\/li>\n<li style=\"font-weight: 400;\">Compatible avec les marchepieds<\/li>\n<li style=\"font-weight: 400;\">Dimensions : 151,1 cm H x 55,9 cm L x 50,8 cm P<\/li>\n<\/ul>\n<div><b>Fourni avec un adaptateur secteur britannique<\/b>. <i>N'utilisez que l'adaptateur d'alimentation fourni, car les adaptateurs d'alimentation incorrects peuvent causer des dommages.<\/i><i><\/i><\/div>\n<div><\/div>\n<div><b>Pour le porche couvert ou l'int\u00e9rieur.<\/b> <i>Prot\u00e9ger des intemp\u00e9ries en cas d'utilisation \u00e0 l'ext\u00e9rieur et ne pas laisser \u00e0 l'ext\u00e9rieur pendant des p\u00e9riodes prolong\u00e9es.<\/i><\/div>\n<div><\/div>\n<div><b>A noter :<\/b><i> Ces accessoires ne sont pas recommand\u00e9s pour un usage commercial intensif, c'est-\u00e0-dire qu'ils ne doivent pas \u00eatre utilis\u00e9s pendant des p\u00e9riodes prolong\u00e9es, c'est-\u00e0-dire plusieurs jours d'affil\u00e9e. Ils sont con\u00e7us pour \u00eatre utilis\u00e9s \u00e0 l'occasion d'Halloween. Si vous avez des questions \u00e0 ce sujet, n'h\u00e9sitez pas \u00e0 les poser.<\/i><\/div>","protected":false},"excerpt":{"rendered":"<p>Tournant la t\u00eate et l'image du d\u00e9mon se projette du dos de Regan ! Regan menait une vie normale en tant que jeune fille douce et pure de 12 ans \u00e0 Georgetown avec sa m\u00e8re, Chris. Apr\u00e8s des bruits inqui\u00e9tants venant de la maison et plusieurs \u00e9pisodes violents et bizarres de Regan, Chris a su que quelque chose clochait et [\u2026]<\/p>","protected":false},"featured_media":494688,"comment_status":"closed","ping_status":"closed","template":"","meta":{"_acf_changed":false},"product_brand":[],"product_cat":[10068,10131,10110,10093,10094,6550,6547,6549,6963,9839,7050,7051,7054,7058,6797,6704],"product_tag":[9993],"class_list":{"0":"post-455986","1":"product","2":"type-product","3":"status-publish","4":"has-post-thumbnail","6":"product_cat-halloween-decorations-2025","7":"product_cat-halloween-gifts","8":"product_cat-us-imports","9":"product_cat-indoor-halloween-decorations","10":"product_cat-outdoor-halloween-decorations","11":"product_cat-graveyard-decorations","12":"product_cat-decorations","13":"product_cat-haunted-house","14":"product_cat-animatronics","15":"product_cat-spirit-halloween-animatronics","16":"product_cat-haunted-house-animatronics","17":"product_cat-graveyard-animatronics","18":"product_cat-movie-tv-props","19":"product_cat-ghosts-demons","20":"product_cat-spirit-halloween-uk-stockist","21":"product_cat-theexorcist","22":"product_tag-animatronics-imports","23":"product_shipping_class-props","25":"first","26":"outofstock","27":"taxable","28":"shipping-taxable","29":"purchasable","30":"product-type-simple"},"supplier_id":471382,"supplier_sku":"","barcode":"","atum_controlled":true,"out_stock_date":"2024-10-09 15:22:34","out_stock_threshold":null,"inheritable":false,"inbound_stock":0,"stock_on_hold":0,"sold_today":0,"sales_last_days":0,"reserved_stock":0,"customer_returns":0,"warehouse_damage":0,"lost_in_post":0,"other_logs":0,"out_stock_days":572,"lost_sales":0,"has_location":false,"update_date":"2026-05-05T01:15:24","atum_locations":[],"atum_stock_status":"outofstock","restock_status":false,"low_stock_amount":"","sales_update_date":"2026-05-05T01:15:22","calc_backorders":null,"acf":[],"yoast_head":"<!-- This site is optimized with the Yoast SEO plugin v27.5 - https:\/\/yoast.com\/product\/yoast-seo-wordpress\/ -->\n<title>5 Ft Regan Animatronic - The Exorcist | Mad About Horror<\/title>\n<meta name=\"description\" content=\"Spirit Halloween - UK stockist! Check out our huge range of animated Halloween props including Spirit Halloween, Home Depot, Lowes and much more! All available from Mad About Horror, the UK &amp; Europe&#039;s leading horror &amp; Halloween specialist.\" \/>\n<meta name=\"robots\" content=\"index, follow, max-snippet:-1, max-image-preview:large, max-video-preview:-1\" \/>\n<link rel=\"canonical\" href=\"https:\/\/madabouthorror.co.uk\/fr\/product\/5-ft-regan-animatronic-the-exorcist\/\" \/>\n<meta property=\"og:locale\" content=\"fr_FR\" \/>\n<meta property=\"og:type\" content=\"article\" \/>\n<meta property=\"og:title\" content=\"5 Ft Regan Animatronic - The Exorcist | Mad About Horror\" \/>\n<meta property=\"og:description\" content=\"Spirit Halloween - UK stockist! Check out our huge range of animated Halloween props including Spirit Halloween, Home Depot, Lowes and much more! All available from Mad About Horror, the UK &amp; Europe&#039;s leading horror &amp; Halloween specialist.\" \/>\n<meta property=\"og:url\" content=\"https:\/\/madabouthorror.co.uk\/fr\/product\/5-ft-regan-animatronic-the-exorcist\/\" \/>\n<meta property=\"og:site_name\" content=\"Mad About Horror\" \/>\n<meta property=\"article:publisher\" content=\"https:\/\/www.facebook.com\/madabouthorror\/\" \/>\n<meta property=\"article:modified_time\" content=\"2025-11-20T12:40:32+00:00\" \/>\n<meta property=\"og:image\" content=\"https:\/\/madabouthorror.co.uk\/wp-content\/uploads\/2023\/10\/spirit-halloween-regan-the-exorcist-animated-prop.jpg\" \/>\n\t<meta property=\"og:image:width\" content=\"1500\" \/>\n\t<meta property=\"og:image:height\" content=\"1500\" \/>\n\t<meta property=\"og:image:type\" content=\"image\/jpeg\" \/>\n<meta name=\"twitter:card\" content=\"summary_large_image\" \/>\n<meta name=\"twitter:label1\" content=\"Dur\u00e9e de lecture estim\u00e9e\" \/>\n\t<meta name=\"twitter:data1\" content=\"2 minutes\" \/>\n<script type=\"application\/ld+json\" class=\"yoast-schema-graph\">{\"@context\":\"https:\\\/\\\/schema.org\",\"@graph\":[{\"@type\":[\"WebPage\",\"ItemPage\"],\"@id\":\"https:\\\/\\\/madabouthorror.co.uk\\\/product\\\/5-ft-regan-animatronic-the-exorcist\\\/\",\"url\":\"https:\\\/\\\/madabouthorror.co.uk\\\/product\\\/5-ft-regan-animatronic-the-exorcist\\\/\",\"name\":\"5 Ft Regan Animatronic - The Exorcist | Mad About Horror\",\"isPartOf\":{\"@id\":\"https:\\\/\\\/madabouthorror.co.uk\\\/#website\"},\"primaryImageOfPage\":{\"@id\":\"https:\\\/\\\/madabouthorror.co.uk\\\/product\\\/5-ft-regan-animatronic-the-exorcist\\\/#primaryimage\"},\"image\":{\"@id\":\"https:\\\/\\\/madabouthorror.co.uk\\\/product\\\/5-ft-regan-animatronic-the-exorcist\\\/#primaryimage\"},\"thumbnailUrl\":\"https:\\\/\\\/madabouthorror.co.uk\\\/wp-content\\\/uploads\\\/2023\\\/10\\\/spirit-halloween-regan-the-exorcist-animated-prop.jpg\",\"datePublished\":\"2023-10-08T20:30:48+00:00\",\"dateModified\":\"2025-11-20T12:40:32+00:00\",\"description\":\"Spirit Halloween - UK stockist! Check out our huge range of animated Halloween props including Spirit Halloween, Home Depot, Lowes and much more! All available from Mad About Horror, the UK & Europe's leading horror & Halloween specialist.\",\"breadcrumb\":{\"@id\":\"https:\\\/\\\/madabouthorror.co.uk\\\/product\\\/5-ft-regan-animatronic-the-exorcist\\\/#breadcrumb\"},\"inLanguage\":\"fr-FR\",\"potentialAction\":[{\"@type\":\"ReadAction\",\"target\":[\"https:\\\/\\\/madabouthorror.co.uk\\\/product\\\/5-ft-regan-animatronic-the-exorcist\\\/\"]}]},{\"@type\":\"ImageObject\",\"inLanguage\":\"fr-FR\",\"@id\":\"https:\\\/\\\/madabouthorror.co.uk\\\/product\\\/5-ft-regan-animatronic-the-exorcist\\\/#primaryimage\",\"url\":\"https:\\\/\\\/madabouthorror.co.uk\\\/wp-content\\\/uploads\\\/2023\\\/10\\\/spirit-halloween-regan-the-exorcist-animated-prop.jpg\",\"contentUrl\":\"https:\\\/\\\/madabouthorror.co.uk\\\/wp-content\\\/uploads\\\/2023\\\/10\\\/spirit-halloween-regan-the-exorcist-animated-prop.jpg\",\"width\":1500,\"height\":1500},{\"@type\":\"BreadcrumbList\",\"@id\":\"https:\\\/\\\/madabouthorror.co.uk\\\/product\\\/5-ft-regan-animatronic-the-exorcist\\\/#breadcrumb\",\"itemListElement\":[{\"@type\":\"ListItem\",\"position\":1,\"name\":\"Shop\",\"item\":\"https:\\\/\\\/madabouthorror.co.uk\\\/shop\\\/\"},{\"@type\":\"ListItem\",\"position\":2,\"name\":\"5 Ft Regan Animatronic &#8211; The Exorcist\"}]},{\"@type\":\"WebSite\",\"@id\":\"https:\\\/\\\/madabouthorror.co.uk\\\/#website\",\"url\":\"https:\\\/\\\/madabouthorror.co.uk\\\/\",\"name\":\"Mad About Horror\",\"description\":\"\",\"publisher\":{\"@id\":\"https:\\\/\\\/madabouthorror.co.uk\\\/#organization\"},\"alternateName\":\"Mad About Horror Limited\",\"potentialAction\":[{\"@type\":\"SearchAction\",\"target\":{\"@type\":\"EntryPoint\",\"urlTemplate\":\"https:\\\/\\\/madabouthorror.co.uk\\\/?s={search_term_string}\"},\"query-input\":{\"@type\":\"PropertyValueSpecification\",\"valueRequired\":true,\"valueName\":\"search_term_string\"}}],\"inLanguage\":\"fr-FR\"},{\"@type\":\"Organization\",\"@id\":\"https:\\\/\\\/madabouthorror.co.uk\\\/#organization\",\"name\":\"Mad About Horror\",\"url\":\"https:\\\/\\\/madabouthorror.co.uk\\\/\",\"logo\":{\"@type\":\"ImageObject\",\"inLanguage\":\"fr-FR\",\"@id\":\"https:\\\/\\\/madabouthorror.co.uk\\\/#\\\/schema\\\/logo\\\/image\\\/\",\"url\":\"https:\\\/\\\/madabouthorror.co.uk\\\/wp-content\\\/uploads\\\/2024\\\/02\\\/cropped-Logo.png\",\"contentUrl\":\"https:\\\/\\\/madabouthorror.co.uk\\\/wp-content\\\/uploads\\\/2024\\\/02\\\/cropped-Logo.png\",\"width\":240,\"height\":88,\"caption\":\"Mad About Horror\"},\"image\":{\"@id\":\"https:\\\/\\\/madabouthorror.co.uk\\\/#\\\/schema\\\/logo\\\/image\\\/\"},\"sameAs\":[\"https:\\\/\\\/www.facebook.com\\\/madabouthorror\\\/\",\"https:\\\/\\\/www.instagram.com\\\/madabouthorror\\\/\",\"https:\\\/\\\/www.pinterest.co.uk\\\/madabouthorror\\\/\",\"https:\\\/\\\/www.youtube.com\\\/channel\\\/UCBooLOIxjoQ89dj6T5lWm_w\",\"https:\\\/\\\/www.tiktok.com\\\/@weremadabouthorror\"]}]}<\/script>\n<!-- \/ Yoast SEO plugin. -->","yoast_head_json":{"title":"5 Ft Regan Animatronique - L'Exorciste | Mad About Horror","description":"Spirit Halloween - Distributeur au Royaume-Uni ! D\u00e9couvrez notre vaste gamme d'accessoires anim\u00e9s pour Halloween, y compris Spirit Halloween, Home Depot, Lowes et bien plus encore ! Tous disponibles chez Mad About Horror, le plus grand sp\u00e9cialiste de l'horreur et de l'Halloween au Royaume-Uni et en Europe.","robots":{"index":"index","follow":"follow","max-snippet":"max-snippet:-1","max-image-preview":"max-image-preview:large","max-video-preview":"max-video-preview:-1"},"canonical":"https:\/\/madabouthorror.co.uk\/fr\/product\/5-ft-regan-animatronic-the-exorcist\/","og_locale":"fr_FR","og_type":"article","og_title":"5 Ft Regan Animatronic - The Exorcist | Mad About Horror","og_description":"Spirit Halloween - UK stockist! Check out our huge range of animated Halloween props including Spirit Halloween, Home Depot, Lowes and much more! All available from Mad About Horror, the UK & Europe's leading horror & Halloween specialist.","og_url":"https:\/\/madabouthorror.co.uk\/fr\/product\/5-ft-regan-animatronic-the-exorcist\/","og_site_name":"Mad About Horror","article_publisher":"https:\/\/www.facebook.com\/madabouthorror\/","article_modified_time":"2025-11-20T12:40:32+00:00","og_image":[{"width":1500,"height":1500,"url":"https:\/\/madabouthorror.co.uk\/wp-content\/uploads\/2023\/10\/spirit-halloween-regan-the-exorcist-animated-prop.jpg","type":"image\/jpeg"}],"twitter_card":"summary_large_image","twitter_misc":{"Dur\u00e9e de lecture estim\u00e9e":"2 minutes"},"schema":{"@context":"https:\/\/schema.org","@graph":[{"@type":["WebPage","ItemPage"],"@id":"https:\/\/madabouthorror.co.uk\/product\/5-ft-regan-animatronic-the-exorcist\/","url":"https:\/\/madabouthorror.co.uk\/product\/5-ft-regan-animatronic-the-exorcist\/","name":"5 Ft Regan Animatronique - L'Exorciste | Mad About Horror","isPartOf":{"@id":"https:\/\/madabouthorror.co.uk\/#website"},"primaryImageOfPage":{"@id":"https:\/\/madabouthorror.co.uk\/product\/5-ft-regan-animatronic-the-exorcist\/#primaryimage"},"image":{"@id":"https:\/\/madabouthorror.co.uk\/product\/5-ft-regan-animatronic-the-exorcist\/#primaryimage"},"thumbnailUrl":"https:\/\/madabouthorror.co.uk\/wp-content\/uploads\/2023\/10\/spirit-halloween-regan-the-exorcist-animated-prop.jpg","datePublished":"2023-10-08T20:30:48+00:00","dateModified":"2025-11-20T12:40:32+00:00","description":"Spirit Halloween - Distributeur au Royaume-Uni ! D\u00e9couvrez notre vaste gamme d'accessoires anim\u00e9s pour Halloween, y compris Spirit Halloween, Home Depot, Lowes et bien plus encore ! Tous disponibles chez Mad About Horror, le plus grand sp\u00e9cialiste de l'horreur et de l'Halloween au Royaume-Uni et en Europe.","breadcrumb":{"@id":"https:\/\/madabouthorror.co.uk\/product\/5-ft-regan-animatronic-the-exorcist\/#breadcrumb"},"inLanguage":"fr-FR","potentialAction":[{"@type":"ReadAction","target":["https:\/\/madabouthorror.co.uk\/product\/5-ft-regan-animatronic-the-exorcist\/"]}]},{"@type":"ImageObject","inLanguage":"fr-FR","@id":"https:\/\/madabouthorror.co.uk\/product\/5-ft-regan-animatronic-the-exorcist\/#primaryimage","url":"https:\/\/madabouthorror.co.uk\/wp-content\/uploads\/2023\/10\/spirit-halloween-regan-the-exorcist-animated-prop.jpg","contentUrl":"https:\/\/madabouthorror.co.uk\/wp-content\/uploads\/2023\/10\/spirit-halloween-regan-the-exorcist-animated-prop.jpg","width":1500,"height":1500},{"@type":"BreadcrumbList","@id":"https:\/\/madabouthorror.co.uk\/product\/5-ft-regan-animatronic-the-exorcist\/#breadcrumb","itemListElement":[{"@type":"ListItem","position":1,"name":"Shop","item":"https:\/\/madabouthorror.co.uk\/shop\/"},{"@type":"ListItem","position":2,"name":"5 Ft Regan Animatronic &#8211; The Exorcist"}]},{"@type":"WebSite","@id":"https:\/\/madabouthorror.co.uk\/#website","url":"https:\/\/madabouthorror.co.uk\/","name":"L'horreur en folie","description":"","publisher":{"@id":"https:\/\/madabouthorror.co.uk\/#organization"},"alternateName":"Mad About Horror Limited","potentialAction":[{"@type":"SearchAction","target":{"@type":"EntryPoint","urlTemplate":"https:\/\/madabouthorror.co.uk\/?s={search_term_string}"},"query-input":{"@type":"PropertyValueSpecification","valueRequired":true,"valueName":"search_term_string"}}],"inLanguage":"fr-FR"},{"@type":"Organization","@id":"https:\/\/madabouthorror.co.uk\/#organization","name":"L'horreur en folie","url":"https:\/\/madabouthorror.co.uk\/","logo":{"@type":"ImageObject","inLanguage":"fr-FR","@id":"https:\/\/madabouthorror.co.uk\/#\/schema\/logo\/image\/","url":"https:\/\/madabouthorror.co.uk\/wp-content\/uploads\/2024\/02\/cropped-Logo.png","contentUrl":"https:\/\/madabouthorror.co.uk\/wp-content\/uploads\/2024\/02\/cropped-Logo.png","width":240,"height":88,"caption":"Mad About Horror"},"image":{"@id":"https:\/\/madabouthorror.co.uk\/#\/schema\/logo\/image\/"},"sameAs":["https:\/\/www.facebook.com\/madabouthorror\/","https:\/\/www.instagram.com\/madabouthorror\/","https:\/\/www.pinterest.co.uk\/madabouthorror\/","https:\/\/www.youtube.com\/channel\/UCBooLOIxjoQ89dj6T5lWm_w","https:\/\/www.tiktok.com\/@weremadabouthorror"]}]}},"df_price":549.95,"df_sale_price":"","df_regular_price":549.95,"df_image_link":"https:\/\/madabouthorror.co.uk\/wp-content\/uploads\/2023\/10\/spirit-halloween-regan-the-exorcist-animated-prop-300x300.jpg","_links":{"self":[{"href":"https:\/\/madabouthorror.co.uk\/fr\/wp-json\/wp\/v2\/product\/455986","targetHints":{"allow":["GET"]}}],"collection":[{"href":"https:\/\/madabouthorror.co.uk\/fr\/wp-json\/wp\/v2\/product"}],"about":[{"href":"https:\/\/madabouthorror.co.uk\/fr\/wp-json\/wp\/v2\/types\/product"}],"replies":[{"embeddable":true,"href":"https:\/\/madabouthorror.co.uk\/fr\/wp-json\/wp\/v2\/comments?post=455986"}],"wp:featuredmedia":[{"embeddable":true,"href":"https:\/\/madabouthorror.co.uk\/fr\/wp-json\/wp\/v2\/media\/494688"}],"wp:attachment":[{"href":"https:\/\/madabouthorror.co.uk\/fr\/wp-json\/wp\/v2\/media?parent=455986"}],"wp:term":[{"taxonomy":"product_brand","embeddable":true,"href":"https:\/\/madabouthorror.co.uk\/fr\/wp-json\/wp\/v2\/product_brand?post=455986"},{"taxonomy":"product_cat","embeddable":true,"href":"https:\/\/madabouthorror.co.uk\/fr\/wp-json\/wp\/v2\/product_cat?post=455986"},{"taxonomy":"product_tag","embeddable":true,"href":"https:\/\/madabouthorror.co.uk\/fr\/wp-json\/wp\/v2\/product_tag?post=455986"}],"curies":[{"name":"wp","href":"https:\/\/api.w.org\/{rel}","templated":true}]}}