{"id":45652,"date":"2020-08-24T09:04:00","date_gmt":"2020-08-24T08:04:00","guid":{"rendered":"https:\/\/mah.6bdv.ws\/product\/gremlins-flasher-gremlin-puppet-prop\/"},"modified":"2026-04-20T14:53:54","modified_gmt":"2026-04-20T13:53:54","slug":"gremlins-flasher-gremlin-puppet-prop","status":"publish","type":"product","link":"https:\/\/madabouthorror.co.uk\/fr\/product\/gremlins-flasher-gremlin-puppet-prop\/","title":{"rendered":"Gremlins Flasher Gremlin Puppet Prop"},"content":{"rendered":"<p>Plongez dans le monde espi\u00e8gle des Gremlins avec la marionnette-accessoire Flasher Gremlins sous licence officielle de Trick or Treat Studios. Con\u00e7ue par Russ Lukich, cette remarquable marionnette est fabriqu\u00e9e avec une attention m\u00e9ticuleuse aux d\u00e9tails, en se r\u00e9f\u00e9rant \u00e0 un moule original de Stripe pour plus d'authenticit\u00e9. Chaque aspect de Flasher, de ses dimensions \u00e0 sa robe et ses lunettes, est fid\u00e8lement recr\u00e9\u00e9 dans cette incroyable marionnette.<\/p>\n<p>La manipulation de la marionnette est facilit\u00e9e par une ouverture dans le dos, vous permettant de bouger la t\u00eate et la bouche pour plus d'interactions ludiques. Mettez la main sur cette marionnette du Vil Flasher, ce qui vous rapprochera le plus possible du v\u00e9ritable et espi\u00e8gle Flasher des Gremlins. Commandez d\u00e8s maintenant et apportez une touche de chaos \u00e0 votre collection.<\/p>\n<p><strong>D\u00e9tails :<\/strong><\/p>\n<ul>\n<li>Hauteur (du haut des oreilles aux orteils) : 28 pouces<\/li>\n<li>Largeur (d'une main \u00e0 l'autre) : 24 pouces<\/li>\n<li>Profondeur : (de la poitrine au dos) 10 pouces<\/li>\n<\/ul>\n<p><em>GREMLINS et tous les personnages et \u00e9l\u00e9ments associ\u00e9s \u00a9 &amp; TM Warner Bros. Entertainment Inc.<\/em><\/p>","protected":false},"excerpt":{"rendered":"<p>Plongez dans le monde malicieux des Gremlins avec la marionnette d\u00e9corative Flasher Gremlins sous licence officielle de Trick or Treat Studios. Cr\u00e9\u00e9e par Russ Lukich, cette remarquable marionnette est con\u00e7ue avec un souci m\u00e9ticuleux du d\u00e9tail, se r\u00e9f\u00e9rant \u00e0 une forme originale de Stripe pour l'authenticit\u00e9. Chaque aspect de Flasher, de ses dimensions \u00e0 sa robe et ses lunettes, est fid\u00e8lement [\u2026]<\/p>","protected":false},"featured_media":45651,"comment_status":"closed","ping_status":"closed","template":"","meta":{"_acf_changed":false},"product_brand":[],"product_cat":[10130,10151,9893,10093,9946,6537,10107,10038,6547,6728,9919,6792,6659],"product_tag":[],"class_list":{"0":"post-45652","1":"product","2":"type-product","3":"status-publish","4":"has-post-thumbnail","6":"product_cat-top-50-gifts","7":"product_cat-trick-or-treat-studios-props-neca-figures","8":"product_cat-christmas-decorations","9":"product_cat-indoor-halloween-decorations","10":"product_cat-replica-dolls","11":"product_cat-collectibles","12":"product_cat-licensed-halloween-decorations","13":"product_cat-horror-gifts","14":"product_cat-decorations","15":"product_cat-premium","16":"product_cat-christmas","17":"product_cat-trick-or-treat-studios","18":"product_cat-gremlins","20":"first","21":"outofstock","22":"taxable","23":"shipping-taxable","24":"purchasable","25":"product-type-simple"},"supplier_id":471030,"supplier_sku":"RLWB108","barcode":"811501035572","atum_controlled":true,"out_stock_date":"2026-01-26 08:25:15","out_stock_threshold":null,"inheritable":false,"inbound_stock":6,"stock_on_hold":0,"sold_today":0,"sales_last_days":0,"reserved_stock":0,"customer_returns":0,"warehouse_damage":0,"lost_in_post":0,"other_logs":0,"out_stock_days":95,"lost_sales":4342,"has_location":false,"update_date":"2026-05-02T01:31:45","atum_locations":[],"atum_stock_status":"outofstock","restock_status":false,"low_stock_amount":3,"sales_update_date":"2026-05-02T01:31:44","calc_backorders":null,"acf":[],"yoast_head":"<!-- This site is optimized with the Yoast SEO plugin v27.5 - https:\/\/yoast.com\/product\/yoast-seo-wordpress\/ -->\n<title>Gremlins Flasher Gremlin Puppet Prop | Trick or Treat Studios<\/title>\n<meta name=\"description\" content=\"Gremlins Flasher Gremlin Puppet Prop Official UK Stockist of Trick or Treat Studios. Shop Horror Collectibles now. UK Stock, Fast Delivery.\" \/>\n<meta name=\"robots\" content=\"index, follow, max-snippet:-1, max-image-preview:large, max-video-preview:-1\" \/>\n<link rel=\"canonical\" href=\"https:\/\/madabouthorror.co.uk\/fr\/product\/gremlins-flasher-gremlin-puppet-prop\/\" \/>\n<meta property=\"og:locale\" content=\"fr_FR\" \/>\n<meta property=\"og:type\" content=\"article\" \/>\n<meta property=\"og:title\" content=\"Gremlins Flasher Gremlin Puppet Prop | Trick or Treat Studios\" \/>\n<meta property=\"og:description\" content=\"Gremlins Flasher Gremlin Puppet Prop Official UK Stockist of Trick or Treat Studios. Shop Horror Collectibles now. UK Stock, Fast Delivery.\" \/>\n<meta property=\"og:url\" content=\"https:\/\/madabouthorror.co.uk\/fr\/product\/gremlins-flasher-gremlin-puppet-prop\/\" \/>\n<meta property=\"og:site_name\" content=\"Mad About Horror\" \/>\n<meta property=\"article:publisher\" content=\"https:\/\/www.facebook.com\/madabouthorror\/\" \/>\n<meta property=\"article:modified_time\" content=\"2026-04-20T13:53:54+00:00\" \/>\n<meta property=\"og:image\" content=\"https:\/\/madabouthorror.co.uk\/wp-content\/uploads\/2020\/08\/flasher_gremlin_prop_tots_1.jpg\" \/>\n\t<meta property=\"og:image:width\" content=\"670\" \/>\n\t<meta property=\"og:image:height\" content=\"670\" \/>\n\t<meta property=\"og:image:type\" content=\"image\/jpeg\" \/>\n<meta name=\"twitter:card\" content=\"summary_large_image\" \/>\n<meta name=\"twitter:label1\" content=\"Dur\u00e9e de lecture estim\u00e9e\" \/>\n\t<meta name=\"twitter:data1\" content=\"1 minute\" \/>\n<script type=\"application\/ld+json\" class=\"yoast-schema-graph\">{\"@context\":\"https:\\\/\\\/schema.org\",\"@graph\":[{\"@type\":[\"WebPage\",\"ItemPage\"],\"@id\":\"https:\\\/\\\/madabouthorror.co.uk\\\/product\\\/gremlins-flasher-gremlin-puppet-prop\\\/\",\"url\":\"https:\\\/\\\/madabouthorror.co.uk\\\/product\\\/gremlins-flasher-gremlin-puppet-prop\\\/\",\"name\":\"Gremlins Flasher Gremlin Puppet Prop | Trick or Treat Studios\",\"isPartOf\":{\"@id\":\"https:\\\/\\\/madabouthorror.co.uk\\\/#website\"},\"primaryImageOfPage\":{\"@id\":\"https:\\\/\\\/madabouthorror.co.uk\\\/product\\\/gremlins-flasher-gremlin-puppet-prop\\\/#primaryimage\"},\"image\":{\"@id\":\"https:\\\/\\\/madabouthorror.co.uk\\\/product\\\/gremlins-flasher-gremlin-puppet-prop\\\/#primaryimage\"},\"thumbnailUrl\":\"https:\\\/\\\/madabouthorror.co.uk\\\/wp-content\\\/uploads\\\/2020\\\/08\\\/flasher_gremlin_prop_tots_1.jpg\",\"datePublished\":\"2020-08-24T08:04:00+00:00\",\"dateModified\":\"2026-04-20T13:53:54+00:00\",\"description\":\"Gremlins Flasher Gremlin Puppet Prop Official UK Stockist of Trick or Treat Studios. Shop Horror Collectibles now. UK Stock, Fast Delivery.\",\"breadcrumb\":{\"@id\":\"https:\\\/\\\/madabouthorror.co.uk\\\/product\\\/gremlins-flasher-gremlin-puppet-prop\\\/#breadcrumb\"},\"inLanguage\":\"fr-FR\",\"potentialAction\":[{\"@type\":\"ReadAction\",\"target\":[\"https:\\\/\\\/madabouthorror.co.uk\\\/product\\\/gremlins-flasher-gremlin-puppet-prop\\\/\"]}]},{\"@type\":\"ImageObject\",\"inLanguage\":\"fr-FR\",\"@id\":\"https:\\\/\\\/madabouthorror.co.uk\\\/product\\\/gremlins-flasher-gremlin-puppet-prop\\\/#primaryimage\",\"url\":\"https:\\\/\\\/madabouthorror.co.uk\\\/wp-content\\\/uploads\\\/2020\\\/08\\\/flasher_gremlin_prop_tots_1.jpg\",\"contentUrl\":\"https:\\\/\\\/madabouthorror.co.uk\\\/wp-content\\\/uploads\\\/2020\\\/08\\\/flasher_gremlin_prop_tots_1.jpg\",\"width\":670,\"height\":670,\"caption\":\"Gremlins Flasher Gremlin Puppet Prop-0\"},{\"@type\":\"BreadcrumbList\",\"@id\":\"https:\\\/\\\/madabouthorror.co.uk\\\/product\\\/gremlins-flasher-gremlin-puppet-prop\\\/#breadcrumb\",\"itemListElement\":[{\"@type\":\"ListItem\",\"position\":1,\"name\":\"Shop\",\"item\":\"https:\\\/\\\/madabouthorror.co.uk\\\/shop\\\/\"},{\"@type\":\"ListItem\",\"position\":2,\"name\":\"Gremlins Flasher Gremlin Puppet Prop\"}]},{\"@type\":\"WebSite\",\"@id\":\"https:\\\/\\\/madabouthorror.co.uk\\\/#website\",\"url\":\"https:\\\/\\\/madabouthorror.co.uk\\\/\",\"name\":\"Mad About Horror\",\"description\":\"\",\"publisher\":{\"@id\":\"https:\\\/\\\/madabouthorror.co.uk\\\/#organization\"},\"alternateName\":\"Mad About Horror Limited\",\"potentialAction\":[{\"@type\":\"SearchAction\",\"target\":{\"@type\":\"EntryPoint\",\"urlTemplate\":\"https:\\\/\\\/madabouthorror.co.uk\\\/?s={search_term_string}\"},\"query-input\":{\"@type\":\"PropertyValueSpecification\",\"valueRequired\":true,\"valueName\":\"search_term_string\"}}],\"inLanguage\":\"fr-FR\"},{\"@type\":\"Organization\",\"@id\":\"https:\\\/\\\/madabouthorror.co.uk\\\/#organization\",\"name\":\"Mad About Horror\",\"url\":\"https:\\\/\\\/madabouthorror.co.uk\\\/\",\"logo\":{\"@type\":\"ImageObject\",\"inLanguage\":\"fr-FR\",\"@id\":\"https:\\\/\\\/madabouthorror.co.uk\\\/#\\\/schema\\\/logo\\\/image\\\/\",\"url\":\"https:\\\/\\\/madabouthorror.co.uk\\\/wp-content\\\/uploads\\\/2024\\\/02\\\/cropped-Logo.png\",\"contentUrl\":\"https:\\\/\\\/madabouthorror.co.uk\\\/wp-content\\\/uploads\\\/2024\\\/02\\\/cropped-Logo.png\",\"width\":240,\"height\":88,\"caption\":\"Mad About Horror\"},\"image\":{\"@id\":\"https:\\\/\\\/madabouthorror.co.uk\\\/#\\\/schema\\\/logo\\\/image\\\/\"},\"sameAs\":[\"https:\\\/\\\/www.facebook.com\\\/madabouthorror\\\/\",\"https:\\\/\\\/www.instagram.com\\\/madabouthorror\\\/\",\"https:\\\/\\\/www.pinterest.co.uk\\\/madabouthorror\\\/\",\"https:\\\/\\\/www.youtube.com\\\/channel\\\/UCBooLOIxjoQ89dj6T5lWm_w\",\"https:\\\/\\\/www.tiktok.com\\\/@weremadabouthorror\"]}]}<\/script>\n<!-- \/ Yoast SEO plugin. -->","yoast_head_json":{"title":"Marionnette Gremlin Flasher Gremlins | Trick or Treat Studios","description":"Gremlins Flasher Gremlin Marionnette Accessoire Revendeur Officiel Trick or Treat Studios au Royaume-Uni. Achetez des objets de collection d'horreur maintenant. Stock UK, Livraison Rapide.","robots":{"index":"index","follow":"follow","max-snippet":"max-snippet:-1","max-image-preview":"max-image-preview:large","max-video-preview":"max-video-preview:-1"},"canonical":"https:\/\/madabouthorror.co.uk\/fr\/product\/gremlins-flasher-gremlin-puppet-prop\/","og_locale":"fr_FR","og_type":"article","og_title":"Gremlins Flasher Gremlin Puppet Prop | Trick or Treat Studios","og_description":"Gremlins Flasher Gremlin Puppet Prop Official UK Stockist of Trick or Treat Studios. Shop Horror Collectibles now. UK Stock, Fast Delivery.","og_url":"https:\/\/madabouthorror.co.uk\/fr\/product\/gremlins-flasher-gremlin-puppet-prop\/","og_site_name":"Mad About Horror","article_publisher":"https:\/\/www.facebook.com\/madabouthorror\/","article_modified_time":"2026-04-20T13:53:54+00:00","og_image":[{"width":670,"height":670,"url":"https:\/\/madabouthorror.co.uk\/wp-content\/uploads\/2020\/08\/flasher_gremlin_prop_tots_1.jpg","type":"image\/jpeg"}],"twitter_card":"summary_large_image","twitter_misc":{"Dur\u00e9e de lecture estim\u00e9e":"1 minute"},"schema":{"@context":"https:\/\/schema.org","@graph":[{"@type":["WebPage","ItemPage"],"@id":"https:\/\/madabouthorror.co.uk\/product\/gremlins-flasher-gremlin-puppet-prop\/","url":"https:\/\/madabouthorror.co.uk\/product\/gremlins-flasher-gremlin-puppet-prop\/","name":"Marionnette Gremlin Flasher Gremlins | Trick or Treat Studios","isPartOf":{"@id":"https:\/\/madabouthorror.co.uk\/#website"},"primaryImageOfPage":{"@id":"https:\/\/madabouthorror.co.uk\/product\/gremlins-flasher-gremlin-puppet-prop\/#primaryimage"},"image":{"@id":"https:\/\/madabouthorror.co.uk\/product\/gremlins-flasher-gremlin-puppet-prop\/#primaryimage"},"thumbnailUrl":"https:\/\/madabouthorror.co.uk\/wp-content\/uploads\/2020\/08\/flasher_gremlin_prop_tots_1.jpg","datePublished":"2020-08-24T08:04:00+00:00","dateModified":"2026-04-20T13:53:54+00:00","description":"Gremlins Flasher Gremlin Marionnette Accessoire Revendeur Officiel Trick or Treat Studios au Royaume-Uni. Achetez des objets de collection d'horreur maintenant. Stock UK, Livraison Rapide.","breadcrumb":{"@id":"https:\/\/madabouthorror.co.uk\/product\/gremlins-flasher-gremlin-puppet-prop\/#breadcrumb"},"inLanguage":"fr-FR","potentialAction":[{"@type":"ReadAction","target":["https:\/\/madabouthorror.co.uk\/product\/gremlins-flasher-gremlin-puppet-prop\/"]}]},{"@type":"ImageObject","inLanguage":"fr-FR","@id":"https:\/\/madabouthorror.co.uk\/product\/gremlins-flasher-gremlin-puppet-prop\/#primaryimage","url":"https:\/\/madabouthorror.co.uk\/wp-content\/uploads\/2020\/08\/flasher_gremlin_prop_tots_1.jpg","contentUrl":"https:\/\/madabouthorror.co.uk\/wp-content\/uploads\/2020\/08\/flasher_gremlin_prop_tots_1.jpg","width":670,"height":670,"caption":"Gremlins Flasher Gremlin Puppet Prop-0"},{"@type":"BreadcrumbList","@id":"https:\/\/madabouthorror.co.uk\/product\/gremlins-flasher-gremlin-puppet-prop\/#breadcrumb","itemListElement":[{"@type":"ListItem","position":1,"name":"Shop","item":"https:\/\/madabouthorror.co.uk\/shop\/"},{"@type":"ListItem","position":2,"name":"Gremlins Flasher Gremlin Puppet Prop"}]},{"@type":"WebSite","@id":"https:\/\/madabouthorror.co.uk\/#website","url":"https:\/\/madabouthorror.co.uk\/","name":"L'horreur en folie","description":"","publisher":{"@id":"https:\/\/madabouthorror.co.uk\/#organization"},"alternateName":"Mad About Horror Limited","potentialAction":[{"@type":"SearchAction","target":{"@type":"EntryPoint","urlTemplate":"https:\/\/madabouthorror.co.uk\/?s={search_term_string}"},"query-input":{"@type":"PropertyValueSpecification","valueRequired":true,"valueName":"search_term_string"}}],"inLanguage":"fr-FR"},{"@type":"Organization","@id":"https:\/\/madabouthorror.co.uk\/#organization","name":"L'horreur en folie","url":"https:\/\/madabouthorror.co.uk\/","logo":{"@type":"ImageObject","inLanguage":"fr-FR","@id":"https:\/\/madabouthorror.co.uk\/#\/schema\/logo\/image\/","url":"https:\/\/madabouthorror.co.uk\/wp-content\/uploads\/2024\/02\/cropped-Logo.png","contentUrl":"https:\/\/madabouthorror.co.uk\/wp-content\/uploads\/2024\/02\/cropped-Logo.png","width":240,"height":88,"caption":"Mad About Horror"},"image":{"@id":"https:\/\/madabouthorror.co.uk\/#\/schema\/logo\/image\/"},"sameAs":["https:\/\/www.facebook.com\/madabouthorror\/","https:\/\/www.instagram.com\/madabouthorror\/","https:\/\/www.pinterest.co.uk\/madabouthorror\/","https:\/\/www.youtube.com\/channel\/UCBooLOIxjoQ89dj6T5lWm_w","https:\/\/www.tiktok.com\/@weremadabouthorror"]}]}},"df_price":319.95,"df_sale_price":"","df_regular_price":319.95,"df_image_link":"https:\/\/madabouthorror.co.uk\/wp-content\/uploads\/2020\/08\/flasher_gremlin_prop_tots_1-300x300.jpg","_links":{"self":[{"href":"https:\/\/madabouthorror.co.uk\/fr\/wp-json\/wp\/v2\/product\/45652","targetHints":{"allow":["GET"]}}],"collection":[{"href":"https:\/\/madabouthorror.co.uk\/fr\/wp-json\/wp\/v2\/product"}],"about":[{"href":"https:\/\/madabouthorror.co.uk\/fr\/wp-json\/wp\/v2\/types\/product"}],"replies":[{"embeddable":true,"href":"https:\/\/madabouthorror.co.uk\/fr\/wp-json\/wp\/v2\/comments?post=45652"}],"wp:featuredmedia":[{"embeddable":true,"href":"https:\/\/madabouthorror.co.uk\/fr\/wp-json\/wp\/v2\/media\/45651"}],"wp:attachment":[{"href":"https:\/\/madabouthorror.co.uk\/fr\/wp-json\/wp\/v2\/media?parent=45652"}],"wp:term":[{"taxonomy":"product_brand","embeddable":true,"href":"https:\/\/madabouthorror.co.uk\/fr\/wp-json\/wp\/v2\/product_brand?post=45652"},{"taxonomy":"product_cat","embeddable":true,"href":"https:\/\/madabouthorror.co.uk\/fr\/wp-json\/wp\/v2\/product_cat?post=45652"},{"taxonomy":"product_tag","embeddable":true,"href":"https:\/\/madabouthorror.co.uk\/fr\/wp-json\/wp\/v2\/product_tag?post=45652"}],"curies":[{"name":"wp","href":"https:\/\/api.w.org\/{rel}","templated":true}]}}