{"id":457355,"date":"2023-09-18T17:03:49","date_gmt":"2023-09-18T16:03:49","guid":{"rendered":"https:\/\/madabouthorror.co.uk\/?post_type=product&#038;p=457355"},"modified":"2026-04-02T09:41:00","modified_gmt":"2026-04-02T08:41:00","slug":"limited-edition-halloween-iii-season-of-the-witch-pumpkin-candy-pail","status":"publish","type":"product","link":"https:\/\/madabouthorror.co.uk\/fr\/product\/limited-edition-halloween-iii-season-of-the-witch-pumpkin-candy-pail\/","title":{"rendered":"Edition limit\u00e9e - Halloween 3 : Season Of The Witch - Seau \u00e0 bonbons citrouille"},"content":{"rendered":"<div>Donnez vie \u00e0 une ic\u00f4ne nostalgique de l'horreur avec le seau \u00e0 bonbons sous licence officielle Halloween III : Season of the Witch - Pumpkin de Trick or Treat Studios. Sculpt\u00e9 par Justin Mabry et Alexander Ray \u00e0 partir de plastique durable moul\u00e9 par soufflage, ce seau \u00e0 bonbons de 9\u2033 de haut ajoute une touche de style r\u00e9tro \u00e0 vos c\u00e9l\u00e9brations d'Halloween.<\/div>\n<div>\n<p>Que vous souhaitiez collectionner des friandises ou simplement enrichir votre collection de souvenirs d'horreur, le seau \u00e0 friandises de la sorci\u00e8re d'Halloween III est un must pour les fans du film classique. Pr\u00e9parez-vous \u00e0 embarquer pour un voyage nostalgique \u00e0 Halloween avec ce seau \u00e0 bonbons embl\u00e9matique. Le seau comporte des d\u00e9tails peints et une poign\u00e9e en plastique flexible, ce qui le rend parfait pour les visites.<span class=\"apple-converted-space\">\u00a0<\/span><\/p>\n<\/div>\n<div>\n<p><strong>D\u00e9tails :<\/strong><\/p>\n<\/div>\n<div>\n<ul>\n<li>Environ 9\u2033 de hauteur<\/li>\n<li>Licence officielle Universal Studios<\/li>\n<\/ul>\n<\/div>\n<p><em>\u00a9Universal City Studios LLC. Tous droits r\u00e9serv\u00e9s.<\/em><\/p>","protected":false},"excerpt":{"rendered":"<p>Donnez vie \u00e0 une ic\u00f4ne nostalgique de l'horreur avec le seau \u00e0 bonbons sous licence officielle Halloween III : Season of the Witch - Pumpkin de Trick or Treat Studios. Sculpt\u00e9 par Justin Mabry et Alexander Ray \u00e0 partir de plastique souffl\u00e9 durable, ce seau \u00e0 bonbons de 9\u2033 de haut ajoute une touche de style r\u00e9tro \u00e0 vos c\u00e9l\u00e9brations d'Halloween. Que vous soyez [...]<\/p>","protected":false},"featured_media":457356,"comment_status":"closed","ping_status":"closed","template":"","meta":{"_acf_changed":false},"product_brand":[],"product_cat":[10021,10117,10076,10041,6537,10038,6547,6552,9967,9924,6792,6660],"product_tag":[],"class_list":{"0":"post-457355","1":"product","2":"type-product","3":"status-publish","4":"has-post-thumbnail","6":"product_cat-candy-pails","7":"product_cat-halloween-essentials","8":"product_cat-replica-dolls-props","9":"product_cat-gifts-under-50","10":"product_cat-collectibles","11":"product_cat-horror-gifts","12":"product_cat-decorations","13":"product_cat-accessories","14":"product_cat-replica-props","15":"product_cat-trick-or-treat-studios-last-chance","16":"product_cat-trick-or-treat-studios","17":"product_cat-halloweenmichaelmyers","18":"product_shipping_class-small-parcel-economy-3-5-business-days","20":"first","21":"instock","22":"taxable","23":"shipping-taxable","24":"purchasable","25":"product-type-simple"},"supplier_id":471029,"supplier_sku":"TTUS214-D","barcode":"810116280773","atum_controlled":true,"out_stock_date":null,"out_stock_threshold":null,"inheritable":false,"inbound_stock":0,"stock_on_hold":0,"sold_today":0,"sales_last_days":0,"reserved_stock":0,"customer_returns":0,"warehouse_damage":0,"lost_in_post":0,"other_logs":0,"out_stock_days":0,"lost_sales":0,"has_location":false,"update_date":"2026-04-05T01:28:06","atum_locations":[],"atum_stock_status":"instock","restock_status":false,"low_stock_amount":"","sales_update_date":"2026-04-05T01:28:04","calc_backorders":null,"acf":[],"yoast_head":"<!-- This site is optimized with the Yoast SEO plugin v27.3 - https:\/\/yoast.com\/product\/yoast-seo-wordpress\/ -->\n<title>Halloween III: Season Of The Witch - Pumpkin Candy Pail<\/title>\n<meta name=\"description\" content=\"Limited edition Halloween 3: Season Of The Witch - Pumpkin candy pail from Trick or Treat Studios. Shop Horror collectibles and Halloween props.\" \/>\n<meta name=\"robots\" content=\"index, follow, max-snippet:-1, max-image-preview:large, max-video-preview:-1\" \/>\n<link rel=\"canonical\" href=\"https:\/\/madabouthorror.co.uk\/fr\/product\/limited-edition-halloween-iii-season-of-the-witch-pumpkin-candy-pail\/\" \/>\n<meta property=\"og:locale\" content=\"fr_FR\" \/>\n<meta property=\"og:type\" content=\"article\" \/>\n<meta property=\"og:title\" content=\"Halloween III: Season Of The Witch - Pumpkin Candy Pail\" \/>\n<meta property=\"og:description\" content=\"Limited edition Halloween 3: Season Of The Witch - Pumpkin candy pail from Trick or Treat Studios. Shop Horror collectibles and Halloween props.\" \/>\n<meta property=\"og:url\" content=\"https:\/\/madabouthorror.co.uk\/fr\/product\/limited-edition-halloween-iii-season-of-the-witch-pumpkin-candy-pail\/\" \/>\n<meta property=\"og:site_name\" content=\"Mad About Horror\" \/>\n<meta property=\"article:publisher\" content=\"https:\/\/www.facebook.com\/madabouthorror\/\" \/>\n<meta property=\"article:modified_time\" content=\"2026-04-02T08:41:00+00:00\" \/>\n<meta property=\"og:image\" content=\"https:\/\/madabouthorror.co.uk\/wp-content\/uploads\/2023\/09\/h3-candypails-pumpkin-glam_2048x.jpg\" \/>\n\t<meta property=\"og:image:width\" content=\"1500\" \/>\n\t<meta property=\"og:image:height\" content=\"1500\" \/>\n\t<meta property=\"og:image:type\" content=\"image\/jpeg\" \/>\n<meta name=\"twitter:card\" content=\"summary_large_image\" \/>\n<meta name=\"twitter:label1\" content=\"Dur\u00e9e de lecture estim\u00e9e\" \/>\n\t<meta name=\"twitter:data1\" content=\"1 minute\" \/>\n<script type=\"application\/ld+json\" class=\"yoast-schema-graph\">{\"@context\":\"https:\\\/\\\/schema.org\",\"@graph\":[{\"@type\":[\"WebPage\",\"ItemPage\"],\"@id\":\"https:\\\/\\\/madabouthorror.co.uk\\\/product\\\/limited-edition-halloween-iii-season-of-the-witch-pumpkin-candy-pail\\\/\",\"url\":\"https:\\\/\\\/madabouthorror.co.uk\\\/product\\\/limited-edition-halloween-iii-season-of-the-witch-pumpkin-candy-pail\\\/\",\"name\":\"Halloween III: Season Of The Witch - Pumpkin Candy Pail\",\"isPartOf\":{\"@id\":\"https:\\\/\\\/madabouthorror.co.uk\\\/#website\"},\"primaryImageOfPage\":{\"@id\":\"https:\\\/\\\/madabouthorror.co.uk\\\/product\\\/limited-edition-halloween-iii-season-of-the-witch-pumpkin-candy-pail\\\/#primaryimage\"},\"image\":{\"@id\":\"https:\\\/\\\/madabouthorror.co.uk\\\/product\\\/limited-edition-halloween-iii-season-of-the-witch-pumpkin-candy-pail\\\/#primaryimage\"},\"thumbnailUrl\":\"https:\\\/\\\/madabouthorror.co.uk\\\/wp-content\\\/uploads\\\/2023\\\/09\\\/h3-candypails-pumpkin-glam_2048x.jpg\",\"datePublished\":\"2023-09-18T16:03:49+00:00\",\"dateModified\":\"2026-04-02T08:41:00+00:00\",\"description\":\"Limited edition Halloween 3: Season Of The Witch - Pumpkin candy pail from Trick or Treat Studios. Shop Horror collectibles and Halloween props.\",\"breadcrumb\":{\"@id\":\"https:\\\/\\\/madabouthorror.co.uk\\\/product\\\/limited-edition-halloween-iii-season-of-the-witch-pumpkin-candy-pail\\\/#breadcrumb\"},\"inLanguage\":\"fr-FR\",\"potentialAction\":[{\"@type\":\"ReadAction\",\"target\":[\"https:\\\/\\\/madabouthorror.co.uk\\\/product\\\/limited-edition-halloween-iii-season-of-the-witch-pumpkin-candy-pail\\\/\"]}]},{\"@type\":\"ImageObject\",\"inLanguage\":\"fr-FR\",\"@id\":\"https:\\\/\\\/madabouthorror.co.uk\\\/product\\\/limited-edition-halloween-iii-season-of-the-witch-pumpkin-candy-pail\\\/#primaryimage\",\"url\":\"https:\\\/\\\/madabouthorror.co.uk\\\/wp-content\\\/uploads\\\/2023\\\/09\\\/h3-candypails-pumpkin-glam_2048x.jpg\",\"contentUrl\":\"https:\\\/\\\/madabouthorror.co.uk\\\/wp-content\\\/uploads\\\/2023\\\/09\\\/h3-candypails-pumpkin-glam_2048x.jpg\",\"width\":1500,\"height\":1500,\"caption\":\"Limited Edition - Halloween III: Season Of The Witch - Pumpkin Candy Pail\"},{\"@type\":\"BreadcrumbList\",\"@id\":\"https:\\\/\\\/madabouthorror.co.uk\\\/product\\\/limited-edition-halloween-iii-season-of-the-witch-pumpkin-candy-pail\\\/#breadcrumb\",\"itemListElement\":[{\"@type\":\"ListItem\",\"position\":1,\"name\":\"Shop\",\"item\":\"https:\\\/\\\/madabouthorror.co.uk\\\/shop\\\/\"},{\"@type\":\"ListItem\",\"position\":2,\"name\":\"Limited Edition &#8211; Halloween 3 : Season Of The Witch &#8211; Pumpkin Candy Pail\"}]},{\"@type\":\"WebSite\",\"@id\":\"https:\\\/\\\/madabouthorror.co.uk\\\/#website\",\"url\":\"https:\\\/\\\/madabouthorror.co.uk\\\/\",\"name\":\"Mad About Horror\",\"description\":\"\",\"publisher\":{\"@id\":\"https:\\\/\\\/madabouthorror.co.uk\\\/#organization\"},\"alternateName\":\"Mad About Horror Limited\",\"potentialAction\":[{\"@type\":\"SearchAction\",\"target\":{\"@type\":\"EntryPoint\",\"urlTemplate\":\"https:\\\/\\\/madabouthorror.co.uk\\\/?s={search_term_string}\"},\"query-input\":{\"@type\":\"PropertyValueSpecification\",\"valueRequired\":true,\"valueName\":\"search_term_string\"}}],\"inLanguage\":\"fr-FR\"},{\"@type\":\"Organization\",\"@id\":\"https:\\\/\\\/madabouthorror.co.uk\\\/#organization\",\"name\":\"Mad About Horror\",\"url\":\"https:\\\/\\\/madabouthorror.co.uk\\\/\",\"logo\":{\"@type\":\"ImageObject\",\"inLanguage\":\"fr-FR\",\"@id\":\"https:\\\/\\\/madabouthorror.co.uk\\\/#\\\/schema\\\/logo\\\/image\\\/\",\"url\":\"https:\\\/\\\/madabouthorror.co.uk\\\/wp-content\\\/uploads\\\/2024\\\/02\\\/cropped-Logo.png\",\"contentUrl\":\"https:\\\/\\\/madabouthorror.co.uk\\\/wp-content\\\/uploads\\\/2024\\\/02\\\/cropped-Logo.png\",\"width\":240,\"height\":88,\"caption\":\"Mad About Horror\"},\"image\":{\"@id\":\"https:\\\/\\\/madabouthorror.co.uk\\\/#\\\/schema\\\/logo\\\/image\\\/\"},\"sameAs\":[\"https:\\\/\\\/www.facebook.com\\\/madabouthorror\\\/\",\"https:\\\/\\\/www.instagram.com\\\/madabouthorror\\\/\",\"https:\\\/\\\/www.pinterest.co.uk\\\/madabouthorror\\\/\",\"https:\\\/\\\/www.youtube.com\\\/channel\\\/UCBooLOIxjoQ89dj6T5lWm_w\",\"https:\\\/\\\/www.tiktok.com\\\/@weremadabouthorror\"]}]}<\/script>\n<!-- \/ Yoast SEO plugin. -->","yoast_head_json":{"title":"Halloween III : Season Of The Witch - Seau \u00e0 bonbons en forme de citrouille","description":"\u00c9dition limit\u00e9e de Halloween 3 : Season Of The Witch - Seau \u00e0 bonbons en forme de citrouille de Trick or Treat Studios. Boutique d'objets de collection d'horreur et d'accessoires d'Halloween.","robots":{"index":"index","follow":"follow","max-snippet":"max-snippet:-1","max-image-preview":"max-image-preview:large","max-video-preview":"max-video-preview:-1"},"canonical":"https:\/\/madabouthorror.co.uk\/fr\/product\/limited-edition-halloween-iii-season-of-the-witch-pumpkin-candy-pail\/","og_locale":"fr_FR","og_type":"article","og_title":"Halloween III: Season Of The Witch - Pumpkin Candy Pail","og_description":"Limited edition Halloween 3: Season Of The Witch - Pumpkin candy pail from Trick or Treat Studios. Shop Horror collectibles and Halloween props.","og_url":"https:\/\/madabouthorror.co.uk\/fr\/product\/limited-edition-halloween-iii-season-of-the-witch-pumpkin-candy-pail\/","og_site_name":"Mad About Horror","article_publisher":"https:\/\/www.facebook.com\/madabouthorror\/","article_modified_time":"2026-04-02T08:41:00+00:00","og_image":[{"width":1500,"height":1500,"url":"https:\/\/madabouthorror.co.uk\/wp-content\/uploads\/2023\/09\/h3-candypails-pumpkin-glam_2048x.jpg","type":"image\/jpeg"}],"twitter_card":"summary_large_image","twitter_misc":{"Dur\u00e9e de lecture estim\u00e9e":"1 minute"},"schema":{"@context":"https:\/\/schema.org","@graph":[{"@type":["WebPage","ItemPage"],"@id":"https:\/\/madabouthorror.co.uk\/product\/limited-edition-halloween-iii-season-of-the-witch-pumpkin-candy-pail\/","url":"https:\/\/madabouthorror.co.uk\/product\/limited-edition-halloween-iii-season-of-the-witch-pumpkin-candy-pail\/","name":"Halloween III : Season Of The Witch - Seau \u00e0 bonbons en forme de citrouille","isPartOf":{"@id":"https:\/\/madabouthorror.co.uk\/#website"},"primaryImageOfPage":{"@id":"https:\/\/madabouthorror.co.uk\/product\/limited-edition-halloween-iii-season-of-the-witch-pumpkin-candy-pail\/#primaryimage"},"image":{"@id":"https:\/\/madabouthorror.co.uk\/product\/limited-edition-halloween-iii-season-of-the-witch-pumpkin-candy-pail\/#primaryimage"},"thumbnailUrl":"https:\/\/madabouthorror.co.uk\/wp-content\/uploads\/2023\/09\/h3-candypails-pumpkin-glam_2048x.jpg","datePublished":"2023-09-18T16:03:49+00:00","dateModified":"2026-04-02T08:41:00+00:00","description":"\u00c9dition limit\u00e9e de Halloween 3 : Season Of The Witch - Seau \u00e0 bonbons en forme de citrouille de Trick or Treat Studios. Boutique d'objets de collection d'horreur et d'accessoires d'Halloween.","breadcrumb":{"@id":"https:\/\/madabouthorror.co.uk\/product\/limited-edition-halloween-iii-season-of-the-witch-pumpkin-candy-pail\/#breadcrumb"},"inLanguage":"fr-FR","potentialAction":[{"@type":"ReadAction","target":["https:\/\/madabouthorror.co.uk\/product\/limited-edition-halloween-iii-season-of-the-witch-pumpkin-candy-pail\/"]}]},{"@type":"ImageObject","inLanguage":"fr-FR","@id":"https:\/\/madabouthorror.co.uk\/product\/limited-edition-halloween-iii-season-of-the-witch-pumpkin-candy-pail\/#primaryimage","url":"https:\/\/madabouthorror.co.uk\/wp-content\/uploads\/2023\/09\/h3-candypails-pumpkin-glam_2048x.jpg","contentUrl":"https:\/\/madabouthorror.co.uk\/wp-content\/uploads\/2023\/09\/h3-candypails-pumpkin-glam_2048x.jpg","width":1500,"height":1500,"caption":"Limited Edition - Halloween III: Season Of The Witch - Pumpkin Candy Pail"},{"@type":"BreadcrumbList","@id":"https:\/\/madabouthorror.co.uk\/product\/limited-edition-halloween-iii-season-of-the-witch-pumpkin-candy-pail\/#breadcrumb","itemListElement":[{"@type":"ListItem","position":1,"name":"Shop","item":"https:\/\/madabouthorror.co.uk\/shop\/"},{"@type":"ListItem","position":2,"name":"Limited Edition &#8211; Halloween 3 : Season Of The Witch &#8211; Pumpkin Candy Pail"}]},{"@type":"WebSite","@id":"https:\/\/madabouthorror.co.uk\/#website","url":"https:\/\/madabouthorror.co.uk\/","name":"L'horreur en folie","description":"","publisher":{"@id":"https:\/\/madabouthorror.co.uk\/#organization"},"alternateName":"Mad About Horror Limited","potentialAction":[{"@type":"SearchAction","target":{"@type":"EntryPoint","urlTemplate":"https:\/\/madabouthorror.co.uk\/?s={search_term_string}"},"query-input":{"@type":"PropertyValueSpecification","valueRequired":true,"valueName":"search_term_string"}}],"inLanguage":"fr-FR"},{"@type":"Organization","@id":"https:\/\/madabouthorror.co.uk\/#organization","name":"L'horreur en folie","url":"https:\/\/madabouthorror.co.uk\/","logo":{"@type":"ImageObject","inLanguage":"fr-FR","@id":"https:\/\/madabouthorror.co.uk\/#\/schema\/logo\/image\/","url":"https:\/\/madabouthorror.co.uk\/wp-content\/uploads\/2024\/02\/cropped-Logo.png","contentUrl":"https:\/\/madabouthorror.co.uk\/wp-content\/uploads\/2024\/02\/cropped-Logo.png","width":240,"height":88,"caption":"Mad About Horror"},"image":{"@id":"https:\/\/madabouthorror.co.uk\/#\/schema\/logo\/image\/"},"sameAs":["https:\/\/www.facebook.com\/madabouthorror\/","https:\/\/www.instagram.com\/madabouthorror\/","https:\/\/www.pinterest.co.uk\/madabouthorror\/","https:\/\/www.youtube.com\/channel\/UCBooLOIxjoQ89dj6T5lWm_w","https:\/\/www.tiktok.com\/@weremadabouthorror"]}]}},"df_price":46.83,"df_sale_price":"","df_regular_price":46.83,"df_image_link":"https:\/\/madabouthorror.co.uk\/wp-content\/uploads\/2023\/09\/h3-candypails-pumpkin-glam_2048x-300x300.jpg","_links":{"self":[{"href":"https:\/\/madabouthorror.co.uk\/fr\/wp-json\/wp\/v2\/product\/457355","targetHints":{"allow":["GET"]}}],"collection":[{"href":"https:\/\/madabouthorror.co.uk\/fr\/wp-json\/wp\/v2\/product"}],"about":[{"href":"https:\/\/madabouthorror.co.uk\/fr\/wp-json\/wp\/v2\/types\/product"}],"replies":[{"embeddable":true,"href":"https:\/\/madabouthorror.co.uk\/fr\/wp-json\/wp\/v2\/comments?post=457355"}],"wp:featuredmedia":[{"embeddable":true,"href":"https:\/\/madabouthorror.co.uk\/fr\/wp-json\/wp\/v2\/media\/457356"}],"wp:attachment":[{"href":"https:\/\/madabouthorror.co.uk\/fr\/wp-json\/wp\/v2\/media?parent=457355"}],"wp:term":[{"taxonomy":"product_brand","embeddable":true,"href":"https:\/\/madabouthorror.co.uk\/fr\/wp-json\/wp\/v2\/product_brand?post=457355"},{"taxonomy":"product_cat","embeddable":true,"href":"https:\/\/madabouthorror.co.uk\/fr\/wp-json\/wp\/v2\/product_cat?post=457355"},{"taxonomy":"product_tag","embeddable":true,"href":"https:\/\/madabouthorror.co.uk\/fr\/wp-json\/wp\/v2\/product_tag?post=457355"}],"curies":[{"name":"wp","href":"https:\/\/api.w.org\/{rel}","templated":true}]}}