{"id":457672,"date":"2023-09-20T12:01:16","date_gmt":"2023-09-20T11:01:16","guid":{"rendered":"https:\/\/madabouthorror.co.uk\/?post_type=product&#038;p=457672"},"modified":"2026-04-30T12:04:27","modified_gmt":"2026-04-30T11:04:27","slug":"soul-stealer-animated-halloween-prop","status":"publish","type":"product","link":"https:\/\/madabouthorror.co.uk\/fr\/product\/soul-stealer-animated-halloween-prop\/","title":{"rendered":"Propulseur d'\u00e2mes anim\u00e9 pour l'Halloween"},"content":{"rendered":"<p>Cet animatronique spectaculaire de 7 pieds, le Faucheur d'\u00c2mes Fant\u00f4me, sera sensationnel lors de votre prochaine f\u00eate d'Halloween hant\u00e9e !<\/p>\n<p>Ce spectre animatronique effrayant et mena\u00e7ant pivote de gauche \u00e0 droite de la taille et lit dans son Livre des Morts tandis que son bras gauche bouge et que sa t\u00eate \u00e0 m\u00e2choire mobile prononce plusieurs phrases terrifiantes.<\/p>\n<p>Des yeux \u00e0 LED rouges regardent d'une capuche sombre, et sa robe sombre et d\u00e9labr\u00e9e a des manches d\u00e9chiquet\u00e9es avec de longs morceaux de gaze vaporeux qui ondulent \u00e0 la moindre brise. Pendant qu'il parle, la pierre tombale d'apparence granit devant lui se fend en deux, semblant montrer un brouillard rouge\u00e2tre sortant de la tombe !<\/p>\n<p><b>Fourni avec un adaptateur secteur britannique<\/b>. <i>N'utilisez que l'adaptateur d'alimentation fourni, car les adaptateurs d'alimentation incorrects peuvent causer des dommages.<\/i><\/p>\n<div>\n<div><b>Pour le porche couvert ou l'int\u00e9rieur.<\/b> <i>Prot\u00e9ger des intemp\u00e9ries en cas d'utilisation \u00e0 l'ext\u00e9rieur et ne pas laisser \u00e0 l'ext\u00e9rieur pendant des p\u00e9riodes prolong\u00e9es.<\/i><\/div>\n<div><\/div>\n<div><b>A noter :<\/b><i> Ces accessoires ne sont pas recommand\u00e9s pour un usage commercial intensif, c'est-\u00e0-dire qu'ils ne doivent pas \u00eatre utilis\u00e9s pendant des p\u00e9riodes prolong\u00e9es, c'est-\u00e0-dire plusieurs jours d'affil\u00e9e. Ils sont con\u00e7us pour \u00eatre utilis\u00e9s \u00e0 l'occasion d'Halloween. Si vous avez des questions \u00e0 ce sujet, n'h\u00e9sitez pas \u00e0 les poser.<\/i><\/div>\n<\/div>\n<p><strong>Veuillez noter qu'une machine \u00e0 fum\u00e9e est n\u00e9cessaire pour que le Soul Stealer exhale de la fum\u00e9e. Celle-ci n'est pas incluse et est <span style=\"text-decoration: underline;\">PAS<\/span> DISPONIBLE \u00c0 L'ACHAT SUR LE SITE MAD ABOUT HORROR. <\/strong><\/p>\n<p><i>Vous trouverez ci-dessous, \u00e0 titre d'information, des indications sur les caract\u00e9ristiques des machines \u00e0 brouillard n\u00e9cessaires.<\/i><\/p>\n<p>Une machine \u00e0 brouillard peut \u00eatre fix\u00e9e \u00e0 l'accessoire \u00e0 l'aide du tuyau de brouillard et de l'adaptateur de g\u00e2chette fournis, mais elle DOIT r\u00e9pondre aux crit\u00e8res suivants.<\/p>\n<ul>\n<li>Puissance maximale de 400 watts.<\/li>\n<li>Diam\u00e8tre de la buse de sortie 40 mm ou 44 mm (le tuyau de brouillard est muni d'un collier int\u00e9rieur amovible)<\/li>\n<li>Entr\u00e9e de d\u00e9clenchement avec connecteur IEC m\u00e2le (connecteur de type Kettle).<\/li>\n<\/ul>\n<p>La machine \u00e0 fum\u00e9e DOIT \u00eatre utilis\u00e9e en mode d\u00e9clench\u00e9 \u00e0 l'aide du c\u00e2ble adaptateur de d\u00e9clenchement fourni avec l'accessoire.<\/p>\n<p>La machine \u00e0 fum\u00e9e NE DOIT PAS \u00eatre utilis\u00e9e en mode continu, car cela pourrait entra\u00eener une accumulation excessive de chaleur au niveau du connecteur du tuyau \u00e0 fum\u00e9e.<\/p>\n<div><\/div>\n<p>&nbsp;<\/p>","protected":false},"excerpt":{"rendered":"<p>Cet spectaculaire animatronique Fant\u00f4me D\u00e9voreur d'\u00c2mes de 7 pieds sera la star de votre prochaine f\u00eate d'Halloween effrayante ! Ce fant\u00f4me imposant et gla\u00e7ant bouge de la taille de gauche \u00e0 droite et lit dans son Livre des Morts tandis que son bras gauche bouge et que sa t\u00eate \u00e0 m\u00e2choire mobile prononce plusieurs phrases terrifiantes. Rouge [\u2026]<\/p>","protected":false},"featured_media":457677,"comment_status":"closed","ping_status":"closed","template":"","meta":{"_acf_changed":false},"product_brand":[],"product_cat":[10068,10131,10108,10125,10093,10094,6550,6547,6548,6963,7047,7051,8919],"product_tag":[],"class_list":{"0":"post-457672","1":"product","2":"type-product","3":"status-publish","4":"has-post-thumbnail","6":"product_cat-halloween-decorations-2025","7":"product_cat-halloween-gifts","8":"product_cat-light-up-halloween-decorations","9":"product_cat-tombstones","10":"product_cat-indoor-halloween-decorations","11":"product_cat-outdoor-halloween-decorations","12":"product_cat-graveyard-decorations","13":"product_cat-decorations","14":"product_cat-skeleton-decorations","15":"product_cat-animatronics","16":"product_cat-skeletons-reapers","17":"product_cat-graveyard-animatronics","18":"product_cat-pre-order-animatronics","19":"product_shipping_class-eu-bulky-prop","21":"first","22":"onbackorder","23":"taxable","24":"shipping-taxable","25":"purchasable","26":"product-type-simple"},"supplier_id":467908,"supplier_sku":"MR125150","barcode":"842445155668","atum_controlled":true,"out_stock_date":"2025-09-23 13:14:33","out_stock_threshold":null,"inheritable":false,"inbound_stock":6,"stock_on_hold":0,"sold_today":0,"sales_last_days":0,"reserved_stock":0,"customer_returns":0,"warehouse_damage":0,"lost_in_post":0,"other_logs":0,"out_stock_days":225,"lost_sales":15426,"has_location":false,"update_date":"2026-05-07T00:25:40","atum_locations":[],"atum_stock_status":"onbackorder","restock_status":false,"low_stock_amount":"","sales_update_date":"2026-05-07T00:25:39","calc_backorders":0,"acf":[],"yoast_head":"<!-- This site is optimized with the Yoast SEO plugin v27.5 - https:\/\/yoast.com\/product\/yoast-seo-wordpress\/ -->\n<title>Soul Stealer Animated Halloween Prop | Mad About Horror<\/title>\n<meta name=\"description\" content=\"Soul Stealer Phantom halloween Animatronic. Horror collectibles and Halloween props available from Madabouthorror, Europe\u2019s leading horror specialist.\" \/>\n<meta name=\"robots\" content=\"index, follow, max-snippet:-1, max-image-preview:large, max-video-preview:-1\" \/>\n<link rel=\"canonical\" href=\"https:\/\/madabouthorror.co.uk\/fr\/product\/soul-stealer-animated-halloween-prop\/\" \/>\n<meta property=\"og:locale\" content=\"fr_FR\" \/>\n<meta property=\"og:type\" content=\"article\" \/>\n<meta property=\"og:title\" content=\"Soul Stealer Animated Halloween Prop | Mad About Horror\" \/>\n<meta property=\"og:description\" content=\"Soul Stealer Phantom halloween Animatronic. Horror collectibles and Halloween props available from Madabouthorror, Europe\u2019s leading horror specialist.\" \/>\n<meta property=\"og:url\" content=\"https:\/\/madabouthorror.co.uk\/fr\/product\/soul-stealer-animated-halloween-prop\/\" \/>\n<meta property=\"og:site_name\" content=\"Mad About Horror\" \/>\n<meta property=\"article:publisher\" content=\"https:\/\/www.facebook.com\/madabouthorror\/\" \/>\n<meta property=\"article:modified_time\" content=\"2026-04-30T11:04:27+00:00\" \/>\n<meta property=\"og:image\" content=\"https:\/\/madabouthorror.co.uk\/wp-content\/uploads\/2023\/09\/7-ft-soul-stealer-animated-propmr125150-a01.jpeg\" \/>\n\t<meta property=\"og:image:width\" content=\"1500\" \/>\n\t<meta property=\"og:image:height\" content=\"1500\" \/>\n\t<meta property=\"og:image:type\" content=\"image\/jpeg\" \/>\n<meta name=\"twitter:card\" content=\"summary_large_image\" \/>\n<meta name=\"twitter:label1\" content=\"Dur\u00e9e de lecture estim\u00e9e\" \/>\n\t<meta name=\"twitter:data1\" content=\"2 minutes\" \/>\n<script type=\"application\/ld+json\" class=\"yoast-schema-graph\">{\"@context\":\"https:\\\/\\\/schema.org\",\"@graph\":[{\"@type\":[\"WebPage\",\"ItemPage\"],\"@id\":\"https:\\\/\\\/madabouthorror.co.uk\\\/product\\\/soul-stealer-animated-halloween-prop\\\/\",\"url\":\"https:\\\/\\\/madabouthorror.co.uk\\\/product\\\/soul-stealer-animated-halloween-prop\\\/\",\"name\":\"Soul Stealer Animated Halloween Prop | Mad About Horror\",\"isPartOf\":{\"@id\":\"https:\\\/\\\/madabouthorror.co.uk\\\/#website\"},\"primaryImageOfPage\":{\"@id\":\"https:\\\/\\\/madabouthorror.co.uk\\\/product\\\/soul-stealer-animated-halloween-prop\\\/#primaryimage\"},\"image\":{\"@id\":\"https:\\\/\\\/madabouthorror.co.uk\\\/product\\\/soul-stealer-animated-halloween-prop\\\/#primaryimage\"},\"thumbnailUrl\":\"https:\\\/\\\/madabouthorror.co.uk\\\/wp-content\\\/uploads\\\/2023\\\/09\\\/7-ft-soul-stealer-animated-propmr125150-a01.jpeg\",\"datePublished\":\"2023-09-20T11:01:16+00:00\",\"dateModified\":\"2026-04-30T11:04:27+00:00\",\"description\":\"Soul Stealer Phantom halloween Animatronic. Horror collectibles and Halloween props available from Madabouthorror, Europe\u2019s leading horror specialist.\",\"breadcrumb\":{\"@id\":\"https:\\\/\\\/madabouthorror.co.uk\\\/product\\\/soul-stealer-animated-halloween-prop\\\/#breadcrumb\"},\"inLanguage\":\"fr-FR\",\"potentialAction\":[{\"@type\":\"ReadAction\",\"target\":[\"https:\\\/\\\/madabouthorror.co.uk\\\/product\\\/soul-stealer-animated-halloween-prop\\\/\"]}]},{\"@type\":\"ImageObject\",\"inLanguage\":\"fr-FR\",\"@id\":\"https:\\\/\\\/madabouthorror.co.uk\\\/product\\\/soul-stealer-animated-halloween-prop\\\/#primaryimage\",\"url\":\"https:\\\/\\\/madabouthorror.co.uk\\\/wp-content\\\/uploads\\\/2023\\\/09\\\/7-ft-soul-stealer-animated-propmr125150-a01.jpeg\",\"contentUrl\":\"https:\\\/\\\/madabouthorror.co.uk\\\/wp-content\\\/uploads\\\/2023\\\/09\\\/7-ft-soul-stealer-animated-propmr125150-a01.jpeg\",\"width\":1500,\"height\":1500,\"caption\":\"Soul Stealer Phantom Halloween Animatronic\"},{\"@type\":\"BreadcrumbList\",\"@id\":\"https:\\\/\\\/madabouthorror.co.uk\\\/product\\\/soul-stealer-animated-halloween-prop\\\/#breadcrumb\",\"itemListElement\":[{\"@type\":\"ListItem\",\"position\":1,\"name\":\"Shop\",\"item\":\"https:\\\/\\\/madabouthorror.co.uk\\\/shop\\\/\"},{\"@type\":\"ListItem\",\"position\":2,\"name\":\"Soul Stealer Animated Halloween Prop\"}]},{\"@type\":\"WebSite\",\"@id\":\"https:\\\/\\\/madabouthorror.co.uk\\\/#website\",\"url\":\"https:\\\/\\\/madabouthorror.co.uk\\\/\",\"name\":\"Mad About Horror\",\"description\":\"\",\"publisher\":{\"@id\":\"https:\\\/\\\/madabouthorror.co.uk\\\/#organization\"},\"alternateName\":\"Mad About Horror Limited\",\"potentialAction\":[{\"@type\":\"SearchAction\",\"target\":{\"@type\":\"EntryPoint\",\"urlTemplate\":\"https:\\\/\\\/madabouthorror.co.uk\\\/?s={search_term_string}\"},\"query-input\":{\"@type\":\"PropertyValueSpecification\",\"valueRequired\":true,\"valueName\":\"search_term_string\"}}],\"inLanguage\":\"fr-FR\"},{\"@type\":\"Organization\",\"@id\":\"https:\\\/\\\/madabouthorror.co.uk\\\/#organization\",\"name\":\"Mad About Horror\",\"url\":\"https:\\\/\\\/madabouthorror.co.uk\\\/\",\"logo\":{\"@type\":\"ImageObject\",\"inLanguage\":\"fr-FR\",\"@id\":\"https:\\\/\\\/madabouthorror.co.uk\\\/#\\\/schema\\\/logo\\\/image\\\/\",\"url\":\"https:\\\/\\\/madabouthorror.co.uk\\\/wp-content\\\/uploads\\\/2024\\\/02\\\/cropped-Logo.png\",\"contentUrl\":\"https:\\\/\\\/madabouthorror.co.uk\\\/wp-content\\\/uploads\\\/2024\\\/02\\\/cropped-Logo.png\",\"width\":240,\"height\":88,\"caption\":\"Mad About Horror\"},\"image\":{\"@id\":\"https:\\\/\\\/madabouthorror.co.uk\\\/#\\\/schema\\\/logo\\\/image\\\/\"},\"sameAs\":[\"https:\\\/\\\/www.facebook.com\\\/madabouthorror\\\/\",\"https:\\\/\\\/www.instagram.com\\\/madabouthorror\\\/\",\"https:\\\/\\\/www.pinterest.co.uk\\\/madabouthorror\\\/\",\"https:\\\/\\\/www.youtube.com\\\/channel\\\/UCBooLOIxjoQ89dj6T5lWm_w\",\"https:\\\/\\\/www.tiktok.com\\\/@weremadabouthorror\"]}]}<\/script>\n<!-- \/ Yoast SEO plugin. -->","yoast_head_json":{"title":"P\u00e8re No\u00ebl Volant Anim\u00e9 | Mad About Horror","description":"Soul Stealer Phantom, Animatronique d'Halloween. Objets de collection d'horreur et accessoires d'Halloween disponibles chez Madabouthorror, le leader europ\u00e9en des sp\u00e9cialistes de l'horreur.","robots":{"index":"index","follow":"follow","max-snippet":"max-snippet:-1","max-image-preview":"max-image-preview:large","max-video-preview":"max-video-preview:-1"},"canonical":"https:\/\/madabouthorror.co.uk\/fr\/product\/soul-stealer-animated-halloween-prop\/","og_locale":"fr_FR","og_type":"article","og_title":"Soul Stealer Animated Halloween Prop | Mad About Horror","og_description":"Soul Stealer Phantom halloween Animatronic. Horror collectibles and Halloween props available from Madabouthorror, Europe\u2019s leading horror specialist.","og_url":"https:\/\/madabouthorror.co.uk\/fr\/product\/soul-stealer-animated-halloween-prop\/","og_site_name":"Mad About Horror","article_publisher":"https:\/\/www.facebook.com\/madabouthorror\/","article_modified_time":"2026-04-30T11:04:27+00:00","og_image":[{"width":1500,"height":1500,"url":"https:\/\/madabouthorror.co.uk\/wp-content\/uploads\/2023\/09\/7-ft-soul-stealer-animated-propmr125150-a01.jpeg","type":"image\/jpeg"}],"twitter_card":"summary_large_image","twitter_misc":{"Dur\u00e9e de lecture estim\u00e9e":"2 minutes"},"schema":{"@context":"https:\/\/schema.org","@graph":[{"@type":["WebPage","ItemPage"],"@id":"https:\/\/madabouthorror.co.uk\/product\/soul-stealer-animated-halloween-prop\/","url":"https:\/\/madabouthorror.co.uk\/product\/soul-stealer-animated-halloween-prop\/","name":"P\u00e8re No\u00ebl Volant Anim\u00e9 | Mad About Horror","isPartOf":{"@id":"https:\/\/madabouthorror.co.uk\/#website"},"primaryImageOfPage":{"@id":"https:\/\/madabouthorror.co.uk\/product\/soul-stealer-animated-halloween-prop\/#primaryimage"},"image":{"@id":"https:\/\/madabouthorror.co.uk\/product\/soul-stealer-animated-halloween-prop\/#primaryimage"},"thumbnailUrl":"https:\/\/madabouthorror.co.uk\/wp-content\/uploads\/2023\/09\/7-ft-soul-stealer-animated-propmr125150-a01.jpeg","datePublished":"2023-09-20T11:01:16+00:00","dateModified":"2026-04-30T11:04:27+00:00","description":"Soul Stealer Phantom, Animatronique d'Halloween. Objets de collection d'horreur et accessoires d'Halloween disponibles chez Madabouthorror, le leader europ\u00e9en des sp\u00e9cialistes de l'horreur.","breadcrumb":{"@id":"https:\/\/madabouthorror.co.uk\/product\/soul-stealer-animated-halloween-prop\/#breadcrumb"},"inLanguage":"fr-FR","potentialAction":[{"@type":"ReadAction","target":["https:\/\/madabouthorror.co.uk\/product\/soul-stealer-animated-halloween-prop\/"]}]},{"@type":"ImageObject","inLanguage":"fr-FR","@id":"https:\/\/madabouthorror.co.uk\/product\/soul-stealer-animated-halloween-prop\/#primaryimage","url":"https:\/\/madabouthorror.co.uk\/wp-content\/uploads\/2023\/09\/7-ft-soul-stealer-animated-propmr125150-a01.jpeg","contentUrl":"https:\/\/madabouthorror.co.uk\/wp-content\/uploads\/2023\/09\/7-ft-soul-stealer-animated-propmr125150-a01.jpeg","width":1500,"height":1500,"caption":"Soul Stealer Phantom Halloween Animatronic"},{"@type":"BreadcrumbList","@id":"https:\/\/madabouthorror.co.uk\/product\/soul-stealer-animated-halloween-prop\/#breadcrumb","itemListElement":[{"@type":"ListItem","position":1,"name":"Shop","item":"https:\/\/madabouthorror.co.uk\/shop\/"},{"@type":"ListItem","position":2,"name":"Soul Stealer Animated Halloween Prop"}]},{"@type":"WebSite","@id":"https:\/\/madabouthorror.co.uk\/#website","url":"https:\/\/madabouthorror.co.uk\/","name":"L'horreur en folie","description":"","publisher":{"@id":"https:\/\/madabouthorror.co.uk\/#organization"},"alternateName":"Mad About Horror Limited","potentialAction":[{"@type":"SearchAction","target":{"@type":"EntryPoint","urlTemplate":"https:\/\/madabouthorror.co.uk\/?s={search_term_string}"},"query-input":{"@type":"PropertyValueSpecification","valueRequired":true,"valueName":"search_term_string"}}],"inLanguage":"fr-FR"},{"@type":"Organization","@id":"https:\/\/madabouthorror.co.uk\/#organization","name":"L'horreur en folie","url":"https:\/\/madabouthorror.co.uk\/","logo":{"@type":"ImageObject","inLanguage":"fr-FR","@id":"https:\/\/madabouthorror.co.uk\/#\/schema\/logo\/image\/","url":"https:\/\/madabouthorror.co.uk\/wp-content\/uploads\/2024\/02\/cropped-Logo.png","contentUrl":"https:\/\/madabouthorror.co.uk\/wp-content\/uploads\/2024\/02\/cropped-Logo.png","width":240,"height":88,"caption":"Mad About Horror"},"image":{"@id":"https:\/\/madabouthorror.co.uk\/#\/schema\/logo\/image\/"},"sameAs":["https:\/\/www.facebook.com\/madabouthorror\/","https:\/\/www.instagram.com\/madabouthorror\/","https:\/\/www.pinterest.co.uk\/madabouthorror\/","https:\/\/www.youtube.com\/channel\/UCBooLOIxjoQ89dj6T5lWm_w","https:\/\/www.tiktok.com\/@weremadabouthorror"]}]}},"df_price":479.95,"df_sale_price":"","df_regular_price":479.95,"df_image_link":"https:\/\/madabouthorror.co.uk\/wp-content\/uploads\/2023\/09\/7-ft-soul-stealer-animated-propmr125150-a01-300x300.jpeg","_links":{"self":[{"href":"https:\/\/madabouthorror.co.uk\/fr\/wp-json\/wp\/v2\/product\/457672","targetHints":{"allow":["GET"]}}],"collection":[{"href":"https:\/\/madabouthorror.co.uk\/fr\/wp-json\/wp\/v2\/product"}],"about":[{"href":"https:\/\/madabouthorror.co.uk\/fr\/wp-json\/wp\/v2\/types\/product"}],"replies":[{"embeddable":true,"href":"https:\/\/madabouthorror.co.uk\/fr\/wp-json\/wp\/v2\/comments?post=457672"}],"wp:featuredmedia":[{"embeddable":true,"href":"https:\/\/madabouthorror.co.uk\/fr\/wp-json\/wp\/v2\/media\/457677"}],"wp:attachment":[{"href":"https:\/\/madabouthorror.co.uk\/fr\/wp-json\/wp\/v2\/media?parent=457672"}],"wp:term":[{"taxonomy":"product_brand","embeddable":true,"href":"https:\/\/madabouthorror.co.uk\/fr\/wp-json\/wp\/v2\/product_brand?post=457672"},{"taxonomy":"product_cat","embeddable":true,"href":"https:\/\/madabouthorror.co.uk\/fr\/wp-json\/wp\/v2\/product_cat?post=457672"},{"taxonomy":"product_tag","embeddable":true,"href":"https:\/\/madabouthorror.co.uk\/fr\/wp-json\/wp\/v2\/product_tag?post=457672"}],"curies":[{"name":"wp","href":"https:\/\/api.w.org\/{rel}","templated":true}]}}