{"id":45920,"date":"2020-09-30T10:01:14","date_gmt":"2020-09-30T09:01:14","guid":{"rendered":"https:\/\/mah.6bdv.ws\/product\/hellraiser-inferno-lament-box\/"},"modified":"2026-04-02T09:34:11","modified_gmt":"2026-04-02T08:34:11","slug":"hellraiser-inferno-lament-box","status":"publish","type":"product","link":"https:\/\/madabouthorror.co.uk\/fr\/product\/hellraiser-inferno-lament-box\/","title":{"rendered":"Hellraiser Inferno Lament Box"},"content":{"rendered":"<p>Invoquez les forces obscures avec l'accessoire Hellraiser Inferno Lament Box sous licence officielle de Trick or Treat Studios. Con\u00e7ue par Mark Phillips, cette bo\u00eete de 3\u2033 est fabriqu\u00e9e en s\u00e9quoia massif avec une gravure au nickel, refl\u00e9tant la bo\u00eete de lamentation utilis\u00e9e \u00e0 l'\u00e9cran dans Hellraiser Inferno.<\/p>\n<p>Elle est livr\u00e9e dans une magnifique bo\u00eete de collection et comprend un support pour l'exposer fi\u00e8rement. Faites appara\u00eetre Pinhead et son C\u00e9nobite avec la Hellraiser Inferno Lament Box. Commandez-la d\u00e8s maintenant et plongez dans le royaume de l'horreur noire !<\/p>\n<p><b>3\u2033<\/b>L x 3\u2033W x 3\u2033H<\/p>\n<p><em>2020 Miramax, LLC. Tous droits r\u00e9serv\u00e9s. MIRAMAX et Hellraiser Inferno sont des marques commerciales ou des marques d\u00e9pos\u00e9es de Miramax, LLC. Utilis\u00e9 sous licence.<\/em><\/p>","protected":false},"excerpt":{"rendered":"<p>Invoquez les forces obscures avec l'accessoire Hellraiser Inferno Lament Box sous licence officielle de Trick or Treat Studios. Con\u00e7ue par Mark Phillips, cette bo\u00eete de 3\u2033 est fabriqu\u00e9e en s\u00e9quoia massif avec une gravure au nickel, refl\u00e9tant la bo\u00eete de lamentation utilis\u00e9e \u00e0 l'\u00e9cran dans Hellraiser Inferno. Elle est livr\u00e9e dans une magnifique bo\u00eete de collection et comprend un support pour une [...]<\/p>","protected":false},"featured_media":45918,"comment_status":"closed","ping_status":"closed","template":"","meta":{"_acf_changed":false},"product_brand":[],"product_cat":[10076,10093,6537,10040,10107,10038,6547,9967,6792,6664],"product_tag":[],"class_list":{"0":"post-45920","1":"product","2":"type-product","3":"status-publish","4":"has-post-thumbnail","6":"product_cat-replica-dolls-props","7":"product_cat-indoor-halloween-decorations","8":"product_cat-collectibles","9":"product_cat-gifts-under-100","10":"product_cat-licensed-halloween-decorations","11":"product_cat-horror-gifts","12":"product_cat-decorations","13":"product_cat-replica-props","14":"product_cat-trick-or-treat-studios","15":"product_cat-hellraiser","17":"first","18":"instock","19":"taxable","20":"shipping-taxable","21":"purchasable","22":"product-type-simple"},"supplier_id":471029,"supplier_sku":"MPMF100","barcode":"811501035510","atum_controlled":true,"out_stock_date":null,"out_stock_threshold":null,"inheritable":false,"inbound_stock":0,"stock_on_hold":0,"sold_today":0,"sales_last_days":0,"reserved_stock":0,"customer_returns":0,"warehouse_damage":0,"lost_in_post":0,"other_logs":0,"out_stock_days":0,"lost_sales":0,"has_location":false,"update_date":"2026-04-04T01:35:26","atum_locations":[],"atum_stock_status":"instock","restock_status":false,"low_stock_amount":4,"sales_update_date":"2026-04-04T01:35:25","calc_backorders":null,"acf":[],"yoast_head":"<!-- This site is optimized with the Yoast SEO plugin v27.3 - https:\/\/yoast.com\/product\/yoast-seo-wordpress\/ -->\n<title>Hellraiser Inferno Lament Box | Trick or Treat Studios<\/title>\n<meta name=\"description\" content=\"Call upon Pinhead and his Cenobites with this replica Lament Box from Trick or Treat Studios. Shipped from the UK by Mad About Horror. Call 01482 935936\" \/>\n<meta name=\"robots\" content=\"index, follow, max-snippet:-1, max-image-preview:large, max-video-preview:-1\" \/>\n<link rel=\"canonical\" href=\"https:\/\/madabouthorror.co.uk\/fr\/product\/hellraiser-inferno-lament-box\/\" \/>\n<meta property=\"og:locale\" content=\"fr_FR\" \/>\n<meta property=\"og:type\" content=\"article\" \/>\n<meta property=\"og:title\" content=\"Hellraiser Inferno Lament Box | Trick or Treat Studios\" \/>\n<meta property=\"og:description\" content=\"Call upon Pinhead and his Cenobites with this replica Lament Box from Trick or Treat Studios. Shipped from the UK by Mad About Horror. Call 01482 935936\" \/>\n<meta property=\"og:url\" content=\"https:\/\/madabouthorror.co.uk\/fr\/product\/hellraiser-inferno-lament-box\/\" \/>\n<meta property=\"og:site_name\" content=\"Mad About Horror\" \/>\n<meta property=\"article:publisher\" content=\"https:\/\/www.facebook.com\/madabouthorror\/\" \/>\n<meta property=\"article:modified_time\" content=\"2026-04-02T08:34:11+00:00\" \/>\n<meta property=\"og:image\" content=\"https:\/\/madabouthorror.co.uk\/wp-content\/uploads\/2020\/09\/hellraiser_inferno_lament_box_tots.jpg\" \/>\n\t<meta property=\"og:image:width\" content=\"670\" \/>\n\t<meta property=\"og:image:height\" content=\"670\" \/>\n\t<meta property=\"og:image:type\" content=\"image\/jpeg\" \/>\n<meta name=\"twitter:card\" content=\"summary_large_image\" \/>\n<meta name=\"twitter:label1\" content=\"Dur\u00e9e de lecture estim\u00e9e\" \/>\n\t<meta name=\"twitter:data1\" content=\"1 minute\" \/>\n<script type=\"application\/ld+json\" class=\"yoast-schema-graph\">{\"@context\":\"https:\\\/\\\/schema.org\",\"@graph\":[{\"@type\":[\"WebPage\",\"ItemPage\"],\"@id\":\"https:\\\/\\\/madabouthorror.co.uk\\\/product\\\/hellraiser-inferno-lament-box\\\/\",\"url\":\"https:\\\/\\\/madabouthorror.co.uk\\\/product\\\/hellraiser-inferno-lament-box\\\/\",\"name\":\"Hellraiser Inferno Lament Box | Trick or Treat Studios\",\"isPartOf\":{\"@id\":\"https:\\\/\\\/madabouthorror.co.uk\\\/#website\"},\"primaryImageOfPage\":{\"@id\":\"https:\\\/\\\/madabouthorror.co.uk\\\/product\\\/hellraiser-inferno-lament-box\\\/#primaryimage\"},\"image\":{\"@id\":\"https:\\\/\\\/madabouthorror.co.uk\\\/product\\\/hellraiser-inferno-lament-box\\\/#primaryimage\"},\"thumbnailUrl\":\"https:\\\/\\\/madabouthorror.co.uk\\\/wp-content\\\/uploads\\\/2020\\\/09\\\/hellraiser_inferno_lament_box_tots.jpg\",\"datePublished\":\"2020-09-30T09:01:14+00:00\",\"dateModified\":\"2026-04-02T08:34:11+00:00\",\"description\":\"Call upon Pinhead and his Cenobites with this replica Lament Box from Trick or Treat Studios. Shipped from the UK by Mad About Horror. Call 01482 935936\",\"breadcrumb\":{\"@id\":\"https:\\\/\\\/madabouthorror.co.uk\\\/product\\\/hellraiser-inferno-lament-box\\\/#breadcrumb\"},\"inLanguage\":\"fr-FR\",\"potentialAction\":[{\"@type\":\"ReadAction\",\"target\":[\"https:\\\/\\\/madabouthorror.co.uk\\\/product\\\/hellraiser-inferno-lament-box\\\/\"]}]},{\"@type\":\"ImageObject\",\"inLanguage\":\"fr-FR\",\"@id\":\"https:\\\/\\\/madabouthorror.co.uk\\\/product\\\/hellraiser-inferno-lament-box\\\/#primaryimage\",\"url\":\"https:\\\/\\\/madabouthorror.co.uk\\\/wp-content\\\/uploads\\\/2020\\\/09\\\/hellraiser_inferno_lament_box_tots.jpg\",\"contentUrl\":\"https:\\\/\\\/madabouthorror.co.uk\\\/wp-content\\\/uploads\\\/2020\\\/09\\\/hellraiser_inferno_lament_box_tots.jpg\",\"width\":670,\"height\":670,\"caption\":\"Hellraiser Inferno Lament Box-0\"},{\"@type\":\"BreadcrumbList\",\"@id\":\"https:\\\/\\\/madabouthorror.co.uk\\\/product\\\/hellraiser-inferno-lament-box\\\/#breadcrumb\",\"itemListElement\":[{\"@type\":\"ListItem\",\"position\":1,\"name\":\"Shop\",\"item\":\"https:\\\/\\\/madabouthorror.co.uk\\\/shop\\\/\"},{\"@type\":\"ListItem\",\"position\":2,\"name\":\"Hellraiser Inferno Lament Box\"}]},{\"@type\":\"WebSite\",\"@id\":\"https:\\\/\\\/madabouthorror.co.uk\\\/#website\",\"url\":\"https:\\\/\\\/madabouthorror.co.uk\\\/\",\"name\":\"Mad About Horror\",\"description\":\"\",\"publisher\":{\"@id\":\"https:\\\/\\\/madabouthorror.co.uk\\\/#organization\"},\"alternateName\":\"Mad About Horror Limited\",\"potentialAction\":[{\"@type\":\"SearchAction\",\"target\":{\"@type\":\"EntryPoint\",\"urlTemplate\":\"https:\\\/\\\/madabouthorror.co.uk\\\/?s={search_term_string}\"},\"query-input\":{\"@type\":\"PropertyValueSpecification\",\"valueRequired\":true,\"valueName\":\"search_term_string\"}}],\"inLanguage\":\"fr-FR\"},{\"@type\":\"Organization\",\"@id\":\"https:\\\/\\\/madabouthorror.co.uk\\\/#organization\",\"name\":\"Mad About Horror\",\"url\":\"https:\\\/\\\/madabouthorror.co.uk\\\/\",\"logo\":{\"@type\":\"ImageObject\",\"inLanguage\":\"fr-FR\",\"@id\":\"https:\\\/\\\/madabouthorror.co.uk\\\/#\\\/schema\\\/logo\\\/image\\\/\",\"url\":\"https:\\\/\\\/madabouthorror.co.uk\\\/wp-content\\\/uploads\\\/2024\\\/02\\\/cropped-Logo.png\",\"contentUrl\":\"https:\\\/\\\/madabouthorror.co.uk\\\/wp-content\\\/uploads\\\/2024\\\/02\\\/cropped-Logo.png\",\"width\":240,\"height\":88,\"caption\":\"Mad About Horror\"},\"image\":{\"@id\":\"https:\\\/\\\/madabouthorror.co.uk\\\/#\\\/schema\\\/logo\\\/image\\\/\"},\"sameAs\":[\"https:\\\/\\\/www.facebook.com\\\/madabouthorror\\\/\",\"https:\\\/\\\/www.instagram.com\\\/madabouthorror\\\/\",\"https:\\\/\\\/www.pinterest.co.uk\\\/madabouthorror\\\/\",\"https:\\\/\\\/www.youtube.com\\\/channel\\\/UCBooLOIxjoQ89dj6T5lWm_w\",\"https:\\\/\\\/www.tiktok.com\\\/@weremadabouthorror\"]}]}<\/script>\n<!-- \/ Yoast SEO plugin. -->","yoast_head_json":{"title":"Hellraiser Inferno Lament Box | Trick or Treat Studios","description":"Appelez Pinhead et ses C\u00e9nobites avec cette r\u00e9plique de Lament Box de Trick or Treat Studios. Exp\u00e9di\u00e9 depuis le Royaume-Uni par Mad About Horror. Appelez le 01482 935936","robots":{"index":"index","follow":"follow","max-snippet":"max-snippet:-1","max-image-preview":"max-image-preview:large","max-video-preview":"max-video-preview:-1"},"canonical":"https:\/\/madabouthorror.co.uk\/fr\/product\/hellraiser-inferno-lament-box\/","og_locale":"fr_FR","og_type":"article","og_title":"Hellraiser Inferno Lament Box | Trick or Treat Studios","og_description":"Call upon Pinhead and his Cenobites with this replica Lament Box from Trick or Treat Studios. Shipped from the UK by Mad About Horror. Call 01482 935936","og_url":"https:\/\/madabouthorror.co.uk\/fr\/product\/hellraiser-inferno-lament-box\/","og_site_name":"Mad About Horror","article_publisher":"https:\/\/www.facebook.com\/madabouthorror\/","article_modified_time":"2026-04-02T08:34:11+00:00","og_image":[{"width":670,"height":670,"url":"https:\/\/madabouthorror.co.uk\/wp-content\/uploads\/2020\/09\/hellraiser_inferno_lament_box_tots.jpg","type":"image\/jpeg"}],"twitter_card":"summary_large_image","twitter_misc":{"Dur\u00e9e de lecture estim\u00e9e":"1 minute"},"schema":{"@context":"https:\/\/schema.org","@graph":[{"@type":["WebPage","ItemPage"],"@id":"https:\/\/madabouthorror.co.uk\/product\/hellraiser-inferno-lament-box\/","url":"https:\/\/madabouthorror.co.uk\/product\/hellraiser-inferno-lament-box\/","name":"Hellraiser Inferno Lament Box | Trick or Treat Studios","isPartOf":{"@id":"https:\/\/madabouthorror.co.uk\/#website"},"primaryImageOfPage":{"@id":"https:\/\/madabouthorror.co.uk\/product\/hellraiser-inferno-lament-box\/#primaryimage"},"image":{"@id":"https:\/\/madabouthorror.co.uk\/product\/hellraiser-inferno-lament-box\/#primaryimage"},"thumbnailUrl":"https:\/\/madabouthorror.co.uk\/wp-content\/uploads\/2020\/09\/hellraiser_inferno_lament_box_tots.jpg","datePublished":"2020-09-30T09:01:14+00:00","dateModified":"2026-04-02T08:34:11+00:00","description":"Appelez Pinhead et ses C\u00e9nobites avec cette r\u00e9plique de Lament Box de Trick or Treat Studios. Exp\u00e9di\u00e9 depuis le Royaume-Uni par Mad About Horror. Appelez le 01482 935936","breadcrumb":{"@id":"https:\/\/madabouthorror.co.uk\/product\/hellraiser-inferno-lament-box\/#breadcrumb"},"inLanguage":"fr-FR","potentialAction":[{"@type":"ReadAction","target":["https:\/\/madabouthorror.co.uk\/product\/hellraiser-inferno-lament-box\/"]}]},{"@type":"ImageObject","inLanguage":"fr-FR","@id":"https:\/\/madabouthorror.co.uk\/product\/hellraiser-inferno-lament-box\/#primaryimage","url":"https:\/\/madabouthorror.co.uk\/wp-content\/uploads\/2020\/09\/hellraiser_inferno_lament_box_tots.jpg","contentUrl":"https:\/\/madabouthorror.co.uk\/wp-content\/uploads\/2020\/09\/hellraiser_inferno_lament_box_tots.jpg","width":670,"height":670,"caption":"Hellraiser Inferno Lament Box-0"},{"@type":"BreadcrumbList","@id":"https:\/\/madabouthorror.co.uk\/product\/hellraiser-inferno-lament-box\/#breadcrumb","itemListElement":[{"@type":"ListItem","position":1,"name":"Shop","item":"https:\/\/madabouthorror.co.uk\/shop\/"},{"@type":"ListItem","position":2,"name":"Hellraiser Inferno Lament Box"}]},{"@type":"WebSite","@id":"https:\/\/madabouthorror.co.uk\/#website","url":"https:\/\/madabouthorror.co.uk\/","name":"L'horreur en folie","description":"","publisher":{"@id":"https:\/\/madabouthorror.co.uk\/#organization"},"alternateName":"Mad About Horror Limited","potentialAction":[{"@type":"SearchAction","target":{"@type":"EntryPoint","urlTemplate":"https:\/\/madabouthorror.co.uk\/?s={search_term_string}"},"query-input":{"@type":"PropertyValueSpecification","valueRequired":true,"valueName":"search_term_string"}}],"inLanguage":"fr-FR"},{"@type":"Organization","@id":"https:\/\/madabouthorror.co.uk\/#organization","name":"L'horreur en folie","url":"https:\/\/madabouthorror.co.uk\/","logo":{"@type":"ImageObject","inLanguage":"fr-FR","@id":"https:\/\/madabouthorror.co.uk\/#\/schema\/logo\/image\/","url":"https:\/\/madabouthorror.co.uk\/wp-content\/uploads\/2024\/02\/cropped-Logo.png","contentUrl":"https:\/\/madabouthorror.co.uk\/wp-content\/uploads\/2024\/02\/cropped-Logo.png","width":240,"height":88,"caption":"Mad About Horror"},"image":{"@id":"https:\/\/madabouthorror.co.uk\/#\/schema\/logo\/image\/"},"sameAs":["https:\/\/www.facebook.com\/madabouthorror\/","https:\/\/www.instagram.com\/madabouthorror\/","https:\/\/www.pinterest.co.uk\/madabouthorror\/","https:\/\/www.youtube.com\/channel\/UCBooLOIxjoQ89dj6T5lWm_w","https:\/\/www.tiktok.com\/@weremadabouthorror"]}]}},"df_price":88.49,"df_sale_price":"","df_regular_price":88.49,"df_image_link":"https:\/\/madabouthorror.co.uk\/wp-content\/uploads\/2020\/09\/hellraiser_inferno_lament_box_tots-300x300.jpg","_links":{"self":[{"href":"https:\/\/madabouthorror.co.uk\/fr\/wp-json\/wp\/v2\/product\/45920","targetHints":{"allow":["GET"]}}],"collection":[{"href":"https:\/\/madabouthorror.co.uk\/fr\/wp-json\/wp\/v2\/product"}],"about":[{"href":"https:\/\/madabouthorror.co.uk\/fr\/wp-json\/wp\/v2\/types\/product"}],"replies":[{"embeddable":true,"href":"https:\/\/madabouthorror.co.uk\/fr\/wp-json\/wp\/v2\/comments?post=45920"}],"wp:featuredmedia":[{"embeddable":true,"href":"https:\/\/madabouthorror.co.uk\/fr\/wp-json\/wp\/v2\/media\/45918"}],"wp:attachment":[{"href":"https:\/\/madabouthorror.co.uk\/fr\/wp-json\/wp\/v2\/media?parent=45920"}],"wp:term":[{"taxonomy":"product_brand","embeddable":true,"href":"https:\/\/madabouthorror.co.uk\/fr\/wp-json\/wp\/v2\/product_brand?post=45920"},{"taxonomy":"product_cat","embeddable":true,"href":"https:\/\/madabouthorror.co.uk\/fr\/wp-json\/wp\/v2\/product_cat?post=45920"},{"taxonomy":"product_tag","embeddable":true,"href":"https:\/\/madabouthorror.co.uk\/fr\/wp-json\/wp\/v2\/product_tag?post=45920"}],"curies":[{"name":"wp","href":"https:\/\/api.w.org\/{rel}","templated":true}]}}