{"id":45957,"date":"2020-10-02T12:54:15","date_gmt":"2020-10-02T11:54:15","guid":{"rendered":"https:\/\/mah.6bdv.ws\/product\/life-size-body-autopsy-ellie\/"},"modified":"2025-08-29T16:29:38","modified_gmt":"2025-08-29T15:29:38","slug":"life-size-body-autopsy-ellie","status":"publish","type":"product","link":"https:\/\/madabouthorror.co.uk\/fr\/product\/life-size-body-autopsy-ellie\/","title":{"rendered":"Corps grandeur nature \u2013 Autopsie d'Ellie"},"content":{"rendered":"<p>Nous sommes ravis de proposer une gamme d'accessoires grandeur nature de Ghost Ride Productions aux \u00c9tats-Unis. Ceux-ci comprennent des corps r\u00e9alis\u00e9s \u00e0 l'aide de m\u00e9thodes de moulage grandeur nature, qui sont si d\u00e9taill\u00e9s dans leur forme et leur finition qu'ils paraissent r\u00e9els. Ces accessoires de haute qualit\u00e9 sont id\u00e9aux pour toute attraction d'\u00e9pouvante ou escape game. Mad About Scares est la seule entreprise \u00e0 d\u00e9tenir des stocks au Royaume-Uni, mais les stocks sont limit\u00e9s, alors n'attendez pas.<\/p>\n<p>Ghostride a \u00e9t\u00e9 fond\u00e9e par des artistes d'effets sp\u00e9ciaux exp\u00e9riment\u00e9s dans les effets de labyrinthes d'Halloween et avec des clients tels que Universal Studios, ils sont renomm\u00e9s dans l'industrie de l'Halloween et des attractions effrayantes. Leur gamme de produits est sp\u00e9cialement con\u00e7ue pour les productions th\u00e9\u00e2trales et th\u00e9matiques, ainsi que pour un usage domestique haut de gamme.<\/p>\n<p>Les v\u00eatements et les cheveux peuvent varier l\u00e9g\u00e8rement. Il s'agit d'une pi\u00e8ce plate con\u00e7ue pour \u00eatre pos\u00e9e sur une surface.<\/p>\n<p>Table d'autopsie non incluse (du sang suppl\u00e9mentaire a \u00e9t\u00e9 ajout\u00e9 sur la photo)<\/p>\n<p>&nbsp;<\/p>","protected":false},"excerpt":{"rendered":"<p>Nous sommes ravis de proposer une gamme d'accessoires grandeur nature de Ghost Ride Productions, bas\u00e9s aux \u00c9tats-Unis. Ceux-ci comprennent des corps fabriqu\u00e9s \u00e0 l'aide de m\u00e9thodes de moulage sur le vif, si d\u00e9taill\u00e9s dans leur forme et leur finition qu'ils paraissent r\u00e9els. Ces accessoires de haute qualit\u00e9 sont id\u00e9aux pour toute attraction d'horreur ou escape game. Mad About [\u2026]<\/p>","protected":false},"featured_media":45952,"comment_status":"closed","ping_status":"closed","template":"","meta":{"_acf_changed":false},"product_brand":[],"product_cat":[6821,6543],"product_tag":[],"class_list":{"0":"post-45957","1":"product","2":"type-product","3":"status-publish","4":"has-post-thumbnail","6":"product_cat-lifecast-bodies","7":"product_cat-professional","8":"product_shipping_class-bulky","9":"pa_brand-ghostrideproductions","10":"pa_character-other","11":"pa_google_tax-ba-artsentertainmenthobbiescr","12":"pa_material-containslatex","14":"first","15":"outofstock","16":"taxable","17":"shipping-taxable","18":"purchasable","19":"product-type-simple"},"supplier_id":null,"supplier_sku":"","barcode":"","atum_controlled":true,"out_stock_date":"2025-08-29 16:29:38","out_stock_threshold":null,"inheritable":false,"inbound_stock":0,"stock_on_hold":0,"sold_today":0,"sales_last_days":0,"reserved_stock":0,"customer_returns":0,"warehouse_damage":0,"lost_in_post":0,"other_logs":0,"out_stock_days":237,"lost_sales":48551,"has_location":false,"update_date":"2026-04-24T00:21:36","atum_locations":[],"atum_stock_status":"outofstock","restock_status":false,"low_stock_amount":"","sales_update_date":"2026-04-24T00:21:35","calc_backorders":null,"acf":[],"yoast_head":"<!-- This site is optimized with the Yoast SEO plugin v27.4 - https:\/\/yoast.com\/product\/yoast-seo-wordpress\/ -->\n<title>Life Size Dead Body Prop - Autopsy Ellie | Mad About Horror<\/title>\n<meta name=\"description\" content=\"Official UK stockist of Ghost Ride Productions life cast dead body props Halloween &amp; horror props for scare attractions. Professional quality. High realism.\" \/>\n<meta name=\"robots\" content=\"index, follow, max-snippet:-1, max-image-preview:large, max-video-preview:-1\" \/>\n<link rel=\"canonical\" href=\"https:\/\/madabouthorror.co.uk\/fr\/product\/life-size-body-autopsy-ellie\/\" \/>\n<meta property=\"og:locale\" content=\"fr_FR\" \/>\n<meta property=\"og:type\" content=\"article\" \/>\n<meta property=\"og:title\" content=\"Life Size Dead Body Prop - Autopsy Ellie | Mad About Horror\" \/>\n<meta property=\"og:description\" content=\"Official UK stockist of Ghost Ride Productions life cast dead body props Halloween &amp; horror props for scare attractions. Professional quality. High realism.\" \/>\n<meta property=\"og:url\" content=\"https:\/\/madabouthorror.co.uk\/fr\/product\/life-size-body-autopsy-ellie\/\" \/>\n<meta property=\"og:site_name\" content=\"Mad About Horror\" \/>\n<meta property=\"article:publisher\" content=\"https:\/\/www.facebook.com\/madabouthorror\/\" \/>\n<meta property=\"article:modified_time\" content=\"2025-08-29T15:29:38+00:00\" \/>\n<meta property=\"og:image\" content=\"https:\/\/madabouthorror.co.uk\/wp-content\/uploads\/2020\/10\/autopsy_ellie_ghost_ride_1.jpg\" \/>\n\t<meta property=\"og:image:width\" content=\"670\" \/>\n\t<meta property=\"og:image:height\" content=\"670\" \/>\n\t<meta property=\"og:image:type\" content=\"image\/jpeg\" \/>\n<meta name=\"twitter:card\" content=\"summary_large_image\" \/>\n<meta name=\"twitter:label1\" content=\"Dur\u00e9e de lecture estim\u00e9e\" \/>\n\t<meta name=\"twitter:data1\" content=\"1 minute\" \/>\n<script type=\"application\/ld+json\" class=\"yoast-schema-graph\">{\"@context\":\"https:\\\/\\\/schema.org\",\"@graph\":[{\"@type\":[\"WebPage\",\"ItemPage\"],\"@id\":\"https:\\\/\\\/madabouthorror.co.uk\\\/product\\\/life-size-body-autopsy-ellie\\\/\",\"url\":\"https:\\\/\\\/madabouthorror.co.uk\\\/product\\\/life-size-body-autopsy-ellie\\\/\",\"name\":\"Life Size Dead Body Prop - Autopsy Ellie | Mad About Horror\",\"isPartOf\":{\"@id\":\"https:\\\/\\\/madabouthorror.co.uk\\\/#website\"},\"primaryImageOfPage\":{\"@id\":\"https:\\\/\\\/madabouthorror.co.uk\\\/product\\\/life-size-body-autopsy-ellie\\\/#primaryimage\"},\"image\":{\"@id\":\"https:\\\/\\\/madabouthorror.co.uk\\\/product\\\/life-size-body-autopsy-ellie\\\/#primaryimage\"},\"thumbnailUrl\":\"https:\\\/\\\/madabouthorror.co.uk\\\/wp-content\\\/uploads\\\/2020\\\/10\\\/autopsy_ellie_ghost_ride_1.jpg\",\"datePublished\":\"2020-10-02T11:54:15+00:00\",\"dateModified\":\"2025-08-29T15:29:38+00:00\",\"description\":\"Official UK stockist of Ghost Ride Productions life cast dead body props Halloween & horror props for scare attractions. Professional quality. High realism.\",\"breadcrumb\":{\"@id\":\"https:\\\/\\\/madabouthorror.co.uk\\\/product\\\/life-size-body-autopsy-ellie\\\/#breadcrumb\"},\"inLanguage\":\"fr-FR\",\"potentialAction\":[{\"@type\":\"ReadAction\",\"target\":[\"https:\\\/\\\/madabouthorror.co.uk\\\/product\\\/life-size-body-autopsy-ellie\\\/\"]}]},{\"@type\":\"ImageObject\",\"inLanguage\":\"fr-FR\",\"@id\":\"https:\\\/\\\/madabouthorror.co.uk\\\/product\\\/life-size-body-autopsy-ellie\\\/#primaryimage\",\"url\":\"https:\\\/\\\/madabouthorror.co.uk\\\/wp-content\\\/uploads\\\/2020\\\/10\\\/autopsy_ellie_ghost_ride_1.jpg\",\"contentUrl\":\"https:\\\/\\\/madabouthorror.co.uk\\\/wp-content\\\/uploads\\\/2020\\\/10\\\/autopsy_ellie_ghost_ride_1.jpg\",\"width\":670,\"height\":670,\"caption\":\"Life Size Body - Autopsy Ellie - life cast dead body horror prop\"},{\"@type\":\"BreadcrumbList\",\"@id\":\"https:\\\/\\\/madabouthorror.co.uk\\\/product\\\/life-size-body-autopsy-ellie\\\/#breadcrumb\",\"itemListElement\":[{\"@type\":\"ListItem\",\"position\":1,\"name\":\"Shop\",\"item\":\"https:\\\/\\\/madabouthorror.co.uk\\\/shop\\\/\"},{\"@type\":\"ListItem\",\"position\":2,\"name\":\"Life Size Body &#8211; Autopsy Ellie\"}]},{\"@type\":\"WebSite\",\"@id\":\"https:\\\/\\\/madabouthorror.co.uk\\\/#website\",\"url\":\"https:\\\/\\\/madabouthorror.co.uk\\\/\",\"name\":\"Mad About Horror\",\"description\":\"\",\"publisher\":{\"@id\":\"https:\\\/\\\/madabouthorror.co.uk\\\/#organization\"},\"alternateName\":\"Mad About Horror Limited\",\"potentialAction\":[{\"@type\":\"SearchAction\",\"target\":{\"@type\":\"EntryPoint\",\"urlTemplate\":\"https:\\\/\\\/madabouthorror.co.uk\\\/?s={search_term_string}\"},\"query-input\":{\"@type\":\"PropertyValueSpecification\",\"valueRequired\":true,\"valueName\":\"search_term_string\"}}],\"inLanguage\":\"fr-FR\"},{\"@type\":\"Organization\",\"@id\":\"https:\\\/\\\/madabouthorror.co.uk\\\/#organization\",\"name\":\"Mad About Horror\",\"url\":\"https:\\\/\\\/madabouthorror.co.uk\\\/\",\"logo\":{\"@type\":\"ImageObject\",\"inLanguage\":\"fr-FR\",\"@id\":\"https:\\\/\\\/madabouthorror.co.uk\\\/#\\\/schema\\\/logo\\\/image\\\/\",\"url\":\"https:\\\/\\\/madabouthorror.co.uk\\\/wp-content\\\/uploads\\\/2024\\\/02\\\/cropped-Logo.png\",\"contentUrl\":\"https:\\\/\\\/madabouthorror.co.uk\\\/wp-content\\\/uploads\\\/2024\\\/02\\\/cropped-Logo.png\",\"width\":240,\"height\":88,\"caption\":\"Mad About Horror\"},\"image\":{\"@id\":\"https:\\\/\\\/madabouthorror.co.uk\\\/#\\\/schema\\\/logo\\\/image\\\/\"},\"sameAs\":[\"https:\\\/\\\/www.facebook.com\\\/madabouthorror\\\/\",\"https:\\\/\\\/www.instagram.com\\\/madabouthorror\\\/\",\"https:\\\/\\\/www.pinterest.co.uk\\\/madabouthorror\\\/\",\"https:\\\/\\\/www.youtube.com\\\/channel\\\/UCBooLOIxjoQ89dj6T5lWm_w\",\"https:\\\/\\\/www.tiktok.com\\\/@weremadabouthorror\"]}]}<\/script>\n<!-- \/ Yoast SEO plugin. -->","yoast_head_json":{"title":"Mannequin de corps sans vie taille r\u00e9elle - Ellie autopsi\u00e9e | Mad About Horror","description":"Revendeur officiel au Royaume-Uni de mannequins de cadavres r\u00e9alistes \"Ghost Ride Productions\", accessoires pour Halloween et d'horreur pour attractions effrayantes. Qualit\u00e9 professionnelle. R\u00e9alisme \u00e9lev\u00e9.","robots":{"index":"index","follow":"follow","max-snippet":"max-snippet:-1","max-image-preview":"max-image-preview:large","max-video-preview":"max-video-preview:-1"},"canonical":"https:\/\/madabouthorror.co.uk\/fr\/product\/life-size-body-autopsy-ellie\/","og_locale":"fr_FR","og_type":"article","og_title":"Life Size Dead Body Prop - Autopsy Ellie | Mad About Horror","og_description":"Official UK stockist of Ghost Ride Productions life cast dead body props Halloween & horror props for scare attractions. Professional quality. High realism.","og_url":"https:\/\/madabouthorror.co.uk\/fr\/product\/life-size-body-autopsy-ellie\/","og_site_name":"Mad About Horror","article_publisher":"https:\/\/www.facebook.com\/madabouthorror\/","article_modified_time":"2025-08-29T15:29:38+00:00","og_image":[{"width":670,"height":670,"url":"https:\/\/madabouthorror.co.uk\/wp-content\/uploads\/2020\/10\/autopsy_ellie_ghost_ride_1.jpg","type":"image\/jpeg"}],"twitter_card":"summary_large_image","twitter_misc":{"Dur\u00e9e de lecture estim\u00e9e":"1 minute"},"schema":{"@context":"https:\/\/schema.org","@graph":[{"@type":["WebPage","ItemPage"],"@id":"https:\/\/madabouthorror.co.uk\/product\/life-size-body-autopsy-ellie\/","url":"https:\/\/madabouthorror.co.uk\/product\/life-size-body-autopsy-ellie\/","name":"Mannequin de corps sans vie taille r\u00e9elle - Ellie autopsi\u00e9e | Mad About Horror","isPartOf":{"@id":"https:\/\/madabouthorror.co.uk\/#website"},"primaryImageOfPage":{"@id":"https:\/\/madabouthorror.co.uk\/product\/life-size-body-autopsy-ellie\/#primaryimage"},"image":{"@id":"https:\/\/madabouthorror.co.uk\/product\/life-size-body-autopsy-ellie\/#primaryimage"},"thumbnailUrl":"https:\/\/madabouthorror.co.uk\/wp-content\/uploads\/2020\/10\/autopsy_ellie_ghost_ride_1.jpg","datePublished":"2020-10-02T11:54:15+00:00","dateModified":"2025-08-29T15:29:38+00:00","description":"Revendeur officiel au Royaume-Uni de mannequins de cadavres r\u00e9alistes \"Ghost Ride Productions\", accessoires pour Halloween et d'horreur pour attractions effrayantes. Qualit\u00e9 professionnelle. R\u00e9alisme \u00e9lev\u00e9.","breadcrumb":{"@id":"https:\/\/madabouthorror.co.uk\/product\/life-size-body-autopsy-ellie\/#breadcrumb"},"inLanguage":"fr-FR","potentialAction":[{"@type":"ReadAction","target":["https:\/\/madabouthorror.co.uk\/product\/life-size-body-autopsy-ellie\/"]}]},{"@type":"ImageObject","inLanguage":"fr-FR","@id":"https:\/\/madabouthorror.co.uk\/product\/life-size-body-autopsy-ellie\/#primaryimage","url":"https:\/\/madabouthorror.co.uk\/wp-content\/uploads\/2020\/10\/autopsy_ellie_ghost_ride_1.jpg","contentUrl":"https:\/\/madabouthorror.co.uk\/wp-content\/uploads\/2020\/10\/autopsy_ellie_ghost_ride_1.jpg","width":670,"height":670,"caption":"Life Size Body - Autopsy Ellie - life cast dead body horror prop"},{"@type":"BreadcrumbList","@id":"https:\/\/madabouthorror.co.uk\/product\/life-size-body-autopsy-ellie\/#breadcrumb","itemListElement":[{"@type":"ListItem","position":1,"name":"Shop","item":"https:\/\/madabouthorror.co.uk\/shop\/"},{"@type":"ListItem","position":2,"name":"Life Size Body &#8211; Autopsy Ellie"}]},{"@type":"WebSite","@id":"https:\/\/madabouthorror.co.uk\/#website","url":"https:\/\/madabouthorror.co.uk\/","name":"L'horreur en folie","description":"","publisher":{"@id":"https:\/\/madabouthorror.co.uk\/#organization"},"alternateName":"Mad About Horror Limited","potentialAction":[{"@type":"SearchAction","target":{"@type":"EntryPoint","urlTemplate":"https:\/\/madabouthorror.co.uk\/?s={search_term_string}"},"query-input":{"@type":"PropertyValueSpecification","valueRequired":true,"valueName":"search_term_string"}}],"inLanguage":"fr-FR"},{"@type":"Organization","@id":"https:\/\/madabouthorror.co.uk\/#organization","name":"L'horreur en folie","url":"https:\/\/madabouthorror.co.uk\/","logo":{"@type":"ImageObject","inLanguage":"fr-FR","@id":"https:\/\/madabouthorror.co.uk\/#\/schema\/logo\/image\/","url":"https:\/\/madabouthorror.co.uk\/wp-content\/uploads\/2024\/02\/cropped-Logo.png","contentUrl":"https:\/\/madabouthorror.co.uk\/wp-content\/uploads\/2024\/02\/cropped-Logo.png","width":240,"height":88,"caption":"Mad About Horror"},"image":{"@id":"https:\/\/madabouthorror.co.uk\/#\/schema\/logo\/image\/"},"sameAs":["https:\/\/www.facebook.com\/madabouthorror\/","https:\/\/www.instagram.com\/madabouthorror\/","https:\/\/www.pinterest.co.uk\/madabouthorror\/","https:\/\/www.youtube.com\/channel\/UCBooLOIxjoQ89dj6T5lWm_w","https:\/\/www.tiktok.com\/@weremadabouthorror"]}]}},"df_price":1493.75,"df_sale_price":"","df_regular_price":1493.75,"df_image_link":"https:\/\/madabouthorror.co.uk\/wp-content\/uploads\/2020\/10\/autopsy_ellie_ghost_ride_1-300x300.jpg","_links":{"self":[{"href":"https:\/\/madabouthorror.co.uk\/fr\/wp-json\/wp\/v2\/product\/45957","targetHints":{"allow":["GET"]}}],"collection":[{"href":"https:\/\/madabouthorror.co.uk\/fr\/wp-json\/wp\/v2\/product"}],"about":[{"href":"https:\/\/madabouthorror.co.uk\/fr\/wp-json\/wp\/v2\/types\/product"}],"replies":[{"embeddable":true,"href":"https:\/\/madabouthorror.co.uk\/fr\/wp-json\/wp\/v2\/comments?post=45957"}],"wp:featuredmedia":[{"embeddable":true,"href":"https:\/\/madabouthorror.co.uk\/fr\/wp-json\/wp\/v2\/media\/45952"}],"wp:attachment":[{"href":"https:\/\/madabouthorror.co.uk\/fr\/wp-json\/wp\/v2\/media?parent=45957"}],"wp:term":[{"taxonomy":"product_brand","embeddable":true,"href":"https:\/\/madabouthorror.co.uk\/fr\/wp-json\/wp\/v2\/product_brand?post=45957"},{"taxonomy":"product_cat","embeddable":true,"href":"https:\/\/madabouthorror.co.uk\/fr\/wp-json\/wp\/v2\/product_cat?post=45957"},{"taxonomy":"product_tag","embeddable":true,"href":"https:\/\/madabouthorror.co.uk\/fr\/wp-json\/wp\/v2\/product_tag?post=45957"}],"curies":[{"name":"wp","href":"https:\/\/api.w.org\/{rel}","templated":true}]}}