{"id":460776,"date":"2023-10-09T12:48:36","date_gmt":"2023-10-09T11:48:36","guid":{"rendered":"https:\/\/madabouthorror.co.uk\/?post_type=product&#038;p=460776"},"modified":"2025-11-20T12:43:45","modified_gmt":"2025-11-20T12:43:45","slug":"8ft-boogeyman-animated-prop","status":"publish","type":"product","link":"https:\/\/madabouthorror.co.uk\/fr\/product\/8ft-boogeyman-animated-prop\/","title":{"rendered":"8ft Boogeyman Animated Prop"},"content":{"rendered":"<p>Cr\u00e9ez un effet gla\u00e7ant avec ce Croquemitaine anim\u00e9 de 2,5 m. Il est dot\u00e9 d'un capteur qui active les mouvements, les lumi\u00e8res et les paroles. Il est dot\u00e9 d'un capteur qui active les mouvements, les lumi\u00e8res et les paroles. Placez-le dans votre maison pour compl\u00e9ter votre d\u00e9cor d'Halloween. Les lumi\u00e8res LED apportent une lueur macabre.<\/p>\n<div class=\"grid bullet-list-wrapper\">\n<ul class=\"bullet-list bullet-list--margin list list--type-square\">\n<li class=\"list__item\">Le capteur active les mouvements, la parole et les lumi\u00e8res lorsqu'il d\u00e9tecte un mouvement.<\/li>\n<li class=\"list__item\">Le croque-mitaine anim\u00e9 est id\u00e9al pour effrayer les invit\u00e9s \u00e0 l'int\u00e9rieur.<\/li>\n<li class=\"list__item\">Le croque-mitaine anim\u00e9 de 2,5 m\u00e8tres intimide m\u00eame les visiteurs les plus courageux.<\/li>\n<li class=\"list__item\">Le croque-mitaine prononce plusieurs phrases d'une voix grave pour terrifier les enfants.<\/li>\n<li class=\"list__item\">Les diodes \u00e9lectroluminescentes (DEL) \u00e9clairent les bras et les yeux pour produire une lueur effrayante qui illumine votre maison.<\/li>\n<\/ul>\n<div class=\"post-content post-content-product mb-8 border-t pt-4\">\n<div class=\"mt-2\">\n<div><b>Fourni avec un adaptateur secteur britannique<\/b>. <i>N'utilisez que l'adaptateur d'alimentation fourni, car les adaptateurs d'alimentation incorrects peuvent causer des dommages.<\/i><i><\/i><\/div>\n<div><\/div>\n<div><b>Pour le porche couvert ou l'int\u00e9rieur.<\/b> <i>Prot\u00e9ger des intemp\u00e9ries en cas d'utilisation \u00e0 l'ext\u00e9rieur et ne pas laisser \u00e0 l'ext\u00e9rieur pendant des p\u00e9riodes prolong\u00e9es.<\/i><\/div>\n<div><\/div>\n<div><b>A noter :<\/b><i> Ces accessoires ne sont pas recommand\u00e9s pour un usage commercial intensif, c'est-\u00e0-dire qu'ils ne doivent pas \u00eatre utilis\u00e9s pendant des p\u00e9riodes prolong\u00e9es, c'est-\u00e0-dire plusieurs jours d'affil\u00e9e. Ils sont con\u00e7us pour \u00eatre utilis\u00e9s \u00e0 l'occasion d'Halloween. Si vous avez des questions \u00e0 ce sujet, n'h\u00e9sitez pas \u00e0 les poser.<\/i><\/div>\n<p><button id=\"readLess\" class=\"text-grey500 text-xs tracking-wider uppercase flex items-center\">LIRE LE MOINS <\/button><\/p>\n<\/div>\n<\/div>\n<\/div>","protected":false},"excerpt":{"rendered":"<p>Cr\u00e9ez un effet gla\u00e7ant avec ce Croquemitaine anim\u00e9 de 2,5 m. Il est dot\u00e9 d'un capteur qui active les mouvements, les lumi\u00e8res et les paroles. Il est dot\u00e9 d'un capteur qui active les mouvements, les lumi\u00e8res et les paroles. Placez-le dans votre maison pour compl\u00e9ter votre d\u00e9cor d'Halloween. Les lumi\u00e8res LED apportent une lueur macabre. Le capteur active le mouvement, la parole et les lumi\u00e8res lorsqu'il d\u00e9tecte un mouvement. Le Croquemitaine anim\u00e9 est id\u00e9al pour [...]<\/p>","protected":false},"featured_media":460779,"comment_status":"closed","ping_status":"closed","template":"","meta":{"_acf_changed":false},"product_brand":[],"product_cat":[10068,10131,10110,10093,10094,6550,6547,6549,6963,9841,7050,7051,7058],"product_tag":[9993],"class_list":{"0":"post-460776","1":"product","2":"type-product","3":"status-publish","4":"has-post-thumbnail","6":"product_cat-halloween-decorations-2025","7":"product_cat-halloween-gifts","8":"product_cat-us-imports","9":"product_cat-indoor-halloween-decorations","10":"product_cat-outdoor-halloween-decorations","11":"product_cat-graveyard-decorations","12":"product_cat-decorations","13":"product_cat-haunted-house","14":"product_cat-animatronics","15":"product_cat-home-depot-animatronics","16":"product_cat-haunted-house-animatronics","17":"product_cat-graveyard-animatronics","18":"product_cat-ghosts-demons","19":"product_tag-animatronics-imports","20":"product_shipping_class-eu-bulky-prop","22":"first","23":"outofstock","24":"taxable","25":"shipping-taxable","26":"purchasable","27":"product-type-simple"},"supplier_id":null,"supplier_sku":"","barcode":"","atum_controlled":true,"out_stock_date":"2025-10-13 17:53:03","out_stock_threshold":null,"inheritable":false,"inbound_stock":0,"stock_on_hold":0,"sold_today":0,"sales_last_days":0,"reserved_stock":0,"customer_returns":0,"warehouse_damage":0,"lost_in_post":0,"other_logs":0,"out_stock_days":183,"lost_sales":10455,"has_location":false,"update_date":"2026-04-15T00:16:57","atum_locations":[],"atum_stock_status":"outofstock","restock_status":false,"low_stock_amount":"","sales_update_date":"2026-04-15T00:16:56","calc_backorders":null,"acf":[],"yoast_head":"<!-- This site is optimized with the Yoast SEO plugin v27.4 - https:\/\/yoast.com\/product\/yoast-seo-wordpress\/ -->\n<title>8ft Boogeyman Animated Prop | Mad About Horror<\/title>\n<meta name=\"robots\" content=\"index, follow, max-snippet:-1, max-image-preview:large, max-video-preview:-1\" \/>\n<link rel=\"canonical\" href=\"https:\/\/madabouthorror.co.uk\/fr\/product\/8ft-boogeyman-animated-prop\/\" \/>\n<meta property=\"og:locale\" content=\"fr_FR\" \/>\n<meta property=\"og:type\" content=\"article\" \/>\n<meta property=\"og:title\" content=\"8ft Boogeyman Animated Prop | Mad About Horror\" \/>\n<meta property=\"og:description\" content=\"Create a spine-chilling effect with this 8 ft. Animated Boogeyman. It features a sensor that activates movement, lights and speech. Place this in your home as a great addition to your Halloween decor. The LED light-up lights bring a ghoulish glow. Sensor activates movement, speech and lights upon detecting motion Animated Boogeyman is ideal for [&hellip;]\" \/>\n<meta property=\"og:url\" content=\"https:\/\/madabouthorror.co.uk\/fr\/product\/8ft-boogeyman-animated-prop\/\" \/>\n<meta property=\"og:site_name\" content=\"Mad About Horror\" \/>\n<meta property=\"article:publisher\" content=\"https:\/\/www.facebook.com\/madabouthorror\/\" \/>\n<meta property=\"article:modified_time\" content=\"2025-11-20T12:43:45+00:00\" \/>\n<meta property=\"og:image\" content=\"https:\/\/madabouthorror.co.uk\/wp-content\/uploads\/2023\/10\/home-accents-holiday-halloween-animatronics-23sv23839-e1_600.jpg.webp\" \/>\n\t<meta property=\"og:image:width\" content=\"600\" \/>\n\t<meta property=\"og:image:height\" content=\"600\" \/>\n\t<meta property=\"og:image:type\" content=\"image\/webp\" \/>\n<meta name=\"twitter:card\" content=\"summary_large_image\" \/>\n<meta name=\"twitter:label1\" content=\"Dur\u00e9e de lecture estim\u00e9e\" \/>\n\t<meta name=\"twitter:data1\" content=\"1 minute\" \/>\n<script type=\"application\/ld+json\" class=\"yoast-schema-graph\">{\"@context\":\"https:\\\/\\\/schema.org\",\"@graph\":[{\"@type\":[\"WebPage\",\"ItemPage\"],\"@id\":\"https:\\\/\\\/madabouthorror.co.uk\\\/product\\\/8ft-boogeyman-animated-prop\\\/\",\"url\":\"https:\\\/\\\/madabouthorror.co.uk\\\/product\\\/8ft-boogeyman-animated-prop\\\/\",\"name\":\"8ft Boogeyman Animated Prop | Mad About Horror\",\"isPartOf\":{\"@id\":\"https:\\\/\\\/madabouthorror.co.uk\\\/#website\"},\"primaryImageOfPage\":{\"@id\":\"https:\\\/\\\/madabouthorror.co.uk\\\/product\\\/8ft-boogeyman-animated-prop\\\/#primaryimage\"},\"image\":{\"@id\":\"https:\\\/\\\/madabouthorror.co.uk\\\/product\\\/8ft-boogeyman-animated-prop\\\/#primaryimage\"},\"thumbnailUrl\":\"https:\\\/\\\/madabouthorror.co.uk\\\/wp-content\\\/uploads\\\/2023\\\/10\\\/home-accents-holiday-halloween-animatronics-23sv23839-e1_600.jpg.webp\",\"datePublished\":\"2023-10-09T11:48:36+00:00\",\"dateModified\":\"2025-11-20T12:43:45+00:00\",\"breadcrumb\":{\"@id\":\"https:\\\/\\\/madabouthorror.co.uk\\\/product\\\/8ft-boogeyman-animated-prop\\\/#breadcrumb\"},\"inLanguage\":\"fr-FR\",\"potentialAction\":[{\"@type\":\"ReadAction\",\"target\":[\"https:\\\/\\\/madabouthorror.co.uk\\\/product\\\/8ft-boogeyman-animated-prop\\\/\"]}]},{\"@type\":\"ImageObject\",\"inLanguage\":\"fr-FR\",\"@id\":\"https:\\\/\\\/madabouthorror.co.uk\\\/product\\\/8ft-boogeyman-animated-prop\\\/#primaryimage\",\"url\":\"https:\\\/\\\/madabouthorror.co.uk\\\/wp-content\\\/uploads\\\/2023\\\/10\\\/home-accents-holiday-halloween-animatronics-23sv23839-e1_600.jpg.webp\",\"contentUrl\":\"https:\\\/\\\/madabouthorror.co.uk\\\/wp-content\\\/uploads\\\/2023\\\/10\\\/home-accents-holiday-halloween-animatronics-23sv23839-e1_600.jpg.webp\",\"width\":600,\"height\":600,\"caption\":\"8ft boogeyman animated halloween prop\"},{\"@type\":\"BreadcrumbList\",\"@id\":\"https:\\\/\\\/madabouthorror.co.uk\\\/product\\\/8ft-boogeyman-animated-prop\\\/#breadcrumb\",\"itemListElement\":[{\"@type\":\"ListItem\",\"position\":1,\"name\":\"Shop\",\"item\":\"https:\\\/\\\/madabouthorror.co.uk\\\/shop\\\/\"},{\"@type\":\"ListItem\",\"position\":2,\"name\":\"8ft Boogeyman Animated Prop\"}]},{\"@type\":\"WebSite\",\"@id\":\"https:\\\/\\\/madabouthorror.co.uk\\\/#website\",\"url\":\"https:\\\/\\\/madabouthorror.co.uk\\\/\",\"name\":\"Mad About Horror\",\"description\":\"\",\"publisher\":{\"@id\":\"https:\\\/\\\/madabouthorror.co.uk\\\/#organization\"},\"alternateName\":\"Mad About Horror Limited\",\"potentialAction\":[{\"@type\":\"SearchAction\",\"target\":{\"@type\":\"EntryPoint\",\"urlTemplate\":\"https:\\\/\\\/madabouthorror.co.uk\\\/?s={search_term_string}\"},\"query-input\":{\"@type\":\"PropertyValueSpecification\",\"valueRequired\":true,\"valueName\":\"search_term_string\"}}],\"inLanguage\":\"fr-FR\"},{\"@type\":\"Organization\",\"@id\":\"https:\\\/\\\/madabouthorror.co.uk\\\/#organization\",\"name\":\"Mad About Horror\",\"url\":\"https:\\\/\\\/madabouthorror.co.uk\\\/\",\"logo\":{\"@type\":\"ImageObject\",\"inLanguage\":\"fr-FR\",\"@id\":\"https:\\\/\\\/madabouthorror.co.uk\\\/#\\\/schema\\\/logo\\\/image\\\/\",\"url\":\"https:\\\/\\\/madabouthorror.co.uk\\\/wp-content\\\/uploads\\\/2024\\\/02\\\/cropped-Logo.png\",\"contentUrl\":\"https:\\\/\\\/madabouthorror.co.uk\\\/wp-content\\\/uploads\\\/2024\\\/02\\\/cropped-Logo.png\",\"width\":240,\"height\":88,\"caption\":\"Mad About Horror\"},\"image\":{\"@id\":\"https:\\\/\\\/madabouthorror.co.uk\\\/#\\\/schema\\\/logo\\\/image\\\/\"},\"sameAs\":[\"https:\\\/\\\/www.facebook.com\\\/madabouthorror\\\/\",\"https:\\\/\\\/www.instagram.com\\\/madabouthorror\\\/\",\"https:\\\/\\\/www.pinterest.co.uk\\\/madabouthorror\\\/\",\"https:\\\/\\\/www.youtube.com\\\/channel\\\/UCBooLOIxjoQ89dj6T5lWm_w\",\"https:\\\/\\\/www.tiktok.com\\\/@weremadabouthorror\"]}]}<\/script>\n<!-- \/ Yoast SEO plugin. -->","yoast_head_json":{"title":"8ft Boogeyman Animated Prop | Mad About Horror","robots":{"index":"index","follow":"follow","max-snippet":"max-snippet:-1","max-image-preview":"max-image-preview:large","max-video-preview":"max-video-preview:-1"},"canonical":"https:\/\/madabouthorror.co.uk\/fr\/product\/8ft-boogeyman-animated-prop\/","og_locale":"fr_FR","og_type":"article","og_title":"8ft Boogeyman Animated Prop | Mad About Horror","og_description":"Create a spine-chilling effect with this 8 ft. Animated Boogeyman. It features a sensor that activates movement, lights and speech. Place this in your home as a great addition to your Halloween decor. The LED light-up lights bring a ghoulish glow. Sensor activates movement, speech and lights upon detecting motion Animated Boogeyman is ideal for [&hellip;]","og_url":"https:\/\/madabouthorror.co.uk\/fr\/product\/8ft-boogeyman-animated-prop\/","og_site_name":"Mad About Horror","article_publisher":"https:\/\/www.facebook.com\/madabouthorror\/","article_modified_time":"2025-11-20T12:43:45+00:00","og_image":[{"width":600,"height":600,"url":"https:\/\/madabouthorror.co.uk\/wp-content\/uploads\/2023\/10\/home-accents-holiday-halloween-animatronics-23sv23839-e1_600.jpg.webp","type":"image\/webp"}],"twitter_card":"summary_large_image","twitter_misc":{"Dur\u00e9e de lecture estim\u00e9e":"1 minute"},"schema":{"@context":"https:\/\/schema.org","@graph":[{"@type":["WebPage","ItemPage"],"@id":"https:\/\/madabouthorror.co.uk\/product\/8ft-boogeyman-animated-prop\/","url":"https:\/\/madabouthorror.co.uk\/product\/8ft-boogeyman-animated-prop\/","name":"8ft Boogeyman Animated Prop | Mad About Horror","isPartOf":{"@id":"https:\/\/madabouthorror.co.uk\/#website"},"primaryImageOfPage":{"@id":"https:\/\/madabouthorror.co.uk\/product\/8ft-boogeyman-animated-prop\/#primaryimage"},"image":{"@id":"https:\/\/madabouthorror.co.uk\/product\/8ft-boogeyman-animated-prop\/#primaryimage"},"thumbnailUrl":"https:\/\/madabouthorror.co.uk\/wp-content\/uploads\/2023\/10\/home-accents-holiday-halloween-animatronics-23sv23839-e1_600.jpg.webp","datePublished":"2023-10-09T11:48:36+00:00","dateModified":"2025-11-20T12:43:45+00:00","breadcrumb":{"@id":"https:\/\/madabouthorror.co.uk\/product\/8ft-boogeyman-animated-prop\/#breadcrumb"},"inLanguage":"fr-FR","potentialAction":[{"@type":"ReadAction","target":["https:\/\/madabouthorror.co.uk\/product\/8ft-boogeyman-animated-prop\/"]}]},{"@type":"ImageObject","inLanguage":"fr-FR","@id":"https:\/\/madabouthorror.co.uk\/product\/8ft-boogeyman-animated-prop\/#primaryimage","url":"https:\/\/madabouthorror.co.uk\/wp-content\/uploads\/2023\/10\/home-accents-holiday-halloween-animatronics-23sv23839-e1_600.jpg.webp","contentUrl":"https:\/\/madabouthorror.co.uk\/wp-content\/uploads\/2023\/10\/home-accents-holiday-halloween-animatronics-23sv23839-e1_600.jpg.webp","width":600,"height":600,"caption":"8ft boogeyman animated halloween prop"},{"@type":"BreadcrumbList","@id":"https:\/\/madabouthorror.co.uk\/product\/8ft-boogeyman-animated-prop\/#breadcrumb","itemListElement":[{"@type":"ListItem","position":1,"name":"Shop","item":"https:\/\/madabouthorror.co.uk\/shop\/"},{"@type":"ListItem","position":2,"name":"8ft Boogeyman Animated Prop"}]},{"@type":"WebSite","@id":"https:\/\/madabouthorror.co.uk\/#website","url":"https:\/\/madabouthorror.co.uk\/","name":"L'horreur en folie","description":"","publisher":{"@id":"https:\/\/madabouthorror.co.uk\/#organization"},"alternateName":"Mad About Horror Limited","potentialAction":[{"@type":"SearchAction","target":{"@type":"EntryPoint","urlTemplate":"https:\/\/madabouthorror.co.uk\/?s={search_term_string}"},"query-input":{"@type":"PropertyValueSpecification","valueRequired":true,"valueName":"search_term_string"}}],"inLanguage":"fr-FR"},{"@type":"Organization","@id":"https:\/\/madabouthorror.co.uk\/#organization","name":"L'horreur en folie","url":"https:\/\/madabouthorror.co.uk\/","logo":{"@type":"ImageObject","inLanguage":"fr-FR","@id":"https:\/\/madabouthorror.co.uk\/#\/schema\/logo\/image\/","url":"https:\/\/madabouthorror.co.uk\/wp-content\/uploads\/2024\/02\/cropped-Logo.png","contentUrl":"https:\/\/madabouthorror.co.uk\/wp-content\/uploads\/2024\/02\/cropped-Logo.png","width":240,"height":88,"caption":"Mad About Horror"},"image":{"@id":"https:\/\/madabouthorror.co.uk\/#\/schema\/logo\/image\/"},"sameAs":["https:\/\/www.facebook.com\/madabouthorror\/","https:\/\/www.instagram.com\/madabouthorror\/","https:\/\/www.pinterest.co.uk\/madabouthorror\/","https:\/\/www.youtube.com\/channel\/UCBooLOIxjoQ89dj6T5lWm_w","https:\/\/www.tiktok.com\/@weremadabouthorror"]}]}},"df_price":416.62,"df_sale_price":"","df_regular_price":416.62,"df_image_link":"https:\/\/madabouthorror.co.uk\/wp-content\/uploads\/2023\/10\/home-accents-holiday-halloween-animatronics-23sv23839-e1_600.jpg-300x300.webp","_links":{"self":[{"href":"https:\/\/madabouthorror.co.uk\/fr\/wp-json\/wp\/v2\/product\/460776","targetHints":{"allow":["GET"]}}],"collection":[{"href":"https:\/\/madabouthorror.co.uk\/fr\/wp-json\/wp\/v2\/product"}],"about":[{"href":"https:\/\/madabouthorror.co.uk\/fr\/wp-json\/wp\/v2\/types\/product"}],"replies":[{"embeddable":true,"href":"https:\/\/madabouthorror.co.uk\/fr\/wp-json\/wp\/v2\/comments?post=460776"}],"wp:featuredmedia":[{"embeddable":true,"href":"https:\/\/madabouthorror.co.uk\/fr\/wp-json\/wp\/v2\/media\/460779"}],"wp:attachment":[{"href":"https:\/\/madabouthorror.co.uk\/fr\/wp-json\/wp\/v2\/media?parent=460776"}],"wp:term":[{"taxonomy":"product_brand","embeddable":true,"href":"https:\/\/madabouthorror.co.uk\/fr\/wp-json\/wp\/v2\/product_brand?post=460776"},{"taxonomy":"product_cat","embeddable":true,"href":"https:\/\/madabouthorror.co.uk\/fr\/wp-json\/wp\/v2\/product_cat?post=460776"},{"taxonomy":"product_tag","embeddable":true,"href":"https:\/\/madabouthorror.co.uk\/fr\/wp-json\/wp\/v2\/product_tag?post=460776"}],"curies":[{"name":"wp","href":"https:\/\/api.w.org\/{rel}","templated":true}]}}