{"id":46146,"date":"2020-10-27T20:44:22","date_gmt":"2020-10-27T20:44:22","guid":{"rendered":"https:\/\/mah.6bdv.ws\/product\/stitched-flesh-female-mask\/"},"modified":"2025-10-07T13:29:38","modified_gmt":"2025-10-07T12:29:38","slug":"stitched-flesh-female-mask","status":"publish","type":"product","link":"https:\/\/madabouthorror.co.uk\/fr\/product\/stitched-flesh-female-mask\/","title":{"rendered":"Chair cousue Femme"},"content":{"rendered":"<h4>Chair cousue<\/h4>\n<p>Masque f\u00e9minin, finition charnue.<\/p>\n<p>Chaque masque est fabriqu\u00e9 \u00e0 la main en latex RD-407, le latex industriel le plus fiable et le plus durable qui soit. Les masques sont peints dans les moindres d\u00e9tails et sont suffisamment r\u00e9sistants pour survivre \u00e0 n'importe quelle saison de hantise ou d'\u00e9pouvante.<\/p>\n<p>Courroie r\u00e9glable, taille unique<\/p>","protected":false},"excerpt":{"rendered":"<p>Masque f\u00e9minin cousu, finition charnue. Chaque masque est fabriqu\u00e9 \u00e0 la main en latex RD-407, le latex industriel le plus fiable et le plus durable qui soit. Peint dans les moindres d\u00e9tails et suffisamment r\u00e9sistant pour survivre \u00e0 toute saison de hantise ou d'\u00e9pouvante. Courroie ajustable, taille unique<\/p>","protected":false},"featured_media":46142,"comment_status":"closed","ping_status":"closed","template":"","meta":{"_acf_changed":false},"product_brand":[],"product_cat":[6542,6541,7098,7101,6543,6824],"product_tag":[],"class_list":{"0":"post-46146","1":"product","2":"type-product","3":"status-publish","4":"has-post-thumbnail","6":"product_cat-premium-masks","7":"product_cat-masks","8":"product_cat-butchers-shop","9":"product_cat-hillbilly","10":"product_cat-professional","11":"product_cat-professional-masks","12":"pa_brand-madabouthorror","13":"pa_character-other","14":"pa_google_tax-ba-artsentertainmenthobbiescr","15":"pa_material-containslatex","17":"first","18":"outofstock","19":"taxable","20":"shipping-taxable","21":"purchasable","22":"product-type-simple"},"supplier_id":467896,"supplier_sku":"","barcode":"","atum_controlled":true,"out_stock_date":"2025-10-07 13:29:39","out_stock_threshold":null,"inheritable":false,"inbound_stock":0,"stock_on_hold":0,"sold_today":0,"sales_last_days":0,"reserved_stock":0,"customer_returns":0,"warehouse_damage":0,"lost_in_post":0,"other_logs":0,"out_stock_days":207,"lost_sales":3694,"has_location":false,"update_date":"2026-05-03T00:42:43","atum_locations":[],"atum_stock_status":"outofstock","restock_status":false,"low_stock_amount":"","sales_update_date":"2026-05-03T00:42:42","calc_backorders":null,"acf":[],"yoast_head":"<!-- This site is optimized with the Yoast SEO plugin v27.5 - https:\/\/yoast.com\/product\/yoast-seo-wordpress\/ -->\n<title>Stitched Rotten Female | Latex Horror Mask | Mad About Horror<\/title>\n<meta name=\"description\" content=\"Gory latex mask. Hand sculpted and highly detailed. Perfect for a Horror event. Shipped by Mad About Horror. Call 01482 935936\" \/>\n<meta name=\"robots\" content=\"index, follow, max-snippet:-1, max-image-preview:large, max-video-preview:-1\" \/>\n<link rel=\"canonical\" href=\"https:\/\/madabouthorror.co.uk\/fr\/product\/stitched-flesh-female-mask\/\" \/>\n<meta property=\"og:locale\" content=\"fr_FR\" \/>\n<meta property=\"og:type\" content=\"article\" \/>\n<meta property=\"og:title\" content=\"Stitched Rotten Female | Latex Horror Mask | Mad About Horror\" \/>\n<meta property=\"og:description\" content=\"Gory latex mask. Hand sculpted and highly detailed. Perfect for a Horror event. Shipped by Mad About Horror. Call 01482 935936\" \/>\n<meta property=\"og:url\" content=\"https:\/\/madabouthorror.co.uk\/fr\/product\/stitched-flesh-female-mask\/\" \/>\n<meta property=\"og:site_name\" content=\"Mad About Horror\" \/>\n<meta property=\"article:publisher\" content=\"https:\/\/www.facebook.com\/madabouthorror\/\" \/>\n<meta property=\"article:modified_time\" content=\"2025-10-07T12:29:38+00:00\" \/>\n<meta property=\"og:image\" content=\"https:\/\/madabouthorror.co.uk\/wp-content\/uploads\/2020\/10\/stitched_rotten_mask_1.jpg\" \/>\n\t<meta property=\"og:image:width\" content=\"1000\" \/>\n\t<meta property=\"og:image:height\" content=\"1000\" \/>\n\t<meta property=\"og:image:type\" content=\"image\/jpeg\" \/>\n<meta name=\"twitter:card\" content=\"summary_large_image\" \/>\n<script type=\"application\/ld+json\" class=\"yoast-schema-graph\">{\"@context\":\"https:\\\/\\\/schema.org\",\"@graph\":[{\"@type\":[\"WebPage\",\"ItemPage\"],\"@id\":\"https:\\\/\\\/madabouthorror.co.uk\\\/product\\\/stitched-flesh-female-mask\\\/\",\"url\":\"https:\\\/\\\/madabouthorror.co.uk\\\/product\\\/stitched-flesh-female-mask\\\/\",\"name\":\"Stitched Rotten Female | Latex Horror Mask | Mad About Horror\",\"isPartOf\":{\"@id\":\"https:\\\/\\\/madabouthorror.co.uk\\\/#website\"},\"primaryImageOfPage\":{\"@id\":\"https:\\\/\\\/madabouthorror.co.uk\\\/product\\\/stitched-flesh-female-mask\\\/#primaryimage\"},\"image\":{\"@id\":\"https:\\\/\\\/madabouthorror.co.uk\\\/product\\\/stitched-flesh-female-mask\\\/#primaryimage\"},\"thumbnailUrl\":\"https:\\\/\\\/madabouthorror.co.uk\\\/wp-content\\\/uploads\\\/2020\\\/10\\\/stitched_rotten_mask_1.jpg\",\"datePublished\":\"2020-10-27T20:44:22+00:00\",\"dateModified\":\"2025-10-07T12:29:38+00:00\",\"description\":\"Gory latex mask. Hand sculpted and highly detailed. Perfect for a Horror event. Shipped by Mad About Horror. Call 01482 935936\",\"breadcrumb\":{\"@id\":\"https:\\\/\\\/madabouthorror.co.uk\\\/product\\\/stitched-flesh-female-mask\\\/#breadcrumb\"},\"inLanguage\":\"fr-FR\",\"potentialAction\":[{\"@type\":\"ReadAction\",\"target\":[\"https:\\\/\\\/madabouthorror.co.uk\\\/product\\\/stitched-flesh-female-mask\\\/\"]}]},{\"@type\":\"ImageObject\",\"inLanguage\":\"fr-FR\",\"@id\":\"https:\\\/\\\/madabouthorror.co.uk\\\/product\\\/stitched-flesh-female-mask\\\/#primaryimage\",\"url\":\"https:\\\/\\\/madabouthorror.co.uk\\\/wp-content\\\/uploads\\\/2020\\\/10\\\/stitched_rotten_mask_1.jpg\",\"contentUrl\":\"https:\\\/\\\/madabouthorror.co.uk\\\/wp-content\\\/uploads\\\/2020\\\/10\\\/stitched_rotten_mask_1.jpg\",\"width\":1000,\"height\":1000,\"caption\":\"Stitched Flesh Female Mask-0\"},{\"@type\":\"BreadcrumbList\",\"@id\":\"https:\\\/\\\/madabouthorror.co.uk\\\/product\\\/stitched-flesh-female-mask\\\/#breadcrumb\",\"itemListElement\":[{\"@type\":\"ListItem\",\"position\":1,\"name\":\"Shop\",\"item\":\"https:\\\/\\\/madabouthorror.co.uk\\\/shop\\\/\"},{\"@type\":\"ListItem\",\"position\":2,\"name\":\"Stitched Flesh Female\"}]},{\"@type\":\"WebSite\",\"@id\":\"https:\\\/\\\/madabouthorror.co.uk\\\/#website\",\"url\":\"https:\\\/\\\/madabouthorror.co.uk\\\/\",\"name\":\"Mad About Horror\",\"description\":\"\",\"publisher\":{\"@id\":\"https:\\\/\\\/madabouthorror.co.uk\\\/#organization\"},\"alternateName\":\"Mad About Horror Limited\",\"potentialAction\":[{\"@type\":\"SearchAction\",\"target\":{\"@type\":\"EntryPoint\",\"urlTemplate\":\"https:\\\/\\\/madabouthorror.co.uk\\\/?s={search_term_string}\"},\"query-input\":{\"@type\":\"PropertyValueSpecification\",\"valueRequired\":true,\"valueName\":\"search_term_string\"}}],\"inLanguage\":\"fr-FR\"},{\"@type\":\"Organization\",\"@id\":\"https:\\\/\\\/madabouthorror.co.uk\\\/#organization\",\"name\":\"Mad About Horror\",\"url\":\"https:\\\/\\\/madabouthorror.co.uk\\\/\",\"logo\":{\"@type\":\"ImageObject\",\"inLanguage\":\"fr-FR\",\"@id\":\"https:\\\/\\\/madabouthorror.co.uk\\\/#\\\/schema\\\/logo\\\/image\\\/\",\"url\":\"https:\\\/\\\/madabouthorror.co.uk\\\/wp-content\\\/uploads\\\/2024\\\/02\\\/cropped-Logo.png\",\"contentUrl\":\"https:\\\/\\\/madabouthorror.co.uk\\\/wp-content\\\/uploads\\\/2024\\\/02\\\/cropped-Logo.png\",\"width\":240,\"height\":88,\"caption\":\"Mad About Horror\"},\"image\":{\"@id\":\"https:\\\/\\\/madabouthorror.co.uk\\\/#\\\/schema\\\/logo\\\/image\\\/\"},\"sameAs\":[\"https:\\\/\\\/www.facebook.com\\\/madabouthorror\\\/\",\"https:\\\/\\\/www.instagram.com\\\/madabouthorror\\\/\",\"https:\\\/\\\/www.pinterest.co.uk\\\/madabouthorror\\\/\",\"https:\\\/\\\/www.youtube.com\\\/channel\\\/UCBooLOIxjoQ89dj6T5lWm_w\",\"https:\\\/\\\/www.tiktok.com\\\/@weremadabouthorror\"]}]}<\/script>\n<!-- \/ Yoast SEO plugin. -->","yoast_head_json":{"title":"Masque d'horreur en latex | Mad About Horror","description":"Masque gore en latex. Sculpt\u00e9 \u00e0 la main et tr\u00e8s d\u00e9taill\u00e9. Parfait pour un \u00e9v\u00e9nement d'horreur. Exp\u00e9di\u00e9 par Mad About Horror. Appelez le 01482 935936","robots":{"index":"index","follow":"follow","max-snippet":"max-snippet:-1","max-image-preview":"max-image-preview:large","max-video-preview":"max-video-preview:-1"},"canonical":"https:\/\/madabouthorror.co.uk\/fr\/product\/stitched-flesh-female-mask\/","og_locale":"fr_FR","og_type":"article","og_title":"Stitched Rotten Female | Latex Horror Mask | Mad About Horror","og_description":"Gory latex mask. Hand sculpted and highly detailed. Perfect for a Horror event. Shipped by Mad About Horror. Call 01482 935936","og_url":"https:\/\/madabouthorror.co.uk\/fr\/product\/stitched-flesh-female-mask\/","og_site_name":"Mad About Horror","article_publisher":"https:\/\/www.facebook.com\/madabouthorror\/","article_modified_time":"2025-10-07T12:29:38+00:00","og_image":[{"width":1000,"height":1000,"url":"https:\/\/madabouthorror.co.uk\/wp-content\/uploads\/2020\/10\/stitched_rotten_mask_1.jpg","type":"image\/jpeg"}],"twitter_card":"summary_large_image","schema":{"@context":"https:\/\/schema.org","@graph":[{"@type":["WebPage","ItemPage"],"@id":"https:\/\/madabouthorror.co.uk\/product\/stitched-flesh-female-mask\/","url":"https:\/\/madabouthorror.co.uk\/product\/stitched-flesh-female-mask\/","name":"Masque d'horreur en latex | Mad About Horror","isPartOf":{"@id":"https:\/\/madabouthorror.co.uk\/#website"},"primaryImageOfPage":{"@id":"https:\/\/madabouthorror.co.uk\/product\/stitched-flesh-female-mask\/#primaryimage"},"image":{"@id":"https:\/\/madabouthorror.co.uk\/product\/stitched-flesh-female-mask\/#primaryimage"},"thumbnailUrl":"https:\/\/madabouthorror.co.uk\/wp-content\/uploads\/2020\/10\/stitched_rotten_mask_1.jpg","datePublished":"2020-10-27T20:44:22+00:00","dateModified":"2025-10-07T12:29:38+00:00","description":"Masque gore en latex. Sculpt\u00e9 \u00e0 la main et tr\u00e8s d\u00e9taill\u00e9. Parfait pour un \u00e9v\u00e9nement d'horreur. Exp\u00e9di\u00e9 par Mad About Horror. Appelez le 01482 935936","breadcrumb":{"@id":"https:\/\/madabouthorror.co.uk\/product\/stitched-flesh-female-mask\/#breadcrumb"},"inLanguage":"fr-FR","potentialAction":[{"@type":"ReadAction","target":["https:\/\/madabouthorror.co.uk\/product\/stitched-flesh-female-mask\/"]}]},{"@type":"ImageObject","inLanguage":"fr-FR","@id":"https:\/\/madabouthorror.co.uk\/product\/stitched-flesh-female-mask\/#primaryimage","url":"https:\/\/madabouthorror.co.uk\/wp-content\/uploads\/2020\/10\/stitched_rotten_mask_1.jpg","contentUrl":"https:\/\/madabouthorror.co.uk\/wp-content\/uploads\/2020\/10\/stitched_rotten_mask_1.jpg","width":1000,"height":1000,"caption":"Stitched Flesh Female Mask-0"},{"@type":"BreadcrumbList","@id":"https:\/\/madabouthorror.co.uk\/product\/stitched-flesh-female-mask\/#breadcrumb","itemListElement":[{"@type":"ListItem","position":1,"name":"Shop","item":"https:\/\/madabouthorror.co.uk\/shop\/"},{"@type":"ListItem","position":2,"name":"Stitched Flesh Female"}]},{"@type":"WebSite","@id":"https:\/\/madabouthorror.co.uk\/#website","url":"https:\/\/madabouthorror.co.uk\/","name":"L'horreur en folie","description":"","publisher":{"@id":"https:\/\/madabouthorror.co.uk\/#organization"},"alternateName":"Mad About Horror Limited","potentialAction":[{"@type":"SearchAction","target":{"@type":"EntryPoint","urlTemplate":"https:\/\/madabouthorror.co.uk\/?s={search_term_string}"},"query-input":{"@type":"PropertyValueSpecification","valueRequired":true,"valueName":"search_term_string"}}],"inLanguage":"fr-FR"},{"@type":"Organization","@id":"https:\/\/madabouthorror.co.uk\/#organization","name":"L'horreur en folie","url":"https:\/\/madabouthorror.co.uk\/","logo":{"@type":"ImageObject","inLanguage":"fr-FR","@id":"https:\/\/madabouthorror.co.uk\/#\/schema\/logo\/image\/","url":"https:\/\/madabouthorror.co.uk\/wp-content\/uploads\/2024\/02\/cropped-Logo.png","contentUrl":"https:\/\/madabouthorror.co.uk\/wp-content\/uploads\/2024\/02\/cropped-Logo.png","width":240,"height":88,"caption":"Mad About Horror"},"image":{"@id":"https:\/\/madabouthorror.co.uk\/#\/schema\/logo\/image\/"},"sameAs":["https:\/\/www.facebook.com\/madabouthorror\/","https:\/\/www.instagram.com\/madabouthorror\/","https:\/\/www.pinterest.co.uk\/madabouthorror\/","https:\/\/www.youtube.com\/channel\/UCBooLOIxjoQ89dj6T5lWm_w","https:\/\/www.tiktok.com\/@weremadabouthorror"]}]}},"df_price":124.95,"df_sale_price":"","df_regular_price":124.95,"df_image_link":"https:\/\/madabouthorror.co.uk\/wp-content\/uploads\/2020\/10\/stitched_rotten_mask_1-300x300.jpg","_links":{"self":[{"href":"https:\/\/madabouthorror.co.uk\/fr\/wp-json\/wp\/v2\/product\/46146","targetHints":{"allow":["GET"]}}],"collection":[{"href":"https:\/\/madabouthorror.co.uk\/fr\/wp-json\/wp\/v2\/product"}],"about":[{"href":"https:\/\/madabouthorror.co.uk\/fr\/wp-json\/wp\/v2\/types\/product"}],"replies":[{"embeddable":true,"href":"https:\/\/madabouthorror.co.uk\/fr\/wp-json\/wp\/v2\/comments?post=46146"}],"wp:featuredmedia":[{"embeddable":true,"href":"https:\/\/madabouthorror.co.uk\/fr\/wp-json\/wp\/v2\/media\/46142"}],"wp:attachment":[{"href":"https:\/\/madabouthorror.co.uk\/fr\/wp-json\/wp\/v2\/media?parent=46146"}],"wp:term":[{"taxonomy":"product_brand","embeddable":true,"href":"https:\/\/madabouthorror.co.uk\/fr\/wp-json\/wp\/v2\/product_brand?post=46146"},{"taxonomy":"product_cat","embeddable":true,"href":"https:\/\/madabouthorror.co.uk\/fr\/wp-json\/wp\/v2\/product_cat?post=46146"},{"taxonomy":"product_tag","embeddable":true,"href":"https:\/\/madabouthorror.co.uk\/fr\/wp-json\/wp\/v2\/product_tag?post=46146"}],"curies":[{"name":"wp","href":"https:\/\/api.w.org\/{rel}","templated":true}]}}