{"id":46559,"date":"2020-12-10T10:31:11","date_gmt":"2020-12-10T10:31:11","guid":{"rendered":"https:\/\/mah.6bdv.ws\/product\/halloween-4-the-return-of-michael-myers-butcher-knife\/"},"modified":"2026-04-29T11:38:28","modified_gmt":"2026-04-29T10:38:28","slug":"halloween-4-the-return-of-michael-myers-butcher-knife","status":"publish","type":"product","link":"https:\/\/madabouthorror.co.uk\/fr\/product\/halloween-4-the-return-of-michael-myers-butcher-knife\/","title":{"rendered":"Halloween 4 : Le retour de Michael Myers Couteau de boucher"},"content":{"rendered":"<h4>Halloween 4 : Le retour de Michael Myers Couteau de boucher<\/h4>\n<p>Sculpt\u00e9 par Tim Miller.<\/p>\n<p>Trick or Treat Studios et Trancas International Pictures sont fiers de pr\u00e9senter le couteau de boucher officiel d'Halloween 4 Le retour de Michael Myers !<\/p>\n<p>Ce couteau de boucher est une r\u00e9plique du couteau utilis\u00e9 par l'un des tueurs en s\u00e9rie les plus c\u00e9l\u00e8bres de tous les temps, lors de son retour dans Halloween 4 : Le retour de Michael Myers.<\/p>\n<p>Le couteau de boucher officiel d'Halloween 4 Le retour de Michael Myers mesure 18 1\/4\u2033 de long de la poign\u00e9e \u00e0 la pointe. Ce couteau incroyable est moul\u00e9 par injection avec une lame \u00e9lectroplaqu\u00e9e, ce qui lui donne un aspect tout \u00e0 fait r\u00e9aliste.&nbsp;<\/p>\n<p>Alors, procurez-vous le couteau de boucher d'Halloween 4 Le retour de Michael Myers et notre masque d'Halloween 4 Le retour de Michael Myers et c\u00e9l\u00e9brez le retour de Michael Myers !<\/p>\n<p><em>2018 Trancas International Films, Inc. Tous droits r\u00e9serv\u00e9s.<\/em><\/p>","protected":false},"excerpt":{"rendered":"<p>Halloween 4 : Le Retour de Michael Myers Couteau de Boucher Sculpt\u00e9 par Tim Miller. Trick or Treat Studios et Trancas International Pictures sont fiers de pr\u00e9senter le couteau de boucher officiel d'Halloween 4 : Le retour de Michael Myers ! Ce couteau de boucher est une r\u00e9plique du couteau utilis\u00e9 par l'un des plus c\u00e9l\u00e8bres tueurs en s\u00e9rie du [...]<\/p>","protected":false},"featured_media":46558,"comment_status":"closed","ping_status":"closed","template":"","meta":{"_acf_changed":false},"product_brand":[],"product_cat":[10132,10105,10078,6537,7091,6551,10038,6784,6552,6554,6792,6660],"product_tag":[],"class_list":{"0":"post-46559","1":"product","2":"type-product","3":"status-publish","4":"has-post-thumbnail","6":"product_cat-masks-collectibles","7":"product_cat-replica-knives","8":"product_cat-weapons-trick-or-treat-studios","9":"product_cat-collectibles","10":"product_cat-tv-movie","11":"product_cat-costumes","12":"product_cat-horror-gifts","13":"product_cat-michael-myers","14":"product_cat-accessories","15":"product_cat-weapons","16":"product_cat-trick-or-treat-studios","17":"product_cat-halloweenmichaelmyers","18":"product_shipping_class-small-parcel-economy-3-5-business-days","20":"first","21":"instock","22":"taxable","23":"shipping-taxable","24":"purchasable","25":"product-type-simple"},"supplier_id":471029,"supplier_sku":"TMTI101","barcode":"811501035657","atum_controlled":true,"out_stock_date":null,"out_stock_threshold":null,"inheritable":false,"inbound_stock":10,"stock_on_hold":0,"sold_today":0,"sales_last_days":1,"reserved_stock":0,"customer_returns":0,"warehouse_damage":0,"lost_in_post":0,"other_logs":0,"out_stock_days":0,"lost_sales":0,"has_location":false,"update_date":"2026-05-04T02:15:57","atum_locations":[],"atum_stock_status":"instock","restock_status":false,"low_stock_amount":9,"sales_update_date":"2026-05-04T02:15:56","calc_backorders":null,"acf":[],"yoast_head":"<!-- This site is optimized with the Yoast SEO plugin v27.5 - https:\/\/yoast.com\/product\/yoast-seo-wordpress\/ -->\n<title>Halloween 4 Michael Myers Butcher Knife | Mad About Horror<\/title>\n<meta name=\"description\" content=\"Trick or Treat Studios officially licenced, Halloween 4 Michael Myers replica butcher knife. Shipped by Mad About Horror. Call 001482 935936\" \/>\n<meta name=\"robots\" content=\"index, follow, max-snippet:-1, max-image-preview:large, max-video-preview:-1\" \/>\n<link rel=\"canonical\" href=\"https:\/\/madabouthorror.co.uk\/fr\/product\/halloween-4-the-return-of-michael-myers-butcher-knife\/\" \/>\n<meta property=\"og:locale\" content=\"fr_FR\" \/>\n<meta property=\"og:type\" content=\"article\" \/>\n<meta property=\"og:title\" content=\"Halloween 4 Michael Myers Butcher Knife | Mad About Horror\" \/>\n<meta property=\"og:description\" content=\"Trick or Treat Studios officially licenced, Halloween 4 Michael Myers replica butcher knife. Shipped by Mad About Horror. Call 001482 935936\" \/>\n<meta property=\"og:url\" content=\"https:\/\/madabouthorror.co.uk\/fr\/product\/halloween-4-the-return-of-michael-myers-butcher-knife\/\" \/>\n<meta property=\"og:site_name\" content=\"Mad About Horror\" \/>\n<meta property=\"article:publisher\" content=\"https:\/\/www.facebook.com\/madabouthorror\/\" \/>\n<meta property=\"article:modified_time\" content=\"2026-04-29T10:38:28+00:00\" \/>\n<meta property=\"og:image\" content=\"https:\/\/madabouthorror.co.uk\/wp-content\/uploads\/2020\/12\/halloween_4_myers_knife_tots.jpg\" \/>\n\t<meta property=\"og:image:width\" content=\"670\" \/>\n\t<meta property=\"og:image:height\" content=\"670\" \/>\n\t<meta property=\"og:image:type\" content=\"image\/jpeg\" \/>\n<meta name=\"twitter:card\" content=\"summary_large_image\" \/>\n<meta name=\"twitter:label1\" content=\"Dur\u00e9e de lecture estim\u00e9e\" \/>\n\t<meta name=\"twitter:data1\" content=\"1 minute\" \/>\n<script type=\"application\/ld+json\" class=\"yoast-schema-graph\">{\"@context\":\"https:\\\/\\\/schema.org\",\"@graph\":[{\"@type\":[\"WebPage\",\"ItemPage\"],\"@id\":\"https:\\\/\\\/madabouthorror.co.uk\\\/product\\\/halloween-4-the-return-of-michael-myers-butcher-knife\\\/\",\"url\":\"https:\\\/\\\/madabouthorror.co.uk\\\/product\\\/halloween-4-the-return-of-michael-myers-butcher-knife\\\/\",\"name\":\"Halloween 4 Michael Myers Butcher Knife | Mad About Horror\",\"isPartOf\":{\"@id\":\"https:\\\/\\\/madabouthorror.co.uk\\\/#website\"},\"primaryImageOfPage\":{\"@id\":\"https:\\\/\\\/madabouthorror.co.uk\\\/product\\\/halloween-4-the-return-of-michael-myers-butcher-knife\\\/#primaryimage\"},\"image\":{\"@id\":\"https:\\\/\\\/madabouthorror.co.uk\\\/product\\\/halloween-4-the-return-of-michael-myers-butcher-knife\\\/#primaryimage\"},\"thumbnailUrl\":\"https:\\\/\\\/madabouthorror.co.uk\\\/wp-content\\\/uploads\\\/2020\\\/12\\\/halloween_4_myers_knife_tots.jpg\",\"datePublished\":\"2020-12-10T10:31:11+00:00\",\"dateModified\":\"2026-04-29T10:38:28+00:00\",\"description\":\"Trick or Treat Studios officially licenced, Halloween 4 Michael Myers replica butcher knife. Shipped by Mad About Horror. Call 001482 935936\",\"breadcrumb\":{\"@id\":\"https:\\\/\\\/madabouthorror.co.uk\\\/product\\\/halloween-4-the-return-of-michael-myers-butcher-knife\\\/#breadcrumb\"},\"inLanguage\":\"fr-FR\",\"potentialAction\":[{\"@type\":\"ReadAction\",\"target\":[\"https:\\\/\\\/madabouthorror.co.uk\\\/product\\\/halloween-4-the-return-of-michael-myers-butcher-knife\\\/\"]}]},{\"@type\":\"ImageObject\",\"inLanguage\":\"fr-FR\",\"@id\":\"https:\\\/\\\/madabouthorror.co.uk\\\/product\\\/halloween-4-the-return-of-michael-myers-butcher-knife\\\/#primaryimage\",\"url\":\"https:\\\/\\\/madabouthorror.co.uk\\\/wp-content\\\/uploads\\\/2020\\\/12\\\/halloween_4_myers_knife_tots.jpg\",\"contentUrl\":\"https:\\\/\\\/madabouthorror.co.uk\\\/wp-content\\\/uploads\\\/2020\\\/12\\\/halloween_4_myers_knife_tots.jpg\",\"width\":670,\"height\":670,\"caption\":\"Halloween 4: The Return of Michael Myers Butcher Knife-0\"},{\"@type\":\"BreadcrumbList\",\"@id\":\"https:\\\/\\\/madabouthorror.co.uk\\\/product\\\/halloween-4-the-return-of-michael-myers-butcher-knife\\\/#breadcrumb\",\"itemListElement\":[{\"@type\":\"ListItem\",\"position\":1,\"name\":\"Shop\",\"item\":\"https:\\\/\\\/madabouthorror.co.uk\\\/shop\\\/\"},{\"@type\":\"ListItem\",\"position\":2,\"name\":\"Halloween 4: The Return of Michael Myers Butcher Knife\"}]},{\"@type\":\"WebSite\",\"@id\":\"https:\\\/\\\/madabouthorror.co.uk\\\/#website\",\"url\":\"https:\\\/\\\/madabouthorror.co.uk\\\/\",\"name\":\"Mad About Horror\",\"description\":\"\",\"publisher\":{\"@id\":\"https:\\\/\\\/madabouthorror.co.uk\\\/#organization\"},\"alternateName\":\"Mad About Horror Limited\",\"potentialAction\":[{\"@type\":\"SearchAction\",\"target\":{\"@type\":\"EntryPoint\",\"urlTemplate\":\"https:\\\/\\\/madabouthorror.co.uk\\\/?s={search_term_string}\"},\"query-input\":{\"@type\":\"PropertyValueSpecification\",\"valueRequired\":true,\"valueName\":\"search_term_string\"}}],\"inLanguage\":\"fr-FR\"},{\"@type\":\"Organization\",\"@id\":\"https:\\\/\\\/madabouthorror.co.uk\\\/#organization\",\"name\":\"Mad About Horror\",\"url\":\"https:\\\/\\\/madabouthorror.co.uk\\\/\",\"logo\":{\"@type\":\"ImageObject\",\"inLanguage\":\"fr-FR\",\"@id\":\"https:\\\/\\\/madabouthorror.co.uk\\\/#\\\/schema\\\/logo\\\/image\\\/\",\"url\":\"https:\\\/\\\/madabouthorror.co.uk\\\/wp-content\\\/uploads\\\/2024\\\/02\\\/cropped-Logo.png\",\"contentUrl\":\"https:\\\/\\\/madabouthorror.co.uk\\\/wp-content\\\/uploads\\\/2024\\\/02\\\/cropped-Logo.png\",\"width\":240,\"height\":88,\"caption\":\"Mad About Horror\"},\"image\":{\"@id\":\"https:\\\/\\\/madabouthorror.co.uk\\\/#\\\/schema\\\/logo\\\/image\\\/\"},\"sameAs\":[\"https:\\\/\\\/www.facebook.com\\\/madabouthorror\\\/\",\"https:\\\/\\\/www.instagram.com\\\/madabouthorror\\\/\",\"https:\\\/\\\/www.pinterest.co.uk\\\/madabouthorror\\\/\",\"https:\\\/\\\/www.youtube.com\\\/channel\\\/UCBooLOIxjoQ89dj6T5lWm_w\",\"https:\\\/\\\/www.tiktok.com\\\/@weremadabouthorror\"]}]}<\/script>\n<!-- \/ Yoast SEO plugin. -->","yoast_head_json":{"title":"Halloween 4 Michael Myers Couteau de boucher | Mad About Horror","description":"Trick or Treat Studios, licence officielle, r\u00e9plique du couteau de boucher de Michael Myers pour Halloween 4. Exp\u00e9di\u00e9 par Mad About Horror. Appeler le 001482 935936","robots":{"index":"index","follow":"follow","max-snippet":"max-snippet:-1","max-image-preview":"max-image-preview:large","max-video-preview":"max-video-preview:-1"},"canonical":"https:\/\/madabouthorror.co.uk\/fr\/product\/halloween-4-the-return-of-michael-myers-butcher-knife\/","og_locale":"fr_FR","og_type":"article","og_title":"Halloween 4 Michael Myers Butcher Knife | Mad About Horror","og_description":"Trick or Treat Studios officially licenced, Halloween 4 Michael Myers replica butcher knife. Shipped by Mad About Horror. Call 001482 935936","og_url":"https:\/\/madabouthorror.co.uk\/fr\/product\/halloween-4-the-return-of-michael-myers-butcher-knife\/","og_site_name":"Mad About Horror","article_publisher":"https:\/\/www.facebook.com\/madabouthorror\/","article_modified_time":"2026-04-29T10:38:28+00:00","og_image":[{"width":670,"height":670,"url":"https:\/\/madabouthorror.co.uk\/wp-content\/uploads\/2020\/12\/halloween_4_myers_knife_tots.jpg","type":"image\/jpeg"}],"twitter_card":"summary_large_image","twitter_misc":{"Dur\u00e9e de lecture estim\u00e9e":"1 minute"},"schema":{"@context":"https:\/\/schema.org","@graph":[{"@type":["WebPage","ItemPage"],"@id":"https:\/\/madabouthorror.co.uk\/product\/halloween-4-the-return-of-michael-myers-butcher-knife\/","url":"https:\/\/madabouthorror.co.uk\/product\/halloween-4-the-return-of-michael-myers-butcher-knife\/","name":"Halloween 4 Michael Myers Couteau de boucher | Mad About Horror","isPartOf":{"@id":"https:\/\/madabouthorror.co.uk\/#website"},"primaryImageOfPage":{"@id":"https:\/\/madabouthorror.co.uk\/product\/halloween-4-the-return-of-michael-myers-butcher-knife\/#primaryimage"},"image":{"@id":"https:\/\/madabouthorror.co.uk\/product\/halloween-4-the-return-of-michael-myers-butcher-knife\/#primaryimage"},"thumbnailUrl":"https:\/\/madabouthorror.co.uk\/wp-content\/uploads\/2020\/12\/halloween_4_myers_knife_tots.jpg","datePublished":"2020-12-10T10:31:11+00:00","dateModified":"2026-04-29T10:38:28+00:00","description":"Trick or Treat Studios, licence officielle, r\u00e9plique du couteau de boucher de Michael Myers pour Halloween 4. Exp\u00e9di\u00e9 par Mad About Horror. Appeler le 001482 935936","breadcrumb":{"@id":"https:\/\/madabouthorror.co.uk\/product\/halloween-4-the-return-of-michael-myers-butcher-knife\/#breadcrumb"},"inLanguage":"fr-FR","potentialAction":[{"@type":"ReadAction","target":["https:\/\/madabouthorror.co.uk\/product\/halloween-4-the-return-of-michael-myers-butcher-knife\/"]}]},{"@type":"ImageObject","inLanguage":"fr-FR","@id":"https:\/\/madabouthorror.co.uk\/product\/halloween-4-the-return-of-michael-myers-butcher-knife\/#primaryimage","url":"https:\/\/madabouthorror.co.uk\/wp-content\/uploads\/2020\/12\/halloween_4_myers_knife_tots.jpg","contentUrl":"https:\/\/madabouthorror.co.uk\/wp-content\/uploads\/2020\/12\/halloween_4_myers_knife_tots.jpg","width":670,"height":670,"caption":"Halloween 4: The Return of Michael Myers Butcher Knife-0"},{"@type":"BreadcrumbList","@id":"https:\/\/madabouthorror.co.uk\/product\/halloween-4-the-return-of-michael-myers-butcher-knife\/#breadcrumb","itemListElement":[{"@type":"ListItem","position":1,"name":"Shop","item":"https:\/\/madabouthorror.co.uk\/shop\/"},{"@type":"ListItem","position":2,"name":"Halloween 4: The Return of Michael Myers Butcher Knife"}]},{"@type":"WebSite","@id":"https:\/\/madabouthorror.co.uk\/#website","url":"https:\/\/madabouthorror.co.uk\/","name":"L'horreur en folie","description":"","publisher":{"@id":"https:\/\/madabouthorror.co.uk\/#organization"},"alternateName":"Mad About Horror Limited","potentialAction":[{"@type":"SearchAction","target":{"@type":"EntryPoint","urlTemplate":"https:\/\/madabouthorror.co.uk\/?s={search_term_string}"},"query-input":{"@type":"PropertyValueSpecification","valueRequired":true,"valueName":"search_term_string"}}],"inLanguage":"fr-FR"},{"@type":"Organization","@id":"https:\/\/madabouthorror.co.uk\/#organization","name":"L'horreur en folie","url":"https:\/\/madabouthorror.co.uk\/","logo":{"@type":"ImageObject","inLanguage":"fr-FR","@id":"https:\/\/madabouthorror.co.uk\/#\/schema\/logo\/image\/","url":"https:\/\/madabouthorror.co.uk\/wp-content\/uploads\/2024\/02\/cropped-Logo.png","contentUrl":"https:\/\/madabouthorror.co.uk\/wp-content\/uploads\/2024\/02\/cropped-Logo.png","width":240,"height":88,"caption":"Mad About Horror"},"image":{"@id":"https:\/\/madabouthorror.co.uk\/#\/schema\/logo\/image\/"},"sameAs":["https:\/\/www.facebook.com\/madabouthorror\/","https:\/\/www.instagram.com\/madabouthorror\/","https:\/\/www.pinterest.co.uk\/madabouthorror\/","https:\/\/www.youtube.com\/channel\/UCBooLOIxjoQ89dj6T5lWm_w","https:\/\/www.tiktok.com\/@weremadabouthorror"]}]}},"df_price":24.95,"df_sale_price":"","df_regular_price":24.95,"df_image_link":"https:\/\/madabouthorror.co.uk\/wp-content\/uploads\/2020\/12\/halloween_4_myers_knife_tots-300x300.jpg","_links":{"self":[{"href":"https:\/\/madabouthorror.co.uk\/fr\/wp-json\/wp\/v2\/product\/46559","targetHints":{"allow":["GET"]}}],"collection":[{"href":"https:\/\/madabouthorror.co.uk\/fr\/wp-json\/wp\/v2\/product"}],"about":[{"href":"https:\/\/madabouthorror.co.uk\/fr\/wp-json\/wp\/v2\/types\/product"}],"replies":[{"embeddable":true,"href":"https:\/\/madabouthorror.co.uk\/fr\/wp-json\/wp\/v2\/comments?post=46559"}],"wp:featuredmedia":[{"embeddable":true,"href":"https:\/\/madabouthorror.co.uk\/fr\/wp-json\/wp\/v2\/media\/46558"}],"wp:attachment":[{"href":"https:\/\/madabouthorror.co.uk\/fr\/wp-json\/wp\/v2\/media?parent=46559"}],"wp:term":[{"taxonomy":"product_brand","embeddable":true,"href":"https:\/\/madabouthorror.co.uk\/fr\/wp-json\/wp\/v2\/product_brand?post=46559"},{"taxonomy":"product_cat","embeddable":true,"href":"https:\/\/madabouthorror.co.uk\/fr\/wp-json\/wp\/v2\/product_cat?post=46559"},{"taxonomy":"product_tag","embeddable":true,"href":"https:\/\/madabouthorror.co.uk\/fr\/wp-json\/wp\/v2\/product_tag?post=46559"}],"curies":[{"name":"wp","href":"https:\/\/api.w.org\/{rel}","templated":true}]}}