{"id":467333,"date":"2023-11-28T18:07:33","date_gmt":"2023-11-28T18:07:33","guid":{"rendered":"https:\/\/madabouthorror.co.uk\/?post_type=product&#038;p=467333"},"modified":"2026-04-29T07:36:40","modified_gmt":"2026-04-29T06:36:40","slug":"return-of-the-living-dead-245-trioxin-barrel-set","status":"publish","type":"product","link":"https:\/\/madabouthorror.co.uk\/fr\/product\/return-of-the-living-dead-245-trioxin-barrel-set\/","title":{"rendered":"Le retour des morts-vivants - 245 Set de barils de trioxine"},"content":{"rendered":"<div class=\"description rte section cf not-in-quickbuy\">\n<p>Voici l'ensemble sous licence officielle Le retour des morts-vivants - 245 barils de trioxine de Trick or Treat Studios. Sculpt\u00e9 par Andy Manoloff et Alexander Ray, cet ensemble est \u00e0 la fois une d\u00e9licieuse pi\u00e8ce autonome et un compagnon d'exposition impeccable pour la figurine Tarman \u00e0 l'\u00e9chelle 1:6.<\/p>\n<\/div>\n<p>Faites l'exp\u00e9rience du frisson en ouvrant d\u00e9licatement le couvercle du baril militaire perdu, r\u00e9v\u00e9lant le Tarman pi\u00e9g\u00e9 \u00e0 l'int\u00e9rieur. Le design interactif vous permet de tourner le bouton lat\u00e9ral et de faire la transition entre le visage de Tarman enferm\u00e9 en toute s\u00e9curit\u00e9 et son visage une fois r\u00e9veill\u00e9 ! Cet ensemble captivant est pr\u00e9sent\u00e9 dans une superbe bo\u00eete de collection, un must pour les collectionneurs et les amateurs.<\/p>\n<p><em>Note : les commandes pass\u00e9es apr\u00e8s le 2 mai seront exp\u00e9di\u00e9es en juin.\u00a0<\/em><\/p>\n<div class=\"description rte section cf not-in-quickbuy\">\n<p><strong>D\u00e9tails :<\/strong><\/p>\n<ul>\n<li>245 Baril de trioxine<\/li>\n<li>Sp\u00e9cimen de chien fendu<\/li>\n<li>Diorama d'angle du sous-sol de Uneeda Medical Supplies<\/li>\n<li>Environ 6,5\u2033 de hauteur (chien 3,5\u2033)<\/li>\n<\/ul>\n<p>La figurine de Tarman \u00e0 l'\u00e9chelle 1:6 est vendue s\u00e9par\u00e9ment.<\/p>\n<div class=\"rte cf light-inner-row not-in-quickbuy\">\n<p><em>TM &amp; \u00a9 2023 Living Dead Media. Tous droits r\u00e9serv\u00e9s.<\/em><\/p>\n<\/div>\n<div class=\"rte cf light-inner-row not-in-quickbuy\">\n<p>&nbsp;<\/p>\n<\/div>\n<\/div>","protected":false},"excerpt":{"rendered":"<p>Voici l'ensemble sous licence officielle Le retour des morts-vivants - 245 barils de trioxine de Trick or Treat Studios. Sculpt\u00e9 par Andy Manoloff et Alexander Ray, cet ensemble est \u00e0 la fois une d\u00e9licieuse pi\u00e8ce autonome et un compagnon d'exposition impeccable pour la figurine de Tarman \u00e0 l'\u00e9chelle 1:6. Faites l'exp\u00e9rience du frisson en ouvrant d\u00e9licatement [...]<\/p>","protected":false},"featured_media":475471,"comment_status":"closed","ping_status":"closed","template":"","meta":{"_acf_changed":false},"product_brand":[],"product_cat":[6538,10075,6537,10038,6611,6792,6689],"product_tag":[],"class_list":{"0":"post-467333","1":"product","2":"type-product","3":"status-publish","4":"has-post-thumbnail","6":"product_cat-figures","7":"product_cat-action-figures","8":"product_cat-collectibles","9":"product_cat-horror-gifts","10":"product_cat-just-arrived-at-the-lair","11":"product_cat-trick-or-treat-studios","12":"product_cat-returnofthelivingdead","14":"first","15":"instock","16":"taxable","17":"shipping-taxable","18":"purchasable","19":"product-type-simple"},"supplier_id":471029,"supplier_sku":"TTEM109","barcode":"810116281305","atum_controlled":true,"out_stock_date":null,"out_stock_threshold":null,"inheritable":false,"inbound_stock":1,"stock_on_hold":0,"sold_today":0,"sales_last_days":1,"reserved_stock":0,"customer_returns":0,"warehouse_damage":0,"lost_in_post":0,"other_logs":0,"out_stock_days":0,"lost_sales":0,"has_location":false,"update_date":"2026-04-30T02:10:24","atum_locations":[],"atum_stock_status":"instock","restock_status":false,"low_stock_amount":2,"sales_update_date":"2026-04-30T02:10:23","calc_backorders":null,"acf":[],"yoast_head":"<!-- This site is optimized with the Yoast SEO plugin v27.5 - https:\/\/yoast.com\/product\/yoast-seo-wordpress\/ -->\n<title>Return of the Living Dead - 245 Trioxin Barrel Set | Mad About Horror<\/title>\n<meta name=\"description\" content=\"Return of the Living Dead - 245 Trioxin Barrel Set. Shop Horror collectibles and Halloween props. UK Stock. The UK&#039;s leading horror collectibles specialist.\" \/>\n<meta name=\"robots\" content=\"index, follow, max-snippet:-1, max-image-preview:large, max-video-preview:-1\" \/>\n<link rel=\"canonical\" href=\"https:\/\/madabouthorror.co.uk\/fr\/product\/return-of-the-living-dead-245-trioxin-barrel-set\/\" \/>\n<meta property=\"og:locale\" content=\"fr_FR\" \/>\n<meta property=\"og:type\" content=\"article\" \/>\n<meta property=\"og:title\" content=\"Return of the Living Dead - 245 Trioxin Barrel Set | Mad About Horror\" \/>\n<meta property=\"og:description\" content=\"Return of the Living Dead - 245 Trioxin Barrel Set. Shop Horror collectibles and Halloween props. UK Stock. The UK&#039;s leading horror collectibles specialist.\" \/>\n<meta property=\"og:url\" content=\"https:\/\/madabouthorror.co.uk\/fr\/product\/return-of-the-living-dead-245-trioxin-barrel-set\/\" \/>\n<meta property=\"og:site_name\" content=\"Mad About Horror\" \/>\n<meta property=\"article:publisher\" content=\"https:\/\/www.facebook.com\/madabouthorror\/\" \/>\n<meta property=\"article:modified_time\" content=\"2026-04-29T06:36:40+00:00\" \/>\n<meta property=\"og:image\" content=\"https:\/\/madabouthorror.co.uk\/wp-content\/uploads\/2023\/11\/Return-of-the-Living-Dead-245-Trioxin-Barrel-Set.jpg\" \/>\n\t<meta property=\"og:image:width\" content=\"1890\" \/>\n\t<meta property=\"og:image:height\" content=\"1890\" \/>\n\t<meta property=\"og:image:type\" content=\"image\/jpeg\" \/>\n<meta name=\"twitter:card\" content=\"summary_large_image\" \/>\n<meta name=\"twitter:label1\" content=\"Dur\u00e9e de lecture estim\u00e9e\" \/>\n\t<meta name=\"twitter:data1\" content=\"1 minute\" \/>\n<script type=\"application\/ld+json\" class=\"yoast-schema-graph\">{\"@context\":\"https:\\\/\\\/schema.org\",\"@graph\":[{\"@type\":[\"WebPage\",\"ItemPage\"],\"@id\":\"https:\\\/\\\/madabouthorror.co.uk\\\/product\\\/return-of-the-living-dead-245-trioxin-barrel-set\\\/\",\"url\":\"https:\\\/\\\/madabouthorror.co.uk\\\/product\\\/return-of-the-living-dead-245-trioxin-barrel-set\\\/\",\"name\":\"Return of the Living Dead - 245 Trioxin Barrel Set | Mad About Horror\",\"isPartOf\":{\"@id\":\"https:\\\/\\\/madabouthorror.co.uk\\\/#website\"},\"primaryImageOfPage\":{\"@id\":\"https:\\\/\\\/madabouthorror.co.uk\\\/product\\\/return-of-the-living-dead-245-trioxin-barrel-set\\\/#primaryimage\"},\"image\":{\"@id\":\"https:\\\/\\\/madabouthorror.co.uk\\\/product\\\/return-of-the-living-dead-245-trioxin-barrel-set\\\/#primaryimage\"},\"thumbnailUrl\":\"https:\\\/\\\/madabouthorror.co.uk\\\/wp-content\\\/uploads\\\/2023\\\/11\\\/Return-of-the-Living-Dead-245-Trioxin-Barrel-Set.jpg\",\"datePublished\":\"2023-11-28T18:07:33+00:00\",\"dateModified\":\"2026-04-29T06:36:40+00:00\",\"description\":\"Return of the Living Dead - 245 Trioxin Barrel Set. Shop Horror collectibles and Halloween props. UK Stock. The UK's leading horror collectibles specialist.\",\"breadcrumb\":{\"@id\":\"https:\\\/\\\/madabouthorror.co.uk\\\/product\\\/return-of-the-living-dead-245-trioxin-barrel-set\\\/#breadcrumb\"},\"inLanguage\":\"fr-FR\",\"potentialAction\":[{\"@type\":\"ReadAction\",\"target\":[\"https:\\\/\\\/madabouthorror.co.uk\\\/product\\\/return-of-the-living-dead-245-trioxin-barrel-set\\\/\"]}]},{\"@type\":\"ImageObject\",\"inLanguage\":\"fr-FR\",\"@id\":\"https:\\\/\\\/madabouthorror.co.uk\\\/product\\\/return-of-the-living-dead-245-trioxin-barrel-set\\\/#primaryimage\",\"url\":\"https:\\\/\\\/madabouthorror.co.uk\\\/wp-content\\\/uploads\\\/2023\\\/11\\\/Return-of-the-Living-Dead-245-Trioxin-Barrel-Set.jpg\",\"contentUrl\":\"https:\\\/\\\/madabouthorror.co.uk\\\/wp-content\\\/uploads\\\/2023\\\/11\\\/Return-of-the-Living-Dead-245-Trioxin-Barrel-Set.jpg\",\"width\":1890,\"height\":1890},{\"@type\":\"BreadcrumbList\",\"@id\":\"https:\\\/\\\/madabouthorror.co.uk\\\/product\\\/return-of-the-living-dead-245-trioxin-barrel-set\\\/#breadcrumb\",\"itemListElement\":[{\"@type\":\"ListItem\",\"position\":1,\"name\":\"Shop\",\"item\":\"https:\\\/\\\/madabouthorror.co.uk\\\/shop\\\/\"},{\"@type\":\"ListItem\",\"position\":2,\"name\":\"Return of the Living Dead &#8211; 245 Trioxin Barrel Set\"}]},{\"@type\":\"WebSite\",\"@id\":\"https:\\\/\\\/madabouthorror.co.uk\\\/#website\",\"url\":\"https:\\\/\\\/madabouthorror.co.uk\\\/\",\"name\":\"Mad About Horror\",\"description\":\"\",\"publisher\":{\"@id\":\"https:\\\/\\\/madabouthorror.co.uk\\\/#organization\"},\"alternateName\":\"Mad About Horror Limited\",\"potentialAction\":[{\"@type\":\"SearchAction\",\"target\":{\"@type\":\"EntryPoint\",\"urlTemplate\":\"https:\\\/\\\/madabouthorror.co.uk\\\/?s={search_term_string}\"},\"query-input\":{\"@type\":\"PropertyValueSpecification\",\"valueRequired\":true,\"valueName\":\"search_term_string\"}}],\"inLanguage\":\"fr-FR\"},{\"@type\":\"Organization\",\"@id\":\"https:\\\/\\\/madabouthorror.co.uk\\\/#organization\",\"name\":\"Mad About Horror\",\"url\":\"https:\\\/\\\/madabouthorror.co.uk\\\/\",\"logo\":{\"@type\":\"ImageObject\",\"inLanguage\":\"fr-FR\",\"@id\":\"https:\\\/\\\/madabouthorror.co.uk\\\/#\\\/schema\\\/logo\\\/image\\\/\",\"url\":\"https:\\\/\\\/madabouthorror.co.uk\\\/wp-content\\\/uploads\\\/2024\\\/02\\\/cropped-Logo.png\",\"contentUrl\":\"https:\\\/\\\/madabouthorror.co.uk\\\/wp-content\\\/uploads\\\/2024\\\/02\\\/cropped-Logo.png\",\"width\":240,\"height\":88,\"caption\":\"Mad About Horror\"},\"image\":{\"@id\":\"https:\\\/\\\/madabouthorror.co.uk\\\/#\\\/schema\\\/logo\\\/image\\\/\"},\"sameAs\":[\"https:\\\/\\\/www.facebook.com\\\/madabouthorror\\\/\",\"https:\\\/\\\/www.instagram.com\\\/madabouthorror\\\/\",\"https:\\\/\\\/www.pinterest.co.uk\\\/madabouthorror\\\/\",\"https:\\\/\\\/www.youtube.com\\\/channel\\\/UCBooLOIxjoQ89dj6T5lWm_w\",\"https:\\\/\\\/www.tiktok.com\\\/@weremadabouthorror\"]}]}<\/script>\n<!-- \/ Yoast SEO plugin. -->","yoast_head_json":{"title":"Return of the Living Dead - 245 Trioxin Barrel Set | Mad About Horror","description":"Le retour des morts-vivants - 245 Trioxin Barrel Set. Boutique d'objets de collection d'horreur et d'accessoires d'Halloween. Stock britannique. Le premier sp\u00e9cialiste britannique des objets de collection d'horreur.","robots":{"index":"index","follow":"follow","max-snippet":"max-snippet:-1","max-image-preview":"max-image-preview:large","max-video-preview":"max-video-preview:-1"},"canonical":"https:\/\/madabouthorror.co.uk\/fr\/product\/return-of-the-living-dead-245-trioxin-barrel-set\/","og_locale":"fr_FR","og_type":"article","og_title":"Return of the Living Dead - 245 Trioxin Barrel Set | Mad About Horror","og_description":"Return of the Living Dead - 245 Trioxin Barrel Set. Shop Horror collectibles and Halloween props. UK Stock. The UK's leading horror collectibles specialist.","og_url":"https:\/\/madabouthorror.co.uk\/fr\/product\/return-of-the-living-dead-245-trioxin-barrel-set\/","og_site_name":"Mad About Horror","article_publisher":"https:\/\/www.facebook.com\/madabouthorror\/","article_modified_time":"2026-04-29T06:36:40+00:00","og_image":[{"width":1890,"height":1890,"url":"https:\/\/madabouthorror.co.uk\/wp-content\/uploads\/2023\/11\/Return-of-the-Living-Dead-245-Trioxin-Barrel-Set.jpg","type":"image\/jpeg"}],"twitter_card":"summary_large_image","twitter_misc":{"Dur\u00e9e de lecture estim\u00e9e":"1 minute"},"schema":{"@context":"https:\/\/schema.org","@graph":[{"@type":["WebPage","ItemPage"],"@id":"https:\/\/madabouthorror.co.uk\/product\/return-of-the-living-dead-245-trioxin-barrel-set\/","url":"https:\/\/madabouthorror.co.uk\/product\/return-of-the-living-dead-245-trioxin-barrel-set\/","name":"Return of the Living Dead - 245 Trioxin Barrel Set | Mad About Horror","isPartOf":{"@id":"https:\/\/madabouthorror.co.uk\/#website"},"primaryImageOfPage":{"@id":"https:\/\/madabouthorror.co.uk\/product\/return-of-the-living-dead-245-trioxin-barrel-set\/#primaryimage"},"image":{"@id":"https:\/\/madabouthorror.co.uk\/product\/return-of-the-living-dead-245-trioxin-barrel-set\/#primaryimage"},"thumbnailUrl":"https:\/\/madabouthorror.co.uk\/wp-content\/uploads\/2023\/11\/Return-of-the-Living-Dead-245-Trioxin-Barrel-Set.jpg","datePublished":"2023-11-28T18:07:33+00:00","dateModified":"2026-04-29T06:36:40+00:00","description":"Le retour des morts-vivants - 245 Trioxin Barrel Set. Boutique d'objets de collection d'horreur et d'accessoires d'Halloween. Stock britannique. Le premier sp\u00e9cialiste britannique des objets de collection d'horreur.","breadcrumb":{"@id":"https:\/\/madabouthorror.co.uk\/product\/return-of-the-living-dead-245-trioxin-barrel-set\/#breadcrumb"},"inLanguage":"fr-FR","potentialAction":[{"@type":"ReadAction","target":["https:\/\/madabouthorror.co.uk\/product\/return-of-the-living-dead-245-trioxin-barrel-set\/"]}]},{"@type":"ImageObject","inLanguage":"fr-FR","@id":"https:\/\/madabouthorror.co.uk\/product\/return-of-the-living-dead-245-trioxin-barrel-set\/#primaryimage","url":"https:\/\/madabouthorror.co.uk\/wp-content\/uploads\/2023\/11\/Return-of-the-Living-Dead-245-Trioxin-Barrel-Set.jpg","contentUrl":"https:\/\/madabouthorror.co.uk\/wp-content\/uploads\/2023\/11\/Return-of-the-Living-Dead-245-Trioxin-Barrel-Set.jpg","width":1890,"height":1890},{"@type":"BreadcrumbList","@id":"https:\/\/madabouthorror.co.uk\/product\/return-of-the-living-dead-245-trioxin-barrel-set\/#breadcrumb","itemListElement":[{"@type":"ListItem","position":1,"name":"Shop","item":"https:\/\/madabouthorror.co.uk\/shop\/"},{"@type":"ListItem","position":2,"name":"Return of the Living Dead &#8211; 245 Trioxin Barrel Set"}]},{"@type":"WebSite","@id":"https:\/\/madabouthorror.co.uk\/#website","url":"https:\/\/madabouthorror.co.uk\/","name":"L'horreur en folie","description":"","publisher":{"@id":"https:\/\/madabouthorror.co.uk\/#organization"},"alternateName":"Mad About Horror Limited","potentialAction":[{"@type":"SearchAction","target":{"@type":"EntryPoint","urlTemplate":"https:\/\/madabouthorror.co.uk\/?s={search_term_string}"},"query-input":{"@type":"PropertyValueSpecification","valueRequired":true,"valueName":"search_term_string"}}],"inLanguage":"fr-FR"},{"@type":"Organization","@id":"https:\/\/madabouthorror.co.uk\/#organization","name":"L'horreur en folie","url":"https:\/\/madabouthorror.co.uk\/","logo":{"@type":"ImageObject","inLanguage":"fr-FR","@id":"https:\/\/madabouthorror.co.uk\/#\/schema\/logo\/image\/","url":"https:\/\/madabouthorror.co.uk\/wp-content\/uploads\/2024\/02\/cropped-Logo.png","contentUrl":"https:\/\/madabouthorror.co.uk\/wp-content\/uploads\/2024\/02\/cropped-Logo.png","width":240,"height":88,"caption":"Mad About Horror"},"image":{"@id":"https:\/\/madabouthorror.co.uk\/#\/schema\/logo\/image\/"},"sameAs":["https:\/\/www.facebook.com\/madabouthorror\/","https:\/\/www.instagram.com\/madabouthorror\/","https:\/\/www.pinterest.co.uk\/madabouthorror\/","https:\/\/www.youtube.com\/channel\/UCBooLOIxjoQ89dj6T5lWm_w","https:\/\/www.tiktok.com\/@weremadabouthorror"]}]}},"df_price":94.95,"df_sale_price":"","df_regular_price":94.95,"df_image_link":"https:\/\/madabouthorror.co.uk\/wp-content\/uploads\/2023\/11\/Return-of-the-Living-Dead-245-Trioxin-Barrel-Set-300x300.jpg","_links":{"self":[{"href":"https:\/\/madabouthorror.co.uk\/fr\/wp-json\/wp\/v2\/product\/467333","targetHints":{"allow":["GET"]}}],"collection":[{"href":"https:\/\/madabouthorror.co.uk\/fr\/wp-json\/wp\/v2\/product"}],"about":[{"href":"https:\/\/madabouthorror.co.uk\/fr\/wp-json\/wp\/v2\/types\/product"}],"replies":[{"embeddable":true,"href":"https:\/\/madabouthorror.co.uk\/fr\/wp-json\/wp\/v2\/comments?post=467333"}],"wp:featuredmedia":[{"embeddable":true,"href":"https:\/\/madabouthorror.co.uk\/fr\/wp-json\/wp\/v2\/media\/475471"}],"wp:attachment":[{"href":"https:\/\/madabouthorror.co.uk\/fr\/wp-json\/wp\/v2\/media?parent=467333"}],"wp:term":[{"taxonomy":"product_brand","embeddable":true,"href":"https:\/\/madabouthorror.co.uk\/fr\/wp-json\/wp\/v2\/product_brand?post=467333"},{"taxonomy":"product_cat","embeddable":true,"href":"https:\/\/madabouthorror.co.uk\/fr\/wp-json\/wp\/v2\/product_cat?post=467333"},{"taxonomy":"product_tag","embeddable":true,"href":"https:\/\/madabouthorror.co.uk\/fr\/wp-json\/wp\/v2\/product_tag?post=467333"}],"curies":[{"name":"wp","href":"https:\/\/api.w.org\/{rel}","templated":true}]}}